{"id":1953,"date":"2024-09-06T15:01:32","date_gmt":"2024-09-06T12:01:32","guid":{"rendered":"http:\/\/neoqi.com\/?page_id=1953"},"modified":"2024-11-09T20:29:39","modified_gmt":"2024-11-09T17:29:39","slug":"how-it-works","status":"publish","type":"page","link":"https:\/\/neoqi.com\/de\/how-it-works\/","title":{"rendered":"Wie es funktioniert"},"content":{"rendered":"<p>NeoQi stellt seit 2001 hochwertige SPA- und Wellnessger\u00e4te f\u00fcr Rehabilitationszentren, SPAs, Fitnesszentren, Hotels, Thermalb\u00e4der, Sch\u00f6nheits- und Massagesalons her.<\/p>\n<p>Wir sorgen bereits seit 14 Jahren f\u00fcr einen nachhaltigen Umgang mit den Ressourcen, und auch nach all den Jahren sind wir st\u00e4ndig bestrebt, unsere Produktion zu verbessern und zu perfektionieren und somit Produkte herzustellen, die den neuen Anforderungen des Marktes entsprechen.<\/p>\n<p>Im Laufe der Jahre ist es uns gelungen, 16 einzigartige Modelle zu entwickeln, von denen jedes eine Reihe von Vorteilen bietet <a href=\"http:\/\/neoqi.com\/de\/how-it-works\/functions\/\">Funktionen<\/a> die zu vielen gesundheitlichen Vorteilen beitragen.<\/p>\n<p>Nachdem wir die Bed\u00fcrfnisse unserer Kunden studiert und die F\u00e4higkeiten und das Know-how unserer Mitarbeiter \u00fcbernommen haben, umfassen die Produkte von NeoQi eine Kombination aus traditionellen SPA-Ritualen und den neuesten Technologien. Die NeoQi\u00ae-Energiekokons f\u00f6rdern die Verj\u00fcngung, die Langlebigkeit und das ganzheitliche Wohlbefinden. Die Therapien sind f\u00fcr M\u00e4nner und Frauen jeden Alters und Fitnessniveaus geeignet.<\/p>\n<p>Lesen Sie mehr \u00fcber <a href=\"http:\/\/neoqi.com\/de\/how-it-works\/health-benefits\/\">Die gesundheitlichen Vorteile von NeoQi<\/a>.<\/p>","protected":false},"excerpt":{"rendered":"<p>NeoQi has been manufacturing high quality SPA and wellness equipment since 2001 for rehabilitation centers, SPAs, fitness centers, hotels, thermal spas, beauty and massage salons. We have been ensuring sustainability of resources already for 14 years and after the years of work, we are still constantly thriving towards improving and perfecting our production and thus, [&hellip;]<\/p>\n","protected":false},"author":1,"featured_media":2674,"parent":0,"menu_order":0,"comment_status":"closed","ping_status":"closed","template":"","meta":{"_acf_changed":false,"site-sidebar-layout":"default","site-content-layout":"","ast-site-content-layout":"default","site-content-style":"default","site-sidebar-style":"default","ast-global-header-display":"","ast-banner-title-visibility":"","ast-main-header-display":"","ast-hfb-above-header-display":"","ast-hfb-below-header-display":"","ast-hfb-mobile-header-display":"","site-post-title":"","ast-breadcrumbs-content":"","ast-featured-img":"","footer-sml-layout":"","ast-disable-related-posts":"","theme-transparent-header-meta":"default","adv-header-id-meta":"","stick-header-meta":"","header-above-stick-meta":"","header-main-stick-meta":"","header-below-stick-meta":"","astra-migrate-meta-layouts":"set","ast-page-background-enabled":"default","ast-page-background-meta":{"desktop":{"background-color":"var(--ast-global-color-4)","background-image":"","background-repeat":"repeat","background-position":"center center","background-size":"auto","background-attachment":"scroll","background-type":"","background-media":"","overlay-type":"","overlay-color":"","overlay-opacity":"","overlay-gradient":""},"tablet":{"background-color":"","background-image":"","background-repeat":"repeat","background-position":"center center","background-size":"auto","background-attachment":"scroll","background-type":"","background-media":"","overlay-type":"","overlay-color":"","overlay-opacity":"","overlay-gradient":""},"mobile":{"background-color":"","background-image":"","background-repeat":"repeat","background-position":"center center","background-size":"auto","background-attachment":"scroll","background-type":"","background-media":"","overlay-type":"","overlay-color":"","overlay-opacity":"","overlay-gradient":""}},"ast-content-background-meta":{"desktop":{"background-color":"var(--ast-global-color-5)","background-image":"","background-repeat":"repeat","background-position":"center center","background-size":"auto","background-attachment":"scroll","background-type":"","background-media":"","overlay-type":"","overlay-color":"","overlay-opacity":"","overlay-gradient":""},"tablet":{"background-color":"var(--ast-global-color-5)","background-image":"","background-repeat":"repeat","background-position":"center center","background-size":"auto","background-attachment":"scroll","background-type":"","background-media":"","overlay-type":"","overlay-color":"","overlay-opacity":"","overlay-gradient":""},"mobile":{"background-color":"var(--ast-global-color-5)","background-image":"","background-repeat":"repeat","background-position":"center center","background-size":"auto","background-attachment":"scroll","background-type":"","background-media":"","overlay-type":"","overlay-color":"","overlay-opacity":"","overlay-gradient":""}},"footnotes":""},"class_list":["post-1953","page","type-page","status-publish","has-post-thumbnail","hentry"],"acf":[],"yoast_head":"<!-- This site is optimized with the Yoast SEO plugin v27.3 - https:\/\/yoast.com\/product\/yoast-seo-wordpress\/ -->\n<title>How it Works - NEOQI<\/title>\n<meta name=\"robots\" content=\"index, follow, max-snippet:-1, max-image-preview:large, max-video-preview:-1\" \/>\n<link rel=\"canonical\" href=\"https:\/\/neoqi.com\/de\/how-it-works\/\" \/>\n<meta property=\"og:locale\" content=\"de_DE\" \/>\n<meta property=\"og:type\" content=\"article\" \/>\n<meta property=\"og:title\" content=\"How it Works - NEOQI\" \/>\n<meta property=\"og:description\" content=\"NeoQi has been manufacturing high quality SPA and wellness equipment since 2001 for rehabilitation centers, SPAs, fitness centers, hotels, thermal spas, beauty and massage salons. We have been ensuring sustainability of resources already for 14 years and after the years of work, we are still constantly thriving towards improving and perfecting our production and thus, [&hellip;]\" \/>\n<meta property=\"og:url\" content=\"https:\/\/neoqi.com\/de\/how-it-works\/\" \/>\n<meta property=\"og:site_name\" content=\"NEOQI\" \/>\n<meta property=\"article:publisher\" content=\"https:\/\/www.facebook.com\/neoqi\/\" \/>\n<meta property=\"article:modified_time\" content=\"2024-11-09T17:29:39+00:00\" \/>\n<meta property=\"og:image\" content=\"https:\/\/neoqi.com\/wp-content\/uploads\/2024\/10\/a23c280f-0e44-46dd-879c-ff4384cb284f-1-scaled.jpg\" \/>\n\t<meta property=\"og:image:width\" content=\"2560\" \/>\n\t<meta property=\"og:image:height\" content=\"1814\" \/>\n\t<meta property=\"og:image:type\" content=\"image\/jpeg\" \/>\n<meta name=\"twitter:card\" content=\"summary_large_image\" \/>\n<meta name=\"twitter:label1\" content=\"Gesch\u00e4tzte Lesezeit\" \/>\n\t<meta name=\"twitter:data1\" content=\"1\u00a0Minute\" \/>\n<script type=\"application\/ld+json\" class=\"yoast-schema-graph\">{\"@context\":\"https:\\\/\\\/schema.org\",\"@graph\":[{\"@type\":\"WebPage\",\"@id\":\"https:\\\/\\\/neoqi.com\\\/ru\\\/how-it-works\\\/\",\"url\":\"https:\\\/\\\/neoqi.com\\\/ru\\\/how-it-works\\\/\",\"name\":\"How it Works - NEOQI\",\"isPartOf\":{\"@id\":\"https:\\\/\\\/neoqi.com\\\/#website\"},\"primaryImageOfPage\":{\"@id\":\"https:\\\/\\\/neoqi.com\\\/ru\\\/how-it-works\\\/#primaryimage\"},\"image\":{\"@id\":\"https:\\\/\\\/neoqi.com\\\/ru\\\/how-it-works\\\/#primaryimage\"},\"thumbnailUrl\":\"https:\\\/\\\/neoqi.com\\\/wp-content\\\/uploads\\\/2024\\\/10\\\/a23c280f-0e44-46dd-879c-ff4384cb284f-1-scaled.jpg\",\"datePublished\":\"2024-09-06T12:01:32+00:00\",\"dateModified\":\"2024-11-09T17:29:39+00:00\",\"breadcrumb\":{\"@id\":\"https:\\\/\\\/neoqi.com\\\/ru\\\/how-it-works\\\/#breadcrumb\"},\"inLanguage\":\"de\",\"potentialAction\":[{\"@type\":\"ReadAction\",\"target\":[\"https:\\\/\\\/neoqi.com\\\/ru\\\/how-it-works\\\/\"]}]},{\"@type\":\"ImageObject\",\"inLanguage\":\"de\",\"@id\":\"https:\\\/\\\/neoqi.com\\\/ru\\\/how-it-works\\\/#primaryimage\",\"url\":\"https:\\\/\\\/neoqi.com\\\/wp-content\\\/uploads\\\/2024\\\/10\\\/a23c280f-0e44-46dd-879c-ff4384cb284f-1-scaled.jpg\",\"contentUrl\":\"https:\\\/\\\/neoqi.com\\\/wp-content\\\/uploads\\\/2024\\\/10\\\/a23c280f-0e44-46dd-879c-ff4384cb284f-1-scaled.jpg\",\"width\":2560,\"height\":1814,\"caption\":\"Abstract minimal background with grey flowing lines design\"},{\"@type\":\"BreadcrumbList\",\"@id\":\"https:\\\/\\\/neoqi.com\\\/ru\\\/how-it-works\\\/#breadcrumb\",\"itemListElement\":[{\"@type\":\"ListItem\",\"position\":1,\"name\":\"Home\",\"item\":\"https:\\\/\\\/neoqi.com\\\/\"},{\"@type\":\"ListItem\",\"position\":2,\"name\":\"How it Works\"}]},{\"@type\":\"WebSite\",\"@id\":\"https:\\\/\\\/neoqi.com\\\/#website\",\"url\":\"https:\\\/\\\/neoqi.com\\\/\",\"name\":\"NEOQI\",\"description\":\"Experience Ultimate Wellness and Relaxation with NeoQi Spa Capsule: Your Path to Rejuvenation\",\"publisher\":{\"@id\":\"https:\\\/\\\/neoqi.com\\\/#organization\"},\"potentialAction\":[{\"@type\":\"SearchAction\",\"target\":{\"@type\":\"EntryPoint\",\"urlTemplate\":\"https:\\\/\\\/neoqi.com\\\/?s={search_term_string}\"},\"query-input\":{\"@type\":\"PropertyValueSpecification\",\"valueRequired\":true,\"valueName\":\"search_term_string\"}}],\"inLanguage\":\"de\"},{\"@type\":\"Organization\",\"@id\":\"https:\\\/\\\/neoqi.com\\\/#organization\",\"name\":\"NEOQI\",\"url\":\"https:\\\/\\\/neoqi.com\\\/\",\"logo\":{\"@type\":\"ImageObject\",\"inLanguage\":\"de\",\"@id\":\"https:\\\/\\\/neoqi.com\\\/#\\\/schema\\\/logo\\\/image\\\/\",\"url\":\"https:\\\/\\\/neoqi.com\\\/wp-content\\\/uploads\\\/2024\\\/09\\\/logoneosvg.svg\",\"contentUrl\":\"https:\\\/\\\/neoqi.com\\\/wp-content\\\/uploads\\\/2024\\\/09\\\/logoneosvg.svg\",\"width\":1,\"height\":1,\"caption\":\"NEOQI\"},\"image\":{\"@id\":\"https:\\\/\\\/neoqi.com\\\/#\\\/schema\\\/logo\\\/image\\\/\"},\"sameAs\":[\"https:\\\/\\\/www.facebook.com\\\/neoqi\\\/\",\"https:\\\/\\\/www.instagram.com\\\/neoqi_com\\\/\"]}]}<\/script>\n<!-- \/ Yoast SEO plugin. -->","yoast_head_json":{"title":"How it Works - NEOQI","robots":{"index":"index","follow":"follow","max-snippet":"max-snippet:-1","max-image-preview":"max-image-preview:large","max-video-preview":"max-video-preview:-1"},"canonical":"https:\/\/neoqi.com\/de\/how-it-works\/","og_locale":"de_DE","og_type":"article","og_title":"How it Works - NEOQI","og_description":"NeoQi has been manufacturing high quality SPA and wellness equipment since 2001 for rehabilitation centers, SPAs, fitness centers, hotels, thermal spas, beauty and massage salons. We have been ensuring sustainability of resources already for 14 years and after the years of work, we are still constantly thriving towards improving and perfecting our production and thus, [&hellip;]","og_url":"https:\/\/neoqi.com\/de\/how-it-works\/","og_site_name":"NEOQI","article_publisher":"https:\/\/www.facebook.com\/neoqi\/","article_modified_time":"2024-11-09T17:29:39+00:00","og_image":[{"width":2560,"height":1814,"url":"https:\/\/neoqi.com\/wp-content\/uploads\/2024\/10\/a23c280f-0e44-46dd-879c-ff4384cb284f-1-scaled.jpg","type":"image\/jpeg"}],"twitter_card":"summary_large_image","twitter_misc":{"Gesch\u00e4tzte Lesezeit":"1\u00a0Minute"},"schema":{"@context":"https:\/\/schema.org","@graph":[{"@type":"WebPage","@id":"https:\/\/neoqi.com\/ru\/how-it-works\/","url":"https:\/\/neoqi.com\/ru\/how-it-works\/","name":"How it Works - NEOQI","isPartOf":{"@id":"https:\/\/neoqi.com\/#website"},"primaryImageOfPage":{"@id":"https:\/\/neoqi.com\/ru\/how-it-works\/#primaryimage"},"image":{"@id":"https:\/\/neoqi.com\/ru\/how-it-works\/#primaryimage"},"thumbnailUrl":"https:\/\/neoqi.com\/wp-content\/uploads\/2024\/10\/a23c280f-0e44-46dd-879c-ff4384cb284f-1-scaled.jpg","datePublished":"2024-09-06T12:01:32+00:00","dateModified":"2024-11-09T17:29:39+00:00","breadcrumb":{"@id":"https:\/\/neoqi.com\/ru\/how-it-works\/#breadcrumb"},"inLanguage":"de","potentialAction":[{"@type":"ReadAction","target":["https:\/\/neoqi.com\/ru\/how-it-works\/"]}]},{"@type":"ImageObject","inLanguage":"de","@id":"https:\/\/neoqi.com\/ru\/how-it-works\/#primaryimage","url":"https:\/\/neoqi.com\/wp-content\/uploads\/2024\/10\/a23c280f-0e44-46dd-879c-ff4384cb284f-1-scaled.jpg","contentUrl":"https:\/\/neoqi.com\/wp-content\/uploads\/2024\/10\/a23c280f-0e44-46dd-879c-ff4384cb284f-1-scaled.jpg","width":2560,"height":1814,"caption":"Abstract minimal background with grey flowing lines design"},{"@type":"BreadcrumbList","@id":"https:\/\/neoqi.com\/ru\/how-it-works\/#breadcrumb","itemListElement":[{"@type":"ListItem","position":1,"name":"Home","item":"https:\/\/neoqi.com\/"},{"@type":"ListItem","position":2,"name":"How it Works"}]},{"@type":"WebSite","@id":"https:\/\/neoqi.com\/#website","url":"https:\/\/neoqi.com\/","name":"NEOQI","description":"Erleben Sie ultimative Wellness und Entspannung mit NeoQi Spa Capsule: Ihr Weg zur Verj\u00fcngung","publisher":{"@id":"https:\/\/neoqi.com\/#organization"},"potentialAction":[{"@type":"SearchAction","target":{"@type":"EntryPoint","urlTemplate":"https:\/\/neoqi.com\/?s={search_term_string}"},"query-input":{"@type":"PropertyValueSpecification","valueRequired":true,"valueName":"search_term_string"}}],"inLanguage":"de"},{"@type":"Organization","@id":"https:\/\/neoqi.com\/#organization","name":"NEOQI","url":"https:\/\/neoqi.com\/","logo":{"@type":"ImageObject","inLanguage":"de","@id":"https:\/\/neoqi.com\/#\/schema\/logo\/image\/","url":"https:\/\/neoqi.com\/wp-content\/uploads\/2024\/09\/logoneosvg.svg","contentUrl":"https:\/\/neoqi.com\/wp-content\/uploads\/2024\/09\/logoneosvg.svg","width":1,"height":1,"caption":"NEOQI"},"image":{"@id":"https:\/\/neoqi.com\/#\/schema\/logo\/image\/"},"sameAs":["https:\/\/www.facebook.com\/neoqi\/","https:\/\/www.instagram.com\/neoqi_com\/"]}]}},"_links":{"self":[{"href":"https:\/\/neoqi.com\/de\/wp-json\/wp\/v2\/pages\/1953","targetHints":{"allow":["GET"]}}],"collection":[{"href":"https:\/\/neoqi.com\/de\/wp-json\/wp\/v2\/pages"}],"about":[{"href":"https:\/\/neoqi.com\/de\/wp-json\/wp\/v2\/types\/page"}],"author":[{"embeddable":true,"href":"https:\/\/neoqi.com\/de\/wp-json\/wp\/v2\/users\/1"}],"replies":[{"embeddable":true,"href":"https:\/\/neoqi.com\/de\/wp-json\/wp\/v2\/comments?post=1953"}],"version-history":[{"count":1,"href":"https:\/\/neoqi.com\/de\/wp-json\/wp\/v2\/pages\/1953\/revisions"}],"predecessor-version":[{"id":1954,"href":"https:\/\/neoqi.com\/de\/wp-json\/wp\/v2\/pages\/1953\/revisions\/1954"}],"wp:featuredmedia":[{"embeddable":true,"href":"https:\/\/neoqi.com\/de\/wp-json\/wp\/v2\/media\/2674"}],"wp:attachment":[{"href":"https:\/\/neoqi.com\/de\/wp-json\/wp\/v2\/media?parent=1953"}],"curies":[{"name":"wp","href":"https:\/\/api.w.org\/{rel}","templated":true}]}}