{"id":1957,"date":"2024-09-06T20:24:18","date_gmt":"2024-09-06T17:24:18","guid":{"rendered":"http:\/\/neoqi.com\/?page_id=1957"},"modified":"2024-12-04T11:27:56","modified_gmt":"2024-12-04T08:27:56","slug":"treatment-programs","status":"publish","type":"page","link":"https:\/\/neoqi.com\/de\/how-it-works\/treatment-programs\/","title":{"rendered":"Behandlungsprogramme"},"content":{"rendered":"<p>NeoQi\u00ae-Behandlungen sind auf eine ganzheitliche Behandlung ausgerichtet. Diese Methode zielt nicht nur auf die Sch\u00f6nheit, sondern auch auf das Wohlbefinden und die vollst\u00e4ndige Entspannung des K\u00f6rpers ab. Sie ist inspiriert von Energiebehandlungen, die Muskel- und Gef\u00e4\u00dfverspannungen beseitigen und vitale Energien freisetzen.<\/p>\n<p>Die Funktionalit\u00e4t der NeoQi\u00ae-Energiekokons erm\u00f6glicht es uns, eine breite Palette von therapeutischen Behandlungen anzubieten, die f\u00fcr unterschiedliche pers\u00f6nliche Bed\u00fcrfnisse geeignet sind und auf die L\u00f6sung spezifischer Probleme jedes Kunden zugeschnitten sind. Durch die Kombination von Behandlungen mit einem ganzheitlichen Wellness-Ansatz entsprechen unsere Ger\u00e4te den neuesten Anforderungen des Marktes.<\/p>\n<p>Die wichtigsten gesundheitlichen Vorteile von NeoQi:<\/p>\n<p>Entgiftung des K\u00f6rpers<br \/>\nVerbesserung des Hautbildes<br \/>\nAnregung des Stoffwechsels, Gewichtsabnahme und Abnehmen<br \/>\nVerringerung von Stress und M\u00fcdigkeit durch Wiederherstellung des psycho-emotionalen Gleichgewichts<br \/>\nVorbeugung und Behandlung bestimmter Krankheiten (Normalisierung der Funktionen des Herz-Kreislauf-, Verdauungs-, Atmungs-, Ausscheidungs- und Hormonsystems)<br \/>\nGute Laune und neue Lebensenergie<br \/>\nVerbesserte Schlafqualit\u00e4t<br \/>\nBeitrag zum allgemeinen Wohlbefinden<\/p>\n<p><strong>NeoQi<\/strong><strong>\u00ae<\/strong><strong>\u00a0Behandlungsprogramme<\/strong><\/p>\n<ul>\n<li><strong><a href=\"http:\/\/neoqi.com\/de\/how-it-works\/treatment-programs\/steam-session\/\">Aromatherapie<\/a>\u00a0<\/strong>(Dampfsitzung)<strong>\u00a0<\/strong>45 Minuten<strong><em>\u00a0<\/em><\/strong><\/li>\n<li><strong><a href=\"http:\/\/neoqi.com\/de\/how-it-works\/treatment-programs\/hydrotherapy-session\/\">Balneotherapie<\/a>\u00a0<\/strong>(Hydrotherapiesitzung)<em>\u00a0<\/em>50 Minuten<em>\u00a0<\/em><\/li>\n<li><strong><a href=\"http:\/\/neoqi.com\/de\/how-it-works\/treatment-programs\/steam-hydrotherapy-session\/\">Komplexe Thermotherapie<\/a>\u00a0<\/strong>(Dampf- und Hydrotherapiesitzung) 70 Minuten<\/li>\n<li><strong><a href=\"http:\/\/neoqi.com\/de\/how-it-works\/treatment-programs\/body-wrap\/\">K\u00f6rperpackung<\/a><\/strong>\u00a090 Minuten<strong><em>\u00a0<\/em>\u00a0<\/strong><\/li>\n<li><strong><a href=\"http:\/\/neoqi.com\/de\/how-it-works\/treatment-programs\/hydrotherapy-with-wrap\/\">Hydrotherapie mit K\u00f6rperpackung<\/a>\u00a0<\/strong>90 Minuten<em>\u00a0<\/em><\/li>\n<li><strong><a href=\"http:\/\/neoqi.com\/de\/how-it-works\/treatment-programs\/express-pampering\/\">Express-K\u00f6rperpflege<\/a><\/strong>\u00a060 Minuten<\/li>\n<li><strong><a href=\"http:\/\/neoqi.com\/de\/how-it-works\/treatment-programs\/facials\/\">Mini-Gesichtsbehandlung<\/a><\/strong>\u00a012-20 Minuten<\/li>\n<\/ul>","protected":false},"excerpt":{"rendered":"<p>NeoQi\u00ae treatments are aimed at providing all around holistic treatment. This method does not only address beauty, but also well-being and complete body relaxation. It is inspired by energy treatments that eliminate muscular and vascular tension and release vital energies. The functionality of NeoQi\u00ae energy cocoons allows us to offer a wide variety of therapeutic [&hellip;]<\/p>\n","protected":false},"author":3,"featured_media":0,"parent":1953,"menu_order":0,"comment_status":"closed","ping_status":"closed","template":"","meta":{"_acf_changed":false,"site-sidebar-layout":"default","site-content-layout":"","ast-site-content-layout":"default","site-content-style":"default","site-sidebar-style":"default","ast-global-header-display":"","ast-banner-title-visibility":"","ast-main-header-display":"","ast-hfb-above-header-display":"","ast-hfb-below-header-display":"","ast-hfb-mobile-header-display":"","site-post-title":"","ast-breadcrumbs-content":"","ast-featured-img":"","footer-sml-layout":"","ast-disable-related-posts":"","theme-transparent-header-meta":"default","adv-header-id-meta":"","stick-header-meta":"","header-above-stick-meta":"","header-main-stick-meta":"","header-below-stick-meta":"","astra-migrate-meta-layouts":"set","ast-page-background-enabled":"default","ast-page-background-meta":{"desktop":{"background-color":"var(--ast-global-color-4)","background-image":"","background-repeat":"repeat","background-position":"center center","background-size":"auto","background-attachment":"scroll","background-type":"","background-media":"","overlay-type":"","overlay-color":"","overlay-opacity":"","overlay-gradient":""},"tablet":{"background-color":"","background-image":"","background-repeat":"repeat","background-position":"center center","background-size":"auto","background-attachment":"scroll","background-type":"","background-media":"","overlay-type":"","overlay-color":"","overlay-opacity":"","overlay-gradient":""},"mobile":{"background-color":"","background-image":"","background-repeat":"repeat","background-position":"center center","background-size":"auto","background-attachment":"scroll","background-type":"","background-media":"","overlay-type":"","overlay-color":"","overlay-opacity":"","overlay-gradient":""}},"ast-content-background-meta":{"desktop":{"background-color":"var(--ast-global-color-5)","background-image":"","background-repeat":"repeat","background-position":"center center","background-size":"auto","background-attachment":"scroll","background-type":"","background-media":"","overlay-type":"","overlay-color":"","overlay-opacity":"","overlay-gradient":""},"tablet":{"background-color":"var(--ast-global-color-5)","background-image":"","background-repeat":"repeat","background-position":"center center","background-size":"auto","background-attachment":"scroll","background-type":"","background-media":"","overlay-type":"","overlay-color":"","overlay-opacity":"","overlay-gradient":""},"mobile":{"background-color":"var(--ast-global-color-5)","background-image":"","background-repeat":"repeat","background-position":"center center","background-size":"auto","background-attachment":"scroll","background-type":"","background-media":"","overlay-type":"","overlay-color":"","overlay-opacity":"","overlay-gradient":""}},"footnotes":""},"class_list":["post-1957","page","type-page","status-publish","hentry"],"acf":[],"yoast_head":"<!-- This site is optimized with the Yoast SEO plugin v27.3 - https:\/\/yoast.com\/product\/yoast-seo-wordpress\/ -->\n<title>Treatment Programs - NEOQI<\/title>\n<meta name=\"robots\" content=\"index, follow, max-snippet:-1, max-image-preview:large, max-video-preview:-1\" \/>\n<link rel=\"canonical\" href=\"https:\/\/neoqi.com\/de\/how-it-works\/treatment-programs\/\" \/>\n<meta property=\"og:locale\" content=\"de_DE\" \/>\n<meta property=\"og:type\" content=\"article\" \/>\n<meta property=\"og:title\" content=\"Treatment Programs - NEOQI\" \/>\n<meta property=\"og:description\" content=\"NeoQi\u00ae treatments are aimed at providing all around holistic treatment. This method does not only address beauty, but also well-being and complete body relaxation. It is inspired by energy treatments that eliminate muscular and vascular tension and release vital energies. The functionality of NeoQi\u00ae energy cocoons allows us to offer a wide variety of therapeutic [&hellip;]\" \/>\n<meta property=\"og:url\" content=\"https:\/\/neoqi.com\/de\/how-it-works\/treatment-programs\/\" \/>\n<meta property=\"og:site_name\" content=\"NEOQI\" \/>\n<meta property=\"article:publisher\" content=\"https:\/\/www.facebook.com\/neoqi\/\" \/>\n<meta property=\"article:modified_time\" content=\"2024-12-04T08:27:56+00:00\" \/>\n<meta name=\"twitter:card\" content=\"summary_large_image\" \/>\n<meta name=\"twitter:label1\" content=\"Gesch\u00e4tzte Lesezeit\" \/>\n\t<meta name=\"twitter:data1\" content=\"1\u00a0Minute\" \/>\n<script type=\"application\/ld+json\" class=\"yoast-schema-graph\">{\"@context\":\"https:\\\/\\\/schema.org\",\"@graph\":[{\"@type\":\"WebPage\",\"@id\":\"https:\\\/\\\/neoqi.com\\\/how-it-works\\\/treatment-programs\\\/\",\"url\":\"https:\\\/\\\/neoqi.com\\\/how-it-works\\\/treatment-programs\\\/\",\"name\":\"Treatment Programs - NEOQI\",\"isPartOf\":{\"@id\":\"https:\\\/\\\/neoqi.com\\\/#website\"},\"datePublished\":\"2024-09-06T17:24:18+00:00\",\"dateModified\":\"2024-12-04T08:27:56+00:00\",\"breadcrumb\":{\"@id\":\"https:\\\/\\\/neoqi.com\\\/how-it-works\\\/treatment-programs\\\/#breadcrumb\"},\"inLanguage\":\"de\",\"potentialAction\":[{\"@type\":\"ReadAction\",\"target\":[\"https:\\\/\\\/neoqi.com\\\/how-it-works\\\/treatment-programs\\\/\"]}]},{\"@type\":\"BreadcrumbList\",\"@id\":\"https:\\\/\\\/neoqi.com\\\/how-it-works\\\/treatment-programs\\\/#breadcrumb\",\"itemListElement\":[{\"@type\":\"ListItem\",\"position\":1,\"name\":\"Home\",\"item\":\"https:\\\/\\\/neoqi.com\\\/\"},{\"@type\":\"ListItem\",\"position\":2,\"name\":\"How it Works\",\"item\":\"https:\\\/\\\/neoqi.com\\\/ru\\\/how-it-works\\\/\"},{\"@type\":\"ListItem\",\"position\":3,\"name\":\"Treatment Programs\"}]},{\"@type\":\"WebSite\",\"@id\":\"https:\\\/\\\/neoqi.com\\\/#website\",\"url\":\"https:\\\/\\\/neoqi.com\\\/\",\"name\":\"NEOQI\",\"description\":\"Experience Ultimate Wellness and Relaxation with NeoQi Spa Capsule: Your Path to Rejuvenation\",\"publisher\":{\"@id\":\"https:\\\/\\\/neoqi.com\\\/#organization\"},\"potentialAction\":[{\"@type\":\"SearchAction\",\"target\":{\"@type\":\"EntryPoint\",\"urlTemplate\":\"https:\\\/\\\/neoqi.com\\\/?s={search_term_string}\"},\"query-input\":{\"@type\":\"PropertyValueSpecification\",\"valueRequired\":true,\"valueName\":\"search_term_string\"}}],\"inLanguage\":\"de\"},{\"@type\":\"Organization\",\"@id\":\"https:\\\/\\\/neoqi.com\\\/#organization\",\"name\":\"NEOQI\",\"url\":\"https:\\\/\\\/neoqi.com\\\/\",\"logo\":{\"@type\":\"ImageObject\",\"inLanguage\":\"de\",\"@id\":\"https:\\\/\\\/neoqi.com\\\/#\\\/schema\\\/logo\\\/image\\\/\",\"url\":\"https:\\\/\\\/neoqi.com\\\/wp-content\\\/uploads\\\/2024\\\/09\\\/logoneosvg.svg\",\"contentUrl\":\"https:\\\/\\\/neoqi.com\\\/wp-content\\\/uploads\\\/2024\\\/09\\\/logoneosvg.svg\",\"width\":1,\"height\":1,\"caption\":\"NEOQI\"},\"image\":{\"@id\":\"https:\\\/\\\/neoqi.com\\\/#\\\/schema\\\/logo\\\/image\\\/\"},\"sameAs\":[\"https:\\\/\\\/www.facebook.com\\\/neoqi\\\/\",\"https:\\\/\\\/www.instagram.com\\\/neoqi_com\\\/\"]}]}<\/script>\n<!-- \/ Yoast SEO plugin. -->","yoast_head_json":{"title":"Treatment Programs - NEOQI","robots":{"index":"index","follow":"follow","max-snippet":"max-snippet:-1","max-image-preview":"max-image-preview:large","max-video-preview":"max-video-preview:-1"},"canonical":"https:\/\/neoqi.com\/de\/how-it-works\/treatment-programs\/","og_locale":"de_DE","og_type":"article","og_title":"Treatment Programs - NEOQI","og_description":"NeoQi\u00ae treatments are aimed at providing all around holistic treatment. This method does not only address beauty, but also well-being and complete body relaxation. It is inspired by energy treatments that eliminate muscular and vascular tension and release vital energies. The functionality of NeoQi\u00ae energy cocoons allows us to offer a wide variety of therapeutic [&hellip;]","og_url":"https:\/\/neoqi.com\/de\/how-it-works\/treatment-programs\/","og_site_name":"NEOQI","article_publisher":"https:\/\/www.facebook.com\/neoqi\/","article_modified_time":"2024-12-04T08:27:56+00:00","twitter_card":"summary_large_image","twitter_misc":{"Gesch\u00e4tzte Lesezeit":"1\u00a0Minute"},"schema":{"@context":"https:\/\/schema.org","@graph":[{"@type":"WebPage","@id":"https:\/\/neoqi.com\/how-it-works\/treatment-programs\/","url":"https:\/\/neoqi.com\/how-it-works\/treatment-programs\/","name":"Treatment Programs - NEOQI","isPartOf":{"@id":"https:\/\/neoqi.com\/#website"},"datePublished":"2024-09-06T17:24:18+00:00","dateModified":"2024-12-04T08:27:56+00:00","breadcrumb":{"@id":"https:\/\/neoqi.com\/how-it-works\/treatment-programs\/#breadcrumb"},"inLanguage":"de","potentialAction":[{"@type":"ReadAction","target":["https:\/\/neoqi.com\/how-it-works\/treatment-programs\/"]}]},{"@type":"BreadcrumbList","@id":"https:\/\/neoqi.com\/how-it-works\/treatment-programs\/#breadcrumb","itemListElement":[{"@type":"ListItem","position":1,"name":"Home","item":"https:\/\/neoqi.com\/"},{"@type":"ListItem","position":2,"name":"How it Works","item":"https:\/\/neoqi.com\/ru\/how-it-works\/"},{"@type":"ListItem","position":3,"name":"Treatment Programs"}]},{"@type":"WebSite","@id":"https:\/\/neoqi.com\/#website","url":"https:\/\/neoqi.com\/","name":"NEOQI","description":"Erleben Sie ultimative Wellness und Entspannung mit NeoQi Spa Capsule: Ihr Weg zur Verj\u00fcngung","publisher":{"@id":"https:\/\/neoqi.com\/#organization"},"potentialAction":[{"@type":"SearchAction","target":{"@type":"EntryPoint","urlTemplate":"https:\/\/neoqi.com\/?s={search_term_string}"},"query-input":{"@type":"PropertyValueSpecification","valueRequired":true,"valueName":"search_term_string"}}],"inLanguage":"de"},{"@type":"Organization","@id":"https:\/\/neoqi.com\/#organization","name":"NEOQI","url":"https:\/\/neoqi.com\/","logo":{"@type":"ImageObject","inLanguage":"de","@id":"https:\/\/neoqi.com\/#\/schema\/logo\/image\/","url":"https:\/\/neoqi.com\/wp-content\/uploads\/2024\/09\/logoneosvg.svg","contentUrl":"https:\/\/neoqi.com\/wp-content\/uploads\/2024\/09\/logoneosvg.svg","width":1,"height":1,"caption":"NEOQI"},"image":{"@id":"https:\/\/neoqi.com\/#\/schema\/logo\/image\/"},"sameAs":["https:\/\/www.facebook.com\/neoqi\/","https:\/\/www.instagram.com\/neoqi_com\/"]}]}},"_links":{"self":[{"href":"https:\/\/neoqi.com\/de\/wp-json\/wp\/v2\/pages\/1957","targetHints":{"allow":["GET"]}}],"collection":[{"href":"https:\/\/neoqi.com\/de\/wp-json\/wp\/v2\/pages"}],"about":[{"href":"https:\/\/neoqi.com\/de\/wp-json\/wp\/v2\/types\/page"}],"author":[{"embeddable":true,"href":"https:\/\/neoqi.com\/de\/wp-json\/wp\/v2\/users\/3"}],"replies":[{"embeddable":true,"href":"https:\/\/neoqi.com\/de\/wp-json\/wp\/v2\/comments?post=1957"}],"version-history":[{"count":2,"href":"https:\/\/neoqi.com\/de\/wp-json\/wp\/v2\/pages\/1957\/revisions"}],"predecessor-version":[{"id":3128,"href":"https:\/\/neoqi.com\/de\/wp-json\/wp\/v2\/pages\/1957\/revisions\/3128"}],"up":[{"embeddable":true,"href":"https:\/\/neoqi.com\/de\/wp-json\/wp\/v2\/pages\/1953"}],"wp:attachment":[{"href":"https:\/\/neoqi.com\/de\/wp-json\/wp\/v2\/media?parent=1957"}],"curies":[{"name":"wp","href":"https:\/\/api.w.org\/{rel}","templated":true}]}}