{"id":1963,"date":"2024-09-06T20:36:28","date_gmt":"2024-09-06T17:36:28","guid":{"rendered":"http:\/\/neoqi.com\/?page_id=1963"},"modified":"2024-09-06T20:36:28","modified_gmt":"2024-09-06T17:36:28","slug":"technical-data","status":"publish","type":"page","link":"https:\/\/neoqi.com\/de\/how-it-works\/technical-data\/","title":{"rendered":"Technische Daten"},"content":{"rendered":"<p><strong>Zimmer<\/strong><\/p>\n<p>NeoQi-Ger\u00e4te sind f\u00fcr die Verwendung in Innenr\u00e4umen konzipiert und k\u00f6nnen nicht unter 0 Grad Celsius transportiert oder gelagert werden. Das Ger\u00e4t sollte in einem feuchtigkeitsgesch\u00fctzten Raum verwendet werden, eine Bel\u00fcftung wird empfohlen, da das Ger\u00e4t im Arbeitsmodus Feuchtigkeit erzeugt.<\/p>\n<p>Es wird empfohlen, einen allgemeinen Abfluss auf dem Boden zu haben.<\/p>\n<p>Die T\u00fcren m\u00fcssen mindestens 80 cm breit sein.<\/p>\n<p>NeoQi\u00ae-Ger\u00e4te d\u00fcrfen nicht verwendet werden, wenn die Luft ein ENTZ\u00dcNDBARES AN\u00c4STHETISCHES GEMISCH MIT LUFT oder MIT OXYGEN ODER EISENSTOFF enth\u00e4lt.<\/p>\n<p><strong>Strom<\/strong><\/p>\n<p>Elektrische Installationen von NeoQi\u00ae-Ger\u00e4ten sollten von qualifizierten Fachleuten oder offiziellen Vertretern von NeoQi\u00ae AS durchgef\u00fchrt werden.<\/p>\n<p>NeoQi-Ger\u00e4te verwenden 3 x 2,5 mm\u00b2 Kupferkabel mit Querschnitt. Das Netzkabel sollte an die feuchtigkeitsdichte Anschlussdose angeschlossen werden, die sich am Rahmen des Ger\u00e4ts befindet.<\/p>\n<p>Die maximale Leistungsaufnahme ist je nach Modell unterschiedlich und reicht von 0,3 bis 4,6 kW.<\/p>\n<p>Der Strom der Schutzvorrichtung vor der Ger\u00e4teeinspeisung sollte nicht weniger als 20 A betragen.<\/p>\n<p>Die im externen Hauptstromkreis der station\u00e4r installierten Ger\u00e4te verwendeten Sicherungen: Sicherungsautomaten 20A.<\/p>\n<p><strong>Wasser<\/strong><\/p>\n<p>Die Installation der Warm- und Kaltwasserzul\u00e4ufe und der Abflussanschl\u00fcsse von NeoQi\u00ae Harmony-Ger\u00e4ten sollte von einem qualifizierten Fachmann oder einem offiziellen Vertreter von NeoQi\u00ae AS durchgef\u00fchrt werden.<\/p>\n<p>Es werden zwei Druckwasserschl\u00e4uche ben\u00f6tigt - einer f\u00fcr hei\u00dfes, einer f\u00fcr kaltes Wasser. Je nach Modell sollten die Enden entweder ein \u00bd- oder ein 3\u20444-Gewinde haben. Die L\u00e4nge der Schl\u00e4uche h\u00e4ngt von der Entfernung zu den Wassereinl\u00e4ssen ab.<\/p>\n<p>Die NeoQi-Ger\u00e4te verwenden Anschl\u00fcsse mit \u00d8 32 oder 50 mm f\u00fcr den Abfluss am Boden und den Wasserablaufschlauch, je nach dem zu installierenden Modell. Die L\u00e4nge des Abflussschlauchs h\u00e4ngt von der Entfernung der Abfluss\u00f6ffnung am Boden ab.<\/p>\n<p>Damit das Ger\u00e4t einwandfrei funktioniert, sollte nur sauberes Leitungswasser verwendet werden. Falls das Leitungswasser einen hohen Anteil an abrasiven Stoffen oder Rost enth\u00e4lt, wird empfohlen, einen Wasserfilter zu installieren<a name=\"_Toc243812516\"><\/a><a name=\"_Toc55370922\"><\/a><a name=\"_Toc35756076\"><\/a>.<\/p>\n<p>Der f\u00fcr den Betrieb der Hydrotherapie-Wanne erforderliche Mindestwasserstand sollte ca. 1 cm \u00fcber den R\u00fcckend\u00fcsen liegen.<\/p>\n<p>Die maximal zul\u00e4ssige Belastung des R\u00fcttelbetts betr\u00e4gt 175 kg.<\/p>","protected":false},"excerpt":{"rendered":"<p>Room NeoQi equipment is designed for use in indoor conditions and cannot be transported or stored below 0 degrees C. The equipment should be used in a moisture proof room, ventilation is recommended, as in the working regime, the machine creates humidity. It is recommended to have a general drain on the floor. Doors must [&hellip;]<\/p>\n","protected":false},"author":3,"featured_media":0,"parent":1953,"menu_order":0,"comment_status":"closed","ping_status":"closed","template":"","meta":{"_acf_changed":false,"site-sidebar-layout":"default","site-content-layout":"","ast-site-content-layout":"default","site-content-style":"default","site-sidebar-style":"default","ast-global-header-display":"","ast-banner-title-visibility":"","ast-main-header-display":"","ast-hfb-above-header-display":"","ast-hfb-below-header-display":"","ast-hfb-mobile-header-display":"","site-post-title":"","ast-breadcrumbs-content":"","ast-featured-img":"","footer-sml-layout":"","ast-disable-related-posts":"","theme-transparent-header-meta":"default","adv-header-id-meta":"","stick-header-meta":"","header-above-stick-meta":"","header-main-stick-meta":"","header-below-stick-meta":"","astra-migrate-meta-layouts":"set","ast-page-background-enabled":"default","ast-page-background-meta":{"desktop":{"background-color":"var(--ast-global-color-4)","background-image":"","background-repeat":"repeat","background-position":"center center","background-size":"auto","background-attachment":"scroll","background-type":"","background-media":"","overlay-type":"","overlay-color":"","overlay-opacity":"","overlay-gradient":""},"tablet":{"background-color":"","background-image":"","background-repeat":"repeat","background-position":"center center","background-size":"auto","background-attachment":"scroll","background-type":"","background-media":"","overlay-type":"","overlay-color":"","overlay-opacity":"","overlay-gradient":""},"mobile":{"background-color":"","background-image":"","background-repeat":"repeat","background-position":"center center","background-size":"auto","background-attachment":"scroll","background-type":"","background-media":"","overlay-type":"","overlay-color":"","overlay-opacity":"","overlay-gradient":""}},"ast-content-background-meta":{"desktop":{"background-color":"var(--ast-global-color-5)","background-image":"","background-repeat":"repeat","background-position":"center center","background-size":"auto","background-attachment":"scroll","background-type":"","background-media":"","overlay-type":"","overlay-color":"","overlay-opacity":"","overlay-gradient":""},"tablet":{"background-color":"var(--ast-global-color-5)","background-image":"","background-repeat":"repeat","background-position":"center center","background-size":"auto","background-attachment":"scroll","background-type":"","background-media":"","overlay-type":"","overlay-color":"","overlay-opacity":"","overlay-gradient":""},"mobile":{"background-color":"var(--ast-global-color-5)","background-image":"","background-repeat":"repeat","background-position":"center center","background-size":"auto","background-attachment":"scroll","background-type":"","background-media":"","overlay-type":"","overlay-color":"","overlay-opacity":"","overlay-gradient":""}},"footnotes":""},"class_list":["post-1963","page","type-page","status-publish","hentry"],"acf":[],"yoast_head":"<!-- This site is optimized with the Yoast SEO plugin v27.4 - https:\/\/yoast.com\/product\/yoast-seo-wordpress\/ -->\n<title>Technical data - NEOQI<\/title>\n<meta name=\"robots\" content=\"index, follow, max-snippet:-1, max-image-preview:large, max-video-preview:-1\" \/>\n<link rel=\"canonical\" href=\"https:\/\/neoqi.com\/de\/how-it-works\/technical-data\/\" \/>\n<meta property=\"og:locale\" content=\"de_DE\" \/>\n<meta property=\"og:type\" content=\"article\" \/>\n<meta property=\"og:title\" content=\"Technical data - NEOQI\" \/>\n<meta property=\"og:description\" content=\"Room NeoQi equipment is designed for use in indoor conditions and cannot be transported or stored below 0 degrees C. The equipment should be used in a moisture proof room, ventilation is recommended, as in the working regime, the machine creates humidity. It is recommended to have a general drain on the floor. Doors must [&hellip;]\" \/>\n<meta property=\"og:url\" content=\"https:\/\/neoqi.com\/de\/how-it-works\/technical-data\/\" \/>\n<meta property=\"og:site_name\" content=\"NEOQI\" \/>\n<meta property=\"article:publisher\" content=\"https:\/\/www.facebook.com\/neoqi\/\" \/>\n<meta name=\"twitter:card\" content=\"summary_large_image\" \/>\n<meta name=\"twitter:label1\" content=\"Gesch\u00e4tzte Lesezeit\" \/>\n\t<meta name=\"twitter:data1\" content=\"2\u00a0Minuten\" \/>\n<script type=\"application\/ld+json\" class=\"yoast-schema-graph\">{\"@context\":\"https:\\\/\\\/schema.org\",\"@graph\":[{\"@type\":\"WebPage\",\"@id\":\"https:\\\/\\\/neoqi.com\\\/how-it-works\\\/technical-data\\\/\",\"url\":\"https:\\\/\\\/neoqi.com\\\/how-it-works\\\/technical-data\\\/\",\"name\":\"Technical data - NEOQI\",\"isPartOf\":{\"@id\":\"https:\\\/\\\/neoqi.com\\\/#website\"},\"datePublished\":\"2024-09-06T17:36:28+00:00\",\"breadcrumb\":{\"@id\":\"https:\\\/\\\/neoqi.com\\\/how-it-works\\\/technical-data\\\/#breadcrumb\"},\"inLanguage\":\"de\",\"potentialAction\":[{\"@type\":\"ReadAction\",\"target\":[\"https:\\\/\\\/neoqi.com\\\/how-it-works\\\/technical-data\\\/\"]}]},{\"@type\":\"BreadcrumbList\",\"@id\":\"https:\\\/\\\/neoqi.com\\\/how-it-works\\\/technical-data\\\/#breadcrumb\",\"itemListElement\":[{\"@type\":\"ListItem\",\"position\":1,\"name\":\"Home\",\"item\":\"https:\\\/\\\/neoqi.com\\\/\"},{\"@type\":\"ListItem\",\"position\":2,\"name\":\"How it Works\",\"item\":\"https:\\\/\\\/neoqi.com\\\/ru\\\/how-it-works\\\/\"},{\"@type\":\"ListItem\",\"position\":3,\"name\":\"Technical data\"}]},{\"@type\":\"WebSite\",\"@id\":\"https:\\\/\\\/neoqi.com\\\/#website\",\"url\":\"https:\\\/\\\/neoqi.com\\\/\",\"name\":\"NEOQI\",\"description\":\"Experience Ultimate Wellness and Relaxation with NeoQi Spa Capsule: Your Path to Rejuvenation\",\"publisher\":{\"@id\":\"https:\\\/\\\/neoqi.com\\\/#organization\"},\"potentialAction\":[{\"@type\":\"SearchAction\",\"target\":{\"@type\":\"EntryPoint\",\"urlTemplate\":\"https:\\\/\\\/neoqi.com\\\/?s={search_term_string}\"},\"query-input\":{\"@type\":\"PropertyValueSpecification\",\"valueRequired\":true,\"valueName\":\"search_term_string\"}}],\"inLanguage\":\"de\"},{\"@type\":\"Organization\",\"@id\":\"https:\\\/\\\/neoqi.com\\\/#organization\",\"name\":\"NEOQI\",\"url\":\"https:\\\/\\\/neoqi.com\\\/\",\"logo\":{\"@type\":\"ImageObject\",\"inLanguage\":\"de\",\"@id\":\"https:\\\/\\\/neoqi.com\\\/#\\\/schema\\\/logo\\\/image\\\/\",\"url\":\"https:\\\/\\\/neoqi.com\\\/wp-content\\\/uploads\\\/2024\\\/09\\\/logoneosvg.svg\",\"contentUrl\":\"https:\\\/\\\/neoqi.com\\\/wp-content\\\/uploads\\\/2024\\\/09\\\/logoneosvg.svg\",\"width\":1,\"height\":1,\"caption\":\"NEOQI\"},\"image\":{\"@id\":\"https:\\\/\\\/neoqi.com\\\/#\\\/schema\\\/logo\\\/image\\\/\"},\"sameAs\":[\"https:\\\/\\\/www.facebook.com\\\/neoqi\\\/\",\"https:\\\/\\\/www.instagram.com\\\/neoqi_com\\\/\"]}]}<\/script>\n<!-- \/ Yoast SEO plugin. -->","yoast_head_json":{"title":"Technical data - NEOQI","robots":{"index":"index","follow":"follow","max-snippet":"max-snippet:-1","max-image-preview":"max-image-preview:large","max-video-preview":"max-video-preview:-1"},"canonical":"https:\/\/neoqi.com\/de\/how-it-works\/technical-data\/","og_locale":"de_DE","og_type":"article","og_title":"Technical data - NEOQI","og_description":"Room NeoQi equipment is designed for use in indoor conditions and cannot be transported or stored below 0 degrees C. The equipment should be used in a moisture proof room, ventilation is recommended, as in the working regime, the machine creates humidity. It is recommended to have a general drain on the floor. Doors must [&hellip;]","og_url":"https:\/\/neoqi.com\/de\/how-it-works\/technical-data\/","og_site_name":"NEOQI","article_publisher":"https:\/\/www.facebook.com\/neoqi\/","twitter_card":"summary_large_image","twitter_misc":{"Gesch\u00e4tzte Lesezeit":"2\u00a0Minuten"},"schema":{"@context":"https:\/\/schema.org","@graph":[{"@type":"WebPage","@id":"https:\/\/neoqi.com\/how-it-works\/technical-data\/","url":"https:\/\/neoqi.com\/how-it-works\/technical-data\/","name":"Technical data - NEOQI","isPartOf":{"@id":"https:\/\/neoqi.com\/#website"},"datePublished":"2024-09-06T17:36:28+00:00","breadcrumb":{"@id":"https:\/\/neoqi.com\/how-it-works\/technical-data\/#breadcrumb"},"inLanguage":"de","potentialAction":[{"@type":"ReadAction","target":["https:\/\/neoqi.com\/how-it-works\/technical-data\/"]}]},{"@type":"BreadcrumbList","@id":"https:\/\/neoqi.com\/how-it-works\/technical-data\/#breadcrumb","itemListElement":[{"@type":"ListItem","position":1,"name":"Home","item":"https:\/\/neoqi.com\/"},{"@type":"ListItem","position":2,"name":"How it Works","item":"https:\/\/neoqi.com\/ru\/how-it-works\/"},{"@type":"ListItem","position":3,"name":"Technical data"}]},{"@type":"WebSite","@id":"https:\/\/neoqi.com\/#website","url":"https:\/\/neoqi.com\/","name":"NEOQI","description":"Erleben Sie ultimative Wellness und Entspannung mit NeoQi Spa Capsule: Ihr Weg zur Verj\u00fcngung","publisher":{"@id":"https:\/\/neoqi.com\/#organization"},"potentialAction":[{"@type":"SearchAction","target":{"@type":"EntryPoint","urlTemplate":"https:\/\/neoqi.com\/?s={search_term_string}"},"query-input":{"@type":"PropertyValueSpecification","valueRequired":true,"valueName":"search_term_string"}}],"inLanguage":"de"},{"@type":"Organization","@id":"https:\/\/neoqi.com\/#organization","name":"NEOQI","url":"https:\/\/neoqi.com\/","logo":{"@type":"ImageObject","inLanguage":"de","@id":"https:\/\/neoqi.com\/#\/schema\/logo\/image\/","url":"https:\/\/neoqi.com\/wp-content\/uploads\/2024\/09\/logoneosvg.svg","contentUrl":"https:\/\/neoqi.com\/wp-content\/uploads\/2024\/09\/logoneosvg.svg","width":1,"height":1,"caption":"NEOQI"},"image":{"@id":"https:\/\/neoqi.com\/#\/schema\/logo\/image\/"},"sameAs":["https:\/\/www.facebook.com\/neoqi\/","https:\/\/www.instagram.com\/neoqi_com\/"]}]}},"_links":{"self":[{"href":"https:\/\/neoqi.com\/de\/wp-json\/wp\/v2\/pages\/1963","targetHints":{"allow":["GET"]}}],"collection":[{"href":"https:\/\/neoqi.com\/de\/wp-json\/wp\/v2\/pages"}],"about":[{"href":"https:\/\/neoqi.com\/de\/wp-json\/wp\/v2\/types\/page"}],"author":[{"embeddable":true,"href":"https:\/\/neoqi.com\/de\/wp-json\/wp\/v2\/users\/3"}],"replies":[{"embeddable":true,"href":"https:\/\/neoqi.com\/de\/wp-json\/wp\/v2\/comments?post=1963"}],"version-history":[{"count":1,"href":"https:\/\/neoqi.com\/de\/wp-json\/wp\/v2\/pages\/1963\/revisions"}],"predecessor-version":[{"id":1964,"href":"https:\/\/neoqi.com\/de\/wp-json\/wp\/v2\/pages\/1963\/revisions\/1964"}],"up":[{"embeddable":true,"href":"https:\/\/neoqi.com\/de\/wp-json\/wp\/v2\/pages\/1953"}],"wp:attachment":[{"href":"https:\/\/neoqi.com\/de\/wp-json\/wp\/v2\/media?parent=1963"}],"curies":[{"name":"wp","href":"https:\/\/api.w.org\/{rel}","templated":true}]}}