{"id":1965,"date":"2024-09-06T20:38:58","date_gmt":"2024-09-06T17:38:58","guid":{"rendered":"http:\/\/neoqi.com\/?page_id=1965"},"modified":"2024-09-07T13:06:41","modified_gmt":"2024-09-07T10:06:41","slug":"functions","status":"publish","type":"page","link":"https:\/\/neoqi.com\/de\/how-it-works\/functions\/","title":{"rendered":"Funktionen"},"content":{"rendered":"<table width=\"804\">\n<tbody>\n<tr>\n<td width=\"113\"><img decoding=\"async\" class=\"wp-image-1352  aligncenter\" src=\"http:\/\/neoqi.com\/wp-content\/uploads\/2015\/03\/Steam.png\" alt=\"Steam\" width=\"65\" height=\"78\" \/><\/td>\n<td width=\"690\"><strong>Dampf\u00a0<\/strong>Sorgt f\u00fcr eine wirksame Entgiftung (Ausscheidung von Schlacken, Giftstoffen und Ballaststoffen aus dem K\u00f6rper), steigert die biochemischen Prozesse im Gewebe, beseitigt Unreinheiten und f\u00f6rdert gleichzeitig die Textur, Elastizit\u00e4t und Spannkraft der Haut, erh\u00f6ht die Aufnahmef\u00e4higkeit f\u00fcr remineralisierende Therapien und die Wirkung aktiver Produkte. Lesen Sie mehr \u00fcber\u00a0<a href=\"http:\/\/neoqi.com\/de\/how-it-works\/functions\/steam-sauna\/\">Dampfsauna<\/a>.<\/td>\n<\/tr>\n<tr>\n<td width=\"113\"><img decoding=\"async\" class=\"wp-image-1350 aligncenter\" src=\"http:\/\/neoqi.com\/wp-content\/uploads\/2015\/03\/Infrared.png\" alt=\"Infrared\" width=\"65\" height=\"77\" \/><\/td>\n<td width=\"690\"><strong>Infrarot\u00a0<\/strong>Effizientere und tiefere Erw\u00e4rmung des Gewebes (subkutanes Fett, Muskeln, Gelenke, Sehnen), was zu einer Verringerung des K\u00f6rpervolumens f\u00fchrt, Behandlung von Arthrose\/Arthritis\/Myositis und Verstauchungen; trainiert das kardiovaskul\u00e4re System, erh\u00f6ht den Gesamtk\u00f6rpertonus, beschleunigt die Regeneration und Verj\u00fcngung, st\u00e4rkt das Immunsystem. Lesen Sie mehr \u00fcber\u00a0<a href=\"http:\/\/neoqi.com\/de\/how-it-works\/functions\/infrared-sauna\/\">Infrarotsauna<\/a>.<\/td>\n<\/tr>\n<tr>\n<td width=\"113\"><img decoding=\"async\" class=\"wp-image-1354 aligncenter\" src=\"http:\/\/neoqi.com\/wp-content\/uploads\/2015\/03\/Vichy-Shower.png\" alt=\"Vichy Shower\" width=\"66\" height=\"73\" \/><\/td>\n<td width=\"690\"><strong>Vichy-Dusche\u00a0<\/strong>Erzeugt spr\u00fchnebel\u00e4hnlichen Regen, der eine Massage au\u00dferhalb der Wasserwelt bietet. Die Wassertropfen, die auf Ihren K\u00f6rper fallen, machen Sie zun\u00e4chst wach und entspannen Sie anschlie\u00dfend. Lesen Sie mehr \u00fcber\u00a0<a href=\"http:\/\/neoqi.com\/de\/how-it-works\/functions\/vichy-shower\/\">Vichy-Dusche<\/a>.<\/td>\n<\/tr>\n<tr>\n<td width=\"113\"><img loading=\"lazy\" decoding=\"async\" class=\"wp-image-1353 aligncenter\" src=\"http:\/\/neoqi.com\/wp-content\/uploads\/2015\/03\/Vibromassage.png\" alt=\"Vibromassage\" width=\"65\" height=\"70\" \/><\/td>\n<td width=\"690\"><strong>Vibrierendes Bett\u00a0<\/strong>Beschleunigt die Gewebereparatur, hilft bei der Beseitigung von Giftstoffen, wirkt sich positiv auf das neuromuskul\u00e4re System aus, verbessert die Muskelleistung und die Redox-Prozesse in ihrem Gewebe, hilft bei der Beseitigung von Stress, Verspannungen, Schmerzen, Beseitigung von Stagnation. Lesen Sie mehr \u00fcber\u00a0<a href=\"http:\/\/neoqi.com\/de\/how-it-works\/functions\/vibromassage\/\">R\u00fcttelbehandlungstisch<\/a>.<\/td>\n<\/tr>\n<tr>\n<td width=\"113\"><a href=\"http:\/\/neoqi.com\/wp-content\/uploads\/2015\/03\/HYDROMASSAGE.jpg\"><img loading=\"lazy\" decoding=\"async\" class=\"wp-image-1433 aligncenter\" src=\"http:\/\/neoqi.com\/wp-content\/uploads\/2015\/03\/HYDROMASSAGE.jpg\" alt=\"HYDROMASSAGE\" width=\"89\" height=\"87\" \/><\/a><\/td>\n<td width=\"690\"><strong>Wassermassage (Hydro)\u00a0<\/strong>Bietet eine sofortige entspannende Wirkung durch die Wirkung der warmen Wasserstr\u00f6me mit unterschiedlichem Druck; erh\u00f6ht die Blut- und Lymphzirkulation, stimuliert metabolische und biochemische Prozesse in Organen und Geweben. Der therapeutische Nutzen ergibt sich aus der entspannenden Wirkung des warmen Wassers, das mit unterschiedlicher Kraft auf die Muskeln einwirkt. Lesen Sie mehr \u00fcber<a href=\"http:\/\/neoqi.com\/de\/how-it-works\/functions\/hydromassage\/\">\u00a0Hydromassage<\/a>.<\/td>\n<\/tr>\n<tr>\n<td width=\"113\"><img loading=\"lazy\" decoding=\"async\" class=\"wp-image-1432 aligncenter\" src=\"http:\/\/neoqi.com\/wp-content\/uploads\/2015\/03\/Bottom-Air.png\" alt=\"Bottom Air\" width=\"65\" height=\"78\" \/><\/td>\n<td width=\"690\"><strong>Luftblasenmassage\u00a0<\/strong>Ideal zur Verringerung der erh\u00f6hten Aussch\u00fcttung von Stresshormonen, schafft ein Element der psychischen und physischen Komfort; reduziert die Schwere der unangenehme und schmerzhafte Gef\u00fchle anderer Natur, entlastet die Knochen und Gelenke, lindert Schlaflosigkeit. Lesen Sie mehr \u00fcber\u00a0<a href=\"http:\/\/neoqi.com\/de\/how-it-works\/functions\/air-bubble-massage\/\">Luftblasenmassage<\/a>.<\/td>\n<\/tr>\n<tr>\n<td width=\"113\"><img loading=\"lazy\" decoding=\"async\" class=\"wp-image-1434 aligncenter\" src=\"http:\/\/neoqi.com\/wp-content\/uploads\/2015\/03\/Chromotherapy.png\" alt=\"Chromotherapy\" width=\"79\" height=\"73\" \/><\/td>\n<td width=\"690\"><strong>LED-Licht\u00a0<\/strong>Repr\u00e4sentiert die aktive Energie des Lichts, die einen enormen Einfluss auf unseren Geist und unsere Seele hat - aktiviert die physiologischen Prozesse, die den t\u00e4glichen Biorhythmus regulieren, verbessert die Immunit\u00e4t, wirksam bei der Behandlung von M\u00fcdigkeit, Depressionen, Schlafst\u00f6rungen, Neurosen und M\u00fcdigkeit. Lesen Sie mehr \u00fcber\u00a0<a href=\"http:\/\/neoqi.com\/de\/how-it-works\/functions\/chromotherapy\/\">Chromotherapie<\/a>.<\/td>\n<\/tr>\n<tr>\n<td width=\"113\"><img loading=\"lazy\" decoding=\"async\" class=\"wp-image-1351 aligncenter\" src=\"http:\/\/neoqi.com\/wp-content\/uploads\/2015\/03\/Musictherapy.png\" alt=\"Musictherapy\" width=\"64\" height=\"71\" \/><\/td>\n<td width=\"690\"><strong>Musiktherapie\u00a0<\/strong>Eine der \u00e4ltesten und nat\u00fcrlichsten Formen der Korrektur von Gef\u00fchlszust\u00e4nden. Die rhythmischen Komponenten der Musik helfen, die Vitalit\u00e4t zu steigern, tragen zu einem konstanten Energiefluss bei und lindern Schmerzen und nerv\u00f6se Spannungen. Es hei\u00dft, dass die Erholung mit Musik effizienter ist als ohne Musik. Lesen Sie mehr \u00fcber\u00a0<a href=\"http:\/\/neoqi.com\/de\/how-it-works\/functions\/music-therapy\/\">Musiktherapie<\/a>.\u00a0<em>\u00a0<\/em><em>\u00a0<\/em><em>\u00a0<\/em><\/td>\n<\/tr>\n<\/tbody>\n<\/table>","protected":false},"excerpt":{"rendered":"<p>Steam\u00a0Ensures an effective detox (excretion of waste products, toxicants and ballast substances from the body), increases biochemical processes in tissues, removes impurities and at the same time promotes skin texture, elasticity and tone, increases receptiveness to remineralizing therapies and the effects of active products. Read more about\u00a0steam sauna. Infrared\u00a0More efficient and deeper heating of tissues [&hellip;]<\/p>\n","protected":false},"author":1,"featured_media":0,"parent":1953,"menu_order":0,"comment_status":"closed","ping_status":"closed","template":"","meta":{"_acf_changed":false,"site-sidebar-layout":"default","site-content-layout":"","ast-site-content-layout":"default","site-content-style":"default","site-sidebar-style":"default","ast-global-header-display":"","ast-banner-title-visibility":"","ast-main-header-display":"","ast-hfb-above-header-display":"","ast-hfb-below-header-display":"","ast-hfb-mobile-header-display":"","site-post-title":"","ast-breadcrumbs-content":"","ast-featured-img":"","footer-sml-layout":"","ast-disable-related-posts":"","theme-transparent-header-meta":"default","adv-header-id-meta":"","stick-header-meta":"","header-above-stick-meta":"","header-main-stick-meta":"","header-below-stick-meta":"","astra-migrate-meta-layouts":"set","ast-page-background-enabled":"default","ast-page-background-meta":{"desktop":{"background-color":"var(--ast-global-color-4)","background-image":"","background-repeat":"repeat","background-position":"center center","background-size":"auto","background-attachment":"scroll","background-type":"","background-media":"","overlay-type":"","overlay-color":"","overlay-opacity":"","overlay-gradient":""},"tablet":{"background-color":"","background-image":"","background-repeat":"repeat","background-position":"center center","background-size":"auto","background-attachment":"scroll","background-type":"","background-media":"","overlay-type":"","overlay-color":"","overlay-opacity":"","overlay-gradient":""},"mobile":{"background-color":"","background-image":"","background-repeat":"repeat","background-position":"center center","background-size":"auto","background-attachment":"scroll","background-type":"","background-media":"","overlay-type":"","overlay-color":"","overlay-opacity":"","overlay-gradient":""}},"ast-content-background-meta":{"desktop":{"background-color":"var(--ast-global-color-5)","background-image":"","background-repeat":"repeat","background-position":"center center","background-size":"auto","background-attachment":"scroll","background-type":"","background-media":"","overlay-type":"","overlay-color":"","overlay-opacity":"","overlay-gradient":""},"tablet":{"background-color":"var(--ast-global-color-5)","background-image":"","background-repeat":"repeat","background-position":"center center","background-size":"auto","background-attachment":"scroll","background-type":"","background-media":"","overlay-type":"","overlay-color":"","overlay-opacity":"","overlay-gradient":""},"mobile":{"background-color":"var(--ast-global-color-5)","background-image":"","background-repeat":"repeat","background-position":"center center","background-size":"auto","background-attachment":"scroll","background-type":"","background-media":"","overlay-type":"","overlay-color":"","overlay-opacity":"","overlay-gradient":""}},"footnotes":""},"class_list":["post-1965","page","type-page","status-publish","hentry"],"acf":[],"yoast_head":"<!-- This site is optimized with the Yoast SEO plugin v27.4 - https:\/\/yoast.com\/product\/yoast-seo-wordpress\/ -->\n<title>Functions - NEOQI<\/title>\n<meta name=\"robots\" content=\"index, follow, max-snippet:-1, max-image-preview:large, max-video-preview:-1\" \/>\n<link rel=\"canonical\" href=\"https:\/\/neoqi.com\/de\/how-it-works\/functions\/\" \/>\n<meta property=\"og:locale\" content=\"de_DE\" \/>\n<meta property=\"og:type\" content=\"article\" \/>\n<meta property=\"og:title\" content=\"Functions - NEOQI\" \/>\n<meta property=\"og:description\" content=\"Steam\u00a0Ensures an effective detox (excretion of waste products, toxicants and ballast substances from the body), increases biochemical processes in tissues, removes impurities and at the same time promotes skin texture, elasticity and tone, increases receptiveness to remineralizing therapies and the effects of active products. Read more about\u00a0steam sauna. Infrared\u00a0More efficient and deeper heating of tissues [&hellip;]\" \/>\n<meta property=\"og:url\" content=\"https:\/\/neoqi.com\/de\/how-it-works\/functions\/\" \/>\n<meta property=\"og:site_name\" content=\"NEOQI\" \/>\n<meta property=\"article:publisher\" content=\"https:\/\/www.facebook.com\/neoqi\/\" \/>\n<meta property=\"article:modified_time\" content=\"2024-09-07T10:06:41+00:00\" \/>\n<meta property=\"og:image\" content=\"http:\/\/neoqi.com\/wp-content\/uploads\/2015\/03\/Steam.png\" \/>\n<meta name=\"twitter:card\" content=\"summary_large_image\" \/>\n<meta name=\"twitter:label1\" content=\"Gesch\u00e4tzte Lesezeit\" \/>\n\t<meta name=\"twitter:data1\" content=\"2\u00a0Minuten\" \/>\n<script type=\"application\/ld+json\" class=\"yoast-schema-graph\">{\"@context\":\"https:\\\/\\\/schema.org\",\"@graph\":[{\"@type\":\"WebPage\",\"@id\":\"https:\\\/\\\/neoqi.com\\\/ru\\\/how-it-works\\\/functions\\\/\",\"url\":\"https:\\\/\\\/neoqi.com\\\/ru\\\/how-it-works\\\/functions\\\/\",\"name\":\"Functions - NEOQI\",\"isPartOf\":{\"@id\":\"https:\\\/\\\/neoqi.com\\\/#website\"},\"primaryImageOfPage\":{\"@id\":\"https:\\\/\\\/neoqi.com\\\/ru\\\/how-it-works\\\/functions\\\/#primaryimage\"},\"image\":{\"@id\":\"https:\\\/\\\/neoqi.com\\\/ru\\\/how-it-works\\\/functions\\\/#primaryimage\"},\"thumbnailUrl\":\"http:\\\/\\\/neoqi.com\\\/wp-content\\\/uploads\\\/2015\\\/03\\\/Steam.png\",\"datePublished\":\"2024-09-06T17:38:58+00:00\",\"dateModified\":\"2024-09-07T10:06:41+00:00\",\"breadcrumb\":{\"@id\":\"https:\\\/\\\/neoqi.com\\\/ru\\\/how-it-works\\\/functions\\\/#breadcrumb\"},\"inLanguage\":\"de\",\"potentialAction\":[{\"@type\":\"ReadAction\",\"target\":[\"https:\\\/\\\/neoqi.com\\\/ru\\\/how-it-works\\\/functions\\\/\"]}]},{\"@type\":\"ImageObject\",\"inLanguage\":\"de\",\"@id\":\"https:\\\/\\\/neoqi.com\\\/ru\\\/how-it-works\\\/functions\\\/#primaryimage\",\"url\":\"http:\\\/\\\/neoqi.com\\\/wp-content\\\/uploads\\\/2015\\\/03\\\/Steam.png\",\"contentUrl\":\"http:\\\/\\\/neoqi.com\\\/wp-content\\\/uploads\\\/2015\\\/03\\\/Steam.png\"},{\"@type\":\"BreadcrumbList\",\"@id\":\"https:\\\/\\\/neoqi.com\\\/ru\\\/how-it-works\\\/functions\\\/#breadcrumb\",\"itemListElement\":[{\"@type\":\"ListItem\",\"position\":1,\"name\":\"Home\",\"item\":\"https:\\\/\\\/neoqi.com\\\/\"},{\"@type\":\"ListItem\",\"position\":2,\"name\":\"How it Works\",\"item\":\"https:\\\/\\\/neoqi.com\\\/ru\\\/how-it-works\\\/\"},{\"@type\":\"ListItem\",\"position\":3,\"name\":\"Functions\"}]},{\"@type\":\"WebSite\",\"@id\":\"https:\\\/\\\/neoqi.com\\\/#website\",\"url\":\"https:\\\/\\\/neoqi.com\\\/\",\"name\":\"NEOQI\",\"description\":\"Experience Ultimate Wellness and Relaxation with NeoQi Spa Capsule: Your Path to Rejuvenation\",\"publisher\":{\"@id\":\"https:\\\/\\\/neoqi.com\\\/#organization\"},\"potentialAction\":[{\"@type\":\"SearchAction\",\"target\":{\"@type\":\"EntryPoint\",\"urlTemplate\":\"https:\\\/\\\/neoqi.com\\\/?s={search_term_string}\"},\"query-input\":{\"@type\":\"PropertyValueSpecification\",\"valueRequired\":true,\"valueName\":\"search_term_string\"}}],\"inLanguage\":\"de\"},{\"@type\":\"Organization\",\"@id\":\"https:\\\/\\\/neoqi.com\\\/#organization\",\"name\":\"NEOQI\",\"url\":\"https:\\\/\\\/neoqi.com\\\/\",\"logo\":{\"@type\":\"ImageObject\",\"inLanguage\":\"de\",\"@id\":\"https:\\\/\\\/neoqi.com\\\/#\\\/schema\\\/logo\\\/image\\\/\",\"url\":\"https:\\\/\\\/neoqi.com\\\/wp-content\\\/uploads\\\/2024\\\/09\\\/logoneosvg.svg\",\"contentUrl\":\"https:\\\/\\\/neoqi.com\\\/wp-content\\\/uploads\\\/2024\\\/09\\\/logoneosvg.svg\",\"width\":1,\"height\":1,\"caption\":\"NEOQI\"},\"image\":{\"@id\":\"https:\\\/\\\/neoqi.com\\\/#\\\/schema\\\/logo\\\/image\\\/\"},\"sameAs\":[\"https:\\\/\\\/www.facebook.com\\\/neoqi\\\/\",\"https:\\\/\\\/www.instagram.com\\\/neoqi_com\\\/\"]}]}<\/script>\n<!-- \/ Yoast SEO plugin. -->","yoast_head_json":{"title":"Functions - NEOQI","robots":{"index":"index","follow":"follow","max-snippet":"max-snippet:-1","max-image-preview":"max-image-preview:large","max-video-preview":"max-video-preview:-1"},"canonical":"https:\/\/neoqi.com\/de\/how-it-works\/functions\/","og_locale":"de_DE","og_type":"article","og_title":"Functions - NEOQI","og_description":"Steam\u00a0Ensures an effective detox (excretion of waste products, toxicants and ballast substances from the body), increases biochemical processes in tissues, removes impurities and at the same time promotes skin texture, elasticity and tone, increases receptiveness to remineralizing therapies and the effects of active products. Read more about\u00a0steam sauna. Infrared\u00a0More efficient and deeper heating of tissues [&hellip;]","og_url":"https:\/\/neoqi.com\/de\/how-it-works\/functions\/","og_site_name":"NEOQI","article_publisher":"https:\/\/www.facebook.com\/neoqi\/","article_modified_time":"2024-09-07T10:06:41+00:00","og_image":[{"url":"http:\/\/neoqi.com\/wp-content\/uploads\/2015\/03\/Steam.png","type":"","width":"","height":""}],"twitter_card":"summary_large_image","twitter_misc":{"Gesch\u00e4tzte Lesezeit":"2\u00a0Minuten"},"schema":{"@context":"https:\/\/schema.org","@graph":[{"@type":"WebPage","@id":"https:\/\/neoqi.com\/ru\/how-it-works\/functions\/","url":"https:\/\/neoqi.com\/ru\/how-it-works\/functions\/","name":"Functions - NEOQI","isPartOf":{"@id":"https:\/\/neoqi.com\/#website"},"primaryImageOfPage":{"@id":"https:\/\/neoqi.com\/ru\/how-it-works\/functions\/#primaryimage"},"image":{"@id":"https:\/\/neoqi.com\/ru\/how-it-works\/functions\/#primaryimage"},"thumbnailUrl":"http:\/\/neoqi.com\/wp-content\/uploads\/2015\/03\/Steam.png","datePublished":"2024-09-06T17:38:58+00:00","dateModified":"2024-09-07T10:06:41+00:00","breadcrumb":{"@id":"https:\/\/neoqi.com\/ru\/how-it-works\/functions\/#breadcrumb"},"inLanguage":"de","potentialAction":[{"@type":"ReadAction","target":["https:\/\/neoqi.com\/ru\/how-it-works\/functions\/"]}]},{"@type":"ImageObject","inLanguage":"de","@id":"https:\/\/neoqi.com\/ru\/how-it-works\/functions\/#primaryimage","url":"http:\/\/neoqi.com\/wp-content\/uploads\/2015\/03\/Steam.png","contentUrl":"http:\/\/neoqi.com\/wp-content\/uploads\/2015\/03\/Steam.png"},{"@type":"BreadcrumbList","@id":"https:\/\/neoqi.com\/ru\/how-it-works\/functions\/#breadcrumb","itemListElement":[{"@type":"ListItem","position":1,"name":"Home","item":"https:\/\/neoqi.com\/"},{"@type":"ListItem","position":2,"name":"How it Works","item":"https:\/\/neoqi.com\/ru\/how-it-works\/"},{"@type":"ListItem","position":3,"name":"Functions"}]},{"@type":"WebSite","@id":"https:\/\/neoqi.com\/#website","url":"https:\/\/neoqi.com\/","name":"NEOQI","description":"Erleben Sie ultimative Wellness und Entspannung mit NeoQi Spa Capsule: Ihr Weg zur Verj\u00fcngung","publisher":{"@id":"https:\/\/neoqi.com\/#organization"},"potentialAction":[{"@type":"SearchAction","target":{"@type":"EntryPoint","urlTemplate":"https:\/\/neoqi.com\/?s={search_term_string}"},"query-input":{"@type":"PropertyValueSpecification","valueRequired":true,"valueName":"search_term_string"}}],"inLanguage":"de"},{"@type":"Organization","@id":"https:\/\/neoqi.com\/#organization","name":"NEOQI","url":"https:\/\/neoqi.com\/","logo":{"@type":"ImageObject","inLanguage":"de","@id":"https:\/\/neoqi.com\/#\/schema\/logo\/image\/","url":"https:\/\/neoqi.com\/wp-content\/uploads\/2024\/09\/logoneosvg.svg","contentUrl":"https:\/\/neoqi.com\/wp-content\/uploads\/2024\/09\/logoneosvg.svg","width":1,"height":1,"caption":"NEOQI"},"image":{"@id":"https:\/\/neoqi.com\/#\/schema\/logo\/image\/"},"sameAs":["https:\/\/www.facebook.com\/neoqi\/","https:\/\/www.instagram.com\/neoqi_com\/"]}]}},"_links":{"self":[{"href":"https:\/\/neoqi.com\/de\/wp-json\/wp\/v2\/pages\/1965","targetHints":{"allow":["GET"]}}],"collection":[{"href":"https:\/\/neoqi.com\/de\/wp-json\/wp\/v2\/pages"}],"about":[{"href":"https:\/\/neoqi.com\/de\/wp-json\/wp\/v2\/types\/page"}],"author":[{"embeddable":true,"href":"https:\/\/neoqi.com\/de\/wp-json\/wp\/v2\/users\/1"}],"replies":[{"embeddable":true,"href":"https:\/\/neoqi.com\/de\/wp-json\/wp\/v2\/comments?post=1965"}],"version-history":[{"count":1,"href":"https:\/\/neoqi.com\/de\/wp-json\/wp\/v2\/pages\/1965\/revisions"}],"predecessor-version":[{"id":1966,"href":"https:\/\/neoqi.com\/de\/wp-json\/wp\/v2\/pages\/1965\/revisions\/1966"}],"up":[{"embeddable":true,"href":"https:\/\/neoqi.com\/de\/wp-json\/wp\/v2\/pages\/1953"}],"wp:attachment":[{"href":"https:\/\/neoqi.com\/de\/wp-json\/wp\/v2\/media?parent=1965"}],"curies":[{"name":"wp","href":"https:\/\/api.w.org\/{rel}","templated":true}]}}