{"id":1971,"date":"2024-09-06T20:50:08","date_gmt":"2024-09-06T17:50:08","guid":{"rendered":"http:\/\/neoqi.com\/?page_id=1971"},"modified":"2024-09-06T20:50:08","modified_gmt":"2024-09-06T17:50:08","slug":"music-therapy","status":"publish","type":"page","link":"https:\/\/neoqi.com\/de\/how-it-works\/functions\/music-therapy\/","title":{"rendered":"Musiktherapie"},"content":{"rendered":"<p>Musiktherapie, eine der \u00e4ltesten und nat\u00fcrlichsten Formen der Korrektur emotionaler Zust\u00e4nde, wird allgemein definiert als der Einsatz von Musik bei der Behandlung von Menschen, die Probleme geistiger, k\u00f6rperlicher und\/oder emotionaler Art haben. Die Musiktherapie wurde in Europa im 19. Jahrhundert von f\u00fchrenden \u00c4rzten offiziell anerkannt und ist auch heute noch ein stark wachsender Bereich der Gesundheitsf\u00fcrsorge.<\/p>\n<p>Musik beeinflusst K\u00f6rper und Geist auf vielf\u00e4ltige Weise. Sie hat eine tiefgreifende Wirkung auf unseren K\u00f6rper und unsere Psyche, dennoch ist diese Therapie f\u00fcr jeden geeignet, unabh\u00e4ngig von Alter, Gesundheitszustand oder musikalischen F\u00e4higkeiten. Sie hilft Menschen mit geistigen oder k\u00f6rperlichen Behinderungen, neurologischen Problemen, \u00e4lteren Menschen bei der Bew\u00e4ltigung akuter und chronischer Krankheiten. Dar\u00fcber hinaus lindert sie Schmerzen und reduziert nerv\u00f6se Spannungen.<\/p>\n<p>Mehrere Studien haben die analgetischen und entspannenden Eigenschaften der Musiktherapie gezeigt, die bei der Behandlung von chronischen Schmerzsyndromen unterschiedlicher \u00c4tiologie eingesetzt wurde. Es kam zu einer Verbesserung des Rehabilitationsprozesses: Verbesserung des funktionellen Status und Verringerung der pathologischen Symptome. Musik hat Einfluss auf die neuroendokrine Funktion, insbesondere auf den Hormonspiegel im Blut, der bei allen emotionalen Reaktionen eine entscheidende Rolle spielt.<\/p>\n<p>Heutzutage ist das Leben sehr gesch\u00e4ftig und daher voller Stress, wogegen die Musiktherapie ein gutes Mittel zur Vorbeugung und zur Unterst\u00fctzung des t\u00e4glichen Handelns ist. Musik hat emotionale und kreative Gestaltungsqualit\u00e4ten, die in der medizinischen Kommunikation genutzt werden, um Kontakt, Interaktion, Selbstausdruck und Selbstentfaltung zu erleichtern.<\/p>\n<p>Es gibt zwei Formen der Musiktherapie - passiv und aktiv. Bei einer passiven Musiktherapie h\u00f6rt der Patient verschiedene Arten von Musik, je nach dem Zustand seiner psychischen Gesundheit und dem Verlauf der Behandlung. Bei aktiven Musiktherapiesitzungen werden die Patienten in die Erstellung und Auff\u00fchrung von Musik einbezogen.<\/p>\n<p>Vier Musikst\u00fccke wurden von der estnischen Musiktherapeutin Dali Kask, einer der anerkanntesten Expertinnen auf diesem Gebiet, speziell f\u00fcr Behandlungen mit NeoQi-Ger\u00e4ten komponiert. Diese Musikbegleitung hat eine positive und verst\u00e4rkende Wirkung auf die Wahrnehmung der Behandlung und kann mit Aromatherapie oder Atem\u00fcbungen kombiniert werden.<\/p>\n<p>Rhythmische Komponenten der Musik tragen zur Steigerung der Vitalit\u00e4t bei. W\u00e4hrend der Musiktherapie flie\u00dft ein st\u00e4ndiger Energiefluss in unserem K\u00f6rper, bis die Harmonie erreicht ist. Die Musiktherapie f\u00fchrt den Menschen zum Verst\u00e4ndnis und zur Nutzung der Kraft dieser Harmonie, die den Prozess des Erreichens nahtlos leitet.<\/p>","protected":false},"excerpt":{"rendered":"<p>Music therapy, one of the oldest and natural forms of correction of emotional states, is defined broadly as the use of music in the treatment of people who have problems of a mental, physical, and\/or emotional nature. Music therapy was officially recognized in Europe in 19th century by leading doctors and is still nowadays a [&hellip;]<\/p>\n","protected":false},"author":3,"featured_media":0,"parent":1965,"menu_order":0,"comment_status":"closed","ping_status":"closed","template":"","meta":{"_acf_changed":false,"site-sidebar-layout":"default","site-content-layout":"","ast-site-content-layout":"default","site-content-style":"default","site-sidebar-style":"default","ast-global-header-display":"","ast-banner-title-visibility":"","ast-main-header-display":"","ast-hfb-above-header-display":"","ast-hfb-below-header-display":"","ast-hfb-mobile-header-display":"","site-post-title":"","ast-breadcrumbs-content":"","ast-featured-img":"","footer-sml-layout":"","ast-disable-related-posts":"","theme-transparent-header-meta":"default","adv-header-id-meta":"","stick-header-meta":"","header-above-stick-meta":"","header-main-stick-meta":"","header-below-stick-meta":"","astra-migrate-meta-layouts":"set","ast-page-background-enabled":"default","ast-page-background-meta":{"desktop":{"background-color":"var(--ast-global-color-4)","background-image":"","background-repeat":"repeat","background-position":"center center","background-size":"auto","background-attachment":"scroll","background-type":"","background-media":"","overlay-type":"","overlay-color":"","overlay-opacity":"","overlay-gradient":""},"tablet":{"background-color":"","background-image":"","background-repeat":"repeat","background-position":"center center","background-size":"auto","background-attachment":"scroll","background-type":"","background-media":"","overlay-type":"","overlay-color":"","overlay-opacity":"","overlay-gradient":""},"mobile":{"background-color":"","background-image":"","background-repeat":"repeat","background-position":"center center","background-size":"auto","background-attachment":"scroll","background-type":"","background-media":"","overlay-type":"","overlay-color":"","overlay-opacity":"","overlay-gradient":""}},"ast-content-background-meta":{"desktop":{"background-color":"var(--ast-global-color-5)","background-image":"","background-repeat":"repeat","background-position":"center center","background-size":"auto","background-attachment":"scroll","background-type":"","background-media":"","overlay-type":"","overlay-color":"","overlay-opacity":"","overlay-gradient":""},"tablet":{"background-color":"var(--ast-global-color-5)","background-image":"","background-repeat":"repeat","background-position":"center center","background-size":"auto","background-attachment":"scroll","background-type":"","background-media":"","overlay-type":"","overlay-color":"","overlay-opacity":"","overlay-gradient":""},"mobile":{"background-color":"var(--ast-global-color-5)","background-image":"","background-repeat":"repeat","background-position":"center center","background-size":"auto","background-attachment":"scroll","background-type":"","background-media":"","overlay-type":"","overlay-color":"","overlay-opacity":"","overlay-gradient":""}},"footnotes":""},"class_list":["post-1971","page","type-page","status-publish","hentry"],"acf":[],"yoast_head":"<!-- This site is optimized with the Yoast SEO plugin v27.4 - https:\/\/yoast.com\/product\/yoast-seo-wordpress\/ -->\n<title>Music therapy - NEOQI<\/title>\n<meta name=\"robots\" content=\"index, follow, max-snippet:-1, max-image-preview:large, max-video-preview:-1\" \/>\n<link rel=\"canonical\" href=\"https:\/\/neoqi.com\/de\/how-it-works\/functions\/music-therapy\/\" \/>\n<meta property=\"og:locale\" content=\"de_DE\" \/>\n<meta property=\"og:type\" content=\"article\" \/>\n<meta property=\"og:title\" content=\"Music therapy - NEOQI\" \/>\n<meta property=\"og:description\" content=\"Music therapy, one of the oldest and natural forms of correction of emotional states, is defined broadly as the use of music in the treatment of people who have problems of a mental, physical, and\/or emotional nature. Music therapy was officially recognized in Europe in 19th century by leading doctors and is still nowadays a [&hellip;]\" \/>\n<meta property=\"og:url\" content=\"https:\/\/neoqi.com\/de\/how-it-works\/functions\/music-therapy\/\" \/>\n<meta property=\"og:site_name\" content=\"NEOQI\" \/>\n<meta property=\"article:publisher\" content=\"https:\/\/www.facebook.com\/neoqi\/\" \/>\n<meta name=\"twitter:card\" content=\"summary_large_image\" \/>\n<meta name=\"twitter:label1\" content=\"Gesch\u00e4tzte Lesezeit\" \/>\n\t<meta name=\"twitter:data1\" content=\"2\u00a0Minuten\" \/>\n<script type=\"application\/ld+json\" class=\"yoast-schema-graph\">{\"@context\":\"https:\\\/\\\/schema.org\",\"@graph\":[{\"@type\":\"WebPage\",\"@id\":\"https:\\\/\\\/neoqi.com\\\/ru\\\/how-it-works\\\/functions\\\/music-therapy\\\/\",\"url\":\"https:\\\/\\\/neoqi.com\\\/ru\\\/how-it-works\\\/functions\\\/music-therapy\\\/\",\"name\":\"Music therapy - NEOQI\",\"isPartOf\":{\"@id\":\"https:\\\/\\\/neoqi.com\\\/#website\"},\"datePublished\":\"2024-09-06T17:50:08+00:00\",\"breadcrumb\":{\"@id\":\"https:\\\/\\\/neoqi.com\\\/ru\\\/how-it-works\\\/functions\\\/music-therapy\\\/#breadcrumb\"},\"inLanguage\":\"de\",\"potentialAction\":[{\"@type\":\"ReadAction\",\"target\":[\"https:\\\/\\\/neoqi.com\\\/ru\\\/how-it-works\\\/functions\\\/music-therapy\\\/\"]}]},{\"@type\":\"BreadcrumbList\",\"@id\":\"https:\\\/\\\/neoqi.com\\\/ru\\\/how-it-works\\\/functions\\\/music-therapy\\\/#breadcrumb\",\"itemListElement\":[{\"@type\":\"ListItem\",\"position\":1,\"name\":\"Home\",\"item\":\"https:\\\/\\\/neoqi.com\\\/\"},{\"@type\":\"ListItem\",\"position\":2,\"name\":\"How it Works\",\"item\":\"https:\\\/\\\/neoqi.com\\\/ru\\\/how-it-works\\\/\"},{\"@type\":\"ListItem\",\"position\":3,\"name\":\"Functions\",\"item\":\"https:\\\/\\\/neoqi.com\\\/ru\\\/how-it-works\\\/functions\\\/\"},{\"@type\":\"ListItem\",\"position\":4,\"name\":\"Music therapy\"}]},{\"@type\":\"WebSite\",\"@id\":\"https:\\\/\\\/neoqi.com\\\/#website\",\"url\":\"https:\\\/\\\/neoqi.com\\\/\",\"name\":\"NEOQI\",\"description\":\"Experience Ultimate Wellness and Relaxation with NeoQi Spa Capsule: Your Path to Rejuvenation\",\"publisher\":{\"@id\":\"https:\\\/\\\/neoqi.com\\\/#organization\"},\"potentialAction\":[{\"@type\":\"SearchAction\",\"target\":{\"@type\":\"EntryPoint\",\"urlTemplate\":\"https:\\\/\\\/neoqi.com\\\/?s={search_term_string}\"},\"query-input\":{\"@type\":\"PropertyValueSpecification\",\"valueRequired\":true,\"valueName\":\"search_term_string\"}}],\"inLanguage\":\"de\"},{\"@type\":\"Organization\",\"@id\":\"https:\\\/\\\/neoqi.com\\\/#organization\",\"name\":\"NEOQI\",\"url\":\"https:\\\/\\\/neoqi.com\\\/\",\"logo\":{\"@type\":\"ImageObject\",\"inLanguage\":\"de\",\"@id\":\"https:\\\/\\\/neoqi.com\\\/#\\\/schema\\\/logo\\\/image\\\/\",\"url\":\"https:\\\/\\\/neoqi.com\\\/wp-content\\\/uploads\\\/2024\\\/09\\\/logoneosvg.svg\",\"contentUrl\":\"https:\\\/\\\/neoqi.com\\\/wp-content\\\/uploads\\\/2024\\\/09\\\/logoneosvg.svg\",\"width\":1,\"height\":1,\"caption\":\"NEOQI\"},\"image\":{\"@id\":\"https:\\\/\\\/neoqi.com\\\/#\\\/schema\\\/logo\\\/image\\\/\"},\"sameAs\":[\"https:\\\/\\\/www.facebook.com\\\/neoqi\\\/\",\"https:\\\/\\\/www.instagram.com\\\/neoqi_com\\\/\"]}]}<\/script>\n<!-- \/ Yoast SEO plugin. -->","yoast_head_json":{"title":"Music therapy - NEOQI","robots":{"index":"index","follow":"follow","max-snippet":"max-snippet:-1","max-image-preview":"max-image-preview:large","max-video-preview":"max-video-preview:-1"},"canonical":"https:\/\/neoqi.com\/de\/how-it-works\/functions\/music-therapy\/","og_locale":"de_DE","og_type":"article","og_title":"Music therapy - NEOQI","og_description":"Music therapy, one of the oldest and natural forms of correction of emotional states, is defined broadly as the use of music in the treatment of people who have problems of a mental, physical, and\/or emotional nature. Music therapy was officially recognized in Europe in 19th century by leading doctors and is still nowadays a [&hellip;]","og_url":"https:\/\/neoqi.com\/de\/how-it-works\/functions\/music-therapy\/","og_site_name":"NEOQI","article_publisher":"https:\/\/www.facebook.com\/neoqi\/","twitter_card":"summary_large_image","twitter_misc":{"Gesch\u00e4tzte Lesezeit":"2\u00a0Minuten"},"schema":{"@context":"https:\/\/schema.org","@graph":[{"@type":"WebPage","@id":"https:\/\/neoqi.com\/ru\/how-it-works\/functions\/music-therapy\/","url":"https:\/\/neoqi.com\/ru\/how-it-works\/functions\/music-therapy\/","name":"Music therapy - NEOQI","isPartOf":{"@id":"https:\/\/neoqi.com\/#website"},"datePublished":"2024-09-06T17:50:08+00:00","breadcrumb":{"@id":"https:\/\/neoqi.com\/ru\/how-it-works\/functions\/music-therapy\/#breadcrumb"},"inLanguage":"de","potentialAction":[{"@type":"ReadAction","target":["https:\/\/neoqi.com\/ru\/how-it-works\/functions\/music-therapy\/"]}]},{"@type":"BreadcrumbList","@id":"https:\/\/neoqi.com\/ru\/how-it-works\/functions\/music-therapy\/#breadcrumb","itemListElement":[{"@type":"ListItem","position":1,"name":"Home","item":"https:\/\/neoqi.com\/"},{"@type":"ListItem","position":2,"name":"How it Works","item":"https:\/\/neoqi.com\/ru\/how-it-works\/"},{"@type":"ListItem","position":3,"name":"Functions","item":"https:\/\/neoqi.com\/ru\/how-it-works\/functions\/"},{"@type":"ListItem","position":4,"name":"Music therapy"}]},{"@type":"WebSite","@id":"https:\/\/neoqi.com\/#website","url":"https:\/\/neoqi.com\/","name":"NEOQI","description":"Erleben Sie ultimative Wellness und Entspannung mit NeoQi Spa Capsule: Ihr Weg zur Verj\u00fcngung","publisher":{"@id":"https:\/\/neoqi.com\/#organization"},"potentialAction":[{"@type":"SearchAction","target":{"@type":"EntryPoint","urlTemplate":"https:\/\/neoqi.com\/?s={search_term_string}"},"query-input":{"@type":"PropertyValueSpecification","valueRequired":true,"valueName":"search_term_string"}}],"inLanguage":"de"},{"@type":"Organization","@id":"https:\/\/neoqi.com\/#organization","name":"NEOQI","url":"https:\/\/neoqi.com\/","logo":{"@type":"ImageObject","inLanguage":"de","@id":"https:\/\/neoqi.com\/#\/schema\/logo\/image\/","url":"https:\/\/neoqi.com\/wp-content\/uploads\/2024\/09\/logoneosvg.svg","contentUrl":"https:\/\/neoqi.com\/wp-content\/uploads\/2024\/09\/logoneosvg.svg","width":1,"height":1,"caption":"NEOQI"},"image":{"@id":"https:\/\/neoqi.com\/#\/schema\/logo\/image\/"},"sameAs":["https:\/\/www.facebook.com\/neoqi\/","https:\/\/www.instagram.com\/neoqi_com\/"]}]}},"_links":{"self":[{"href":"https:\/\/neoqi.com\/de\/wp-json\/wp\/v2\/pages\/1971","targetHints":{"allow":["GET"]}}],"collection":[{"href":"https:\/\/neoqi.com\/de\/wp-json\/wp\/v2\/pages"}],"about":[{"href":"https:\/\/neoqi.com\/de\/wp-json\/wp\/v2\/types\/page"}],"author":[{"embeddable":true,"href":"https:\/\/neoqi.com\/de\/wp-json\/wp\/v2\/users\/3"}],"replies":[{"embeddable":true,"href":"https:\/\/neoqi.com\/de\/wp-json\/wp\/v2\/comments?post=1971"}],"version-history":[{"count":1,"href":"https:\/\/neoqi.com\/de\/wp-json\/wp\/v2\/pages\/1971\/revisions"}],"predecessor-version":[{"id":1972,"href":"https:\/\/neoqi.com\/de\/wp-json\/wp\/v2\/pages\/1971\/revisions\/1972"}],"up":[{"embeddable":true,"href":"https:\/\/neoqi.com\/de\/wp-json\/wp\/v2\/pages\/1965"}],"wp:attachment":[{"href":"https:\/\/neoqi.com\/de\/wp-json\/wp\/v2\/media?parent=1971"}],"curies":[{"name":"wp","href":"https:\/\/api.w.org\/{rel}","templated":true}]}}