{"id":1989,"date":"2024-09-06T20:57:04","date_gmt":"2024-09-06T17:57:04","guid":{"rendered":"http:\/\/neoqi.com\/?page_id=1989"},"modified":"2024-09-06T20:57:04","modified_gmt":"2024-09-06T17:57:04","slug":"hydrotherapy-session","status":"publish","type":"page","link":"https:\/\/neoqi.com\/de\/how-it-works\/treatment-programs\/hydrotherapy-session\/","title":{"rendered":"Hydrotherapiesitzung"},"content":{"rendered":"<p>Hydrotherapiesitzung - 25 min*<\/p>\n<p>*Die Zeit, die f\u00fcr die Vorbereitung des Kokons f\u00fcr die Behandlung und die Reinigung nach der Behandlung aufgewendet wird, ist nicht enthalten.<\/p>\n<p>Vorteile: Verbessert den Zustand der Haut, der K\u00f6rper ist v\u00f6llig entspannt, Erholung von Schlafst\u00f6rungen und Jetlag,<\/p>\n<p>beruhigt und lindert Unruhe und Angstzust\u00e4nde, reduziert Muskelverspannungen,<\/p>\n<p>positive Wirkung auf gesch\u00e4digtes Gewebe, st\u00e4rkt das Immunsystem.<\/p>\n<p>Vorbereitung auf die Behandlung:<\/p>\n<p>F\u00fcllen Sie die Badewanne mit Wasser (Temperatur - 36-38\u00b0\u0421).<br \/>\nSchalten Sie die Musik und die LED-Lichter ein, die die Entspannung f\u00f6rdern.<br \/>\nGeben Sie die erforderliche Anzahl von Tropfen \u00e4therischen \u00d6ls in das Wasser.<\/p>\n<p>Farben der Farbtherapie<\/p>\n<p>Stimulierend: Rot, Orange, Gelb, Wei\u00df.<\/p>\n<p>Entspannend: Gr\u00fcn, Blau, Violett, Wei\u00df.<\/p>\n<p>Ben\u00f6tigte Produkte:<\/p>\n<p>\u00c4therisches Aroma\u00f6l.<\/p>\n<p>Vor der Behandlung:<\/p>\n<p>die Bed\u00fcrfnisse und W\u00fcnsche des Kunden pr\u00fcfen;<br \/>\nden Verlauf der Behandlung erkl\u00e4ren;<br \/>\nden Kunden \u00fcber die Kontraindikationen f\u00fcr die Behandlung zu informieren (siehe separate Seite).<\/p>\n<p>Der Ablauf der Behandlung:<\/p>\n<p>Bitten Sie Ihren Kunden, in das Wasser einzutauchen. Einschalten:<\/p>\n<p>- Chromotherapie;<\/p>\n<p>- Hydromassage;<\/p>\n<p>- Luftblasenmassage.<\/p>\n<p>Dauer - 20-25 Minuten.<\/p>\n<p>Bieten Sie Ihrem Kunden am Ende der Sitzung an, die Handbrause zum Absp\u00fclen zu benutzen - 3 Minuten;<br \/>\nBieten Sie Ihrem Kunden am Ende der Behandlung die M\u00f6glichkeit, sich zu entspannen.<\/p>\n<p>Es wird empfohlen, 2 bis 3 Behandlungen pro Woche durchzuf\u00fchren, eine Serie von 8 bis 15 Behandlungen.<\/p>\n<p>Wir empfehlen, Behandlungen in NeoQi\u00ae mit professioneller Meereskosmetik EST\u00ed zu kombinieren.<\/p>","protected":false},"excerpt":{"rendered":"<p>Hydrotherapy session \u2013 25 min* *does not include the time spent on preparing the cocoon for the treatment and cleaning after the treatment. Benefits: Improves skin condition, body is completely relaxed, recovery of sleep disorders and jet lag, calms and soothes restlessness and anxiety, reduced muscle tensions, beneficial effect on damaged tissues, boosts immune system. [&hellip;]<\/p>\n","protected":false},"author":3,"featured_media":0,"parent":1957,"menu_order":0,"comment_status":"closed","ping_status":"closed","template":"","meta":{"_acf_changed":false,"site-sidebar-layout":"default","site-content-layout":"","ast-site-content-layout":"default","site-content-style":"default","site-sidebar-style":"default","ast-global-header-display":"","ast-banner-title-visibility":"","ast-main-header-display":"","ast-hfb-above-header-display":"","ast-hfb-below-header-display":"","ast-hfb-mobile-header-display":"","site-post-title":"","ast-breadcrumbs-content":"","ast-featured-img":"","footer-sml-layout":"","ast-disable-related-posts":"","theme-transparent-header-meta":"default","adv-header-id-meta":"","stick-header-meta":"","header-above-stick-meta":"","header-main-stick-meta":"","header-below-stick-meta":"","astra-migrate-meta-layouts":"set","ast-page-background-enabled":"default","ast-page-background-meta":{"desktop":{"background-color":"var(--ast-global-color-4)","background-image":"","background-repeat":"repeat","background-position":"center center","background-size":"auto","background-attachment":"scroll","background-type":"","background-media":"","overlay-type":"","overlay-color":"","overlay-opacity":"","overlay-gradient":""},"tablet":{"background-color":"","background-image":"","background-repeat":"repeat","background-position":"center center","background-size":"auto","background-attachment":"scroll","background-type":"","background-media":"","overlay-type":"","overlay-color":"","overlay-opacity":"","overlay-gradient":""},"mobile":{"background-color":"","background-image":"","background-repeat":"repeat","background-position":"center center","background-size":"auto","background-attachment":"scroll","background-type":"","background-media":"","overlay-type":"","overlay-color":"","overlay-opacity":"","overlay-gradient":""}},"ast-content-background-meta":{"desktop":{"background-color":"var(--ast-global-color-5)","background-image":"","background-repeat":"repeat","background-position":"center center","background-size":"auto","background-attachment":"scroll","background-type":"","background-media":"","overlay-type":"","overlay-color":"","overlay-opacity":"","overlay-gradient":""},"tablet":{"background-color":"var(--ast-global-color-5)","background-image":"","background-repeat":"repeat","background-position":"center center","background-size":"auto","background-attachment":"scroll","background-type":"","background-media":"","overlay-type":"","overlay-color":"","overlay-opacity":"","overlay-gradient":""},"mobile":{"background-color":"var(--ast-global-color-5)","background-image":"","background-repeat":"repeat","background-position":"center center","background-size":"auto","background-attachment":"scroll","background-type":"","background-media":"","overlay-type":"","overlay-color":"","overlay-opacity":"","overlay-gradient":""}},"footnotes":""},"class_list":["post-1989","page","type-page","status-publish","hentry"],"acf":[],"yoast_head":"<!-- This site is optimized with the Yoast SEO plugin v27.3 - https:\/\/yoast.com\/product\/yoast-seo-wordpress\/ -->\n<title>Hydrotherapy Session - NEOQI<\/title>\n<meta name=\"robots\" content=\"index, follow, max-snippet:-1, max-image-preview:large, max-video-preview:-1\" \/>\n<link rel=\"canonical\" href=\"https:\/\/neoqi.com\/de\/how-it-works\/treatment-programs\/hydrotherapy-session\/\" \/>\n<meta property=\"og:locale\" content=\"de_DE\" \/>\n<meta property=\"og:type\" content=\"article\" \/>\n<meta property=\"og:title\" content=\"Hydrotherapy Session - NEOQI\" \/>\n<meta property=\"og:description\" content=\"Hydrotherapy session \u2013 25 min* *does not include the time spent on preparing the cocoon for the treatment and cleaning after the treatment. Benefits: Improves skin condition, body is completely relaxed, recovery of sleep disorders and jet lag, calms and soothes restlessness and anxiety, reduced muscle tensions, beneficial effect on damaged tissues, boosts immune system. [&hellip;]\" \/>\n<meta property=\"og:url\" content=\"https:\/\/neoqi.com\/de\/how-it-works\/treatment-programs\/hydrotherapy-session\/\" \/>\n<meta property=\"og:site_name\" content=\"NEOQI\" \/>\n<meta property=\"article:publisher\" content=\"https:\/\/www.facebook.com\/neoqi\/\" \/>\n<meta name=\"twitter:card\" content=\"summary_large_image\" \/>\n<meta name=\"twitter:label1\" content=\"Gesch\u00e4tzte Lesezeit\" \/>\n\t<meta name=\"twitter:data1\" content=\"1\u00a0Minute\" \/>\n<script type=\"application\/ld+json\" class=\"yoast-schema-graph\">{\"@context\":\"https:\\\/\\\/schema.org\",\"@graph\":[{\"@type\":\"WebPage\",\"@id\":\"https:\\\/\\\/neoqi.com\\\/how-it-works\\\/treatment-programs\\\/hydrotherapy-session\\\/\",\"url\":\"https:\\\/\\\/neoqi.com\\\/how-it-works\\\/treatment-programs\\\/hydrotherapy-session\\\/\",\"name\":\"Hydrotherapy Session - NEOQI\",\"isPartOf\":{\"@id\":\"https:\\\/\\\/neoqi.com\\\/#website\"},\"datePublished\":\"2024-09-06T17:57:04+00:00\",\"breadcrumb\":{\"@id\":\"https:\\\/\\\/neoqi.com\\\/how-it-works\\\/treatment-programs\\\/hydrotherapy-session\\\/#breadcrumb\"},\"inLanguage\":\"de\",\"potentialAction\":[{\"@type\":\"ReadAction\",\"target\":[\"https:\\\/\\\/neoqi.com\\\/how-it-works\\\/treatment-programs\\\/hydrotherapy-session\\\/\"]}]},{\"@type\":\"BreadcrumbList\",\"@id\":\"https:\\\/\\\/neoqi.com\\\/how-it-works\\\/treatment-programs\\\/hydrotherapy-session\\\/#breadcrumb\",\"itemListElement\":[{\"@type\":\"ListItem\",\"position\":1,\"name\":\"Home\",\"item\":\"https:\\\/\\\/neoqi.com\\\/\"},{\"@type\":\"ListItem\",\"position\":2,\"name\":\"How it Works\",\"item\":\"https:\\\/\\\/neoqi.com\\\/ru\\\/how-it-works\\\/\"},{\"@type\":\"ListItem\",\"position\":3,\"name\":\"Treatment Programs\",\"item\":\"https:\\\/\\\/neoqi.com\\\/how-it-works\\\/treatment-programs\\\/\"},{\"@type\":\"ListItem\",\"position\":4,\"name\":\"Hydrotherapy Session\"}]},{\"@type\":\"WebSite\",\"@id\":\"https:\\\/\\\/neoqi.com\\\/#website\",\"url\":\"https:\\\/\\\/neoqi.com\\\/\",\"name\":\"NEOQI\",\"description\":\"Experience Ultimate Wellness and Relaxation with NeoQi Spa Capsule: Your Path to Rejuvenation\",\"publisher\":{\"@id\":\"https:\\\/\\\/neoqi.com\\\/#organization\"},\"potentialAction\":[{\"@type\":\"SearchAction\",\"target\":{\"@type\":\"EntryPoint\",\"urlTemplate\":\"https:\\\/\\\/neoqi.com\\\/?s={search_term_string}\"},\"query-input\":{\"@type\":\"PropertyValueSpecification\",\"valueRequired\":true,\"valueName\":\"search_term_string\"}}],\"inLanguage\":\"de\"},{\"@type\":\"Organization\",\"@id\":\"https:\\\/\\\/neoqi.com\\\/#organization\",\"name\":\"NEOQI\",\"url\":\"https:\\\/\\\/neoqi.com\\\/\",\"logo\":{\"@type\":\"ImageObject\",\"inLanguage\":\"de\",\"@id\":\"https:\\\/\\\/neoqi.com\\\/#\\\/schema\\\/logo\\\/image\\\/\",\"url\":\"https:\\\/\\\/neoqi.com\\\/wp-content\\\/uploads\\\/2024\\\/09\\\/logoneosvg.svg\",\"contentUrl\":\"https:\\\/\\\/neoqi.com\\\/wp-content\\\/uploads\\\/2024\\\/09\\\/logoneosvg.svg\",\"width\":1,\"height\":1,\"caption\":\"NEOQI\"},\"image\":{\"@id\":\"https:\\\/\\\/neoqi.com\\\/#\\\/schema\\\/logo\\\/image\\\/\"},\"sameAs\":[\"https:\\\/\\\/www.facebook.com\\\/neoqi\\\/\",\"https:\\\/\\\/www.instagram.com\\\/neoqi_com\\\/\"]}]}<\/script>\n<!-- \/ Yoast SEO plugin. -->","yoast_head_json":{"title":"Hydrotherapy Session - NEOQI","robots":{"index":"index","follow":"follow","max-snippet":"max-snippet:-1","max-image-preview":"max-image-preview:large","max-video-preview":"max-video-preview:-1"},"canonical":"https:\/\/neoqi.com\/de\/how-it-works\/treatment-programs\/hydrotherapy-session\/","og_locale":"de_DE","og_type":"article","og_title":"Hydrotherapy Session - NEOQI","og_description":"Hydrotherapy session \u2013 25 min* *does not include the time spent on preparing the cocoon for the treatment and cleaning after the treatment. Benefits: Improves skin condition, body is completely relaxed, recovery of sleep disorders and jet lag, calms and soothes restlessness and anxiety, reduced muscle tensions, beneficial effect on damaged tissues, boosts immune system. [&hellip;]","og_url":"https:\/\/neoqi.com\/de\/how-it-works\/treatment-programs\/hydrotherapy-session\/","og_site_name":"NEOQI","article_publisher":"https:\/\/www.facebook.com\/neoqi\/","twitter_card":"summary_large_image","twitter_misc":{"Gesch\u00e4tzte Lesezeit":"1\u00a0Minute"},"schema":{"@context":"https:\/\/schema.org","@graph":[{"@type":"WebPage","@id":"https:\/\/neoqi.com\/how-it-works\/treatment-programs\/hydrotherapy-session\/","url":"https:\/\/neoqi.com\/how-it-works\/treatment-programs\/hydrotherapy-session\/","name":"Hydrotherapy Session - NEOQI","isPartOf":{"@id":"https:\/\/neoqi.com\/#website"},"datePublished":"2024-09-06T17:57:04+00:00","breadcrumb":{"@id":"https:\/\/neoqi.com\/how-it-works\/treatment-programs\/hydrotherapy-session\/#breadcrumb"},"inLanguage":"de","potentialAction":[{"@type":"ReadAction","target":["https:\/\/neoqi.com\/how-it-works\/treatment-programs\/hydrotherapy-session\/"]}]},{"@type":"BreadcrumbList","@id":"https:\/\/neoqi.com\/how-it-works\/treatment-programs\/hydrotherapy-session\/#breadcrumb","itemListElement":[{"@type":"ListItem","position":1,"name":"Home","item":"https:\/\/neoqi.com\/"},{"@type":"ListItem","position":2,"name":"How it Works","item":"https:\/\/neoqi.com\/ru\/how-it-works\/"},{"@type":"ListItem","position":3,"name":"Treatment Programs","item":"https:\/\/neoqi.com\/how-it-works\/treatment-programs\/"},{"@type":"ListItem","position":4,"name":"Hydrotherapy Session"}]},{"@type":"WebSite","@id":"https:\/\/neoqi.com\/#website","url":"https:\/\/neoqi.com\/","name":"NEOQI","description":"Erleben Sie ultimative Wellness und Entspannung mit NeoQi Spa Capsule: Ihr Weg zur Verj\u00fcngung","publisher":{"@id":"https:\/\/neoqi.com\/#organization"},"potentialAction":[{"@type":"SearchAction","target":{"@type":"EntryPoint","urlTemplate":"https:\/\/neoqi.com\/?s={search_term_string}"},"query-input":{"@type":"PropertyValueSpecification","valueRequired":true,"valueName":"search_term_string"}}],"inLanguage":"de"},{"@type":"Organization","@id":"https:\/\/neoqi.com\/#organization","name":"NEOQI","url":"https:\/\/neoqi.com\/","logo":{"@type":"ImageObject","inLanguage":"de","@id":"https:\/\/neoqi.com\/#\/schema\/logo\/image\/","url":"https:\/\/neoqi.com\/wp-content\/uploads\/2024\/09\/logoneosvg.svg","contentUrl":"https:\/\/neoqi.com\/wp-content\/uploads\/2024\/09\/logoneosvg.svg","width":1,"height":1,"caption":"NEOQI"},"image":{"@id":"https:\/\/neoqi.com\/#\/schema\/logo\/image\/"},"sameAs":["https:\/\/www.facebook.com\/neoqi\/","https:\/\/www.instagram.com\/neoqi_com\/"]}]}},"_links":{"self":[{"href":"https:\/\/neoqi.com\/de\/wp-json\/wp\/v2\/pages\/1989","targetHints":{"allow":["GET"]}}],"collection":[{"href":"https:\/\/neoqi.com\/de\/wp-json\/wp\/v2\/pages"}],"about":[{"href":"https:\/\/neoqi.com\/de\/wp-json\/wp\/v2\/types\/page"}],"author":[{"embeddable":true,"href":"https:\/\/neoqi.com\/de\/wp-json\/wp\/v2\/users\/3"}],"replies":[{"embeddable":true,"href":"https:\/\/neoqi.com\/de\/wp-json\/wp\/v2\/comments?post=1989"}],"version-history":[{"count":1,"href":"https:\/\/neoqi.com\/de\/wp-json\/wp\/v2\/pages\/1989\/revisions"}],"predecessor-version":[{"id":1990,"href":"https:\/\/neoqi.com\/de\/wp-json\/wp\/v2\/pages\/1989\/revisions\/1990"}],"up":[{"embeddable":true,"href":"https:\/\/neoqi.com\/de\/wp-json\/wp\/v2\/pages\/1957"}],"wp:attachment":[{"href":"https:\/\/neoqi.com\/de\/wp-json\/wp\/v2\/media?parent=1989"}],"curies":[{"name":"wp","href":"https:\/\/api.w.org\/{rel}","templated":true}]}}