{"id":1995,"date":"2024-09-06T20:59:45","date_gmt":"2024-09-06T17:59:45","guid":{"rendered":"http:\/\/neoqi.com\/?page_id=1995"},"modified":"2024-09-06T20:59:45","modified_gmt":"2024-09-06T17:59:45","slug":"express-pampering","status":"publish","type":"page","link":"https:\/\/neoqi.com\/de\/how-it-works\/treatment-programs\/express-pampering\/","title":{"rendered":"Express-Verw\u00f6hnung"},"content":{"rendered":"<p>Express-K\u00f6rperpflege - 45 min*<\/p>\n<p>* beinhaltet nicht die Zeit, die f\u00fcr die Vorbereitung des Kokons f\u00fcr die Behandlung und die Reinigung nach der Behandlung aufgewendet wird.<\/p>\n<p>Vorteile: Tiefenreinigung der Haut, Aktivierung der Regeneration der Hautzellen, Wiederherstellung des mineralischen Gleichgewichts, Normalisierung des Schlafs, starke Aufladung mit Lebendigkeit und Energie; Stressbew\u00e4ltigung, verbessertes k\u00f6rperliches Wohlbefinden und erh\u00f6htes Stressniveau. Die Haut wird wieder geschmeidig und erh\u00e4lt einen strahlenden, gesunden Glanz.<\/p>\n<p>Vorbereitung auf die Behandlung:<\/p>\n<p>W\u00e4rmen Sie den Kokon auf, indem Sie die Dampf- und IR-Sauna-Funktion 10 Minuten vor Beginn der Behandlung einschalten.<br \/>\nBereiten Sie den Duftspender vor, indem Sie die erforderliche Menge an Tropfen \u00e4therischen \u00d6ls hinzuf\u00fcgen.<br \/>\nSchalten Sie die Musik und die LED-Lichter ein, die die Entspannung f\u00f6rdern.<\/p>\n<p>Farben der Farbtherapie<\/p>\n<p>Stimulierend: Rot, Orange, Gelb, Wei\u00df.<\/p>\n<p>Entspannend: Gr\u00fcn, Blau, Violett, Wei\u00df.<\/p>\n<p>Vibration<\/p>\n<p>Stimulierend: mittelschnell.<\/p>\n<p>Entspannend: langsame Welle.<\/p>\n<p>Ben\u00f6tigte Produkte: \u00e4therisches Aroma\u00f6l, Peeling\/Scrub, Abschlussprodukt (Creme, Lotion, Milch, \u00d6l).<\/p>\n<p>Vor der Behandlung:<\/p>\n<p>die Bed\u00fcrfnisse und W\u00fcnsche des Kunden pr\u00fcfen;<br \/>\nden Verlauf der Behandlung erkl\u00e4ren;<br \/>\nden Kunden \u00fcber die Kontraindikationen f\u00fcr die Behandlung zu informieren (siehe separate Seite).<\/p>\n<p>Der Ablauf der Behandlung:<\/p>\n<p>PEELING - 15-20 Minuten:<\/p>\n<p>Bitten Sie Ihren Kunden, sich auf die vibrierende Behandlungsliege zu legen und den gesamten K\u00f6rper gr\u00fcndlich zu peelen. Schlie\u00dfen Sie die Haube und schalten Sie sie ein:<br \/>\n- Dampf- und Aufgusssauna (die Temperatur kann individuell gew\u00e4hlt werden);<\/p>\n<p>- Vibration (langsamer, sanfter Vibrationsmodus wird gew\u00e4hlt);<\/p>\n<p>- Chromotherapie;<\/p>\n<p>- Gesichtsventilator.<\/p>\n<p>VICHY DUSCHE - 3-5 Minuten:<\/p>\n<p>Nach Ablauf der Zeit schalten Sie die Infrarot- und Dampfsauna aus.<br \/>\nVerwenden Sie die Vichy-Dusche, um das Peeling abzusp\u00fclen;<br \/>\n\u00d6ffnen Sie die Haube und tupfen Sie das \u00fcbersch\u00fcssige Wasser von der Haut ab.<\/p>\n<p>Helfen Sie Ihrem Kunden beim Aufstehen, um die Haut abzutrocknen, bieten Sie ihm einen Bademantel und eine M\u00f6glichkeit zum Ausruhen an. Bereiten Sie in der Zwischenzeit den Tisch f\u00fcr die Massageanwendung vor.<\/p>\n<p>MASSAGEANWENDUNG - 15-20 Minuten:<\/p>\n<p>Bitten Sie Ihren Kunden, sich in Bauchlage auf den Tisch zu legen. Tragen Sie das Endprodukt mit leichten Massagebewegungen auf, die die Muskelfasern schonen.<br \/>\nZiehen Sie dem Kunden Hausschuhe an die F\u00fc\u00dfe und helfen Sie ihm beim Aufstehen.<\/p>\n<p>Bieten Sie Ihrem Kunden am Ende der Behandlung die M\u00f6glichkeit, sich zu entspannen.<\/p>\n<p>Es wird empfohlen, 1-2 Behandlungen pro Woche durchzuf\u00fchren, bei einer Behandlungsserie von 8 - 15 Behandlungen.<\/p>\n<p>Es wird empfohlen, bei jeder K\u00f6rperpflegebehandlung auch eine Gesichtsbehandlung durchzuf\u00fchren.<\/p>\n<p>Wir empfehlen, Behandlungen in NeoQi\u00ae mit professioneller Meereskosmetik EST\u00ed zu kombinieren.<\/p>","protected":false},"excerpt":{"rendered":"<p>Express Body Care \u2013 45 min* * does not include the time spent on preparing the cocoon for the treatment and cleaning after the treatment. Benefits: deep cleansing of the skin, activating regeneration of skin cells, restores mineral balance, normalizes sleep, powerful charge of vivacity and energy; coping with stress, improved physical well-being and increased [&hellip;]<\/p>\n","protected":false},"author":3,"featured_media":0,"parent":1957,"menu_order":0,"comment_status":"closed","ping_status":"closed","template":"","meta":{"_acf_changed":false,"site-sidebar-layout":"default","site-content-layout":"","ast-site-content-layout":"default","site-content-style":"default","site-sidebar-style":"default","ast-global-header-display":"","ast-banner-title-visibility":"","ast-main-header-display":"","ast-hfb-above-header-display":"","ast-hfb-below-header-display":"","ast-hfb-mobile-header-display":"","site-post-title":"","ast-breadcrumbs-content":"","ast-featured-img":"","footer-sml-layout":"","ast-disable-related-posts":"","theme-transparent-header-meta":"default","adv-header-id-meta":"","stick-header-meta":"","header-above-stick-meta":"","header-main-stick-meta":"","header-below-stick-meta":"","astra-migrate-meta-layouts":"set","ast-page-background-enabled":"default","ast-page-background-meta":{"desktop":{"background-color":"var(--ast-global-color-4)","background-image":"","background-repeat":"repeat","background-position":"center center","background-size":"auto","background-attachment":"scroll","background-type":"","background-media":"","overlay-type":"","overlay-color":"","overlay-opacity":"","overlay-gradient":""},"tablet":{"background-color":"","background-image":"","background-repeat":"repeat","background-position":"center center","background-size":"auto","background-attachment":"scroll","background-type":"","background-media":"","overlay-type":"","overlay-color":"","overlay-opacity":"","overlay-gradient":""},"mobile":{"background-color":"","background-image":"","background-repeat":"repeat","background-position":"center center","background-size":"auto","background-attachment":"scroll","background-type":"","background-media":"","overlay-type":"","overlay-color":"","overlay-opacity":"","overlay-gradient":""}},"ast-content-background-meta":{"desktop":{"background-color":"var(--ast-global-color-5)","background-image":"","background-repeat":"repeat","background-position":"center center","background-size":"auto","background-attachment":"scroll","background-type":"","background-media":"","overlay-type":"","overlay-color":"","overlay-opacity":"","overlay-gradient":""},"tablet":{"background-color":"var(--ast-global-color-5)","background-image":"","background-repeat":"repeat","background-position":"center center","background-size":"auto","background-attachment":"scroll","background-type":"","background-media":"","overlay-type":"","overlay-color":"","overlay-opacity":"","overlay-gradient":""},"mobile":{"background-color":"var(--ast-global-color-5)","background-image":"","background-repeat":"repeat","background-position":"center center","background-size":"auto","background-attachment":"scroll","background-type":"","background-media":"","overlay-type":"","overlay-color":"","overlay-opacity":"","overlay-gradient":""}},"footnotes":""},"class_list":["post-1995","page","type-page","status-publish","hentry"],"acf":[],"yoast_head":"<!-- This site is optimized with the Yoast SEO plugin v27.4 - https:\/\/yoast.com\/product\/yoast-seo-wordpress\/ -->\n<title>Express Pampering - NEOQI<\/title>\n<meta name=\"robots\" content=\"index, follow, max-snippet:-1, max-image-preview:large, max-video-preview:-1\" \/>\n<link rel=\"canonical\" href=\"https:\/\/neoqi.com\/de\/how-it-works\/treatment-programs\/express-pampering\/\" \/>\n<meta property=\"og:locale\" content=\"de_DE\" \/>\n<meta property=\"og:type\" content=\"article\" \/>\n<meta property=\"og:title\" content=\"Express Pampering - NEOQI\" \/>\n<meta property=\"og:description\" content=\"Express Body Care \u2013 45 min* * does not include the time spent on preparing the cocoon for the treatment and cleaning after the treatment. Benefits: deep cleansing of the skin, activating regeneration of skin cells, restores mineral balance, normalizes sleep, powerful charge of vivacity and energy; coping with stress, improved physical well-being and increased [&hellip;]\" \/>\n<meta property=\"og:url\" content=\"https:\/\/neoqi.com\/de\/how-it-works\/treatment-programs\/express-pampering\/\" \/>\n<meta property=\"og:site_name\" content=\"NEOQI\" \/>\n<meta property=\"article:publisher\" content=\"https:\/\/www.facebook.com\/neoqi\/\" \/>\n<meta name=\"twitter:card\" content=\"summary_large_image\" \/>\n<meta name=\"twitter:label1\" content=\"Gesch\u00e4tzte Lesezeit\" \/>\n\t<meta name=\"twitter:data1\" content=\"2\u00a0Minuten\" \/>\n<script type=\"application\/ld+json\" class=\"yoast-schema-graph\">{\"@context\":\"https:\\\/\\\/schema.org\",\"@graph\":[{\"@type\":\"WebPage\",\"@id\":\"https:\\\/\\\/neoqi.com\\\/how-it-works\\\/treatment-programs\\\/express-pampering\\\/\",\"url\":\"https:\\\/\\\/neoqi.com\\\/how-it-works\\\/treatment-programs\\\/express-pampering\\\/\",\"name\":\"Express Pampering - NEOQI\",\"isPartOf\":{\"@id\":\"https:\\\/\\\/neoqi.com\\\/#website\"},\"datePublished\":\"2024-09-06T17:59:45+00:00\",\"breadcrumb\":{\"@id\":\"https:\\\/\\\/neoqi.com\\\/how-it-works\\\/treatment-programs\\\/express-pampering\\\/#breadcrumb\"},\"inLanguage\":\"de\",\"potentialAction\":[{\"@type\":\"ReadAction\",\"target\":[\"https:\\\/\\\/neoqi.com\\\/how-it-works\\\/treatment-programs\\\/express-pampering\\\/\"]}]},{\"@type\":\"BreadcrumbList\",\"@id\":\"https:\\\/\\\/neoqi.com\\\/how-it-works\\\/treatment-programs\\\/express-pampering\\\/#breadcrumb\",\"itemListElement\":[{\"@type\":\"ListItem\",\"position\":1,\"name\":\"Home\",\"item\":\"https:\\\/\\\/neoqi.com\\\/\"},{\"@type\":\"ListItem\",\"position\":2,\"name\":\"How it Works\",\"item\":\"https:\\\/\\\/neoqi.com\\\/ru\\\/how-it-works\\\/\"},{\"@type\":\"ListItem\",\"position\":3,\"name\":\"Treatment Programs\",\"item\":\"https:\\\/\\\/neoqi.com\\\/how-it-works\\\/treatment-programs\\\/\"},{\"@type\":\"ListItem\",\"position\":4,\"name\":\"Express Pampering\"}]},{\"@type\":\"WebSite\",\"@id\":\"https:\\\/\\\/neoqi.com\\\/#website\",\"url\":\"https:\\\/\\\/neoqi.com\\\/\",\"name\":\"NEOQI\",\"description\":\"Experience Ultimate Wellness and Relaxation with NeoQi Spa Capsule: Your Path to Rejuvenation\",\"publisher\":{\"@id\":\"https:\\\/\\\/neoqi.com\\\/#organization\"},\"potentialAction\":[{\"@type\":\"SearchAction\",\"target\":{\"@type\":\"EntryPoint\",\"urlTemplate\":\"https:\\\/\\\/neoqi.com\\\/?s={search_term_string}\"},\"query-input\":{\"@type\":\"PropertyValueSpecification\",\"valueRequired\":true,\"valueName\":\"search_term_string\"}}],\"inLanguage\":\"de\"},{\"@type\":\"Organization\",\"@id\":\"https:\\\/\\\/neoqi.com\\\/#organization\",\"name\":\"NEOQI\",\"url\":\"https:\\\/\\\/neoqi.com\\\/\",\"logo\":{\"@type\":\"ImageObject\",\"inLanguage\":\"de\",\"@id\":\"https:\\\/\\\/neoqi.com\\\/#\\\/schema\\\/logo\\\/image\\\/\",\"url\":\"https:\\\/\\\/neoqi.com\\\/wp-content\\\/uploads\\\/2024\\\/09\\\/logoneosvg.svg\",\"contentUrl\":\"https:\\\/\\\/neoqi.com\\\/wp-content\\\/uploads\\\/2024\\\/09\\\/logoneosvg.svg\",\"width\":1,\"height\":1,\"caption\":\"NEOQI\"},\"image\":{\"@id\":\"https:\\\/\\\/neoqi.com\\\/#\\\/schema\\\/logo\\\/image\\\/\"},\"sameAs\":[\"https:\\\/\\\/www.facebook.com\\\/neoqi\\\/\",\"https:\\\/\\\/www.instagram.com\\\/neoqi_com\\\/\"]}]}<\/script>\n<!-- \/ Yoast SEO plugin. -->","yoast_head_json":{"title":"Express Pampering - NEOQI","robots":{"index":"index","follow":"follow","max-snippet":"max-snippet:-1","max-image-preview":"max-image-preview:large","max-video-preview":"max-video-preview:-1"},"canonical":"https:\/\/neoqi.com\/de\/how-it-works\/treatment-programs\/express-pampering\/","og_locale":"de_DE","og_type":"article","og_title":"Express Pampering - NEOQI","og_description":"Express Body Care \u2013 45 min* * does not include the time spent on preparing the cocoon for the treatment and cleaning after the treatment. Benefits: deep cleansing of the skin, activating regeneration of skin cells, restores mineral balance, normalizes sleep, powerful charge of vivacity and energy; coping with stress, improved physical well-being and increased [&hellip;]","og_url":"https:\/\/neoqi.com\/de\/how-it-works\/treatment-programs\/express-pampering\/","og_site_name":"NEOQI","article_publisher":"https:\/\/www.facebook.com\/neoqi\/","twitter_card":"summary_large_image","twitter_misc":{"Gesch\u00e4tzte Lesezeit":"2\u00a0Minuten"},"schema":{"@context":"https:\/\/schema.org","@graph":[{"@type":"WebPage","@id":"https:\/\/neoqi.com\/how-it-works\/treatment-programs\/express-pampering\/","url":"https:\/\/neoqi.com\/how-it-works\/treatment-programs\/express-pampering\/","name":"Express Pampering - NEOQI","isPartOf":{"@id":"https:\/\/neoqi.com\/#website"},"datePublished":"2024-09-06T17:59:45+00:00","breadcrumb":{"@id":"https:\/\/neoqi.com\/how-it-works\/treatment-programs\/express-pampering\/#breadcrumb"},"inLanguage":"de","potentialAction":[{"@type":"ReadAction","target":["https:\/\/neoqi.com\/how-it-works\/treatment-programs\/express-pampering\/"]}]},{"@type":"BreadcrumbList","@id":"https:\/\/neoqi.com\/how-it-works\/treatment-programs\/express-pampering\/#breadcrumb","itemListElement":[{"@type":"ListItem","position":1,"name":"Home","item":"https:\/\/neoqi.com\/"},{"@type":"ListItem","position":2,"name":"How it Works","item":"https:\/\/neoqi.com\/ru\/how-it-works\/"},{"@type":"ListItem","position":3,"name":"Treatment Programs","item":"https:\/\/neoqi.com\/how-it-works\/treatment-programs\/"},{"@type":"ListItem","position":4,"name":"Express Pampering"}]},{"@type":"WebSite","@id":"https:\/\/neoqi.com\/#website","url":"https:\/\/neoqi.com\/","name":"NEOQI","description":"Erleben Sie ultimative Wellness und Entspannung mit NeoQi Spa Capsule: Ihr Weg zur Verj\u00fcngung","publisher":{"@id":"https:\/\/neoqi.com\/#organization"},"potentialAction":[{"@type":"SearchAction","target":{"@type":"EntryPoint","urlTemplate":"https:\/\/neoqi.com\/?s={search_term_string}"},"query-input":{"@type":"PropertyValueSpecification","valueRequired":true,"valueName":"search_term_string"}}],"inLanguage":"de"},{"@type":"Organization","@id":"https:\/\/neoqi.com\/#organization","name":"NEOQI","url":"https:\/\/neoqi.com\/","logo":{"@type":"ImageObject","inLanguage":"de","@id":"https:\/\/neoqi.com\/#\/schema\/logo\/image\/","url":"https:\/\/neoqi.com\/wp-content\/uploads\/2024\/09\/logoneosvg.svg","contentUrl":"https:\/\/neoqi.com\/wp-content\/uploads\/2024\/09\/logoneosvg.svg","width":1,"height":1,"caption":"NEOQI"},"image":{"@id":"https:\/\/neoqi.com\/#\/schema\/logo\/image\/"},"sameAs":["https:\/\/www.facebook.com\/neoqi\/","https:\/\/www.instagram.com\/neoqi_com\/"]}]}},"_links":{"self":[{"href":"https:\/\/neoqi.com\/de\/wp-json\/wp\/v2\/pages\/1995","targetHints":{"allow":["GET"]}}],"collection":[{"href":"https:\/\/neoqi.com\/de\/wp-json\/wp\/v2\/pages"}],"about":[{"href":"https:\/\/neoqi.com\/de\/wp-json\/wp\/v2\/types\/page"}],"author":[{"embeddable":true,"href":"https:\/\/neoqi.com\/de\/wp-json\/wp\/v2\/users\/3"}],"replies":[{"embeddable":true,"href":"https:\/\/neoqi.com\/de\/wp-json\/wp\/v2\/comments?post=1995"}],"version-history":[{"count":1,"href":"https:\/\/neoqi.com\/de\/wp-json\/wp\/v2\/pages\/1995\/revisions"}],"predecessor-version":[{"id":1996,"href":"https:\/\/neoqi.com\/de\/wp-json\/wp\/v2\/pages\/1995\/revisions\/1996"}],"up":[{"embeddable":true,"href":"https:\/\/neoqi.com\/de\/wp-json\/wp\/v2\/pages\/1957"}],"wp:attachment":[{"href":"https:\/\/neoqi.com\/de\/wp-json\/wp\/v2\/media?parent=1995"}],"curies":[{"name":"wp","href":"https:\/\/api.w.org\/{rel}","templated":true}]}}