{"id":1997,"date":"2024-09-06T21:00:28","date_gmt":"2024-09-06T18:00:28","guid":{"rendered":"http:\/\/neoqi.com\/?page_id=1997"},"modified":"2024-09-06T21:00:28","modified_gmt":"2024-09-06T18:00:28","slug":"facials","status":"publish","type":"page","link":"https:\/\/neoqi.com\/de\/how-it-works\/treatment-programs\/facials\/","title":{"rendered":"Gesichtsbehandlungen"},"content":{"rendered":"<p>Mini-Gesichtsbehandlung - 12-20 min* w\u00e4hrend der K\u00f6rperpflege im NeoQi\u00ae Energiekokon<\/p>\n<p>* Kurze Gesichtsbehandlungen k\u00f6nnen ohne Maskenphase durchgef\u00fchrt werden.<\/p>\n<p>Vorteile: Gesichtspflege, die mit der K\u00f6rperpflege kombiniert werden sollte, reinigt und befeuchtet in kurzer Zeit die Epidermis, n\u00e4hrt und verj\u00fcngt, erzeugt einen Lifting-Effekt, strafft die Haut, f\u00f6rdert die Zellregeneration, bietet einen Anti-Age-Effekt.<\/p>\n<p>Vorbereitung auf die Behandlung:<\/p>\n<p>Bereiten Sie eine Sch\u00fcssel mit warmem bis hei\u00dfem Wasser vor und f\u00fcgen Sie 1-2 Tropfen eines \u00e4therischen \u00d6ls mit entspannendem Aroma hinzu;<br \/>\n2 kleine Handt\u00fccher in einer Sch\u00fcssel einweichen.<\/p>\n<p>Ben\u00f6tigte Produkte:<\/p>\n<p>\u00c4therisches Aroma\u00f6l.<br \/>\nMake-up-Entferner (Milch, Gel).<br \/>\nPeeling\/Schrubben.<br \/>\nTonic Lotion.<br \/>\nGesichtsmaske*.<br \/>\nEndg\u00fcltiges Produkt (Creme, Lotion, Milch, \u00d6l).<\/p>\n<p>Vor der Behandlung:<\/p>\n<p>die Bed\u00fcrfnisse und W\u00fcnsche des Kunden pr\u00fcfen;<br \/>\nden Verlauf der Behandlung erkl\u00e4ren;<br \/>\nden Kunden \u00fcber die Kontraindikationen f\u00fcr die Behandlung zu informieren (siehe separate Seite).<\/p>\n<p>Der Ablauf der Behandlung:<\/p>\n<p>REINIGUNG - 2-3 Minuten:<\/p>\n<p>Tragen Sie die Reinigungsmilch mit leicht kreisenden Bewegungen auf Gesicht und Hals auf;<br \/>\nMit warmen Handt\u00fcchern entfernen. Den Vorgang 2 Mal wiederholen.<\/p>\n<p>3-4 Minuten sch\u00e4len:<\/p>\n<p>Eine d\u00fcnne Schicht des Peelings auf Gesicht und Hals auftragen. Mit leichten, kreisenden Massagebewegungen sanft exfolieren und dabei die Augenpartie aussparen;<br \/>\nMit warmen Handt\u00fcchern entfernen, 2 Mal. Tupfen Sie \u00fcbersch\u00fcssiges Wasser mit einem Tuch vom Gesicht ab;<br \/>\nDie Lotion auf einen Wattebausch geben und auf Gesicht und Hals auftragen.<\/p>\n<p>MASKE 10-12 Minuten *:<\/p>\n<p>Eine d\u00fcnne Schicht der Maske auf Gesicht und Hals auftragen. Wattepads mit Tonic auf den Augen anfeuchten. F\u00fcr 10 Minuten einwirken lassen;<br \/>\nJe nach Gesichtsmaske, wenn m\u00f6glich, eine leichte Gesichtsmassage durchf\u00fchren;<br \/>\nMit warmen Handt\u00fcchern entfernen, 2 Mal. Tupfen Sie \u00fcbersch\u00fcssiges Wasser mit einem Tuch vom Gesicht ab;<br \/>\nDie Lotion auf einen Wattebausch geben und auf Gesicht und Hals auftragen.<\/p>\n<p>FINALISIEREN Sie 1-2 Minuten:<\/p>\n<p>Tragen Sie die Feuchtigkeitscreme mit leichten Massagebewegungen auf Gesicht und Hals auf.<\/p>\n<p>Es wird empfohlen, bei jeder K\u00f6rperpflegebehandlung eine Gesichtsbehandlung durchzuf\u00fchren.<\/p>\n<p>Wir empfehlen, Behandlungen in NeoQi\u00ae mit professioneller Meereskosmetik EST\u00ed zu kombinieren.<\/p>","protected":false},"excerpt":{"rendered":"<p>Mini Facial \u2013 12-20 min* during body care treatment in NeoQi\u00ae energy cocoon * Short facial treatments can be carried out without Mask phase. Benefits: face care that should be combined with body care treatments, in a short period of time cleanses and hydrates epidermis, nourishes and rejuvenates, creates effect of lifting, tones skin, promotes [&hellip;]<\/p>\n","protected":false},"author":3,"featured_media":0,"parent":1957,"menu_order":0,"comment_status":"closed","ping_status":"closed","template":"","meta":{"_acf_changed":false,"site-sidebar-layout":"default","site-content-layout":"","ast-site-content-layout":"default","site-content-style":"default","site-sidebar-style":"default","ast-global-header-display":"","ast-banner-title-visibility":"","ast-main-header-display":"","ast-hfb-above-header-display":"","ast-hfb-below-header-display":"","ast-hfb-mobile-header-display":"","site-post-title":"","ast-breadcrumbs-content":"","ast-featured-img":"","footer-sml-layout":"","ast-disable-related-posts":"","theme-transparent-header-meta":"default","adv-header-id-meta":"","stick-header-meta":"","header-above-stick-meta":"","header-main-stick-meta":"","header-below-stick-meta":"","astra-migrate-meta-layouts":"set","ast-page-background-enabled":"default","ast-page-background-meta":{"desktop":{"background-color":"var(--ast-global-color-4)","background-image":"","background-repeat":"repeat","background-position":"center center","background-size":"auto","background-attachment":"scroll","background-type":"","background-media":"","overlay-type":"","overlay-color":"","overlay-opacity":"","overlay-gradient":""},"tablet":{"background-color":"","background-image":"","background-repeat":"repeat","background-position":"center center","background-size":"auto","background-attachment":"scroll","background-type":"","background-media":"","overlay-type":"","overlay-color":"","overlay-opacity":"","overlay-gradient":""},"mobile":{"background-color":"","background-image":"","background-repeat":"repeat","background-position":"center center","background-size":"auto","background-attachment":"scroll","background-type":"","background-media":"","overlay-type":"","overlay-color":"","overlay-opacity":"","overlay-gradient":""}},"ast-content-background-meta":{"desktop":{"background-color":"var(--ast-global-color-5)","background-image":"","background-repeat":"repeat","background-position":"center center","background-size":"auto","background-attachment":"scroll","background-type":"","background-media":"","overlay-type":"","overlay-color":"","overlay-opacity":"","overlay-gradient":""},"tablet":{"background-color":"var(--ast-global-color-5)","background-image":"","background-repeat":"repeat","background-position":"center center","background-size":"auto","background-attachment":"scroll","background-type":"","background-media":"","overlay-type":"","overlay-color":"","overlay-opacity":"","overlay-gradient":""},"mobile":{"background-color":"var(--ast-global-color-5)","background-image":"","background-repeat":"repeat","background-position":"center center","background-size":"auto","background-attachment":"scroll","background-type":"","background-media":"","overlay-type":"","overlay-color":"","overlay-opacity":"","overlay-gradient":""}},"footnotes":""},"class_list":["post-1997","page","type-page","status-publish","hentry"],"acf":[],"yoast_head":"<!-- This site is optimized with the Yoast SEO plugin v27.4 - https:\/\/yoast.com\/product\/yoast-seo-wordpress\/ -->\n<title>Facials - NEOQI<\/title>\n<meta name=\"robots\" content=\"index, follow, max-snippet:-1, max-image-preview:large, max-video-preview:-1\" \/>\n<link rel=\"canonical\" href=\"https:\/\/neoqi.com\/de\/how-it-works\/treatment-programs\/facials\/\" \/>\n<meta property=\"og:locale\" content=\"de_DE\" \/>\n<meta property=\"og:type\" content=\"article\" \/>\n<meta property=\"og:title\" content=\"Facials - NEOQI\" \/>\n<meta property=\"og:description\" content=\"Mini Facial \u2013 12-20 min* during body care treatment in NeoQi\u00ae energy cocoon * Short facial treatments can be carried out without Mask phase. Benefits: face care that should be combined with body care treatments, in a short period of time cleanses and hydrates epidermis, nourishes and rejuvenates, creates effect of lifting, tones skin, promotes [&hellip;]\" \/>\n<meta property=\"og:url\" content=\"https:\/\/neoqi.com\/de\/how-it-works\/treatment-programs\/facials\/\" \/>\n<meta property=\"og:site_name\" content=\"NEOQI\" \/>\n<meta property=\"article:publisher\" content=\"https:\/\/www.facebook.com\/neoqi\/\" \/>\n<meta name=\"twitter:card\" content=\"summary_large_image\" \/>\n<meta name=\"twitter:label1\" content=\"Gesch\u00e4tzte Lesezeit\" \/>\n\t<meta name=\"twitter:data1\" content=\"2\u00a0Minuten\" \/>\n<script type=\"application\/ld+json\" class=\"yoast-schema-graph\">{\"@context\":\"https:\\\/\\\/schema.org\",\"@graph\":[{\"@type\":\"WebPage\",\"@id\":\"https:\\\/\\\/neoqi.com\\\/how-it-works\\\/treatment-programs\\\/facials\\\/\",\"url\":\"https:\\\/\\\/neoqi.com\\\/how-it-works\\\/treatment-programs\\\/facials\\\/\",\"name\":\"Facials - NEOQI\",\"isPartOf\":{\"@id\":\"https:\\\/\\\/neoqi.com\\\/#website\"},\"datePublished\":\"2024-09-06T18:00:28+00:00\",\"breadcrumb\":{\"@id\":\"https:\\\/\\\/neoqi.com\\\/how-it-works\\\/treatment-programs\\\/facials\\\/#breadcrumb\"},\"inLanguage\":\"de\",\"potentialAction\":[{\"@type\":\"ReadAction\",\"target\":[\"https:\\\/\\\/neoqi.com\\\/how-it-works\\\/treatment-programs\\\/facials\\\/\"]}]},{\"@type\":\"BreadcrumbList\",\"@id\":\"https:\\\/\\\/neoqi.com\\\/how-it-works\\\/treatment-programs\\\/facials\\\/#breadcrumb\",\"itemListElement\":[{\"@type\":\"ListItem\",\"position\":1,\"name\":\"Home\",\"item\":\"https:\\\/\\\/neoqi.com\\\/\"},{\"@type\":\"ListItem\",\"position\":2,\"name\":\"How it Works\",\"item\":\"https:\\\/\\\/neoqi.com\\\/ru\\\/how-it-works\\\/\"},{\"@type\":\"ListItem\",\"position\":3,\"name\":\"Treatment Programs\",\"item\":\"https:\\\/\\\/neoqi.com\\\/how-it-works\\\/treatment-programs\\\/\"},{\"@type\":\"ListItem\",\"position\":4,\"name\":\"Facials\"}]},{\"@type\":\"WebSite\",\"@id\":\"https:\\\/\\\/neoqi.com\\\/#website\",\"url\":\"https:\\\/\\\/neoqi.com\\\/\",\"name\":\"NEOQI\",\"description\":\"Experience Ultimate Wellness and Relaxation with NeoQi Spa Capsule: Your Path to Rejuvenation\",\"publisher\":{\"@id\":\"https:\\\/\\\/neoqi.com\\\/#organization\"},\"potentialAction\":[{\"@type\":\"SearchAction\",\"target\":{\"@type\":\"EntryPoint\",\"urlTemplate\":\"https:\\\/\\\/neoqi.com\\\/?s={search_term_string}\"},\"query-input\":{\"@type\":\"PropertyValueSpecification\",\"valueRequired\":true,\"valueName\":\"search_term_string\"}}],\"inLanguage\":\"de\"},{\"@type\":\"Organization\",\"@id\":\"https:\\\/\\\/neoqi.com\\\/#organization\",\"name\":\"NEOQI\",\"url\":\"https:\\\/\\\/neoqi.com\\\/\",\"logo\":{\"@type\":\"ImageObject\",\"inLanguage\":\"de\",\"@id\":\"https:\\\/\\\/neoqi.com\\\/#\\\/schema\\\/logo\\\/image\\\/\",\"url\":\"https:\\\/\\\/neoqi.com\\\/wp-content\\\/uploads\\\/2024\\\/09\\\/logoneosvg.svg\",\"contentUrl\":\"https:\\\/\\\/neoqi.com\\\/wp-content\\\/uploads\\\/2024\\\/09\\\/logoneosvg.svg\",\"width\":1,\"height\":1,\"caption\":\"NEOQI\"},\"image\":{\"@id\":\"https:\\\/\\\/neoqi.com\\\/#\\\/schema\\\/logo\\\/image\\\/\"},\"sameAs\":[\"https:\\\/\\\/www.facebook.com\\\/neoqi\\\/\",\"https:\\\/\\\/www.instagram.com\\\/neoqi_com\\\/\"]}]}<\/script>\n<!-- \/ Yoast SEO plugin. -->","yoast_head_json":{"title":"Facials - NEOQI","robots":{"index":"index","follow":"follow","max-snippet":"max-snippet:-1","max-image-preview":"max-image-preview:large","max-video-preview":"max-video-preview:-1"},"canonical":"https:\/\/neoqi.com\/de\/how-it-works\/treatment-programs\/facials\/","og_locale":"de_DE","og_type":"article","og_title":"Facials - NEOQI","og_description":"Mini Facial \u2013 12-20 min* during body care treatment in NeoQi\u00ae energy cocoon * Short facial treatments can be carried out without Mask phase. Benefits: face care that should be combined with body care treatments, in a short period of time cleanses and hydrates epidermis, nourishes and rejuvenates, creates effect of lifting, tones skin, promotes [&hellip;]","og_url":"https:\/\/neoqi.com\/de\/how-it-works\/treatment-programs\/facials\/","og_site_name":"NEOQI","article_publisher":"https:\/\/www.facebook.com\/neoqi\/","twitter_card":"summary_large_image","twitter_misc":{"Gesch\u00e4tzte Lesezeit":"2\u00a0Minuten"},"schema":{"@context":"https:\/\/schema.org","@graph":[{"@type":"WebPage","@id":"https:\/\/neoqi.com\/how-it-works\/treatment-programs\/facials\/","url":"https:\/\/neoqi.com\/how-it-works\/treatment-programs\/facials\/","name":"Facials - NEOQI","isPartOf":{"@id":"https:\/\/neoqi.com\/#website"},"datePublished":"2024-09-06T18:00:28+00:00","breadcrumb":{"@id":"https:\/\/neoqi.com\/how-it-works\/treatment-programs\/facials\/#breadcrumb"},"inLanguage":"de","potentialAction":[{"@type":"ReadAction","target":["https:\/\/neoqi.com\/how-it-works\/treatment-programs\/facials\/"]}]},{"@type":"BreadcrumbList","@id":"https:\/\/neoqi.com\/how-it-works\/treatment-programs\/facials\/#breadcrumb","itemListElement":[{"@type":"ListItem","position":1,"name":"Home","item":"https:\/\/neoqi.com\/"},{"@type":"ListItem","position":2,"name":"How it Works","item":"https:\/\/neoqi.com\/ru\/how-it-works\/"},{"@type":"ListItem","position":3,"name":"Treatment Programs","item":"https:\/\/neoqi.com\/how-it-works\/treatment-programs\/"},{"@type":"ListItem","position":4,"name":"Facials"}]},{"@type":"WebSite","@id":"https:\/\/neoqi.com\/#website","url":"https:\/\/neoqi.com\/","name":"NEOQI","description":"Erleben Sie ultimative Wellness und Entspannung mit NeoQi Spa Capsule: Ihr Weg zur Verj\u00fcngung","publisher":{"@id":"https:\/\/neoqi.com\/#organization"},"potentialAction":[{"@type":"SearchAction","target":{"@type":"EntryPoint","urlTemplate":"https:\/\/neoqi.com\/?s={search_term_string}"},"query-input":{"@type":"PropertyValueSpecification","valueRequired":true,"valueName":"search_term_string"}}],"inLanguage":"de"},{"@type":"Organization","@id":"https:\/\/neoqi.com\/#organization","name":"NEOQI","url":"https:\/\/neoqi.com\/","logo":{"@type":"ImageObject","inLanguage":"de","@id":"https:\/\/neoqi.com\/#\/schema\/logo\/image\/","url":"https:\/\/neoqi.com\/wp-content\/uploads\/2024\/09\/logoneosvg.svg","contentUrl":"https:\/\/neoqi.com\/wp-content\/uploads\/2024\/09\/logoneosvg.svg","width":1,"height":1,"caption":"NEOQI"},"image":{"@id":"https:\/\/neoqi.com\/#\/schema\/logo\/image\/"},"sameAs":["https:\/\/www.facebook.com\/neoqi\/","https:\/\/www.instagram.com\/neoqi_com\/"]}]}},"_links":{"self":[{"href":"https:\/\/neoqi.com\/de\/wp-json\/wp\/v2\/pages\/1997","targetHints":{"allow":["GET"]}}],"collection":[{"href":"https:\/\/neoqi.com\/de\/wp-json\/wp\/v2\/pages"}],"about":[{"href":"https:\/\/neoqi.com\/de\/wp-json\/wp\/v2\/types\/page"}],"author":[{"embeddable":true,"href":"https:\/\/neoqi.com\/de\/wp-json\/wp\/v2\/users\/3"}],"replies":[{"embeddable":true,"href":"https:\/\/neoqi.com\/de\/wp-json\/wp\/v2\/comments?post=1997"}],"version-history":[{"count":1,"href":"https:\/\/neoqi.com\/de\/wp-json\/wp\/v2\/pages\/1997\/revisions"}],"predecessor-version":[{"id":1998,"href":"https:\/\/neoqi.com\/de\/wp-json\/wp\/v2\/pages\/1997\/revisions\/1998"}],"up":[{"embeddable":true,"href":"https:\/\/neoqi.com\/de\/wp-json\/wp\/v2\/pages\/1957"}],"wp:attachment":[{"href":"https:\/\/neoqi.com\/de\/wp-json\/wp\/v2\/media?parent=1997"}],"curies":[{"name":"wp","href":"https:\/\/api.w.org\/{rel}","templated":true}]}}