{"id":2001,"date":"2024-09-06T21:17:08","date_gmt":"2024-09-06T18:17:08","guid":{"rendered":"http:\/\/neoqi.com\/?page_id=2001"},"modified":"2024-09-06T21:17:08","modified_gmt":"2024-09-06T18:17:08","slug":"neoqi-offers","status":"publish","type":"page","link":"https:\/\/neoqi.com\/de\/neoqi-offers\/","title":{"rendered":"Neoqi Angebote"},"content":{"rendered":"<p>NeoQi bietet die Idee eines schnellen Return on Investment sowie ein stabiles Einkommensgesch\u00e4ft. Ein Energiekokon in einem Zentrum f\u00fcr \u00c4sthetik, Fitness und Medizin erm\u00f6glicht die Durchf\u00fchrung einer Vielzahl von notwendigen Behandlungen in nur einem Raum<\/p>\n<p>NeoQi SPA-Kapseln und Hydrotherapie-B\u00e4der erf\u00fcllen alle Normen und zeichnen sich durch besondere Qualit\u00e4t und Zuverl\u00e4ssigkeit aus. Deshalb werden unsere Produkte in 56 L\u00e4ndern sehr gesch\u00e4tzt.<\/p>\n<p>Wir bieten eine Reihe von Dienstleistungen an, die zur Prosperit\u00e4t Ihres Unternehmens beitragen:<\/p>\n<p>Beratung bei der Ausstattung der SPA-Kabine und der Einrichtung des Energiekokons\/-bads<br \/>\nBeratung beim Aufbau eines stabilen und florierenden Unternehmens<br \/>\nBenutzerschulung f\u00fcr NeoQi-Ger\u00e4te<br \/>\nVermittlung der effizientesten und wirksamsten Behandlungen<br \/>\nUmfassende und vielseitige Marketingunterst\u00fctzung f\u00fcr unsere Kunden<br \/>\nEine Reihe von spezialisierten Kosmetika, deren Verwendung die Produktivit\u00e4t aller Behandlungen um ein Vielfaches erh\u00f6ht<br \/>\nUnterst\u00fctzung von Dienstleistungen<br \/>\nJe nach Kundenwunsch k\u00f6nnen wir die SPA-Kapsel mit zus\u00e4tzlichen Funktionen und Eigenschaften ausstatten und so einen einzigartigen Energiekokon schaffen.<br \/>\nWir laden auch H\u00e4ndler, die in ihrer Region mit dem Wiederverkauf von SPA-Kapseln und Whirlpools befasst sind, ein, mit uns zusammenzuarbeiten. Wir organisieren f\u00fcr unsere H\u00e4ndler spezielle Schulungen \u00fcber den Verkauf und die Bedienung der Ger\u00e4te, versorgen sie mit dem notwendigen Informations- und Werbematerial, bieten ein flexibles Rabattsystem und f\u00fcr beide Seiten vorteilhafte Kooperationsbedingungen.<\/p>\n<p>Die Mitarbeiter der Firma NeoQi legen stets Wert auf ein individuelles Eingehen auf die Bed\u00fcrfnisse jedes einzelnen Kunden. Durch die enge Zusammenarbeit mit unseren Partnern bieten wir optimale und durchdachte Entscheidungen f\u00fcr Ihr Unternehmen.<\/p>\n<p>Gestalten Sie Ihr SPA-Zentrum mit NeoQi.<\/p>","protected":false},"excerpt":{"rendered":"<p>NeoQi offers the idea of a quick return on investment as well as a stable income business. Having an energy cocoon in an aesthetic, fitness and medical center allows to carry out a wide variety of necessary treatments within the space of just one room NeoQi SPA capsules and hydrotherapy baths meet all the standards [&hellip;]<\/p>\n","protected":false},"author":3,"featured_media":0,"parent":0,"menu_order":0,"comment_status":"closed","ping_status":"closed","template":"","meta":{"_acf_changed":false,"site-sidebar-layout":"default","site-content-layout":"","ast-site-content-layout":"default","site-content-style":"default","site-sidebar-style":"default","ast-global-header-display":"","ast-banner-title-visibility":"","ast-main-header-display":"","ast-hfb-above-header-display":"","ast-hfb-below-header-display":"","ast-hfb-mobile-header-display":"","site-post-title":"","ast-breadcrumbs-content":"","ast-featured-img":"","footer-sml-layout":"","ast-disable-related-posts":"","theme-transparent-header-meta":"default","adv-header-id-meta":"","stick-header-meta":"","header-above-stick-meta":"","header-main-stick-meta":"","header-below-stick-meta":"","astra-migrate-meta-layouts":"set","ast-page-background-enabled":"default","ast-page-background-meta":{"desktop":{"background-color":"var(--ast-global-color-4)","background-image":"","background-repeat":"repeat","background-position":"center center","background-size":"auto","background-attachment":"scroll","background-type":"","background-media":"","overlay-type":"","overlay-color":"","overlay-opacity":"","overlay-gradient":""},"tablet":{"background-color":"","background-image":"","background-repeat":"repeat","background-position":"center center","background-size":"auto","background-attachment":"scroll","background-type":"","background-media":"","overlay-type":"","overlay-color":"","overlay-opacity":"","overlay-gradient":""},"mobile":{"background-color":"","background-image":"","background-repeat":"repeat","background-position":"center center","background-size":"auto","background-attachment":"scroll","background-type":"","background-media":"","overlay-type":"","overlay-color":"","overlay-opacity":"","overlay-gradient":""}},"ast-content-background-meta":{"desktop":{"background-color":"var(--ast-global-color-5)","background-image":"","background-repeat":"repeat","background-position":"center center","background-size":"auto","background-attachment":"scroll","background-type":"","background-media":"","overlay-type":"","overlay-color":"","overlay-opacity":"","overlay-gradient":""},"tablet":{"background-color":"var(--ast-global-color-5)","background-image":"","background-repeat":"repeat","background-position":"center center","background-size":"auto","background-attachment":"scroll","background-type":"","background-media":"","overlay-type":"","overlay-color":"","overlay-opacity":"","overlay-gradient":""},"mobile":{"background-color":"var(--ast-global-color-5)","background-image":"","background-repeat":"repeat","background-position":"center center","background-size":"auto","background-attachment":"scroll","background-type":"","background-media":"","overlay-type":"","overlay-color":"","overlay-opacity":"","overlay-gradient":""}},"footnotes":""},"class_list":["post-2001","page","type-page","status-publish","hentry"],"acf":[],"yoast_head":"<!-- This site is optimized with the Yoast SEO plugin v27.4 - https:\/\/yoast.com\/product\/yoast-seo-wordpress\/ -->\n<title>Neoqi Offers - NEOQI<\/title>\n<meta name=\"robots\" content=\"index, follow, max-snippet:-1, max-image-preview:large, max-video-preview:-1\" \/>\n<link rel=\"canonical\" href=\"https:\/\/neoqi.com\/de\/neoqi-offers\/\" \/>\n<meta property=\"og:locale\" content=\"de_DE\" \/>\n<meta property=\"og:type\" content=\"article\" \/>\n<meta property=\"og:title\" content=\"Neoqi Offers - NEOQI\" \/>\n<meta property=\"og:description\" content=\"NeoQi offers the idea of a quick return on investment as well as a stable income business. Having an energy cocoon in an aesthetic, fitness and medical center allows to carry out a wide variety of necessary treatments within the space of just one room NeoQi SPA capsules and hydrotherapy baths meet all the standards [&hellip;]\" \/>\n<meta property=\"og:url\" content=\"https:\/\/neoqi.com\/de\/neoqi-offers\/\" \/>\n<meta property=\"og:site_name\" content=\"NEOQI\" \/>\n<meta property=\"article:publisher\" content=\"https:\/\/www.facebook.com\/neoqi\/\" \/>\n<meta name=\"twitter:card\" content=\"summary_large_image\" \/>\n<meta name=\"twitter:label1\" content=\"Gesch\u00e4tzte Lesezeit\" \/>\n\t<meta name=\"twitter:data1\" content=\"1\u00a0Minute\" \/>\n<script type=\"application\/ld+json\" class=\"yoast-schema-graph\">{\"@context\":\"https:\\\/\\\/schema.org\",\"@graph\":[{\"@type\":\"WebPage\",\"@id\":\"https:\\\/\\\/neoqi.com\\\/neoqi-offers\\\/\",\"url\":\"https:\\\/\\\/neoqi.com\\\/neoqi-offers\\\/\",\"name\":\"Neoqi Offers - NEOQI\",\"isPartOf\":{\"@id\":\"https:\\\/\\\/neoqi.com\\\/#website\"},\"datePublished\":\"2024-09-06T18:17:08+00:00\",\"breadcrumb\":{\"@id\":\"https:\\\/\\\/neoqi.com\\\/neoqi-offers\\\/#breadcrumb\"},\"inLanguage\":\"de\",\"potentialAction\":[{\"@type\":\"ReadAction\",\"target\":[\"https:\\\/\\\/neoqi.com\\\/neoqi-offers\\\/\"]}]},{\"@type\":\"BreadcrumbList\",\"@id\":\"https:\\\/\\\/neoqi.com\\\/neoqi-offers\\\/#breadcrumb\",\"itemListElement\":[{\"@type\":\"ListItem\",\"position\":1,\"name\":\"Home\",\"item\":\"https:\\\/\\\/neoqi.com\\\/\"},{\"@type\":\"ListItem\",\"position\":2,\"name\":\"Neoqi Offers\"}]},{\"@type\":\"WebSite\",\"@id\":\"https:\\\/\\\/neoqi.com\\\/#website\",\"url\":\"https:\\\/\\\/neoqi.com\\\/\",\"name\":\"NEOQI\",\"description\":\"Experience Ultimate Wellness and Relaxation with NeoQi Spa Capsule: Your Path to Rejuvenation\",\"publisher\":{\"@id\":\"https:\\\/\\\/neoqi.com\\\/#organization\"},\"potentialAction\":[{\"@type\":\"SearchAction\",\"target\":{\"@type\":\"EntryPoint\",\"urlTemplate\":\"https:\\\/\\\/neoqi.com\\\/?s={search_term_string}\"},\"query-input\":{\"@type\":\"PropertyValueSpecification\",\"valueRequired\":true,\"valueName\":\"search_term_string\"}}],\"inLanguage\":\"de\"},{\"@type\":\"Organization\",\"@id\":\"https:\\\/\\\/neoqi.com\\\/#organization\",\"name\":\"NEOQI\",\"url\":\"https:\\\/\\\/neoqi.com\\\/\",\"logo\":{\"@type\":\"ImageObject\",\"inLanguage\":\"de\",\"@id\":\"https:\\\/\\\/neoqi.com\\\/#\\\/schema\\\/logo\\\/image\\\/\",\"url\":\"https:\\\/\\\/neoqi.com\\\/wp-content\\\/uploads\\\/2024\\\/09\\\/logoneosvg.svg\",\"contentUrl\":\"https:\\\/\\\/neoqi.com\\\/wp-content\\\/uploads\\\/2024\\\/09\\\/logoneosvg.svg\",\"width\":1,\"height\":1,\"caption\":\"NEOQI\"},\"image\":{\"@id\":\"https:\\\/\\\/neoqi.com\\\/#\\\/schema\\\/logo\\\/image\\\/\"},\"sameAs\":[\"https:\\\/\\\/www.facebook.com\\\/neoqi\\\/\",\"https:\\\/\\\/www.instagram.com\\\/neoqi_com\\\/\"]}]}<\/script>\n<!-- \/ Yoast SEO plugin. -->","yoast_head_json":{"title":"Neoqi Offers - NEOQI","robots":{"index":"index","follow":"follow","max-snippet":"max-snippet:-1","max-image-preview":"max-image-preview:large","max-video-preview":"max-video-preview:-1"},"canonical":"https:\/\/neoqi.com\/de\/neoqi-offers\/","og_locale":"de_DE","og_type":"article","og_title":"Neoqi Offers - NEOQI","og_description":"NeoQi offers the idea of a quick return on investment as well as a stable income business. Having an energy cocoon in an aesthetic, fitness and medical center allows to carry out a wide variety of necessary treatments within the space of just one room NeoQi SPA capsules and hydrotherapy baths meet all the standards [&hellip;]","og_url":"https:\/\/neoqi.com\/de\/neoqi-offers\/","og_site_name":"NEOQI","article_publisher":"https:\/\/www.facebook.com\/neoqi\/","twitter_card":"summary_large_image","twitter_misc":{"Gesch\u00e4tzte Lesezeit":"1\u00a0Minute"},"schema":{"@context":"https:\/\/schema.org","@graph":[{"@type":"WebPage","@id":"https:\/\/neoqi.com\/neoqi-offers\/","url":"https:\/\/neoqi.com\/neoqi-offers\/","name":"Neoqi Offers - NEOQI","isPartOf":{"@id":"https:\/\/neoqi.com\/#website"},"datePublished":"2024-09-06T18:17:08+00:00","breadcrumb":{"@id":"https:\/\/neoqi.com\/neoqi-offers\/#breadcrumb"},"inLanguage":"de","potentialAction":[{"@type":"ReadAction","target":["https:\/\/neoqi.com\/neoqi-offers\/"]}]},{"@type":"BreadcrumbList","@id":"https:\/\/neoqi.com\/neoqi-offers\/#breadcrumb","itemListElement":[{"@type":"ListItem","position":1,"name":"Home","item":"https:\/\/neoqi.com\/"},{"@type":"ListItem","position":2,"name":"Neoqi Offers"}]},{"@type":"WebSite","@id":"https:\/\/neoqi.com\/#website","url":"https:\/\/neoqi.com\/","name":"NEOQI","description":"Erleben Sie ultimative Wellness und Entspannung mit NeoQi Spa Capsule: Ihr Weg zur Verj\u00fcngung","publisher":{"@id":"https:\/\/neoqi.com\/#organization"},"potentialAction":[{"@type":"SearchAction","target":{"@type":"EntryPoint","urlTemplate":"https:\/\/neoqi.com\/?s={search_term_string}"},"query-input":{"@type":"PropertyValueSpecification","valueRequired":true,"valueName":"search_term_string"}}],"inLanguage":"de"},{"@type":"Organization","@id":"https:\/\/neoqi.com\/#organization","name":"NEOQI","url":"https:\/\/neoqi.com\/","logo":{"@type":"ImageObject","inLanguage":"de","@id":"https:\/\/neoqi.com\/#\/schema\/logo\/image\/","url":"https:\/\/neoqi.com\/wp-content\/uploads\/2024\/09\/logoneosvg.svg","contentUrl":"https:\/\/neoqi.com\/wp-content\/uploads\/2024\/09\/logoneosvg.svg","width":1,"height":1,"caption":"NEOQI"},"image":{"@id":"https:\/\/neoqi.com\/#\/schema\/logo\/image\/"},"sameAs":["https:\/\/www.facebook.com\/neoqi\/","https:\/\/www.instagram.com\/neoqi_com\/"]}]}},"_links":{"self":[{"href":"https:\/\/neoqi.com\/de\/wp-json\/wp\/v2\/pages\/2001","targetHints":{"allow":["GET"]}}],"collection":[{"href":"https:\/\/neoqi.com\/de\/wp-json\/wp\/v2\/pages"}],"about":[{"href":"https:\/\/neoqi.com\/de\/wp-json\/wp\/v2\/types\/page"}],"author":[{"embeddable":true,"href":"https:\/\/neoqi.com\/de\/wp-json\/wp\/v2\/users\/3"}],"replies":[{"embeddable":true,"href":"https:\/\/neoqi.com\/de\/wp-json\/wp\/v2\/comments?post=2001"}],"version-history":[{"count":1,"href":"https:\/\/neoqi.com\/de\/wp-json\/wp\/v2\/pages\/2001\/revisions"}],"predecessor-version":[{"id":2002,"href":"https:\/\/neoqi.com\/de\/wp-json\/wp\/v2\/pages\/2001\/revisions\/2002"}],"wp:attachment":[{"href":"https:\/\/neoqi.com\/de\/wp-json\/wp\/v2\/media?parent=2001"}],"curies":[{"name":"wp","href":"https:\/\/api.w.org\/{rel}","templated":true}]}}