{"id":2005,"date":"2024-09-06T21:18:33","date_gmt":"2024-09-06T18:18:33","guid":{"rendered":"http:\/\/neoqi.com\/?page_id=2005"},"modified":"2024-09-06T21:18:33","modified_gmt":"2024-09-06T18:18:33","slug":"quality-and-design","status":"publish","type":"page","link":"https:\/\/neoqi.com\/de\/neoqi-offers\/quality-and-design\/","title":{"rendered":"Qualit\u00e4t und Design"},"content":{"rendered":"<p>NeoQi w\u00e4hlt nur die besten Materialien f\u00fcr die Produktion aus. Das Hauptmaterial, das bei der Herstellung verwendet wird, sind gegossene Sanit\u00e4r-Acrylplatten der Firma Lucite, einem weltweit f\u00fchrenden Unternehmen im Bereich Design, Entwicklung und Herstellung von Produkten auf Acrylbasis.<\/p>\n<p>Bei der Auswahl der Ersatzteile unter den europ\u00e4ischen Herstellern achten die technischen Experten besonders sorgf\u00e4ltig. Die wichtigsten Teile - Wasserpumpen, Luftkompressoren und Armaturen - stammen von der \u00f6sterreichischen Firma K\u00d6LLER, einem der \u00e4ltesten und angesehensten Hersteller von Whirlpoolkomponenten, dessen Produkte zweifellos zu den besten der Welt geh\u00f6ren. Mit mehr als 700 verschiedenen Zertifikaten ausgezeichnet, verwendet K\u00d6LLER f\u00fcr die Herstellung von Ger\u00e4ten und Komponenten nur neue Materialien (nicht recycelt).<\/p>\n<p>Jedes fertige Produkt wird vor der Auslieferung an den Kunden einer anspruchsvollen Qualit\u00e4tskontrolle und gr\u00fcndlichen technischen Tests unterzogen.<\/p>\n<p>Das ansprechende Design und die Langlebigkeit unserer Produkte wurden, abgesehen von unseren Kunden, mehrfach von einem der gr\u00f6\u00dften und renommiertesten Preisverleihungsprogramme f\u00fcr Produkt- und Projektdesign in der Kunst- und Designbranche ausgezeichnet - den ADEX Awards.<\/p>","protected":false},"excerpt":{"rendered":"<p>NeoQi selects only the best materials for production. The main material used in manufacturing is sanitary cast acrylic sheets from the company Lucite, a global leader in the design, development and manufacture of acrylic-based products. Technical experts pay especially careful attention when selecting spare parts among European manufacturers. The most important parts \u2013 water pumps, [&hellip;]<\/p>\n","protected":false},"author":3,"featured_media":0,"parent":2001,"menu_order":0,"comment_status":"closed","ping_status":"closed","template":"","meta":{"_acf_changed":false,"site-sidebar-layout":"default","site-content-layout":"","ast-site-content-layout":"default","site-content-style":"default","site-sidebar-style":"default","ast-global-header-display":"","ast-banner-title-visibility":"","ast-main-header-display":"","ast-hfb-above-header-display":"","ast-hfb-below-header-display":"","ast-hfb-mobile-header-display":"","site-post-title":"","ast-breadcrumbs-content":"","ast-featured-img":"","footer-sml-layout":"","ast-disable-related-posts":"","theme-transparent-header-meta":"default","adv-header-id-meta":"","stick-header-meta":"","header-above-stick-meta":"","header-main-stick-meta":"","header-below-stick-meta":"","astra-migrate-meta-layouts":"set","ast-page-background-enabled":"default","ast-page-background-meta":{"desktop":{"background-color":"var(--ast-global-color-4)","background-image":"","background-repeat":"repeat","background-position":"center center","background-size":"auto","background-attachment":"scroll","background-type":"","background-media":"","overlay-type":"","overlay-color":"","overlay-opacity":"","overlay-gradient":""},"tablet":{"background-color":"","background-image":"","background-repeat":"repeat","background-position":"center center","background-size":"auto","background-attachment":"scroll","background-type":"","background-media":"","overlay-type":"","overlay-color":"","overlay-opacity":"","overlay-gradient":""},"mobile":{"background-color":"","background-image":"","background-repeat":"repeat","background-position":"center center","background-size":"auto","background-attachment":"scroll","background-type":"","background-media":"","overlay-type":"","overlay-color":"","overlay-opacity":"","overlay-gradient":""}},"ast-content-background-meta":{"desktop":{"background-color":"var(--ast-global-color-5)","background-image":"","background-repeat":"repeat","background-position":"center center","background-size":"auto","background-attachment":"scroll","background-type":"","background-media":"","overlay-type":"","overlay-color":"","overlay-opacity":"","overlay-gradient":""},"tablet":{"background-color":"var(--ast-global-color-5)","background-image":"","background-repeat":"repeat","background-position":"center center","background-size":"auto","background-attachment":"scroll","background-type":"","background-media":"","overlay-type":"","overlay-color":"","overlay-opacity":"","overlay-gradient":""},"mobile":{"background-color":"var(--ast-global-color-5)","background-image":"","background-repeat":"repeat","background-position":"center center","background-size":"auto","background-attachment":"scroll","background-type":"","background-media":"","overlay-type":"","overlay-color":"","overlay-opacity":"","overlay-gradient":""}},"footnotes":""},"class_list":["post-2005","page","type-page","status-publish","hentry"],"acf":[],"yoast_head":"<!-- This site is optimized with the Yoast SEO plugin v27.6 - https:\/\/yoast.com\/product\/yoast-seo-wordpress\/ -->\n<title>Quality and Design - NEOQI<\/title>\n<meta name=\"robots\" content=\"index, follow, max-snippet:-1, max-image-preview:large, max-video-preview:-1\" \/>\n<link rel=\"canonical\" href=\"https:\/\/neoqi.com\/de\/neoqi-offers\/quality-and-design\/\" \/>\n<meta property=\"og:locale\" content=\"de_DE\" \/>\n<meta property=\"og:type\" content=\"article\" \/>\n<meta property=\"og:title\" content=\"Quality and Design - NEOQI\" \/>\n<meta property=\"og:description\" content=\"NeoQi selects only the best materials for production. The main material used in manufacturing is sanitary cast acrylic sheets from the company Lucite, a global leader in the design, development and manufacture of acrylic-based products. Technical experts pay especially careful attention when selecting spare parts among European manufacturers. The most important parts \u2013 water pumps, [&hellip;]\" \/>\n<meta property=\"og:url\" content=\"https:\/\/neoqi.com\/de\/neoqi-offers\/quality-and-design\/\" \/>\n<meta property=\"og:site_name\" content=\"NEOQI\" \/>\n<meta property=\"article:publisher\" content=\"https:\/\/www.facebook.com\/neoqi\/\" \/>\n<meta name=\"twitter:card\" content=\"summary_large_image\" \/>\n<meta name=\"twitter:label1\" content=\"Gesch\u00e4tzte Lesezeit\" \/>\n\t<meta name=\"twitter:data1\" content=\"1\u00a0Minute\" \/>\n<script type=\"application\/ld+json\" class=\"yoast-schema-graph\">{\"@context\":\"https:\\\/\\\/schema.org\",\"@graph\":[{\"@type\":\"WebPage\",\"@id\":\"https:\\\/\\\/neoqi.com\\\/neoqi-offers\\\/quality-and-design\\\/\",\"url\":\"https:\\\/\\\/neoqi.com\\\/neoqi-offers\\\/quality-and-design\\\/\",\"name\":\"Quality and Design - NEOQI\",\"isPartOf\":{\"@id\":\"https:\\\/\\\/neoqi.com\\\/#website\"},\"datePublished\":\"2024-09-06T18:18:33+00:00\",\"breadcrumb\":{\"@id\":\"https:\\\/\\\/neoqi.com\\\/neoqi-offers\\\/quality-and-design\\\/#breadcrumb\"},\"inLanguage\":\"de\",\"potentialAction\":[{\"@type\":\"ReadAction\",\"target\":[\"https:\\\/\\\/neoqi.com\\\/neoqi-offers\\\/quality-and-design\\\/\"]}]},{\"@type\":\"BreadcrumbList\",\"@id\":\"https:\\\/\\\/neoqi.com\\\/neoqi-offers\\\/quality-and-design\\\/#breadcrumb\",\"itemListElement\":[{\"@type\":\"ListItem\",\"position\":1,\"name\":\"Home\",\"item\":\"https:\\\/\\\/neoqi.com\\\/\"},{\"@type\":\"ListItem\",\"position\":2,\"name\":\"Neoqi Offers\",\"item\":\"https:\\\/\\\/neoqi.com\\\/neoqi-offers\\\/\"},{\"@type\":\"ListItem\",\"position\":3,\"name\":\"Quality and Design\"}]},{\"@type\":\"WebSite\",\"@id\":\"https:\\\/\\\/neoqi.com\\\/#website\",\"url\":\"https:\\\/\\\/neoqi.com\\\/\",\"name\":\"NEOQI\",\"description\":\"Experience Ultimate Wellness and Relaxation with NeoQi Spa Capsule: Your Path to Rejuvenation\",\"publisher\":{\"@id\":\"https:\\\/\\\/neoqi.com\\\/#organization\"},\"potentialAction\":[{\"@type\":\"SearchAction\",\"target\":{\"@type\":\"EntryPoint\",\"urlTemplate\":\"https:\\\/\\\/neoqi.com\\\/?s={search_term_string}\"},\"query-input\":{\"@type\":\"PropertyValueSpecification\",\"valueRequired\":true,\"valueName\":\"search_term_string\"}}],\"inLanguage\":\"de\"},{\"@type\":\"Organization\",\"@id\":\"https:\\\/\\\/neoqi.com\\\/#organization\",\"name\":\"NEOQI\",\"url\":\"https:\\\/\\\/neoqi.com\\\/\",\"logo\":{\"@type\":\"ImageObject\",\"inLanguage\":\"de\",\"@id\":\"https:\\\/\\\/neoqi.com\\\/#\\\/schema\\\/logo\\\/image\\\/\",\"url\":\"https:\\\/\\\/neoqi.com\\\/wp-content\\\/uploads\\\/2024\\\/09\\\/logoneosvg.svg\",\"contentUrl\":\"https:\\\/\\\/neoqi.com\\\/wp-content\\\/uploads\\\/2024\\\/09\\\/logoneosvg.svg\",\"width\":1,\"height\":1,\"caption\":\"NEOQI\"},\"image\":{\"@id\":\"https:\\\/\\\/neoqi.com\\\/#\\\/schema\\\/logo\\\/image\\\/\"},\"sameAs\":[\"https:\\\/\\\/www.facebook.com\\\/neoqi\\\/\",\"https:\\\/\\\/www.instagram.com\\\/neoqi_com\\\/\"]}]}<\/script>\n<!-- \/ Yoast SEO plugin. -->","yoast_head_json":{"title":"Quality and Design - NEOQI","robots":{"index":"index","follow":"follow","max-snippet":"max-snippet:-1","max-image-preview":"max-image-preview:large","max-video-preview":"max-video-preview:-1"},"canonical":"https:\/\/neoqi.com\/de\/neoqi-offers\/quality-and-design\/","og_locale":"de_DE","og_type":"article","og_title":"Quality and Design - NEOQI","og_description":"NeoQi selects only the best materials for production. The main material used in manufacturing is sanitary cast acrylic sheets from the company Lucite, a global leader in the design, development and manufacture of acrylic-based products. Technical experts pay especially careful attention when selecting spare parts among European manufacturers. The most important parts \u2013 water pumps, [&hellip;]","og_url":"https:\/\/neoqi.com\/de\/neoqi-offers\/quality-and-design\/","og_site_name":"NEOQI","article_publisher":"https:\/\/www.facebook.com\/neoqi\/","twitter_card":"summary_large_image","twitter_misc":{"Gesch\u00e4tzte Lesezeit":"1\u00a0Minute"},"schema":{"@context":"https:\/\/schema.org","@graph":[{"@type":"WebPage","@id":"https:\/\/neoqi.com\/neoqi-offers\/quality-and-design\/","url":"https:\/\/neoqi.com\/neoqi-offers\/quality-and-design\/","name":"Quality and Design - NEOQI","isPartOf":{"@id":"https:\/\/neoqi.com\/#website"},"datePublished":"2024-09-06T18:18:33+00:00","breadcrumb":{"@id":"https:\/\/neoqi.com\/neoqi-offers\/quality-and-design\/#breadcrumb"},"inLanguage":"de","potentialAction":[{"@type":"ReadAction","target":["https:\/\/neoqi.com\/neoqi-offers\/quality-and-design\/"]}]},{"@type":"BreadcrumbList","@id":"https:\/\/neoqi.com\/neoqi-offers\/quality-and-design\/#breadcrumb","itemListElement":[{"@type":"ListItem","position":1,"name":"Home","item":"https:\/\/neoqi.com\/"},{"@type":"ListItem","position":2,"name":"Neoqi Offers","item":"https:\/\/neoqi.com\/neoqi-offers\/"},{"@type":"ListItem","position":3,"name":"Quality and Design"}]},{"@type":"WebSite","@id":"https:\/\/neoqi.com\/#website","url":"https:\/\/neoqi.com\/","name":"NEOQI","description":"Erleben Sie ultimative Wellness und Entspannung mit NeoQi Spa Capsule: Ihr Weg zur Verj\u00fcngung","publisher":{"@id":"https:\/\/neoqi.com\/#organization"},"potentialAction":[{"@type":"SearchAction","target":{"@type":"EntryPoint","urlTemplate":"https:\/\/neoqi.com\/?s={search_term_string}"},"query-input":{"@type":"PropertyValueSpecification","valueRequired":true,"valueName":"search_term_string"}}],"inLanguage":"de"},{"@type":"Organization","@id":"https:\/\/neoqi.com\/#organization","name":"NEOQI","url":"https:\/\/neoqi.com\/","logo":{"@type":"ImageObject","inLanguage":"de","@id":"https:\/\/neoqi.com\/#\/schema\/logo\/image\/","url":"https:\/\/neoqi.com\/wp-content\/uploads\/2024\/09\/logoneosvg.svg","contentUrl":"https:\/\/neoqi.com\/wp-content\/uploads\/2024\/09\/logoneosvg.svg","width":1,"height":1,"caption":"NEOQI"},"image":{"@id":"https:\/\/neoqi.com\/#\/schema\/logo\/image\/"},"sameAs":["https:\/\/www.facebook.com\/neoqi\/","https:\/\/www.instagram.com\/neoqi_com\/"]}]}},"_links":{"self":[{"href":"https:\/\/neoqi.com\/de\/wp-json\/wp\/v2\/pages\/2005","targetHints":{"allow":["GET"]}}],"collection":[{"href":"https:\/\/neoqi.com\/de\/wp-json\/wp\/v2\/pages"}],"about":[{"href":"https:\/\/neoqi.com\/de\/wp-json\/wp\/v2\/types\/page"}],"author":[{"embeddable":true,"href":"https:\/\/neoqi.com\/de\/wp-json\/wp\/v2\/users\/3"}],"replies":[{"embeddable":true,"href":"https:\/\/neoqi.com\/de\/wp-json\/wp\/v2\/comments?post=2005"}],"version-history":[{"count":1,"href":"https:\/\/neoqi.com\/de\/wp-json\/wp\/v2\/pages\/2005\/revisions"}],"predecessor-version":[{"id":2006,"href":"https:\/\/neoqi.com\/de\/wp-json\/wp\/v2\/pages\/2005\/revisions\/2006"}],"up":[{"embeddable":true,"href":"https:\/\/neoqi.com\/de\/wp-json\/wp\/v2\/pages\/2001"}],"wp:attachment":[{"href":"https:\/\/neoqi.com\/de\/wp-json\/wp\/v2\/media?parent=2005"}],"curies":[{"name":"wp","href":"https:\/\/api.w.org\/{rel}","templated":true}]}}