{"id":2007,"date":"2024-09-06T21:20:01","date_gmt":"2024-09-06T18:20:01","guid":{"rendered":"http:\/\/neoqi.com\/?page_id=2007"},"modified":"2024-09-06T21:20:01","modified_gmt":"2024-09-06T18:20:01","slug":"care-and-maintenance","status":"publish","type":"page","link":"https:\/\/neoqi.com\/de\/neoqi-offers\/care-and-maintenance\/","title":{"rendered":"Pflege und Wartung"},"content":{"rendered":"<p>Die regelm\u00e4\u00dfige Wartung bestimmter Teile ist f\u00fcr eine lange Lebensdauer und ein einwandfreies Funktionieren des Ger\u00e4ts unerl\u00e4sslich. Die routinem\u00e4\u00dfige Wartung zur Gew\u00e4hrleistung eines sicheren Betriebs umfasst die Reinigung, Desinfektion und visuelle Kontrolle des allgemeinen Zustands der Ausr\u00fcstung.<\/p>\n<p>Die routinem\u00e4\u00dfige Wartung besteht in der Reinigung des Wassersystems des Bades und des Dampfgenerators des Kokons.<\/p>\n<p>&nbsp;<\/p>\n<p><strong>ACHTUNG! Vor dem Einsatz des Ger\u00e4ts und der Erstellung des Wartungsplans m\u00fcssen die allgemeine Qualit\u00e4t und der H\u00e4rtegrad des Wassers beurteilt werden.<\/strong><\/p>\n<p>&nbsp;<\/p>\n<p>Bei minderwertigem Wasser (hoher Gehalt an Kalkstein, Eisen, abrasiven Partikeln usw.) ist die Installation eines geeigneten Wasserfilters erforderlich. Die H\u00e4ufigkeit der Reinigung des Dampfgenerators ist direkt von der Wasserh\u00e4rte abh\u00e4ngig.<\/p>\n<p><strong>Die Garantie erlischt, wenn die Wartung nicht systematisch und nur im Bedarfsfall durchgef\u00fchrt wird.<\/strong><\/p>\n<p>Vermeiden Sie es, die Acryloberfl\u00e4che mit harten Gegenst\u00e4nden (Sand, Schmuck, Zubeh\u00f6r usw.) zu zerkratzen. Lassen Sie keine schweren und harten Gegenst\u00e4nde auf die Oberfl\u00e4che des Ger\u00e4ts fallen.<\/p>\n<p>&nbsp;<\/p>\n<p><strong>Reinigung des Wassersystems<\/strong><\/p>\n<p><strong>\u00a0<\/strong>Die Reinigung des Wassersystems des Bades (D\u00fcsen, Pumpen und Leitungen) muss je nach Bedarf, mindestens jedoch alle 50 Sitzungen, durchgef\u00fchrt werden.<\/p>\n<p>&nbsp;<\/p>\n<p><strong>Reinigung des Dampfgenerators<\/strong><\/p>\n<p>Um den Wartungsplan f\u00fcr die Dampferzeugerreinigung zu erstellen, muss die allgemeine Wasserqualit\u00e4t und der H\u00e4rtegrad des Wassers beurteilt werden. Wir empfehlen die Durchf\u00fchrung eines Vital Easytest.<\/p>\n<table width=\"582\">\n<tbody>\n<tr>\n<td width=\"125\"><strong>TOTAL HARDNESS<\/strong><\/td>\n<td width=\"79\"><strong>DEUTSCH<\/strong><\/td>\n<td width=\"171\"><strong>WASSEREIGENSCHAFTEN<\/strong><\/td>\n<td width=\"206\"><strong>SERVICEPLAN<\/strong><\/td>\n<\/tr>\n<tr>\n<td width=\"125\">&lt; 5.<\/td>\n<td width=\"79\">&lt;3\u02da dH<\/td>\n<td width=\"171\">Sehr weiches Wasser<\/td>\n<td width=\"206\">Nach jeweils 500 Arbeitsstunden<\/td>\n<\/tr>\n<tr>\n<td width=\"125\">&gt;7 TH<\/td>\n<td width=\"79\">&gt;4\u02da dH<\/td>\n<td width=\"171\">Weiches Wasser<\/td>\n<td width=\"206\">Nach jeweils 150 Arbeitsstunden<\/td>\n<\/tr>\n<tr>\n<td width=\"125\">&gt;12TH<\/td>\n<td width=\"79\">&gt;7\u02da dH<\/td>\n<td width=\"171\">Halbhartes Wasser<\/td>\n<td width=\"206\">Nach jeweils 50 Arbeitsstunden<\/td>\n<\/tr>\n<tr>\n<td width=\"125\">&gt;25TH<\/td>\n<td width=\"79\">&gt;14\u02da dH<\/td>\n<td width=\"171\">Hartes Wasser<\/td>\n<td width=\"206\">Aster alle 15 Arbeitsstunden<\/td>\n<\/tr>\n<tr>\n<td width=\"125\">&gt;35TH<\/td>\n<td width=\"79\">&gt;21\u02da dH<\/td>\n<td width=\"171\">Sehr hartes Wasser<\/td>\n<td width=\"206\">Wasserfilter installieren<\/td>\n<\/tr>\n<\/tbody>\n<\/table>\n<p>&nbsp;<\/p>","protected":false},"excerpt":{"rendered":"<p>Regular maintenance for certain parts is essential for long life and faultless functioning of the equipment. Routine maintenance ensuring safe operation includes cleaning, disinfection and visual control of general condition of the equipment. Routine maintenance consists of cleaning the water system of the bath and the steam generator of the cocoon. &nbsp; NB! Before using [&hellip;]<\/p>\n","protected":false},"author":3,"featured_media":0,"parent":2001,"menu_order":0,"comment_status":"closed","ping_status":"closed","template":"","meta":{"_acf_changed":false,"site-sidebar-layout":"default","site-content-layout":"","ast-site-content-layout":"default","site-content-style":"default","site-sidebar-style":"default","ast-global-header-display":"","ast-banner-title-visibility":"","ast-main-header-display":"","ast-hfb-above-header-display":"","ast-hfb-below-header-display":"","ast-hfb-mobile-header-display":"","site-post-title":"","ast-breadcrumbs-content":"","ast-featured-img":"","footer-sml-layout":"","ast-disable-related-posts":"","theme-transparent-header-meta":"default","adv-header-id-meta":"","stick-header-meta":"","header-above-stick-meta":"","header-main-stick-meta":"","header-below-stick-meta":"","astra-migrate-meta-layouts":"set","ast-page-background-enabled":"default","ast-page-background-meta":{"desktop":{"background-color":"var(--ast-global-color-4)","background-image":"","background-repeat":"repeat","background-position":"center center","background-size":"auto","background-attachment":"scroll","background-type":"","background-media":"","overlay-type":"","overlay-color":"","overlay-opacity":"","overlay-gradient":""},"tablet":{"background-color":"","background-image":"","background-repeat":"repeat","background-position":"center center","background-size":"auto","background-attachment":"scroll","background-type":"","background-media":"","overlay-type":"","overlay-color":"","overlay-opacity":"","overlay-gradient":""},"mobile":{"background-color":"","background-image":"","background-repeat":"repeat","background-position":"center center","background-size":"auto","background-attachment":"scroll","background-type":"","background-media":"","overlay-type":"","overlay-color":"","overlay-opacity":"","overlay-gradient":""}},"ast-content-background-meta":{"desktop":{"background-color":"var(--ast-global-color-5)","background-image":"","background-repeat":"repeat","background-position":"center center","background-size":"auto","background-attachment":"scroll","background-type":"","background-media":"","overlay-type":"","overlay-color":"","overlay-opacity":"","overlay-gradient":""},"tablet":{"background-color":"var(--ast-global-color-5)","background-image":"","background-repeat":"repeat","background-position":"center center","background-size":"auto","background-attachment":"scroll","background-type":"","background-media":"","overlay-type":"","overlay-color":"","overlay-opacity":"","overlay-gradient":""},"mobile":{"background-color":"var(--ast-global-color-5)","background-image":"","background-repeat":"repeat","background-position":"center center","background-size":"auto","background-attachment":"scroll","background-type":"","background-media":"","overlay-type":"","overlay-color":"","overlay-opacity":"","overlay-gradient":""}},"footnotes":""},"class_list":["post-2007","page","type-page","status-publish","hentry"],"acf":[],"yoast_head":"<!-- This site is optimized with the Yoast SEO plugin v27.3 - https:\/\/yoast.com\/product\/yoast-seo-wordpress\/ -->\n<title>Care and Maintenance - NEOQI<\/title>\n<meta name=\"robots\" content=\"index, follow, max-snippet:-1, max-image-preview:large, max-video-preview:-1\" \/>\n<link rel=\"canonical\" href=\"https:\/\/neoqi.com\/de\/neoqi-offers\/care-and-maintenance\/\" \/>\n<meta property=\"og:locale\" content=\"de_DE\" \/>\n<meta property=\"og:type\" content=\"article\" \/>\n<meta property=\"og:title\" content=\"Care and Maintenance - NEOQI\" \/>\n<meta property=\"og:description\" content=\"Regular maintenance for certain parts is essential for long life and faultless functioning of the equipment. Routine maintenance ensuring safe operation includes cleaning, disinfection and visual control of general condition of the equipment. Routine maintenance consists of cleaning the water system of the bath and the steam generator of the cocoon. &nbsp; NB! Before using [&hellip;]\" \/>\n<meta property=\"og:url\" content=\"https:\/\/neoqi.com\/de\/neoqi-offers\/care-and-maintenance\/\" \/>\n<meta property=\"og:site_name\" content=\"NEOQI\" \/>\n<meta property=\"article:publisher\" content=\"https:\/\/www.facebook.com\/neoqi\/\" \/>\n<meta name=\"twitter:card\" content=\"summary_large_image\" \/>\n<meta name=\"twitter:label1\" content=\"Gesch\u00e4tzte Lesezeit\" \/>\n\t<meta name=\"twitter:data1\" content=\"1\u00a0Minute\" \/>\n<script type=\"application\/ld+json\" class=\"yoast-schema-graph\">{\"@context\":\"https:\\\/\\\/schema.org\",\"@graph\":[{\"@type\":\"WebPage\",\"@id\":\"https:\\\/\\\/neoqi.com\\\/de\\\/neoqi-offers\\\/care-and-maintenance\\\/\",\"url\":\"https:\\\/\\\/neoqi.com\\\/de\\\/neoqi-offers\\\/care-and-maintenance\\\/\",\"name\":\"Care and Maintenance - NEOQI\",\"isPartOf\":{\"@id\":\"https:\\\/\\\/neoqi.com\\\/#website\"},\"datePublished\":\"2024-09-06T18:20:01+00:00\",\"breadcrumb\":{\"@id\":\"https:\\\/\\\/neoqi.com\\\/de\\\/neoqi-offers\\\/care-and-maintenance\\\/#breadcrumb\"},\"inLanguage\":\"de\",\"potentialAction\":[{\"@type\":\"ReadAction\",\"target\":[\"https:\\\/\\\/neoqi.com\\\/de\\\/neoqi-offers\\\/care-and-maintenance\\\/\"]}]},{\"@type\":\"BreadcrumbList\",\"@id\":\"https:\\\/\\\/neoqi.com\\\/de\\\/neoqi-offers\\\/care-and-maintenance\\\/#breadcrumb\",\"itemListElement\":[{\"@type\":\"ListItem\",\"position\":1,\"name\":\"Home\",\"item\":\"https:\\\/\\\/neoqi.com\\\/\"},{\"@type\":\"ListItem\",\"position\":2,\"name\":\"Neoqi Offers\",\"item\":\"https:\\\/\\\/neoqi.com\\\/neoqi-offers\\\/\"},{\"@type\":\"ListItem\",\"position\":3,\"name\":\"Care and Maintenance\"}]},{\"@type\":\"WebSite\",\"@id\":\"https:\\\/\\\/neoqi.com\\\/#website\",\"url\":\"https:\\\/\\\/neoqi.com\\\/\",\"name\":\"NEOQI\",\"description\":\"Experience Ultimate Wellness and Relaxation with NeoQi Spa Capsule: Your Path to Rejuvenation\",\"publisher\":{\"@id\":\"https:\\\/\\\/neoqi.com\\\/#organization\"},\"potentialAction\":[{\"@type\":\"SearchAction\",\"target\":{\"@type\":\"EntryPoint\",\"urlTemplate\":\"https:\\\/\\\/neoqi.com\\\/?s={search_term_string}\"},\"query-input\":{\"@type\":\"PropertyValueSpecification\",\"valueRequired\":true,\"valueName\":\"search_term_string\"}}],\"inLanguage\":\"de\"},{\"@type\":\"Organization\",\"@id\":\"https:\\\/\\\/neoqi.com\\\/#organization\",\"name\":\"NEOQI\",\"url\":\"https:\\\/\\\/neoqi.com\\\/\",\"logo\":{\"@type\":\"ImageObject\",\"inLanguage\":\"de\",\"@id\":\"https:\\\/\\\/neoqi.com\\\/#\\\/schema\\\/logo\\\/image\\\/\",\"url\":\"https:\\\/\\\/neoqi.com\\\/wp-content\\\/uploads\\\/2024\\\/09\\\/logoneosvg.svg\",\"contentUrl\":\"https:\\\/\\\/neoqi.com\\\/wp-content\\\/uploads\\\/2024\\\/09\\\/logoneosvg.svg\",\"width\":1,\"height\":1,\"caption\":\"NEOQI\"},\"image\":{\"@id\":\"https:\\\/\\\/neoqi.com\\\/#\\\/schema\\\/logo\\\/image\\\/\"},\"sameAs\":[\"https:\\\/\\\/www.facebook.com\\\/neoqi\\\/\",\"https:\\\/\\\/www.instagram.com\\\/neoqi_com\\\/\"]}]}<\/script>\n<!-- \/ Yoast SEO plugin. -->","yoast_head_json":{"title":"Care and Maintenance - NEOQI","robots":{"index":"index","follow":"follow","max-snippet":"max-snippet:-1","max-image-preview":"max-image-preview:large","max-video-preview":"max-video-preview:-1"},"canonical":"https:\/\/neoqi.com\/de\/neoqi-offers\/care-and-maintenance\/","og_locale":"de_DE","og_type":"article","og_title":"Care and Maintenance - NEOQI","og_description":"Regular maintenance for certain parts is essential for long life and faultless functioning of the equipment. Routine maintenance ensuring safe operation includes cleaning, disinfection and visual control of general condition of the equipment. Routine maintenance consists of cleaning the water system of the bath and the steam generator of the cocoon. &nbsp; NB! Before using [&hellip;]","og_url":"https:\/\/neoqi.com\/de\/neoqi-offers\/care-and-maintenance\/","og_site_name":"NEOQI","article_publisher":"https:\/\/www.facebook.com\/neoqi\/","twitter_card":"summary_large_image","twitter_misc":{"Gesch\u00e4tzte Lesezeit":"1\u00a0Minute"},"schema":{"@context":"https:\/\/schema.org","@graph":[{"@type":"WebPage","@id":"https:\/\/neoqi.com\/de\/neoqi-offers\/care-and-maintenance\/","url":"https:\/\/neoqi.com\/de\/neoqi-offers\/care-and-maintenance\/","name":"Care and Maintenance - NEOQI","isPartOf":{"@id":"https:\/\/neoqi.com\/#website"},"datePublished":"2024-09-06T18:20:01+00:00","breadcrumb":{"@id":"https:\/\/neoqi.com\/de\/neoqi-offers\/care-and-maintenance\/#breadcrumb"},"inLanguage":"de","potentialAction":[{"@type":"ReadAction","target":["https:\/\/neoqi.com\/de\/neoqi-offers\/care-and-maintenance\/"]}]},{"@type":"BreadcrumbList","@id":"https:\/\/neoqi.com\/de\/neoqi-offers\/care-and-maintenance\/#breadcrumb","itemListElement":[{"@type":"ListItem","position":1,"name":"Home","item":"https:\/\/neoqi.com\/"},{"@type":"ListItem","position":2,"name":"Neoqi Offers","item":"https:\/\/neoqi.com\/neoqi-offers\/"},{"@type":"ListItem","position":3,"name":"Care and Maintenance"}]},{"@type":"WebSite","@id":"https:\/\/neoqi.com\/#website","url":"https:\/\/neoqi.com\/","name":"NEOQI","description":"Erleben Sie ultimative Wellness und Entspannung mit NeoQi Spa Capsule: Ihr Weg zur Verj\u00fcngung","publisher":{"@id":"https:\/\/neoqi.com\/#organization"},"potentialAction":[{"@type":"SearchAction","target":{"@type":"EntryPoint","urlTemplate":"https:\/\/neoqi.com\/?s={search_term_string}"},"query-input":{"@type":"PropertyValueSpecification","valueRequired":true,"valueName":"search_term_string"}}],"inLanguage":"de"},{"@type":"Organization","@id":"https:\/\/neoqi.com\/#organization","name":"NEOQI","url":"https:\/\/neoqi.com\/","logo":{"@type":"ImageObject","inLanguage":"de","@id":"https:\/\/neoqi.com\/#\/schema\/logo\/image\/","url":"https:\/\/neoqi.com\/wp-content\/uploads\/2024\/09\/logoneosvg.svg","contentUrl":"https:\/\/neoqi.com\/wp-content\/uploads\/2024\/09\/logoneosvg.svg","width":1,"height":1,"caption":"NEOQI"},"image":{"@id":"https:\/\/neoqi.com\/#\/schema\/logo\/image\/"},"sameAs":["https:\/\/www.facebook.com\/neoqi\/","https:\/\/www.instagram.com\/neoqi_com\/"]}]}},"_links":{"self":[{"href":"https:\/\/neoqi.com\/de\/wp-json\/wp\/v2\/pages\/2007","targetHints":{"allow":["GET"]}}],"collection":[{"href":"https:\/\/neoqi.com\/de\/wp-json\/wp\/v2\/pages"}],"about":[{"href":"https:\/\/neoqi.com\/de\/wp-json\/wp\/v2\/types\/page"}],"author":[{"embeddable":true,"href":"https:\/\/neoqi.com\/de\/wp-json\/wp\/v2\/users\/3"}],"replies":[{"embeddable":true,"href":"https:\/\/neoqi.com\/de\/wp-json\/wp\/v2\/comments?post=2007"}],"version-history":[{"count":1,"href":"https:\/\/neoqi.com\/de\/wp-json\/wp\/v2\/pages\/2007\/revisions"}],"predecessor-version":[{"id":2008,"href":"https:\/\/neoqi.com\/de\/wp-json\/wp\/v2\/pages\/2007\/revisions\/2008"}],"up":[{"embeddable":true,"href":"https:\/\/neoqi.com\/de\/wp-json\/wp\/v2\/pages\/2001"}],"wp:attachment":[{"href":"https:\/\/neoqi.com\/de\/wp-json\/wp\/v2\/media?parent=2007"}],"curies":[{"name":"wp","href":"https:\/\/api.w.org\/{rel}","templated":true}]}}