{"id":2011,"date":"2024-09-06T21:22:37","date_gmt":"2024-09-06T18:22:37","guid":{"rendered":"http:\/\/neoqi.com\/?page_id=2011"},"modified":"2024-11-02T20:14:08","modified_gmt":"2024-11-02T17:14:08","slug":"about-us","status":"publish","type":"page","link":"https:\/\/neoqi.com\/de\/about-us\/","title":{"rendered":"\u00dcber uns"},"content":{"rendered":"<p>NeoQi\u00ae ist ein Hersteller von innovativen Ger\u00e4ten f\u00fcr moderne SPA-Zentren, Hotels, Sch\u00f6nheitssalons, medizinische Einrichtungen und Rehabilitationszentren sowie f\u00fcr den Heimgebrauch. Die Atmosph\u00e4re, die in den NeoQi\u00ae-Energiekokons geschaffen wird, tr\u00e4gt zur emotionalen Erholung, Verj\u00fcngung und zum Stressabbau bei. Alle NeoQi\u00ae-Ger\u00e4te sind unabh\u00e4ngige und multifunktionale SPA-Komplexe, die es uns erm\u00f6glichen, den Kunden eine maximale Anzahl von individuellen Programmen in einem einzigen Raum anzubieten.<\/p>\n<p>Mit jahrelanger Erfahrung und qualifiziertem Personal haben wir erfolgreich 16 einzigartige Physiotherapiesysteme entwickelt, unter denen sich auch Spa-Kapseln und Hydrotherapie-B\u00e4der befinden. Die Kombination klassischer SPA-Rituale mit der Funktionalit\u00e4t des Energiekokons erm\u00f6glicht es Ihnen, die begehrtesten und wohltuendsten K\u00f6rperpflegebehandlungen zur Verj\u00fcngung, Kr\u00e4ftigung, Rehabilitation, Abnehmen und Entspannung durchzuf\u00fchren.<\/p>\n<p>Alle hergestellten Ger\u00e4te werden einer strengen Qualit\u00e4tskontrolle und gr\u00fcndlichen Tests unterzogen. SPA-Kapseln und Whirlpools werden aus langlebigen und hygienischen Materialien europ\u00e4ischer Hersteller hergestellt. Ein Beweis f\u00fcr die hohe Qualit\u00e4t und Zuverl\u00e4ssigkeit sind die Zertifikate des Akkreditierungsb\u00fcros Intertek Semko und UL International Demko A\/S. Dar\u00fcber hinaus verf\u00fcgen die NeoQi\u00ae-Produkte \u00fcber Zertifikate von CE, Rostest-Moskau und KTL.<\/p>\n<p>Dank der Qualit\u00e4t und Sicherheit unserer Produkte, bei deren Herstellung die modernsten technologischen L\u00f6sungen zum Einsatz kommen, konnten wir das Vertrauen selbst der anspruchsvollsten Kunden gewinnen. Die T\u00e4tigkeit des Unternehmens beschr\u00e4nkt sich nicht nur auf Estland. Unsere Produkte werden in medizinischen, sportlichen und \u00e4sthetischen Zentren in vielen L\u00e4ndern der Welt eingesetzt.<\/p>\n<h4><strong>ADRESSE DES AUSSTELLUNGSRAUMS<\/strong><\/h4>\n<p>Piirim\u00e4e 15, T\u00e4nassilma k\u00fcla, 76406 Saku vald, Harjumaa, Estland<\/p>\n<p>Ge\u00f6ffnet Mo-Fr : 8.30 Uhr - 17.00 Uhr<\/p>","protected":false},"excerpt":{"rendered":"<p>NeoQi\u00ae is a manufacturer of innovative equipment for modern SPA centres, hotels, beauty salons, medical institutions and rehabilitation centres, as well as for home use. An atmosphere that is created in the NeoQi\u00ae energy cocoons contributes to emotional recovery, rejuvenation and stress relieve. All NeoQi\u00ae devices are independent and multifunctional SPA-complexes that enables us to [&hellip;]<\/p>\n","protected":false},"author":1,"featured_media":2911,"parent":0,"menu_order":0,"comment_status":"closed","ping_status":"closed","template":"","meta":{"_acf_changed":false,"site-sidebar-layout":"default","site-content-layout":"","ast-site-content-layout":"default","site-content-style":"default","site-sidebar-style":"default","ast-global-header-display":"","ast-banner-title-visibility":"","ast-main-header-display":"","ast-hfb-above-header-display":"","ast-hfb-below-header-display":"","ast-hfb-mobile-header-display":"","site-post-title":"","ast-breadcrumbs-content":"","ast-featured-img":"","footer-sml-layout":"","ast-disable-related-posts":"","theme-transparent-header-meta":"default","adv-header-id-meta":"","stick-header-meta":"","header-above-stick-meta":"","header-main-stick-meta":"","header-below-stick-meta":"","astra-migrate-meta-layouts":"set","ast-page-background-enabled":"default","ast-page-background-meta":{"desktop":{"background-color":"var(--ast-global-color-4)","background-image":"","background-repeat":"repeat","background-position":"center center","background-size":"auto","background-attachment":"scroll","background-type":"","background-media":"","overlay-type":"","overlay-color":"","overlay-opacity":"","overlay-gradient":""},"tablet":{"background-color":"","background-image":"","background-repeat":"repeat","background-position":"center center","background-size":"auto","background-attachment":"scroll","background-type":"","background-media":"","overlay-type":"","overlay-color":"","overlay-opacity":"","overlay-gradient":""},"mobile":{"background-color":"","background-image":"","background-repeat":"repeat","background-position":"center center","background-size":"auto","background-attachment":"scroll","background-type":"","background-media":"","overlay-type":"","overlay-color":"","overlay-opacity":"","overlay-gradient":""}},"ast-content-background-meta":{"desktop":{"background-color":"var(--ast-global-color-5)","background-image":"","background-repeat":"repeat","background-position":"center center","background-size":"auto","background-attachment":"scroll","background-type":"","background-media":"","overlay-type":"","overlay-color":"","overlay-opacity":"","overlay-gradient":""},"tablet":{"background-color":"var(--ast-global-color-5)","background-image":"","background-repeat":"repeat","background-position":"center center","background-size":"auto","background-attachment":"scroll","background-type":"","background-media":"","overlay-type":"","overlay-color":"","overlay-opacity":"","overlay-gradient":""},"mobile":{"background-color":"var(--ast-global-color-5)","background-image":"","background-repeat":"repeat","background-position":"center center","background-size":"auto","background-attachment":"scroll","background-type":"","background-media":"","overlay-type":"","overlay-color":"","overlay-opacity":"","overlay-gradient":""}},"footnotes":""},"class_list":["post-2011","page","type-page","status-publish","has-post-thumbnail","hentry"],"acf":[],"yoast_head":"<!-- This site is optimized with the Yoast SEO plugin v27.4 - https:\/\/yoast.com\/product\/yoast-seo-wordpress\/ -->\n<title>About Us - NEOQI<\/title>\n<meta name=\"robots\" content=\"index, follow, max-snippet:-1, max-image-preview:large, max-video-preview:-1\" \/>\n<link rel=\"canonical\" href=\"https:\/\/neoqi.com\/de\/about-us\/\" \/>\n<meta property=\"og:locale\" content=\"de_DE\" \/>\n<meta property=\"og:type\" content=\"article\" \/>\n<meta property=\"og:title\" content=\"About Us - NEOQI\" \/>\n<meta property=\"og:description\" content=\"NeoQi\u00ae is a manufacturer of innovative equipment for modern SPA centres, hotels, beauty salons, medical institutions and rehabilitation centres, as well as for home use. An atmosphere that is created in the NeoQi\u00ae energy cocoons contributes to emotional recovery, rejuvenation and stress relieve. All NeoQi\u00ae devices are independent and multifunctional SPA-complexes that enables us to [&hellip;]\" \/>\n<meta property=\"og:url\" content=\"https:\/\/neoqi.com\/de\/about-us\/\" \/>\n<meta property=\"og:site_name\" content=\"NEOQI\" \/>\n<meta property=\"article:publisher\" content=\"https:\/\/www.facebook.com\/neoqi\/\" \/>\n<meta property=\"article:modified_time\" content=\"2024-11-02T17:14:08+00:00\" \/>\n<meta property=\"og:image\" content=\"https:\/\/neoqi.com\/wp-content\/uploads\/2024\/11\/Flamingo_no_light2.jpg\" \/>\n\t<meta property=\"og:image:width\" content=\"2200\" \/>\n\t<meta property=\"og:image:height\" content=\"852\" \/>\n\t<meta property=\"og:image:type\" content=\"image\/jpeg\" \/>\n<meta name=\"twitter:card\" content=\"summary_large_image\" \/>\n<meta name=\"twitter:label1\" content=\"Gesch\u00e4tzte Lesezeit\" \/>\n\t<meta name=\"twitter:data1\" content=\"1\u00a0Minute\" \/>\n<script type=\"application\/ld+json\" class=\"yoast-schema-graph\">{\"@context\":\"https:\\\/\\\/schema.org\",\"@graph\":[{\"@type\":\"WebPage\",\"@id\":\"https:\\\/\\\/neoqi.com\\\/about-us\\\/\",\"url\":\"https:\\\/\\\/neoqi.com\\\/about-us\\\/\",\"name\":\"About Us - NEOQI\",\"isPartOf\":{\"@id\":\"https:\\\/\\\/neoqi.com\\\/#website\"},\"primaryImageOfPage\":{\"@id\":\"https:\\\/\\\/neoqi.com\\\/about-us\\\/#primaryimage\"},\"image\":{\"@id\":\"https:\\\/\\\/neoqi.com\\\/about-us\\\/#primaryimage\"},\"thumbnailUrl\":\"https:\\\/\\\/neoqi.com\\\/wp-content\\\/uploads\\\/2024\\\/11\\\/Flamingo_no_light2.jpg\",\"datePublished\":\"2024-09-06T18:22:37+00:00\",\"dateModified\":\"2024-11-02T17:14:08+00:00\",\"breadcrumb\":{\"@id\":\"https:\\\/\\\/neoqi.com\\\/about-us\\\/#breadcrumb\"},\"inLanguage\":\"de\",\"potentialAction\":[{\"@type\":\"ReadAction\",\"target\":[\"https:\\\/\\\/neoqi.com\\\/about-us\\\/\"]}]},{\"@type\":\"ImageObject\",\"inLanguage\":\"de\",\"@id\":\"https:\\\/\\\/neoqi.com\\\/about-us\\\/#primaryimage\",\"url\":\"https:\\\/\\\/neoqi.com\\\/wp-content\\\/uploads\\\/2024\\\/11\\\/Flamingo_no_light2.jpg\",\"contentUrl\":\"https:\\\/\\\/neoqi.com\\\/wp-content\\\/uploads\\\/2024\\\/11\\\/Flamingo_no_light2.jpg\",\"width\":2200,\"height\":852},{\"@type\":\"BreadcrumbList\",\"@id\":\"https:\\\/\\\/neoqi.com\\\/about-us\\\/#breadcrumb\",\"itemListElement\":[{\"@type\":\"ListItem\",\"position\":1,\"name\":\"Home\",\"item\":\"https:\\\/\\\/neoqi.com\\\/\"},{\"@type\":\"ListItem\",\"position\":2,\"name\":\"About Us\"}]},{\"@type\":\"WebSite\",\"@id\":\"https:\\\/\\\/neoqi.com\\\/#website\",\"url\":\"https:\\\/\\\/neoqi.com\\\/\",\"name\":\"NEOQI\",\"description\":\"Experience Ultimate Wellness and Relaxation with NeoQi Spa Capsule: Your Path to Rejuvenation\",\"publisher\":{\"@id\":\"https:\\\/\\\/neoqi.com\\\/#organization\"},\"potentialAction\":[{\"@type\":\"SearchAction\",\"target\":{\"@type\":\"EntryPoint\",\"urlTemplate\":\"https:\\\/\\\/neoqi.com\\\/?s={search_term_string}\"},\"query-input\":{\"@type\":\"PropertyValueSpecification\",\"valueRequired\":true,\"valueName\":\"search_term_string\"}}],\"inLanguage\":\"de\"},{\"@type\":\"Organization\",\"@id\":\"https:\\\/\\\/neoqi.com\\\/#organization\",\"name\":\"NEOQI\",\"url\":\"https:\\\/\\\/neoqi.com\\\/\",\"logo\":{\"@type\":\"ImageObject\",\"inLanguage\":\"de\",\"@id\":\"https:\\\/\\\/neoqi.com\\\/#\\\/schema\\\/logo\\\/image\\\/\",\"url\":\"https:\\\/\\\/neoqi.com\\\/wp-content\\\/uploads\\\/2024\\\/09\\\/logoneosvg.svg\",\"contentUrl\":\"https:\\\/\\\/neoqi.com\\\/wp-content\\\/uploads\\\/2024\\\/09\\\/logoneosvg.svg\",\"width\":1,\"height\":1,\"caption\":\"NEOQI\"},\"image\":{\"@id\":\"https:\\\/\\\/neoqi.com\\\/#\\\/schema\\\/logo\\\/image\\\/\"},\"sameAs\":[\"https:\\\/\\\/www.facebook.com\\\/neoqi\\\/\",\"https:\\\/\\\/www.instagram.com\\\/neoqi_com\\\/\"]}]}<\/script>\n<!-- \/ Yoast SEO plugin. -->","yoast_head_json":{"title":"About Us - NEOQI","robots":{"index":"index","follow":"follow","max-snippet":"max-snippet:-1","max-image-preview":"max-image-preview:large","max-video-preview":"max-video-preview:-1"},"canonical":"https:\/\/neoqi.com\/de\/about-us\/","og_locale":"de_DE","og_type":"article","og_title":"About Us - NEOQI","og_description":"NeoQi\u00ae is a manufacturer of innovative equipment for modern SPA centres, hotels, beauty salons, medical institutions and rehabilitation centres, as well as for home use. An atmosphere that is created in the NeoQi\u00ae energy cocoons contributes to emotional recovery, rejuvenation and stress relieve. All NeoQi\u00ae devices are independent and multifunctional SPA-complexes that enables us to [&hellip;]","og_url":"https:\/\/neoqi.com\/de\/about-us\/","og_site_name":"NEOQI","article_publisher":"https:\/\/www.facebook.com\/neoqi\/","article_modified_time":"2024-11-02T17:14:08+00:00","og_image":[{"width":2200,"height":852,"url":"https:\/\/neoqi.com\/wp-content\/uploads\/2024\/11\/Flamingo_no_light2.jpg","type":"image\/jpeg"}],"twitter_card":"summary_large_image","twitter_misc":{"Gesch\u00e4tzte Lesezeit":"1\u00a0Minute"},"schema":{"@context":"https:\/\/schema.org","@graph":[{"@type":"WebPage","@id":"https:\/\/neoqi.com\/about-us\/","url":"https:\/\/neoqi.com\/about-us\/","name":"About Us - NEOQI","isPartOf":{"@id":"https:\/\/neoqi.com\/#website"},"primaryImageOfPage":{"@id":"https:\/\/neoqi.com\/about-us\/#primaryimage"},"image":{"@id":"https:\/\/neoqi.com\/about-us\/#primaryimage"},"thumbnailUrl":"https:\/\/neoqi.com\/wp-content\/uploads\/2024\/11\/Flamingo_no_light2.jpg","datePublished":"2024-09-06T18:22:37+00:00","dateModified":"2024-11-02T17:14:08+00:00","breadcrumb":{"@id":"https:\/\/neoqi.com\/about-us\/#breadcrumb"},"inLanguage":"de","potentialAction":[{"@type":"ReadAction","target":["https:\/\/neoqi.com\/about-us\/"]}]},{"@type":"ImageObject","inLanguage":"de","@id":"https:\/\/neoqi.com\/about-us\/#primaryimage","url":"https:\/\/neoqi.com\/wp-content\/uploads\/2024\/11\/Flamingo_no_light2.jpg","contentUrl":"https:\/\/neoqi.com\/wp-content\/uploads\/2024\/11\/Flamingo_no_light2.jpg","width":2200,"height":852},{"@type":"BreadcrumbList","@id":"https:\/\/neoqi.com\/about-us\/#breadcrumb","itemListElement":[{"@type":"ListItem","position":1,"name":"Home","item":"https:\/\/neoqi.com\/"},{"@type":"ListItem","position":2,"name":"About Us"}]},{"@type":"WebSite","@id":"https:\/\/neoqi.com\/#website","url":"https:\/\/neoqi.com\/","name":"NEOQI","description":"Erleben Sie ultimative Wellness und Entspannung mit NeoQi Spa Capsule: Ihr Weg zur Verj\u00fcngung","publisher":{"@id":"https:\/\/neoqi.com\/#organization"},"potentialAction":[{"@type":"SearchAction","target":{"@type":"EntryPoint","urlTemplate":"https:\/\/neoqi.com\/?s={search_term_string}"},"query-input":{"@type":"PropertyValueSpecification","valueRequired":true,"valueName":"search_term_string"}}],"inLanguage":"de"},{"@type":"Organization","@id":"https:\/\/neoqi.com\/#organization","name":"NEOQI","url":"https:\/\/neoqi.com\/","logo":{"@type":"ImageObject","inLanguage":"de","@id":"https:\/\/neoqi.com\/#\/schema\/logo\/image\/","url":"https:\/\/neoqi.com\/wp-content\/uploads\/2024\/09\/logoneosvg.svg","contentUrl":"https:\/\/neoqi.com\/wp-content\/uploads\/2024\/09\/logoneosvg.svg","width":1,"height":1,"caption":"NEOQI"},"image":{"@id":"https:\/\/neoqi.com\/#\/schema\/logo\/image\/"},"sameAs":["https:\/\/www.facebook.com\/neoqi\/","https:\/\/www.instagram.com\/neoqi_com\/"]}]}},"_links":{"self":[{"href":"https:\/\/neoqi.com\/de\/wp-json\/wp\/v2\/pages\/2011","targetHints":{"allow":["GET"]}}],"collection":[{"href":"https:\/\/neoqi.com\/de\/wp-json\/wp\/v2\/pages"}],"about":[{"href":"https:\/\/neoqi.com\/de\/wp-json\/wp\/v2\/types\/page"}],"author":[{"embeddable":true,"href":"https:\/\/neoqi.com\/de\/wp-json\/wp\/v2\/users\/1"}],"replies":[{"embeddable":true,"href":"https:\/\/neoqi.com\/de\/wp-json\/wp\/v2\/comments?post=2011"}],"version-history":[{"count":2,"href":"https:\/\/neoqi.com\/de\/wp-json\/wp\/v2\/pages\/2011\/revisions"}],"predecessor-version":[{"id":2430,"href":"https:\/\/neoqi.com\/de\/wp-json\/wp\/v2\/pages\/2011\/revisions\/2430"}],"wp:featuredmedia":[{"embeddable":true,"href":"https:\/\/neoqi.com\/de\/wp-json\/wp\/v2\/media\/2911"}],"wp:attachment":[{"href":"https:\/\/neoqi.com\/de\/wp-json\/wp\/v2\/media?parent=2011"}],"curies":[{"name":"wp","href":"https:\/\/api.w.org\/{rel}","templated":true}]}}