{"id":2021,"date":"2024-09-06T21:26:15","date_gmt":"2024-09-06T18:26:15","guid":{"rendered":"http:\/\/neoqi.com\/?page_id=2021"},"modified":"2024-11-06T13:20:30","modified_gmt":"2024-11-06T10:20:30","slug":"faq","status":"publish","type":"page","link":"https:\/\/neoqi.com\/de\/contact-us\/faq\/","title":{"rendered":"FAQ"},"content":{"rendered":"<p>Was ist ein Energiekokon?<br \/>\nDer NeoQi\u00ae-Energiekokon ist ein kompakter Spa-Komplex, in dem Sie verschiedene thermische und hydrotherapeutische Behandlungen genie\u00dfen k\u00f6nnen. Dank seiner Vielseitigkeit ist der Energiekokon ein unverzichtbares Mittel f\u00fcr die Gesichts- und K\u00f6rperpflege in einem einzigen Raum.<\/p>\n<p>F\u00fcr wen ist das NeoQi\u00ae-Ger\u00e4t gedacht?<br \/>\nNeoQi\u00ae stellt Ger\u00e4te f\u00fcr moderne Wellness- und Gesundheitszentren, Hotels, Sch\u00f6nheitssalons, Sanatorien und Kurorte sowie f\u00fcr den Heimgebrauch her. Wir bieten Energiekokons und -b\u00e4der sowohl f\u00fcr den professionellen als auch f\u00fcr den privaten Gebrauch an.<\/p>\n<p>F\u00fcr wen werden die Behandlungen mit den NeoQi\u00ae-Ger\u00e4ten empfohlen?<br \/>\nDie therapeutischen Behandlungen in den NeoQi\u00ae-Ger\u00e4ten sind f\u00fcr jeden geeignet - f\u00fcr M\u00e4nner und Frauen jeden Alters und jeden Fitnessgrades.<\/p>\n<p>Welche Wirkung haben die NeoQi\u00ae-Produkte auf den K\u00f6rper?<br \/>\nDie NeoQi\u00ae-Energiekokons und -b\u00e4der haben eine Reihe von positiven Wirkungen auf den menschlichen K\u00f6rper, die helfen:<\/p>\n<p>Stress abbauen, emotionales Gleichgewicht wiederherstellen<br \/>\nLinderung von Muskel- und Nervenverspannungen, Schmerzlinderung<br \/>\nKrankheiten vorbeugen und behandeln<br \/>\nReguliert den Stoffwechsel und kontrolliert das Gewicht<br \/>\nVerbessert die Blut- und Lymphzirkulation, st\u00e4rkt das Immunsystem<br \/>\nErreichen Sie die Einheit von Seele, K\u00f6rper und Geist.<\/p>\n<p>Einkaufen<\/p>\n<p>Wie kann ich einen Energiekokon\/ein Energiebad kaufen?<br \/>\nNeoQi-Ger\u00e4te sind in vielen L\u00e4ndern vertreten. Sie k\u00f6nnen das Anfrageformular auf unserer Website ausf\u00fcllen. Wir werden den n\u00e4chstgelegenen Vertriebspartner finden und ihn veranlassen, Sie zu kontaktieren. Falls wir in Ihrer Region\/Ihrem Land nicht vertreten sind, werden wir Ihre Anfrage selbst bearbeiten.<\/p>\n<p>Was sind die Installationsanforderungen f\u00fcr die Ger\u00e4te?<br \/>\nDie Installation des NeoQi\u00ae-Ger\u00e4ts ist sehr einfach. Allgemeine technische Informationen finden Sie im Abschnitt \"Wie es funktioniert\". Detaillierte Anweisungen zu den Installationsvoraussetzungen sind f\u00fcr jedes Modell, das Sie interessieren k\u00f6nnte, ebenfalls verf\u00fcgbar.<\/p>\n<p>Kann ich die Installation bei der Firma bestellen?<br \/>\nAusf\u00fchrlichere Informationen erhalten Sie von Ihrem zust\u00e4ndigen Vertriebsmitarbeiter.<\/p>\n<p>Wie lauten die Bedingungen und die Dauer der Garantie f\u00fcr NeoQi\u00ae-Ger\u00e4te?<br \/>\nWir bieten 1 Jahr Garantie f\u00fcr alle NeoQi-Produkte.<\/p>\n<p>Reklamationen sollten an den urspr\u00fcnglichen Verk\u00e4ufer des Ger\u00e4ts gerichtet werden. Sie m\u00fcssen die Seriennummer des Ger\u00e4ts zusammen mit den Kaufunterlagen vorlegen.<\/p>\n<p>Ausf\u00fchrlichere Garantiebedingungen finden Sie in den Benutzerhandb\u00fcchern und im Abschnitt \"Kontakte\".<\/p>\n<p>Verwenden Sie<\/p>\n<p>Wie benutzt man NeoQi\u00ae-Ger\u00e4te?<br \/>\nWir bieten jedem neuen Ger\u00e4tebesitzer die M\u00f6glichkeit, an einer kostenlosen Benutzerschulung teilzunehmen. Jedem Ger\u00e4t liegt eine ausf\u00fchrliche Bedienungsanleitung f\u00fcr Ihr spezielles Modell bei.<\/p>\n<p>Was beinhaltet die Ausbildung und f\u00fcr wen ist sie gedacht?<br \/>\nDie Schulung ist f\u00fcr alle neuen und bestehenden Benutzer von NeoQi\u00ae-Ger\u00e4ten gedacht. Nach der Schulung werden Sie in der Lage sein, Ihr Ger\u00e4t mit gro\u00dfer Leichtigkeit zu bedienen, alle seine Funktionen zu verstehen und genau zu wissen, wann, wie lange und warum sie angewendet werden sollten. Sie werden erfahren, welche Behandlungen mit den NeoQi\u00ae-Produkten m\u00f6glich sind, wie und in welcher Reihenfolge sie durchzuf\u00fchren sind und wie man sie miteinander kombinieren kann. Wir empfehlen die Verwendung von thalassotherapeutischen EST\u00ed-Kosmetika, die speziell f\u00fcr die Verwendung mit unseren Produkten entwickelt wurden, um die Ergebnisse der durchgef\u00fchrten Behandlungen zu verbessern.<\/p>\n<p>Welche Behandlungen k\u00f6nnen im NeoQi\u00ae-Ger\u00e4t durchgef\u00fchrt werden?<br \/>\nSchon mit den Grundfunktionen des Ger\u00e4ts k\u00f6nnen Sie je nach Modell die wohltuendsten und gesundheitsf\u00f6rderndsten Behandlungen durchf\u00fchren, wie z. B.: klassische Saunabehandlungen (Dampf- und Infrarotsauna), Hydrotherapie-B\u00e4der, Vichy-Duschen, sanfte Vibrationsmassagen und Farbtherapie. Erg\u00e4nzt man die Behandlungen mit entsprechenden Kosmetika, er\u00f6ffnen sich unbegrenzte M\u00f6glichkeiten f\u00fcr Aromatherapie, Balneotherapie mit Hydro- und Aeromassage, verschiedene Wickel und Peelings, die mit den W\u00e4rme- und Hydrotherapiesitzungen kombiniert werden k\u00f6nnen. Alle aufgef\u00fchrten K\u00f6rperpflegebehandlungen k\u00f6nnen immer mit Gesichtspflegebehandlungen kombiniert werden.<\/p>\n<p>K\u00f6nnen Sie Kosmetika in NeoQi\u00ae-Ger\u00e4ten verwenden?<br \/>\nJa, die Verwendung geeigneter Kosmetika erm\u00f6glicht es Ihnen, bessere und schnellere Ergebnisse bei Behandlungen mit NeoQi\u00ae-Ger\u00e4ten zu erzielen. Hierf\u00fcr wurde eine spezielle Linie nat\u00fcrlicher Meereskosmetik mit dem Markennamen EST\u00ed entwickelt, die die Eigenschaften der NeoQi\u00ae-B\u00e4der und Energiekokons ber\u00fccksichtigt. Die hochwertige franz\u00f6sische Naturkosmetik wird auf der Basis der Thalassotherapie hergestellt und kann neben den NeoQi\u00ae-Ger\u00e4ten auch auf einer normalen Massageliege verwendet werden.<\/p>\n<p>Gibt es irgendwelche Kontraindikationen f\u00fcr die Verwendung von NeoQi\u00ae-Ger\u00e4ten?<br \/>\nBehandlungen mit dem NeoQi-Ger\u00e4t sollten mit Vorsicht durchgef\u00fchrt werden. Wenn Sie eine Krankheit vermuten, Medikamente einnehmen oder eine negative Anamnese haben, konsultieren Sie bitte Ihren Arzt, bevor Sie das System benutzen.<\/p>\n<p>NeoQi\u00ae-Behandlungen sind f\u00fcr Sie kontraindiziert, wenn Sie haben:<\/p>\n<p>Ein schweres Trauma, eine Entz\u00fcndung<br \/>\nFieber<br \/>\nAkute Entz\u00fcndungen oder allergische Hauterkrankungen, Wunden<br \/>\nHerz-Kreislauf-Versagen, Herzkrankheiten, Bluthochdruck<br \/>\nDurchblutungsst\u00f6rungen<br \/>\n\u00d6deme<br \/>\nGro\u00dfe Narben<br \/>\nWahrnehmungsst\u00f6rungen<br \/>\nB\u00f6sartige Tumore<br \/>\nKommunikationsst\u00f6rungen, die eine R\u00fcckmeldung erschweren, wenn der Patient Unbehagen oder Schmerzen versp\u00fcrt<br \/>\nSchwangerschaft<\/p>\n<p>ACHTUNG! Die aufgef\u00fchrten Kontraindikationen sind nicht absolut. Bevor Sie das NeoQi\u00ae-Ger\u00e4t verwenden, konsultieren Sie Ihren Arzt.<\/p>\n<p>Wartung und Instandhaltung<\/p>\n<p>Welche Art von Wartung ist f\u00fcr das Bad\/den Energiekokon erforderlich? Wie h\u00e4ufig sollte das Ger\u00e4t gewartet werden?<br \/>\nDie Langlebigkeit und der st\u00f6rungsfreie Betrieb Ihres Ger\u00e4ts werden durch eine regelm\u00e4\u00dfige Wartung gew\u00e4hrleistet, die eine Reinigung, Desinfektion und visuelle Kontrolle des allgemeinen Zustands des Ger\u00e4ts nach jedem Gebrauch umfasst.<\/p>\n<p>Die routinem\u00e4\u00dfige Wartung besteht in der Reinigung des Wassersystems des Bades und des Dampfgenerators des Kokons. Die H\u00e4ufigkeit der Wartung h\u00e4ngt von der Qualit\u00e4t des verwendeten Wassers, der Nutzungsh\u00e4ufigkeit und der Arbeitsbelastung des Ger\u00e4ts ab.<\/p>\n<p>Wie erhalte ich Service-Unterst\u00fctzung?<br \/>\nWenn Sie bei der Verwendung Ihres Ger\u00e4ts auf technische Schwierigkeiten oder Fehlfunktionen gesto\u00dfen sind oder technische Unterst\u00fctzung ben\u00f6tigen, f\u00fcllen Sie bitte das Service-Anfrageformular aus<\/p>\n<p>Wie und wo k\u00f6nnen Ersatzteile beschafft werden?<br \/>\nDie Ersatzteile werden von der Firma geliefert, bei der Sie das Ger\u00e4t gekauft haben. Sie ben\u00f6tigen dazu die Seriennummer und die Kaufunterlagen.<\/p>\n<p>Wie lange ist die Garantiezeit f\u00fcr die Ersatzteile?<br \/>\nDie Garantiezeit f\u00fcr die Ersatzteile betr\u00e4gt 3 Monate.<\/p>","protected":false},"excerpt":{"rendered":"<p>What is an energy cocoon? A NeoQi\u00ae energy cocoon is a compact spa-complex, which allows You to enjoy different thermal and hydrotherapeutic treatments. Thanks to its versatility, the energy cocoon is an indispensable means of face and body care, all within the space of one room. For whom is the NeoQi\u00ae equipment meant? NeoQi\u00ae manufactures [&hellip;]<\/p>\n","protected":false},"author":1,"featured_media":2911,"parent":2017,"menu_order":0,"comment_status":"closed","ping_status":"closed","template":"","meta":{"_acf_changed":false,"site-sidebar-layout":"default","site-content-layout":"","ast-site-content-layout":"default","site-content-style":"default","site-sidebar-style":"default","ast-global-header-display":"","ast-banner-title-visibility":"","ast-main-header-display":"","ast-hfb-above-header-display":"","ast-hfb-below-header-display":"","ast-hfb-mobile-header-display":"","site-post-title":"","ast-breadcrumbs-content":"","ast-featured-img":"","footer-sml-layout":"","ast-disable-related-posts":"","theme-transparent-header-meta":"default","adv-header-id-meta":"","stick-header-meta":"","header-above-stick-meta":"","header-main-stick-meta":"","header-below-stick-meta":"","astra-migrate-meta-layouts":"set","ast-page-background-enabled":"default","ast-page-background-meta":{"desktop":{"background-color":"var(--ast-global-color-4)","background-image":"","background-repeat":"repeat","background-position":"center center","background-size":"auto","background-attachment":"scroll","background-type":"","background-media":"","overlay-type":"","overlay-color":"","overlay-opacity":"","overlay-gradient":""},"tablet":{"background-color":"","background-image":"","background-repeat":"repeat","background-position":"center center","background-size":"auto","background-attachment":"scroll","background-type":"","background-media":"","overlay-type":"","overlay-color":"","overlay-opacity":"","overlay-gradient":""},"mobile":{"background-color":"","background-image":"","background-repeat":"repeat","background-position":"center center","background-size":"auto","background-attachment":"scroll","background-type":"","background-media":"","overlay-type":"","overlay-color":"","overlay-opacity":"","overlay-gradient":""}},"ast-content-background-meta":{"desktop":{"background-color":"var(--ast-global-color-5)","background-image":"","background-repeat":"repeat","background-position":"center center","background-size":"auto","background-attachment":"scroll","background-type":"","background-media":"","overlay-type":"","overlay-color":"","overlay-opacity":"","overlay-gradient":""},"tablet":{"background-color":"var(--ast-global-color-5)","background-image":"","background-repeat":"repeat","background-position":"center center","background-size":"auto","background-attachment":"scroll","background-type":"","background-media":"","overlay-type":"","overlay-color":"","overlay-opacity":"","overlay-gradient":""},"mobile":{"background-color":"var(--ast-global-color-5)","background-image":"","background-repeat":"repeat","background-position":"center center","background-size":"auto","background-attachment":"scroll","background-type":"","background-media":"","overlay-type":"","overlay-color":"","overlay-opacity":"","overlay-gradient":""}},"footnotes":""},"class_list":["post-2021","page","type-page","status-publish","has-post-thumbnail","hentry"],"acf":[],"yoast_head":"<!-- This site is optimized with the Yoast SEO plugin v27.4 - https:\/\/yoast.com\/product\/yoast-seo-wordpress\/ -->\n<title>FAQ - NEOQI<\/title>\n<meta name=\"robots\" content=\"index, follow, max-snippet:-1, max-image-preview:large, max-video-preview:-1\" \/>\n<link rel=\"canonical\" href=\"https:\/\/neoqi.com\/de\/contact-us\/faq\/\" \/>\n<meta property=\"og:locale\" content=\"de_DE\" \/>\n<meta property=\"og:type\" content=\"article\" \/>\n<meta property=\"og:title\" content=\"FAQ - NEOQI\" \/>\n<meta property=\"og:description\" content=\"What is an energy cocoon? A NeoQi\u00ae energy cocoon is a compact spa-complex, which allows You to enjoy different thermal and hydrotherapeutic treatments. Thanks to its versatility, the energy cocoon is an indispensable means of face and body care, all within the space of one room. For whom is the NeoQi\u00ae equipment meant? NeoQi\u00ae manufactures [&hellip;]\" \/>\n<meta property=\"og:url\" content=\"https:\/\/neoqi.com\/de\/contact-us\/faq\/\" \/>\n<meta property=\"og:site_name\" content=\"NEOQI\" \/>\n<meta property=\"article:publisher\" content=\"https:\/\/www.facebook.com\/neoqi\/\" \/>\n<meta property=\"article:modified_time\" content=\"2024-11-06T10:20:30+00:00\" \/>\n<meta property=\"og:image\" content=\"https:\/\/neoqi.com\/wp-content\/uploads\/2024\/11\/Flamingo_no_light2.jpg\" \/>\n\t<meta property=\"og:image:width\" content=\"2200\" \/>\n\t<meta property=\"og:image:height\" content=\"852\" \/>\n\t<meta property=\"og:image:type\" content=\"image\/jpeg\" \/>\n<meta name=\"twitter:card\" content=\"summary_large_image\" \/>\n<meta name=\"twitter:label1\" content=\"Gesch\u00e4tzte Lesezeit\" \/>\n\t<meta name=\"twitter:data1\" content=\"5\u00a0Minuten\" \/>\n<script type=\"application\/ld+json\" class=\"yoast-schema-graph\">{\"@context\":\"https:\\\/\\\/schema.org\",\"@graph\":[{\"@type\":\"WebPage\",\"@id\":\"https:\\\/\\\/neoqi.com\\\/fr\\\/contact-us\\\/faq\\\/\",\"url\":\"https:\\\/\\\/neoqi.com\\\/fr\\\/contact-us\\\/faq\\\/\",\"name\":\"FAQ - NEOQI\",\"isPartOf\":{\"@id\":\"https:\\\/\\\/neoqi.com\\\/#website\"},\"primaryImageOfPage\":{\"@id\":\"https:\\\/\\\/neoqi.com\\\/fr\\\/contact-us\\\/faq\\\/#primaryimage\"},\"image\":{\"@id\":\"https:\\\/\\\/neoqi.com\\\/fr\\\/contact-us\\\/faq\\\/#primaryimage\"},\"thumbnailUrl\":\"https:\\\/\\\/neoqi.com\\\/wp-content\\\/uploads\\\/2024\\\/11\\\/Flamingo_no_light2.jpg\",\"datePublished\":\"2024-09-06T18:26:15+00:00\",\"dateModified\":\"2024-11-06T10:20:30+00:00\",\"breadcrumb\":{\"@id\":\"https:\\\/\\\/neoqi.com\\\/fr\\\/contact-us\\\/faq\\\/#breadcrumb\"},\"inLanguage\":\"de\",\"potentialAction\":[{\"@type\":\"ReadAction\",\"target\":[\"https:\\\/\\\/neoqi.com\\\/fr\\\/contact-us\\\/faq\\\/\"]}]},{\"@type\":\"ImageObject\",\"inLanguage\":\"de\",\"@id\":\"https:\\\/\\\/neoqi.com\\\/fr\\\/contact-us\\\/faq\\\/#primaryimage\",\"url\":\"https:\\\/\\\/neoqi.com\\\/wp-content\\\/uploads\\\/2024\\\/11\\\/Flamingo_no_light2.jpg\",\"contentUrl\":\"https:\\\/\\\/neoqi.com\\\/wp-content\\\/uploads\\\/2024\\\/11\\\/Flamingo_no_light2.jpg\",\"width\":2200,\"height\":852},{\"@type\":\"BreadcrumbList\",\"@id\":\"https:\\\/\\\/neoqi.com\\\/fr\\\/contact-us\\\/faq\\\/#breadcrumb\",\"itemListElement\":[{\"@type\":\"ListItem\",\"position\":1,\"name\":\"Home\",\"item\":\"https:\\\/\\\/neoqi.com\\\/\"},{\"@type\":\"ListItem\",\"position\":2,\"name\":\"Contact Us\",\"item\":\"https:\\\/\\\/neoqi.com\\\/contact-us\\\/\"},{\"@type\":\"ListItem\",\"position\":3,\"name\":\"FAQ\"}]},{\"@type\":\"WebSite\",\"@id\":\"https:\\\/\\\/neoqi.com\\\/#website\",\"url\":\"https:\\\/\\\/neoqi.com\\\/\",\"name\":\"NEOQI\",\"description\":\"Experience Ultimate Wellness and Relaxation with NeoQi Spa Capsule: Your Path to Rejuvenation\",\"publisher\":{\"@id\":\"https:\\\/\\\/neoqi.com\\\/#organization\"},\"potentialAction\":[{\"@type\":\"SearchAction\",\"target\":{\"@type\":\"EntryPoint\",\"urlTemplate\":\"https:\\\/\\\/neoqi.com\\\/?s={search_term_string}\"},\"query-input\":{\"@type\":\"PropertyValueSpecification\",\"valueRequired\":true,\"valueName\":\"search_term_string\"}}],\"inLanguage\":\"de\"},{\"@type\":\"Organization\",\"@id\":\"https:\\\/\\\/neoqi.com\\\/#organization\",\"name\":\"NEOQI\",\"url\":\"https:\\\/\\\/neoqi.com\\\/\",\"logo\":{\"@type\":\"ImageObject\",\"inLanguage\":\"de\",\"@id\":\"https:\\\/\\\/neoqi.com\\\/#\\\/schema\\\/logo\\\/image\\\/\",\"url\":\"https:\\\/\\\/neoqi.com\\\/wp-content\\\/uploads\\\/2024\\\/09\\\/logoneosvg.svg\",\"contentUrl\":\"https:\\\/\\\/neoqi.com\\\/wp-content\\\/uploads\\\/2024\\\/09\\\/logoneosvg.svg\",\"width\":1,\"height\":1,\"caption\":\"NEOQI\"},\"image\":{\"@id\":\"https:\\\/\\\/neoqi.com\\\/#\\\/schema\\\/logo\\\/image\\\/\"},\"sameAs\":[\"https:\\\/\\\/www.facebook.com\\\/neoqi\\\/\",\"https:\\\/\\\/www.instagram.com\\\/neoqi_com\\\/\"]}]}<\/script>\n<!-- \/ Yoast SEO plugin. -->","yoast_head_json":{"title":"FAQ - NEOQI","robots":{"index":"index","follow":"follow","max-snippet":"max-snippet:-1","max-image-preview":"max-image-preview:large","max-video-preview":"max-video-preview:-1"},"canonical":"https:\/\/neoqi.com\/de\/contact-us\/faq\/","og_locale":"de_DE","og_type":"article","og_title":"FAQ - NEOQI","og_description":"What is an energy cocoon? A NeoQi\u00ae energy cocoon is a compact spa-complex, which allows You to enjoy different thermal and hydrotherapeutic treatments. Thanks to its versatility, the energy cocoon is an indispensable means of face and body care, all within the space of one room. For whom is the NeoQi\u00ae equipment meant? NeoQi\u00ae manufactures [&hellip;]","og_url":"https:\/\/neoqi.com\/de\/contact-us\/faq\/","og_site_name":"NEOQI","article_publisher":"https:\/\/www.facebook.com\/neoqi\/","article_modified_time":"2024-11-06T10:20:30+00:00","og_image":[{"width":2200,"height":852,"url":"https:\/\/neoqi.com\/wp-content\/uploads\/2024\/11\/Flamingo_no_light2.jpg","type":"image\/jpeg"}],"twitter_card":"summary_large_image","twitter_misc":{"Gesch\u00e4tzte Lesezeit":"5\u00a0Minuten"},"schema":{"@context":"https:\/\/schema.org","@graph":[{"@type":"WebPage","@id":"https:\/\/neoqi.com\/fr\/contact-us\/faq\/","url":"https:\/\/neoqi.com\/fr\/contact-us\/faq\/","name":"FAQ - NEOQI","isPartOf":{"@id":"https:\/\/neoqi.com\/#website"},"primaryImageOfPage":{"@id":"https:\/\/neoqi.com\/fr\/contact-us\/faq\/#primaryimage"},"image":{"@id":"https:\/\/neoqi.com\/fr\/contact-us\/faq\/#primaryimage"},"thumbnailUrl":"https:\/\/neoqi.com\/wp-content\/uploads\/2024\/11\/Flamingo_no_light2.jpg","datePublished":"2024-09-06T18:26:15+00:00","dateModified":"2024-11-06T10:20:30+00:00","breadcrumb":{"@id":"https:\/\/neoqi.com\/fr\/contact-us\/faq\/#breadcrumb"},"inLanguage":"de","potentialAction":[{"@type":"ReadAction","target":["https:\/\/neoqi.com\/fr\/contact-us\/faq\/"]}]},{"@type":"ImageObject","inLanguage":"de","@id":"https:\/\/neoqi.com\/fr\/contact-us\/faq\/#primaryimage","url":"https:\/\/neoqi.com\/wp-content\/uploads\/2024\/11\/Flamingo_no_light2.jpg","contentUrl":"https:\/\/neoqi.com\/wp-content\/uploads\/2024\/11\/Flamingo_no_light2.jpg","width":2200,"height":852},{"@type":"BreadcrumbList","@id":"https:\/\/neoqi.com\/fr\/contact-us\/faq\/#breadcrumb","itemListElement":[{"@type":"ListItem","position":1,"name":"Home","item":"https:\/\/neoqi.com\/"},{"@type":"ListItem","position":2,"name":"Contact Us","item":"https:\/\/neoqi.com\/contact-us\/"},{"@type":"ListItem","position":3,"name":"FAQ"}]},{"@type":"WebSite","@id":"https:\/\/neoqi.com\/#website","url":"https:\/\/neoqi.com\/","name":"NEOQI","description":"Erleben Sie ultimative Wellness und Entspannung mit NeoQi Spa Capsule: Ihr Weg zur Verj\u00fcngung","publisher":{"@id":"https:\/\/neoqi.com\/#organization"},"potentialAction":[{"@type":"SearchAction","target":{"@type":"EntryPoint","urlTemplate":"https:\/\/neoqi.com\/?s={search_term_string}"},"query-input":{"@type":"PropertyValueSpecification","valueRequired":true,"valueName":"search_term_string"}}],"inLanguage":"de"},{"@type":"Organization","@id":"https:\/\/neoqi.com\/#organization","name":"NEOQI","url":"https:\/\/neoqi.com\/","logo":{"@type":"ImageObject","inLanguage":"de","@id":"https:\/\/neoqi.com\/#\/schema\/logo\/image\/","url":"https:\/\/neoqi.com\/wp-content\/uploads\/2024\/09\/logoneosvg.svg","contentUrl":"https:\/\/neoqi.com\/wp-content\/uploads\/2024\/09\/logoneosvg.svg","width":1,"height":1,"caption":"NEOQI"},"image":{"@id":"https:\/\/neoqi.com\/#\/schema\/logo\/image\/"},"sameAs":["https:\/\/www.facebook.com\/neoqi\/","https:\/\/www.instagram.com\/neoqi_com\/"]}]}},"_links":{"self":[{"href":"https:\/\/neoqi.com\/de\/wp-json\/wp\/v2\/pages\/2021","targetHints":{"allow":["GET"]}}],"collection":[{"href":"https:\/\/neoqi.com\/de\/wp-json\/wp\/v2\/pages"}],"about":[{"href":"https:\/\/neoqi.com\/de\/wp-json\/wp\/v2\/types\/page"}],"author":[{"embeddable":true,"href":"https:\/\/neoqi.com\/de\/wp-json\/wp\/v2\/users\/1"}],"replies":[{"embeddable":true,"href":"https:\/\/neoqi.com\/de\/wp-json\/wp\/v2\/comments?post=2021"}],"version-history":[{"count":1,"href":"https:\/\/neoqi.com\/de\/wp-json\/wp\/v2\/pages\/2021\/revisions"}],"predecessor-version":[{"id":2022,"href":"https:\/\/neoqi.com\/de\/wp-json\/wp\/v2\/pages\/2021\/revisions\/2022"}],"up":[{"embeddable":true,"href":"https:\/\/neoqi.com\/de\/wp-json\/wp\/v2\/pages\/2017"}],"wp:featuredmedia":[{"embeddable":true,"href":"https:\/\/neoqi.com\/de\/wp-json\/wp\/v2\/media\/2911"}],"wp:attachment":[{"href":"https:\/\/neoqi.com\/de\/wp-json\/wp\/v2\/media?parent=2021"}],"curies":[{"name":"wp","href":"https:\/\/api.w.org\/{rel}","templated":true}]}}