{"id":2225,"date":"2024-09-07T00:17:14","date_gmt":"2024-09-06T21:17:14","guid":{"rendered":"http:\/\/neoqi.com\/?page_id=2225"},"modified":"2024-09-07T13:06:41","modified_gmt":"2024-09-07T10:06:41","slug":"about-esti-marine-organic-cosmetics","status":"publish","type":"page","link":"https:\/\/neoqi.com\/de\/cosmetics\/about-esti-marine-organic-cosmetics\/","title":{"rendered":"\u00dcber ESTi Marine Organic Cosmetics"},"content":{"rendered":"<p>Die Produkte von EST\u00ed werden in Frankreich hergestellt, an der Westspitze der Bretagne - von der UNESCO als Weltbiosph\u00e4renreservat eingestuft - und bieten eine breite Palette von Meereskosmetika und\u00a0<a href=\"http:\/\/neoqi.com\/de\/cosmetics\/spa-treatments-with-esti\/\">professionelle Spa-Behandlungen mit ESTi<\/a>Der NeoQi ist ausschlie\u00dflich f\u00fcr die Verwendung mit NeoQi-Ger\u00e4ten in Wellness-Zentren, Gesundheitszentren, Kliniken, Thalassotherapie-Zentren, SPA-Zentren und Sch\u00f6nheitssalons bestimmt.<\/p>\n<p>EST\u00ed cosmetics setzt bei der Herstellung der gesamten Produktpalette, die von Fachleuten auf dem Gebiet der Thalassotherapie entwickelt wurde, einzigartige Technologien ein, die auf der Verwendung von Meeresressourcen basieren.<\/p>\n<p>Die Verwendung von thalassotherapeutischen Produkten in NeoQi-Ger\u00e4ten erm\u00f6glicht es uns, anschauliche und langfristige Ergebnisse zu erzielen!<\/p>\n<p>Philosophie der Marke - Grundprinzipien:<\/p>\n<ol>\n<li>Umweltfreundlich<\/li>\n<li>Wirkungsgrad<\/li>\n<li>Authentizit\u00e4t<\/li>\n<li>Ma\u00dfgeschneiderte Behandlungen<\/li>\n<\/ol>\n<p>EST\u00ed-Kosmetik hat die Kraft des Meeres, den N\u00e4hrwert der Algen und des Meerwassers kombiniert, die in einer Vielzahl von Behandlungsprogrammen eingesetzt werden, wie z. B.:<\/p>\n<ul>\n<li>Thalassotherapie<\/li>\n<li>Algotherapie<\/li>\n<li>Balneotherapie<\/li>\n<li>Schlammbehandlung<\/li>\n<li>SPA-Programme<\/li>\n<\/ul>\n<p>Die Produktlinie EST\u00ed umfasst professionelle Behandlungsprogramme f\u00fcr Gesicht und K\u00f6rper: Algenpackungen, Balneotherapie mit Meerwasser und Algen, Schlammelemente, lokale Behandlungen zur Korrektur von Problemzonen, SPA-Behandlungen. Dar\u00fcber hinaus haben die Hersteller spezielle Produkte f\u00fcr die Anwendung zu Hause entwickelt, die die Wirkung der professionellen Pflege verl\u00e4ngern. Es handelt sich um innovative und wirksame Behandlungen, die ausschlie\u00dflich das Beste aus dem Meer und den Algen vereinen, um harmonisch auf den K\u00f6rper einzuwirken.<\/p>\n<p>Die Vielfalt der EST\u00ed-Produkte bietet Ihnen unbegrenzte M\u00f6glichkeiten, Ihre NeoQi\u00ae-Ger\u00e4te einzusetzen.<\/p>\n<p>Die Zusammensetzung der Inhaltsstoffe von\u00a0<strong>professionelle SPA-Kosmetik<\/strong>\u00a0<a href=\"http:\/\/neoqi.com\/de\/cosmetics\/for-body\/\">f\u00fcr K\u00f6rper<\/a>\u00a0und\u00a0<a href=\"http:\/\/neoqi.com\/de\/cosmetics\/for-face\/\">f\u00fcr Gesicht<\/a>\u00a0enthalten reine Extrakte und Wirkstoffe wie Mineralien, Vitamine und Antioxidantien. Ihre Synergie hilft, das Altern erfolgreich zu bek\u00e4mpfen, das mineralische Gleichgewicht wiederherzustellen, Abfallprodukte und Toxine aus dem K\u00f6rper zu beseitigen, den Stoffwechsel anzuregen, die Struktur und Jugend der Haut wiederherzustellen und den negativen Auswirkungen der Umweltverschmutzung zu widerstehen.<\/p>\n<p>EST\u00ed-Kosmetik ist frei von Parabenen, synthetischen Duft- und Farbstoffen und Konservierungsmitteln. Dar\u00fcber hinaus sind viele Produkte von Ecocert Greenlife zertifiziert, was die Herkunft und den Prozess der umweltfreundlichen Bio-Kosmetik best\u00e4tigt.<\/p>\n<p>&nbsp;<\/p>\n<h2><a name=\"_Toc415651671\"><\/a>Auswirkungen auf den K\u00f6rper<\/h2>\n<h2><\/h2>\n<p>Die neuen Trends bei den SPA-Behandlungen f\u00fcr Gesicht und K\u00f6rper sehen keine aggressiven Techniken vor, sondern legen den Schwerpunkt auf die Effizienz und die sanfte Wirkung nat\u00fcrlicher Inhaltsstoffe, die Sicherheit und den Komfort der Behandlungen.<\/p>\n<p>Die Wirkung der EST\u00ed-Kosmetik zielt nicht nur auf die \u00c4sthetik ab, sondern auch auf die Verbesserung des allgemeinen Wohlbefindens des K\u00f6rpers, was durch die Aktivierung der Stoffwechselprozesse, die Beschleunigung der Ausscheidung von Giftstoffen und die Stimulierung des Blutkreislaufs erreicht wird.<\/p>\n<p>Die Verbesserung des inneren Zustands des K\u00f6rpers hat direkte Auswirkungen auf unser Aussehen. Gesundheit und Sch\u00f6nheit werden zu Synonymen.<\/p>\n<ul>\n<li>Produkte und Programme mit EST\u00ed-Kosmetik richten sich an:<\/li>\n<li>Beseitigung der Folgen und des Vorhandenseins von chronischer M\u00fcdigkeit und Stress<\/li>\n<li>Remineralisierung des K\u00f6rpers<\/li>\n<li>St\u00e4rkung der atonischen Bereiche des K\u00f6rpers<\/li>\n<li>Bildung einer harmonischen Silhouette<\/li>\n<li>Gewichtsabnahme und Abnehmen<\/li>\n<li>starke Entgiftung<\/li>\n<li>Normalisierung des Stoffwechsels<\/li>\n<li>Wiederherstellung von Formen und Macht<\/li>\n<\/ul>\n<p>Dank ihrer mikronisierten Konsistenz und ihrer Wasserl\u00f6slichkeit ist die EST\u00ed-Kosmetikserie sehr angenehm und einfach in allen NeoQi-Energiekokons und -B\u00e4dern zu verwenden. Das sanfte und doch intensive Aroma jedes Produkts wirkt auf die Geruchsrezeptorzellen und bietet so den zus\u00e4tzlichen Vorteil einer Aromatherapie.<\/p>\n<p>Effizienz, sichtbare, lebendige und langfristige Ergebnisse, Unterst\u00fctzung jedes Kunden - das sind die Qualit\u00e4ten, die EST\u00ed zu einem der hellsten Sterne der Thalassotherapie machen.<\/p>\n<p><strong>\u00a0<\/strong><\/p>\n<h2><a name=\"_Toc415651672\"><\/a>Thalassotherapie<\/h2>\n<h2><\/h2>\n<p>Bis heute ist Frankreich - das Herstellerland der EST\u00ed-Kosmetik - das Zentrum der Thalassotherapie.\u00a0<em>(von griechisch \"thalassa\" - d.h. Meer, \"therapia\" - d.h. Behandlung)<\/em><\/p>\n<p>Die Methode der Thalassotherapie ist die therapeutische Nutzung des Meeres, seines Klimas und der Meeresprodukte wie Algen, Algen, Schlamm und Meersalzkristalle. Sie kann in Verbindung mit anderen therapeutischen Mitteln, wie der klassischen manuellen Massage oder der Hydrotherapie, eingesetzt werden.<\/p>\n<p>Die maritime Natur und das Klima, der Panoramablick auf den Horizont, das Rauschen des Meeres und die salzige Seeluft wirken entspannend, ausgleichend und gesundheitsf\u00f6rdernd auf den Menschen und bringen K\u00f6rper und Geist wieder in Einklang.<\/p>\n<p>Die lebenswichtige Kraft des Meerwassers war seit jeher bekannt, um Menschen zu heilen und zu verj\u00fcngen, aber erst im XIX. Jahrhundert wurde es in Frankreich als Therapieform anerkannt.<\/p>\n<p>Die moderne Thalasso-Therapie basiert nach wie vor auf einer Kombination aus Meerwasser, Algen und W\u00e4rme, in Verbindung mit wissenschaftlichen Verfahren, Kriterien und modernsten Technologien.<\/p>\n<p>Die Hauptbestandteile der thalassotherapeutischen Wirkungen sind:<\/p>\n<p>Meerwasser - die Quelle von essentiellen Spurenmengen an Jod, Magnesium, Kalzium, Schwefel, Kalium, Eisen, Kupfer, Phosphor, Zink, Selen, Brom, Mangan und vielen anderen. Es ist wissenschaftlich erwiesen, dass die mineralische Zusammensetzung des Meerwassers nahezu identisch mit der des menschlichen Blutplasmas ist, so dass fast 100% der darin enthaltenen Wirkstoffe vom menschlichen K\u00f6rper aufgenommen werden. Gleichzeitig nimmt der K\u00f6rper aufgrund des nat\u00fcrlichen Ph\u00e4nomens des osmotischen Austauschs genau die Menge an n\u00fctzlichen Bestandteilen marinen Ursprungs auf, die er zum gegebenen Zeitpunkt ben\u00f6tigt.<\/p>\n<p>Algen - ein wichtiges Bindeglied in der Thalassotherapie, sie haben die F\u00e4higkeit, fehlende bioaktive Substanzen im menschlichen K\u00f6rper zu kompensieren. Wissenschaftler sch\u00e4tzen, dass \u00fcber 150 mineralische Spurenelemente in verschiedenen Thalassotherapie-Behandlungen verwendet werden. Algen haben auch die F\u00e4higkeit, w\u00e4hrend ihres Wachstums und ihrer Lebenst\u00e4tigkeit verschiedene Mineralien und Spurenelemente zu akkumulieren, die an der Synthese von Enzymen, Vitaminen und Hormonen sowie an der Zellfunktion beteiligt sind. Bei der Gewinnung und Verarbeitung der Algen werden alle notwendigen Regeln beachtet, um ihre n\u00fctzlichen Eigenschaften und Wirkstoffe zu erhalten.<\/p>\n<p>Mit Hilfe der Thalasso-Therapie lassen sich sowohl sch\u00f6ne als auch therapeutische Ergebnisse erzielen. Die Thalasso-Therapie kann die Person von einer Vielzahl von Problemen und Krankheiten befreien:<\/p>\n<ul>\n<li>Wiederherstellung und Verj\u00fcngung der Haut, Befeuchtung trockener und empfindlicher Haut<\/li>\n<li>Verbesserung der lokalen Blutzirkulation und der Stoffwechselprozesse im K\u00f6rper<\/li>\n<li>Behandlung von Zellulitis und \u00dcbergewichtsproblemen (eine Kombination aus umfassender Behandlung und richtiger Ern\u00e4hrung erm\u00f6glicht es, bis zu 2 kg pro Woche zu verlieren)<\/li>\n<li>eine positive Wirkung auf das Nervensystem und die Stressbew\u00e4ltigung<\/li>\n<li>Verbesserung des Atmungssystems und der Schilddr\u00fcsenfunktion<\/li>\n<li>Ausleitung von Giftstoffen und \u00fcbersch\u00fcssigem Fett aus dem K\u00f6rper<\/li>\n<li>Behandlung von entz\u00fcndlichem Rheuma, Arthrose, Folgen von Verletzungen, Linderung von Schmerzsyndromen<\/li>\n<li>Erleichterung des Zustands von onkologischen Patienten<\/li>\n<li>Wiederherstellung des K\u00f6rpers nach Geburten, Verletzungen, Operationen (einschlie\u00dflich plastischer Eingriffe).<\/li>\n<\/ul>\n<p>&nbsp;<\/p>\n<h2><a name=\"_Toc415651673\"><\/a>Inhaltsstoffe<\/h2>\n<p>Die Inhaltsstoffe der Kosmetika, die aus dem Wasser des Iroise-Meeres gewonnen werden, sind wie ein Wunderelixier, gef\u00fcllt mit essentiellen Elementen, die f\u00fcr eine gesunde Haut notwendig sind.<\/p>\n<p>Algen und Meerwasser, angereichert mit N\u00e4hrstoffen, sowie die Erfahrung und die F\u00e4higkeiten der Fabrik f\u00fcr die Herstellung von Kosmetika ESTI - f\u00fchrend in der Ernte, Umwandlung und Valorisierung der Meeresressourcen - erm\u00f6glicht es uns, Ihnen eine einzigartige Quelle der Vitalit\u00e4t, Gesundheit und Sch\u00f6nheit zu bringen.<\/p>\n<p>Es gibt mehr als 20 verschiedene Arten von\u00a0<strong>Seegras<\/strong>\u00a0die in EST\u00ed-Kosmetika verwendet werden.  Die Zusammensetzung und die therapeutische Wirkung der einzelnen Arten unterscheiden sich voneinander und haben ihre eigenen einzigartigen Eigenschaften. Die wichtigsten Bestandteile der EST\u00ed-Produkte sind die Braunalgen Laminaria Digitata und Fucus Vesiculosus, die dank ihrer starken entw\u00e4ssernden und lipolytischen Eigenschaften f\u00fchrend in der gesamten Anti-Cellulite-Behandlung sind. Die Rotalge Lithotamnium Calcareum verhindert den Kalziumverlust und bewahrt die Knochenstruktur, und Hondrus Crispus, als Quelle nat\u00fcrlicher Hyalurons\u00e4ure, sorgt f\u00fcr einen ausgepr\u00e4gten Hydratationseffekt. Die Gr\u00fcnalge Ulva Laktuka ist verantwortlich f\u00fcr die Synthese von Kollagen, die Aufrechterhaltung der Ton des Bindegewebes. Die K\u00f6nigin unter den Algen - die exotische Blaualge Spirulina - ist ein Meister im Proteingehalt, hat eine starke st\u00e4rkende und sofortige Lifting-Wirkung. Die hervorragenden immunstimulierenden, onkologischen und antioxidativen Eigenschaften von Spirulina sind seit langem bekannt und werden von \u00c4rzten gesch\u00e4tzt. Die moderne Methode der Algenverarbeitung zu mikronisierter Konsistenz erm\u00f6glicht es den Inhaltsstoffen, bei Packungen und B\u00e4dern leicht und tiefer durch die Haut zu dringen, was nicht nur zu lokalen, sondern auch zu systemischen Wirkungen auf den K\u00f6rper f\u00fchrt.<\/p>\n<p>Au\u00dferdem ist Seegras 100% rein und die nat\u00fcrliche\u00a0<strong>\u00e4therische \u00d6le<\/strong>\u00a0verwendet, die in vier einzigartigen Komplexen mit schlankmachender, entspannender, durchblutungsf\u00f6rdernder und tonisierender Wirkung gruppiert sind. Der Synergieeffekt und die Dispersion dieses Komplexes im Wasser sorgen f\u00fcr eine gleichm\u00e4\u00dfige Verteilung und damit f\u00fcr eine optimale Diffusion der aktiven Molek\u00fcle.<\/p>\n<p>Es ist erwiesen, dass die Zusammensetzung von\u00a0<strong>Meerwasser<\/strong>\u00a0ist praktisch identisch mit dem des menschlichen Blutplasmas, so dass fast 100% der darin enthaltenen Wirkstoffe vom menschlichen K\u00f6rper aufgenommen werden. Zur gleichen Zeit,\u00a0<strong>Meersalz<\/strong>\u00a0\"beinhaltet das Ph\u00e4nomen des osmotischen Austauschs. Dadurch nimmt unser K\u00f6rper nach dem Prinzip der kommunizierenden Gef\u00e4\u00dfe genau die Menge an Wirkstoffen auf, die im Moment ben\u00f6tigt wird.<\/p>\n<p>Au\u00dferdem gibt es zwei innovative\u00a0<strong>Komplexe<\/strong>\u00a0in der Zusammensetzung der Inhaltsstoffe der Produkte - Thali'source und Oligo`source.<\/p>\n<p>EST\u00ed-Kosmetik ist frei von Parabenen, synthetischen Duft- und Farbstoffen und Konservierungsmitteln. Dar\u00fcber hinaus sind viele Produkte von Ecocert Greenlife zertifiziert, was die Herkunft und den Prozess der umweltfreundlichen Bio-Kosmetik best\u00e4tigt.<\/p>","protected":false},"excerpt":{"rendered":"<p>Products of EST\u00ed are produced in France, at the western tip of Brittany \u2013 classed as a world Biosphere reserve by UNESCO, offer a wide range of marine cosmetics and\u00a0professional spa treatments with ESTi, exclusively designed to be used with NeoQi equipment in wellness centers, health centers, clinics, thalassotherapy centers, SPA-centers and beauty salons. EST\u00ed [&hellip;]<\/p>\n","protected":false},"author":1,"featured_media":0,"parent":2223,"menu_order":0,"comment_status":"closed","ping_status":"closed","template":"","meta":{"_acf_changed":false,"site-sidebar-layout":"default","site-content-layout":"","ast-site-content-layout":"default","site-content-style":"default","site-sidebar-style":"default","ast-global-header-display":"","ast-banner-title-visibility":"","ast-main-header-display":"","ast-hfb-above-header-display":"","ast-hfb-below-header-display":"","ast-hfb-mobile-header-display":"","site-post-title":"","ast-breadcrumbs-content":"","ast-featured-img":"","footer-sml-layout":"","ast-disable-related-posts":"","theme-transparent-header-meta":"default","adv-header-id-meta":"","stick-header-meta":"","header-above-stick-meta":"","header-main-stick-meta":"","header-below-stick-meta":"","astra-migrate-meta-layouts":"set","ast-page-background-enabled":"default","ast-page-background-meta":{"desktop":{"background-color":"var(--ast-global-color-4)","background-image":"","background-repeat":"repeat","background-position":"center center","background-size":"auto","background-attachment":"scroll","background-type":"","background-media":"","overlay-type":"","overlay-color":"","overlay-opacity":"","overlay-gradient":""},"tablet":{"background-color":"","background-image":"","background-repeat":"repeat","background-position":"center center","background-size":"auto","background-attachment":"scroll","background-type":"","background-media":"","overlay-type":"","overlay-color":"","overlay-opacity":"","overlay-gradient":""},"mobile":{"background-color":"","background-image":"","background-repeat":"repeat","background-position":"center center","background-size":"auto","background-attachment":"scroll","background-type":"","background-media":"","overlay-type":"","overlay-color":"","overlay-opacity":"","overlay-gradient":""}},"ast-content-background-meta":{"desktop":{"background-color":"var(--ast-global-color-5)","background-image":"","background-repeat":"repeat","background-position":"center center","background-size":"auto","background-attachment":"scroll","background-type":"","background-media":"","overlay-type":"","overlay-color":"","overlay-opacity":"","overlay-gradient":""},"tablet":{"background-color":"var(--ast-global-color-5)","background-image":"","background-repeat":"repeat","background-position":"center center","background-size":"auto","background-attachment":"scroll","background-type":"","background-media":"","overlay-type":"","overlay-color":"","overlay-opacity":"","overlay-gradient":""},"mobile":{"background-color":"var(--ast-global-color-5)","background-image":"","background-repeat":"repeat","background-position":"center center","background-size":"auto","background-attachment":"scroll","background-type":"","background-media":"","overlay-type":"","overlay-color":"","overlay-opacity":"","overlay-gradient":""}},"footnotes":""},"class_list":["post-2225","page","type-page","status-publish","hentry"],"acf":[],"yoast_head":"<!-- This site is optimized with the Yoast SEO plugin v27.5 - https:\/\/yoast.com\/product\/yoast-seo-wordpress\/ -->\n<title>About ESTi Marine Organic Cosmetics - NEOQI<\/title>\n<meta name=\"robots\" content=\"index, follow, max-snippet:-1, max-image-preview:large, max-video-preview:-1\" \/>\n<link rel=\"canonical\" href=\"https:\/\/neoqi.com\/de\/cosmetics\/about-esti-marine-organic-cosmetics\/\" \/>\n<meta property=\"og:locale\" content=\"de_DE\" \/>\n<meta property=\"og:type\" content=\"article\" \/>\n<meta property=\"og:title\" content=\"About ESTi Marine Organic Cosmetics - NEOQI\" \/>\n<meta property=\"og:description\" content=\"Products of EST\u00ed are produced in France, at the western tip of Brittany \u2013 classed as a world Biosphere reserve by UNESCO, offer a wide range of marine cosmetics and\u00a0professional spa treatments with ESTi, exclusively designed to be used with NeoQi equipment in wellness centers, health centers, clinics, thalassotherapy centers, SPA-centers and beauty salons. EST\u00ed [&hellip;]\" \/>\n<meta property=\"og:url\" content=\"https:\/\/neoqi.com\/de\/cosmetics\/about-esti-marine-organic-cosmetics\/\" \/>\n<meta property=\"og:site_name\" content=\"NEOQI\" \/>\n<meta property=\"article:publisher\" content=\"https:\/\/www.facebook.com\/neoqi\/\" \/>\n<meta property=\"article:modified_time\" content=\"2024-09-07T10:06:41+00:00\" \/>\n<meta name=\"twitter:card\" content=\"summary_large_image\" \/>\n<meta name=\"twitter:label1\" content=\"Gesch\u00e4tzte Lesezeit\" \/>\n\t<meta name=\"twitter:data1\" content=\"7\u00a0Minuten\" \/>\n<script type=\"application\/ld+json\" class=\"yoast-schema-graph\">{\"@context\":\"https:\\\/\\\/schema.org\",\"@graph\":[{\"@type\":\"WebPage\",\"@id\":\"https:\\\/\\\/neoqi.com\\\/cosmetics\\\/about-esti-marine-organic-cosmetics\\\/\",\"url\":\"https:\\\/\\\/neoqi.com\\\/cosmetics\\\/about-esti-marine-organic-cosmetics\\\/\",\"name\":\"About ESTi Marine Organic Cosmetics - NEOQI\",\"isPartOf\":{\"@id\":\"https:\\\/\\\/neoqi.com\\\/#website\"},\"datePublished\":\"2024-09-06T21:17:14+00:00\",\"dateModified\":\"2024-09-07T10:06:41+00:00\",\"breadcrumb\":{\"@id\":\"https:\\\/\\\/neoqi.com\\\/cosmetics\\\/about-esti-marine-organic-cosmetics\\\/#breadcrumb\"},\"inLanguage\":\"de\",\"potentialAction\":[{\"@type\":\"ReadAction\",\"target\":[\"https:\\\/\\\/neoqi.com\\\/cosmetics\\\/about-esti-marine-organic-cosmetics\\\/\"]}]},{\"@type\":\"BreadcrumbList\",\"@id\":\"https:\\\/\\\/neoqi.com\\\/cosmetics\\\/about-esti-marine-organic-cosmetics\\\/#breadcrumb\",\"itemListElement\":[{\"@type\":\"ListItem\",\"position\":1,\"name\":\"Home\",\"item\":\"https:\\\/\\\/neoqi.com\\\/\"},{\"@type\":\"ListItem\",\"position\":2,\"name\":\"Cosmetics\",\"item\":\"https:\\\/\\\/neoqi.com\\\/cosmetics\\\/\"},{\"@type\":\"ListItem\",\"position\":3,\"name\":\"About ESTi Marine Organic Cosmetics\"}]},{\"@type\":\"WebSite\",\"@id\":\"https:\\\/\\\/neoqi.com\\\/#website\",\"url\":\"https:\\\/\\\/neoqi.com\\\/\",\"name\":\"NEOQI\",\"description\":\"Experience Ultimate Wellness and Relaxation with NeoQi Spa Capsule: Your Path to Rejuvenation\",\"publisher\":{\"@id\":\"https:\\\/\\\/neoqi.com\\\/#organization\"},\"potentialAction\":[{\"@type\":\"SearchAction\",\"target\":{\"@type\":\"EntryPoint\",\"urlTemplate\":\"https:\\\/\\\/neoqi.com\\\/?s={search_term_string}\"},\"query-input\":{\"@type\":\"PropertyValueSpecification\",\"valueRequired\":true,\"valueName\":\"search_term_string\"}}],\"inLanguage\":\"de\"},{\"@type\":\"Organization\",\"@id\":\"https:\\\/\\\/neoqi.com\\\/#organization\",\"name\":\"NEOQI\",\"url\":\"https:\\\/\\\/neoqi.com\\\/\",\"logo\":{\"@type\":\"ImageObject\",\"inLanguage\":\"de\",\"@id\":\"https:\\\/\\\/neoqi.com\\\/#\\\/schema\\\/logo\\\/image\\\/\",\"url\":\"https:\\\/\\\/neoqi.com\\\/wp-content\\\/uploads\\\/2024\\\/09\\\/logoneosvg.svg\",\"contentUrl\":\"https:\\\/\\\/neoqi.com\\\/wp-content\\\/uploads\\\/2024\\\/09\\\/logoneosvg.svg\",\"width\":1,\"height\":1,\"caption\":\"NEOQI\"},\"image\":{\"@id\":\"https:\\\/\\\/neoqi.com\\\/#\\\/schema\\\/logo\\\/image\\\/\"},\"sameAs\":[\"https:\\\/\\\/www.facebook.com\\\/neoqi\\\/\",\"https:\\\/\\\/www.instagram.com\\\/neoqi_com\\\/\"]}]}<\/script>\n<!-- \/ Yoast SEO plugin. -->","yoast_head_json":{"title":"About ESTi Marine Organic Cosmetics - NEOQI","robots":{"index":"index","follow":"follow","max-snippet":"max-snippet:-1","max-image-preview":"max-image-preview:large","max-video-preview":"max-video-preview:-1"},"canonical":"https:\/\/neoqi.com\/de\/cosmetics\/about-esti-marine-organic-cosmetics\/","og_locale":"de_DE","og_type":"article","og_title":"About ESTi Marine Organic Cosmetics - NEOQI","og_description":"Products of EST\u00ed are produced in France, at the western tip of Brittany \u2013 classed as a world Biosphere reserve by UNESCO, offer a wide range of marine cosmetics and\u00a0professional spa treatments with ESTi, exclusively designed to be used with NeoQi equipment in wellness centers, health centers, clinics, thalassotherapy centers, SPA-centers and beauty salons. EST\u00ed [&hellip;]","og_url":"https:\/\/neoqi.com\/de\/cosmetics\/about-esti-marine-organic-cosmetics\/","og_site_name":"NEOQI","article_publisher":"https:\/\/www.facebook.com\/neoqi\/","article_modified_time":"2024-09-07T10:06:41+00:00","twitter_card":"summary_large_image","twitter_misc":{"Gesch\u00e4tzte Lesezeit":"7\u00a0Minuten"},"schema":{"@context":"https:\/\/schema.org","@graph":[{"@type":"WebPage","@id":"https:\/\/neoqi.com\/cosmetics\/about-esti-marine-organic-cosmetics\/","url":"https:\/\/neoqi.com\/cosmetics\/about-esti-marine-organic-cosmetics\/","name":"About ESTi Marine Organic Cosmetics - NEOQI","isPartOf":{"@id":"https:\/\/neoqi.com\/#website"},"datePublished":"2024-09-06T21:17:14+00:00","dateModified":"2024-09-07T10:06:41+00:00","breadcrumb":{"@id":"https:\/\/neoqi.com\/cosmetics\/about-esti-marine-organic-cosmetics\/#breadcrumb"},"inLanguage":"de","potentialAction":[{"@type":"ReadAction","target":["https:\/\/neoqi.com\/cosmetics\/about-esti-marine-organic-cosmetics\/"]}]},{"@type":"BreadcrumbList","@id":"https:\/\/neoqi.com\/cosmetics\/about-esti-marine-organic-cosmetics\/#breadcrumb","itemListElement":[{"@type":"ListItem","position":1,"name":"Home","item":"https:\/\/neoqi.com\/"},{"@type":"ListItem","position":2,"name":"Cosmetics","item":"https:\/\/neoqi.com\/cosmetics\/"},{"@type":"ListItem","position":3,"name":"About ESTi Marine Organic Cosmetics"}]},{"@type":"WebSite","@id":"https:\/\/neoqi.com\/#website","url":"https:\/\/neoqi.com\/","name":"NEOQI","description":"Erleben Sie ultimative Wellness und Entspannung mit NeoQi Spa Capsule: Ihr Weg zur Verj\u00fcngung","publisher":{"@id":"https:\/\/neoqi.com\/#organization"},"potentialAction":[{"@type":"SearchAction","target":{"@type":"EntryPoint","urlTemplate":"https:\/\/neoqi.com\/?s={search_term_string}"},"query-input":{"@type":"PropertyValueSpecification","valueRequired":true,"valueName":"search_term_string"}}],"inLanguage":"de"},{"@type":"Organization","@id":"https:\/\/neoqi.com\/#organization","name":"NEOQI","url":"https:\/\/neoqi.com\/","logo":{"@type":"ImageObject","inLanguage":"de","@id":"https:\/\/neoqi.com\/#\/schema\/logo\/image\/","url":"https:\/\/neoqi.com\/wp-content\/uploads\/2024\/09\/logoneosvg.svg","contentUrl":"https:\/\/neoqi.com\/wp-content\/uploads\/2024\/09\/logoneosvg.svg","width":1,"height":1,"caption":"NEOQI"},"image":{"@id":"https:\/\/neoqi.com\/#\/schema\/logo\/image\/"},"sameAs":["https:\/\/www.facebook.com\/neoqi\/","https:\/\/www.instagram.com\/neoqi_com\/"]}]}},"_links":{"self":[{"href":"https:\/\/neoqi.com\/de\/wp-json\/wp\/v2\/pages\/2225","targetHints":{"allow":["GET"]}}],"collection":[{"href":"https:\/\/neoqi.com\/de\/wp-json\/wp\/v2\/pages"}],"about":[{"href":"https:\/\/neoqi.com\/de\/wp-json\/wp\/v2\/types\/page"}],"author":[{"embeddable":true,"href":"https:\/\/neoqi.com\/de\/wp-json\/wp\/v2\/users\/1"}],"replies":[{"embeddable":true,"href":"https:\/\/neoqi.com\/de\/wp-json\/wp\/v2\/comments?post=2225"}],"version-history":[{"count":1,"href":"https:\/\/neoqi.com\/de\/wp-json\/wp\/v2\/pages\/2225\/revisions"}],"predecessor-version":[{"id":2226,"href":"https:\/\/neoqi.com\/de\/wp-json\/wp\/v2\/pages\/2225\/revisions\/2226"}],"up":[{"embeddable":true,"href":"https:\/\/neoqi.com\/de\/wp-json\/wp\/v2\/pages\/2223"}],"wp:attachment":[{"href":"https:\/\/neoqi.com\/de\/wp-json\/wp\/v2\/media?parent=2225"}],"curies":[{"name":"wp","href":"https:\/\/api.w.org\/{rel}","templated":true}]}}