{"id":2227,"date":"2024-09-07T00:17:49","date_gmt":"2024-09-06T21:17:49","guid":{"rendered":"http:\/\/neoqi.com\/?page_id=2227"},"modified":"2024-09-07T13:06:41","modified_gmt":"2024-09-07T10:06:41","slug":"for-body","status":"publish","type":"page","link":"https:\/\/neoqi.com\/de\/cosmetics\/for-body\/","title":{"rendered":"F\u00fcr K\u00f6rper"},"content":{"rendered":"<h2>Bad<\/h2>\n<p>Die Produkte f\u00fcr die Balneotherapie umfassen klassische Meersalzkristalle mit verschiedenen D\u00fcften sowie eine cremige, nicht sch\u00e4umende Fl\u00fcssigkeit, die sich perfekt im Wasser aufl\u00f6st, ohne R\u00fcckst\u00e4nde zu hinterlassen. Alle Produkte tragen zur aktiven Mineralisierung, effektiven Entgiftung und tiefen Entspannung des K\u00f6rpers bei.<\/p>\n<h2><a name=\"_Toc415651676\"><\/a>Peeling<\/h2>\n<p>Das K\u00f6rperpeeling ist eine der beliebtesten K\u00f6rperpflegebehandlungen. Es reinigt die Haut effektiv und entfernt abgestorbene Zellen, wodurch die Haut glatt und weich wird. Das Meersalz-Peeling wird f\u00fcr seine F\u00e4higkeit gesch\u00e4tzt, die Haut gr\u00fcndlich zu reinigen und mit Feuchtigkeit zu versorgen, die Mikrozirkulation zu aktivieren und die Regeneration der Hautzellen zu beschleunigen.  F\u00fcr empfindlichere Haut gibt es auch enzymatische Peelings.<\/p>\n<h2><a name=\"_Toc415651677\"><\/a>Wraps<\/h2>\n<p>Mit Hilfe von K\u00f6rperpackungen k\u00f6nnen Sie die eindrucksvollsten und sichtbarsten Ergebnisse einer K\u00f6rperpflegebehandlung erzielen. Algenwickel sind eines der wirksamsten und angenehmsten Mittel zur Bek\u00e4mpfung von Cellulite und zum Abnehmen. Ganzk\u00f6rper- oder lokale Schlammpackungen tragen zur Verbesserung der Gesundheit und zur Schmerzlinderung bei. SPA-K\u00f6rperpackungen mit exquisitem Duft und zarter Textur sorgen f\u00fcr ein unglaubliches Vergn\u00fcgen bei der gesamten K\u00f6rperpflege. Die mikronisierte Konsistenz f\u00f6rdert eine schnelle Aufnahme der Inhaltsstoffe und ein lebendiges Ergebnis.<\/p>\n<h2><a name=\"_Toc415651678\"><\/a>K\u00f6rperpflege<\/h2>\n<p>Zum Abschluss Ihrer K\u00f6rperpflege k\u00f6nnen Sie zwischen verschiedenen Produkten mit unterschiedlichem Zweck und unterschiedlicher Konsistenz w\u00e4hlen - modellierende Creme oder leichte feuchtigkeitsspendende K\u00f6rpermilch, \u00d6le und Wachse f\u00fcr verschiedene Massagen, jeweils mit speziellem Duft, korrigierende Seren und k\u00fchlende Gele f\u00fcr Problemzonen.<\/p>\n<p>&nbsp;<\/p>\n<p>Lesen Sie auch \u00fcber\u00a0<a href=\"http:\/\/neoqi.com\/de\/cosmetics\/for-face\/\">Produkte f\u00fcr das Gesicht<\/a>.<\/p>","protected":false},"excerpt":{"rendered":"<p>Bath Products for balneotherapy include classical sea salt crystals with different scents as well as creamy non-foaming liquid, which dissolves in the water perfectly without leaving any residue. All products contribute to active mineralization, effective detoxification and deep relaxation of the body. Peeling Body scrub, being one of the most popular body care treatment, effectively [&hellip;]<\/p>\n","protected":false},"author":1,"featured_media":0,"parent":2223,"menu_order":0,"comment_status":"closed","ping_status":"closed","template":"","meta":{"_acf_changed":false,"site-sidebar-layout":"default","site-content-layout":"","ast-site-content-layout":"default","site-content-style":"default","site-sidebar-style":"default","ast-global-header-display":"","ast-banner-title-visibility":"","ast-main-header-display":"","ast-hfb-above-header-display":"","ast-hfb-below-header-display":"","ast-hfb-mobile-header-display":"","site-post-title":"","ast-breadcrumbs-content":"","ast-featured-img":"","footer-sml-layout":"","ast-disable-related-posts":"","theme-transparent-header-meta":"default","adv-header-id-meta":"","stick-header-meta":"","header-above-stick-meta":"","header-main-stick-meta":"","header-below-stick-meta":"","astra-migrate-meta-layouts":"set","ast-page-background-enabled":"default","ast-page-background-meta":{"desktop":{"background-color":"var(--ast-global-color-4)","background-image":"","background-repeat":"repeat","background-position":"center center","background-size":"auto","background-attachment":"scroll","background-type":"","background-media":"","overlay-type":"","overlay-color":"","overlay-opacity":"","overlay-gradient":""},"tablet":{"background-color":"","background-image":"","background-repeat":"repeat","background-position":"center center","background-size":"auto","background-attachment":"scroll","background-type":"","background-media":"","overlay-type":"","overlay-color":"","overlay-opacity":"","overlay-gradient":""},"mobile":{"background-color":"","background-image":"","background-repeat":"repeat","background-position":"center center","background-size":"auto","background-attachment":"scroll","background-type":"","background-media":"","overlay-type":"","overlay-color":"","overlay-opacity":"","overlay-gradient":""}},"ast-content-background-meta":{"desktop":{"background-color":"var(--ast-global-color-5)","background-image":"","background-repeat":"repeat","background-position":"center center","background-size":"auto","background-attachment":"scroll","background-type":"","background-media":"","overlay-type":"","overlay-color":"","overlay-opacity":"","overlay-gradient":""},"tablet":{"background-color":"var(--ast-global-color-5)","background-image":"","background-repeat":"repeat","background-position":"center center","background-size":"auto","background-attachment":"scroll","background-type":"","background-media":"","overlay-type":"","overlay-color":"","overlay-opacity":"","overlay-gradient":""},"mobile":{"background-color":"var(--ast-global-color-5)","background-image":"","background-repeat":"repeat","background-position":"center center","background-size":"auto","background-attachment":"scroll","background-type":"","background-media":"","overlay-type":"","overlay-color":"","overlay-opacity":"","overlay-gradient":""}},"footnotes":""},"class_list":["post-2227","page","type-page","status-publish","hentry"],"acf":[],"yoast_head":"<!-- This site is optimized with the Yoast SEO plugin v27.4 - https:\/\/yoast.com\/product\/yoast-seo-wordpress\/ -->\n<title>For Body - NEOQI<\/title>\n<meta name=\"robots\" content=\"index, follow, max-snippet:-1, max-image-preview:large, max-video-preview:-1\" \/>\n<link rel=\"canonical\" href=\"https:\/\/neoqi.com\/de\/cosmetics\/for-body\/\" \/>\n<meta property=\"og:locale\" content=\"de_DE\" \/>\n<meta property=\"og:type\" content=\"article\" \/>\n<meta property=\"og:title\" content=\"For Body - NEOQI\" \/>\n<meta property=\"og:description\" content=\"Bath Products for balneotherapy include classical sea salt crystals with different scents as well as creamy non-foaming liquid, which dissolves in the water perfectly without leaving any residue. All products contribute to active mineralization, effective detoxification and deep relaxation of the body. Peeling Body scrub, being one of the most popular body care treatment, effectively [&hellip;]\" \/>\n<meta property=\"og:url\" content=\"https:\/\/neoqi.com\/de\/cosmetics\/for-body\/\" \/>\n<meta property=\"og:site_name\" content=\"NEOQI\" \/>\n<meta property=\"article:publisher\" content=\"https:\/\/www.facebook.com\/neoqi\/\" \/>\n<meta property=\"article:modified_time\" content=\"2024-09-07T10:06:41+00:00\" \/>\n<meta name=\"twitter:card\" content=\"summary_large_image\" \/>\n<meta name=\"twitter:label1\" content=\"Gesch\u00e4tzte Lesezeit\" \/>\n\t<meta name=\"twitter:data1\" content=\"1\u00a0Minute\" \/>\n<script type=\"application\/ld+json\" class=\"yoast-schema-graph\">{\"@context\":\"https:\\\/\\\/schema.org\",\"@graph\":[{\"@type\":\"WebPage\",\"@id\":\"https:\\\/\\\/neoqi.com\\\/cosmetics\\\/for-body\\\/\",\"url\":\"https:\\\/\\\/neoqi.com\\\/cosmetics\\\/for-body\\\/\",\"name\":\"For Body - NEOQI\",\"isPartOf\":{\"@id\":\"https:\\\/\\\/neoqi.com\\\/#website\"},\"datePublished\":\"2024-09-06T21:17:49+00:00\",\"dateModified\":\"2024-09-07T10:06:41+00:00\",\"breadcrumb\":{\"@id\":\"https:\\\/\\\/neoqi.com\\\/cosmetics\\\/for-body\\\/#breadcrumb\"},\"inLanguage\":\"de\",\"potentialAction\":[{\"@type\":\"ReadAction\",\"target\":[\"https:\\\/\\\/neoqi.com\\\/cosmetics\\\/for-body\\\/\"]}]},{\"@type\":\"BreadcrumbList\",\"@id\":\"https:\\\/\\\/neoqi.com\\\/cosmetics\\\/for-body\\\/#breadcrumb\",\"itemListElement\":[{\"@type\":\"ListItem\",\"position\":1,\"name\":\"Home\",\"item\":\"https:\\\/\\\/neoqi.com\\\/\"},{\"@type\":\"ListItem\",\"position\":2,\"name\":\"Cosmetics\",\"item\":\"https:\\\/\\\/neoqi.com\\\/cosmetics\\\/\"},{\"@type\":\"ListItem\",\"position\":3,\"name\":\"For Body\"}]},{\"@type\":\"WebSite\",\"@id\":\"https:\\\/\\\/neoqi.com\\\/#website\",\"url\":\"https:\\\/\\\/neoqi.com\\\/\",\"name\":\"NEOQI\",\"description\":\"Experience Ultimate Wellness and Relaxation with NeoQi Spa Capsule: Your Path to Rejuvenation\",\"publisher\":{\"@id\":\"https:\\\/\\\/neoqi.com\\\/#organization\"},\"potentialAction\":[{\"@type\":\"SearchAction\",\"target\":{\"@type\":\"EntryPoint\",\"urlTemplate\":\"https:\\\/\\\/neoqi.com\\\/?s={search_term_string}\"},\"query-input\":{\"@type\":\"PropertyValueSpecification\",\"valueRequired\":true,\"valueName\":\"search_term_string\"}}],\"inLanguage\":\"de\"},{\"@type\":\"Organization\",\"@id\":\"https:\\\/\\\/neoqi.com\\\/#organization\",\"name\":\"NEOQI\",\"url\":\"https:\\\/\\\/neoqi.com\\\/\",\"logo\":{\"@type\":\"ImageObject\",\"inLanguage\":\"de\",\"@id\":\"https:\\\/\\\/neoqi.com\\\/#\\\/schema\\\/logo\\\/image\\\/\",\"url\":\"https:\\\/\\\/neoqi.com\\\/wp-content\\\/uploads\\\/2024\\\/09\\\/logoneosvg.svg\",\"contentUrl\":\"https:\\\/\\\/neoqi.com\\\/wp-content\\\/uploads\\\/2024\\\/09\\\/logoneosvg.svg\",\"width\":1,\"height\":1,\"caption\":\"NEOQI\"},\"image\":{\"@id\":\"https:\\\/\\\/neoqi.com\\\/#\\\/schema\\\/logo\\\/image\\\/\"},\"sameAs\":[\"https:\\\/\\\/www.facebook.com\\\/neoqi\\\/\",\"https:\\\/\\\/www.instagram.com\\\/neoqi_com\\\/\"]}]}<\/script>\n<!-- \/ Yoast SEO plugin. -->","yoast_head_json":{"title":"For Body - NEOQI","robots":{"index":"index","follow":"follow","max-snippet":"max-snippet:-1","max-image-preview":"max-image-preview:large","max-video-preview":"max-video-preview:-1"},"canonical":"https:\/\/neoqi.com\/de\/cosmetics\/for-body\/","og_locale":"de_DE","og_type":"article","og_title":"For Body - NEOQI","og_description":"Bath Products for balneotherapy include classical sea salt crystals with different scents as well as creamy non-foaming liquid, which dissolves in the water perfectly without leaving any residue. All products contribute to active mineralization, effective detoxification and deep relaxation of the body. Peeling Body scrub, being one of the most popular body care treatment, effectively [&hellip;]","og_url":"https:\/\/neoqi.com\/de\/cosmetics\/for-body\/","og_site_name":"NEOQI","article_publisher":"https:\/\/www.facebook.com\/neoqi\/","article_modified_time":"2024-09-07T10:06:41+00:00","twitter_card":"summary_large_image","twitter_misc":{"Gesch\u00e4tzte Lesezeit":"1\u00a0Minute"},"schema":{"@context":"https:\/\/schema.org","@graph":[{"@type":"WebPage","@id":"https:\/\/neoqi.com\/cosmetics\/for-body\/","url":"https:\/\/neoqi.com\/cosmetics\/for-body\/","name":"For Body - NEOQI","isPartOf":{"@id":"https:\/\/neoqi.com\/#website"},"datePublished":"2024-09-06T21:17:49+00:00","dateModified":"2024-09-07T10:06:41+00:00","breadcrumb":{"@id":"https:\/\/neoqi.com\/cosmetics\/for-body\/#breadcrumb"},"inLanguage":"de","potentialAction":[{"@type":"ReadAction","target":["https:\/\/neoqi.com\/cosmetics\/for-body\/"]}]},{"@type":"BreadcrumbList","@id":"https:\/\/neoqi.com\/cosmetics\/for-body\/#breadcrumb","itemListElement":[{"@type":"ListItem","position":1,"name":"Home","item":"https:\/\/neoqi.com\/"},{"@type":"ListItem","position":2,"name":"Cosmetics","item":"https:\/\/neoqi.com\/cosmetics\/"},{"@type":"ListItem","position":3,"name":"For Body"}]},{"@type":"WebSite","@id":"https:\/\/neoqi.com\/#website","url":"https:\/\/neoqi.com\/","name":"NEOQI","description":"Erleben Sie ultimative Wellness und Entspannung mit NeoQi Spa Capsule: Ihr Weg zur Verj\u00fcngung","publisher":{"@id":"https:\/\/neoqi.com\/#organization"},"potentialAction":[{"@type":"SearchAction","target":{"@type":"EntryPoint","urlTemplate":"https:\/\/neoqi.com\/?s={search_term_string}"},"query-input":{"@type":"PropertyValueSpecification","valueRequired":true,"valueName":"search_term_string"}}],"inLanguage":"de"},{"@type":"Organization","@id":"https:\/\/neoqi.com\/#organization","name":"NEOQI","url":"https:\/\/neoqi.com\/","logo":{"@type":"ImageObject","inLanguage":"de","@id":"https:\/\/neoqi.com\/#\/schema\/logo\/image\/","url":"https:\/\/neoqi.com\/wp-content\/uploads\/2024\/09\/logoneosvg.svg","contentUrl":"https:\/\/neoqi.com\/wp-content\/uploads\/2024\/09\/logoneosvg.svg","width":1,"height":1,"caption":"NEOQI"},"image":{"@id":"https:\/\/neoqi.com\/#\/schema\/logo\/image\/"},"sameAs":["https:\/\/www.facebook.com\/neoqi\/","https:\/\/www.instagram.com\/neoqi_com\/"]}]}},"_links":{"self":[{"href":"https:\/\/neoqi.com\/de\/wp-json\/wp\/v2\/pages\/2227","targetHints":{"allow":["GET"]}}],"collection":[{"href":"https:\/\/neoqi.com\/de\/wp-json\/wp\/v2\/pages"}],"about":[{"href":"https:\/\/neoqi.com\/de\/wp-json\/wp\/v2\/types\/page"}],"author":[{"embeddable":true,"href":"https:\/\/neoqi.com\/de\/wp-json\/wp\/v2\/users\/1"}],"replies":[{"embeddable":true,"href":"https:\/\/neoqi.com\/de\/wp-json\/wp\/v2\/comments?post=2227"}],"version-history":[{"count":1,"href":"https:\/\/neoqi.com\/de\/wp-json\/wp\/v2\/pages\/2227\/revisions"}],"predecessor-version":[{"id":2228,"href":"https:\/\/neoqi.com\/de\/wp-json\/wp\/v2\/pages\/2227\/revisions\/2228"}],"up":[{"embeddable":true,"href":"https:\/\/neoqi.com\/de\/wp-json\/wp\/v2\/pages\/2223"}],"wp:attachment":[{"href":"https:\/\/neoqi.com\/de\/wp-json\/wp\/v2\/media?parent=2227"}],"curies":[{"name":"wp","href":"https:\/\/api.w.org\/{rel}","templated":true}]}}