{"id":2025,"date":"2024-09-07T02:06:07","date_gmt":"2024-09-06T23:06:07","guid":{"rendered":"http:\/\/neoqi.com\/?post_type=product&#038;p=2025"},"modified":"2024-12-03T18:37:36","modified_gmt":"2024-12-03T15:37:36","slug":"flamingo","status":"publish","type":"product","link":"https:\/\/neoqi.com\/de\/produkt\/flamingo\/","title":{"rendered":"Flamingo"},"content":{"rendered":"<p><strong>Die wichtigsten Behandlungen in NeoQi\u00ae Flamingo<\/strong><\/p>\n<p><strong>W\u00e4rmebehandlung (Dampf- und\/oder Infrarotsauna)<\/strong>. Die Flamingo SPA-Kapsel bietet die M\u00f6glichkeit, die heilenden Eigenschaften der Thermotherapie zu genie\u00dfen. Dampf- und Infrarotsaunen wirken mit einer milden W\u00e4rme auf den K\u00f6rper ein, umschmeicheln die Haut mit warmem Nebel und erw\u00e4rmen den ganzen K\u00f6rper. Die Dampfsitzung hilft, die besten Ergebnisse bei der Hautpflege zu erzielen, da Mineralien und Vitamine in die oberen Schichten der Dermis eindringen. Die Infrarotw\u00e4rme l\u00f6st den Entgiftungsprozess aus, lindert Schmerzen und Muskelverspannungen. In der Kombination von angenehmer Temperatur und Feuchtigkeit entspannt sich der K\u00f6rper tiefgreifend. Die SPA-Kapsel Flamingo verwendet Infrarotlampen der neuesten Generation - der Kunde sp\u00fcrt die angenehme W\u00e4rme sofort nach dem Einschalten der Funktion.<\/p>\n<p><strong>Vichy-Dusche<\/strong>\/Handdusche f\u00fcr den K\u00f6rper. Um das Spektrum der m\u00f6glichen Behandlungen zu erweitern, haben wir die Kapazit\u00e4t der Vichy-Dusche erh\u00f6ht. Der Cocoon ist mit einem Schalter zur Einstellung der Temperatur und des Drucks der Vichy-Dusche ausgestattet. Das spezielle Duschsystem erfrischt, belebt und entspannt den K\u00f6rper vollst\u00e4ndig. Je nach gew\u00e4hltem Modus k\u00f6nnen Sie entweder die K\u00f6rperkonturen formen, den Verj\u00fcngungsprozess in Gang setzen, Cellulite und saisonale Depressionen behandeln.<\/p>\n<p><strong>\u00d6lmassage<\/strong>. Jede Art von Massage kann auf der bequemen und ergonomischen Behandlungsliege des Flamingo-Kokons durchgef\u00fchrt werden.<\/p>\n<p><strong>Chromotherapie<\/strong>\u00a0- ist ein hervorragendes Mittel, vor allem f\u00fcr die Bewohner der n\u00f6rdlichen L\u00e4nder, um saisonale Depressionen loszuwerden. Das raue Klima und das graue, regnerische Wetter bleiben au\u00dferhalb der SPA-Kapsel. Mit der Chromotherapie kann man sich entspannen und sich von der Fantasie in helle und warme exotische L\u00e4nder entf\u00fchren lassen, wo alles in Farben schimmert und wo die Sonne, die wir oft so sehr vermissen, immer scheint.<\/p>\n<p><strong>Aromatherapie<\/strong>. Frische und belebende Zitrusd\u00fcfte, delikate Aromen oder wohltuende D\u00fcfte - die heilenden Kr\u00e4fte der Natur helfen, viele Krankheiten von K\u00f6rper und Geist zu bek\u00e4mpfen, schenken Freude, Entspannung und Ruhe und wirken sich positiv auf die allgemeine Gesundheit aus.<\/p>\n<p><a href=\"https:\/\/neoqi.com\/de\/produkt\/energy-cocoons\/flamingo\/#tab-description\">Beschreibung<\/a><\/p>\n<p>Beschreibung<br \/>\nInfrarot-Sauna<br \/>\nDampfsauna<br \/>\nAroma-Therapie<br \/>\nVichy-Dusche<br \/>\nVibrierende Behandlungsliege<br \/>\nFarblichtsystem<br \/>\nMusikanlage (MP3)<br \/>\nFrontl\u00fcfter<br \/>\nHandbrause<\/p>\n<p>&nbsp;<\/p>","protected":false},"excerpt":{"rendered":"<p>Der Name des Flamingo-Energiekokons leitet sich von seiner einzigartigen Haubenkonstruktion ab, die es erm\u00f6glicht, die eleganten, durchsichtigen T\u00fcren separat zu \u00f6ffnen, was sowohl f\u00fcr den Kunden als auch f\u00fcr den Therapeuten maximalen Komfort w\u00e4hrend der Behandlung gew\u00e4hrleistet. Mit ge\u00f6ffneten Fl\u00fcgeln \u00e4hnelt die SPA-Kapsel dem sch\u00f6nen und anmutigen Flamingo-Vogel.<\/p>\n<p>Individuell ausgew\u00e4hlte Programme sind der Schl\u00fcssel zu lebendigen Ergebnissen und vollst\u00e4ndiger Zufriedenheit mit der Behandlung. Die Kombination von klassischen SPA-Ritualen mit den Funktionen des Cocoon erm\u00f6glicht es uns, unseren Kunden die beliebtesten und effektivsten Behandlungsprogramme zur Gewichtsabnahme, Cellulite-Reduzierung, Formung der K\u00f6rperkonturen, Entspannung und Verj\u00fcngung anzubieten.<\/p>\n<p>Die SPA-Kapsel Flamingo verf\u00fcgt \u00fcber eine Reihe von technischen Neuerungen im Bereich der Chromotherapie, der Infrarotsauna und der Vichy-Duschanlagen, mit denen Sie die Palette der SPA-Behandlungen erweitern und ihre Wirksamkeit maximieren k\u00f6nnen. Trotz ihrer Vielseitigkeit ist die SPA-Kapsel Flamingo sehr einfach zu bedienen.<\/p>","protected":false},"featured_media":2026,"comment_status":"open","ping_status":"closed","template":"","meta":{"_acf_changed":false,"site-sidebar-layout":"default","site-content-layout":"","ast-site-content-layout":"default","site-content-style":"default","site-sidebar-style":"default","ast-global-header-display":"","ast-banner-title-visibility":"","ast-main-header-display":"","ast-hfb-above-header-display":"","ast-hfb-below-header-display":"","ast-hfb-mobile-header-display":"","site-post-title":"","ast-breadcrumbs-content":"","ast-featured-img":"","footer-sml-layout":"","ast-disable-related-posts":"","theme-transparent-header-meta":"default","adv-header-id-meta":"","stick-header-meta":"","header-above-stick-meta":"","header-main-stick-meta":"","header-below-stick-meta":"","astra-migrate-meta-layouts":"set","ast-page-background-enabled":"default","ast-page-background-meta":{"desktop":{"background-color":"var(--ast-global-color-4)","background-image":"","background-repeat":"repeat","background-position":"center center","background-size":"auto","background-attachment":"scroll","background-type":"","background-media":"","overlay-type":"","overlay-color":"","overlay-opacity":"","overlay-gradient":""},"tablet":{"background-color":"","background-image":"","background-repeat":"repeat","background-position":"center center","background-size":"auto","background-attachment":"scroll","background-type":"","background-media":"","overlay-type":"","overlay-color":"","overlay-opacity":"","overlay-gradient":""},"mobile":{"background-color":"","background-image":"","background-repeat":"repeat","background-position":"center center","background-size":"auto","background-attachment":"scroll","background-type":"","background-media":"","overlay-type":"","overlay-color":"","overlay-opacity":"","overlay-gradient":""}},"ast-content-background-meta":{"desktop":{"background-color":"var(--ast-global-color-5)","background-image":"","background-repeat":"repeat","background-position":"center center","background-size":"auto","background-attachment":"scroll","background-type":"","background-media":"","overlay-type":"","overlay-color":"","overlay-opacity":"","overlay-gradient":""},"tablet":{"background-color":"var(--ast-global-color-5)","background-image":"","background-repeat":"repeat","background-position":"center center","background-size":"auto","background-attachment":"scroll","background-type":"","background-media":"","overlay-type":"","overlay-color":"","overlay-opacity":"","overlay-gradient":""},"mobile":{"background-color":"var(--ast-global-color-5)","background-image":"","background-repeat":"repeat","background-position":"center center","background-size":"auto","background-attachment":"scroll","background-type":"","background-media":"","overlay-type":"","overlay-color":"","overlay-opacity":"","overlay-gradient":""}}},"product_brand":[],"product_cat":[81,82],"product_tag":[],"class_list":{"0":"post-2025","1":"product","2":"type-product","3":"status-publish","4":"has-post-thumbnail","6":"product_cat-energy-cocoons","7":"product_cat-esthetical","8":"desktop-align-left","9":"tablet-align-left","10":"mobile-align-left","12":"first","13":"instock","14":"shipping-taxable","15":"product-type-simple"},"acf":[],"yoast_head":"<!-- This site is optimized with the Yoast SEO plugin v27.4 - https:\/\/yoast.com\/product\/yoast-seo-wordpress\/ -->\n<title>Flamingo - NEOQI<\/title>\n<meta name=\"robots\" content=\"index, follow, max-snippet:-1, max-image-preview:large, max-video-preview:-1\" \/>\n<link rel=\"canonical\" href=\"https:\/\/neoqi.com\/de\/produkt\/flamingo\/\" \/>\n<meta property=\"og:locale\" content=\"de_DE\" \/>\n<meta property=\"og:type\" content=\"article\" \/>\n<meta property=\"og:title\" content=\"Flamingo - NEOQI\" \/>\n<meta property=\"og:description\" content=\"The name of the Flamingo energy cocoon derives from its unique hood construction, which allows to open its elegant clear doors separately, ensuring the maximum comfort during the treatment, both for the client and the therapist. With its wings opened, the SPA-capsule resembles the beautiful and graceful flamingo bird.  Individually chosen programs are key to vivid results and complete satisfaction of the treatment. The combination of classic SPA rituals with the functions of the cocoon enables us to offer our customers the most popular and effective treatment programs for weight loss, cellulite reduction, body contours shaping, relaxation and rejuvenation.  The Flamingo SPA capsule has a number of technical updates in chromotherapy, infrared sauna and Vichy shower systems, through which you can extend the range of SPA treatments, as well as to maximize their effectiveness. Despite its versatility, the SPA-capsule Flamingo is very easy to use.\" \/>\n<meta property=\"og:url\" content=\"https:\/\/neoqi.com\/de\/produkt\/flamingo\/\" \/>\n<meta property=\"og:site_name\" content=\"NEOQI\" \/>\n<meta property=\"article:publisher\" content=\"https:\/\/www.facebook.com\/neoqi\/\" \/>\n<meta property=\"article:modified_time\" content=\"2024-12-03T15:37:36+00:00\" \/>\n<meta property=\"og:image\" content=\"https:\/\/neoqi.com\/wp-content\/uploads\/2024\/09\/wellness_neoqi_Flamingo_53.jpg\" \/>\n\t<meta property=\"og:image:width\" content=\"1200\" \/>\n\t<meta property=\"og:image:height\" content=\"800\" \/>\n\t<meta property=\"og:image:type\" content=\"image\/jpeg\" \/>\n<meta name=\"twitter:card\" content=\"summary_large_image\" \/>\n<meta name=\"twitter:label1\" content=\"Gesch\u00e4tzte Lesezeit\" \/>\n\t<meta name=\"twitter:data1\" content=\"2\u00a0Minuten\" \/>\n<script type=\"application\/ld+json\" class=\"yoast-schema-graph\">{\"@context\":\"https:\\\/\\\/schema.org\",\"@graph\":[{\"@type\":\"WebPage\",\"@id\":\"https:\\\/\\\/neoqi.com\\\/product\\\/flamingo\\\/\",\"url\":\"https:\\\/\\\/neoqi.com\\\/product\\\/flamingo\\\/\",\"name\":\"Flamingo - NEOQI\",\"isPartOf\":{\"@id\":\"https:\\\/\\\/neoqi.com\\\/#website\"},\"primaryImageOfPage\":{\"@id\":\"https:\\\/\\\/neoqi.com\\\/product\\\/flamingo\\\/#primaryimage\"},\"image\":{\"@id\":\"https:\\\/\\\/neoqi.com\\\/product\\\/flamingo\\\/#primaryimage\"},\"thumbnailUrl\":\"https:\\\/\\\/neoqi.com\\\/wp-content\\\/uploads\\\/2024\\\/09\\\/wellness_neoqi_Flamingo_53.jpg\",\"datePublished\":\"2024-09-06T23:06:07+00:00\",\"dateModified\":\"2024-12-03T15:37:36+00:00\",\"breadcrumb\":{\"@id\":\"https:\\\/\\\/neoqi.com\\\/product\\\/flamingo\\\/#breadcrumb\"},\"inLanguage\":\"de\",\"potentialAction\":[{\"@type\":\"ReadAction\",\"target\":[\"https:\\\/\\\/neoqi.com\\\/product\\\/flamingo\\\/\"]}]},{\"@type\":\"ImageObject\",\"inLanguage\":\"de\",\"@id\":\"https:\\\/\\\/neoqi.com\\\/product\\\/flamingo\\\/#primaryimage\",\"url\":\"https:\\\/\\\/neoqi.com\\\/wp-content\\\/uploads\\\/2024\\\/09\\\/wellness_neoqi_Flamingo_53.jpg\",\"contentUrl\":\"https:\\\/\\\/neoqi.com\\\/wp-content\\\/uploads\\\/2024\\\/09\\\/wellness_neoqi_Flamingo_53.jpg\",\"width\":1200,\"height\":800},{\"@type\":\"BreadcrumbList\",\"@id\":\"https:\\\/\\\/neoqi.com\\\/product\\\/flamingo\\\/#breadcrumb\",\"itemListElement\":[{\"@type\":\"ListItem\",\"position\":1,\"name\":\"Home\",\"item\":\"https:\\\/\\\/neoqi.com\\\/\"},{\"@type\":\"ListItem\",\"position\":2,\"name\":\"Catalog\",\"item\":\"https:\\\/\\\/neoqi.com\\\/it\\\/catalog\\\/\"},{\"@type\":\"ListItem\",\"position\":3,\"name\":\"Flamingo\"}]},{\"@type\":\"WebSite\",\"@id\":\"https:\\\/\\\/neoqi.com\\\/#website\",\"url\":\"https:\\\/\\\/neoqi.com\\\/\",\"name\":\"NEOQI\",\"description\":\"Experience Ultimate Wellness and Relaxation with NeoQi Spa Capsule: Your Path to Rejuvenation\",\"publisher\":{\"@id\":\"https:\\\/\\\/neoqi.com\\\/#organization\"},\"potentialAction\":[{\"@type\":\"SearchAction\",\"target\":{\"@type\":\"EntryPoint\",\"urlTemplate\":\"https:\\\/\\\/neoqi.com\\\/?s={search_term_string}\"},\"query-input\":{\"@type\":\"PropertyValueSpecification\",\"valueRequired\":true,\"valueName\":\"search_term_string\"}}],\"inLanguage\":\"de\"},{\"@type\":\"Organization\",\"@id\":\"https:\\\/\\\/neoqi.com\\\/#organization\",\"name\":\"NEOQI\",\"url\":\"https:\\\/\\\/neoqi.com\\\/\",\"logo\":{\"@type\":\"ImageObject\",\"inLanguage\":\"de\",\"@id\":\"https:\\\/\\\/neoqi.com\\\/#\\\/schema\\\/logo\\\/image\\\/\",\"url\":\"https:\\\/\\\/neoqi.com\\\/wp-content\\\/uploads\\\/2024\\\/09\\\/logoneosvg.svg\",\"contentUrl\":\"https:\\\/\\\/neoqi.com\\\/wp-content\\\/uploads\\\/2024\\\/09\\\/logoneosvg.svg\",\"width\":1,\"height\":1,\"caption\":\"NEOQI\"},\"image\":{\"@id\":\"https:\\\/\\\/neoqi.com\\\/#\\\/schema\\\/logo\\\/image\\\/\"},\"sameAs\":[\"https:\\\/\\\/www.facebook.com\\\/neoqi\\\/\",\"https:\\\/\\\/www.instagram.com\\\/neoqi_com\\\/\"]}]}<\/script>\n<!-- \/ Yoast SEO plugin. -->","yoast_head_json":{"title":"Flamingo - NEOQI","robots":{"index":"index","follow":"follow","max-snippet":"max-snippet:-1","max-image-preview":"max-image-preview:large","max-video-preview":"max-video-preview:-1"},"canonical":"https:\/\/neoqi.com\/de\/produkt\/flamingo\/","og_locale":"de_DE","og_type":"article","og_title":"Flamingo - NEOQI","og_description":"The name of the Flamingo energy cocoon derives from its unique hood construction, which allows to open its elegant clear doors separately, ensuring the maximum comfort during the treatment, both for the client and the therapist. With its wings opened, the SPA-capsule resembles the beautiful and graceful flamingo bird.  Individually chosen programs are key to vivid results and complete satisfaction of the treatment. The combination of classic SPA rituals with the functions of the cocoon enables us to offer our customers the most popular and effective treatment programs for weight loss, cellulite reduction, body contours shaping, relaxation and rejuvenation.  The Flamingo SPA capsule has a number of technical updates in chromotherapy, infrared sauna and Vichy shower systems, through which you can extend the range of SPA treatments, as well as to maximize their effectiveness. Despite its versatility, the SPA-capsule Flamingo is very easy to use.","og_url":"https:\/\/neoqi.com\/de\/produkt\/flamingo\/","og_site_name":"NEOQI","article_publisher":"https:\/\/www.facebook.com\/neoqi\/","article_modified_time":"2024-12-03T15:37:36+00:00","og_image":[{"width":1200,"height":800,"url":"https:\/\/neoqi.com\/wp-content\/uploads\/2024\/09\/wellness_neoqi_Flamingo_53.jpg","type":"image\/jpeg"}],"twitter_card":"summary_large_image","twitter_misc":{"Gesch\u00e4tzte Lesezeit":"2\u00a0Minuten"},"schema":{"@context":"https:\/\/schema.org","@graph":[{"@type":"WebPage","@id":"https:\/\/neoqi.com\/product\/flamingo\/","url":"https:\/\/neoqi.com\/product\/flamingo\/","name":"Flamingo - NEOQI","isPartOf":{"@id":"https:\/\/neoqi.com\/#website"},"primaryImageOfPage":{"@id":"https:\/\/neoqi.com\/product\/flamingo\/#primaryimage"},"image":{"@id":"https:\/\/neoqi.com\/product\/flamingo\/#primaryimage"},"thumbnailUrl":"https:\/\/neoqi.com\/wp-content\/uploads\/2024\/09\/wellness_neoqi_Flamingo_53.jpg","datePublished":"2024-09-06T23:06:07+00:00","dateModified":"2024-12-03T15:37:36+00:00","breadcrumb":{"@id":"https:\/\/neoqi.com\/product\/flamingo\/#breadcrumb"},"inLanguage":"de","potentialAction":[{"@type":"ReadAction","target":["https:\/\/neoqi.com\/product\/flamingo\/"]}]},{"@type":"ImageObject","inLanguage":"de","@id":"https:\/\/neoqi.com\/product\/flamingo\/#primaryimage","url":"https:\/\/neoqi.com\/wp-content\/uploads\/2024\/09\/wellness_neoqi_Flamingo_53.jpg","contentUrl":"https:\/\/neoqi.com\/wp-content\/uploads\/2024\/09\/wellness_neoqi_Flamingo_53.jpg","width":1200,"height":800},{"@type":"BreadcrumbList","@id":"https:\/\/neoqi.com\/product\/flamingo\/#breadcrumb","itemListElement":[{"@type":"ListItem","position":1,"name":"Home","item":"https:\/\/neoqi.com\/"},{"@type":"ListItem","position":2,"name":"Catalog","item":"https:\/\/neoqi.com\/it\/catalog\/"},{"@type":"ListItem","position":3,"name":"Flamingo"}]},{"@type":"WebSite","@id":"https:\/\/neoqi.com\/#website","url":"https:\/\/neoqi.com\/","name":"NEOQI","description":"Erleben Sie ultimative Wellness und Entspannung mit NeoQi Spa Capsule: Ihr Weg zur Verj\u00fcngung","publisher":{"@id":"https:\/\/neoqi.com\/#organization"},"potentialAction":[{"@type":"SearchAction","target":{"@type":"EntryPoint","urlTemplate":"https:\/\/neoqi.com\/?s={search_term_string}"},"query-input":{"@type":"PropertyValueSpecification","valueRequired":true,"valueName":"search_term_string"}}],"inLanguage":"de"},{"@type":"Organization","@id":"https:\/\/neoqi.com\/#organization","name":"NEOQI","url":"https:\/\/neoqi.com\/","logo":{"@type":"ImageObject","inLanguage":"de","@id":"https:\/\/neoqi.com\/#\/schema\/logo\/image\/","url":"https:\/\/neoqi.com\/wp-content\/uploads\/2024\/09\/logoneosvg.svg","contentUrl":"https:\/\/neoqi.com\/wp-content\/uploads\/2024\/09\/logoneosvg.svg","width":1,"height":1,"caption":"NEOQI"},"image":{"@id":"https:\/\/neoqi.com\/#\/schema\/logo\/image\/"},"sameAs":["https:\/\/www.facebook.com\/neoqi\/","https:\/\/www.instagram.com\/neoqi_com\/"]}]}},"_links":{"self":[{"href":"https:\/\/neoqi.com\/de\/wp-json\/wp\/v2\/product\/2025","targetHints":{"allow":["GET"]}}],"collection":[{"href":"https:\/\/neoqi.com\/de\/wp-json\/wp\/v2\/product"}],"about":[{"href":"https:\/\/neoqi.com\/de\/wp-json\/wp\/v2\/types\/product"}],"replies":[{"embeddable":true,"href":"https:\/\/neoqi.com\/de\/wp-json\/wp\/v2\/comments?post=2025"}],"wp:featuredmedia":[{"embeddable":true,"href":"https:\/\/neoqi.com\/de\/wp-json\/wp\/v2\/media\/2026"}],"wp:attachment":[{"href":"https:\/\/neoqi.com\/de\/wp-json\/wp\/v2\/media?parent=2025"}],"wp:term":[{"taxonomy":"product_brand","embeddable":true,"href":"https:\/\/neoqi.com\/de\/wp-json\/wp\/v2\/product_brand?post=2025"},{"taxonomy":"product_cat","embeddable":true,"href":"https:\/\/neoqi.com\/de\/wp-json\/wp\/v2\/product_cat?post=2025"},{"taxonomy":"product_tag","embeddable":true,"href":"https:\/\/neoqi.com\/de\/wp-json\/wp\/v2\/product_tag?post=2025"}],"curies":[{"name":"wp","href":"https:\/\/api.w.org\/{rel}","templated":true}]}}