{"id":2037,"date":"2024-09-06T01:11:17","date_gmt":"2024-09-05T22:11:17","guid":{"rendered":"http:\/\/neoqi.com\/?post_type=product&#038;p=2037"},"modified":"2024-12-03T18:34:03","modified_gmt":"2024-12-03T15:34:03","slug":"mediq","status":"publish","type":"product","link":"https:\/\/neoqi.com\/de\/produkt\/mediq\/","title":{"rendered":"Mediq"},"content":{"rendered":"<p><strong>Die wichtigsten Behandlungen in NeoQi\u00ae Mediq<\/strong><\/p>\n<p><strong>W\u00e4rmebehandlung (Dampf- und\/oder Infrarotsauna).<\/strong> Dampfsauna. Ein sanfter warmer Nebel umh\u00fcllt den K\u00f6rper leicht mit Feuchtigkeit und leitet den Entgiftungsprozess ein, verbessert die Blutzirkulation und f\u00f6rdert die Aufnahme der wertvollsten Vitamine und Mineralien in die oberen Schichten der Dermis.<\/p>\n<p><strong>Infrarot-Sauna.<\/strong> Eine der wirksamsten Methoden der Thermotherapie. Die W\u00e4rmewellen dringen tief in den K\u00f6rper ein und erw\u00e4rmen ihn auf sehr angenehme Weise. Die IR-Strahlen entspannen die Muskeln, helfen effektiv beim Abnehmen von \u00dcbergewicht und dienen als hervorragende Prophylaxe gegen Herz-Kreislauf-Erkrankungen und Erkrankungen der oberen Atemwege.<br \/>\nVichy-Dusche. Die heilende Vichy-Dusche gilt zu Recht als eine der besten Hydrotherapie-Behandlungen. Ein Regen aus Wassertr\u00f6pfchen trifft auf den K\u00f6rper und massiert die Problemzonen, korrigiert die K\u00f6rperform und l\u00f6st Muskelverspannungen. Je nach gew\u00e4hltem Modus der Vichy-Dusche ist es m\u00f6glich, die Verj\u00fcngung zu stimulieren, Cellulitis zu heilen und saisonale Depressionen zu lindern.<\/p>\n<p><strong>Hydro- und Luftmassage Hydrotherapie-Behandlung im Whirlpool.<\/strong> Eine weitere wirksame Methode zur Nutzung der heilenden Eigenschaften des Wassers. Starke und starre Wasserstrahlen massieren schmerzlos die Problemzonen und stellen die Elastizit\u00e4t, Weichheit und Spannkraft der Haut wieder her. Tausende von winzigen Luftbl\u00e4schen beruhigen die Haut, beruhigen das Nervensystem und lindern Schmerzen und Muskelverspannungen.<\/p>\n<p><strong>Ganzk\u00f6rperpeeling.<\/strong> Dieses Spa-Ritual dient der Ern\u00e4hrung, Befeuchtung und Verbesserung der Hautelastizit\u00e4t. Die Verwendung verschiedener Kosmetika er\u00f6ffnet den Therapeuten grenzenlose M\u00f6glichkeiten. Mango- und Papayaextrakte entf\u00fchren den Kunden in die gl\u00fchenden Tropen, w\u00e4hrend eine Mischung aus orientalischen Gew\u00fcrzen ihn in eine geheimnisvolle Welt der Tr\u00e4ume und Fantasien eintauchen l\u00e4sst.<\/p>\n<p><strong>Ganzk\u00f6rperpackung mit der Verwendung von kosmetischen Masken.<\/strong> Eine angenehme und wirksame Behandlung, die darauf abzielt, sowohl kosmetische Probleme als auch gesundheitliche Komplikationen zu beheben. Einige wenige Packungen pro Jahr reichen aus, um das Wiederauftreten von Cellulitis zu verhindern und die Haut elastisch, strahlend und gesund zu erhalten.<\/p>\n<p><strong>\u00d6lmassage.<\/strong> Eines der besten Mittel zur Entspannung und Verbesserung der Gesundheit. Die ergonomische Liege und das spezielle Design der Kapsel erm\u00f6glichen es dem Therapeuten, jede Art von Massage mit maximalem Komfort durchzuf\u00fchren.<\/p>\n<p><strong>Gesichtsbehandlung w\u00e4hrend der K\u00f6rperbehandlung.<\/strong> W\u00e4hrend der Sitzung kann der Therapeut die notwendige Behandlung der Gesichtshaut durchf\u00fchren. Erg\u00e4nzen Sie das Programm der Spa-Kapseln mit wohltuenden und gesunden Behandlungen.<\/p>\n<p><strong>Unterwasser-Handmassaged\u00fcse.<\/strong> Die Hydromassage mit einem gerichteten Wasserstrom tr\u00e4gt zur Verbesserung des Zustands der Haut, der oberfl\u00e4chlichen Muskelschichten und der inneren Organe bei. Die Behandlung ist sowohl entspannend als auch belebend. Die kombinierten Programme der Harmony Mediq Spa-Kapsel sind ein allumfassender physiotherapeutischer Komplex, der es erm\u00f6glicht, eine universelle Reihe von \u00e4sthetischen und gesundheitsf\u00f6rdernden Behandlungen durchzuf\u00fchren. Die breite Palette von Funktionen erm\u00f6glicht die Zusammenstellung einzigartiger individueller Programme, die auf die Bed\u00fcrfnisse des Kunden abgestimmt sind.<\/p>\n<p><strong>Zusammenfassung:<\/strong><\/p>\n<p>Infrarot-Sauna<br \/>\nDampfsauna<br \/>\nAroma-Therapie<br \/>\nVichy-Dusche<br \/>\nVibrierende Behandlungsliege<br \/>\nFarblichtsystem<br \/>\nHydromassage<br \/>\nLuftblasenmassage<br \/>\nHandd\u00fcse f\u00fcr Wassermassage<br \/>\nMusikanlage (MP3)<br \/>\nFrontl\u00fcfter<br \/>\nHandbrause<br \/>\nOzonator-Reinigungssystem<br \/>\n6 Seitend\u00fcsen<br \/>\n8 R\u00fcckenmassaged\u00fcsen<br \/>\n2 D\u00fcsen f\u00fcr die F\u00fc\u00dfe<br \/>\n10 Bodenluftd\u00fcsen<br \/>\nSchnelles Einf\u00fcllen und Ableiten von Wasser<\/p>","protected":false},"excerpt":{"rendered":"<p>Harmony Mediq ist eine multifunktionale Spa-Kapsel der Luxusklasse. Die Vielfalt der Programme macht den Energiekokon zu einem einzigartigen und vielseitigen physiotherapeutischen Komplex. Die Kombination von klassischen Hydrofusions- und Hydrotherapie-Technologien mit Chromo- und Aromatherapie-Methoden zielt auf eine schnelle und effektive Gesundheitsverbesserung, Wiederbelebung und Ganzk\u00f6rper-Entspannung.<\/p>\n<p>Die Harmony Mediq Spa-Kapsel ist ein innovativer und allumfassender Ansatz f\u00fcr einen gesunden Lebensstil. Die Kapsel ist f\u00fcr Behandlungen zur Gewichtsabnahme, zur Reduzierung von Cellulite und zur Verbesserung des Hautbildes sowie zur Tiefenentspannung, zur Heilung von k\u00f6rperlichen Verletzungen und zur Vorbeugung verschiedener Krankheiten bestimmt. Dank der Vielseitigkeit der angebotenen Funktionen eignet sich die Harmony Mediq Spa-Kapsel f\u00fcr Wellness-Salons, Sport-, Medizin- und Rehabilitationszentren.<\/p>\n<p>Ein durchdachtes Design, eine vergr\u00f6\u00dferte und verl\u00e4ngerte ergonomische Liege erm\u00f6glichen es dem Klienten, bequem in der Kapsel zu liegen, und gew\u00e4hrleisten dem Therapeuten freien Zugang zu beiden Seiten des Energiekokons.<\/p>","protected":false},"featured_media":2038,"comment_status":"open","ping_status":"closed","template":"","meta":{"_acf_changed":false,"site-sidebar-layout":"default","site-content-layout":"","ast-site-content-layout":"default","site-content-style":"default","site-sidebar-style":"default","ast-global-header-display":"","ast-banner-title-visibility":"","ast-main-header-display":"","ast-hfb-above-header-display":"","ast-hfb-below-header-display":"","ast-hfb-mobile-header-display":"","site-post-title":"","ast-breadcrumbs-content":"","ast-featured-img":"","footer-sml-layout":"","ast-disable-related-posts":"","theme-transparent-header-meta":"default","adv-header-id-meta":"","stick-header-meta":"","header-above-stick-meta":"","header-main-stick-meta":"","header-below-stick-meta":"","astra-migrate-meta-layouts":"set","ast-page-background-enabled":"default","ast-page-background-meta":{"desktop":{"background-color":"var(--ast-global-color-4)","background-image":"","background-repeat":"repeat","background-position":"center center","background-size":"auto","background-attachment":"scroll","background-type":"","background-media":"","overlay-type":"","overlay-color":"","overlay-opacity":"","overlay-gradient":""},"tablet":{"background-color":"","background-image":"","background-repeat":"repeat","background-position":"center center","background-size":"auto","background-attachment":"scroll","background-type":"","background-media":"","overlay-type":"","overlay-color":"","overlay-opacity":"","overlay-gradient":""},"mobile":{"background-color":"","background-image":"","background-repeat":"repeat","background-position":"center center","background-size":"auto","background-attachment":"scroll","background-type":"","background-media":"","overlay-type":"","overlay-color":"","overlay-opacity":"","overlay-gradient":""}},"ast-content-background-meta":{"desktop":{"background-color":"var(--ast-global-color-5)","background-image":"","background-repeat":"repeat","background-position":"center center","background-size":"auto","background-attachment":"scroll","background-type":"","background-media":"","overlay-type":"","overlay-color":"","overlay-opacity":"","overlay-gradient":""},"tablet":{"background-color":"var(--ast-global-color-5)","background-image":"","background-repeat":"repeat","background-position":"center center","background-size":"auto","background-attachment":"scroll","background-type":"","background-media":"","overlay-type":"","overlay-color":"","overlay-opacity":"","overlay-gradient":""},"mobile":{"background-color":"var(--ast-global-color-5)","background-image":"","background-repeat":"repeat","background-position":"center center","background-size":"auto","background-attachment":"scroll","background-type":"","background-media":"","overlay-type":"","overlay-color":"","overlay-opacity":"","overlay-gradient":""}}},"product_brand":[],"product_cat":[81,85],"product_tag":[],"class_list":{"0":"post-2037","1":"product","2":"type-product","3":"status-publish","4":"has-post-thumbnail","6":"product_cat-energy-cocoons","7":"product_cat-medical","8":"desktop-align-left","9":"tablet-align-left","10":"mobile-align-left","12":"first","13":"instock","14":"shipping-taxable","15":"product-type-simple"},"acf":[],"yoast_head":"<!-- This site is optimized with the Yoast SEO plugin v27.4 - https:\/\/yoast.com\/product\/yoast-seo-wordpress\/ -->\n<title>Mediq - NEOQI<\/title>\n<meta name=\"robots\" content=\"index, follow, max-snippet:-1, max-image-preview:large, max-video-preview:-1\" \/>\n<link rel=\"canonical\" href=\"https:\/\/neoqi.com\/de\/produkt\/mediq\/\" \/>\n<meta property=\"og:locale\" content=\"de_DE\" \/>\n<meta property=\"og:type\" content=\"article\" \/>\n<meta property=\"og:title\" content=\"Mediq - NEOQI\" \/>\n<meta property=\"og:description\" content=\"Harmony Mediq is a multifunctional luxury class spa capsule. The variety of programs turns the energy cocoon into a unique and versatile physiotherapeutic complex. The combination of classical hydrofusion and hydrotherapy technologies with chromo- and aromatherapy methods are aimed at a quick and effective health improvement, reinvigoration and full body relaxation.  The Harmony Mediq spa capsule is an innovative and all-inclusive approach to a healthy lifestyle. The capsule is designated for weight loss, cellulite reduction and skin tone enhancement treatments, as well as deep relaxation, physical trauma recovery and various disease prevention. Owing to the versatility of the provided functions, the Harmony Mediq spa capsule is suitable for spa salons, sports, medical and rehabilitation centers.  A thought-out design, an enlarged and elongated ergonomic bed allow the client to lie comfortably within the capsule, ensuring free access of the therapist to both sides of the energy cocoon.\" \/>\n<meta property=\"og:url\" content=\"https:\/\/neoqi.com\/de\/produkt\/mediq\/\" \/>\n<meta property=\"og:site_name\" content=\"NEOQI\" \/>\n<meta property=\"article:publisher\" content=\"https:\/\/www.facebook.com\/neoqi\/\" \/>\n<meta property=\"article:modified_time\" content=\"2024-12-03T15:34:03+00:00\" \/>\n<meta property=\"og:image\" content=\"https:\/\/neoqi.com\/wp-content\/uploads\/2024\/09\/wellness_neoqi_Mediq_71.jpg\" \/>\n\t<meta property=\"og:image:width\" content=\"1200\" \/>\n\t<meta property=\"og:image:height\" content=\"800\" \/>\n\t<meta property=\"og:image:type\" content=\"image\/jpeg\" \/>\n<meta name=\"twitter:card\" content=\"summary_large_image\" \/>\n<meta name=\"twitter:label1\" content=\"Gesch\u00e4tzte Lesezeit\" \/>\n\t<meta name=\"twitter:data1\" content=\"2\u00a0Minuten\" \/>\n<script type=\"application\/ld+json\" class=\"yoast-schema-graph\">{\"@context\":\"https:\\\/\\\/schema.org\",\"@graph\":[{\"@type\":\"WebPage\",\"@id\":\"https:\\\/\\\/neoqi.com\\\/product\\\/mediq\\\/\",\"url\":\"https:\\\/\\\/neoqi.com\\\/product\\\/mediq\\\/\",\"name\":\"Mediq - NEOQI\",\"isPartOf\":{\"@id\":\"https:\\\/\\\/neoqi.com\\\/#website\"},\"primaryImageOfPage\":{\"@id\":\"https:\\\/\\\/neoqi.com\\\/product\\\/mediq\\\/#primaryimage\"},\"image\":{\"@id\":\"https:\\\/\\\/neoqi.com\\\/product\\\/mediq\\\/#primaryimage\"},\"thumbnailUrl\":\"https:\\\/\\\/neoqi.com\\\/wp-content\\\/uploads\\\/2024\\\/09\\\/wellness_neoqi_Mediq_71.jpg\",\"datePublished\":\"2024-09-05T22:11:17+00:00\",\"dateModified\":\"2024-12-03T15:34:03+00:00\",\"breadcrumb\":{\"@id\":\"https:\\\/\\\/neoqi.com\\\/product\\\/mediq\\\/#breadcrumb\"},\"inLanguage\":\"de\",\"potentialAction\":[{\"@type\":\"ReadAction\",\"target\":[\"https:\\\/\\\/neoqi.com\\\/product\\\/mediq\\\/\"]}]},{\"@type\":\"ImageObject\",\"inLanguage\":\"de\",\"@id\":\"https:\\\/\\\/neoqi.com\\\/product\\\/mediq\\\/#primaryimage\",\"url\":\"https:\\\/\\\/neoqi.com\\\/wp-content\\\/uploads\\\/2024\\\/09\\\/wellness_neoqi_Mediq_71.jpg\",\"contentUrl\":\"https:\\\/\\\/neoqi.com\\\/wp-content\\\/uploads\\\/2024\\\/09\\\/wellness_neoqi_Mediq_71.jpg\",\"width\":1200,\"height\":800},{\"@type\":\"BreadcrumbList\",\"@id\":\"https:\\\/\\\/neoqi.com\\\/product\\\/mediq\\\/#breadcrumb\",\"itemListElement\":[{\"@type\":\"ListItem\",\"position\":1,\"name\":\"Home\",\"item\":\"https:\\\/\\\/neoqi.com\\\/\"},{\"@type\":\"ListItem\",\"position\":2,\"name\":\"Catalog\",\"item\":\"https:\\\/\\\/neoqi.com\\\/it\\\/catalog\\\/\"},{\"@type\":\"ListItem\",\"position\":3,\"name\":\"Mediq\"}]},{\"@type\":\"WebSite\",\"@id\":\"https:\\\/\\\/neoqi.com\\\/#website\",\"url\":\"https:\\\/\\\/neoqi.com\\\/\",\"name\":\"NEOQI\",\"description\":\"Experience Ultimate Wellness and Relaxation with NeoQi Spa Capsule: Your Path to Rejuvenation\",\"publisher\":{\"@id\":\"https:\\\/\\\/neoqi.com\\\/#organization\"},\"potentialAction\":[{\"@type\":\"SearchAction\",\"target\":{\"@type\":\"EntryPoint\",\"urlTemplate\":\"https:\\\/\\\/neoqi.com\\\/?s={search_term_string}\"},\"query-input\":{\"@type\":\"PropertyValueSpecification\",\"valueRequired\":true,\"valueName\":\"search_term_string\"}}],\"inLanguage\":\"de\"},{\"@type\":\"Organization\",\"@id\":\"https:\\\/\\\/neoqi.com\\\/#organization\",\"name\":\"NEOQI\",\"url\":\"https:\\\/\\\/neoqi.com\\\/\",\"logo\":{\"@type\":\"ImageObject\",\"inLanguage\":\"de\",\"@id\":\"https:\\\/\\\/neoqi.com\\\/#\\\/schema\\\/logo\\\/image\\\/\",\"url\":\"https:\\\/\\\/neoqi.com\\\/wp-content\\\/uploads\\\/2024\\\/09\\\/logoneosvg.svg\",\"contentUrl\":\"https:\\\/\\\/neoqi.com\\\/wp-content\\\/uploads\\\/2024\\\/09\\\/logoneosvg.svg\",\"width\":1,\"height\":1,\"caption\":\"NEOQI\"},\"image\":{\"@id\":\"https:\\\/\\\/neoqi.com\\\/#\\\/schema\\\/logo\\\/image\\\/\"},\"sameAs\":[\"https:\\\/\\\/www.facebook.com\\\/neoqi\\\/\",\"https:\\\/\\\/www.instagram.com\\\/neoqi_com\\\/\"]}]}<\/script>\n<!-- \/ Yoast SEO plugin. -->","yoast_head_json":{"title":"Mediq - NEOQI","robots":{"index":"index","follow":"follow","max-snippet":"max-snippet:-1","max-image-preview":"max-image-preview:large","max-video-preview":"max-video-preview:-1"},"canonical":"https:\/\/neoqi.com\/de\/produkt\/mediq\/","og_locale":"de_DE","og_type":"article","og_title":"Mediq - NEOQI","og_description":"Harmony Mediq is a multifunctional luxury class spa capsule. The variety of programs turns the energy cocoon into a unique and versatile physiotherapeutic complex. The combination of classical hydrofusion and hydrotherapy technologies with chromo- and aromatherapy methods are aimed at a quick and effective health improvement, reinvigoration and full body relaxation.  The Harmony Mediq spa capsule is an innovative and all-inclusive approach to a healthy lifestyle. The capsule is designated for weight loss, cellulite reduction and skin tone enhancement treatments, as well as deep relaxation, physical trauma recovery and various disease prevention. Owing to the versatility of the provided functions, the Harmony Mediq spa capsule is suitable for spa salons, sports, medical and rehabilitation centers.  A thought-out design, an enlarged and elongated ergonomic bed allow the client to lie comfortably within the capsule, ensuring free access of the therapist to both sides of the energy cocoon.","og_url":"https:\/\/neoqi.com\/de\/produkt\/mediq\/","og_site_name":"NEOQI","article_publisher":"https:\/\/www.facebook.com\/neoqi\/","article_modified_time":"2024-12-03T15:34:03+00:00","og_image":[{"width":1200,"height":800,"url":"https:\/\/neoqi.com\/wp-content\/uploads\/2024\/09\/wellness_neoqi_Mediq_71.jpg","type":"image\/jpeg"}],"twitter_card":"summary_large_image","twitter_misc":{"Gesch\u00e4tzte Lesezeit":"2\u00a0Minuten"},"schema":{"@context":"https:\/\/schema.org","@graph":[{"@type":"WebPage","@id":"https:\/\/neoqi.com\/product\/mediq\/","url":"https:\/\/neoqi.com\/product\/mediq\/","name":"Mediq - NEOQI","isPartOf":{"@id":"https:\/\/neoqi.com\/#website"},"primaryImageOfPage":{"@id":"https:\/\/neoqi.com\/product\/mediq\/#primaryimage"},"image":{"@id":"https:\/\/neoqi.com\/product\/mediq\/#primaryimage"},"thumbnailUrl":"https:\/\/neoqi.com\/wp-content\/uploads\/2024\/09\/wellness_neoqi_Mediq_71.jpg","datePublished":"2024-09-05T22:11:17+00:00","dateModified":"2024-12-03T15:34:03+00:00","breadcrumb":{"@id":"https:\/\/neoqi.com\/product\/mediq\/#breadcrumb"},"inLanguage":"de","potentialAction":[{"@type":"ReadAction","target":["https:\/\/neoqi.com\/product\/mediq\/"]}]},{"@type":"ImageObject","inLanguage":"de","@id":"https:\/\/neoqi.com\/product\/mediq\/#primaryimage","url":"https:\/\/neoqi.com\/wp-content\/uploads\/2024\/09\/wellness_neoqi_Mediq_71.jpg","contentUrl":"https:\/\/neoqi.com\/wp-content\/uploads\/2024\/09\/wellness_neoqi_Mediq_71.jpg","width":1200,"height":800},{"@type":"BreadcrumbList","@id":"https:\/\/neoqi.com\/product\/mediq\/#breadcrumb","itemListElement":[{"@type":"ListItem","position":1,"name":"Home","item":"https:\/\/neoqi.com\/"},{"@type":"ListItem","position":2,"name":"Catalog","item":"https:\/\/neoqi.com\/it\/catalog\/"},{"@type":"ListItem","position":3,"name":"Mediq"}]},{"@type":"WebSite","@id":"https:\/\/neoqi.com\/#website","url":"https:\/\/neoqi.com\/","name":"NEOQI","description":"Erleben Sie ultimative Wellness und Entspannung mit NeoQi Spa Capsule: Ihr Weg zur Verj\u00fcngung","publisher":{"@id":"https:\/\/neoqi.com\/#organization"},"potentialAction":[{"@type":"SearchAction","target":{"@type":"EntryPoint","urlTemplate":"https:\/\/neoqi.com\/?s={search_term_string}"},"query-input":{"@type":"PropertyValueSpecification","valueRequired":true,"valueName":"search_term_string"}}],"inLanguage":"de"},{"@type":"Organization","@id":"https:\/\/neoqi.com\/#organization","name":"NEOQI","url":"https:\/\/neoqi.com\/","logo":{"@type":"ImageObject","inLanguage":"de","@id":"https:\/\/neoqi.com\/#\/schema\/logo\/image\/","url":"https:\/\/neoqi.com\/wp-content\/uploads\/2024\/09\/logoneosvg.svg","contentUrl":"https:\/\/neoqi.com\/wp-content\/uploads\/2024\/09\/logoneosvg.svg","width":1,"height":1,"caption":"NEOQI"},"image":{"@id":"https:\/\/neoqi.com\/#\/schema\/logo\/image\/"},"sameAs":["https:\/\/www.facebook.com\/neoqi\/","https:\/\/www.instagram.com\/neoqi_com\/"]}]}},"_links":{"self":[{"href":"https:\/\/neoqi.com\/de\/wp-json\/wp\/v2\/product\/2037","targetHints":{"allow":["GET"]}}],"collection":[{"href":"https:\/\/neoqi.com\/de\/wp-json\/wp\/v2\/product"}],"about":[{"href":"https:\/\/neoqi.com\/de\/wp-json\/wp\/v2\/types\/product"}],"replies":[{"embeddable":true,"href":"https:\/\/neoqi.com\/de\/wp-json\/wp\/v2\/comments?post=2037"}],"wp:featuredmedia":[{"embeddable":true,"href":"https:\/\/neoqi.com\/de\/wp-json\/wp\/v2\/media\/2038"}],"wp:attachment":[{"href":"https:\/\/neoqi.com\/de\/wp-json\/wp\/v2\/media?parent=2037"}],"wp:term":[{"taxonomy":"product_brand","embeddable":true,"href":"https:\/\/neoqi.com\/de\/wp-json\/wp\/v2\/product_brand?post=2037"},{"taxonomy":"product_cat","embeddable":true,"href":"https:\/\/neoqi.com\/de\/wp-json\/wp\/v2\/product_cat?post=2037"},{"taxonomy":"product_tag","embeddable":true,"href":"https:\/\/neoqi.com\/de\/wp-json\/wp\/v2\/product_tag?post=2037"}],"curies":[{"name":"wp","href":"https:\/\/api.w.org\/{rel}","templated":true}]}}