{"id":2051,"date":"2024-09-06T03:17:40","date_gmt":"2024-09-06T00:17:40","guid":{"rendered":"http:\/\/neoqi.com\/?post_type=product&#038;p=2051"},"modified":"2024-12-03T18:34:21","modified_gmt":"2024-12-03T15:34:21","slug":"mediq-oxy","status":"publish","type":"product","link":"https:\/\/neoqi.com\/de\/produkt\/mediq-oxy\/","title":{"rendered":"Mediq Oxy"},"content":{"rendered":"<p><strong>Die wichtigsten Behandlungen in NeoQi\u00ae Mediq Oxy<\/strong><\/p>\n<p><strong>Hydrofusion.<\/strong> Eine neue Art der K\u00f6rperpflege, die auf der gleichzeitigen Wirkung von Dampf und Infrarotw\u00e4rme beruht. Die Infrarotstrahlen dringen tiefer ein und erw\u00e4rmen das Gewebe von innen, w\u00e4hrend der Dampf den K\u00f6rper sanft in einen feuchten Nebel h\u00fcllt. W\u00e4hrend der Sitzung werden die Blutzirkulation und der Prozess der Lipolyse deutlich angeregt, der K\u00f6rper wird von Giftstoffen gereinigt, Muskelschmerzen und -kr\u00e4mpfe werden gelindert. Die Hydrofusion verst\u00e4rkt auch die Wirkung der verwendeten kosmetischen Pr\u00e4parate - die wertvollsten und wohltuendsten Substanzen dringen tief in die Haut ein, n\u00e4hren, befeuchten und regenerieren sie.<\/p>\n<p><strong>Hydrotherapie-Behandlung mit Aeromassage.<\/strong> Die automatische Unterwassermassage wirkt auf die problematischsten Bereiche des K\u00f6rpers und erm\u00f6glicht die gleichzeitige Stimulation der wichtigsten Reflexzonen. Die Aeromassage entspannt die Muskeln, regt den Blut- und Lymphkreislauf an, korrigiert die K\u00f6rperkonturen, gibt der Haut ihre Elastizit\u00e4t, Weichheit und Spannkraft zur\u00fcck, hilft bei anhaltendem Stress und Schlaflosigkeit sowie bei geistiger \u00dcberanstrengung.<\/p>\n<p><strong>Vichy-Dusche\/K\u00f6rperhandbrause.<\/strong> Die Vichy-Dusche ist eine hydrotherapeutische Behandlung f\u00fcr den K\u00f6rper, die das Abnehmen und die St\u00e4rkung des K\u00f6rpers f\u00f6rdert. W\u00e4hrend der Behandlung wird der gesamte K\u00f6rper mit d\u00fcnnen Wasserstrahlen \u00fcbergossen, die eine sanfte und intensive Massage bewirken. Der Wechsel der Temperaturen w\u00e4hrend der Behandlung tr\u00e4gt dazu bei, die Haut und die Weichteile schnell und effizient zu straffen. Die Vichy-Dusche entspannt den K\u00f6rper tief, entfernt Giftstoffe, reinigt die Haut und hilft, den t\u00e4glichen Stress und die M\u00fcdigkeit zu \u00fcberwinden.<\/p>\n<p>Dank der Funktion der Handbrause kann der Behandler die verbliebenen kosmetischen Wirkstoffe bequem in der Kapsel selbst absp\u00fclen, was die vollst\u00e4ndige Entspannung und Unbeweglichkeit des Kunden w\u00e4hrend der durchgef\u00fchrten Spa-Rituale garantiert.<\/p>\n<p><strong>Haut- und K\u00f6rperpflegebehandlungen.<\/strong> Bieten Sie Ihren Kunden Trocken- und Nassmassagen, Ganzk\u00f6rperpeelings, Wickel und Thalassotherapien mit Meeresalgen, Salz und Schl\u00e4mmen. Der Einsatz zus\u00e4tzlicher Funktionen wie Vibromassage, Aroma- und Farbtherapie erm\u00f6glicht es den Patienten, die wohltuende Atmosph\u00e4re der besten Kurorte der Welt zu sp\u00fcren, sich zu entspannen und Kr\u00e4fte zu sammeln, den Zustand der Haut und den allgemeinen Gesundheitszustand des K\u00f6rpers zu verbessern.<\/p>\n<p>Die Vibrationsmassage mit unterschiedlicher Intensit\u00e4t aktiviert alle physiologischen Prozesse im K\u00f6rper, die f\u00fcr die Verj\u00fcngung, die Normalisierung der Funktion des Nervensystems und die Erh\u00f6hung des Muskeltonus notwendig sind. Die Vibromassage kann nicht nur zur Muskelentspannung eingesetzt werden, sondern auch zur Behandlung von Erkrankungen des Bewegungsapparats und des zentralen Nervensystems, Radikulitis, Osteochondrose sowie zur Genesung nach k\u00f6rperlichen Traumata.<\/p>\n<p><strong>Beschreibung<\/strong><\/p>\n<p>Infrarot-Sauna<br \/>\nDampfsauna<br \/>\nAroma-Therapie<br \/>\nVichy-Dusche<br \/>\nVibrierende Behandlungsliege<br \/>\nFarblichtsystem<br \/>\nLuftblasenmassage<br \/>\nMusikanlage (MP3)<br \/>\nFrontl\u00fcfter<br \/>\nHandbrause<br \/>\n10 Bodenluftd\u00fcsen<br \/>\nSchnelles Einf\u00fcllen und Ableiten von Wasser<\/p>\n<p>&nbsp;<\/p>","protected":false},"excerpt":{"rendered":"<p>Die Mediq Oxy Spa-Kapsel ist ein leistungsf\u00e4higer hydro- und physiotherapeutischer Komplex, der ein ganzes Spektrum an wohltuenden Spa-Behandlungen bietet. Das Besondere an diesem Energiekokon ist der Sauerstoffkonzentrator, mit dem er ausgestattet ist und der die Haut w\u00e4hrend der Spa-Rituale mit Sauerstoff anreichert. Die Anreicherung des K\u00f6rpers mit Sauerstoff hat eine verj\u00fcngende Wirkung, normalisiert den Blutdruck, stellt den Schlafrhythmus wieder her und verbessert das allgemeine Wohlbefinden.<\/p>\n<p>Die Funktionen der Spa-Kapsel erm\u00f6glichen die Durchf\u00fchrung wirksamer Programme zur Gewichtsabnahme, zur Korrektur der K\u00f6rperform und zur Reduzierung von Cellulite. Garantierte Ergebnisse werden durch Behandlungen erzielt, die auf die Verbesserung des Hauttons und der Elastizit\u00e4t, tiefe Entspannung, schnelle Erholung nach k\u00f6rperlichen Traumata und die Vorbeugung verschiedener Krankheiten abzielen. Der Energiekokon schafft eine einzigartige Umgebung, die hilft, chronische Ersch\u00f6pfung und Stress zu bek\u00e4mpfen und den Patienten in einen Zustand v\u00f6lliger Harmonie und absoluten Gl\u00fccks zu versetzen. Schon ein kurzer Aufenthalt in der Mediq Oxy Spa-Kapsel erm\u00f6glicht es, sich vollst\u00e4ndig zu erholen und die Lebenskr\u00e4fte wieder aufzuf\u00fcllen.<\/p>\n<p>Die Mediq Oxy-Spa-Kapsel wurde speziell f\u00fcr Spa-Salons, Medizin-, Sport- und Rehabilitationszentren entwickelt.<\/p>","protected":false},"featured_media":2052,"comment_status":"open","ping_status":"closed","template":"","meta":{"_acf_changed":false,"site-sidebar-layout":"default","site-content-layout":"","ast-site-content-layout":"default","site-content-style":"default","site-sidebar-style":"default","ast-global-header-display":"","ast-banner-title-visibility":"","ast-main-header-display":"","ast-hfb-above-header-display":"","ast-hfb-below-header-display":"","ast-hfb-mobile-header-display":"","site-post-title":"","ast-breadcrumbs-content":"","ast-featured-img":"","footer-sml-layout":"","ast-disable-related-posts":"","theme-transparent-header-meta":"default","adv-header-id-meta":"","stick-header-meta":"","header-above-stick-meta":"","header-main-stick-meta":"","header-below-stick-meta":"","astra-migrate-meta-layouts":"set","ast-page-background-enabled":"default","ast-page-background-meta":{"desktop":{"background-color":"var(--ast-global-color-4)","background-image":"","background-repeat":"repeat","background-position":"center center","background-size":"auto","background-attachment":"scroll","background-type":"","background-media":"","overlay-type":"","overlay-color":"","overlay-opacity":"","overlay-gradient":""},"tablet":{"background-color":"","background-image":"","background-repeat":"repeat","background-position":"center center","background-size":"auto","background-attachment":"scroll","background-type":"","background-media":"","overlay-type":"","overlay-color":"","overlay-opacity":"","overlay-gradient":""},"mobile":{"background-color":"","background-image":"","background-repeat":"repeat","background-position":"center center","background-size":"auto","background-attachment":"scroll","background-type":"","background-media":"","overlay-type":"","overlay-color":"","overlay-opacity":"","overlay-gradient":""}},"ast-content-background-meta":{"desktop":{"background-color":"var(--ast-global-color-5)","background-image":"","background-repeat":"repeat","background-position":"center center","background-size":"auto","background-attachment":"scroll","background-type":"","background-media":"","overlay-type":"","overlay-color":"","overlay-opacity":"","overlay-gradient":""},"tablet":{"background-color":"var(--ast-global-color-5)","background-image":"","background-repeat":"repeat","background-position":"center center","background-size":"auto","background-attachment":"scroll","background-type":"","background-media":"","overlay-type":"","overlay-color":"","overlay-opacity":"","overlay-gradient":""},"mobile":{"background-color":"var(--ast-global-color-5)","background-image":"","background-repeat":"repeat","background-position":"center center","background-size":"auto","background-attachment":"scroll","background-type":"","background-media":"","overlay-type":"","overlay-color":"","overlay-opacity":"","overlay-gradient":""}}},"product_brand":[],"product_cat":[81,85],"product_tag":[],"class_list":{"0":"post-2051","1":"product","2":"type-product","3":"status-publish","4":"has-post-thumbnail","6":"product_cat-energy-cocoons","7":"product_cat-medical","8":"desktop-align-left","9":"tablet-align-left","10":"mobile-align-left","12":"first","13":"instock","14":"shipping-taxable","15":"product-type-simple"},"acf":[],"yoast_head":"<!-- This site is optimized with the Yoast SEO plugin v27.4 - https:\/\/yoast.com\/product\/yoast-seo-wordpress\/ -->\n<title>Mediq Oxy - NEOQI<\/title>\n<meta name=\"robots\" content=\"index, follow, max-snippet:-1, max-image-preview:large, max-video-preview:-1\" \/>\n<link rel=\"canonical\" href=\"https:\/\/neoqi.com\/de\/produkt\/mediq-oxy\/\" \/>\n<meta property=\"og:locale\" content=\"de_DE\" \/>\n<meta property=\"og:type\" content=\"article\" \/>\n<meta property=\"og:title\" content=\"Mediq Oxy - NEOQI\" \/>\n<meta property=\"og:description\" content=\"The Mediq Oxy spa capsule is a powerful hydro- and physiotherapeutic complex that offers a full spectrum of wholesome spa treatments. The unique feature of this energy cocoon is the oxygen concentrator that it is equipped with, which imbues the skin with oxygen during the spa rituals. Enriching the body with oxygen has a rejuvenating effect, normalizes blood pressure, restores sleep rhythm and improve general well-being.  The spa capsule functions allow carrying out effective weight loss, body shape correction and cellulite reduction programs. Guaranteed results are achieved by carrying out treatments that are aimed at skin tone and elasticity enhancing, deep relaxation, quick recovery after physical trauma and different disease prevention. The energy cocoon creates a unique environment that helps battle chronic exhaustion and stress, putting the patient in the state of complete harmony and absolute happiness. Even a short session in the Mediq Oxy spa capsule allows fully resting and replenishing vital forces.  The Mediq Oxy spa capsule was specifically designed for spa salons, medical, sports and rehabilitation centers.\" \/>\n<meta property=\"og:url\" content=\"https:\/\/neoqi.com\/de\/produkt\/mediq-oxy\/\" \/>\n<meta property=\"og:site_name\" content=\"NEOQI\" \/>\n<meta property=\"article:publisher\" content=\"https:\/\/www.facebook.com\/neoqi\/\" \/>\n<meta property=\"article:modified_time\" content=\"2024-12-03T15:34:21+00:00\" \/>\n<meta property=\"og:image\" content=\"https:\/\/neoqi.com\/wp-content\/uploads\/2024\/09\/wellness_neoqi_Mediq_71-2.jpg\" \/>\n\t<meta property=\"og:image:width\" content=\"1200\" \/>\n\t<meta property=\"og:image:height\" content=\"800\" \/>\n\t<meta property=\"og:image:type\" content=\"image\/jpeg\" \/>\n<meta name=\"twitter:card\" content=\"summary_large_image\" \/>\n<meta name=\"twitter:label1\" content=\"Gesch\u00e4tzte Lesezeit\" \/>\n\t<meta name=\"twitter:data1\" content=\"2\u00a0Minuten\" \/>\n<script type=\"application\/ld+json\" class=\"yoast-schema-graph\">{\"@context\":\"https:\\\/\\\/schema.org\",\"@graph\":[{\"@type\":\"WebPage\",\"@id\":\"https:\\\/\\\/neoqi.com\\\/product\\\/mediq-oxy\\\/\",\"url\":\"https:\\\/\\\/neoqi.com\\\/product\\\/mediq-oxy\\\/\",\"name\":\"Mediq Oxy - NEOQI\",\"isPartOf\":{\"@id\":\"https:\\\/\\\/neoqi.com\\\/#website\"},\"primaryImageOfPage\":{\"@id\":\"https:\\\/\\\/neoqi.com\\\/product\\\/mediq-oxy\\\/#primaryimage\"},\"image\":{\"@id\":\"https:\\\/\\\/neoqi.com\\\/product\\\/mediq-oxy\\\/#primaryimage\"},\"thumbnailUrl\":\"https:\\\/\\\/neoqi.com\\\/wp-content\\\/uploads\\\/2024\\\/09\\\/wellness_neoqi_Mediq_71-2.jpg\",\"datePublished\":\"2024-09-06T00:17:40+00:00\",\"dateModified\":\"2024-12-03T15:34:21+00:00\",\"breadcrumb\":{\"@id\":\"https:\\\/\\\/neoqi.com\\\/product\\\/mediq-oxy\\\/#breadcrumb\"},\"inLanguage\":\"de\",\"potentialAction\":[{\"@type\":\"ReadAction\",\"target\":[\"https:\\\/\\\/neoqi.com\\\/product\\\/mediq-oxy\\\/\"]}]},{\"@type\":\"ImageObject\",\"inLanguage\":\"de\",\"@id\":\"https:\\\/\\\/neoqi.com\\\/product\\\/mediq-oxy\\\/#primaryimage\",\"url\":\"https:\\\/\\\/neoqi.com\\\/wp-content\\\/uploads\\\/2024\\\/09\\\/wellness_neoqi_Mediq_71-2.jpg\",\"contentUrl\":\"https:\\\/\\\/neoqi.com\\\/wp-content\\\/uploads\\\/2024\\\/09\\\/wellness_neoqi_Mediq_71-2.jpg\",\"width\":1200,\"height\":800},{\"@type\":\"BreadcrumbList\",\"@id\":\"https:\\\/\\\/neoqi.com\\\/product\\\/mediq-oxy\\\/#breadcrumb\",\"itemListElement\":[{\"@type\":\"ListItem\",\"position\":1,\"name\":\"Home\",\"item\":\"https:\\\/\\\/neoqi.com\\\/\"},{\"@type\":\"ListItem\",\"position\":2,\"name\":\"Catalog\",\"item\":\"https:\\\/\\\/neoqi.com\\\/it\\\/catalog\\\/\"},{\"@type\":\"ListItem\",\"position\":3,\"name\":\"Mediq Oxy\"}]},{\"@type\":\"WebSite\",\"@id\":\"https:\\\/\\\/neoqi.com\\\/#website\",\"url\":\"https:\\\/\\\/neoqi.com\\\/\",\"name\":\"NEOQI\",\"description\":\"Experience Ultimate Wellness and Relaxation with NeoQi Spa Capsule: Your Path to Rejuvenation\",\"publisher\":{\"@id\":\"https:\\\/\\\/neoqi.com\\\/#organization\"},\"potentialAction\":[{\"@type\":\"SearchAction\",\"target\":{\"@type\":\"EntryPoint\",\"urlTemplate\":\"https:\\\/\\\/neoqi.com\\\/?s={search_term_string}\"},\"query-input\":{\"@type\":\"PropertyValueSpecification\",\"valueRequired\":true,\"valueName\":\"search_term_string\"}}],\"inLanguage\":\"de\"},{\"@type\":\"Organization\",\"@id\":\"https:\\\/\\\/neoqi.com\\\/#organization\",\"name\":\"NEOQI\",\"url\":\"https:\\\/\\\/neoqi.com\\\/\",\"logo\":{\"@type\":\"ImageObject\",\"inLanguage\":\"de\",\"@id\":\"https:\\\/\\\/neoqi.com\\\/#\\\/schema\\\/logo\\\/image\\\/\",\"url\":\"https:\\\/\\\/neoqi.com\\\/wp-content\\\/uploads\\\/2024\\\/09\\\/logoneosvg.svg\",\"contentUrl\":\"https:\\\/\\\/neoqi.com\\\/wp-content\\\/uploads\\\/2024\\\/09\\\/logoneosvg.svg\",\"width\":1,\"height\":1,\"caption\":\"NEOQI\"},\"image\":{\"@id\":\"https:\\\/\\\/neoqi.com\\\/#\\\/schema\\\/logo\\\/image\\\/\"},\"sameAs\":[\"https:\\\/\\\/www.facebook.com\\\/neoqi\\\/\",\"https:\\\/\\\/www.instagram.com\\\/neoqi_com\\\/\"]}]}<\/script>\n<!-- \/ Yoast SEO plugin. -->","yoast_head_json":{"title":"Mediq Oxy - NEOQI","robots":{"index":"index","follow":"follow","max-snippet":"max-snippet:-1","max-image-preview":"max-image-preview:large","max-video-preview":"max-video-preview:-1"},"canonical":"https:\/\/neoqi.com\/de\/produkt\/mediq-oxy\/","og_locale":"de_DE","og_type":"article","og_title":"Mediq Oxy - NEOQI","og_description":"The Mediq Oxy spa capsule is a powerful hydro- and physiotherapeutic complex that offers a full spectrum of wholesome spa treatments. The unique feature of this energy cocoon is the oxygen concentrator that it is equipped with, which imbues the skin with oxygen during the spa rituals. Enriching the body with oxygen has a rejuvenating effect, normalizes blood pressure, restores sleep rhythm and improve general well-being.  The spa capsule functions allow carrying out effective weight loss, body shape correction and cellulite reduction programs. Guaranteed results are achieved by carrying out treatments that are aimed at skin tone and elasticity enhancing, deep relaxation, quick recovery after physical trauma and different disease prevention. The energy cocoon creates a unique environment that helps battle chronic exhaustion and stress, putting the patient in the state of complete harmony and absolute happiness. Even a short session in the Mediq Oxy spa capsule allows fully resting and replenishing vital forces.  The Mediq Oxy spa capsule was specifically designed for spa salons, medical, sports and rehabilitation centers.","og_url":"https:\/\/neoqi.com\/de\/produkt\/mediq-oxy\/","og_site_name":"NEOQI","article_publisher":"https:\/\/www.facebook.com\/neoqi\/","article_modified_time":"2024-12-03T15:34:21+00:00","og_image":[{"width":1200,"height":800,"url":"https:\/\/neoqi.com\/wp-content\/uploads\/2024\/09\/wellness_neoqi_Mediq_71-2.jpg","type":"image\/jpeg"}],"twitter_card":"summary_large_image","twitter_misc":{"Gesch\u00e4tzte Lesezeit":"2\u00a0Minuten"},"schema":{"@context":"https:\/\/schema.org","@graph":[{"@type":"WebPage","@id":"https:\/\/neoqi.com\/product\/mediq-oxy\/","url":"https:\/\/neoqi.com\/product\/mediq-oxy\/","name":"Mediq Oxy - NEOQI","isPartOf":{"@id":"https:\/\/neoqi.com\/#website"},"primaryImageOfPage":{"@id":"https:\/\/neoqi.com\/product\/mediq-oxy\/#primaryimage"},"image":{"@id":"https:\/\/neoqi.com\/product\/mediq-oxy\/#primaryimage"},"thumbnailUrl":"https:\/\/neoqi.com\/wp-content\/uploads\/2024\/09\/wellness_neoqi_Mediq_71-2.jpg","datePublished":"2024-09-06T00:17:40+00:00","dateModified":"2024-12-03T15:34:21+00:00","breadcrumb":{"@id":"https:\/\/neoqi.com\/product\/mediq-oxy\/#breadcrumb"},"inLanguage":"de","potentialAction":[{"@type":"ReadAction","target":["https:\/\/neoqi.com\/product\/mediq-oxy\/"]}]},{"@type":"ImageObject","inLanguage":"de","@id":"https:\/\/neoqi.com\/product\/mediq-oxy\/#primaryimage","url":"https:\/\/neoqi.com\/wp-content\/uploads\/2024\/09\/wellness_neoqi_Mediq_71-2.jpg","contentUrl":"https:\/\/neoqi.com\/wp-content\/uploads\/2024\/09\/wellness_neoqi_Mediq_71-2.jpg","width":1200,"height":800},{"@type":"BreadcrumbList","@id":"https:\/\/neoqi.com\/product\/mediq-oxy\/#breadcrumb","itemListElement":[{"@type":"ListItem","position":1,"name":"Home","item":"https:\/\/neoqi.com\/"},{"@type":"ListItem","position":2,"name":"Catalog","item":"https:\/\/neoqi.com\/it\/catalog\/"},{"@type":"ListItem","position":3,"name":"Mediq Oxy"}]},{"@type":"WebSite","@id":"https:\/\/neoqi.com\/#website","url":"https:\/\/neoqi.com\/","name":"NEOQI","description":"Erleben Sie ultimative Wellness und Entspannung mit NeoQi Spa Capsule: Ihr Weg zur Verj\u00fcngung","publisher":{"@id":"https:\/\/neoqi.com\/#organization"},"potentialAction":[{"@type":"SearchAction","target":{"@type":"EntryPoint","urlTemplate":"https:\/\/neoqi.com\/?s={search_term_string}"},"query-input":{"@type":"PropertyValueSpecification","valueRequired":true,"valueName":"search_term_string"}}],"inLanguage":"de"},{"@type":"Organization","@id":"https:\/\/neoqi.com\/#organization","name":"NEOQI","url":"https:\/\/neoqi.com\/","logo":{"@type":"ImageObject","inLanguage":"de","@id":"https:\/\/neoqi.com\/#\/schema\/logo\/image\/","url":"https:\/\/neoqi.com\/wp-content\/uploads\/2024\/09\/logoneosvg.svg","contentUrl":"https:\/\/neoqi.com\/wp-content\/uploads\/2024\/09\/logoneosvg.svg","width":1,"height":1,"caption":"NEOQI"},"image":{"@id":"https:\/\/neoqi.com\/#\/schema\/logo\/image\/"},"sameAs":["https:\/\/www.facebook.com\/neoqi\/","https:\/\/www.instagram.com\/neoqi_com\/"]}]}},"_links":{"self":[{"href":"https:\/\/neoqi.com\/de\/wp-json\/wp\/v2\/product\/2051","targetHints":{"allow":["GET"]}}],"collection":[{"href":"https:\/\/neoqi.com\/de\/wp-json\/wp\/v2\/product"}],"about":[{"href":"https:\/\/neoqi.com\/de\/wp-json\/wp\/v2\/types\/product"}],"replies":[{"embeddable":true,"href":"https:\/\/neoqi.com\/de\/wp-json\/wp\/v2\/comments?post=2051"}],"wp:featuredmedia":[{"embeddable":true,"href":"https:\/\/neoqi.com\/de\/wp-json\/wp\/v2\/media\/2052"}],"wp:attachment":[{"href":"https:\/\/neoqi.com\/de\/wp-json\/wp\/v2\/media?parent=2051"}],"wp:term":[{"taxonomy":"product_brand","embeddable":true,"href":"https:\/\/neoqi.com\/de\/wp-json\/wp\/v2\/product_brand?post=2051"},{"taxonomy":"product_cat","embeddable":true,"href":"https:\/\/neoqi.com\/de\/wp-json\/wp\/v2\/product_cat?post=2051"},{"taxonomy":"product_tag","embeddable":true,"href":"https:\/\/neoqi.com\/de\/wp-json\/wp\/v2\/product_tag?post=2051"}],"curies":[{"name":"wp","href":"https:\/\/api.w.org\/{rel}","templated":true}]}}