{"id":2065,"date":"2024-09-06T02:24:49","date_gmt":"2024-09-05T23:24:49","guid":{"rendered":"http:\/\/neoqi.com\/?post_type=product&#038;p=2065"},"modified":"2024-12-03T18:34:12","modified_gmt":"2024-12-03T15:34:12","slug":"atlantic","status":"publish","type":"product","link":"https:\/\/neoqi.com\/de\/produkt\/atlantic\/","title":{"rendered":"Atlantic"},"content":{"rendered":"<p><strong>Die wichtigsten Behandlungen in NeoQi\u00ae Atlantic<\/strong><\/p>\n<p><strong>W\u00e4rmebehandlung (Dampf- und\/oder Infrarotsauna).<\/strong> Die Thermotherapie mit Hilfe von Dampf und Infrarotw\u00e4rme ist die Verk\u00f6rperung der besten Traditionen des Bades. Die Dampfsauna und die Infrarotstrahlen verursachen nur angenehme Empfindungen durch eine sanfte Einwirkung auf den K\u00f6rper. Haut, Muskeln und Gelenke werden tief erw\u00e4rmt, der Blutkreislauf und der Prozess der Aufspaltung des Fettgewebes werden aktiviert, gefolgt von einer tiefgreifenden Reinigung von Giftstoffen und Ballaststoffen.<\/p>\n<p><strong>Balneotherapie.<\/strong> Es ist eine beliebte und effiziente Methode zur Heilung und Verj\u00fcngung des K\u00f6rpers. Das Bad ist mit warmem Wasser gef\u00fcllt und enth\u00e4lt verschiedene Zus\u00e4tze: Meeresalgen, Salz, Schlamm, \u00e4therische \u00d6le. Diese Behandlungen wirken nicht nur vorbeugend gegen verschiedene Krankheiten, sondern haben auch einen starken Sch\u00f6nheitseffekt. Die Balneotherapie wird zur Gewichtsabnahme, zum Stressabbau, zur Befeuchtung und zur Verbesserung des Hauttons eingesetzt.<\/p>\n<p><strong>Vichy-Dusche\/Handbrause.<\/strong> Die Vichy-Dusche ist eine K\u00f6rperwasserbehandlung, bei der der K\u00f6rper durch kleine Wasserstr\u00f6me sanft massiert wird. Die Behandlung f\u00f6rdert das Abnehmen und st\u00e4rkt das Immunsystem. Die Vichy-Dusche hat eine maximal entspannende Wirkung auf den K\u00f6rper, reinigt die Haut, beseitigt Giftstoffe, hilft bei der Stressbew\u00e4ltigung und verbessert die allgemeine Ausdauer.<br \/>\nExfoliation des K\u00f6rpers. Peeling ist ein Weg zur Erholung und Rehabilitation von empfindlicher, dehydrierter, schlaffer und alternder Haut. Die Behandlung verleiht der Haut ein gesundes Strahlen, beseitigt Anzeichen von M\u00fcdigkeit und strafft den K\u00f6rper effektiv. Die Haut wird weich, samtig und geschmeidig.<\/p>\n<p><strong>\u00d6lmassage.<\/strong> Eine notwendige Behandlung, um Verspannungen und Schmerzen in den Muskeln zu l\u00f6sen, die Figur zu korrigieren und die geistige Harmonie wiederherzustellen. Eine Reihe spezieller Techniken in Kombination mit einer Komposition \u00e4therischer \u00d6le erm\u00f6glicht es, den Stoffwechsel zu beschleunigen, die Elastizit\u00e4t und den Hauttonus wiederherzustellen, das K\u00f6rpervolumen zu reduzieren und Fetteinlagerungen zu verhindern.<br \/>\nGanzk\u00f6rperpackung mit der Verwendung von kosmetischen Masken. Wickel sind die beliebtesten und verw\u00f6hnendsten SPA-Rituale, die darauf abzielen, die Haut mit n\u00fctzlichen Vitaminen und Mineralien anzureichern, das K\u00f6rperfett zu verbrennen, sich zu erholen, die Haut zu ern\u00e4hren und zu verj\u00fcngen. Nach der Behandlung wird die Haut weich, geschmeidig und unglaublich glatt.<\/p>\n<p><strong>Beschreibung<\/strong><\/p>\n<p>Infrarot-Sauna<br \/>\nDampfsauna<br \/>\nAroma-Therapie<br \/>\nVichy-Dusche<br \/>\nVibrierende Behandlungsliege<br \/>\nFarblichtsystem<br \/>\nMusikanlage (MP3)<br \/>\nFrontl\u00fcfter<br \/>\nHandbrause<\/p>","protected":false},"excerpt":{"rendered":"<p>Die SPA-Kapsel Atlantic wurde unter Ber\u00fccksichtigung aller Vorteile des Modells Mediq entwickelt und soll sowohl Erholungs- als auch \u00e4sthetische Funktionen vereinen. Der Atlantic-Energiekokon verf\u00fcgt \u00fcber ein breites und langgestrecktes ergonomisches Bett, das den Komfort des Kunden in der Kapsel gew\u00e4hrleistet und den Experten freien Zugang zu jeder Seite der Einheit bietet.<\/p>\n<p>Atlantic ist mit allen notwendigen Funktionen der Thermo- und Hydrotherapie ausgestattet: Dampf- und Infrarotsauna, sowie Vichy-Dusche, die die M\u00f6glichkeit bieten, einen Komplex der beliebtesten und effektivsten Behandlungen in SPA-Salons durchzuf\u00fchren. Chromo- und Aromatherapie verst\u00e4rken das angenehme Erlebnis im Kokon noch.<\/p>\n<p>Dieses aktualisierte System wurde speziell entwickelt, um die besten und sichtbarsten Ergebnisse aller SPA-Rituale zu erzielen. Denn eine perfekte Figur ist vor allem ein K\u00f6rper, der richtig gepflegt wird.<\/p>","protected":false},"featured_media":2066,"comment_status":"open","ping_status":"closed","template":"","meta":{"_acf_changed":false,"site-sidebar-layout":"default","site-content-layout":"","ast-site-content-layout":"default","site-content-style":"default","site-sidebar-style":"default","ast-global-header-display":"","ast-banner-title-visibility":"","ast-main-header-display":"","ast-hfb-above-header-display":"","ast-hfb-below-header-display":"","ast-hfb-mobile-header-display":"","site-post-title":"","ast-breadcrumbs-content":"","ast-featured-img":"","footer-sml-layout":"","ast-disable-related-posts":"","theme-transparent-header-meta":"default","adv-header-id-meta":"","stick-header-meta":"","header-above-stick-meta":"","header-main-stick-meta":"","header-below-stick-meta":"","astra-migrate-meta-layouts":"set","ast-page-background-enabled":"default","ast-page-background-meta":{"desktop":{"background-color":"var(--ast-global-color-4)","background-image":"","background-repeat":"repeat","background-position":"center center","background-size":"auto","background-attachment":"scroll","background-type":"","background-media":"","overlay-type":"","overlay-color":"","overlay-opacity":"","overlay-gradient":""},"tablet":{"background-color":"","background-image":"","background-repeat":"repeat","background-position":"center center","background-size":"auto","background-attachment":"scroll","background-type":"","background-media":"","overlay-type":"","overlay-color":"","overlay-opacity":"","overlay-gradient":""},"mobile":{"background-color":"","background-image":"","background-repeat":"repeat","background-position":"center center","background-size":"auto","background-attachment":"scroll","background-type":"","background-media":"","overlay-type":"","overlay-color":"","overlay-opacity":"","overlay-gradient":""}},"ast-content-background-meta":{"desktop":{"background-color":"var(--ast-global-color-5)","background-image":"","background-repeat":"repeat","background-position":"center center","background-size":"auto","background-attachment":"scroll","background-type":"","background-media":"","overlay-type":"","overlay-color":"","overlay-opacity":"","overlay-gradient":""},"tablet":{"background-color":"var(--ast-global-color-5)","background-image":"","background-repeat":"repeat","background-position":"center center","background-size":"auto","background-attachment":"scroll","background-type":"","background-media":"","overlay-type":"","overlay-color":"","overlay-opacity":"","overlay-gradient":""},"mobile":{"background-color":"var(--ast-global-color-5)","background-image":"","background-repeat":"repeat","background-position":"center center","background-size":"auto","background-attachment":"scroll","background-type":"","background-media":"","overlay-type":"","overlay-color":"","overlay-opacity":"","overlay-gradient":""}}},"product_brand":[],"product_cat":[81,85],"product_tag":[],"class_list":{"0":"post-2065","1":"product","2":"type-product","3":"status-publish","4":"has-post-thumbnail","6":"product_cat-energy-cocoons","7":"product_cat-medical","8":"desktop-align-left","9":"tablet-align-left","10":"mobile-align-left","12":"first","13":"instock","14":"shipping-taxable","15":"product-type-simple"},"acf":[],"yoast_head":"<!-- This site is optimized with the Yoast SEO plugin v27.4 - https:\/\/yoast.com\/product\/yoast-seo-wordpress\/ -->\n<title>Atlantic - NEOQI<\/title>\n<meta name=\"robots\" content=\"index, follow, max-snippet:-1, max-image-preview:large, max-video-preview:-1\" \/>\n<link rel=\"canonical\" href=\"https:\/\/neoqi.com\/de\/produkt\/atlantic\/\" \/>\n<meta property=\"og:locale\" content=\"de_DE\" \/>\n<meta property=\"og:type\" content=\"article\" \/>\n<meta property=\"og:title\" content=\"Atlantic - NEOQI\" \/>\n<meta property=\"og:description\" content=\"The SPA-capsule Atlantic was designed with all of the benefits of the Mediq model in mind, and is aimed at combining both recreational and aesthetic functions. The Atlantic energy cocoon possesses a wide and elongated ergonomic bed that ensures the customer\u2019s comfort within the capsule, providing experts free access to any side of the unit.  Atlantic is equipped with all of the necessary functions of thermo- and hydrotherapy: steam and infrared sauna, as well as Vichy shower, which provide an opportunity to carry out a complex of the most popular and effective treatments in SPA salons. Chromo- and aromatherapy further enhance the enjoyable experience within the cocoon.  This updated system was specifically designed to achieve the best and most visible results of all the SPA rituals. After all, a perfect figure is, above all, a body that is properly taken care of.\" \/>\n<meta property=\"og:url\" content=\"https:\/\/neoqi.com\/de\/produkt\/atlantic\/\" \/>\n<meta property=\"og:site_name\" content=\"NEOQI\" \/>\n<meta property=\"article:publisher\" content=\"https:\/\/www.facebook.com\/neoqi\/\" \/>\n<meta property=\"article:modified_time\" content=\"2024-12-03T15:34:12+00:00\" \/>\n<meta property=\"og:image\" content=\"https:\/\/neoqi.com\/wp-content\/uploads\/2024\/09\/wellness_neoqi_Mediq_71-4.jpg\" \/>\n\t<meta property=\"og:image:width\" content=\"1200\" \/>\n\t<meta property=\"og:image:height\" content=\"800\" \/>\n\t<meta property=\"og:image:type\" content=\"image\/jpeg\" \/>\n<meta name=\"twitter:card\" content=\"summary_large_image\" \/>\n<meta name=\"twitter:label1\" content=\"Gesch\u00e4tzte Lesezeit\" \/>\n\t<meta name=\"twitter:data1\" content=\"2\u00a0Minuten\" \/>\n<script type=\"application\/ld+json\" class=\"yoast-schema-graph\">{\"@context\":\"https:\\\/\\\/schema.org\",\"@graph\":[{\"@type\":\"WebPage\",\"@id\":\"https:\\\/\\\/neoqi.com\\\/product\\\/atlantic\\\/\",\"url\":\"https:\\\/\\\/neoqi.com\\\/product\\\/atlantic\\\/\",\"name\":\"Atlantic - NEOQI\",\"isPartOf\":{\"@id\":\"https:\\\/\\\/neoqi.com\\\/#website\"},\"primaryImageOfPage\":{\"@id\":\"https:\\\/\\\/neoqi.com\\\/product\\\/atlantic\\\/#primaryimage\"},\"image\":{\"@id\":\"https:\\\/\\\/neoqi.com\\\/product\\\/atlantic\\\/#primaryimage\"},\"thumbnailUrl\":\"https:\\\/\\\/neoqi.com\\\/wp-content\\\/uploads\\\/2024\\\/09\\\/wellness_neoqi_Mediq_71-4.jpg\",\"datePublished\":\"2024-09-05T23:24:49+00:00\",\"dateModified\":\"2024-12-03T15:34:12+00:00\",\"breadcrumb\":{\"@id\":\"https:\\\/\\\/neoqi.com\\\/product\\\/atlantic\\\/#breadcrumb\"},\"inLanguage\":\"de\",\"potentialAction\":[{\"@type\":\"ReadAction\",\"target\":[\"https:\\\/\\\/neoqi.com\\\/product\\\/atlantic\\\/\"]}]},{\"@type\":\"ImageObject\",\"inLanguage\":\"de\",\"@id\":\"https:\\\/\\\/neoqi.com\\\/product\\\/atlantic\\\/#primaryimage\",\"url\":\"https:\\\/\\\/neoqi.com\\\/wp-content\\\/uploads\\\/2024\\\/09\\\/wellness_neoqi_Mediq_71-4.jpg\",\"contentUrl\":\"https:\\\/\\\/neoqi.com\\\/wp-content\\\/uploads\\\/2024\\\/09\\\/wellness_neoqi_Mediq_71-4.jpg\",\"width\":1200,\"height\":800},{\"@type\":\"BreadcrumbList\",\"@id\":\"https:\\\/\\\/neoqi.com\\\/product\\\/atlantic\\\/#breadcrumb\",\"itemListElement\":[{\"@type\":\"ListItem\",\"position\":1,\"name\":\"Home\",\"item\":\"https:\\\/\\\/neoqi.com\\\/\"},{\"@type\":\"ListItem\",\"position\":2,\"name\":\"Catalog\",\"item\":\"https:\\\/\\\/neoqi.com\\\/it\\\/catalog\\\/\"},{\"@type\":\"ListItem\",\"position\":3,\"name\":\"Atlantic\"}]},{\"@type\":\"WebSite\",\"@id\":\"https:\\\/\\\/neoqi.com\\\/#website\",\"url\":\"https:\\\/\\\/neoqi.com\\\/\",\"name\":\"NEOQI\",\"description\":\"Experience Ultimate Wellness and Relaxation with NeoQi Spa Capsule: Your Path to Rejuvenation\",\"publisher\":{\"@id\":\"https:\\\/\\\/neoqi.com\\\/#organization\"},\"potentialAction\":[{\"@type\":\"SearchAction\",\"target\":{\"@type\":\"EntryPoint\",\"urlTemplate\":\"https:\\\/\\\/neoqi.com\\\/?s={search_term_string}\"},\"query-input\":{\"@type\":\"PropertyValueSpecification\",\"valueRequired\":true,\"valueName\":\"search_term_string\"}}],\"inLanguage\":\"de\"},{\"@type\":\"Organization\",\"@id\":\"https:\\\/\\\/neoqi.com\\\/#organization\",\"name\":\"NEOQI\",\"url\":\"https:\\\/\\\/neoqi.com\\\/\",\"logo\":{\"@type\":\"ImageObject\",\"inLanguage\":\"de\",\"@id\":\"https:\\\/\\\/neoqi.com\\\/#\\\/schema\\\/logo\\\/image\\\/\",\"url\":\"https:\\\/\\\/neoqi.com\\\/wp-content\\\/uploads\\\/2024\\\/09\\\/logoneosvg.svg\",\"contentUrl\":\"https:\\\/\\\/neoqi.com\\\/wp-content\\\/uploads\\\/2024\\\/09\\\/logoneosvg.svg\",\"width\":1,\"height\":1,\"caption\":\"NEOQI\"},\"image\":{\"@id\":\"https:\\\/\\\/neoqi.com\\\/#\\\/schema\\\/logo\\\/image\\\/\"},\"sameAs\":[\"https:\\\/\\\/www.facebook.com\\\/neoqi\\\/\",\"https:\\\/\\\/www.instagram.com\\\/neoqi_com\\\/\"]}]}<\/script>\n<!-- \/ Yoast SEO plugin. -->","yoast_head_json":{"title":"Atlantic - NEOQI","robots":{"index":"index","follow":"follow","max-snippet":"max-snippet:-1","max-image-preview":"max-image-preview:large","max-video-preview":"max-video-preview:-1"},"canonical":"https:\/\/neoqi.com\/de\/produkt\/atlantic\/","og_locale":"de_DE","og_type":"article","og_title":"Atlantic - NEOQI","og_description":"The SPA-capsule Atlantic was designed with all of the benefits of the Mediq model in mind, and is aimed at combining both recreational and aesthetic functions. The Atlantic energy cocoon possesses a wide and elongated ergonomic bed that ensures the customer\u2019s comfort within the capsule, providing experts free access to any side of the unit.  Atlantic is equipped with all of the necessary functions of thermo- and hydrotherapy: steam and infrared sauna, as well as Vichy shower, which provide an opportunity to carry out a complex of the most popular and effective treatments in SPA salons. Chromo- and aromatherapy further enhance the enjoyable experience within the cocoon.  This updated system was specifically designed to achieve the best and most visible results of all the SPA rituals. After all, a perfect figure is, above all, a body that is properly taken care of.","og_url":"https:\/\/neoqi.com\/de\/produkt\/atlantic\/","og_site_name":"NEOQI","article_publisher":"https:\/\/www.facebook.com\/neoqi\/","article_modified_time":"2024-12-03T15:34:12+00:00","og_image":[{"width":1200,"height":800,"url":"https:\/\/neoqi.com\/wp-content\/uploads\/2024\/09\/wellness_neoqi_Mediq_71-4.jpg","type":"image\/jpeg"}],"twitter_card":"summary_large_image","twitter_misc":{"Gesch\u00e4tzte Lesezeit":"2\u00a0Minuten"},"schema":{"@context":"https:\/\/schema.org","@graph":[{"@type":"WebPage","@id":"https:\/\/neoqi.com\/product\/atlantic\/","url":"https:\/\/neoqi.com\/product\/atlantic\/","name":"Atlantic - NEOQI","isPartOf":{"@id":"https:\/\/neoqi.com\/#website"},"primaryImageOfPage":{"@id":"https:\/\/neoqi.com\/product\/atlantic\/#primaryimage"},"image":{"@id":"https:\/\/neoqi.com\/product\/atlantic\/#primaryimage"},"thumbnailUrl":"https:\/\/neoqi.com\/wp-content\/uploads\/2024\/09\/wellness_neoqi_Mediq_71-4.jpg","datePublished":"2024-09-05T23:24:49+00:00","dateModified":"2024-12-03T15:34:12+00:00","breadcrumb":{"@id":"https:\/\/neoqi.com\/product\/atlantic\/#breadcrumb"},"inLanguage":"de","potentialAction":[{"@type":"ReadAction","target":["https:\/\/neoqi.com\/product\/atlantic\/"]}]},{"@type":"ImageObject","inLanguage":"de","@id":"https:\/\/neoqi.com\/product\/atlantic\/#primaryimage","url":"https:\/\/neoqi.com\/wp-content\/uploads\/2024\/09\/wellness_neoqi_Mediq_71-4.jpg","contentUrl":"https:\/\/neoqi.com\/wp-content\/uploads\/2024\/09\/wellness_neoqi_Mediq_71-4.jpg","width":1200,"height":800},{"@type":"BreadcrumbList","@id":"https:\/\/neoqi.com\/product\/atlantic\/#breadcrumb","itemListElement":[{"@type":"ListItem","position":1,"name":"Home","item":"https:\/\/neoqi.com\/"},{"@type":"ListItem","position":2,"name":"Catalog","item":"https:\/\/neoqi.com\/it\/catalog\/"},{"@type":"ListItem","position":3,"name":"Atlantic"}]},{"@type":"WebSite","@id":"https:\/\/neoqi.com\/#website","url":"https:\/\/neoqi.com\/","name":"NEOQI","description":"Erleben Sie ultimative Wellness und Entspannung mit NeoQi Spa Capsule: Ihr Weg zur Verj\u00fcngung","publisher":{"@id":"https:\/\/neoqi.com\/#organization"},"potentialAction":[{"@type":"SearchAction","target":{"@type":"EntryPoint","urlTemplate":"https:\/\/neoqi.com\/?s={search_term_string}"},"query-input":{"@type":"PropertyValueSpecification","valueRequired":true,"valueName":"search_term_string"}}],"inLanguage":"de"},{"@type":"Organization","@id":"https:\/\/neoqi.com\/#organization","name":"NEOQI","url":"https:\/\/neoqi.com\/","logo":{"@type":"ImageObject","inLanguage":"de","@id":"https:\/\/neoqi.com\/#\/schema\/logo\/image\/","url":"https:\/\/neoqi.com\/wp-content\/uploads\/2024\/09\/logoneosvg.svg","contentUrl":"https:\/\/neoqi.com\/wp-content\/uploads\/2024\/09\/logoneosvg.svg","width":1,"height":1,"caption":"NEOQI"},"image":{"@id":"https:\/\/neoqi.com\/#\/schema\/logo\/image\/"},"sameAs":["https:\/\/www.facebook.com\/neoqi\/","https:\/\/www.instagram.com\/neoqi_com\/"]}]}},"_links":{"self":[{"href":"https:\/\/neoqi.com\/de\/wp-json\/wp\/v2\/product\/2065","targetHints":{"allow":["GET"]}}],"collection":[{"href":"https:\/\/neoqi.com\/de\/wp-json\/wp\/v2\/product"}],"about":[{"href":"https:\/\/neoqi.com\/de\/wp-json\/wp\/v2\/types\/product"}],"replies":[{"embeddable":true,"href":"https:\/\/neoqi.com\/de\/wp-json\/wp\/v2\/comments?post=2065"}],"wp:featuredmedia":[{"embeddable":true,"href":"https:\/\/neoqi.com\/de\/wp-json\/wp\/v2\/media\/2066"}],"wp:attachment":[{"href":"https:\/\/neoqi.com\/de\/wp-json\/wp\/v2\/media?parent=2065"}],"wp:term":[{"taxonomy":"product_brand","embeddable":true,"href":"https:\/\/neoqi.com\/de\/wp-json\/wp\/v2\/product_brand?post=2065"},{"taxonomy":"product_cat","embeddable":true,"href":"https:\/\/neoqi.com\/de\/wp-json\/wp\/v2\/product_cat?post=2065"},{"taxonomy":"product_tag","embeddable":true,"href":"https:\/\/neoqi.com\/de\/wp-json\/wp\/v2\/product_tag?post=2065"}],"curies":[{"name":"wp","href":"https:\/\/api.w.org\/{rel}","templated":true}]}}