{"id":2075,"date":"2024-09-06T04:27:53","date_gmt":"2024-09-06T01:27:53","guid":{"rendered":"http:\/\/neoqi.com\/?post_type=product&#038;p=2075"},"modified":"2025-08-04T16:17:33","modified_gmt":"2025-08-04T13:17:33","slug":"saltarium","status":"publish","type":"product","link":"https:\/\/neoqi.com\/de\/produkt\/saltarium\/","title":{"rendered":"Saltarium"},"content":{"rendered":"<div id=\"tab-description\" class=\"woocommerce-Tabs-panel woocommerce-Tabs-panel--description panel entry-content wc-tab\" role=\"tabpanel\" aria-labelledby=\"tab-title-description\">\n<p><strong>NeoQi\u00ae.\u00a0<\/strong><strong>Saltarium<\/strong>\u00a0<strong>Vorteile<\/strong><\/p>\n<ul>\n<li>Pr\u00e4vention und Behandlung von Erk\u00e4ltungen, Grippe, bakteriellen Infektionen usw.<\/li>\n<li>Reinigt die Atemwege von Schadstoff- und Tabakrauchpartikeln<\/li>\n<li>Verringerung von Allergien mit Auswirkungen auf Ohren, Nase, Rachen, Nebenh\u00f6hlen (z. B. Heuschnupfen)<\/li>\n<li>Linderung von Atemwegserkrankungen wie Asthma, chronisch obstruktive Lungenerkrankungen, Lungenentz\u00fcndung, Bronchitis, Mukoviszidose; auch HNO-Erkrankungen (Rhinitis, Sinusitis, Pharyngitis, Laryngitis)<\/li>\n<li>Aktiviert die Blutzirkulation f\u00fcr eine bessere Haut (anwendbar bei Akne, Neurodermitis, Schuppenflechte, Cellulite)<\/li>\n<li>Kampf gegen M\u00fcdigkeit, Stress, Depressionen und jede andere psychische St\u00f6rung<\/li>\n<li>Beitrag zur Entw\u00f6hnung von der Sucht<\/li>\n<li>St\u00e4rkung des Immunsystems<\/li>\n<\/ul>\n<p>Die wichtigsten Behandlungen im NeoQi\u00ae Saltarium<\/p>\n<ul>\n<li>Eine der besten M\u00f6glichkeiten, um den Zustand der Psoriasis zu verbessern, da es mehrere physiologische Prozesse im K\u00f6rper aktiviert. Salzpartikel mit einer Gr\u00f6\u00dfe von 1 um bis 5 Mikron sind ein ideales Mittel zur Behandlung von Hautkrankheiten. Sie wirken sich positiv auf die Haare und die Mikrozirkulation des Blutes in der Haut aus, wodurch die Haut gut aussieht und sich besser anf\u00fchlt. Die Salzpartikel t\u00f6ten auch Bakterien und Pilze ab und besitzen entz\u00fcndungshemmende Eigenschaften. Im Verlauf der Kur h\u00f6rt der Juckreiz auf der Haut auf und kleine Risse verschwinden. Die Halotherapie baut auch Stress ab und st\u00e4rkt die Abwehrkr\u00e4fte, so dass der Betroffene nicht so leicht anf\u00e4llig f\u00fcr Krankheiten wird. Die Halotherapie im Salzzimmer in Orlando ist eine medikamentenfreie Behandlung, die Ihnen nicht nur sofortige Linderung verschafft, sondern Sie auch \u00fcber einen l\u00e4ngeren Zeitraum von Hautreizungen befreit. Dar\u00fcber hinaus wirkt eine regelm\u00e4\u00dfige Halotherapie entspannend, verbessert die Schlafqualit\u00e4t und hebt somit die Stimmung.<\/li>\n<li>Musiktherapie. Eine der \u00e4ltesten und nat\u00fcrlichsten Formen der Korrektur von Gef\u00fchlszust\u00e4nden. Rhythmische Komponenten der Musik helfen, die Vitalit\u00e4t zu steigern, tragen zu einem konstanten Energiefluss bei, lindern Schmerzen und nerv\u00f6se Spannungen. Es hei\u00dft, dass Ruhe mit Musik effizienter ist als ohne Musik.<\/li>\n<\/ul>\n<div id=\"tab-description\" class=\"woocommerce-Tabs-panel woocommerce-Tabs-panel--description panel entry-content wc-tab\" role=\"tabpanel\" aria-labelledby=\"tab-title-description\">\n<p><span class=\"sisutekst\"><strong>Merkmale:<\/strong><br \/>\n<\/span><\/p>\n<ul>\n<li>Einstellbare Salzkonzentration<\/li>\n<li>Musikanlage mit Kopfh\u00f6rer (MP3)<\/li>\n<li>Hermetisch verschlie\u00dfbarer Raum f\u00fcr eine Person<\/li>\n<\/ul>\n<p>Aufgrund ihrer geringen Gr\u00f6\u00dfe und einfachen Handhabung passt die Kapsel auf eine kleine Fl\u00e4che und verwandelt den Raum in einen Salztherapie-Raum. Saltarium erfordert keinen Umbau des Raums oder eine Installation. Die Kapsel wird an ein haushalts\u00fcbliches 230V-Stromnetz angeschlossen.<\/p>\n<p>Die Behandlung im Saltarium ist f\u00fcr alle empfehlenswert, die einen zus\u00e4tzlichen Schritt in der Pflege ihres K\u00f6rpers machen wollen. W\u00e4hrend die Menschen dazu neigen, sich auf Behandlungen zu konzentrieren, die auf die \u00c4sthetik abzielen, haben die Behandlungen im Saltarium Ergebnisse auf das \u00c4u\u00dfere, w\u00e4hrend sie eine heilende und gesunde Wirkung auf den menschlichen Organismus von innen haben.<\/p>\n<div class=\"ast-oembed-container\" style=\"height: 100%;\"><iframe title=\"Saltarium - salt capsule by NeoQi\" width=\"500\" height=\"281\" src=\"https:\/\/www.youtube.com\/embed\/WR8b3iMbmOg?feature=oembed\" frameborder=\"0\" allow=\"accelerometer; autoplay; clipboard-write; encrypted-media; gyroscope; picture-in-picture; web-share\" referrerpolicy=\"strict-origin-when-cross-origin\" allowfullscreen><\/iframe><\/div>\n<\/div>\n<\/div>","protected":false},"excerpt":{"rendered":"<p>Saltarium ist eine kompakte Salzkammer f\u00fcr Menschen, die Privatsph\u00e4re und Komfort sch\u00e4tzen. Dank ihrer ergonomischen Form kann man sich bequem im Sitzen darin aufhalten, um die heilenden Eigenschaften der Halotherapie voll zu genie\u00dfen. In der Saltarium-Kapsel wird eine besondere Umgebung geschaffen, die frei von Allergenen ist und zu tiefer Entspannung f\u00fchrt. Die Sitzungen in der Salzkapsel tragen dazu bei, sich nach einem anstrengenden Tag schnell zu erholen, das Immunsystem zu st\u00e4rken und die Haut, die Bronchien und die Lunge zu reinigen.<\/p>\n<p>W\u00e4hrend einer Halotherapie-Sitzung atmet eine Person Luft ein, die mit Salz-Aerosol ges\u00e4ttigt ist. Die Halotherapie behandelt wirksam Atemwegserkrankungen wie Asthma bronchiale, Schnupfen und Hautkrankheiten und wirkt sich positiv auf den allgemeinen psychischen Zustand aus.  Die Sitzungen in der Saltarium-Salzkapsel tragen zur Wiederherstellung der Atemwege von Personen bei, die das Rauchen aufgegeben haben, st\u00e4rken das Immunsystem aller Familienmitglieder und tragen zur Entspannung, zur Beseitigung von Reizbarkeit und zur Verbesserung des Schlafs bei. Ein eingebauter MP3-Player erm\u00f6glicht es, w\u00e4hrend der Behandlung Ihre Lieblingsmusik zu h\u00f6ren. Musikalische Kompositionen k\u00f6nnen heilen, die Gehirnfunktion aktivieren, schmerzlindernd und entspannend wirken.<\/p>","protected":false},"featured_media":2076,"comment_status":"open","ping_status":"closed","template":"","meta":{"_acf_changed":false,"site-sidebar-layout":"default","site-content-layout":"","ast-site-content-layout":"default","site-content-style":"default","site-sidebar-style":"default","ast-global-header-display":"","ast-banner-title-visibility":"","ast-main-header-display":"","ast-hfb-above-header-display":"","ast-hfb-below-header-display":"","ast-hfb-mobile-header-display":"","site-post-title":"","ast-breadcrumbs-content":"","ast-featured-img":"","footer-sml-layout":"","ast-disable-related-posts":"","theme-transparent-header-meta":"default","adv-header-id-meta":"","stick-header-meta":"","header-above-stick-meta":"","header-main-stick-meta":"","header-below-stick-meta":"","astra-migrate-meta-layouts":"set","ast-page-background-enabled":"default","ast-page-background-meta":{"desktop":{"background-color":"var(--ast-global-color-4)","background-image":"","background-repeat":"repeat","background-position":"center center","background-size":"auto","background-attachment":"scroll","background-type":"","background-media":"","overlay-type":"","overlay-color":"","overlay-opacity":"","overlay-gradient":""},"tablet":{"background-color":"","background-image":"","background-repeat":"repeat","background-position":"center center","background-size":"auto","background-attachment":"scroll","background-type":"","background-media":"","overlay-type":"","overlay-color":"","overlay-opacity":"","overlay-gradient":""},"mobile":{"background-color":"","background-image":"","background-repeat":"repeat","background-position":"center center","background-size":"auto","background-attachment":"scroll","background-type":"","background-media":"","overlay-type":"","overlay-color":"","overlay-opacity":"","overlay-gradient":""}},"ast-content-background-meta":{"desktop":{"background-color":"var(--ast-global-color-5)","background-image":"","background-repeat":"repeat","background-position":"center center","background-size":"auto","background-attachment":"scroll","background-type":"","background-media":"","overlay-type":"","overlay-color":"","overlay-opacity":"","overlay-gradient":""},"tablet":{"background-color":"var(--ast-global-color-5)","background-image":"","background-repeat":"repeat","background-position":"center center","background-size":"auto","background-attachment":"scroll","background-type":"","background-media":"","overlay-type":"","overlay-color":"","overlay-opacity":"","overlay-gradient":""},"mobile":{"background-color":"var(--ast-global-color-5)","background-image":"","background-repeat":"repeat","background-position":"center center","background-size":"auto","background-attachment":"scroll","background-type":"","background-media":"","overlay-type":"","overlay-color":"","overlay-opacity":"","overlay-gradient":""}}},"product_brand":[],"product_cat":[81,85],"product_tag":[],"class_list":{"0":"post-2075","1":"product","2":"type-product","3":"status-publish","4":"has-post-thumbnail","6":"product_cat-energy-cocoons","7":"product_cat-medical","8":"desktop-align-left","9":"tablet-align-left","10":"mobile-align-left","12":"first","13":"instock","14":"shipping-taxable","15":"product-type-simple"},"acf":[],"yoast_head":"<!-- This site is optimized with the Yoast SEO plugin v27.3 - https:\/\/yoast.com\/product\/yoast-seo-wordpress\/ -->\n<title>Saltarium - NEOQI<\/title>\n<meta name=\"robots\" content=\"index, follow, max-snippet:-1, max-image-preview:large, max-video-preview:-1\" \/>\n<link rel=\"canonical\" href=\"https:\/\/neoqi.com\/de\/produkt\/saltarium\/\" \/>\n<meta property=\"og:locale\" content=\"de_DE\" \/>\n<meta property=\"og:type\" content=\"article\" \/>\n<meta property=\"og:title\" content=\"Saltarium - NEOQI\" \/>\n<meta property=\"og:description\" content=\"Saltarium is a compact salt chamber designed for people who appreciate privacy and comfort. Its ergonomic shape makes it comfortable to stay inside in a sitting position, to fully enjoy the healing properties of halotherapy. In the Saltarium capsule, a special environment is created, free of allergens and conducive to deep relaxation. Sessions in the salt capsule help to quickly recover after a busy day, boosting the immune system and cleansing the skin, bronchi and lungs.  During a halotherapy session, a person breathes air that is saturated with salt aerosol. Halotherapy effectively treats airway disorders, such as bronchial asthma, rhinitis and skin diseases, has a beneficial effect on the overall psychological state.\u00a0 Sessions in the Saltarium salt capsule help to restore the respiratory system of those who have given up smoking, strengthen the immune system of all family members and help to relax, get rid of irritability and improve sleep. A Built-in MP3 player allows listening to your favorite music during the treatment. Musical compositions are able to heal, activate brain function, have analgesic and relaxing effects.\" \/>\n<meta property=\"og:url\" content=\"https:\/\/neoqi.com\/de\/produkt\/saltarium\/\" \/>\n<meta property=\"og:site_name\" content=\"NEOQI\" \/>\n<meta property=\"article:publisher\" content=\"https:\/\/www.facebook.com\/neoqi\/\" \/>\n<meta property=\"article:modified_time\" content=\"2025-08-04T13:17:33+00:00\" \/>\n<meta property=\"og:image\" content=\"https:\/\/neoqi.com\/wp-content\/uploads\/2024\/09\/saltarium.png\" \/>\n\t<meta property=\"og:image:width\" content=\"1200\" \/>\n\t<meta property=\"og:image:height\" content=\"800\" \/>\n\t<meta property=\"og:image:type\" content=\"image\/png\" \/>\n<meta name=\"twitter:card\" content=\"summary_large_image\" \/>\n<meta name=\"twitter:label1\" content=\"Gesch\u00e4tzte Lesezeit\" \/>\n\t<meta name=\"twitter:data1\" content=\"3\u00a0Minuten\" \/>\n<script type=\"application\/ld+json\" class=\"yoast-schema-graph\">{\"@context\":\"https:\\\/\\\/schema.org\",\"@graph\":[{\"@type\":\"WebPage\",\"@id\":\"https:\\\/\\\/neoqi.com\\\/product\\\/saltarium\\\/\",\"url\":\"https:\\\/\\\/neoqi.com\\\/product\\\/saltarium\\\/\",\"name\":\"Saltarium - NEOQI\",\"isPartOf\":{\"@id\":\"https:\\\/\\\/neoqi.com\\\/#website\"},\"primaryImageOfPage\":{\"@id\":\"https:\\\/\\\/neoqi.com\\\/product\\\/saltarium\\\/#primaryimage\"},\"image\":{\"@id\":\"https:\\\/\\\/neoqi.com\\\/product\\\/saltarium\\\/#primaryimage\"},\"thumbnailUrl\":\"https:\\\/\\\/neoqi.com\\\/wp-content\\\/uploads\\\/2024\\\/09\\\/saltarium.png\",\"datePublished\":\"2024-09-06T01:27:53+00:00\",\"dateModified\":\"2025-08-04T13:17:33+00:00\",\"breadcrumb\":{\"@id\":\"https:\\\/\\\/neoqi.com\\\/product\\\/saltarium\\\/#breadcrumb\"},\"inLanguage\":\"de\",\"potentialAction\":[{\"@type\":\"ReadAction\",\"target\":[\"https:\\\/\\\/neoqi.com\\\/product\\\/saltarium\\\/\"]}]},{\"@type\":\"ImageObject\",\"inLanguage\":\"de\",\"@id\":\"https:\\\/\\\/neoqi.com\\\/product\\\/saltarium\\\/#primaryimage\",\"url\":\"https:\\\/\\\/neoqi.com\\\/wp-content\\\/uploads\\\/2024\\\/09\\\/saltarium.png\",\"contentUrl\":\"https:\\\/\\\/neoqi.com\\\/wp-content\\\/uploads\\\/2024\\\/09\\\/saltarium.png\",\"width\":1200,\"height\":800},{\"@type\":\"BreadcrumbList\",\"@id\":\"https:\\\/\\\/neoqi.com\\\/product\\\/saltarium\\\/#breadcrumb\",\"itemListElement\":[{\"@type\":\"ListItem\",\"position\":1,\"name\":\"Home\",\"item\":\"https:\\\/\\\/neoqi.com\\\/\"},{\"@type\":\"ListItem\",\"position\":2,\"name\":\"Catalog\",\"item\":\"https:\\\/\\\/neoqi.com\\\/it\\\/catalog\\\/\"},{\"@type\":\"ListItem\",\"position\":3,\"name\":\"Saltarium\"}]},{\"@type\":\"WebSite\",\"@id\":\"https:\\\/\\\/neoqi.com\\\/#website\",\"url\":\"https:\\\/\\\/neoqi.com\\\/\",\"name\":\"NEOQI\",\"description\":\"Experience Ultimate Wellness and Relaxation with NeoQi Spa Capsule: Your Path to Rejuvenation\",\"publisher\":{\"@id\":\"https:\\\/\\\/neoqi.com\\\/#organization\"},\"potentialAction\":[{\"@type\":\"SearchAction\",\"target\":{\"@type\":\"EntryPoint\",\"urlTemplate\":\"https:\\\/\\\/neoqi.com\\\/?s={search_term_string}\"},\"query-input\":{\"@type\":\"PropertyValueSpecification\",\"valueRequired\":true,\"valueName\":\"search_term_string\"}}],\"inLanguage\":\"de\"},{\"@type\":\"Organization\",\"@id\":\"https:\\\/\\\/neoqi.com\\\/#organization\",\"name\":\"NEOQI\",\"url\":\"https:\\\/\\\/neoqi.com\\\/\",\"logo\":{\"@type\":\"ImageObject\",\"inLanguage\":\"de\",\"@id\":\"https:\\\/\\\/neoqi.com\\\/#\\\/schema\\\/logo\\\/image\\\/\",\"url\":\"https:\\\/\\\/neoqi.com\\\/wp-content\\\/uploads\\\/2024\\\/09\\\/logoneosvg.svg\",\"contentUrl\":\"https:\\\/\\\/neoqi.com\\\/wp-content\\\/uploads\\\/2024\\\/09\\\/logoneosvg.svg\",\"width\":1,\"height\":1,\"caption\":\"NEOQI\"},\"image\":{\"@id\":\"https:\\\/\\\/neoqi.com\\\/#\\\/schema\\\/logo\\\/image\\\/\"},\"sameAs\":[\"https:\\\/\\\/www.facebook.com\\\/neoqi\\\/\",\"https:\\\/\\\/www.instagram.com\\\/neoqi_com\\\/\"]}]}<\/script>\n<!-- \/ Yoast SEO plugin. -->","yoast_head_json":{"title":"Saltarium - NEOQI","robots":{"index":"index","follow":"follow","max-snippet":"max-snippet:-1","max-image-preview":"max-image-preview:large","max-video-preview":"max-video-preview:-1"},"canonical":"https:\/\/neoqi.com\/de\/produkt\/saltarium\/","og_locale":"de_DE","og_type":"article","og_title":"Saltarium - NEOQI","og_description":"Saltarium is a compact salt chamber designed for people who appreciate privacy and comfort. Its ergonomic shape makes it comfortable to stay inside in a sitting position, to fully enjoy the healing properties of halotherapy. In the Saltarium capsule, a special environment is created, free of allergens and conducive to deep relaxation. Sessions in the salt capsule help to quickly recover after a busy day, boosting the immune system and cleansing the skin, bronchi and lungs.  During a halotherapy session, a person breathes air that is saturated with salt aerosol. Halotherapy effectively treats airway disorders, such as bronchial asthma, rhinitis and skin diseases, has a beneficial effect on the overall psychological state.\u00a0 Sessions in the Saltarium salt capsule help to restore the respiratory system of those who have given up smoking, strengthen the immune system of all family members and help to relax, get rid of irritability and improve sleep. A Built-in MP3 player allows listening to your favorite music during the treatment. Musical compositions are able to heal, activate brain function, have analgesic and relaxing effects.","og_url":"https:\/\/neoqi.com\/de\/produkt\/saltarium\/","og_site_name":"NEOQI","article_publisher":"https:\/\/www.facebook.com\/neoqi\/","article_modified_time":"2025-08-04T13:17:33+00:00","og_image":[{"width":1200,"height":800,"url":"https:\/\/neoqi.com\/wp-content\/uploads\/2024\/09\/saltarium.png","type":"image\/png"}],"twitter_card":"summary_large_image","twitter_misc":{"Gesch\u00e4tzte Lesezeit":"3\u00a0Minuten"},"schema":{"@context":"https:\/\/schema.org","@graph":[{"@type":"WebPage","@id":"https:\/\/neoqi.com\/product\/saltarium\/","url":"https:\/\/neoqi.com\/product\/saltarium\/","name":"Saltarium - NEOQI","isPartOf":{"@id":"https:\/\/neoqi.com\/#website"},"primaryImageOfPage":{"@id":"https:\/\/neoqi.com\/product\/saltarium\/#primaryimage"},"image":{"@id":"https:\/\/neoqi.com\/product\/saltarium\/#primaryimage"},"thumbnailUrl":"https:\/\/neoqi.com\/wp-content\/uploads\/2024\/09\/saltarium.png","datePublished":"2024-09-06T01:27:53+00:00","dateModified":"2025-08-04T13:17:33+00:00","breadcrumb":{"@id":"https:\/\/neoqi.com\/product\/saltarium\/#breadcrumb"},"inLanguage":"de","potentialAction":[{"@type":"ReadAction","target":["https:\/\/neoqi.com\/product\/saltarium\/"]}]},{"@type":"ImageObject","inLanguage":"de","@id":"https:\/\/neoqi.com\/product\/saltarium\/#primaryimage","url":"https:\/\/neoqi.com\/wp-content\/uploads\/2024\/09\/saltarium.png","contentUrl":"https:\/\/neoqi.com\/wp-content\/uploads\/2024\/09\/saltarium.png","width":1200,"height":800},{"@type":"BreadcrumbList","@id":"https:\/\/neoqi.com\/product\/saltarium\/#breadcrumb","itemListElement":[{"@type":"ListItem","position":1,"name":"Home","item":"https:\/\/neoqi.com\/"},{"@type":"ListItem","position":2,"name":"Catalog","item":"https:\/\/neoqi.com\/it\/catalog\/"},{"@type":"ListItem","position":3,"name":"Saltarium"}]},{"@type":"WebSite","@id":"https:\/\/neoqi.com\/#website","url":"https:\/\/neoqi.com\/","name":"NEOQI","description":"Erleben Sie ultimative Wellness und Entspannung mit NeoQi Spa Capsule: Ihr Weg zur Verj\u00fcngung","publisher":{"@id":"https:\/\/neoqi.com\/#organization"},"potentialAction":[{"@type":"SearchAction","target":{"@type":"EntryPoint","urlTemplate":"https:\/\/neoqi.com\/?s={search_term_string}"},"query-input":{"@type":"PropertyValueSpecification","valueRequired":true,"valueName":"search_term_string"}}],"inLanguage":"de"},{"@type":"Organization","@id":"https:\/\/neoqi.com\/#organization","name":"NEOQI","url":"https:\/\/neoqi.com\/","logo":{"@type":"ImageObject","inLanguage":"de","@id":"https:\/\/neoqi.com\/#\/schema\/logo\/image\/","url":"https:\/\/neoqi.com\/wp-content\/uploads\/2024\/09\/logoneosvg.svg","contentUrl":"https:\/\/neoqi.com\/wp-content\/uploads\/2024\/09\/logoneosvg.svg","width":1,"height":1,"caption":"NEOQI"},"image":{"@id":"https:\/\/neoqi.com\/#\/schema\/logo\/image\/"},"sameAs":["https:\/\/www.facebook.com\/neoqi\/","https:\/\/www.instagram.com\/neoqi_com\/"]}]}},"_links":{"self":[{"href":"https:\/\/neoqi.com\/de\/wp-json\/wp\/v2\/product\/2075","targetHints":{"allow":["GET"]}}],"collection":[{"href":"https:\/\/neoqi.com\/de\/wp-json\/wp\/v2\/product"}],"about":[{"href":"https:\/\/neoqi.com\/de\/wp-json\/wp\/v2\/types\/product"}],"replies":[{"embeddable":true,"href":"https:\/\/neoqi.com\/de\/wp-json\/wp\/v2\/comments?post=2075"}],"wp:featuredmedia":[{"embeddable":true,"href":"https:\/\/neoqi.com\/de\/wp-json\/wp\/v2\/media\/2076"}],"wp:attachment":[{"href":"https:\/\/neoqi.com\/de\/wp-json\/wp\/v2\/media?parent=2075"}],"wp:term":[{"taxonomy":"product_brand","embeddable":true,"href":"https:\/\/neoqi.com\/de\/wp-json\/wp\/v2\/product_brand?post=2075"},{"taxonomy":"product_cat","embeddable":true,"href":"https:\/\/neoqi.com\/de\/wp-json\/wp\/v2\/product_cat?post=2075"},{"taxonomy":"product_tag","embeddable":true,"href":"https:\/\/neoqi.com\/de\/wp-json\/wp\/v2\/product_tag?post=2075"}],"curies":[{"name":"wp","href":"https:\/\/api.w.org\/{rel}","templated":true}]}}