{"id":2107,"date":"2024-09-07T01:42:23","date_gmt":"2024-09-06T22:42:23","guid":{"rendered":"http:\/\/neoqi.com\/?post_type=product&#038;p=2107"},"modified":"2025-08-04T16:19:13","modified_gmt":"2025-08-04T13:19:13","slug":"pro","status":"publish","type":"product","link":"https:\/\/neoqi.com\/de\/produkt\/pro\/","title":{"rendered":"Pro"},"content":{"rendered":"<p><strong>Die wichtigsten Behandlungen in NeoQi\u00ae Pro<\/strong><\/p>\n<p><strong>Hydrofusion<\/strong>. Eine effiziente und sehr milde Wirkung der Kombination von Dampf und Infrarotw\u00e4rme auf den menschlichen K\u00f6rper. Haut, Muskeln und Gelenke werden tief erw\u00e4rmt, wodurch die Blutzirkulation und der Lipolyseprozess aktiviert und Giftstoffe und Schlacken aus dem K\u00f6rper entfernt werden. Die Hydrofusionsfunktion erh\u00f6ht die Wirksamkeit der K\u00f6rperpackungen - der zarte Dampffilm verhindert das Austrocknen der kosmetischen Zusammensetzung, w\u00e4hrend die Infrarotw\u00e4rme ein tieferes Eindringen der N\u00e4hrstoffe in die Haut f\u00f6rdert.<\/p>\n<p><strong>Vichy-Dusche\/Handbrause<\/strong>. Die heilende Vichy-Dusche normalisiert die Funktion der inneren Organe, beseitigt Sch\u00f6nheitsfehler und sorgt f\u00fcr v\u00f6llige Entspannung oder einen Schub an Vitalit\u00e4t. Je nach Behandlung k\u00f6nnen Sie die Temperatur, den Druck und die Richtung des Wassers einstellen. Starke Strahlen massieren schnell und effektiv die Problemzonen, w\u00e4hrend sanfte, weiche Tropfen Stress abbauen und Schlaflosigkeit vertreiben. Dank der Handbrause kann der Therapeut alle Kosmetikreste direkt in der SPA-Kapsel abwaschen.  Dies sorgt f\u00fcr maximalen Komfort und Entspannung des Kunden w\u00e4hrend der gesamten Behandlung.<\/p>\n<p><strong>Hydrotherapiesitzung mit Wasser- und Luftblasenmassage<\/strong>. Die Wasserbehandlungen haben sowohl beruhigende als auch erfrischende Eigenschaften. Die schmerzlose Massage wird durch Wasserstrahlen durchgef\u00fchrt und die Entspannung des K\u00f6rpers wird durch streichelnde Luftblasen erreicht, die aus dem Boden der SPA-Kapsel aufsteigen.<\/p>\n<p><strong>Aromatherapie<\/strong>. Die D\u00fcfte der Feld- oder exotischen Blumen, Wiesengr\u00e4ser, Laub- oder Nadelb\u00e4ume helfen bei chronischem M\u00fcdigkeitssyndrom, Schlaflosigkeit, Stress, erh\u00f6htem Appetit und Hautentz\u00fcndungen.<\/p>\n<p><strong>Ganzk\u00f6rperpackung mit der Verwendung von kosmetischen Masken<\/strong>. Eine der effizientesten SPA-Behandlungen, die eine umfassende Hautpflege bietet. In der SPA-Kapsel k\u00f6nnen Sie Behandlungen zur Figurkorrektur, zur Anreicherung der Haut mit Vitaminen und Mineralien sowie Teilpackungen zur Behandlung oder Vorbeugung von Krankheiten durchf\u00fchren.<\/p>\n<p><strong>Vibromassage<\/strong>. Die Vibromassage kann entweder schnell pulsierend oder sanft und wellenf\u00f6rmig sein. W\u00e4hrend der Vibrationssitzung wird der ganze K\u00f6rper gleichzeitig massiert, vom Nacken bis zu den Zehen. Die Behandlung wirkt sich positiv auf das neuro-muskul\u00e4re System aus und hat einen starken Anti-Stress-Effekt. Die Vibromassage ist auch ein wirksames Mittel zur k\u00f6rperlichen Rehabilitation nach Verletzungen, verbessert die K\u00f6rperhaltung und die K\u00f6rperform.<\/p>\n<p><strong>Manuelle Unterwassermassage<\/strong>e. Die Wassermassage f\u00fcllt den K\u00f6rper mit Energie, stellt die Elastizit\u00e4t der Haut wieder her und ist wirksam bei der Vorbeugung vieler Krankheiten.<\/p>\n<p><strong>Kombinierte komplexe Programme<\/strong>. Die SPA-Kapsel Harmony Pro er\u00f6ffnet Fachleuten grenzenlose M\u00f6glichkeiten bei der Behandlung und Vorbeugung von Krankheiten, der Entspannung, der Bek\u00e4mpfung von Fettleibigkeit und \u00e4sthetischen Problemen.<\/p>\n<p><strong>Zusammenfassung:<\/strong><\/p>\n<div id=\"tab-description\" class=\"woocommerce-Tabs-panel woocommerce-Tabs-panel--description panel entry-content wc-tab\" role=\"tabpanel\" aria-labelledby=\"tab-title-description\">Infrarot-Sauna<br \/>\nDampfsauna<br \/>\nAroma-Therapie<br \/>\nVichy-Dusche<br \/>\nVibrierende Behandlungsliege<br \/>\nFarblichtsystem<br \/>\nHydromassage<br \/>\nLuftblasenmassage<br \/>\nHandgehaltener Strahl<br \/>\nMusikanlage (MP3)<br \/>\nFrontl\u00fcfter<br \/>\nHandbrause<br \/>\n6 Seitend\u00fcsen<br \/>\n8 R\u00fcckenmassaged\u00fcsen<br \/>\n4 D\u00fcsen f\u00fcr die F\u00fc\u00dfe<br \/>\n10 Bodenluftd\u00fcsen<br \/>\nHandd\u00fcse f\u00fcr Wassermassage<\/div>\n<div role=\"tabpanel\" aria-labelledby=\"tab-title-description\"><\/div>\n<div class=\"ast-oembed-container\" style=\"height: 100%;\"><iframe title=\"NeoQi Pro spa capsule key features\" width=\"500\" height=\"281\" src=\"https:\/\/www.youtube.com\/embed\/q9PWL0qAs-A?feature=oembed\" frameborder=\"0\" allow=\"accelerometer; autoplay; clipboard-write; encrypted-media; gyroscope; picture-in-picture; web-share\" referrerpolicy=\"strict-origin-when-cross-origin\" allowfullscreen><\/iframe><\/div>\n<p>&nbsp;<\/p>","protected":false},"excerpt":{"rendered":"<p>Harmony Pro ist eine SPA-Kapsel der neuen Generation, die eine breite Palette von Behandlungen f\u00fcr die Kr\u00e4ftigung des K\u00f6rpers und die L\u00f6sung zahlreicher \u00e4sthetischer Probleme bietet. Dank Harmony Pro k\u00f6nnen individuell zugeschnittene Komplettprogramme in nur einer Kabine durchgef\u00fchrt werden.<\/p>\n<p>Die SPA-Kapsel hat eine wohltuende Wirkung auf den gesamten K\u00f6rper. Das stilvolle und moderne Geh\u00e4use von Harmony Pro enth\u00e4lt das gesamte Wissen \u00fcber die heilenden Eigenschaften von Wasser, Licht und W\u00e4rme. Die Benutzer haben Zugang zu Behandlungen der Hydrofusion und -therapie sowie die M\u00f6glichkeit, den emotionalen Zustand einer Person mit Hilfe von Farbe, Licht, Musik und einer Vielzahl von Aromen zu beeinflussen.<\/p>\n<p>Harmony Pro vereint die neuesten Errungenschaften der Medizin und Kosmetologie. Dieser Physiotherapiekomplex wurde speziell f\u00fcr die Bed\u00fcrfnisse von Wellness-, Fitness- und Rehabilitationszentren entwickelt.<\/p>","protected":false},"featured_media":3181,"comment_status":"open","ping_status":"closed","template":"","meta":{"_acf_changed":false,"site-sidebar-layout":"default","site-content-layout":"","ast-site-content-layout":"default","site-content-style":"default","site-sidebar-style":"default","ast-global-header-display":"","ast-banner-title-visibility":"","ast-main-header-display":"","ast-hfb-above-header-display":"","ast-hfb-below-header-display":"","ast-hfb-mobile-header-display":"","site-post-title":"","ast-breadcrumbs-content":"","ast-featured-img":"","footer-sml-layout":"","ast-disable-related-posts":"","theme-transparent-header-meta":"default","adv-header-id-meta":"","stick-header-meta":"","header-above-stick-meta":"","header-main-stick-meta":"","header-below-stick-meta":"","astra-migrate-meta-layouts":"set","ast-page-background-enabled":"default","ast-page-background-meta":{"desktop":{"background-color":"var(--ast-global-color-4)","background-image":"","background-repeat":"repeat","background-position":"center center","background-size":"auto","background-attachment":"scroll","background-type":"","background-media":"","overlay-type":"","overlay-color":"","overlay-opacity":"","overlay-gradient":""},"tablet":{"background-color":"","background-image":"","background-repeat":"repeat","background-position":"center center","background-size":"auto","background-attachment":"scroll","background-type":"","background-media":"","overlay-type":"","overlay-color":"","overlay-opacity":"","overlay-gradient":""},"mobile":{"background-color":"","background-image":"","background-repeat":"repeat","background-position":"center center","background-size":"auto","background-attachment":"scroll","background-type":"","background-media":"","overlay-type":"","overlay-color":"","overlay-opacity":"","overlay-gradient":""}},"ast-content-background-meta":{"desktop":{"background-color":"var(--ast-global-color-5)","background-image":"","background-repeat":"repeat","background-position":"center center","background-size":"auto","background-attachment":"scroll","background-type":"","background-media":"","overlay-type":"","overlay-color":"","overlay-opacity":"","overlay-gradient":""},"tablet":{"background-color":"var(--ast-global-color-5)","background-image":"","background-repeat":"repeat","background-position":"center center","background-size":"auto","background-attachment":"scroll","background-type":"","background-media":"","overlay-type":"","overlay-color":"","overlay-opacity":"","overlay-gradient":""},"mobile":{"background-color":"var(--ast-global-color-5)","background-image":"","background-repeat":"repeat","background-position":"center center","background-size":"auto","background-attachment":"scroll","background-type":"","background-media":"","overlay-type":"","overlay-color":"","overlay-opacity":"","overlay-gradient":""}}},"product_brand":[],"product_cat":[81,82],"product_tag":[],"class_list":{"0":"post-2107","1":"product","2":"type-product","3":"status-publish","4":"has-post-thumbnail","6":"product_cat-energy-cocoons","7":"product_cat-esthetical","8":"desktop-align-left","9":"tablet-align-left","10":"mobile-align-left","12":"first","13":"instock","14":"shipping-taxable","15":"product-type-simple"},"acf":[],"yoast_head":"<!-- This site is optimized with the Yoast SEO plugin v27.4 - https:\/\/yoast.com\/product\/yoast-seo-wordpress\/ -->\n<title>Pro - NEOQI<\/title>\n<meta name=\"robots\" content=\"index, follow, max-snippet:-1, max-image-preview:large, max-video-preview:-1\" \/>\n<link rel=\"canonical\" href=\"https:\/\/neoqi.com\/de\/produkt\/pro\/\" \/>\n<meta property=\"og:locale\" content=\"de_DE\" \/>\n<meta property=\"og:type\" content=\"article\" \/>\n<meta property=\"og:title\" content=\"Pro - NEOQI\" \/>\n<meta property=\"og:description\" content=\"Harmony Pro is a SPA-capsule of a new generation, providing a wide range of treatments necessary for the invigoration of the body and solving number of aesthetic problems. Thanks to Harmony Pro, individually tailored complete programs may be carried out within just one cabinet.  SPA capsule has a beneficial effect on the body as a whole. The stylish and modern case of Harmony Pro contains all the knowledge about the healing properties of water, light and heat. Users have and access to treatments of hydro fusion and \u2013therapy, as well as the opportunity to affect the emotional state of a person by means of color, light, music and a variety of flavors.  Harmony Pro combines the latest achievements in medicine and cosmetology. This physiotherapy complex has been specifically designed for the needs of the spa, fitness and rehabilitation centers.\" \/>\n<meta property=\"og:url\" content=\"https:\/\/neoqi.com\/de\/produkt\/pro\/\" \/>\n<meta property=\"og:site_name\" content=\"NEOQI\" \/>\n<meta property=\"article:publisher\" content=\"https:\/\/www.facebook.com\/neoqi\/\" \/>\n<meta property=\"article:modified_time\" content=\"2025-08-04T13:19:13+00:00\" \/>\n<meta property=\"og:image\" content=\"https:\/\/neoqi.com\/wp-content\/uploads\/2024\/09\/wellness_neoqi_Pro_2.jpg\" \/>\n\t<meta property=\"og:image:width\" content=\"750\" \/>\n\t<meta property=\"og:image:height\" content=\"500\" \/>\n\t<meta property=\"og:image:type\" content=\"image\/jpeg\" \/>\n<meta name=\"twitter:card\" content=\"summary_large_image\" \/>\n<meta name=\"twitter:label1\" content=\"Gesch\u00e4tzte Lesezeit\" \/>\n\t<meta name=\"twitter:data1\" content=\"3\u00a0Minuten\" \/>\n<script type=\"application\/ld+json\" class=\"yoast-schema-graph\">{\"@context\":\"https:\\\/\\\/schema.org\",\"@graph\":[{\"@type\":\"WebPage\",\"@id\":\"https:\\\/\\\/neoqi.com\\\/product\\\/pro\\\/\",\"url\":\"https:\\\/\\\/neoqi.com\\\/product\\\/pro\\\/\",\"name\":\"Pro - NEOQI\",\"isPartOf\":{\"@id\":\"https:\\\/\\\/neoqi.com\\\/#website\"},\"primaryImageOfPage\":{\"@id\":\"https:\\\/\\\/neoqi.com\\\/product\\\/pro\\\/#primaryimage\"},\"image\":{\"@id\":\"https:\\\/\\\/neoqi.com\\\/product\\\/pro\\\/#primaryimage\"},\"thumbnailUrl\":\"https:\\\/\\\/neoqi.com\\\/wp-content\\\/uploads\\\/2024\\\/09\\\/wellness_neoqi_Pro_2.jpg\",\"datePublished\":\"2024-09-06T22:42:23+00:00\",\"dateModified\":\"2025-08-04T13:19:13+00:00\",\"breadcrumb\":{\"@id\":\"https:\\\/\\\/neoqi.com\\\/product\\\/pro\\\/#breadcrumb\"},\"inLanguage\":\"de\",\"potentialAction\":[{\"@type\":\"ReadAction\",\"target\":[\"https:\\\/\\\/neoqi.com\\\/product\\\/pro\\\/\"]}]},{\"@type\":\"ImageObject\",\"inLanguage\":\"de\",\"@id\":\"https:\\\/\\\/neoqi.com\\\/product\\\/pro\\\/#primaryimage\",\"url\":\"https:\\\/\\\/neoqi.com\\\/wp-content\\\/uploads\\\/2024\\\/09\\\/wellness_neoqi_Pro_2.jpg\",\"contentUrl\":\"https:\\\/\\\/neoqi.com\\\/wp-content\\\/uploads\\\/2024\\\/09\\\/wellness_neoqi_Pro_2.jpg\",\"width\":750,\"height\":500},{\"@type\":\"BreadcrumbList\",\"@id\":\"https:\\\/\\\/neoqi.com\\\/product\\\/pro\\\/#breadcrumb\",\"itemListElement\":[{\"@type\":\"ListItem\",\"position\":1,\"name\":\"Home\",\"item\":\"https:\\\/\\\/neoqi.com\\\/\"},{\"@type\":\"ListItem\",\"position\":2,\"name\":\"Catalog\",\"item\":\"https:\\\/\\\/neoqi.com\\\/it\\\/catalog\\\/\"},{\"@type\":\"ListItem\",\"position\":3,\"name\":\"Pro\"}]},{\"@type\":\"WebSite\",\"@id\":\"https:\\\/\\\/neoqi.com\\\/#website\",\"url\":\"https:\\\/\\\/neoqi.com\\\/\",\"name\":\"NEOQI\",\"description\":\"Experience Ultimate Wellness and Relaxation with NeoQi Spa Capsule: Your Path to Rejuvenation\",\"publisher\":{\"@id\":\"https:\\\/\\\/neoqi.com\\\/#organization\"},\"potentialAction\":[{\"@type\":\"SearchAction\",\"target\":{\"@type\":\"EntryPoint\",\"urlTemplate\":\"https:\\\/\\\/neoqi.com\\\/?s={search_term_string}\"},\"query-input\":{\"@type\":\"PropertyValueSpecification\",\"valueRequired\":true,\"valueName\":\"search_term_string\"}}],\"inLanguage\":\"de\"},{\"@type\":\"Organization\",\"@id\":\"https:\\\/\\\/neoqi.com\\\/#organization\",\"name\":\"NEOQI\",\"url\":\"https:\\\/\\\/neoqi.com\\\/\",\"logo\":{\"@type\":\"ImageObject\",\"inLanguage\":\"de\",\"@id\":\"https:\\\/\\\/neoqi.com\\\/#\\\/schema\\\/logo\\\/image\\\/\",\"url\":\"https:\\\/\\\/neoqi.com\\\/wp-content\\\/uploads\\\/2024\\\/09\\\/logoneosvg.svg\",\"contentUrl\":\"https:\\\/\\\/neoqi.com\\\/wp-content\\\/uploads\\\/2024\\\/09\\\/logoneosvg.svg\",\"width\":1,\"height\":1,\"caption\":\"NEOQI\"},\"image\":{\"@id\":\"https:\\\/\\\/neoqi.com\\\/#\\\/schema\\\/logo\\\/image\\\/\"},\"sameAs\":[\"https:\\\/\\\/www.facebook.com\\\/neoqi\\\/\",\"https:\\\/\\\/www.instagram.com\\\/neoqi_com\\\/\"]}]}<\/script>\n<!-- \/ Yoast SEO plugin. -->","yoast_head_json":{"title":"Pro - NEOQI","robots":{"index":"index","follow":"follow","max-snippet":"max-snippet:-1","max-image-preview":"max-image-preview:large","max-video-preview":"max-video-preview:-1"},"canonical":"https:\/\/neoqi.com\/de\/produkt\/pro\/","og_locale":"de_DE","og_type":"article","og_title":"Pro - NEOQI","og_description":"Harmony Pro is a SPA-capsule of a new generation, providing a wide range of treatments necessary for the invigoration of the body and solving number of aesthetic problems. Thanks to Harmony Pro, individually tailored complete programs may be carried out within just one cabinet.  SPA capsule has a beneficial effect on the body as a whole. The stylish and modern case of Harmony Pro contains all the knowledge about the healing properties of water, light and heat. Users have and access to treatments of hydro fusion and \u2013therapy, as well as the opportunity to affect the emotional state of a person by means of color, light, music and a variety of flavors.  Harmony Pro combines the latest achievements in medicine and cosmetology. This physiotherapy complex has been specifically designed for the needs of the spa, fitness and rehabilitation centers.","og_url":"https:\/\/neoqi.com\/de\/produkt\/pro\/","og_site_name":"NEOQI","article_publisher":"https:\/\/www.facebook.com\/neoqi\/","article_modified_time":"2025-08-04T13:19:13+00:00","og_image":[{"width":750,"height":500,"url":"https:\/\/neoqi.com\/wp-content\/uploads\/2024\/09\/wellness_neoqi_Pro_2.jpg","type":"image\/jpeg"}],"twitter_card":"summary_large_image","twitter_misc":{"Gesch\u00e4tzte Lesezeit":"3\u00a0Minuten"},"schema":{"@context":"https:\/\/schema.org","@graph":[{"@type":"WebPage","@id":"https:\/\/neoqi.com\/product\/pro\/","url":"https:\/\/neoqi.com\/product\/pro\/","name":"Pro - NEOQI","isPartOf":{"@id":"https:\/\/neoqi.com\/#website"},"primaryImageOfPage":{"@id":"https:\/\/neoqi.com\/product\/pro\/#primaryimage"},"image":{"@id":"https:\/\/neoqi.com\/product\/pro\/#primaryimage"},"thumbnailUrl":"https:\/\/neoqi.com\/wp-content\/uploads\/2024\/09\/wellness_neoqi_Pro_2.jpg","datePublished":"2024-09-06T22:42:23+00:00","dateModified":"2025-08-04T13:19:13+00:00","breadcrumb":{"@id":"https:\/\/neoqi.com\/product\/pro\/#breadcrumb"},"inLanguage":"de","potentialAction":[{"@type":"ReadAction","target":["https:\/\/neoqi.com\/product\/pro\/"]}]},{"@type":"ImageObject","inLanguage":"de","@id":"https:\/\/neoqi.com\/product\/pro\/#primaryimage","url":"https:\/\/neoqi.com\/wp-content\/uploads\/2024\/09\/wellness_neoqi_Pro_2.jpg","contentUrl":"https:\/\/neoqi.com\/wp-content\/uploads\/2024\/09\/wellness_neoqi_Pro_2.jpg","width":750,"height":500},{"@type":"BreadcrumbList","@id":"https:\/\/neoqi.com\/product\/pro\/#breadcrumb","itemListElement":[{"@type":"ListItem","position":1,"name":"Home","item":"https:\/\/neoqi.com\/"},{"@type":"ListItem","position":2,"name":"Catalog","item":"https:\/\/neoqi.com\/it\/catalog\/"},{"@type":"ListItem","position":3,"name":"Pro"}]},{"@type":"WebSite","@id":"https:\/\/neoqi.com\/#website","url":"https:\/\/neoqi.com\/","name":"NEOQI","description":"Erleben Sie ultimative Wellness und Entspannung mit NeoQi Spa Capsule: Ihr Weg zur Verj\u00fcngung","publisher":{"@id":"https:\/\/neoqi.com\/#organization"},"potentialAction":[{"@type":"SearchAction","target":{"@type":"EntryPoint","urlTemplate":"https:\/\/neoqi.com\/?s={search_term_string}"},"query-input":{"@type":"PropertyValueSpecification","valueRequired":true,"valueName":"search_term_string"}}],"inLanguage":"de"},{"@type":"Organization","@id":"https:\/\/neoqi.com\/#organization","name":"NEOQI","url":"https:\/\/neoqi.com\/","logo":{"@type":"ImageObject","inLanguage":"de","@id":"https:\/\/neoqi.com\/#\/schema\/logo\/image\/","url":"https:\/\/neoqi.com\/wp-content\/uploads\/2024\/09\/logoneosvg.svg","contentUrl":"https:\/\/neoqi.com\/wp-content\/uploads\/2024\/09\/logoneosvg.svg","width":1,"height":1,"caption":"NEOQI"},"image":{"@id":"https:\/\/neoqi.com\/#\/schema\/logo\/image\/"},"sameAs":["https:\/\/www.facebook.com\/neoqi\/","https:\/\/www.instagram.com\/neoqi_com\/"]}]}},"_links":{"self":[{"href":"https:\/\/neoqi.com\/de\/wp-json\/wp\/v2\/product\/2107","targetHints":{"allow":["GET"]}}],"collection":[{"href":"https:\/\/neoqi.com\/de\/wp-json\/wp\/v2\/product"}],"about":[{"href":"https:\/\/neoqi.com\/de\/wp-json\/wp\/v2\/types\/product"}],"replies":[{"embeddable":true,"href":"https:\/\/neoqi.com\/de\/wp-json\/wp\/v2\/comments?post=2107"}],"wp:featuredmedia":[{"embeddable":true,"href":"https:\/\/neoqi.com\/de\/wp-json\/wp\/v2\/media\/3181"}],"wp:attachment":[{"href":"https:\/\/neoqi.com\/de\/wp-json\/wp\/v2\/media?parent=2107"}],"wp:term":[{"taxonomy":"product_brand","embeddable":true,"href":"https:\/\/neoqi.com\/de\/wp-json\/wp\/v2\/product_brand?post=2107"},{"taxonomy":"product_cat","embeddable":true,"href":"https:\/\/neoqi.com\/de\/wp-json\/wp\/v2\/product_cat?post=2107"},{"taxonomy":"product_tag","embeddable":true,"href":"https:\/\/neoqi.com\/de\/wp-json\/wp\/v2\/product_tag?post=2107"}],"curies":[{"name":"wp","href":"https:\/\/api.w.org\/{rel}","templated":true}]}}