{"id":2132,"date":"2024-09-07T04:53:06","date_gmt":"2024-09-07T01:53:06","guid":{"rendered":"http:\/\/neoqi.com\/?post_type=product&#038;p=2132"},"modified":"2024-12-03T18:38:14","modified_gmt":"2024-12-03T15:38:14","slug":"dream","status":"publish","type":"product","link":"https:\/\/neoqi.com\/de\/produkt\/dream\/","title":{"rendered":"Dream"},"content":{"rendered":"<p><strong>Die wichtigsten Behandlungen in NeoQi\u00ae Dream<\/strong><\/p>\n<p><strong>W\u00e4rmebehandlung (Dampf- und\/oder Infrarotsauna).<\/strong> Die feuchte W\u00e4rme gl\u00e4ttet Falten und verj\u00fcngt die Haut, w\u00e4hrend die Infrarotsauna eine tiefere Erw\u00e4rmung des K\u00f6rpers bewirkt, den Stoffwechsel beschleunigt, die Blutzirkulation f\u00f6rdert und Muskelschmerzen lindert. Durch die gleichzeitige Anwendung dieser Thermotherapie-Methoden entsteht im Inneren der Kapsel eine einzigartige Umgebung, vergleichbar mit der im Mutterleib - der Kunde wird mit einem Gef\u00fchl von Wohlbefinden, Gl\u00fcck und geistiger Harmonie erf\u00fcllt.<\/p>\n<p><strong>Vichy-Dusche\/Handbrause f\u00fcr den K\u00f6rper.<\/strong> Die Vichy-Dusche ist f\u00fcr die allgemeine Massage und den Stressabbau notwendig. Die warmen Wasserstrahlen sorgen f\u00fcr eine angenehme und schmerzfreie Massage, die das Erscheinungsbild von Cellulite reduziert, Muskelverspannungen l\u00f6st, den K\u00f6rper nach Verletzungen und Stress st\u00e4rkt und wiederherstellt. Die wohltuenden Eigenschaften der Vichy-Dusche werden noch deutlicher, wenn sie mit anderen SPA-Behandlungen kombiniert werden: Packungen, Peelings und Massagen.<\/p>\n<p><strong>Exfoliation des K\u00f6rpers<\/strong> - ein notwendiger Schritt bei allen K\u00f6rperpflegebehandlungen, insbesondere bei K\u00f6rperkonturierungs- und Cellulite-Reduktionsprogrammen. Das Peeling sorgt f\u00fcr eine Tiefenreinigung und Verj\u00fcngung, f\u00f6rdert die Lipolyse und verbessert die Elastizit\u00e4t der Haut.<\/p>\n<p><strong>K\u00f6rperpackungen mit der Verwendung verschiedener Kosmetika.<\/strong> Schon wenige j\u00e4hrliche Anwendungen von K\u00f6rperpackungen helfen, die Neubildung von Cellulite zu verhindern und die Haut geschmeidig, strahlend und gesund zu halten. Wraps sind auch ein wirksames Mittel im Kampf gegen \u00dcbergewicht, helfen bei der Wiederherstellung der Form nach der Schwangerschaft und reduzieren Schwellungen. Dank der Funktion der Vichy-Dusche k\u00f6nnen alle Masken direkt in der SPA-Kapsel abgewaschen werden.<\/p>\n<p><strong>\u00d6lmassage.<\/strong> Die Massage f\u00f6rdert die Entspannung und den Abbau von k\u00f6rperlichem und geistigem Stress. Verschiedene Massagen helfen, Problemzonen zu korrigieren, Muskeln, Cellulite und Schmerzen zu beseitigen und den Blut- und Lymphkreislauf zu aktivieren. Nach einer Massagesitzung erf\u00e4hrt der Kunde die ultimative Entspannung und Seelenfrieden, wodurch ein gesunder Schlaf und die Befreiung von st\u00f6renden Gedanken gew\u00e4hrleistet wird.<\/p>\n<p><strong>Gesichtsbehandlung w\u00e4hrend der K\u00f6rperpflege.<\/strong> W\u00e4hrend der K\u00f6rper des Kunden unter der wohltuenden Wirkung der SPA-Kapsel steht, kann der Therapeut verschiedene Anwendungen zur Gesichtspflege durchf\u00fchren. Peeling, Massage, Maske - eine Ganzk\u00f6rper- und Gesichtspflege.<\/p>\n<p><strong>Zusammenfassung<\/strong><\/p>\n<p>Infrarot-Sauna<br \/>\nDampfsauna<br \/>\nAroma-Therapie<br \/>\nVichy-Dusche<br \/>\nVibrierende Behandlungsliege<br \/>\nFarblichtsystem<br \/>\nMusikanlage (MP3)<br \/>\nFrontl\u00fcfter<br \/>\nHandbrause<\/p>","protected":false},"excerpt":{"rendered":"<p>Die SPA-Kapsel Dream ist ein sorgf\u00e4ltig konzipiertes Ger\u00e4t, das f\u00fcr die Durchf\u00fchrung klassischer SPA-Rituale erforderlich ist. Dream verf\u00fcgt \u00fcber die beliebtesten und effektivsten Funktionen zur Korrektur der K\u00f6rperform, zur Verbesserung der Blutzirkulation, zur Reduzierung von Cellulite, zum Stressabbau und zur Verj\u00fcngung. Kombiniert mit fortschrittlichen Rehabilitationstechnologien werden die oben genannten Optionen durch eine heilende Wirkung erg\u00e4nzt, die sich positiv auf die allgemeine Gesundheit auswirkt.<\/p>\n<p>Der Dream-Energiekokon bietet eine einzigartige Gelegenheit, sich von der t\u00e4glichen Hektik zu erholen, zu entspannen und alle Probleme zu vergessen. Nach der Behandlung erlebt der Kunde einen Energieschub, eine bessere Stimmung und einen erholsamen Schlaf.<\/p>\n<p>Dream Cocoon wurde speziell f\u00fcr K\u00f6rperpflegebehandlungen in Sch\u00f6nheitssalons und Day Spas mit begrenztem Platzangebot entwickelt.<\/p>","protected":false},"featured_media":2133,"comment_status":"open","ping_status":"closed","template":"","meta":{"_acf_changed":false,"site-sidebar-layout":"default","site-content-layout":"","ast-site-content-layout":"default","site-content-style":"default","site-sidebar-style":"default","ast-global-header-display":"","ast-banner-title-visibility":"","ast-main-header-display":"","ast-hfb-above-header-display":"","ast-hfb-below-header-display":"","ast-hfb-mobile-header-display":"","site-post-title":"","ast-breadcrumbs-content":"","ast-featured-img":"","footer-sml-layout":"","ast-disable-related-posts":"","theme-transparent-header-meta":"default","adv-header-id-meta":"","stick-header-meta":"","header-above-stick-meta":"","header-main-stick-meta":"","header-below-stick-meta":"","astra-migrate-meta-layouts":"set","ast-page-background-enabled":"default","ast-page-background-meta":{"desktop":{"background-color":"var(--ast-global-color-4)","background-image":"","background-repeat":"repeat","background-position":"center center","background-size":"auto","background-attachment":"scroll","background-type":"","background-media":"","overlay-type":"","overlay-color":"","overlay-opacity":"","overlay-gradient":""},"tablet":{"background-color":"","background-image":"","background-repeat":"repeat","background-position":"center center","background-size":"auto","background-attachment":"scroll","background-type":"","background-media":"","overlay-type":"","overlay-color":"","overlay-opacity":"","overlay-gradient":""},"mobile":{"background-color":"","background-image":"","background-repeat":"repeat","background-position":"center center","background-size":"auto","background-attachment":"scroll","background-type":"","background-media":"","overlay-type":"","overlay-color":"","overlay-opacity":"","overlay-gradient":""}},"ast-content-background-meta":{"desktop":{"background-color":"var(--ast-global-color-5)","background-image":"","background-repeat":"repeat","background-position":"center center","background-size":"auto","background-attachment":"scroll","background-type":"","background-media":"","overlay-type":"","overlay-color":"","overlay-opacity":"","overlay-gradient":""},"tablet":{"background-color":"var(--ast-global-color-5)","background-image":"","background-repeat":"repeat","background-position":"center center","background-size":"auto","background-attachment":"scroll","background-type":"","background-media":"","overlay-type":"","overlay-color":"","overlay-opacity":"","overlay-gradient":""},"mobile":{"background-color":"var(--ast-global-color-5)","background-image":"","background-repeat":"repeat","background-position":"center center","background-size":"auto","background-attachment":"scroll","background-type":"","background-media":"","overlay-type":"","overlay-color":"","overlay-opacity":"","overlay-gradient":""}}},"product_brand":[],"product_cat":[81,82],"product_tag":[],"class_list":{"0":"post-2132","1":"product","2":"type-product","3":"status-publish","4":"has-post-thumbnail","6":"product_cat-energy-cocoons","7":"product_cat-esthetical","8":"desktop-align-left","9":"tablet-align-left","10":"mobile-align-left","12":"first","13":"instock","14":"shipping-taxable","15":"product-type-simple"},"acf":[],"yoast_head":"<!-- This site is optimized with the Yoast SEO plugin v27.4 - https:\/\/yoast.com\/product\/yoast-seo-wordpress\/ -->\n<title>Dream - NEOQI<\/title>\n<meta name=\"robots\" content=\"index, follow, max-snippet:-1, max-image-preview:large, max-video-preview:-1\" \/>\n<link rel=\"canonical\" href=\"https:\/\/neoqi.com\/de\/prodotto\/dream\/\" \/>\n<meta property=\"og:locale\" content=\"de_DE\" \/>\n<meta property=\"og:type\" content=\"article\" \/>\n<meta property=\"og:title\" content=\"Dream - NEOQI\" \/>\n<meta property=\"og:description\" content=\"The SPA-capsule Dream is a carefully designed device, necessary for carrying out classical SPA rituals. Dream features the most popular and effective functions for body shape correction, improving blood circulation, cellulite reduction, stress relief and rejuvenation. Combined with advanced rehabilitation technologies, the above-mentioned options are supplemented with a healing effect, has beneficial impact on overall health.  The Dream energy cocoon provides a unique opportunity to get away from daily bustle, relax and forget about all the problems. After the treatment, the customer experience a burst of energy, better mood and sleep recovery.  Dream cocoon was specifically developed for body care treatments in beauty salons and day spas with limited room.\" \/>\n<meta property=\"og:url\" content=\"https:\/\/neoqi.com\/de\/prodotto\/dream\/\" \/>\n<meta property=\"og:site_name\" content=\"NEOQI\" \/>\n<meta property=\"article:publisher\" content=\"https:\/\/www.facebook.com\/neoqi\/\" \/>\n<meta property=\"article:modified_time\" content=\"2024-12-03T15:38:14+00:00\" \/>\n<meta property=\"og:image\" content=\"https:\/\/neoqi.com\/wp-content\/uploads\/2024\/09\/dream.png\" \/>\n\t<meta property=\"og:image:width\" content=\"1200\" \/>\n\t<meta property=\"og:image:height\" content=\"800\" \/>\n\t<meta property=\"og:image:type\" content=\"image\/png\" \/>\n<meta name=\"twitter:card\" content=\"summary_large_image\" \/>\n<meta name=\"twitter:label1\" content=\"Gesch\u00e4tzte Lesezeit\" \/>\n\t<meta name=\"twitter:data1\" content=\"2\u00a0Minuten\" \/>\n<script type=\"application\/ld+json\" class=\"yoast-schema-graph\">{\"@context\":\"https:\\\/\\\/schema.org\",\"@graph\":[{\"@type\":\"WebPage\",\"@id\":\"https:\\\/\\\/neoqi.com\\\/it\\\/prodotto\\\/dream\\\/\",\"url\":\"https:\\\/\\\/neoqi.com\\\/it\\\/prodotto\\\/dream\\\/\",\"name\":\"Dream - NEOQI\",\"isPartOf\":{\"@id\":\"https:\\\/\\\/neoqi.com\\\/#website\"},\"primaryImageOfPage\":{\"@id\":\"https:\\\/\\\/neoqi.com\\\/it\\\/prodotto\\\/dream\\\/#primaryimage\"},\"image\":{\"@id\":\"https:\\\/\\\/neoqi.com\\\/it\\\/prodotto\\\/dream\\\/#primaryimage\"},\"thumbnailUrl\":\"https:\\\/\\\/neoqi.com\\\/wp-content\\\/uploads\\\/2024\\\/09\\\/dream.png\",\"datePublished\":\"2024-09-07T01:53:06+00:00\",\"dateModified\":\"2024-12-03T15:38:14+00:00\",\"breadcrumb\":{\"@id\":\"https:\\\/\\\/neoqi.com\\\/it\\\/prodotto\\\/dream\\\/#breadcrumb\"},\"inLanguage\":\"de\",\"potentialAction\":[{\"@type\":\"ReadAction\",\"target\":[\"https:\\\/\\\/neoqi.com\\\/it\\\/prodotto\\\/dream\\\/\"]}]},{\"@type\":\"ImageObject\",\"inLanguage\":\"de\",\"@id\":\"https:\\\/\\\/neoqi.com\\\/it\\\/prodotto\\\/dream\\\/#primaryimage\",\"url\":\"https:\\\/\\\/neoqi.com\\\/wp-content\\\/uploads\\\/2024\\\/09\\\/dream.png\",\"contentUrl\":\"https:\\\/\\\/neoqi.com\\\/wp-content\\\/uploads\\\/2024\\\/09\\\/dream.png\",\"width\":1200,\"height\":800},{\"@type\":\"BreadcrumbList\",\"@id\":\"https:\\\/\\\/neoqi.com\\\/it\\\/prodotto\\\/dream\\\/#breadcrumb\",\"itemListElement\":[{\"@type\":\"ListItem\",\"position\":1,\"name\":\"Home\",\"item\":\"https:\\\/\\\/neoqi.com\\\/\"},{\"@type\":\"ListItem\",\"position\":2,\"name\":\"Catalog\",\"item\":\"https:\\\/\\\/neoqi.com\\\/it\\\/catalog\\\/\"},{\"@type\":\"ListItem\",\"position\":3,\"name\":\"Dream\"}]},{\"@type\":\"WebSite\",\"@id\":\"https:\\\/\\\/neoqi.com\\\/#website\",\"url\":\"https:\\\/\\\/neoqi.com\\\/\",\"name\":\"NEOQI\",\"description\":\"Experience Ultimate Wellness and Relaxation with NeoQi Spa Capsule: Your Path to Rejuvenation\",\"publisher\":{\"@id\":\"https:\\\/\\\/neoqi.com\\\/#organization\"},\"potentialAction\":[{\"@type\":\"SearchAction\",\"target\":{\"@type\":\"EntryPoint\",\"urlTemplate\":\"https:\\\/\\\/neoqi.com\\\/?s={search_term_string}\"},\"query-input\":{\"@type\":\"PropertyValueSpecification\",\"valueRequired\":true,\"valueName\":\"search_term_string\"}}],\"inLanguage\":\"de\"},{\"@type\":\"Organization\",\"@id\":\"https:\\\/\\\/neoqi.com\\\/#organization\",\"name\":\"NEOQI\",\"url\":\"https:\\\/\\\/neoqi.com\\\/\",\"logo\":{\"@type\":\"ImageObject\",\"inLanguage\":\"de\",\"@id\":\"https:\\\/\\\/neoqi.com\\\/#\\\/schema\\\/logo\\\/image\\\/\",\"url\":\"https:\\\/\\\/neoqi.com\\\/wp-content\\\/uploads\\\/2024\\\/09\\\/logoneosvg.svg\",\"contentUrl\":\"https:\\\/\\\/neoqi.com\\\/wp-content\\\/uploads\\\/2024\\\/09\\\/logoneosvg.svg\",\"width\":1,\"height\":1,\"caption\":\"NEOQI\"},\"image\":{\"@id\":\"https:\\\/\\\/neoqi.com\\\/#\\\/schema\\\/logo\\\/image\\\/\"},\"sameAs\":[\"https:\\\/\\\/www.facebook.com\\\/neoqi\\\/\",\"https:\\\/\\\/www.instagram.com\\\/neoqi_com\\\/\"]}]}<\/script>\n<!-- \/ Yoast SEO plugin. -->","yoast_head_json":{"title":"Dream - NEOQI","robots":{"index":"index","follow":"follow","max-snippet":"max-snippet:-1","max-image-preview":"max-image-preview:large","max-video-preview":"max-video-preview:-1"},"canonical":"https:\/\/neoqi.com\/de\/prodotto\/dream\/","og_locale":"de_DE","og_type":"article","og_title":"Dream - NEOQI","og_description":"The SPA-capsule Dream is a carefully designed device, necessary for carrying out classical SPA rituals. Dream features the most popular and effective functions for body shape correction, improving blood circulation, cellulite reduction, stress relief and rejuvenation. Combined with advanced rehabilitation technologies, the above-mentioned options are supplemented with a healing effect, has beneficial impact on overall health.  The Dream energy cocoon provides a unique opportunity to get away from daily bustle, relax and forget about all the problems. After the treatment, the customer experience a burst of energy, better mood and sleep recovery.  Dream cocoon was specifically developed for body care treatments in beauty salons and day spas with limited room.","og_url":"https:\/\/neoqi.com\/de\/prodotto\/dream\/","og_site_name":"NEOQI","article_publisher":"https:\/\/www.facebook.com\/neoqi\/","article_modified_time":"2024-12-03T15:38:14+00:00","og_image":[{"width":1200,"height":800,"url":"https:\/\/neoqi.com\/wp-content\/uploads\/2024\/09\/dream.png","type":"image\/png"}],"twitter_card":"summary_large_image","twitter_misc":{"Gesch\u00e4tzte Lesezeit":"2\u00a0Minuten"},"schema":{"@context":"https:\/\/schema.org","@graph":[{"@type":"WebPage","@id":"https:\/\/neoqi.com\/it\/prodotto\/dream\/","url":"https:\/\/neoqi.com\/it\/prodotto\/dream\/","name":"Dream - NEOQI","isPartOf":{"@id":"https:\/\/neoqi.com\/#website"},"primaryImageOfPage":{"@id":"https:\/\/neoqi.com\/it\/prodotto\/dream\/#primaryimage"},"image":{"@id":"https:\/\/neoqi.com\/it\/prodotto\/dream\/#primaryimage"},"thumbnailUrl":"https:\/\/neoqi.com\/wp-content\/uploads\/2024\/09\/dream.png","datePublished":"2024-09-07T01:53:06+00:00","dateModified":"2024-12-03T15:38:14+00:00","breadcrumb":{"@id":"https:\/\/neoqi.com\/it\/prodotto\/dream\/#breadcrumb"},"inLanguage":"de","potentialAction":[{"@type":"ReadAction","target":["https:\/\/neoqi.com\/it\/prodotto\/dream\/"]}]},{"@type":"ImageObject","inLanguage":"de","@id":"https:\/\/neoqi.com\/it\/prodotto\/dream\/#primaryimage","url":"https:\/\/neoqi.com\/wp-content\/uploads\/2024\/09\/dream.png","contentUrl":"https:\/\/neoqi.com\/wp-content\/uploads\/2024\/09\/dream.png","width":1200,"height":800},{"@type":"BreadcrumbList","@id":"https:\/\/neoqi.com\/it\/prodotto\/dream\/#breadcrumb","itemListElement":[{"@type":"ListItem","position":1,"name":"Home","item":"https:\/\/neoqi.com\/"},{"@type":"ListItem","position":2,"name":"Catalog","item":"https:\/\/neoqi.com\/it\/catalog\/"},{"@type":"ListItem","position":3,"name":"Dream"}]},{"@type":"WebSite","@id":"https:\/\/neoqi.com\/#website","url":"https:\/\/neoqi.com\/","name":"NEOQI","description":"Erleben Sie ultimative Wellness und Entspannung mit NeoQi Spa Capsule: Ihr Weg zur Verj\u00fcngung","publisher":{"@id":"https:\/\/neoqi.com\/#organization"},"potentialAction":[{"@type":"SearchAction","target":{"@type":"EntryPoint","urlTemplate":"https:\/\/neoqi.com\/?s={search_term_string}"},"query-input":{"@type":"PropertyValueSpecification","valueRequired":true,"valueName":"search_term_string"}}],"inLanguage":"de"},{"@type":"Organization","@id":"https:\/\/neoqi.com\/#organization","name":"NEOQI","url":"https:\/\/neoqi.com\/","logo":{"@type":"ImageObject","inLanguage":"de","@id":"https:\/\/neoqi.com\/#\/schema\/logo\/image\/","url":"https:\/\/neoqi.com\/wp-content\/uploads\/2024\/09\/logoneosvg.svg","contentUrl":"https:\/\/neoqi.com\/wp-content\/uploads\/2024\/09\/logoneosvg.svg","width":1,"height":1,"caption":"NEOQI"},"image":{"@id":"https:\/\/neoqi.com\/#\/schema\/logo\/image\/"},"sameAs":["https:\/\/www.facebook.com\/neoqi\/","https:\/\/www.instagram.com\/neoqi_com\/"]}]}},"_links":{"self":[{"href":"https:\/\/neoqi.com\/de\/wp-json\/wp\/v2\/product\/2132","targetHints":{"allow":["GET"]}}],"collection":[{"href":"https:\/\/neoqi.com\/de\/wp-json\/wp\/v2\/product"}],"about":[{"href":"https:\/\/neoqi.com\/de\/wp-json\/wp\/v2\/types\/product"}],"replies":[{"embeddable":true,"href":"https:\/\/neoqi.com\/de\/wp-json\/wp\/v2\/comments?post=2132"}],"wp:featuredmedia":[{"embeddable":true,"href":"https:\/\/neoqi.com\/de\/wp-json\/wp\/v2\/media\/2133"}],"wp:attachment":[{"href":"https:\/\/neoqi.com\/de\/wp-json\/wp\/v2\/media?parent=2132"}],"wp:term":[{"taxonomy":"product_brand","embeddable":true,"href":"https:\/\/neoqi.com\/de\/wp-json\/wp\/v2\/product_brand?post=2132"},{"taxonomy":"product_cat","embeddable":true,"href":"https:\/\/neoqi.com\/de\/wp-json\/wp\/v2\/product_cat?post=2132"},{"taxonomy":"product_tag","embeddable":true,"href":"https:\/\/neoqi.com\/de\/wp-json\/wp\/v2\/product_tag?post=2132"}],"curies":[{"name":"wp","href":"https:\/\/api.w.org\/{rel}","templated":true}]}}