{"id":2147,"date":"2024-09-07T03:55:10","date_gmt":"2024-09-07T00:55:10","guid":{"rendered":"http:\/\/neoqi.com\/?post_type=product&#038;p=2147"},"modified":"2024-12-03T18:38:05","modified_gmt":"2024-12-03T15:38:05","slug":"relax","status":"publish","type":"product","link":"https:\/\/neoqi.com\/de\/produkt\/relax\/","title":{"rendered":"Relax"},"content":{"rendered":"<p><strong>Die wichtigsten Behandlungen von NeoQi\u00ae Relax<\/strong><\/p>\n<p>Dampfsauna. Ein angenehm warmer Dampf regt das Schwitzen, die Tiefenreinigung und die Entgiftung der Haut an. Bei regelm\u00e4\u00dfigen Besuchen in der Dampfsauna wird die Haut geschmeidiger, glatter und erh\u00e4lt einen gleichm\u00e4\u00dfigen, strahlenden und gesunden Teint. Die Dampfsauna kurbelt auch den Stoffwechsel an, was zu einer nat\u00fcrlichen und gesunden Gewichtsabnahme f\u00fchrt.<\/p>\n<p><strong>Infrarot-Sauna.<\/strong> Schon in den ersten Minuten der Behandlung beginnt die Infrarotw\u00e4rme, ihren wohltuenden und sanften Einfluss auf den K\u00f6rper auszu\u00fcben. Eine tiefgreifende Erw\u00e4rmung des Gewebes der inneren Organe lindert Muskelschmerzen, st\u00e4rkt das Immunsystem und beseitigt Giftstoffe. IR hilft, den emotionalen Zustand zu verbessern und Stress zu bek\u00e4mpfen, indem Reizbarkeit, Nervosit\u00e4t und Schlaflosigkeit beseitigt werden.<\/p>\n<p><strong>Aromatherapie.<\/strong> Eine angenehme Behandlungsmethode mit Hilfe von D\u00fcften, die Sie in die geheimnisvolle Welt der \u00e4therischen \u00d6le eintauchen lassen. Die Essenzen k\u00f6nnen das Nervensystem entspannen, einlullen oder anregen. Mischen Sie eine Komposition aus verschiedenen Aromen, um die Atmosph\u00e4re eines frischen Zitrusgartens, eines tropischen Waldes oder eines orientalischen Basars zu genie\u00dfen.<\/p>\n<p><strong>Chromotherapie.<\/strong> Die Farben haben einen Einfluss auf den allgemeinen psychophysischen Zustand einer Person. Verwenden Sie die Eigenschaften der einzelnen Farben, um Schlafmuster und die Funktionen der inneren Organe wiederherzustellen, beseitigen Kopfschmerzen, lindern Angst und Depression.<\/p>\n<p><strong>Zusammenfassung<\/strong><\/p>\n<p>Infrarot-Sauna<br \/>\nDampfsauna<br \/>\nAroma-Therapie<br \/>\nFarblichtsystem<br \/>\nMusikanlage (MP3)<\/p>","protected":false},"excerpt":{"rendered":"<p>Der Relax Energy Cocoon ist ein hochwertiges, funktionelles Ger\u00e4t, mit dem Sie sowohl Dampf- als auch Infrarotsauna genie\u00dfen k\u00f6nnen. Seine ergonomische Form sorgt f\u00fcr eine bequeme Sitzposition, bei der der Kopf au\u00dfen bleibt und keinen h\u00f6heren Temperaturen ausgesetzt ist.<\/p>\n<p>Chromo-, Aroma- und Musiktherapiefunktionen erg\u00e4nzen jede Sitzung und sorgen f\u00fcr eine starke therapeutische Wirkung auf den psycho-emotionalen Zustand.  W\u00e4hlen Sie ein Programm nach Ihren W\u00fcnschen, ob Sie Ihren K\u00f6rper mit Energie aufladen oder ihm am Ende des Tages maximale Entspannung bieten wollen.<\/p>\n<p>Die Relax SPA-Kapsel bietet eine einzigartige Gelegenheit, sich Zeit f\u00fcr sich selbst zu nehmen, indem sie sowohl Sch\u00f6nheits- als auch Wellnessbehandlungen durchf\u00fchrt. Die regelm\u00e4\u00dfige Anwendung der Relax SPA-Kapsel wird Sie mit Energie versorgen, ein hervorragendes Mittel im Kampf gegen \u00dcbergewicht sein und Ihnen Vitalit\u00e4t und Gesundheit zur\u00fcckgeben.<\/p>","protected":false},"featured_media":2148,"comment_status":"open","ping_status":"closed","template":"","meta":{"_acf_changed":false,"site-sidebar-layout":"default","site-content-layout":"","ast-site-content-layout":"default","site-content-style":"default","site-sidebar-style":"default","ast-global-header-display":"","ast-banner-title-visibility":"","ast-main-header-display":"","ast-hfb-above-header-display":"","ast-hfb-below-header-display":"","ast-hfb-mobile-header-display":"","site-post-title":"","ast-breadcrumbs-content":"","ast-featured-img":"","footer-sml-layout":"","ast-disable-related-posts":"","theme-transparent-header-meta":"default","adv-header-id-meta":"","stick-header-meta":"","header-above-stick-meta":"","header-main-stick-meta":"","header-below-stick-meta":"","astra-migrate-meta-layouts":"set","ast-page-background-enabled":"default","ast-page-background-meta":{"desktop":{"background-color":"var(--ast-global-color-4)","background-image":"","background-repeat":"repeat","background-position":"center center","background-size":"auto","background-attachment":"scroll","background-type":"","background-media":"","overlay-type":"","overlay-color":"","overlay-opacity":"","overlay-gradient":""},"tablet":{"background-color":"","background-image":"","background-repeat":"repeat","background-position":"center center","background-size":"auto","background-attachment":"scroll","background-type":"","background-media":"","overlay-type":"","overlay-color":"","overlay-opacity":"","overlay-gradient":""},"mobile":{"background-color":"","background-image":"","background-repeat":"repeat","background-position":"center center","background-size":"auto","background-attachment":"scroll","background-type":"","background-media":"","overlay-type":"","overlay-color":"","overlay-opacity":"","overlay-gradient":""}},"ast-content-background-meta":{"desktop":{"background-color":"var(--ast-global-color-5)","background-image":"","background-repeat":"repeat","background-position":"center center","background-size":"auto","background-attachment":"scroll","background-type":"","background-media":"","overlay-type":"","overlay-color":"","overlay-opacity":"","overlay-gradient":""},"tablet":{"background-color":"var(--ast-global-color-5)","background-image":"","background-repeat":"repeat","background-position":"center center","background-size":"auto","background-attachment":"scroll","background-type":"","background-media":"","overlay-type":"","overlay-color":"","overlay-opacity":"","overlay-gradient":""},"mobile":{"background-color":"var(--ast-global-color-5)","background-image":"","background-repeat":"repeat","background-position":"center center","background-size":"auto","background-attachment":"scroll","background-type":"","background-media":"","overlay-type":"","overlay-color":"","overlay-opacity":"","overlay-gradient":""}}},"product_brand":[],"product_cat":[81,82],"product_tag":[],"class_list":{"0":"post-2147","1":"product","2":"type-product","3":"status-publish","4":"has-post-thumbnail","6":"product_cat-energy-cocoons","7":"product_cat-esthetical","8":"desktop-align-left","9":"tablet-align-left","10":"mobile-align-left","12":"first","13":"instock","14":"shipping-taxable","15":"product-type-simple"},"acf":[],"yoast_head":"<!-- This site is optimized with the Yoast SEO plugin v27.4 - https:\/\/yoast.com\/product\/yoast-seo-wordpress\/ -->\n<title>Relax - NEOQI<\/title>\n<meta name=\"robots\" content=\"index, follow, max-snippet:-1, max-image-preview:large, max-video-preview:-1\" \/>\n<link rel=\"canonical\" href=\"https:\/\/neoqi.com\/de\/produkt\/relax\/\" \/>\n<meta property=\"og:locale\" content=\"de_DE\" \/>\n<meta property=\"og:type\" content=\"article\" \/>\n<meta property=\"og:title\" content=\"Relax - NEOQI\" \/>\n<meta property=\"og:description\" content=\"The Relax Energy cocoon is a high quality functional device that allows you to enjoy both steam and infrared sauna. Its ergonomic shape provides a comfortable sitting position, wherein the head stays out side and is not exposed to higher temperatures.  Chromo-, aroma- and music therapy functions complement each session providing a powerful therapeutic effect on the psycho-emotional state.\u00a0 Choose a program according to your wishes, whether you want to charge your body with energy or offer it maximum relaxation at the end of the day.  The Relax SPA-capsule gives a unique opportunity to devote time to yourself by conducting both beauty and wellness treatments. Regular use of the Relax SPA-cocoon will fill you with energy, become an excellent tool in the fight with excess weight, and regain vitality and health.\" \/>\n<meta property=\"og:url\" content=\"https:\/\/neoqi.com\/de\/produkt\/relax\/\" \/>\n<meta property=\"og:site_name\" content=\"NEOQI\" \/>\n<meta property=\"article:publisher\" content=\"https:\/\/www.facebook.com\/neoqi\/\" \/>\n<meta property=\"article:modified_time\" content=\"2024-12-03T15:38:05+00:00\" \/>\n<meta property=\"og:image\" content=\"https:\/\/neoqi.com\/wp-content\/uploads\/2024\/09\/relax.png\" \/>\n\t<meta property=\"og:image:width\" content=\"1200\" \/>\n\t<meta property=\"og:image:height\" content=\"800\" \/>\n\t<meta property=\"og:image:type\" content=\"image\/png\" \/>\n<meta name=\"twitter:card\" content=\"summary_large_image\" \/>\n<meta name=\"twitter:label1\" content=\"Gesch\u00e4tzte Lesezeit\" \/>\n\t<meta name=\"twitter:data1\" content=\"1\u00a0Minute\" \/>\n<script type=\"application\/ld+json\" class=\"yoast-schema-graph\">{\"@context\":\"https:\\\/\\\/schema.org\",\"@graph\":[{\"@type\":\"WebPage\",\"@id\":\"https:\\\/\\\/neoqi.com\\\/product\\\/relax\\\/\",\"url\":\"https:\\\/\\\/neoqi.com\\\/product\\\/relax\\\/\",\"name\":\"Relax - NEOQI\",\"isPartOf\":{\"@id\":\"https:\\\/\\\/neoqi.com\\\/#website\"},\"primaryImageOfPage\":{\"@id\":\"https:\\\/\\\/neoqi.com\\\/product\\\/relax\\\/#primaryimage\"},\"image\":{\"@id\":\"https:\\\/\\\/neoqi.com\\\/product\\\/relax\\\/#primaryimage\"},\"thumbnailUrl\":\"https:\\\/\\\/neoqi.com\\\/wp-content\\\/uploads\\\/2024\\\/09\\\/relax.png\",\"datePublished\":\"2024-09-07T00:55:10+00:00\",\"dateModified\":\"2024-12-03T15:38:05+00:00\",\"breadcrumb\":{\"@id\":\"https:\\\/\\\/neoqi.com\\\/product\\\/relax\\\/#breadcrumb\"},\"inLanguage\":\"de\",\"potentialAction\":[{\"@type\":\"ReadAction\",\"target\":[\"https:\\\/\\\/neoqi.com\\\/product\\\/relax\\\/\"]}]},{\"@type\":\"ImageObject\",\"inLanguage\":\"de\",\"@id\":\"https:\\\/\\\/neoqi.com\\\/product\\\/relax\\\/#primaryimage\",\"url\":\"https:\\\/\\\/neoqi.com\\\/wp-content\\\/uploads\\\/2024\\\/09\\\/relax.png\",\"contentUrl\":\"https:\\\/\\\/neoqi.com\\\/wp-content\\\/uploads\\\/2024\\\/09\\\/relax.png\",\"width\":1200,\"height\":800},{\"@type\":\"BreadcrumbList\",\"@id\":\"https:\\\/\\\/neoqi.com\\\/product\\\/relax\\\/#breadcrumb\",\"itemListElement\":[{\"@type\":\"ListItem\",\"position\":1,\"name\":\"Home\",\"item\":\"https:\\\/\\\/neoqi.com\\\/\"},{\"@type\":\"ListItem\",\"position\":2,\"name\":\"Catalog\",\"item\":\"https:\\\/\\\/neoqi.com\\\/it\\\/catalog\\\/\"},{\"@type\":\"ListItem\",\"position\":3,\"name\":\"Relax\"}]},{\"@type\":\"WebSite\",\"@id\":\"https:\\\/\\\/neoqi.com\\\/#website\",\"url\":\"https:\\\/\\\/neoqi.com\\\/\",\"name\":\"NEOQI\",\"description\":\"Experience Ultimate Wellness and Relaxation with NeoQi Spa Capsule: Your Path to Rejuvenation\",\"publisher\":{\"@id\":\"https:\\\/\\\/neoqi.com\\\/#organization\"},\"potentialAction\":[{\"@type\":\"SearchAction\",\"target\":{\"@type\":\"EntryPoint\",\"urlTemplate\":\"https:\\\/\\\/neoqi.com\\\/?s={search_term_string}\"},\"query-input\":{\"@type\":\"PropertyValueSpecification\",\"valueRequired\":true,\"valueName\":\"search_term_string\"}}],\"inLanguage\":\"de\"},{\"@type\":\"Organization\",\"@id\":\"https:\\\/\\\/neoqi.com\\\/#organization\",\"name\":\"NEOQI\",\"url\":\"https:\\\/\\\/neoqi.com\\\/\",\"logo\":{\"@type\":\"ImageObject\",\"inLanguage\":\"de\",\"@id\":\"https:\\\/\\\/neoqi.com\\\/#\\\/schema\\\/logo\\\/image\\\/\",\"url\":\"https:\\\/\\\/neoqi.com\\\/wp-content\\\/uploads\\\/2024\\\/09\\\/logoneosvg.svg\",\"contentUrl\":\"https:\\\/\\\/neoqi.com\\\/wp-content\\\/uploads\\\/2024\\\/09\\\/logoneosvg.svg\",\"width\":1,\"height\":1,\"caption\":\"NEOQI\"},\"image\":{\"@id\":\"https:\\\/\\\/neoqi.com\\\/#\\\/schema\\\/logo\\\/image\\\/\"},\"sameAs\":[\"https:\\\/\\\/www.facebook.com\\\/neoqi\\\/\",\"https:\\\/\\\/www.instagram.com\\\/neoqi_com\\\/\"]}]}<\/script>\n<!-- \/ Yoast SEO plugin. -->","yoast_head_json":{"title":"Relax - NEOQI","robots":{"index":"index","follow":"follow","max-snippet":"max-snippet:-1","max-image-preview":"max-image-preview:large","max-video-preview":"max-video-preview:-1"},"canonical":"https:\/\/neoqi.com\/de\/produkt\/relax\/","og_locale":"de_DE","og_type":"article","og_title":"Relax - NEOQI","og_description":"The Relax Energy cocoon is a high quality functional device that allows you to enjoy both steam and infrared sauna. Its ergonomic shape provides a comfortable sitting position, wherein the head stays out side and is not exposed to higher temperatures.  Chromo-, aroma- and music therapy functions complement each session providing a powerful therapeutic effect on the psycho-emotional state.\u00a0 Choose a program according to your wishes, whether you want to charge your body with energy or offer it maximum relaxation at the end of the day.  The Relax SPA-capsule gives a unique opportunity to devote time to yourself by conducting both beauty and wellness treatments. Regular use of the Relax SPA-cocoon will fill you with energy, become an excellent tool in the fight with excess weight, and regain vitality and health.","og_url":"https:\/\/neoqi.com\/de\/produkt\/relax\/","og_site_name":"NEOQI","article_publisher":"https:\/\/www.facebook.com\/neoqi\/","article_modified_time":"2024-12-03T15:38:05+00:00","og_image":[{"width":1200,"height":800,"url":"https:\/\/neoqi.com\/wp-content\/uploads\/2024\/09\/relax.png","type":"image\/png"}],"twitter_card":"summary_large_image","twitter_misc":{"Gesch\u00e4tzte Lesezeit":"1\u00a0Minute"},"schema":{"@context":"https:\/\/schema.org","@graph":[{"@type":"WebPage","@id":"https:\/\/neoqi.com\/product\/relax\/","url":"https:\/\/neoqi.com\/product\/relax\/","name":"Relax - NEOQI","isPartOf":{"@id":"https:\/\/neoqi.com\/#website"},"primaryImageOfPage":{"@id":"https:\/\/neoqi.com\/product\/relax\/#primaryimage"},"image":{"@id":"https:\/\/neoqi.com\/product\/relax\/#primaryimage"},"thumbnailUrl":"https:\/\/neoqi.com\/wp-content\/uploads\/2024\/09\/relax.png","datePublished":"2024-09-07T00:55:10+00:00","dateModified":"2024-12-03T15:38:05+00:00","breadcrumb":{"@id":"https:\/\/neoqi.com\/product\/relax\/#breadcrumb"},"inLanguage":"de","potentialAction":[{"@type":"ReadAction","target":["https:\/\/neoqi.com\/product\/relax\/"]}]},{"@type":"ImageObject","inLanguage":"de","@id":"https:\/\/neoqi.com\/product\/relax\/#primaryimage","url":"https:\/\/neoqi.com\/wp-content\/uploads\/2024\/09\/relax.png","contentUrl":"https:\/\/neoqi.com\/wp-content\/uploads\/2024\/09\/relax.png","width":1200,"height":800},{"@type":"BreadcrumbList","@id":"https:\/\/neoqi.com\/product\/relax\/#breadcrumb","itemListElement":[{"@type":"ListItem","position":1,"name":"Home","item":"https:\/\/neoqi.com\/"},{"@type":"ListItem","position":2,"name":"Catalog","item":"https:\/\/neoqi.com\/it\/catalog\/"},{"@type":"ListItem","position":3,"name":"Relax"}]},{"@type":"WebSite","@id":"https:\/\/neoqi.com\/#website","url":"https:\/\/neoqi.com\/","name":"NEOQI","description":"Erleben Sie ultimative Wellness und Entspannung mit NeoQi Spa Capsule: Ihr Weg zur Verj\u00fcngung","publisher":{"@id":"https:\/\/neoqi.com\/#organization"},"potentialAction":[{"@type":"SearchAction","target":{"@type":"EntryPoint","urlTemplate":"https:\/\/neoqi.com\/?s={search_term_string}"},"query-input":{"@type":"PropertyValueSpecification","valueRequired":true,"valueName":"search_term_string"}}],"inLanguage":"de"},{"@type":"Organization","@id":"https:\/\/neoqi.com\/#organization","name":"NEOQI","url":"https:\/\/neoqi.com\/","logo":{"@type":"ImageObject","inLanguage":"de","@id":"https:\/\/neoqi.com\/#\/schema\/logo\/image\/","url":"https:\/\/neoqi.com\/wp-content\/uploads\/2024\/09\/logoneosvg.svg","contentUrl":"https:\/\/neoqi.com\/wp-content\/uploads\/2024\/09\/logoneosvg.svg","width":1,"height":1,"caption":"NEOQI"},"image":{"@id":"https:\/\/neoqi.com\/#\/schema\/logo\/image\/"},"sameAs":["https:\/\/www.facebook.com\/neoqi\/","https:\/\/www.instagram.com\/neoqi_com\/"]}]}},"_links":{"self":[{"href":"https:\/\/neoqi.com\/de\/wp-json\/wp\/v2\/product\/2147","targetHints":{"allow":["GET"]}}],"collection":[{"href":"https:\/\/neoqi.com\/de\/wp-json\/wp\/v2\/product"}],"about":[{"href":"https:\/\/neoqi.com\/de\/wp-json\/wp\/v2\/types\/product"}],"replies":[{"embeddable":true,"href":"https:\/\/neoqi.com\/de\/wp-json\/wp\/v2\/comments?post=2147"}],"wp:featuredmedia":[{"embeddable":true,"href":"https:\/\/neoqi.com\/de\/wp-json\/wp\/v2\/media\/2148"}],"wp:attachment":[{"href":"https:\/\/neoqi.com\/de\/wp-json\/wp\/v2\/media?parent=2147"}],"wp:term":[{"taxonomy":"product_brand","embeddable":true,"href":"https:\/\/neoqi.com\/de\/wp-json\/wp\/v2\/product_brand?post=2147"},{"taxonomy":"product_cat","embeddable":true,"href":"https:\/\/neoqi.com\/de\/wp-json\/wp\/v2\/product_cat?post=2147"},{"taxonomy":"product_tag","embeddable":true,"href":"https:\/\/neoqi.com\/de\/wp-json\/wp\/v2\/product_tag?post=2147"}],"curies":[{"name":"wp","href":"https:\/\/api.w.org\/{rel}","templated":true}]}}