{"id":2163,"date":"2024-09-07T06:58:56","date_gmt":"2024-09-07T03:58:56","guid":{"rendered":"http:\/\/neoqi.com\/?post_type=product&#038;p=2163"},"modified":"2024-12-03T18:38:38","modified_gmt":"2024-12-03T15:38:38","slug":"medica","status":"publish","type":"product","link":"https:\/\/neoqi.com\/de\/produkt\/medica\/","title":{"rendered":"Medica"},"content":{"rendered":"<p><strong>Die wichtigsten Behandlungen in NeoQi\u00ae Medica<\/strong><\/p>\n<p>Luftblasen- und Hydromassage sind die automatischen Funktionen des Bades. Es handelt sich um eine effiziente Kombination von Zonenmassage mit Methoden der Thermo- und Hydrotherapie. Warme Wasserstr\u00f6me massieren sanft die Problemzonen des K\u00f6rpers, korrigieren die Silhouette, polieren die Haut und reichern sie mit Sauerstoff an. Hydromassage-Sitzungen helfen, Probleme mit dem Bewegungsapparat und dem Herz-Kreislauf-System sowie \u00dcbergewicht zu lindern und zu l\u00f6sen. Die Luftblasenmassage wirkt sanft auf die Muskeln und umh\u00fcllt den K\u00f6rper mit Tausenden von wirbelnden Luftblasen.<\/p>\n<p><strong>Balneotherapie.<\/strong> Dies ist eine beliebte und wirksame Behandlungs- und Kr\u00e4ftigungsmethode f\u00fcr den K\u00f6rper. Das Bad wird mit warmem Wasser mit verschiedenen Zus\u00e4tzen gef\u00fcllt: Algen, Salz, Schlamm, \u00e4therische \u00d6le. Neben der Vorbeugung von Krankheiten und dem Stressabbau haben solche Behandlungen auch einen Sch\u00f6nheitseffekt. Die Balneotherapie wird zur Gewichtsabnahme, Hydratisierung und Tonisierung der Haut eingesetzt.<br \/>\nDie Chromotherapie stellt das Energiegleichgewicht wieder her, baut Stress ab und st\u00e4rkt das Immunsystem. Das Licht dringt in das Gewebe ein und sorgt f\u00fcr den notwendigen Energiefluss, der sich positiv auf die Gesundheit auswirkt. Die Chromotherapie ist eine wirksame Erg\u00e4nzung zu jeder Hydrotherapie-Sitzung.<\/p>\n<p><strong>Zusammenfassung<\/strong><\/p>\n<p>Hydromassage<br \/>\nLuftblasenmassage<br \/>\nFarblichttherapie (Chromotherapie)<br \/>\n6 Seitend\u00fcsen<br \/>\n8 R\u00fcckenmassaged\u00fcsen<br \/>\n2 D\u00fcsen f\u00fcr die F\u00fc\u00dfe<br \/>\n10 Bodenluftd\u00fcsen<br \/>\nLuft-Gebl\u00e4se-System<br \/>\nSchnelles Einf\u00fcllen und Ableiten von Wasser<br \/>\nHandbrause<\/p>","protected":false},"excerpt":{"rendered":"<p>Medica ist eine mittelgro\u00dfe professionelle Hydrotherapie-Wanne, die eine gute Alternative zur Niagara-Wanne darstellt. Medica verf\u00fcgt \u00fcber dieselben Eigenschaften, ist aber aufgrund seiner kompakteren Gr\u00f6\u00dfe perfekt f\u00fcr kleinere R\u00e4ume geeignet. Die Hydrotherapiewanne ist f\u00fcr die zonale Massage mittels automatischer Wasser- und Luftzufuhr bestimmt. Alle Massagefunktionen von Medica k\u00f6nnen durch eine Chromotherapie erg\u00e4nzt werden, die es den Kunden erm\u00f6glicht, sich tief zu entspannen und positive Emotionen aus der Massagesitzung zu ziehen.<\/p>\n<p>Das Innere der Wanne hat eine ergonomische Form mit einem Profil f\u00fcr den R\u00fccken und die Oberschenkel sowie hervorstehenden Armlehnen, die dem Kunden w\u00e4hrend der Behandlung maximalen Komfort bieten.<\/p>","protected":false},"featured_media":2164,"comment_status":"open","ping_status":"closed","template":"","meta":{"_acf_changed":false,"site-sidebar-layout":"default","site-content-layout":"","ast-site-content-layout":"default","site-content-style":"default","site-sidebar-style":"default","ast-global-header-display":"","ast-banner-title-visibility":"","ast-main-header-display":"","ast-hfb-above-header-display":"","ast-hfb-below-header-display":"","ast-hfb-mobile-header-display":"","site-post-title":"","ast-breadcrumbs-content":"","ast-featured-img":"","footer-sml-layout":"","ast-disable-related-posts":"","theme-transparent-header-meta":"default","adv-header-id-meta":"","stick-header-meta":"","header-above-stick-meta":"","header-main-stick-meta":"","header-below-stick-meta":"","astra-migrate-meta-layouts":"set","ast-page-background-enabled":"default","ast-page-background-meta":{"desktop":{"background-color":"var(--ast-global-color-4)","background-image":"","background-repeat":"repeat","background-position":"center center","background-size":"auto","background-attachment":"scroll","background-type":"","background-media":"","overlay-type":"","overlay-color":"","overlay-opacity":"","overlay-gradient":""},"tablet":{"background-color":"","background-image":"","background-repeat":"repeat","background-position":"center center","background-size":"auto","background-attachment":"scroll","background-type":"","background-media":"","overlay-type":"","overlay-color":"","overlay-opacity":"","overlay-gradient":""},"mobile":{"background-color":"","background-image":"","background-repeat":"repeat","background-position":"center center","background-size":"auto","background-attachment":"scroll","background-type":"","background-media":"","overlay-type":"","overlay-color":"","overlay-opacity":"","overlay-gradient":""}},"ast-content-background-meta":{"desktop":{"background-color":"var(--ast-global-color-5)","background-image":"","background-repeat":"repeat","background-position":"center center","background-size":"auto","background-attachment":"scroll","background-type":"","background-media":"","overlay-type":"","overlay-color":"","overlay-opacity":"","overlay-gradient":""},"tablet":{"background-color":"var(--ast-global-color-5)","background-image":"","background-repeat":"repeat","background-position":"center center","background-size":"auto","background-attachment":"scroll","background-type":"","background-media":"","overlay-type":"","overlay-color":"","overlay-opacity":"","overlay-gradient":""},"mobile":{"background-color":"var(--ast-global-color-5)","background-image":"","background-repeat":"repeat","background-position":"center center","background-size":"auto","background-attachment":"scroll","background-type":"","background-media":"","overlay-type":"","overlay-color":"","overlay-opacity":"","overlay-gradient":""}}},"product_brand":[],"product_cat":[81,82],"product_tag":[],"class_list":{"0":"post-2163","1":"product","2":"type-product","3":"status-publish","4":"has-post-thumbnail","6":"product_cat-energy-cocoons","7":"product_cat-esthetical","8":"desktop-align-left","9":"tablet-align-left","10":"mobile-align-left","12":"first","13":"instock","14":"shipping-taxable","15":"product-type-simple"},"acf":[],"yoast_head":"<!-- This site is optimized with the Yoast SEO plugin v27.4 - https:\/\/yoast.com\/product\/yoast-seo-wordpress\/ -->\n<title>Medica - NEOQI<\/title>\n<meta name=\"robots\" content=\"index, follow, max-snippet:-1, max-image-preview:large, max-video-preview:-1\" \/>\n<link rel=\"canonical\" href=\"https:\/\/neoqi.com\/de\/produkt\/medica\/\" \/>\n<meta property=\"og:locale\" content=\"de_DE\" \/>\n<meta property=\"og:type\" content=\"article\" \/>\n<meta property=\"og:title\" content=\"Medica - NEOQI\" \/>\n<meta property=\"og:description\" content=\"Medica is middle-sized professional hydrotherapy bath, which is a good alternative to the Niagara bath. Medica has the same features, but due to its more compact size, it is perfect for smaller rooms. The hydrotherapy bath is designated for zonal massage by means of automatic water and air supply. All massage features of Medica can be complemented by chromotherapy that allows customers to deeply relax and receive positive emotions from the massage session.  The inside of the tub has an ergonomic shape with a profile for the back and thighs, and protruding armrests that provide maximum comfort to the client throughout the treatment.\" \/>\n<meta property=\"og:url\" content=\"https:\/\/neoqi.com\/de\/produkt\/medica\/\" \/>\n<meta property=\"og:site_name\" content=\"NEOQI\" \/>\n<meta property=\"article:publisher\" content=\"https:\/\/www.facebook.com\/neoqi\/\" \/>\n<meta property=\"article:modified_time\" content=\"2024-12-03T15:38:38+00:00\" \/>\n<meta property=\"og:image\" content=\"https:\/\/neoqi.com\/wp-content\/uploads\/2024\/09\/medica.png\" \/>\n\t<meta property=\"og:image:width\" content=\"1200\" \/>\n\t<meta property=\"og:image:height\" content=\"800\" \/>\n\t<meta property=\"og:image:type\" content=\"image\/png\" \/>\n<meta name=\"twitter:card\" content=\"summary_large_image\" \/>\n<meta name=\"twitter:label1\" content=\"Gesch\u00e4tzte Lesezeit\" \/>\n\t<meta name=\"twitter:data1\" content=\"1\u00a0Minute\" \/>\n<script type=\"application\/ld+json\" class=\"yoast-schema-graph\">{\"@context\":\"https:\\\/\\\/schema.org\",\"@graph\":[{\"@type\":\"WebPage\",\"@id\":\"https:\\\/\\\/neoqi.com\\\/product\\\/medica\\\/\",\"url\":\"https:\\\/\\\/neoqi.com\\\/product\\\/medica\\\/\",\"name\":\"Medica - NEOQI\",\"isPartOf\":{\"@id\":\"https:\\\/\\\/neoqi.com\\\/#website\"},\"primaryImageOfPage\":{\"@id\":\"https:\\\/\\\/neoqi.com\\\/product\\\/medica\\\/#primaryimage\"},\"image\":{\"@id\":\"https:\\\/\\\/neoqi.com\\\/product\\\/medica\\\/#primaryimage\"},\"thumbnailUrl\":\"https:\\\/\\\/neoqi.com\\\/wp-content\\\/uploads\\\/2024\\\/09\\\/medica.png\",\"datePublished\":\"2024-09-07T03:58:56+00:00\",\"dateModified\":\"2024-12-03T15:38:38+00:00\",\"breadcrumb\":{\"@id\":\"https:\\\/\\\/neoqi.com\\\/product\\\/medica\\\/#breadcrumb\"},\"inLanguage\":\"de\",\"potentialAction\":[{\"@type\":\"ReadAction\",\"target\":[\"https:\\\/\\\/neoqi.com\\\/product\\\/medica\\\/\"]}]},{\"@type\":\"ImageObject\",\"inLanguage\":\"de\",\"@id\":\"https:\\\/\\\/neoqi.com\\\/product\\\/medica\\\/#primaryimage\",\"url\":\"https:\\\/\\\/neoqi.com\\\/wp-content\\\/uploads\\\/2024\\\/09\\\/medica.png\",\"contentUrl\":\"https:\\\/\\\/neoqi.com\\\/wp-content\\\/uploads\\\/2024\\\/09\\\/medica.png\",\"width\":1200,\"height\":800},{\"@type\":\"BreadcrumbList\",\"@id\":\"https:\\\/\\\/neoqi.com\\\/product\\\/medica\\\/#breadcrumb\",\"itemListElement\":[{\"@type\":\"ListItem\",\"position\":1,\"name\":\"Home\",\"item\":\"https:\\\/\\\/neoqi.com\\\/\"},{\"@type\":\"ListItem\",\"position\":2,\"name\":\"Catalog\",\"item\":\"https:\\\/\\\/neoqi.com\\\/it\\\/catalog\\\/\"},{\"@type\":\"ListItem\",\"position\":3,\"name\":\"Medica\"}]},{\"@type\":\"WebSite\",\"@id\":\"https:\\\/\\\/neoqi.com\\\/#website\",\"url\":\"https:\\\/\\\/neoqi.com\\\/\",\"name\":\"NEOQI\",\"description\":\"Experience Ultimate Wellness and Relaxation with NeoQi Spa Capsule: Your Path to Rejuvenation\",\"publisher\":{\"@id\":\"https:\\\/\\\/neoqi.com\\\/#organization\"},\"potentialAction\":[{\"@type\":\"SearchAction\",\"target\":{\"@type\":\"EntryPoint\",\"urlTemplate\":\"https:\\\/\\\/neoqi.com\\\/?s={search_term_string}\"},\"query-input\":{\"@type\":\"PropertyValueSpecification\",\"valueRequired\":true,\"valueName\":\"search_term_string\"}}],\"inLanguage\":\"de\"},{\"@type\":\"Organization\",\"@id\":\"https:\\\/\\\/neoqi.com\\\/#organization\",\"name\":\"NEOQI\",\"url\":\"https:\\\/\\\/neoqi.com\\\/\",\"logo\":{\"@type\":\"ImageObject\",\"inLanguage\":\"de\",\"@id\":\"https:\\\/\\\/neoqi.com\\\/#\\\/schema\\\/logo\\\/image\\\/\",\"url\":\"https:\\\/\\\/neoqi.com\\\/wp-content\\\/uploads\\\/2024\\\/09\\\/logoneosvg.svg\",\"contentUrl\":\"https:\\\/\\\/neoqi.com\\\/wp-content\\\/uploads\\\/2024\\\/09\\\/logoneosvg.svg\",\"width\":1,\"height\":1,\"caption\":\"NEOQI\"},\"image\":{\"@id\":\"https:\\\/\\\/neoqi.com\\\/#\\\/schema\\\/logo\\\/image\\\/\"},\"sameAs\":[\"https:\\\/\\\/www.facebook.com\\\/neoqi\\\/\",\"https:\\\/\\\/www.instagram.com\\\/neoqi_com\\\/\"]}]}<\/script>\n<!-- \/ Yoast SEO plugin. -->","yoast_head_json":{"title":"Medica - NEOQI","robots":{"index":"index","follow":"follow","max-snippet":"max-snippet:-1","max-image-preview":"max-image-preview:large","max-video-preview":"max-video-preview:-1"},"canonical":"https:\/\/neoqi.com\/de\/produkt\/medica\/","og_locale":"de_DE","og_type":"article","og_title":"Medica - NEOQI","og_description":"Medica is middle-sized professional hydrotherapy bath, which is a good alternative to the Niagara bath. Medica has the same features, but due to its more compact size, it is perfect for smaller rooms. The hydrotherapy bath is designated for zonal massage by means of automatic water and air supply. All massage features of Medica can be complemented by chromotherapy that allows customers to deeply relax and receive positive emotions from the massage session.  The inside of the tub has an ergonomic shape with a profile for the back and thighs, and protruding armrests that provide maximum comfort to the client throughout the treatment.","og_url":"https:\/\/neoqi.com\/de\/produkt\/medica\/","og_site_name":"NEOQI","article_publisher":"https:\/\/www.facebook.com\/neoqi\/","article_modified_time":"2024-12-03T15:38:38+00:00","og_image":[{"width":1200,"height":800,"url":"https:\/\/neoqi.com\/wp-content\/uploads\/2024\/09\/medica.png","type":"image\/png"}],"twitter_card":"summary_large_image","twitter_misc":{"Gesch\u00e4tzte Lesezeit":"1\u00a0Minute"},"schema":{"@context":"https:\/\/schema.org","@graph":[{"@type":"WebPage","@id":"https:\/\/neoqi.com\/product\/medica\/","url":"https:\/\/neoqi.com\/product\/medica\/","name":"Medica - NEOQI","isPartOf":{"@id":"https:\/\/neoqi.com\/#website"},"primaryImageOfPage":{"@id":"https:\/\/neoqi.com\/product\/medica\/#primaryimage"},"image":{"@id":"https:\/\/neoqi.com\/product\/medica\/#primaryimage"},"thumbnailUrl":"https:\/\/neoqi.com\/wp-content\/uploads\/2024\/09\/medica.png","datePublished":"2024-09-07T03:58:56+00:00","dateModified":"2024-12-03T15:38:38+00:00","breadcrumb":{"@id":"https:\/\/neoqi.com\/product\/medica\/#breadcrumb"},"inLanguage":"de","potentialAction":[{"@type":"ReadAction","target":["https:\/\/neoqi.com\/product\/medica\/"]}]},{"@type":"ImageObject","inLanguage":"de","@id":"https:\/\/neoqi.com\/product\/medica\/#primaryimage","url":"https:\/\/neoqi.com\/wp-content\/uploads\/2024\/09\/medica.png","contentUrl":"https:\/\/neoqi.com\/wp-content\/uploads\/2024\/09\/medica.png","width":1200,"height":800},{"@type":"BreadcrumbList","@id":"https:\/\/neoqi.com\/product\/medica\/#breadcrumb","itemListElement":[{"@type":"ListItem","position":1,"name":"Home","item":"https:\/\/neoqi.com\/"},{"@type":"ListItem","position":2,"name":"Catalog","item":"https:\/\/neoqi.com\/it\/catalog\/"},{"@type":"ListItem","position":3,"name":"Medica"}]},{"@type":"WebSite","@id":"https:\/\/neoqi.com\/#website","url":"https:\/\/neoqi.com\/","name":"NEOQI","description":"Erleben Sie ultimative Wellness und Entspannung mit NeoQi Spa Capsule: Ihr Weg zur Verj\u00fcngung","publisher":{"@id":"https:\/\/neoqi.com\/#organization"},"potentialAction":[{"@type":"SearchAction","target":{"@type":"EntryPoint","urlTemplate":"https:\/\/neoqi.com\/?s={search_term_string}"},"query-input":{"@type":"PropertyValueSpecification","valueRequired":true,"valueName":"search_term_string"}}],"inLanguage":"de"},{"@type":"Organization","@id":"https:\/\/neoqi.com\/#organization","name":"NEOQI","url":"https:\/\/neoqi.com\/","logo":{"@type":"ImageObject","inLanguage":"de","@id":"https:\/\/neoqi.com\/#\/schema\/logo\/image\/","url":"https:\/\/neoqi.com\/wp-content\/uploads\/2024\/09\/logoneosvg.svg","contentUrl":"https:\/\/neoqi.com\/wp-content\/uploads\/2024\/09\/logoneosvg.svg","width":1,"height":1,"caption":"NEOQI"},"image":{"@id":"https:\/\/neoqi.com\/#\/schema\/logo\/image\/"},"sameAs":["https:\/\/www.facebook.com\/neoqi\/","https:\/\/www.instagram.com\/neoqi_com\/"]}]}},"_links":{"self":[{"href":"https:\/\/neoqi.com\/de\/wp-json\/wp\/v2\/product\/2163","targetHints":{"allow":["GET"]}}],"collection":[{"href":"https:\/\/neoqi.com\/de\/wp-json\/wp\/v2\/product"}],"about":[{"href":"https:\/\/neoqi.com\/de\/wp-json\/wp\/v2\/types\/product"}],"replies":[{"embeddable":true,"href":"https:\/\/neoqi.com\/de\/wp-json\/wp\/v2\/comments?post=2163"}],"wp:featuredmedia":[{"embeddable":true,"href":"https:\/\/neoqi.com\/de\/wp-json\/wp\/v2\/media\/2164"}],"wp:attachment":[{"href":"https:\/\/neoqi.com\/de\/wp-json\/wp\/v2\/media?parent=2163"}],"wp:term":[{"taxonomy":"product_brand","embeddable":true,"href":"https:\/\/neoqi.com\/de\/wp-json\/wp\/v2\/product_brand?post=2163"},{"taxonomy":"product_cat","embeddable":true,"href":"https:\/\/neoqi.com\/de\/wp-json\/wp\/v2\/product_cat?post=2163"},{"taxonomy":"product_tag","embeddable":true,"href":"https:\/\/neoqi.com\/de\/wp-json\/wp\/v2\/product_tag?post=2163"}],"curies":[{"name":"wp","href":"https:\/\/api.w.org\/{rel}","templated":true}]}}