{"id":2170,"date":"2024-09-07T05:01:35","date_gmt":"2024-09-07T02:01:35","guid":{"rendered":"http:\/\/neoqi.com\/?post_type=product&#038;p=2170"},"modified":"2024-12-03T18:38:26","modified_gmt":"2024-12-03T15:38:26","slug":"bodybase","status":"publish","type":"product","link":"https:\/\/neoqi.com\/de\/produkt\/bodybase\/","title":{"rendered":"Bodybase"},"content":{"rendered":"<p><strong>Die wichtigsten Behandlungen auf NeoQi\u00ae Bodybase:<\/strong><\/p>\n<p>Nassmassage. Die Massage ist eine wirksame pr\u00e4ventive, kosmetische und therapeutische Modalit\u00e4t f\u00fcr den menschlichen K\u00f6rper. Diese Behandlung wirkt sich positiv auf die Haut, das Muskelgewebe, die Nerven, das Herz-Kreislauf-System und die Atemwege aus. Die Verwendung von \u00e4therischen \u00d6len wirkt sich zus\u00e4tzlich nicht nur auf den physischen, sondern auch auf den psychisch-emotionalen Zustand des Menschen aus. Angenehme D\u00fcfte helfen dem Patienten, sich schnell und tief zu entspannen, was die Massage noch produktiver und angenehmer macht.<\/p>\n<p>K\u00f6rper-Peeling. Dieses SPA-Ritual ist in der Lage, die Haut zu wecken und tief zu reinigen, sie mit Sauerstoff anzureichern, den Verj\u00fcngungsprozess zu starten, Elastizit\u00e4t und Festigkeit wiederherzustellen. Bieten Sie Ihren Kunden eine exotische Mischung aus tropischen Fr\u00fcchten, Kaffee und dunkler Schokolade, Cranberries und Meersalz. Das Peeling ist eine perfekte Vorbereitung der Haut auf die nachfolgenden SPA-Behandlungen.<br \/>\nW\u00e4rmende und k\u00fchlende Packungen. K\u00f6rperpackungen sind beliebte und sehr angenehme SPA-Rituale, die darauf abzielen, die Haut mit Vitaminen und Mineralien anzureichern, das Fettgewebe zu verbrennen sowie die Haut zu regenerieren, zu n\u00e4hren und zu verj\u00fcngen. Nach der Behandlung ist die Haut weich, straff und unglaublich geschmeidig.<\/p>\n<p>Thalasso-Therapie. Die Vitalkraft des Meeres hilft, den K\u00f6rper zu beleben, zu regenerieren, zu entspannen und zu verj\u00fcngen. Die Prinzipien der Thalassotherapie beruhen auf der Verwendung von Meerwasser, Meersalzen, Algen und Schlamm. W\u00e4hrend der Sitzung sp\u00fcrt der Kunde die heilende Atmosph\u00e4re der besten Badeorte und wird Stress, Schlaflosigkeit, saisonale Depression und Reizbarkeit los.<\/p>\n<p>Die Steintherapie ist nicht nur eine wirksame und beliebte Art der Massage, sondern auch eine M\u00f6glichkeit, die belebenden Kr\u00e4fte der Natur zu nutzen. Da Steine aus der Erde stammen, haben sie die F\u00e4higkeit, die kraftvolle Energie aller vorhandenen Elemente aufzunehmen. Glatte, flache, hei\u00dfe, schwarz gef\u00e4rbte Steine und k\u00fchle wei\u00dfe Steine entspannen die Muskeln, verbessern die Sauerstoffzufuhr zum Gewebe und zu den inneren Organen, beschleunigen den Stoffwechsel und helfen, innere Harmonie zu finden.<\/p>\n<p><strong>Merkmale:<\/strong><\/p>\n<p>Handbrause<br \/>\nR\u00fcckseitiges Heizsystem<br \/>\nMusikanlage (MP3)<\/p>","protected":false},"excerpt":{"rendered":"<p>Der Bodybase-Massagetisch ist f\u00fcr eine vollst\u00e4ndige Palette von SPA-Behandlungen zur K\u00f6rperpflege konzipiert. Bieten Sie Ihren Kunden alle Arten von Nassmassagen, verschiedene Peelings, Packungen und Thalasso-Behandlungen mit Algen, Salz und Schlamm an. Der Bodybase-Massagetisch eignet sich auch hervorragend f\u00fcr die Stone-Therapie - eine alte Behandlungsmethode mit hei\u00dfen und kalten Steinen.<\/p>\n<p>Die Konstruktion der Liege ist bis ins kleinste Detail durchdacht. Eine ergonomische Liege mit Heizung erm\u00f6glicht dem Kunden maximalen Komfort w\u00e4hrend der Behandlung.<\/p>\n<p>Die Neigung der Arbeitsfl\u00e4che sorgt f\u00fcr einen ungehinderten Abfluss des Wassers und der Kosmetikprodukte in ein spezielles Abflusssystem, das leicht an das allgemeine Abwassersystem angeschlossen werden kann. Das Vorhandensein einer Handbrause sorgt f\u00fcr absolute Entspannung und Ruhe des Kunden w\u00e4hrend der laufenden SPA-Behandlungen. Dar\u00fcber hinaus tr\u00e4gt der eingebaute MP3-Player dazu bei, eine besondere akustische Atmosph\u00e4re zu schaffen, die es dem Kunden erm\u00f6glicht, in eine angenehme Welt der Tr\u00e4ume und Fantasien einzutauchen.<\/p>","protected":false},"featured_media":2171,"comment_status":"open","ping_status":"closed","template":"","meta":{"_acf_changed":false,"site-sidebar-layout":"default","site-content-layout":"","ast-site-content-layout":"default","site-content-style":"default","site-sidebar-style":"default","ast-global-header-display":"","ast-banner-title-visibility":"","ast-main-header-display":"","ast-hfb-above-header-display":"","ast-hfb-below-header-display":"","ast-hfb-mobile-header-display":"","site-post-title":"","ast-breadcrumbs-content":"","ast-featured-img":"","footer-sml-layout":"","ast-disable-related-posts":"","theme-transparent-header-meta":"default","adv-header-id-meta":"","stick-header-meta":"","header-above-stick-meta":"","header-main-stick-meta":"","header-below-stick-meta":"","astra-migrate-meta-layouts":"set","ast-page-background-enabled":"default","ast-page-background-meta":{"desktop":{"background-color":"var(--ast-global-color-4)","background-image":"","background-repeat":"repeat","background-position":"center center","background-size":"auto","background-attachment":"scroll","background-type":"","background-media":"","overlay-type":"","overlay-color":"","overlay-opacity":"","overlay-gradient":""},"tablet":{"background-color":"","background-image":"","background-repeat":"repeat","background-position":"center center","background-size":"auto","background-attachment":"scroll","background-type":"","background-media":"","overlay-type":"","overlay-color":"","overlay-opacity":"","overlay-gradient":""},"mobile":{"background-color":"","background-image":"","background-repeat":"repeat","background-position":"center center","background-size":"auto","background-attachment":"scroll","background-type":"","background-media":"","overlay-type":"","overlay-color":"","overlay-opacity":"","overlay-gradient":""}},"ast-content-background-meta":{"desktop":{"background-color":"var(--ast-global-color-5)","background-image":"","background-repeat":"repeat","background-position":"center center","background-size":"auto","background-attachment":"scroll","background-type":"","background-media":"","overlay-type":"","overlay-color":"","overlay-opacity":"","overlay-gradient":""},"tablet":{"background-color":"var(--ast-global-color-5)","background-image":"","background-repeat":"repeat","background-position":"center center","background-size":"auto","background-attachment":"scroll","background-type":"","background-media":"","overlay-type":"","overlay-color":"","overlay-opacity":"","overlay-gradient":""},"mobile":{"background-color":"var(--ast-global-color-5)","background-image":"","background-repeat":"repeat","background-position":"center center","background-size":"auto","background-attachment":"scroll","background-type":"","background-media":"","overlay-type":"","overlay-color":"","overlay-opacity":"","overlay-gradient":""}}},"product_brand":[],"product_cat":[81,82],"product_tag":[],"class_list":{"0":"post-2170","1":"product","2":"type-product","3":"status-publish","4":"has-post-thumbnail","6":"product_cat-energy-cocoons","7":"product_cat-esthetical","8":"desktop-align-left","9":"tablet-align-left","10":"mobile-align-left","12":"first","13":"instock","14":"shipping-taxable","15":"product-type-simple"},"acf":[],"yoast_head":"<!-- This site is optimized with the Yoast SEO plugin v27.4 - https:\/\/yoast.com\/product\/yoast-seo-wordpress\/ -->\n<title>Bodybase - NEOQI<\/title>\n<meta name=\"robots\" content=\"index, follow, max-snippet:-1, max-image-preview:large, max-video-preview:-1\" \/>\n<link rel=\"canonical\" href=\"https:\/\/neoqi.com\/de\/produkt\/bodybase\/\" \/>\n<meta property=\"og:locale\" content=\"de_DE\" \/>\n<meta property=\"og:type\" content=\"article\" \/>\n<meta property=\"og:title\" content=\"Bodybase - NEOQI\" \/>\n<meta property=\"og:description\" content=\"The Bodybase massage table is designed for a full range of SPA treatments for body care. Offer your customers all types of wet massages, a variety of peelings, wraps, and thalassotherapy sessions with algae, salt and mud. The Bodybase massage table is also great for stone therapy \u2013 an ancient treatment method with hot and cold stones.  The construction of the table is well thought through until the last detail. An ergonomic bed with heating enables the customer maximum comfort during the treatment.  The slope of the work surface provides unobstructed water and cosmetic products drainage in a special drainage system that is easily connected to the general sewerage system. The presence of a hand shower ensures absolute relaxation and stillness of the customer during ongoing SPA treatments. In addition, the built-in MP3 player helps to create a special acoustic atmosphere, allowing the customer to immerse themselves in a pleasant world of dreams and fantasies.\" \/>\n<meta property=\"og:url\" content=\"https:\/\/neoqi.com\/de\/produkt\/bodybase\/\" \/>\n<meta property=\"og:site_name\" content=\"NEOQI\" \/>\n<meta property=\"article:publisher\" content=\"https:\/\/www.facebook.com\/neoqi\/\" \/>\n<meta property=\"article:modified_time\" content=\"2024-12-03T15:38:26+00:00\" \/>\n<meta property=\"og:image\" content=\"https:\/\/neoqi.com\/wp-content\/uploads\/2024\/09\/wellness_neoqi_Mediq_1.png\" \/>\n\t<meta property=\"og:image:width\" content=\"800\" \/>\n\t<meta property=\"og:image:height\" content=\"533\" \/>\n\t<meta property=\"og:image:type\" content=\"image\/png\" \/>\n<meta name=\"twitter:card\" content=\"summary_large_image\" \/>\n<meta name=\"twitter:label1\" content=\"Gesch\u00e4tzte Lesezeit\" \/>\n\t<meta name=\"twitter:data1\" content=\"2\u00a0Minuten\" \/>\n<script type=\"application\/ld+json\" class=\"yoast-schema-graph\">{\"@context\":\"https:\\\/\\\/schema.org\",\"@graph\":[{\"@type\":\"WebPage\",\"@id\":\"https:\\\/\\\/neoqi.com\\\/product\\\/bodybase\\\/\",\"url\":\"https:\\\/\\\/neoqi.com\\\/product\\\/bodybase\\\/\",\"name\":\"Bodybase - NEOQI\",\"isPartOf\":{\"@id\":\"https:\\\/\\\/neoqi.com\\\/#website\"},\"primaryImageOfPage\":{\"@id\":\"https:\\\/\\\/neoqi.com\\\/product\\\/bodybase\\\/#primaryimage\"},\"image\":{\"@id\":\"https:\\\/\\\/neoqi.com\\\/product\\\/bodybase\\\/#primaryimage\"},\"thumbnailUrl\":\"https:\\\/\\\/neoqi.com\\\/wp-content\\\/uploads\\\/2024\\\/09\\\/wellness_neoqi_Mediq_1.png\",\"datePublished\":\"2024-09-07T02:01:35+00:00\",\"dateModified\":\"2024-12-03T15:38:26+00:00\",\"breadcrumb\":{\"@id\":\"https:\\\/\\\/neoqi.com\\\/product\\\/bodybase\\\/#breadcrumb\"},\"inLanguage\":\"de\",\"potentialAction\":[{\"@type\":\"ReadAction\",\"target\":[\"https:\\\/\\\/neoqi.com\\\/product\\\/bodybase\\\/\"]}]},{\"@type\":\"ImageObject\",\"inLanguage\":\"de\",\"@id\":\"https:\\\/\\\/neoqi.com\\\/product\\\/bodybase\\\/#primaryimage\",\"url\":\"https:\\\/\\\/neoqi.com\\\/wp-content\\\/uploads\\\/2024\\\/09\\\/wellness_neoqi_Mediq_1.png\",\"contentUrl\":\"https:\\\/\\\/neoqi.com\\\/wp-content\\\/uploads\\\/2024\\\/09\\\/wellness_neoqi_Mediq_1.png\",\"width\":800,\"height\":533},{\"@type\":\"BreadcrumbList\",\"@id\":\"https:\\\/\\\/neoqi.com\\\/product\\\/bodybase\\\/#breadcrumb\",\"itemListElement\":[{\"@type\":\"ListItem\",\"position\":1,\"name\":\"Home\",\"item\":\"https:\\\/\\\/neoqi.com\\\/\"},{\"@type\":\"ListItem\",\"position\":2,\"name\":\"Catalog\",\"item\":\"https:\\\/\\\/neoqi.com\\\/it\\\/catalog\\\/\"},{\"@type\":\"ListItem\",\"position\":3,\"name\":\"Bodybase\"}]},{\"@type\":\"WebSite\",\"@id\":\"https:\\\/\\\/neoqi.com\\\/#website\",\"url\":\"https:\\\/\\\/neoqi.com\\\/\",\"name\":\"NEOQI\",\"description\":\"Experience Ultimate Wellness and Relaxation with NeoQi Spa Capsule: Your Path to Rejuvenation\",\"publisher\":{\"@id\":\"https:\\\/\\\/neoqi.com\\\/#organization\"},\"potentialAction\":[{\"@type\":\"SearchAction\",\"target\":{\"@type\":\"EntryPoint\",\"urlTemplate\":\"https:\\\/\\\/neoqi.com\\\/?s={search_term_string}\"},\"query-input\":{\"@type\":\"PropertyValueSpecification\",\"valueRequired\":true,\"valueName\":\"search_term_string\"}}],\"inLanguage\":\"de\"},{\"@type\":\"Organization\",\"@id\":\"https:\\\/\\\/neoqi.com\\\/#organization\",\"name\":\"NEOQI\",\"url\":\"https:\\\/\\\/neoqi.com\\\/\",\"logo\":{\"@type\":\"ImageObject\",\"inLanguage\":\"de\",\"@id\":\"https:\\\/\\\/neoqi.com\\\/#\\\/schema\\\/logo\\\/image\\\/\",\"url\":\"https:\\\/\\\/neoqi.com\\\/wp-content\\\/uploads\\\/2024\\\/09\\\/logoneosvg.svg\",\"contentUrl\":\"https:\\\/\\\/neoqi.com\\\/wp-content\\\/uploads\\\/2024\\\/09\\\/logoneosvg.svg\",\"width\":1,\"height\":1,\"caption\":\"NEOQI\"},\"image\":{\"@id\":\"https:\\\/\\\/neoqi.com\\\/#\\\/schema\\\/logo\\\/image\\\/\"},\"sameAs\":[\"https:\\\/\\\/www.facebook.com\\\/neoqi\\\/\",\"https:\\\/\\\/www.instagram.com\\\/neoqi_com\\\/\"]}]}<\/script>\n<!-- \/ Yoast SEO plugin. -->","yoast_head_json":{"title":"Bodybase - NEOQI","robots":{"index":"index","follow":"follow","max-snippet":"max-snippet:-1","max-image-preview":"max-image-preview:large","max-video-preview":"max-video-preview:-1"},"canonical":"https:\/\/neoqi.com\/de\/produkt\/bodybase\/","og_locale":"de_DE","og_type":"article","og_title":"Bodybase - NEOQI","og_description":"The Bodybase massage table is designed for a full range of SPA treatments for body care. Offer your customers all types of wet massages, a variety of peelings, wraps, and thalassotherapy sessions with algae, salt and mud. The Bodybase massage table is also great for stone therapy \u2013 an ancient treatment method with hot and cold stones.  The construction of the table is well thought through until the last detail. An ergonomic bed with heating enables the customer maximum comfort during the treatment.  The slope of the work surface provides unobstructed water and cosmetic products drainage in a special drainage system that is easily connected to the general sewerage system. The presence of a hand shower ensures absolute relaxation and stillness of the customer during ongoing SPA treatments. In addition, the built-in MP3 player helps to create a special acoustic atmosphere, allowing the customer to immerse themselves in a pleasant world of dreams and fantasies.","og_url":"https:\/\/neoqi.com\/de\/produkt\/bodybase\/","og_site_name":"NEOQI","article_publisher":"https:\/\/www.facebook.com\/neoqi\/","article_modified_time":"2024-12-03T15:38:26+00:00","og_image":[{"width":800,"height":533,"url":"https:\/\/neoqi.com\/wp-content\/uploads\/2024\/09\/wellness_neoqi_Mediq_1.png","type":"image\/png"}],"twitter_card":"summary_large_image","twitter_misc":{"Gesch\u00e4tzte Lesezeit":"2\u00a0Minuten"},"schema":{"@context":"https:\/\/schema.org","@graph":[{"@type":"WebPage","@id":"https:\/\/neoqi.com\/product\/bodybase\/","url":"https:\/\/neoqi.com\/product\/bodybase\/","name":"Bodybase - NEOQI","isPartOf":{"@id":"https:\/\/neoqi.com\/#website"},"primaryImageOfPage":{"@id":"https:\/\/neoqi.com\/product\/bodybase\/#primaryimage"},"image":{"@id":"https:\/\/neoqi.com\/product\/bodybase\/#primaryimage"},"thumbnailUrl":"https:\/\/neoqi.com\/wp-content\/uploads\/2024\/09\/wellness_neoqi_Mediq_1.png","datePublished":"2024-09-07T02:01:35+00:00","dateModified":"2024-12-03T15:38:26+00:00","breadcrumb":{"@id":"https:\/\/neoqi.com\/product\/bodybase\/#breadcrumb"},"inLanguage":"de","potentialAction":[{"@type":"ReadAction","target":["https:\/\/neoqi.com\/product\/bodybase\/"]}]},{"@type":"ImageObject","inLanguage":"de","@id":"https:\/\/neoqi.com\/product\/bodybase\/#primaryimage","url":"https:\/\/neoqi.com\/wp-content\/uploads\/2024\/09\/wellness_neoqi_Mediq_1.png","contentUrl":"https:\/\/neoqi.com\/wp-content\/uploads\/2024\/09\/wellness_neoqi_Mediq_1.png","width":800,"height":533},{"@type":"BreadcrumbList","@id":"https:\/\/neoqi.com\/product\/bodybase\/#breadcrumb","itemListElement":[{"@type":"ListItem","position":1,"name":"Home","item":"https:\/\/neoqi.com\/"},{"@type":"ListItem","position":2,"name":"Catalog","item":"https:\/\/neoqi.com\/it\/catalog\/"},{"@type":"ListItem","position":3,"name":"Bodybase"}]},{"@type":"WebSite","@id":"https:\/\/neoqi.com\/#website","url":"https:\/\/neoqi.com\/","name":"NEOQI","description":"Erleben Sie ultimative Wellness und Entspannung mit NeoQi Spa Capsule: Ihr Weg zur Verj\u00fcngung","publisher":{"@id":"https:\/\/neoqi.com\/#organization"},"potentialAction":[{"@type":"SearchAction","target":{"@type":"EntryPoint","urlTemplate":"https:\/\/neoqi.com\/?s={search_term_string}"},"query-input":{"@type":"PropertyValueSpecification","valueRequired":true,"valueName":"search_term_string"}}],"inLanguage":"de"},{"@type":"Organization","@id":"https:\/\/neoqi.com\/#organization","name":"NEOQI","url":"https:\/\/neoqi.com\/","logo":{"@type":"ImageObject","inLanguage":"de","@id":"https:\/\/neoqi.com\/#\/schema\/logo\/image\/","url":"https:\/\/neoqi.com\/wp-content\/uploads\/2024\/09\/logoneosvg.svg","contentUrl":"https:\/\/neoqi.com\/wp-content\/uploads\/2024\/09\/logoneosvg.svg","width":1,"height":1,"caption":"NEOQI"},"image":{"@id":"https:\/\/neoqi.com\/#\/schema\/logo\/image\/"},"sameAs":["https:\/\/www.facebook.com\/neoqi\/","https:\/\/www.instagram.com\/neoqi_com\/"]}]}},"_links":{"self":[{"href":"https:\/\/neoqi.com\/de\/wp-json\/wp\/v2\/product\/2170","targetHints":{"allow":["GET"]}}],"collection":[{"href":"https:\/\/neoqi.com\/de\/wp-json\/wp\/v2\/product"}],"about":[{"href":"https:\/\/neoqi.com\/de\/wp-json\/wp\/v2\/types\/product"}],"replies":[{"embeddable":true,"href":"https:\/\/neoqi.com\/de\/wp-json\/wp\/v2\/comments?post=2170"}],"wp:featuredmedia":[{"embeddable":true,"href":"https:\/\/neoqi.com\/de\/wp-json\/wp\/v2\/media\/2171"}],"wp:attachment":[{"href":"https:\/\/neoqi.com\/de\/wp-json\/wp\/v2\/media?parent=2170"}],"wp:term":[{"taxonomy":"product_brand","embeddable":true,"href":"https:\/\/neoqi.com\/de\/wp-json\/wp\/v2\/product_brand?post=2170"},{"taxonomy":"product_cat","embeddable":true,"href":"https:\/\/neoqi.com\/de\/wp-json\/wp\/v2\/product_cat?post=2170"},{"taxonomy":"product_tag","embeddable":true,"href":"https:\/\/neoqi.com\/de\/wp-json\/wp\/v2\/product_tag?post=2170"}],"curies":[{"name":"wp","href":"https:\/\/api.w.org\/{rel}","templated":true}]}}