{"id":2184,"date":"2024-09-07T02:04:55","date_gmt":"2024-09-06T23:04:55","guid":{"rendered":"http:\/\/neoqi.com\/?post_type=product&#038;p=2184"},"modified":"2024-12-04T08:28:00","modified_gmt":"2024-12-04T05:28:00","slug":"balance","status":"publish","type":"product","link":"https:\/\/neoqi.com\/de\/produkt\/balance\/","title":{"rendered":"Balance"},"content":{"rendered":"<div id=\"tab-description\" class=\"woocommerce-Tabs-panel woocommerce-Tabs-panel--description panel entry-content wc-tab\" role=\"tabpanel\" aria-labelledby=\"tab-title-description\">\n<p><strong>Die wichtigsten Behandlungen in NeoQi\u00ae Balance<\/strong><\/p>\n<p><strong>Hydrofusion<\/strong>. Die Kombination aus Dampf und Infrarotw\u00e4rme ist eine revolution\u00e4re und effiziente Methode der Thermotherapie. Dank der feuchten Dampfschicht und der Tiefenerw\u00e4rmung des Gewebes wird die wohltuende Wirkung der auf den K\u00f6rper aufgetragenen Packungen und Masken verst\u00e4rkt. Sie erhalten nicht nur Entspannung, sondern auch den Verlust von \u00fcberfl\u00fcssigen Kilos, die Beseitigung von Cellulite und eine deutliche Steigerung der Hautelastizit\u00e4t. Innerhalb des Energiekokons entsteht eine einzigartige Umgebung, vergleichbar mit dem Leben im Mutterleib - ein Gef\u00fchl von Wohlbefinden, geistiger Harmonie und Gl\u00fcck.<\/p>\n<p><strong>Hydromassage<\/strong>. Die Wassermassage wird entlang der anatomischen Zonen durchgef\u00fchrt. Starke und elastische Wasserstrahlen massieren die Problemzonen des K\u00f6rpers, beseitigen die Schmerzen in Muskeln und Gelenken, korrigieren die Figur und bauen Stress effektiv ab.<\/p>\n<p><strong>Luftblasenmassage<\/strong>. Tausende von Luftblasen, die im Wasser wirbeln, umh\u00fcllen den K\u00f6rper sanft und vermitteln ein Gef\u00fchl von Leichtigkeit und Schwerelosigkeit. Die Luftsprudelmassage normalisiert den Blutdruck, regt die Entgiftung an und hat eine insgesamt beruhigende Wirkung.<\/p>\n<p><strong>Aromatherapie<\/strong>. Tauchen Sie ein in eine bezaubernde Welt der Aromen! S\u00fc\u00dfe Vanille, anregender Zimt, der Duft frischer gr\u00fcner \u00c4pfel ... Mit der Wahl der richtigen Duftkomposition verst\u00e4rken Sie die wohltuende Wirkung der durchgef\u00fchrten Behandlung. Die Aromatherapie tr\u00e4gt zur vollst\u00e4ndigen Entspannung von K\u00f6rper und Geist bei und wirkt auf emotionaler und physischer Ebene.<\/p>\n<p><strong>Musiktherapie<\/strong>. Ein eingebauter \u041c\u04203-Player bietet die M\u00f6glichkeit, w\u00e4hrend der SPA-Kapselbehandlung Ihre Lieblingsmusik zu h\u00f6ren. Musikkompositionen k\u00f6nnen heilen, die Gehirnfunktion st\u00e4rken, schmerzlindernd und entspannend wirken.<\/p>\n<p><a href=\"https:\/\/neoqi.com\/de\/produkt\/energy-cocoons\/balance\/#tab-description\">Beschreibung<\/a><\/p>\n<div id=\"tab-description\" class=\"woocommerce-Tabs-panel woocommerce-Tabs-panel--description panel entry-content wc-tab\" role=\"tabpanel\" aria-labelledby=\"tab-title-description\">\n<p>Infrarot-Sauna<br \/>\nDampfsauna<br \/>\nAroma-Therapie<br \/>\nFarblichtsystem<br \/>\nMusikanlage (MP3)<br \/>\nHydromassage<br \/>\nLuftblasenmassage<br \/>\n6 Seitend\u00fcsen<br \/>\n6 R\u00fcckenmassaged\u00fcsen<br \/>\n2 D\u00fcsen f\u00fcr die F\u00fc\u00dfe<br \/>\n10 Bodenluftd\u00fcsen<br \/>\nHandbrause<\/p>\n<\/div>\n<\/div>","protected":false},"excerpt":{"rendered":"<p>Der Balance Energy Cocoon ist eine vielseitige und \u00e4u\u00dferst kompakte Whirlwanne, die durch Saunafunktionen erg\u00e4nzt wird. Klein und funktional wie ein kompletter SPA-Komplex, ist er f\u00fcr den Einbau in einer Ecke des Badezimmers konzipiert.<\/p>\n<p>Die SPA-Kapsel ist ein einzigartiges Ger\u00e4t, mit dem Sie Dampf- und Infrarotsaunen besuchen, Hydro- und Luftblasenmassagen genie\u00dfen und die wohltuende Wirkung von Licht- und Aromatherapie erleben k\u00f6nnen. Balance hat eine starke Anti-Stress- und Heilwirkung. Durch die Kombination verschiedener Funktionen und die Erstellung unterschiedlicher Programme k\u00f6nnen Sie auf einfache Weise \u00dcbergewicht und Schmerzsyndrome in Muskeln und Gelenken loswerden sowie die geistige und k\u00f6rperliche Harmonie Ihres K\u00f6rpers verstehen.<\/p>\n<p>Mit dem Balance-Energiekokon k\u00f6nnen Sie die Vielfalt der SPA-Rituale in der Privatsph\u00e4re Ihrer eigenen vier W\u00e4nde genie\u00dfen.<\/p>","protected":false},"featured_media":2185,"comment_status":"open","ping_status":"closed","template":"","meta":{"_acf_changed":false,"site-sidebar-layout":"default","site-content-layout":"","ast-site-content-layout":"default","site-content-style":"default","site-sidebar-style":"default","ast-global-header-display":"","ast-banner-title-visibility":"","ast-main-header-display":"","ast-hfb-above-header-display":"","ast-hfb-below-header-display":"","ast-hfb-mobile-header-display":"","site-post-title":"","ast-breadcrumbs-content":"","ast-featured-img":"","footer-sml-layout":"","ast-disable-related-posts":"","theme-transparent-header-meta":"default","adv-header-id-meta":"","stick-header-meta":"","header-above-stick-meta":"","header-main-stick-meta":"","header-below-stick-meta":"","astra-migrate-meta-layouts":"set","ast-page-background-enabled":"default","ast-page-background-meta":{"desktop":{"background-color":"var(--ast-global-color-4)","background-image":"","background-repeat":"repeat","background-position":"center center","background-size":"auto","background-attachment":"scroll","background-type":"","background-media":"","overlay-type":"","overlay-color":"","overlay-opacity":"","overlay-gradient":""},"tablet":{"background-color":"","background-image":"","background-repeat":"repeat","background-position":"center center","background-size":"auto","background-attachment":"scroll","background-type":"","background-media":"","overlay-type":"","overlay-color":"","overlay-opacity":"","overlay-gradient":""},"mobile":{"background-color":"","background-image":"","background-repeat":"repeat","background-position":"center center","background-size":"auto","background-attachment":"scroll","background-type":"","background-media":"","overlay-type":"","overlay-color":"","overlay-opacity":"","overlay-gradient":""}},"ast-content-background-meta":{"desktop":{"background-color":"var(--ast-global-color-5)","background-image":"","background-repeat":"repeat","background-position":"center center","background-size":"auto","background-attachment":"scroll","background-type":"","background-media":"","overlay-type":"","overlay-color":"","overlay-opacity":"","overlay-gradient":""},"tablet":{"background-color":"var(--ast-global-color-5)","background-image":"","background-repeat":"repeat","background-position":"center center","background-size":"auto","background-attachment":"scroll","background-type":"","background-media":"","overlay-type":"","overlay-color":"","overlay-opacity":"","overlay-gradient":""},"mobile":{"background-color":"var(--ast-global-color-5)","background-image":"","background-repeat":"repeat","background-position":"center center","background-size":"auto","background-attachment":"scroll","background-type":"","background-media":"","overlay-type":"","overlay-color":"","overlay-opacity":"","overlay-gradient":""}}},"product_brand":[],"product_cat":[81,87],"product_tag":[],"class_list":{"0":"post-2184","1":"product","2":"type-product","3":"status-publish","4":"has-post-thumbnail","6":"product_cat-energy-cocoons","7":"product_cat-home-spa","8":"desktop-align-left","9":"tablet-align-left","10":"mobile-align-left","12":"first","13":"instock","14":"shipping-taxable","15":"product-type-simple"},"acf":[],"yoast_head":"<!-- This site is optimized with the Yoast SEO plugin v27.3 - https:\/\/yoast.com\/product\/yoast-seo-wordpress\/ -->\n<title>Balance - NEOQI<\/title>\n<meta name=\"robots\" content=\"index, follow, max-snippet:-1, max-image-preview:large, max-video-preview:-1\" \/>\n<link rel=\"canonical\" href=\"https:\/\/neoqi.com\/de\/produkt\/balance\/\" \/>\n<meta property=\"og:locale\" content=\"de_DE\" \/>\n<meta property=\"og:type\" content=\"article\" \/>\n<meta property=\"og:title\" content=\"Balance - NEOQI\" \/>\n<meta property=\"og:description\" content=\"The Balance Energy cocoon is a versatile and extremely compact whirlpool bath, complemented with sauna functions. Small and functional as a full SPA complex, it is designed for installation in a corner of the bathroom.  SPA-capsule is a unique device with which you can get pleasure from visiting steam and infrared saunas, enjoy hydro- and air bubble massage, in addition to experiencing the beneficial effects of light- and aromatherapy. Balance has a powerful anti-stress and healing influence. By combining various functions and creating different programs, you can easily get rid of excess weight, pain syndromes in muscles and joints, as well as understand the spiritual and physical harmony of your body.  By using the Balance energy cocoon, you can enjoy the variety of SPA rituals in the privacy of your own home.\" \/>\n<meta property=\"og:url\" content=\"https:\/\/neoqi.com\/de\/produkt\/balance\/\" \/>\n<meta property=\"og:site_name\" content=\"NEOQI\" \/>\n<meta property=\"article:publisher\" content=\"https:\/\/www.facebook.com\/neoqi\/\" \/>\n<meta property=\"article:modified_time\" content=\"2024-12-04T05:28:00+00:00\" \/>\n<meta property=\"og:image\" content=\"https:\/\/neoqi.com\/wp-content\/uploads\/2024\/09\/balance.png\" \/>\n\t<meta property=\"og:image:width\" content=\"1200\" \/>\n\t<meta property=\"og:image:height\" content=\"800\" \/>\n\t<meta property=\"og:image:type\" content=\"image\/png\" \/>\n<meta name=\"twitter:card\" content=\"summary_large_image\" \/>\n<meta name=\"twitter:label1\" content=\"Gesch\u00e4tzte Lesezeit\" \/>\n\t<meta name=\"twitter:data1\" content=\"1\u00a0Minute\" \/>\n<script type=\"application\/ld+json\" class=\"yoast-schema-graph\">{\"@context\":\"https:\\\/\\\/schema.org\",\"@graph\":[{\"@type\":\"WebPage\",\"@id\":\"https:\\\/\\\/neoqi.com\\\/de\\\/produkt\\\/balance\\\/\",\"url\":\"https:\\\/\\\/neoqi.com\\\/de\\\/produkt\\\/balance\\\/\",\"name\":\"Balance - NEOQI\",\"isPartOf\":{\"@id\":\"https:\\\/\\\/neoqi.com\\\/#website\"},\"primaryImageOfPage\":{\"@id\":\"https:\\\/\\\/neoqi.com\\\/de\\\/produkt\\\/balance\\\/#primaryimage\"},\"image\":{\"@id\":\"https:\\\/\\\/neoqi.com\\\/de\\\/produkt\\\/balance\\\/#primaryimage\"},\"thumbnailUrl\":\"https:\\\/\\\/neoqi.com\\\/wp-content\\\/uploads\\\/2024\\\/09\\\/balance.png\",\"datePublished\":\"2024-09-06T23:04:55+00:00\",\"dateModified\":\"2024-12-04T05:28:00+00:00\",\"breadcrumb\":{\"@id\":\"https:\\\/\\\/neoqi.com\\\/de\\\/produkt\\\/balance\\\/#breadcrumb\"},\"inLanguage\":\"de\",\"potentialAction\":[{\"@type\":\"ReadAction\",\"target\":[\"https:\\\/\\\/neoqi.com\\\/de\\\/produkt\\\/balance\\\/\"]}]},{\"@type\":\"ImageObject\",\"inLanguage\":\"de\",\"@id\":\"https:\\\/\\\/neoqi.com\\\/de\\\/produkt\\\/balance\\\/#primaryimage\",\"url\":\"https:\\\/\\\/neoqi.com\\\/wp-content\\\/uploads\\\/2024\\\/09\\\/balance.png\",\"contentUrl\":\"https:\\\/\\\/neoqi.com\\\/wp-content\\\/uploads\\\/2024\\\/09\\\/balance.png\",\"width\":1200,\"height\":800},{\"@type\":\"BreadcrumbList\",\"@id\":\"https:\\\/\\\/neoqi.com\\\/de\\\/produkt\\\/balance\\\/#breadcrumb\",\"itemListElement\":[{\"@type\":\"ListItem\",\"position\":1,\"name\":\"Home\",\"item\":\"https:\\\/\\\/neoqi.com\\\/\"},{\"@type\":\"ListItem\",\"position\":2,\"name\":\"Catalog\",\"item\":\"https:\\\/\\\/neoqi.com\\\/it\\\/catalog\\\/\"},{\"@type\":\"ListItem\",\"position\":3,\"name\":\"Balance\"}]},{\"@type\":\"WebSite\",\"@id\":\"https:\\\/\\\/neoqi.com\\\/#website\",\"url\":\"https:\\\/\\\/neoqi.com\\\/\",\"name\":\"NEOQI\",\"description\":\"Experience Ultimate Wellness and Relaxation with NeoQi Spa Capsule: Your Path to Rejuvenation\",\"publisher\":{\"@id\":\"https:\\\/\\\/neoqi.com\\\/#organization\"},\"potentialAction\":[{\"@type\":\"SearchAction\",\"target\":{\"@type\":\"EntryPoint\",\"urlTemplate\":\"https:\\\/\\\/neoqi.com\\\/?s={search_term_string}\"},\"query-input\":{\"@type\":\"PropertyValueSpecification\",\"valueRequired\":true,\"valueName\":\"search_term_string\"}}],\"inLanguage\":\"de\"},{\"@type\":\"Organization\",\"@id\":\"https:\\\/\\\/neoqi.com\\\/#organization\",\"name\":\"NEOQI\",\"url\":\"https:\\\/\\\/neoqi.com\\\/\",\"logo\":{\"@type\":\"ImageObject\",\"inLanguage\":\"de\",\"@id\":\"https:\\\/\\\/neoqi.com\\\/#\\\/schema\\\/logo\\\/image\\\/\",\"url\":\"https:\\\/\\\/neoqi.com\\\/wp-content\\\/uploads\\\/2024\\\/09\\\/logoneosvg.svg\",\"contentUrl\":\"https:\\\/\\\/neoqi.com\\\/wp-content\\\/uploads\\\/2024\\\/09\\\/logoneosvg.svg\",\"width\":1,\"height\":1,\"caption\":\"NEOQI\"},\"image\":{\"@id\":\"https:\\\/\\\/neoqi.com\\\/#\\\/schema\\\/logo\\\/image\\\/\"},\"sameAs\":[\"https:\\\/\\\/www.facebook.com\\\/neoqi\\\/\",\"https:\\\/\\\/www.instagram.com\\\/neoqi_com\\\/\"]}]}<\/script>\n<!-- \/ Yoast SEO plugin. -->","yoast_head_json":{"title":"Balance - NEOQI","robots":{"index":"index","follow":"follow","max-snippet":"max-snippet:-1","max-image-preview":"max-image-preview:large","max-video-preview":"max-video-preview:-1"},"canonical":"https:\/\/neoqi.com\/de\/produkt\/balance\/","og_locale":"de_DE","og_type":"article","og_title":"Balance - NEOQI","og_description":"The Balance Energy cocoon is a versatile and extremely compact whirlpool bath, complemented with sauna functions. Small and functional as a full SPA complex, it is designed for installation in a corner of the bathroom.  SPA-capsule is a unique device with which you can get pleasure from visiting steam and infrared saunas, enjoy hydro- and air bubble massage, in addition to experiencing the beneficial effects of light- and aromatherapy. Balance has a powerful anti-stress and healing influence. By combining various functions and creating different programs, you can easily get rid of excess weight, pain syndromes in muscles and joints, as well as understand the spiritual and physical harmony of your body.  By using the Balance energy cocoon, you can enjoy the variety of SPA rituals in the privacy of your own home.","og_url":"https:\/\/neoqi.com\/de\/produkt\/balance\/","og_site_name":"NEOQI","article_publisher":"https:\/\/www.facebook.com\/neoqi\/","article_modified_time":"2024-12-04T05:28:00+00:00","og_image":[{"width":1200,"height":800,"url":"https:\/\/neoqi.com\/wp-content\/uploads\/2024\/09\/balance.png","type":"image\/png"}],"twitter_card":"summary_large_image","twitter_misc":{"Gesch\u00e4tzte Lesezeit":"1\u00a0Minute"},"schema":{"@context":"https:\/\/schema.org","@graph":[{"@type":"WebPage","@id":"https:\/\/neoqi.com\/de\/produkt\/balance\/","url":"https:\/\/neoqi.com\/de\/produkt\/balance\/","name":"Balance - NEOQI","isPartOf":{"@id":"https:\/\/neoqi.com\/#website"},"primaryImageOfPage":{"@id":"https:\/\/neoqi.com\/de\/produkt\/balance\/#primaryimage"},"image":{"@id":"https:\/\/neoqi.com\/de\/produkt\/balance\/#primaryimage"},"thumbnailUrl":"https:\/\/neoqi.com\/wp-content\/uploads\/2024\/09\/balance.png","datePublished":"2024-09-06T23:04:55+00:00","dateModified":"2024-12-04T05:28:00+00:00","breadcrumb":{"@id":"https:\/\/neoqi.com\/de\/produkt\/balance\/#breadcrumb"},"inLanguage":"de","potentialAction":[{"@type":"ReadAction","target":["https:\/\/neoqi.com\/de\/produkt\/balance\/"]}]},{"@type":"ImageObject","inLanguage":"de","@id":"https:\/\/neoqi.com\/de\/produkt\/balance\/#primaryimage","url":"https:\/\/neoqi.com\/wp-content\/uploads\/2024\/09\/balance.png","contentUrl":"https:\/\/neoqi.com\/wp-content\/uploads\/2024\/09\/balance.png","width":1200,"height":800},{"@type":"BreadcrumbList","@id":"https:\/\/neoqi.com\/de\/produkt\/balance\/#breadcrumb","itemListElement":[{"@type":"ListItem","position":1,"name":"Home","item":"https:\/\/neoqi.com\/"},{"@type":"ListItem","position":2,"name":"Catalog","item":"https:\/\/neoqi.com\/it\/catalog\/"},{"@type":"ListItem","position":3,"name":"Balance"}]},{"@type":"WebSite","@id":"https:\/\/neoqi.com\/#website","url":"https:\/\/neoqi.com\/","name":"NEOQI","description":"Erleben Sie ultimative Wellness und Entspannung mit NeoQi Spa Capsule: Ihr Weg zur Verj\u00fcngung","publisher":{"@id":"https:\/\/neoqi.com\/#organization"},"potentialAction":[{"@type":"SearchAction","target":{"@type":"EntryPoint","urlTemplate":"https:\/\/neoqi.com\/?s={search_term_string}"},"query-input":{"@type":"PropertyValueSpecification","valueRequired":true,"valueName":"search_term_string"}}],"inLanguage":"de"},{"@type":"Organization","@id":"https:\/\/neoqi.com\/#organization","name":"NEOQI","url":"https:\/\/neoqi.com\/","logo":{"@type":"ImageObject","inLanguage":"de","@id":"https:\/\/neoqi.com\/#\/schema\/logo\/image\/","url":"https:\/\/neoqi.com\/wp-content\/uploads\/2024\/09\/logoneosvg.svg","contentUrl":"https:\/\/neoqi.com\/wp-content\/uploads\/2024\/09\/logoneosvg.svg","width":1,"height":1,"caption":"NEOQI"},"image":{"@id":"https:\/\/neoqi.com\/#\/schema\/logo\/image\/"},"sameAs":["https:\/\/www.facebook.com\/neoqi\/","https:\/\/www.instagram.com\/neoqi_com\/"]}]}},"_links":{"self":[{"href":"https:\/\/neoqi.com\/de\/wp-json\/wp\/v2\/product\/2184","targetHints":{"allow":["GET"]}}],"collection":[{"href":"https:\/\/neoqi.com\/de\/wp-json\/wp\/v2\/product"}],"about":[{"href":"https:\/\/neoqi.com\/de\/wp-json\/wp\/v2\/types\/product"}],"replies":[{"embeddable":true,"href":"https:\/\/neoqi.com\/de\/wp-json\/wp\/v2\/comments?post=2184"}],"wp:featuredmedia":[{"embeddable":true,"href":"https:\/\/neoqi.com\/de\/wp-json\/wp\/v2\/media\/2185"}],"wp:attachment":[{"href":"https:\/\/neoqi.com\/de\/wp-json\/wp\/v2\/media?parent=2184"}],"wp:term":[{"taxonomy":"product_brand","embeddable":true,"href":"https:\/\/neoqi.com\/de\/wp-json\/wp\/v2\/product_brand?post=2184"},{"taxonomy":"product_cat","embeddable":true,"href":"https:\/\/neoqi.com\/de\/wp-json\/wp\/v2\/product_cat?post=2184"},{"taxonomy":"product_tag","embeddable":true,"href":"https:\/\/neoqi.com\/de\/wp-json\/wp\/v2\/product_tag?post=2184"}],"curies":[{"name":"wp","href":"https:\/\/api.w.org\/{rel}","templated":true}]}}