{"id":2197,"date":"2024-09-07T01:11:40","date_gmt":"2024-09-06T22:11:40","guid":{"rendered":"http:\/\/neoqi.com\/?post_type=product&#038;p=2197"},"modified":"2024-12-04T08:27:54","modified_gmt":"2024-12-04T05:27:54","slug":"elegance","status":"publish","type":"product","link":"https:\/\/neoqi.com\/de\/produkt\/elegance\/","title":{"rendered":"Elegance"},"content":{"rendered":"<p><strong>Die wichtigsten Behandlungen in NeoQi\u00ae Elegance<\/strong><\/p>\n<div id=\"tab-description\" class=\"woocommerce-Tabs-panel woocommerce-Tabs-panel--description panel entry-content wc-tab\" role=\"tabpanel\" aria-labelledby=\"tab-title-description\">\n<p><strong>Dampfsauna<\/strong>. Ein sanfter warmer Nebel umh\u00fcllt den K\u00f6rper leicht mit Feuchtigkeit und f\u00f6rdert den Entspannungsprozess von K\u00f6rper und Geist. G\u00f6nnen Sie sich einen Moment der Entspannung und eine Gelegenheit, dem Alltagsstress zu entfliehen, um dem n\u00e4chsten Tag mit neuer Kraft, Energie und guter Laune zu begegnen. Die Dampfsauna erh\u00f6ht die Wirksamkeit von Masken und Packungen um ein Vielfaches. Dank der SPA-Kapsel Elegance ist das effizienteste Mittel zur Gewichtsabnahme und zur Reduzierung von Cellulite nun auch zu Hause m\u00f6glich.<\/p>\n<p><strong>Infrarot-Sauna<\/strong>\u00a0ist Entspannung, Kr\u00e4ftigung und Schlankheit. IR effektiv lindert Schmerzen in den Muskeln und Gelenken, hebt die allgemeine Energie Ton, reduziert das Auftreten von Cellulite, hilft, tief zu entspannen und Gewicht zu verlieren.<\/p>\n<p><strong>Hydrofusion<\/strong>. Eine Kombination aus Dampf und Infrarotw\u00e4rme - eine revolution\u00e4re Methode der Thermotherapie. Innerhalb des Energiekokons entsteht eine einzigartige Umgebung, vergleichbar mit dem Aufenthalt im Mutterleib - \u00fcberw\u00e4ltigen Sie sich selbst mit einem Gef\u00fchl von Komfort, geistiger Harmonie und Gl\u00fcck.<\/p>\n<p><strong>Hydrotherapische Behandlung<\/strong>\u00a0im Bad mit Hydro- und Luftblasenmassage. Die therapeutischen Eigenschaften des Wassers und die schmerzfreie Massage der Problemzonen entspannen die Muskeln und geben der Haut ihre Elastizit\u00e4t, Weichheit und Festigkeit zur\u00fcck. Hunderte von kleinen Luftbl\u00e4schen streicheln die Haut, beruhigen das Nervensystem, bauen chronischen Stress ab und l\u00f6sen psychische Spannungen. Die Luftblasenmassage ist auch ein wirksames Mittel zur Bek\u00e4mpfung von Schlaflosigkeit - schon nach wenigen Sitzungen werden Sie das Gef\u00fchl haben, dass sich Ihr Schlaf erholt und normalisiert hat.<\/p>\n<p><strong>Aromatherapie<\/strong>\u00a0hat eine positive Wirkung auf den emotionalen Zustand und besitzt einzigartige Entspannungseigenschaften, die helfen, jeglichen Stress vollst\u00e4ndig abzubauen. Mit Hilfe der Aromatherapie kann man Schlaflosigkeit und Depressionen bek\u00e4mpfen und sogar \u00fcberm\u00e4\u00dfigen Appetit reduzieren.<\/p>\n<p><strong>Chromotherapie<\/strong>\u00a0oder Kr\u00e4ftigung durch Licht. Sie wirkt sich positiv auf das Nervensystem aus und hat in Kombination mit einer Hydromassage eine besonders starke Wirkung. Chromotherapie-Behandlungen verbessern die ultimative Entspannung vor dem Schlafengehen oder energetisieren Ihren K\u00f6rper vor dem Tag.<\/p>\n<p><a href=\"https:\/\/neoqi.com\/de\/produkt\/energy-cocoons\/elegance\/#tab-description\">Beschreibung<\/a><\/p>\n<p>Infrarot-Sauna<br \/>\nDampfsauna<br \/>\nAroma-Therapie<br \/>\nFarblichtsystem<br \/>\nMusikanlage (MP3)<br \/>\nHydromassage<br \/>\nLuftblasenmassage<br \/>\n6 Seitend\u00fcsen<br \/>\n6 R\u00fcckenmassaged\u00fcsen<br \/>\n2 D\u00fcsen f\u00fcr die F\u00fc\u00dfe<br \/>\n10 Bodenluftd\u00fcsen<br \/>\nHandbrause<\/p>\n<\/div>","protected":false},"excerpt":{"rendered":"<p>Der Elegance Energy Cocoon ist eine innovative L\u00f6sung f\u00fcr das Badezimmer. Dank der SPA-Kapsel Elegance k\u00f6nnen Sie entspannende und belebende SPA-Rituale bei sich zu Hause genie\u00dfen.<\/p>\n<p>Der Kokon ist mit den besten Thermo- und Hydrotherapie-Funktionen ausgestattet, um nach einem langen Tag Kraft und Energie zu tanken, den Stresspegel zu senken und das Immunsystem zu st\u00e4rken. Die Kapsel hat eine positive Wirkung auf die Sinnesorgane: H\u00f6ren, Sehen, Riechen und Tasten. Die Kombination aus trockener Infrarot- und feuchter Dampfsauna, Hydro-, Aroma- und Farbtherapie hat eine erstaunliche Wirkung auf die Gesundheit, verbessert den Blutkreislauf und die Funktionen der inneren Organe, verlangsamt den Alterungsprozess, normalisiert die Funktion des Nervensystems und macht die Haut glatt und straff.<\/p>\n<p>Mit dem Elegance SPA Cocoon k\u00f6nnen Sie Ihr Wohlbefinden verbessern, indem Sie eine Vielzahl von SPA-Behandlungen in der Privatsph\u00e4re Ihres eigenen Zuhauses genie\u00dfen.<\/p>\n<p>* Der Elegance wurde 2007 mit dem ADEX Award der Zeitschrift Design Journal ausgezeichnet. Der Award for Design Excellence wird j\u00e4hrlich von der Zeitschrift Design Journal f\u00fcr herausragendes Produktdesign von Einrichtungsgegenst\u00e4nden verliehen, die an die Architektur- und Designbranche vertrieben werden. Der ADEX-Preis ist eine der begehrtesten Designauszeichnungen der Branche.<\/p>","protected":false},"featured_media":2198,"comment_status":"open","ping_status":"closed","template":"","meta":{"_acf_changed":false,"site-sidebar-layout":"default","site-content-layout":"","ast-site-content-layout":"default","site-content-style":"default","site-sidebar-style":"default","ast-global-header-display":"","ast-banner-title-visibility":"","ast-main-header-display":"","ast-hfb-above-header-display":"","ast-hfb-below-header-display":"","ast-hfb-mobile-header-display":"","site-post-title":"","ast-breadcrumbs-content":"","ast-featured-img":"","footer-sml-layout":"","ast-disable-related-posts":"","theme-transparent-header-meta":"default","adv-header-id-meta":"","stick-header-meta":"","header-above-stick-meta":"","header-main-stick-meta":"","header-below-stick-meta":"","astra-migrate-meta-layouts":"set","ast-page-background-enabled":"default","ast-page-background-meta":{"desktop":{"background-color":"var(--ast-global-color-4)","background-image":"","background-repeat":"repeat","background-position":"center center","background-size":"auto","background-attachment":"scroll","background-type":"","background-media":"","overlay-type":"","overlay-color":"","overlay-opacity":"","overlay-gradient":""},"tablet":{"background-color":"","background-image":"","background-repeat":"repeat","background-position":"center center","background-size":"auto","background-attachment":"scroll","background-type":"","background-media":"","overlay-type":"","overlay-color":"","overlay-opacity":"","overlay-gradient":""},"mobile":{"background-color":"","background-image":"","background-repeat":"repeat","background-position":"center center","background-size":"auto","background-attachment":"scroll","background-type":"","background-media":"","overlay-type":"","overlay-color":"","overlay-opacity":"","overlay-gradient":""}},"ast-content-background-meta":{"desktop":{"background-color":"var(--ast-global-color-5)","background-image":"","background-repeat":"repeat","background-position":"center center","background-size":"auto","background-attachment":"scroll","background-type":"","background-media":"","overlay-type":"","overlay-color":"","overlay-opacity":"","overlay-gradient":""},"tablet":{"background-color":"var(--ast-global-color-5)","background-image":"","background-repeat":"repeat","background-position":"center center","background-size":"auto","background-attachment":"scroll","background-type":"","background-media":"","overlay-type":"","overlay-color":"","overlay-opacity":"","overlay-gradient":""},"mobile":{"background-color":"var(--ast-global-color-5)","background-image":"","background-repeat":"repeat","background-position":"center center","background-size":"auto","background-attachment":"scroll","background-type":"","background-media":"","overlay-type":"","overlay-color":"","overlay-opacity":"","overlay-gradient":""}}},"product_brand":[],"product_cat":[81,87],"product_tag":[],"class_list":{"0":"post-2197","1":"product","2":"type-product","3":"status-publish","4":"has-post-thumbnail","6":"product_cat-energy-cocoons","7":"product_cat-home-spa","8":"desktop-align-left","9":"tablet-align-left","10":"mobile-align-left","12":"first","13":"instock","14":"shipping-taxable","15":"product-type-simple"},"acf":[],"yoast_head":"<!-- This site is optimized with the Yoast SEO plugin v27.4 - https:\/\/yoast.com\/product\/yoast-seo-wordpress\/ -->\n<title>Elegance - NEOQI<\/title>\n<meta name=\"robots\" content=\"index, follow, max-snippet:-1, max-image-preview:large, max-video-preview:-1\" \/>\n<link rel=\"canonical\" href=\"https:\/\/neoqi.com\/de\/produkt\/elegance\/\" \/>\n<meta property=\"og:locale\" content=\"de_DE\" \/>\n<meta property=\"og:type\" content=\"article\" \/>\n<meta property=\"og:title\" content=\"Elegance - NEOQI\" \/>\n<meta property=\"og:description\" content=\"The Elegance Energy cocoon is an innovative solution for the bathroom. Thanks to SPA-capsule Elegance you can enjoy relaxing and invigorating SPA-rituals at your home.  The cocoon is equipped with the best thermo- and hydrotherapy functions in order to restore power and energy after a long day, decrease stress levels and strengthen the immune system. The capsule has a beneficial effect on the sensory organs: hearing, sight, smell and touch. The combination of dry infrared and humid steam sauna, hydro-, aroma- and chromotherapy and has an astonishing heath impact, improving blood circulation and internal organs functions, slowing aging processes, normalizing the functioning of the nervous system, making the skin smooth and firm.  With the Elegance SPA cocoon, you can improve the state of your wellbeing by enjoying a variety of SPA treatments in the privacy of your own home.  * The Elegance received an ADEX Award from the Design Journal magazine in 2007. The Award for Design Excellence is given annually by the Design Journal magazine for superior product design of furnishings marketed to the architectural and design trade. The ADEX award is one of the most coveted design awards in the industry.\" \/>\n<meta property=\"og:url\" content=\"https:\/\/neoqi.com\/de\/produkt\/elegance\/\" \/>\n<meta property=\"og:site_name\" content=\"NEOQI\" \/>\n<meta property=\"article:publisher\" content=\"https:\/\/www.facebook.com\/neoqi\/\" \/>\n<meta property=\"article:modified_time\" content=\"2024-12-04T05:27:54+00:00\" \/>\n<meta property=\"og:image\" content=\"https:\/\/neoqi.com\/wp-content\/uploads\/2024\/09\/elegance.png\" \/>\n\t<meta property=\"og:image:width\" content=\"1200\" \/>\n\t<meta property=\"og:image:height\" content=\"800\" \/>\n\t<meta property=\"og:image:type\" content=\"image\/png\" \/>\n<meta name=\"twitter:card\" content=\"summary_large_image\" \/>\n<meta name=\"twitter:label1\" content=\"Gesch\u00e4tzte Lesezeit\" \/>\n\t<meta name=\"twitter:data1\" content=\"2\u00a0Minuten\" \/>\n<script type=\"application\/ld+json\" class=\"yoast-schema-graph\">{\"@context\":\"https:\\\/\\\/schema.org\",\"@graph\":[{\"@type\":\"WebPage\",\"@id\":\"https:\\\/\\\/neoqi.com\\\/product\\\/elegance\\\/\",\"url\":\"https:\\\/\\\/neoqi.com\\\/product\\\/elegance\\\/\",\"name\":\"Elegance - NEOQI\",\"isPartOf\":{\"@id\":\"https:\\\/\\\/neoqi.com\\\/#website\"},\"primaryImageOfPage\":{\"@id\":\"https:\\\/\\\/neoqi.com\\\/product\\\/elegance\\\/#primaryimage\"},\"image\":{\"@id\":\"https:\\\/\\\/neoqi.com\\\/product\\\/elegance\\\/#primaryimage\"},\"thumbnailUrl\":\"https:\\\/\\\/neoqi.com\\\/wp-content\\\/uploads\\\/2024\\\/09\\\/elegance.png\",\"datePublished\":\"2024-09-06T22:11:40+00:00\",\"dateModified\":\"2024-12-04T05:27:54+00:00\",\"breadcrumb\":{\"@id\":\"https:\\\/\\\/neoqi.com\\\/product\\\/elegance\\\/#breadcrumb\"},\"inLanguage\":\"de\",\"potentialAction\":[{\"@type\":\"ReadAction\",\"target\":[\"https:\\\/\\\/neoqi.com\\\/product\\\/elegance\\\/\"]}]},{\"@type\":\"ImageObject\",\"inLanguage\":\"de\",\"@id\":\"https:\\\/\\\/neoqi.com\\\/product\\\/elegance\\\/#primaryimage\",\"url\":\"https:\\\/\\\/neoqi.com\\\/wp-content\\\/uploads\\\/2024\\\/09\\\/elegance.png\",\"contentUrl\":\"https:\\\/\\\/neoqi.com\\\/wp-content\\\/uploads\\\/2024\\\/09\\\/elegance.png\",\"width\":1200,\"height\":800},{\"@type\":\"BreadcrumbList\",\"@id\":\"https:\\\/\\\/neoqi.com\\\/product\\\/elegance\\\/#breadcrumb\",\"itemListElement\":[{\"@type\":\"ListItem\",\"position\":1,\"name\":\"Home\",\"item\":\"https:\\\/\\\/neoqi.com\\\/\"},{\"@type\":\"ListItem\",\"position\":2,\"name\":\"Catalog\",\"item\":\"https:\\\/\\\/neoqi.com\\\/it\\\/catalog\\\/\"},{\"@type\":\"ListItem\",\"position\":3,\"name\":\"Elegance\"}]},{\"@type\":\"WebSite\",\"@id\":\"https:\\\/\\\/neoqi.com\\\/#website\",\"url\":\"https:\\\/\\\/neoqi.com\\\/\",\"name\":\"NEOQI\",\"description\":\"Experience Ultimate Wellness and Relaxation with NeoQi Spa Capsule: Your Path to Rejuvenation\",\"publisher\":{\"@id\":\"https:\\\/\\\/neoqi.com\\\/#organization\"},\"potentialAction\":[{\"@type\":\"SearchAction\",\"target\":{\"@type\":\"EntryPoint\",\"urlTemplate\":\"https:\\\/\\\/neoqi.com\\\/?s={search_term_string}\"},\"query-input\":{\"@type\":\"PropertyValueSpecification\",\"valueRequired\":true,\"valueName\":\"search_term_string\"}}],\"inLanguage\":\"de\"},{\"@type\":\"Organization\",\"@id\":\"https:\\\/\\\/neoqi.com\\\/#organization\",\"name\":\"NEOQI\",\"url\":\"https:\\\/\\\/neoqi.com\\\/\",\"logo\":{\"@type\":\"ImageObject\",\"inLanguage\":\"de\",\"@id\":\"https:\\\/\\\/neoqi.com\\\/#\\\/schema\\\/logo\\\/image\\\/\",\"url\":\"https:\\\/\\\/neoqi.com\\\/wp-content\\\/uploads\\\/2024\\\/09\\\/logoneosvg.svg\",\"contentUrl\":\"https:\\\/\\\/neoqi.com\\\/wp-content\\\/uploads\\\/2024\\\/09\\\/logoneosvg.svg\",\"width\":1,\"height\":1,\"caption\":\"NEOQI\"},\"image\":{\"@id\":\"https:\\\/\\\/neoqi.com\\\/#\\\/schema\\\/logo\\\/image\\\/\"},\"sameAs\":[\"https:\\\/\\\/www.facebook.com\\\/neoqi\\\/\",\"https:\\\/\\\/www.instagram.com\\\/neoqi_com\\\/\"]}]}<\/script>\n<!-- \/ Yoast SEO plugin. -->","yoast_head_json":{"title":"Elegance - NEOQI","robots":{"index":"index","follow":"follow","max-snippet":"max-snippet:-1","max-image-preview":"max-image-preview:large","max-video-preview":"max-video-preview:-1"},"canonical":"https:\/\/neoqi.com\/de\/produkt\/elegance\/","og_locale":"de_DE","og_type":"article","og_title":"Elegance - NEOQI","og_description":"The Elegance Energy cocoon is an innovative solution for the bathroom. Thanks to SPA-capsule Elegance you can enjoy relaxing and invigorating SPA-rituals at your home.  The cocoon is equipped with the best thermo- and hydrotherapy functions in order to restore power and energy after a long day, decrease stress levels and strengthen the immune system. The capsule has a beneficial effect on the sensory organs: hearing, sight, smell and touch. The combination of dry infrared and humid steam sauna, hydro-, aroma- and chromotherapy and has an astonishing heath impact, improving blood circulation and internal organs functions, slowing aging processes, normalizing the functioning of the nervous system, making the skin smooth and firm.  With the Elegance SPA cocoon, you can improve the state of your wellbeing by enjoying a variety of SPA treatments in the privacy of your own home.  * The Elegance received an ADEX Award from the Design Journal magazine in 2007. The Award for Design Excellence is given annually by the Design Journal magazine for superior product design of furnishings marketed to the architectural and design trade. The ADEX award is one of the most coveted design awards in the industry.","og_url":"https:\/\/neoqi.com\/de\/produkt\/elegance\/","og_site_name":"NEOQI","article_publisher":"https:\/\/www.facebook.com\/neoqi\/","article_modified_time":"2024-12-04T05:27:54+00:00","og_image":[{"width":1200,"height":800,"url":"https:\/\/neoqi.com\/wp-content\/uploads\/2024\/09\/elegance.png","type":"image\/png"}],"twitter_card":"summary_large_image","twitter_misc":{"Gesch\u00e4tzte Lesezeit":"2\u00a0Minuten"},"schema":{"@context":"https:\/\/schema.org","@graph":[{"@type":"WebPage","@id":"https:\/\/neoqi.com\/product\/elegance\/","url":"https:\/\/neoqi.com\/product\/elegance\/","name":"Elegance - NEOQI","isPartOf":{"@id":"https:\/\/neoqi.com\/#website"},"primaryImageOfPage":{"@id":"https:\/\/neoqi.com\/product\/elegance\/#primaryimage"},"image":{"@id":"https:\/\/neoqi.com\/product\/elegance\/#primaryimage"},"thumbnailUrl":"https:\/\/neoqi.com\/wp-content\/uploads\/2024\/09\/elegance.png","datePublished":"2024-09-06T22:11:40+00:00","dateModified":"2024-12-04T05:27:54+00:00","breadcrumb":{"@id":"https:\/\/neoqi.com\/product\/elegance\/#breadcrumb"},"inLanguage":"de","potentialAction":[{"@type":"ReadAction","target":["https:\/\/neoqi.com\/product\/elegance\/"]}]},{"@type":"ImageObject","inLanguage":"de","@id":"https:\/\/neoqi.com\/product\/elegance\/#primaryimage","url":"https:\/\/neoqi.com\/wp-content\/uploads\/2024\/09\/elegance.png","contentUrl":"https:\/\/neoqi.com\/wp-content\/uploads\/2024\/09\/elegance.png","width":1200,"height":800},{"@type":"BreadcrumbList","@id":"https:\/\/neoqi.com\/product\/elegance\/#breadcrumb","itemListElement":[{"@type":"ListItem","position":1,"name":"Home","item":"https:\/\/neoqi.com\/"},{"@type":"ListItem","position":2,"name":"Catalog","item":"https:\/\/neoqi.com\/it\/catalog\/"},{"@type":"ListItem","position":3,"name":"Elegance"}]},{"@type":"WebSite","@id":"https:\/\/neoqi.com\/#website","url":"https:\/\/neoqi.com\/","name":"NEOQI","description":"Erleben Sie ultimative Wellness und Entspannung mit NeoQi Spa Capsule: Ihr Weg zur Verj\u00fcngung","publisher":{"@id":"https:\/\/neoqi.com\/#organization"},"potentialAction":[{"@type":"SearchAction","target":{"@type":"EntryPoint","urlTemplate":"https:\/\/neoqi.com\/?s={search_term_string}"},"query-input":{"@type":"PropertyValueSpecification","valueRequired":true,"valueName":"search_term_string"}}],"inLanguage":"de"},{"@type":"Organization","@id":"https:\/\/neoqi.com\/#organization","name":"NEOQI","url":"https:\/\/neoqi.com\/","logo":{"@type":"ImageObject","inLanguage":"de","@id":"https:\/\/neoqi.com\/#\/schema\/logo\/image\/","url":"https:\/\/neoqi.com\/wp-content\/uploads\/2024\/09\/logoneosvg.svg","contentUrl":"https:\/\/neoqi.com\/wp-content\/uploads\/2024\/09\/logoneosvg.svg","width":1,"height":1,"caption":"NEOQI"},"image":{"@id":"https:\/\/neoqi.com\/#\/schema\/logo\/image\/"},"sameAs":["https:\/\/www.facebook.com\/neoqi\/","https:\/\/www.instagram.com\/neoqi_com\/"]}]}},"_links":{"self":[{"href":"https:\/\/neoqi.com\/de\/wp-json\/wp\/v2\/product\/2197","targetHints":{"allow":["GET"]}}],"collection":[{"href":"https:\/\/neoqi.com\/de\/wp-json\/wp\/v2\/product"}],"about":[{"href":"https:\/\/neoqi.com\/de\/wp-json\/wp\/v2\/types\/product"}],"replies":[{"embeddable":true,"href":"https:\/\/neoqi.com\/de\/wp-json\/wp\/v2\/comments?post=2197"}],"wp:featuredmedia":[{"embeddable":true,"href":"https:\/\/neoqi.com\/de\/wp-json\/wp\/v2\/media\/2198"}],"wp:attachment":[{"href":"https:\/\/neoqi.com\/de\/wp-json\/wp\/v2\/media?parent=2197"}],"wp:term":[{"taxonomy":"product_brand","embeddable":true,"href":"https:\/\/neoqi.com\/de\/wp-json\/wp\/v2\/product_brand?post=2197"},{"taxonomy":"product_cat","embeddable":true,"href":"https:\/\/neoqi.com\/de\/wp-json\/wp\/v2\/product_cat?post=2197"},{"taxonomy":"product_tag","embeddable":true,"href":"https:\/\/neoqi.com\/de\/wp-json\/wp\/v2\/product_tag?post=2197"}],"curies":[{"name":"wp","href":"https:\/\/api.w.org\/{rel}","templated":true}]}}