{"id":2210,"date":"2024-09-07T03:14:05","date_gmt":"2024-09-07T00:14:05","guid":{"rendered":"http:\/\/neoqi.com\/?post_type=product&#038;p=2210"},"modified":"2024-12-04T08:28:05","modified_gmt":"2024-12-04T05:28:05","slug":"elebath","status":"publish","type":"product","link":"https:\/\/neoqi.com\/de\/produkt\/elebath\/","title":{"rendered":"Elebath"},"content":{"rendered":"<h3>Die wichtigsten Behandlungen im NeoQi\u00ae Elebad<\/h3>\n<p>Wasser- und Luftblasenmassage. Die Wassermassage wird entlang der anatomischen und problematischen Zonen durchgef\u00fchrt. Starke und elastische Wasserstrahlen massieren den K\u00f6rper und die inneren Organe, lindern Schmerzen in Muskeln und Gelenken, korrigieren die Konturen der Figur und bauen Stress wirksam ab. Gleichzeitig umh\u00fcllen Tausende von Luftblasen im Wasser den K\u00f6rper sanft und entspannen ihn, wodurch ein Gef\u00fchl von Leichtigkeit und Schwerelosigkeit entsteht. Die Luftblasenmassage normalisiert den Blutdruck, regt die Entgiftung an und hat eine insgesamt beruhigende Wirkung.<br \/>\nDie Balneotherapie hilft bei der L\u00f6sung vieler gesundheitlicher Probleme. Die Heilkraft des Wassers, dem Mineralien, Vitamine, Gase und organische Substanzen zugesetzt werden, wirkt sich positiv auf die Haut, den Bewegungsapparat, das Herz-Kreislauf-System, das zentrale Nervensystem, die Verdauungsorgane und den Stoffwechsel aus.<br \/>\nChromotherapie. Farben haben einen positiven Einfluss auf den psychophysischen Gesamtzustand einer Person. Verwenden Sie die Eigenschaften der einzelnen Farben, um Schlafmuster und Funktionen der inneren Organe wiederherzustellen, zu beseitigen Kopfschmerzen und Appetit zu normalisieren, zu lindern Angst und Depression.<\/p>\n<h3>Hydromassage<\/h3>\n<p>Luftblasenmassage<br \/>\n6 Seitend\u00fcsen<br \/>\n6 R\u00fcckenmassaged\u00fcsen<br \/>\n2 D\u00fcsen f\u00fcr die F\u00fc\u00dfe<br \/>\n12 Bodenluftd\u00fcsen<br \/>\nFarblichttherapie (Chromotherapie)<br \/>\nHandbrause<\/p>","protected":false},"excerpt":{"rendered":"<p>Elebath ist das kleinste Hydromassagebad aller NeoQi-Produkte. Elebath bietet Behandlungen mit Wasser- und Luftsprudelmassage an, die durch Chromo- und Balneotherapien erg\u00e4nzt werden.  Mit einer Kombination aus ma\u00dfgeschneiderten Programmen kann man Erkrankungen des Bewegungsapparats und des Herz-Kreislauf-Systems behandeln, Muskelschmerzen und -kr\u00e4mpfe lindern, Stresssymptome, M\u00fcdigkeit und Depressionen verringern und effektiv Gewicht reduzieren. Dar\u00fcber hinaus kann sie dazu beitragen, die Elastizit\u00e4t der Haut an den problematischsten Stellen - Oberschenkel, Bauch und Ges\u00e4\u00df - wiederherzustellen.<\/p>\n<p>Das elegante Design und eine Reihe von notwendigen Funktionen f\u00fcr SPA-Behandlungen machen dieses perfekte Hydrotherapie-Bad zu einem Komplex f\u00fcr einen kleineren Sch\u00f6nheitssalon, ein Massage- und Wellnesszentrum oder f\u00fcr den Heimgebrauch. Elebath - kompakt wie eine Badewanne, funktionell wie ein SPA-Komplex.<\/p>","protected":false},"featured_media":2211,"comment_status":"open","ping_status":"closed","template":"","meta":{"_acf_changed":false,"site-sidebar-layout":"default","site-content-layout":"","ast-site-content-layout":"default","site-content-style":"default","site-sidebar-style":"default","ast-global-header-display":"","ast-banner-title-visibility":"","ast-main-header-display":"","ast-hfb-above-header-display":"","ast-hfb-below-header-display":"","ast-hfb-mobile-header-display":"","site-post-title":"","ast-breadcrumbs-content":"","ast-featured-img":"","footer-sml-layout":"","ast-disable-related-posts":"","theme-transparent-header-meta":"default","adv-header-id-meta":"","stick-header-meta":"","header-above-stick-meta":"","header-main-stick-meta":"","header-below-stick-meta":"","astra-migrate-meta-layouts":"set","ast-page-background-enabled":"default","ast-page-background-meta":{"desktop":{"background-color":"var(--ast-global-color-4)","background-image":"","background-repeat":"repeat","background-position":"center center","background-size":"auto","background-attachment":"scroll","background-type":"","background-media":"","overlay-type":"","overlay-color":"","overlay-opacity":"","overlay-gradient":""},"tablet":{"background-color":"","background-image":"","background-repeat":"repeat","background-position":"center center","background-size":"auto","background-attachment":"scroll","background-type":"","background-media":"","overlay-type":"","overlay-color":"","overlay-opacity":"","overlay-gradient":""},"mobile":{"background-color":"","background-image":"","background-repeat":"repeat","background-position":"center center","background-size":"auto","background-attachment":"scroll","background-type":"","background-media":"","overlay-type":"","overlay-color":"","overlay-opacity":"","overlay-gradient":""}},"ast-content-background-meta":{"desktop":{"background-color":"var(--ast-global-color-5)","background-image":"","background-repeat":"repeat","background-position":"center center","background-size":"auto","background-attachment":"scroll","background-type":"","background-media":"","overlay-type":"","overlay-color":"","overlay-opacity":"","overlay-gradient":""},"tablet":{"background-color":"var(--ast-global-color-5)","background-image":"","background-repeat":"repeat","background-position":"center center","background-size":"auto","background-attachment":"scroll","background-type":"","background-media":"","overlay-type":"","overlay-color":"","overlay-opacity":"","overlay-gradient":""},"mobile":{"background-color":"var(--ast-global-color-5)","background-image":"","background-repeat":"repeat","background-position":"center center","background-size":"auto","background-attachment":"scroll","background-type":"","background-media":"","overlay-type":"","overlay-color":"","overlay-opacity":"","overlay-gradient":""}}},"product_brand":[],"product_cat":[81,87],"product_tag":[],"class_list":{"0":"post-2210","1":"product","2":"type-product","3":"status-publish","4":"has-post-thumbnail","6":"product_cat-energy-cocoons","7":"product_cat-home-spa","8":"desktop-align-left","9":"tablet-align-left","10":"mobile-align-left","12":"first","13":"instock","14":"shipping-taxable","15":"product-type-simple"},"acf":[],"yoast_head":"<!-- This site is optimized with the Yoast SEO plugin v27.4 - https:\/\/yoast.com\/product\/yoast-seo-wordpress\/ -->\n<title>Elebath - NEOQI<\/title>\n<meta name=\"robots\" content=\"index, follow, max-snippet:-1, max-image-preview:large, max-video-preview:-1\" \/>\n<link rel=\"canonical\" href=\"https:\/\/neoqi.com\/de\/produkt\/elebath\/\" \/>\n<meta property=\"og:locale\" content=\"de_DE\" \/>\n<meta property=\"og:type\" content=\"article\" \/>\n<meta property=\"og:title\" content=\"Elebath - NEOQI\" \/>\n<meta property=\"og:description\" content=\"Elebath is the smallest hydromassage bath of all NeoQi products. Elebath offers treatments of hydro and air bubble massage, complemented by chromo- and balneotherapy sessions. \u00a0With a combination of tailor-made programs, one can treat musculoskeletal and cardiovascular system diseases, relieve muscle pain and spasm, decrease stress symptoms, fatigue, depression and effectively reduce weight. In addition to that, it can help restore skin elasticity in the most problem areas \u2013 thighs, abdomen, and buttocks.  The Elegant design and a set of necessary functions for SPA treatments turn this perfect hydrotherapy bath into the complex for a smaller beauty salon, massage and wellness center, or home use. Elebath \u2013 compact as a bathtub, functional as a SPA complex.\" \/>\n<meta property=\"og:url\" content=\"https:\/\/neoqi.com\/de\/produkt\/elebath\/\" \/>\n<meta property=\"og:site_name\" content=\"NEOQI\" \/>\n<meta property=\"article:publisher\" content=\"https:\/\/www.facebook.com\/neoqi\/\" \/>\n<meta property=\"article:modified_time\" content=\"2024-12-04T05:28:05+00:00\" \/>\n<meta property=\"og:image\" content=\"https:\/\/neoqi.com\/wp-content\/uploads\/2024\/09\/elebath.png\" \/>\n\t<meta property=\"og:image:width\" content=\"1200\" \/>\n\t<meta property=\"og:image:height\" content=\"800\" \/>\n\t<meta property=\"og:image:type\" content=\"image\/png\" \/>\n<meta name=\"twitter:card\" content=\"summary_large_image\" \/>\n<meta name=\"twitter:label1\" content=\"Gesch\u00e4tzte Lesezeit\" \/>\n\t<meta name=\"twitter:data1\" content=\"2\u00a0Minuten\" \/>\n<script type=\"application\/ld+json\" class=\"yoast-schema-graph\">{\"@context\":\"https:\\\/\\\/schema.org\",\"@graph\":[{\"@type\":\"WebPage\",\"@id\":\"https:\\\/\\\/neoqi.com\\\/product\\\/elebath\\\/\",\"url\":\"https:\\\/\\\/neoqi.com\\\/product\\\/elebath\\\/\",\"name\":\"Elebath - NEOQI\",\"isPartOf\":{\"@id\":\"https:\\\/\\\/neoqi.com\\\/#website\"},\"primaryImageOfPage\":{\"@id\":\"https:\\\/\\\/neoqi.com\\\/product\\\/elebath\\\/#primaryimage\"},\"image\":{\"@id\":\"https:\\\/\\\/neoqi.com\\\/product\\\/elebath\\\/#primaryimage\"},\"thumbnailUrl\":\"https:\\\/\\\/neoqi.com\\\/wp-content\\\/uploads\\\/2024\\\/09\\\/elebath.png\",\"datePublished\":\"2024-09-07T00:14:05+00:00\",\"dateModified\":\"2024-12-04T05:28:05+00:00\",\"breadcrumb\":{\"@id\":\"https:\\\/\\\/neoqi.com\\\/product\\\/elebath\\\/#breadcrumb\"},\"inLanguage\":\"de\",\"potentialAction\":[{\"@type\":\"ReadAction\",\"target\":[\"https:\\\/\\\/neoqi.com\\\/product\\\/elebath\\\/\"]}]},{\"@type\":\"ImageObject\",\"inLanguage\":\"de\",\"@id\":\"https:\\\/\\\/neoqi.com\\\/product\\\/elebath\\\/#primaryimage\",\"url\":\"https:\\\/\\\/neoqi.com\\\/wp-content\\\/uploads\\\/2024\\\/09\\\/elebath.png\",\"contentUrl\":\"https:\\\/\\\/neoqi.com\\\/wp-content\\\/uploads\\\/2024\\\/09\\\/elebath.png\",\"width\":1200,\"height\":800},{\"@type\":\"BreadcrumbList\",\"@id\":\"https:\\\/\\\/neoqi.com\\\/product\\\/elebath\\\/#breadcrumb\",\"itemListElement\":[{\"@type\":\"ListItem\",\"position\":1,\"name\":\"Home\",\"item\":\"https:\\\/\\\/neoqi.com\\\/\"},{\"@type\":\"ListItem\",\"position\":2,\"name\":\"Catalog\",\"item\":\"https:\\\/\\\/neoqi.com\\\/it\\\/catalog\\\/\"},{\"@type\":\"ListItem\",\"position\":3,\"name\":\"Elebath\"}]},{\"@type\":\"WebSite\",\"@id\":\"https:\\\/\\\/neoqi.com\\\/#website\",\"url\":\"https:\\\/\\\/neoqi.com\\\/\",\"name\":\"NEOQI\",\"description\":\"Experience Ultimate Wellness and Relaxation with NeoQi Spa Capsule: Your Path to Rejuvenation\",\"publisher\":{\"@id\":\"https:\\\/\\\/neoqi.com\\\/#organization\"},\"potentialAction\":[{\"@type\":\"SearchAction\",\"target\":{\"@type\":\"EntryPoint\",\"urlTemplate\":\"https:\\\/\\\/neoqi.com\\\/?s={search_term_string}\"},\"query-input\":{\"@type\":\"PropertyValueSpecification\",\"valueRequired\":true,\"valueName\":\"search_term_string\"}}],\"inLanguage\":\"de\"},{\"@type\":\"Organization\",\"@id\":\"https:\\\/\\\/neoqi.com\\\/#organization\",\"name\":\"NEOQI\",\"url\":\"https:\\\/\\\/neoqi.com\\\/\",\"logo\":{\"@type\":\"ImageObject\",\"inLanguage\":\"de\",\"@id\":\"https:\\\/\\\/neoqi.com\\\/#\\\/schema\\\/logo\\\/image\\\/\",\"url\":\"https:\\\/\\\/neoqi.com\\\/wp-content\\\/uploads\\\/2024\\\/09\\\/logoneosvg.svg\",\"contentUrl\":\"https:\\\/\\\/neoqi.com\\\/wp-content\\\/uploads\\\/2024\\\/09\\\/logoneosvg.svg\",\"width\":1,\"height\":1,\"caption\":\"NEOQI\"},\"image\":{\"@id\":\"https:\\\/\\\/neoqi.com\\\/#\\\/schema\\\/logo\\\/image\\\/\"},\"sameAs\":[\"https:\\\/\\\/www.facebook.com\\\/neoqi\\\/\",\"https:\\\/\\\/www.instagram.com\\\/neoqi_com\\\/\"]}]}<\/script>\n<!-- \/ Yoast SEO plugin. -->","yoast_head_json":{"title":"Elebath - NEOQI","robots":{"index":"index","follow":"follow","max-snippet":"max-snippet:-1","max-image-preview":"max-image-preview:large","max-video-preview":"max-video-preview:-1"},"canonical":"https:\/\/neoqi.com\/de\/produkt\/elebath\/","og_locale":"de_DE","og_type":"article","og_title":"Elebath - NEOQI","og_description":"Elebath is the smallest hydromassage bath of all NeoQi products. Elebath offers treatments of hydro and air bubble massage, complemented by chromo- and balneotherapy sessions. \u00a0With a combination of tailor-made programs, one can treat musculoskeletal and cardiovascular system diseases, relieve muscle pain and spasm, decrease stress symptoms, fatigue, depression and effectively reduce weight. In addition to that, it can help restore skin elasticity in the most problem areas \u2013 thighs, abdomen, and buttocks.  The Elegant design and a set of necessary functions for SPA treatments turn this perfect hydrotherapy bath into the complex for a smaller beauty salon, massage and wellness center, or home use. Elebath \u2013 compact as a bathtub, functional as a SPA complex.","og_url":"https:\/\/neoqi.com\/de\/produkt\/elebath\/","og_site_name":"NEOQI","article_publisher":"https:\/\/www.facebook.com\/neoqi\/","article_modified_time":"2024-12-04T05:28:05+00:00","og_image":[{"width":1200,"height":800,"url":"https:\/\/neoqi.com\/wp-content\/uploads\/2024\/09\/elebath.png","type":"image\/png"}],"twitter_card":"summary_large_image","twitter_misc":{"Gesch\u00e4tzte Lesezeit":"2\u00a0Minuten"},"schema":{"@context":"https:\/\/schema.org","@graph":[{"@type":"WebPage","@id":"https:\/\/neoqi.com\/product\/elebath\/","url":"https:\/\/neoqi.com\/product\/elebath\/","name":"Elebath - NEOQI","isPartOf":{"@id":"https:\/\/neoqi.com\/#website"},"primaryImageOfPage":{"@id":"https:\/\/neoqi.com\/product\/elebath\/#primaryimage"},"image":{"@id":"https:\/\/neoqi.com\/product\/elebath\/#primaryimage"},"thumbnailUrl":"https:\/\/neoqi.com\/wp-content\/uploads\/2024\/09\/elebath.png","datePublished":"2024-09-07T00:14:05+00:00","dateModified":"2024-12-04T05:28:05+00:00","breadcrumb":{"@id":"https:\/\/neoqi.com\/product\/elebath\/#breadcrumb"},"inLanguage":"de","potentialAction":[{"@type":"ReadAction","target":["https:\/\/neoqi.com\/product\/elebath\/"]}]},{"@type":"ImageObject","inLanguage":"de","@id":"https:\/\/neoqi.com\/product\/elebath\/#primaryimage","url":"https:\/\/neoqi.com\/wp-content\/uploads\/2024\/09\/elebath.png","contentUrl":"https:\/\/neoqi.com\/wp-content\/uploads\/2024\/09\/elebath.png","width":1200,"height":800},{"@type":"BreadcrumbList","@id":"https:\/\/neoqi.com\/product\/elebath\/#breadcrumb","itemListElement":[{"@type":"ListItem","position":1,"name":"Home","item":"https:\/\/neoqi.com\/"},{"@type":"ListItem","position":2,"name":"Catalog","item":"https:\/\/neoqi.com\/it\/catalog\/"},{"@type":"ListItem","position":3,"name":"Elebath"}]},{"@type":"WebSite","@id":"https:\/\/neoqi.com\/#website","url":"https:\/\/neoqi.com\/","name":"NEOQI","description":"Erleben Sie ultimative Wellness und Entspannung mit NeoQi Spa Capsule: Ihr Weg zur Verj\u00fcngung","publisher":{"@id":"https:\/\/neoqi.com\/#organization"},"potentialAction":[{"@type":"SearchAction","target":{"@type":"EntryPoint","urlTemplate":"https:\/\/neoqi.com\/?s={search_term_string}"},"query-input":{"@type":"PropertyValueSpecification","valueRequired":true,"valueName":"search_term_string"}}],"inLanguage":"de"},{"@type":"Organization","@id":"https:\/\/neoqi.com\/#organization","name":"NEOQI","url":"https:\/\/neoqi.com\/","logo":{"@type":"ImageObject","inLanguage":"de","@id":"https:\/\/neoqi.com\/#\/schema\/logo\/image\/","url":"https:\/\/neoqi.com\/wp-content\/uploads\/2024\/09\/logoneosvg.svg","contentUrl":"https:\/\/neoqi.com\/wp-content\/uploads\/2024\/09\/logoneosvg.svg","width":1,"height":1,"caption":"NEOQI"},"image":{"@id":"https:\/\/neoqi.com\/#\/schema\/logo\/image\/"},"sameAs":["https:\/\/www.facebook.com\/neoqi\/","https:\/\/www.instagram.com\/neoqi_com\/"]}]}},"_links":{"self":[{"href":"https:\/\/neoqi.com\/de\/wp-json\/wp\/v2\/product\/2210","targetHints":{"allow":["GET"]}}],"collection":[{"href":"https:\/\/neoqi.com\/de\/wp-json\/wp\/v2\/product"}],"about":[{"href":"https:\/\/neoqi.com\/de\/wp-json\/wp\/v2\/types\/product"}],"replies":[{"embeddable":true,"href":"https:\/\/neoqi.com\/de\/wp-json\/wp\/v2\/comments?post=2210"}],"wp:featuredmedia":[{"embeddable":true,"href":"https:\/\/neoqi.com\/de\/wp-json\/wp\/v2\/media\/2211"}],"wp:attachment":[{"href":"https:\/\/neoqi.com\/de\/wp-json\/wp\/v2\/media?parent=2210"}],"wp:term":[{"taxonomy":"product_brand","embeddable":true,"href":"https:\/\/neoqi.com\/de\/wp-json\/wp\/v2\/product_brand?post=2210"},{"taxonomy":"product_cat","embeddable":true,"href":"https:\/\/neoqi.com\/de\/wp-json\/wp\/v2\/product_cat?post=2210"},{"taxonomy":"product_tag","embeddable":true,"href":"https:\/\/neoqi.com\/de\/wp-json\/wp\/v2\/product_tag?post=2210"}],"curies":[{"name":"wp","href":"https:\/\/api.w.org\/{rel}","templated":true}]}}