{"id":1963,"date":"2024-09-06T20:36:28","date_gmt":"2024-09-06T17:36:28","guid":{"rendered":"http:\/\/neoqi.com\/?page_id=1963"},"modified":"2024-09-06T20:36:28","modified_gmt":"2024-09-06T17:36:28","slug":"technical-data","status":"publish","type":"page","link":"https:\/\/neoqi.com\/es\/how-it-works\/technical-data\/","title":{"rendered":"Datos t\u00e9cnicos"},"content":{"rendered":"<p><strong>Habitaci\u00f3n<\/strong><\/p>\n<p>El equipo NeoQi est\u00e1 dise\u00f1ado para su uso en condiciones de interior y no puede ser transportado o almacenado por debajo de 0 grados C. El equipo debe ser utilizado en una habitaci\u00f3n a prueba de humedad, se recomienda la ventilaci\u00f3n, ya que en el r\u00e9gimen de trabajo, la m\u00e1quina crea humedad.<\/p>\n<p>Se recomienda disponer de un desag\u00fce general en el suelo.<\/p>\n<p>Las puertas deben tener una anchura m\u00ednima de 80 cm.<\/p>\n<p>El equipo NeoQi\u00ae no puede utilizarse si el aire contiene MEZCLA ANEST\u00c9TICA INFLAMABLE CON AIRE o CON OX\u00cdGENO U \u00d3XIDO N\u00cdTRICO.<\/p>\n<p><strong>Potencia<\/strong><\/p>\n<p>Las instalaciones el\u00e9ctricas de los equipos NeoQi\u00ae deben ser realizadas por especialistas cualificados o representantes oficiales de NeoQi\u00ae AS.<\/p>\n<p>El equipo NeoQi utiliza un cable de alimentaci\u00f3n transversal de cobre de 3 x 2,5 mm\u00b2. El cable de alimentaci\u00f3n debe conectarse a la caja de conexiones a prueba de humedad, situada en el bastidor del equipo.<\/p>\n<p>El consumo m\u00e1ximo var\u00eda en funci\u00f3n del modelo y oscila entre 0,3 y 4,6 kW.<\/p>\n<p>La corriente del dispositivo de protecci\u00f3n frente al alimentador del equipo no debe ser inferior a 20 A.<\/p>\n<p>La capacidad de los fusibles utilizados en el circuito principal de alimentaci\u00f3n externa de los equipos instalados fijos: disyuntores 20A.<\/p>\n<p><strong>Agua<\/strong><\/p>\n<p>La instalaci\u00f3n de las tomas de agua caliente y fr\u00eda y las conexiones de desag\u00fce del equipo NeoQi\u00ae Harmony debe ser realizada por un especialista cualificado o un representante oficial de NeoQi\u00ae AS.<\/p>\n<p>Se necesitan dos mangueras de presi\u00f3n de agua: una para el agua caliente y otra para el agua fr\u00eda. Seg\u00fan el modelo, los extremos deben tener rosca de \u00bd\" o 3\u20444\". La longitud de las mangueras depende de la distancia de las tomas de agua.<\/p>\n<p>Los equipos NeoQi utilizan conexiones de \u00d8 32 \u00f3 50 mm para el desag\u00fce en el suelo y la manguera de desag\u00fce de agua, dependiendo del modelo que se instale. La longitud de la manguera de desag\u00fce depender\u00e1 de la distancia de la abertura de desag\u00fce en el suelo.<\/p>\n<p>Para que el equipo funcione correctamente, s\u00f3lo debe utilizarse agua limpia del grifo. En caso de que el agua del grifo contenga un alto porcentaje de sustancias abrasivas u \u00f3xido, se recomienda instalar un filtro de agua<a name=\"_Toc243812516\"><\/a><a name=\"_Toc55370922\"><\/a><a name=\"_Toc35756076\"><\/a>.<\/p>\n<p>El nivel m\u00ednimo de agua necesario para el funcionamiento de la ba\u00f1era de hidromasaje debe estar ~ 1 cm por encima de los chorros traseros.<\/p>\n<p>La carga m\u00e1xima permitida sobre el lecho vibratorio es de 175 kg.<\/p>","protected":false},"excerpt":{"rendered":"<p>Room NeoQi equipment is designed for use in indoor conditions and cannot be transported or stored below 0 degrees C. The equipment should be used in a moisture proof room, ventilation is recommended, as in the working regime, the machine creates humidity. It is recommended to have a general drain on the floor. Doors must [&hellip;]<\/p>\n","protected":false},"author":3,"featured_media":0,"parent":1953,"menu_order":0,"comment_status":"closed","ping_status":"closed","template":"","meta":{"_acf_changed":false,"site-sidebar-layout":"default","site-content-layout":"","ast-site-content-layout":"default","site-content-style":"default","site-sidebar-style":"default","ast-global-header-display":"","ast-banner-title-visibility":"","ast-main-header-display":"","ast-hfb-above-header-display":"","ast-hfb-below-header-display":"","ast-hfb-mobile-header-display":"","site-post-title":"","ast-breadcrumbs-content":"","ast-featured-img":"","footer-sml-layout":"","ast-disable-related-posts":"","theme-transparent-header-meta":"default","adv-header-id-meta":"","stick-header-meta":"","header-above-stick-meta":"","header-main-stick-meta":"","header-below-stick-meta":"","astra-migrate-meta-layouts":"set","ast-page-background-enabled":"default","ast-page-background-meta":{"desktop":{"background-color":"var(--ast-global-color-4)","background-image":"","background-repeat":"repeat","background-position":"center center","background-size":"auto","background-attachment":"scroll","background-type":"","background-media":"","overlay-type":"","overlay-color":"","overlay-opacity":"","overlay-gradient":""},"tablet":{"background-color":"","background-image":"","background-repeat":"repeat","background-position":"center center","background-size":"auto","background-attachment":"scroll","background-type":"","background-media":"","overlay-type":"","overlay-color":"","overlay-opacity":"","overlay-gradient":""},"mobile":{"background-color":"","background-image":"","background-repeat":"repeat","background-position":"center center","background-size":"auto","background-attachment":"scroll","background-type":"","background-media":"","overlay-type":"","overlay-color":"","overlay-opacity":"","overlay-gradient":""}},"ast-content-background-meta":{"desktop":{"background-color":"var(--ast-global-color-5)","background-image":"","background-repeat":"repeat","background-position":"center center","background-size":"auto","background-attachment":"scroll","background-type":"","background-media":"","overlay-type":"","overlay-color":"","overlay-opacity":"","overlay-gradient":""},"tablet":{"background-color":"var(--ast-global-color-5)","background-image":"","background-repeat":"repeat","background-position":"center center","background-size":"auto","background-attachment":"scroll","background-type":"","background-media":"","overlay-type":"","overlay-color":"","overlay-opacity":"","overlay-gradient":""},"mobile":{"background-color":"var(--ast-global-color-5)","background-image":"","background-repeat":"repeat","background-position":"center center","background-size":"auto","background-attachment":"scroll","background-type":"","background-media":"","overlay-type":"","overlay-color":"","overlay-opacity":"","overlay-gradient":""}},"footnotes":""},"class_list":["post-1963","page","type-page","status-publish","hentry"],"acf":[],"yoast_head":"<!-- This site is optimized with the Yoast SEO plugin v27.3 - https:\/\/yoast.com\/product\/yoast-seo-wordpress\/ -->\n<title>Technical data - NEOQI<\/title>\n<meta name=\"robots\" content=\"index, follow, max-snippet:-1, max-image-preview:large, max-video-preview:-1\" \/>\n<link rel=\"canonical\" href=\"https:\/\/neoqi.com\/es\/how-it-works\/technical-data\/\" \/>\n<meta property=\"og:locale\" content=\"es_ES\" \/>\n<meta property=\"og:type\" content=\"article\" \/>\n<meta property=\"og:title\" content=\"Technical data - NEOQI\" \/>\n<meta property=\"og:description\" content=\"Room NeoQi equipment is designed for use in indoor conditions and cannot be transported or stored below 0 degrees C. The equipment should be used in a moisture proof room, ventilation is recommended, as in the working regime, the machine creates humidity. It is recommended to have a general drain on the floor. Doors must [&hellip;]\" \/>\n<meta property=\"og:url\" content=\"https:\/\/neoqi.com\/es\/how-it-works\/technical-data\/\" \/>\n<meta property=\"og:site_name\" content=\"NEOQI\" \/>\n<meta property=\"article:publisher\" content=\"https:\/\/www.facebook.com\/neoqi\/\" \/>\n<meta name=\"twitter:card\" content=\"summary_large_image\" \/>\n<meta name=\"twitter:label1\" content=\"Tiempo de lectura\" \/>\n\t<meta name=\"twitter:data1\" content=\"2 minutos\" \/>\n<script type=\"application\/ld+json\" class=\"yoast-schema-graph\">{\"@context\":\"https:\\\/\\\/schema.org\",\"@graph\":[{\"@type\":\"WebPage\",\"@id\":\"https:\\\/\\\/neoqi.com\\\/how-it-works\\\/technical-data\\\/\",\"url\":\"https:\\\/\\\/neoqi.com\\\/how-it-works\\\/technical-data\\\/\",\"name\":\"Technical data - NEOQI\",\"isPartOf\":{\"@id\":\"https:\\\/\\\/neoqi.com\\\/#website\"},\"datePublished\":\"2024-09-06T17:36:28+00:00\",\"breadcrumb\":{\"@id\":\"https:\\\/\\\/neoqi.com\\\/how-it-works\\\/technical-data\\\/#breadcrumb\"},\"inLanguage\":\"es\",\"potentialAction\":[{\"@type\":\"ReadAction\",\"target\":[\"https:\\\/\\\/neoqi.com\\\/how-it-works\\\/technical-data\\\/\"]}]},{\"@type\":\"BreadcrumbList\",\"@id\":\"https:\\\/\\\/neoqi.com\\\/how-it-works\\\/technical-data\\\/#breadcrumb\",\"itemListElement\":[{\"@type\":\"ListItem\",\"position\":1,\"name\":\"Home\",\"item\":\"https:\\\/\\\/neoqi.com\\\/\"},{\"@type\":\"ListItem\",\"position\":2,\"name\":\"How it Works\",\"item\":\"https:\\\/\\\/neoqi.com\\\/ru\\\/how-it-works\\\/\"},{\"@type\":\"ListItem\",\"position\":3,\"name\":\"Technical data\"}]},{\"@type\":\"WebSite\",\"@id\":\"https:\\\/\\\/neoqi.com\\\/#website\",\"url\":\"https:\\\/\\\/neoqi.com\\\/\",\"name\":\"NEOQI\",\"description\":\"Experience Ultimate Wellness and Relaxation with NeoQi Spa Capsule: Your Path to Rejuvenation\",\"publisher\":{\"@id\":\"https:\\\/\\\/neoqi.com\\\/#organization\"},\"potentialAction\":[{\"@type\":\"SearchAction\",\"target\":{\"@type\":\"EntryPoint\",\"urlTemplate\":\"https:\\\/\\\/neoqi.com\\\/?s={search_term_string}\"},\"query-input\":{\"@type\":\"PropertyValueSpecification\",\"valueRequired\":true,\"valueName\":\"search_term_string\"}}],\"inLanguage\":\"es\"},{\"@type\":\"Organization\",\"@id\":\"https:\\\/\\\/neoqi.com\\\/#organization\",\"name\":\"NEOQI\",\"url\":\"https:\\\/\\\/neoqi.com\\\/\",\"logo\":{\"@type\":\"ImageObject\",\"inLanguage\":\"es\",\"@id\":\"https:\\\/\\\/neoqi.com\\\/#\\\/schema\\\/logo\\\/image\\\/\",\"url\":\"https:\\\/\\\/neoqi.com\\\/wp-content\\\/uploads\\\/2024\\\/09\\\/logoneosvg.svg\",\"contentUrl\":\"https:\\\/\\\/neoqi.com\\\/wp-content\\\/uploads\\\/2024\\\/09\\\/logoneosvg.svg\",\"width\":1,\"height\":1,\"caption\":\"NEOQI\"},\"image\":{\"@id\":\"https:\\\/\\\/neoqi.com\\\/#\\\/schema\\\/logo\\\/image\\\/\"},\"sameAs\":[\"https:\\\/\\\/www.facebook.com\\\/neoqi\\\/\",\"https:\\\/\\\/www.instagram.com\\\/neoqi_com\\\/\"]}]}<\/script>\n<!-- \/ Yoast SEO plugin. -->","yoast_head_json":{"title":"Technical data - NEOQI","robots":{"index":"index","follow":"follow","max-snippet":"max-snippet:-1","max-image-preview":"max-image-preview:large","max-video-preview":"max-video-preview:-1"},"canonical":"https:\/\/neoqi.com\/es\/how-it-works\/technical-data\/","og_locale":"es_ES","og_type":"article","og_title":"Technical data - NEOQI","og_description":"Room NeoQi equipment is designed for use in indoor conditions and cannot be transported or stored below 0 degrees C. The equipment should be used in a moisture proof room, ventilation is recommended, as in the working regime, the machine creates humidity. It is recommended to have a general drain on the floor. Doors must [&hellip;]","og_url":"https:\/\/neoqi.com\/es\/how-it-works\/technical-data\/","og_site_name":"NEOQI","article_publisher":"https:\/\/www.facebook.com\/neoqi\/","twitter_card":"summary_large_image","twitter_misc":{"Tiempo de lectura":"2 minutos"},"schema":{"@context":"https:\/\/schema.org","@graph":[{"@type":"WebPage","@id":"https:\/\/neoqi.com\/how-it-works\/technical-data\/","url":"https:\/\/neoqi.com\/how-it-works\/technical-data\/","name":"Technical data - NEOQI","isPartOf":{"@id":"https:\/\/neoqi.com\/#website"},"datePublished":"2024-09-06T17:36:28+00:00","breadcrumb":{"@id":"https:\/\/neoqi.com\/how-it-works\/technical-data\/#breadcrumb"},"inLanguage":"es","potentialAction":[{"@type":"ReadAction","target":["https:\/\/neoqi.com\/how-it-works\/technical-data\/"]}]},{"@type":"BreadcrumbList","@id":"https:\/\/neoqi.com\/how-it-works\/technical-data\/#breadcrumb","itemListElement":[{"@type":"ListItem","position":1,"name":"Home","item":"https:\/\/neoqi.com\/"},{"@type":"ListItem","position":2,"name":"How it Works","item":"https:\/\/neoqi.com\/ru\/how-it-works\/"},{"@type":"ListItem","position":3,"name":"Technical data"}]},{"@type":"WebSite","@id":"https:\/\/neoqi.com\/#website","url":"https:\/\/neoqi.com\/","name":"NEOQI","description":"Experimente lo \u00faltimo en bienestar y relajaci\u00f3n con NeoQi Spa Capsule: Su camino hacia el rejuvenecimiento","publisher":{"@id":"https:\/\/neoqi.com\/#organization"},"potentialAction":[{"@type":"SearchAction","target":{"@type":"EntryPoint","urlTemplate":"https:\/\/neoqi.com\/?s={search_term_string}"},"query-input":{"@type":"PropertyValueSpecification","valueRequired":true,"valueName":"search_term_string"}}],"inLanguage":"es"},{"@type":"Organization","@id":"https:\/\/neoqi.com\/#organization","name":"NEOQI","url":"https:\/\/neoqi.com\/","logo":{"@type":"ImageObject","inLanguage":"es","@id":"https:\/\/neoqi.com\/#\/schema\/logo\/image\/","url":"https:\/\/neoqi.com\/wp-content\/uploads\/2024\/09\/logoneosvg.svg","contentUrl":"https:\/\/neoqi.com\/wp-content\/uploads\/2024\/09\/logoneosvg.svg","width":1,"height":1,"caption":"NEOQI"},"image":{"@id":"https:\/\/neoqi.com\/#\/schema\/logo\/image\/"},"sameAs":["https:\/\/www.facebook.com\/neoqi\/","https:\/\/www.instagram.com\/neoqi_com\/"]}]}},"_links":{"self":[{"href":"https:\/\/neoqi.com\/es\/wp-json\/wp\/v2\/pages\/1963","targetHints":{"allow":["GET"]}}],"collection":[{"href":"https:\/\/neoqi.com\/es\/wp-json\/wp\/v2\/pages"}],"about":[{"href":"https:\/\/neoqi.com\/es\/wp-json\/wp\/v2\/types\/page"}],"author":[{"embeddable":true,"href":"https:\/\/neoqi.com\/es\/wp-json\/wp\/v2\/users\/3"}],"replies":[{"embeddable":true,"href":"https:\/\/neoqi.com\/es\/wp-json\/wp\/v2\/comments?post=1963"}],"version-history":[{"count":1,"href":"https:\/\/neoqi.com\/es\/wp-json\/wp\/v2\/pages\/1963\/revisions"}],"predecessor-version":[{"id":1964,"href":"https:\/\/neoqi.com\/es\/wp-json\/wp\/v2\/pages\/1963\/revisions\/1964"}],"up":[{"embeddable":true,"href":"https:\/\/neoqi.com\/es\/wp-json\/wp\/v2\/pages\/1953"}],"wp:attachment":[{"href":"https:\/\/neoqi.com\/es\/wp-json\/wp\/v2\/media?parent=1963"}],"curies":[{"name":"wp","href":"https:\/\/api.w.org\/{rel}","templated":true}]}}