{"id":1991,"date":"2024-09-06T20:58:27","date_gmt":"2024-09-06T17:58:27","guid":{"rendered":"http:\/\/neoqi.com\/?page_id=1991"},"modified":"2024-09-06T20:58:27","modified_gmt":"2024-09-06T17:58:27","slug":"steam-hydrotherapy-session","status":"publish","type":"page","link":"https:\/\/neoqi.com\/es\/how-it-works\/treatment-programs\/steam-hydrotherapy-session\/","title":{"rendered":"Sesi\u00f3n de vapor + hidroterapia"},"content":{"rendered":"<p>Sesi\u00f3n de vapor e hidroterapia - todo incluido 40 min*.<\/p>\n<p>* no incluye el tiempo dedicado a la preparaci\u00f3n del capullo para el tratamiento y a la limpieza despu\u00e9s del tratamiento.<\/p>\n<p>Beneficios: limpieza profunda de la piel, aceleraci\u00f3n de la circulaci\u00f3n sangu\u00ednea colateral, reducci\u00f3n del estr\u00e9s y de las tensiones, activaci\u00f3n del metabolismo, normalizaci\u00f3n del sue\u00f1o y de los biorritmos, elevaci\u00f3n de los fluidos celulares, refuerzo del sistema inmunitario, mejora del estado de la piel.<\/p>\n<p>Preparaci\u00f3n para el tratamiento:<\/p>\n<p>Llena la ba\u00f1era con agua (temperatura - 36-38\u00b0\u0421).<br \/>\nA\u00f1ade al agua la cantidad necesaria de gotas de aceite esencial.<br \/>\nPrepare el dispensador de aromas a\u00f1adiendo la cantidad necesaria de gotas de aceite esencial.<br \/>\nEncienda la m\u00fasica y las luces LED que favorecen la relajaci\u00f3n.<\/p>\n<p>Colores de cromoterapia<\/p>\n<p>Estimulante: Rojo, Naranja, Amarillo, Blanco.<\/p>\n<p>Relajante: Verde, Azul, Violeta, Blanco.<\/p>\n<p>Vibraci\u00f3n<\/p>\n<p>Estimulante: medio r\u00e1pido.<\/p>\n<p>Relajante: onda lenta.<\/p>\n<p>Productos necesarios: Aceite esencial arom\u00e1tico.<\/p>\n<p>Antes del tratamiento:<\/p>\n<p>comprobar las necesidades y deseos del cliente;<br \/>\nexplicar el curso del tratamiento;<br \/>\ninformar al cliente sobre las contraindicaciones del tratamiento (v\u00e9ase p\u00e1gina aparte).<\/p>\n<p>La secuencia del tratamiento:<\/p>\n<p>HIDROBA\u00d1O - 15-20 minutos:<\/p>\n<p>Pida a su cliente que se sumerja en el agua. Enci\u00e9ndelo:<br \/>\n- cromoterapia;<\/p>\n<p>- hidromasaje;<\/p>\n<p>- masaje con burbujas de aire.<\/p>\n<p>Tambi\u00e9n es posible realizar masajes subacu\u00e1ticos de corta duraci\u00f3n.<\/p>\n<p>Al final del tiempo, ayude a su cliente a salir de la ba\u00f1era. Col\u00f3quelo encima de la camilla vibratoria de la ba\u00f1era.<\/p>\n<p>SESI\u00d3N DE VAPOR - 10-15 minutos:<\/p>\n<p>Pida a su cliente que se tumbe en la camilla vibratoria. Cierre la campana y enci\u00e9ndala:<br \/>\n- vapor + sauna de infrarrojos (la elecci\u00f3n de la temperatura es individual);<\/p>\n<p>- vibraci\u00f3n;<\/p>\n<p>- cromoterapia;<\/p>\n<p>- ventilador de cara.<\/p>\n<p>DUCHA VICHY - 3-5 minutos:<\/p>\n<p>Despu\u00e9s de la sesi\u00f3n de vapor, active la funci\u00f3n de ducha Vichy.<br \/>\nAl final del tratamiento, ofrezca a su cliente la oportunidad de relajarse.<\/p>\n<p>Se recomienda realizar 2-3 tratamientos por semana, curso de 8 - 15 tratamientos.<\/p>\n<p>Recomendamos combinar los tratamientos en NeoQi\u00ae con cosm\u00e9tica marina profesional EST\u00ed.<\/p>","protected":false},"excerpt":{"rendered":"<p>Steam and hydrotherapy session \u2013 all-inclusive 40 min* * does not include the time spent on preparing the cocoon for the treatment and cleaning after the treatment. Benefits: deep cleansing of the skin, acceleration of collateral blood circulation, reduced stress and tensions, activates metabolism, normalization of sleep and biorhythms, elevation of cellular fluids, boosting the [&hellip;]<\/p>\n","protected":false},"author":3,"featured_media":0,"parent":1957,"menu_order":0,"comment_status":"closed","ping_status":"closed","template":"","meta":{"_acf_changed":false,"site-sidebar-layout":"default","site-content-layout":"","ast-site-content-layout":"default","site-content-style":"default","site-sidebar-style":"default","ast-global-header-display":"","ast-banner-title-visibility":"","ast-main-header-display":"","ast-hfb-above-header-display":"","ast-hfb-below-header-display":"","ast-hfb-mobile-header-display":"","site-post-title":"","ast-breadcrumbs-content":"","ast-featured-img":"","footer-sml-layout":"","ast-disable-related-posts":"","theme-transparent-header-meta":"default","adv-header-id-meta":"","stick-header-meta":"","header-above-stick-meta":"","header-main-stick-meta":"","header-below-stick-meta":"","astra-migrate-meta-layouts":"set","ast-page-background-enabled":"default","ast-page-background-meta":{"desktop":{"background-color":"var(--ast-global-color-4)","background-image":"","background-repeat":"repeat","background-position":"center center","background-size":"auto","background-attachment":"scroll","background-type":"","background-media":"","overlay-type":"","overlay-color":"","overlay-opacity":"","overlay-gradient":""},"tablet":{"background-color":"","background-image":"","background-repeat":"repeat","background-position":"center center","background-size":"auto","background-attachment":"scroll","background-type":"","background-media":"","overlay-type":"","overlay-color":"","overlay-opacity":"","overlay-gradient":""},"mobile":{"background-color":"","background-image":"","background-repeat":"repeat","background-position":"center center","background-size":"auto","background-attachment":"scroll","background-type":"","background-media":"","overlay-type":"","overlay-color":"","overlay-opacity":"","overlay-gradient":""}},"ast-content-background-meta":{"desktop":{"background-color":"var(--ast-global-color-5)","background-image":"","background-repeat":"repeat","background-position":"center center","background-size":"auto","background-attachment":"scroll","background-type":"","background-media":"","overlay-type":"","overlay-color":"","overlay-opacity":"","overlay-gradient":""},"tablet":{"background-color":"var(--ast-global-color-5)","background-image":"","background-repeat":"repeat","background-position":"center center","background-size":"auto","background-attachment":"scroll","background-type":"","background-media":"","overlay-type":"","overlay-color":"","overlay-opacity":"","overlay-gradient":""},"mobile":{"background-color":"var(--ast-global-color-5)","background-image":"","background-repeat":"repeat","background-position":"center center","background-size":"auto","background-attachment":"scroll","background-type":"","background-media":"","overlay-type":"","overlay-color":"","overlay-opacity":"","overlay-gradient":""}},"footnotes":""},"class_list":["post-1991","page","type-page","status-publish","hentry"],"acf":[],"yoast_head":"<!-- This site is optimized with the Yoast SEO plugin v27.3 - https:\/\/yoast.com\/product\/yoast-seo-wordpress\/ -->\n<title>Steam + Hydrotherapy Session - NEOQI<\/title>\n<meta name=\"robots\" content=\"index, follow, max-snippet:-1, max-image-preview:large, max-video-preview:-1\" \/>\n<link rel=\"canonical\" href=\"https:\/\/neoqi.com\/es\/how-it-works\/treatment-programs\/steam-hydrotherapy-session\/\" \/>\n<meta property=\"og:locale\" content=\"es_ES\" \/>\n<meta property=\"og:type\" content=\"article\" \/>\n<meta property=\"og:title\" content=\"Steam + Hydrotherapy Session - NEOQI\" \/>\n<meta property=\"og:description\" content=\"Steam and hydrotherapy session \u2013 all-inclusive 40 min* * does not include the time spent on preparing the cocoon for the treatment and cleaning after the treatment. Benefits: deep cleansing of the skin, acceleration of collateral blood circulation, reduced stress and tensions, activates metabolism, normalization of sleep and biorhythms, elevation of cellular fluids, boosting the [&hellip;]\" \/>\n<meta property=\"og:url\" content=\"https:\/\/neoqi.com\/es\/how-it-works\/treatment-programs\/steam-hydrotherapy-session\/\" \/>\n<meta property=\"og:site_name\" content=\"NEOQI\" \/>\n<meta property=\"article:publisher\" content=\"https:\/\/www.facebook.com\/neoqi\/\" \/>\n<meta name=\"twitter:card\" content=\"summary_large_image\" \/>\n<meta name=\"twitter:label1\" content=\"Tiempo de lectura\" \/>\n\t<meta name=\"twitter:data1\" content=\"1 minuto\" \/>\n<script type=\"application\/ld+json\" class=\"yoast-schema-graph\">{\"@context\":\"https:\\\/\\\/schema.org\",\"@graph\":[{\"@type\":\"WebPage\",\"@id\":\"https:\\\/\\\/neoqi.com\\\/how-it-works\\\/treatment-programs\\\/steam-hydrotherapy-session\\\/\",\"url\":\"https:\\\/\\\/neoqi.com\\\/how-it-works\\\/treatment-programs\\\/steam-hydrotherapy-session\\\/\",\"name\":\"Steam + Hydrotherapy Session - NEOQI\",\"isPartOf\":{\"@id\":\"https:\\\/\\\/neoqi.com\\\/#website\"},\"datePublished\":\"2024-09-06T17:58:27+00:00\",\"breadcrumb\":{\"@id\":\"https:\\\/\\\/neoqi.com\\\/how-it-works\\\/treatment-programs\\\/steam-hydrotherapy-session\\\/#breadcrumb\"},\"inLanguage\":\"es\",\"potentialAction\":[{\"@type\":\"ReadAction\",\"target\":[\"https:\\\/\\\/neoqi.com\\\/how-it-works\\\/treatment-programs\\\/steam-hydrotherapy-session\\\/\"]}]},{\"@type\":\"BreadcrumbList\",\"@id\":\"https:\\\/\\\/neoqi.com\\\/how-it-works\\\/treatment-programs\\\/steam-hydrotherapy-session\\\/#breadcrumb\",\"itemListElement\":[{\"@type\":\"ListItem\",\"position\":1,\"name\":\"Home\",\"item\":\"https:\\\/\\\/neoqi.com\\\/\"},{\"@type\":\"ListItem\",\"position\":2,\"name\":\"How it Works\",\"item\":\"https:\\\/\\\/neoqi.com\\\/ru\\\/how-it-works\\\/\"},{\"@type\":\"ListItem\",\"position\":3,\"name\":\"Treatment Programs\",\"item\":\"https:\\\/\\\/neoqi.com\\\/how-it-works\\\/treatment-programs\\\/\"},{\"@type\":\"ListItem\",\"position\":4,\"name\":\"Steam + Hydrotherapy Session\"}]},{\"@type\":\"WebSite\",\"@id\":\"https:\\\/\\\/neoqi.com\\\/#website\",\"url\":\"https:\\\/\\\/neoqi.com\\\/\",\"name\":\"NEOQI\",\"description\":\"Experience Ultimate Wellness and Relaxation with NeoQi Spa Capsule: Your Path to Rejuvenation\",\"publisher\":{\"@id\":\"https:\\\/\\\/neoqi.com\\\/#organization\"},\"potentialAction\":[{\"@type\":\"SearchAction\",\"target\":{\"@type\":\"EntryPoint\",\"urlTemplate\":\"https:\\\/\\\/neoqi.com\\\/?s={search_term_string}\"},\"query-input\":{\"@type\":\"PropertyValueSpecification\",\"valueRequired\":true,\"valueName\":\"search_term_string\"}}],\"inLanguage\":\"es\"},{\"@type\":\"Organization\",\"@id\":\"https:\\\/\\\/neoqi.com\\\/#organization\",\"name\":\"NEOQI\",\"url\":\"https:\\\/\\\/neoqi.com\\\/\",\"logo\":{\"@type\":\"ImageObject\",\"inLanguage\":\"es\",\"@id\":\"https:\\\/\\\/neoqi.com\\\/#\\\/schema\\\/logo\\\/image\\\/\",\"url\":\"https:\\\/\\\/neoqi.com\\\/wp-content\\\/uploads\\\/2024\\\/09\\\/logoneosvg.svg\",\"contentUrl\":\"https:\\\/\\\/neoqi.com\\\/wp-content\\\/uploads\\\/2024\\\/09\\\/logoneosvg.svg\",\"width\":1,\"height\":1,\"caption\":\"NEOQI\"},\"image\":{\"@id\":\"https:\\\/\\\/neoqi.com\\\/#\\\/schema\\\/logo\\\/image\\\/\"},\"sameAs\":[\"https:\\\/\\\/www.facebook.com\\\/neoqi\\\/\",\"https:\\\/\\\/www.instagram.com\\\/neoqi_com\\\/\"]}]}<\/script>\n<!-- \/ Yoast SEO plugin. -->","yoast_head_json":{"title":"Steam + Hydrotherapy Session - NEOQI","robots":{"index":"index","follow":"follow","max-snippet":"max-snippet:-1","max-image-preview":"max-image-preview:large","max-video-preview":"max-video-preview:-1"},"canonical":"https:\/\/neoqi.com\/es\/how-it-works\/treatment-programs\/steam-hydrotherapy-session\/","og_locale":"es_ES","og_type":"article","og_title":"Steam + Hydrotherapy Session - NEOQI","og_description":"Steam and hydrotherapy session \u2013 all-inclusive 40 min* * does not include the time spent on preparing the cocoon for the treatment and cleaning after the treatment. Benefits: deep cleansing of the skin, acceleration of collateral blood circulation, reduced stress and tensions, activates metabolism, normalization of sleep and biorhythms, elevation of cellular fluids, boosting the [&hellip;]","og_url":"https:\/\/neoqi.com\/es\/how-it-works\/treatment-programs\/steam-hydrotherapy-session\/","og_site_name":"NEOQI","article_publisher":"https:\/\/www.facebook.com\/neoqi\/","twitter_card":"summary_large_image","twitter_misc":{"Tiempo de lectura":"1 minuto"},"schema":{"@context":"https:\/\/schema.org","@graph":[{"@type":"WebPage","@id":"https:\/\/neoqi.com\/how-it-works\/treatment-programs\/steam-hydrotherapy-session\/","url":"https:\/\/neoqi.com\/how-it-works\/treatment-programs\/steam-hydrotherapy-session\/","name":"Steam + Hydrotherapy Session - NEOQI","isPartOf":{"@id":"https:\/\/neoqi.com\/#website"},"datePublished":"2024-09-06T17:58:27+00:00","breadcrumb":{"@id":"https:\/\/neoqi.com\/how-it-works\/treatment-programs\/steam-hydrotherapy-session\/#breadcrumb"},"inLanguage":"es","potentialAction":[{"@type":"ReadAction","target":["https:\/\/neoqi.com\/how-it-works\/treatment-programs\/steam-hydrotherapy-session\/"]}]},{"@type":"BreadcrumbList","@id":"https:\/\/neoqi.com\/how-it-works\/treatment-programs\/steam-hydrotherapy-session\/#breadcrumb","itemListElement":[{"@type":"ListItem","position":1,"name":"Home","item":"https:\/\/neoqi.com\/"},{"@type":"ListItem","position":2,"name":"How it Works","item":"https:\/\/neoqi.com\/ru\/how-it-works\/"},{"@type":"ListItem","position":3,"name":"Treatment Programs","item":"https:\/\/neoqi.com\/how-it-works\/treatment-programs\/"},{"@type":"ListItem","position":4,"name":"Steam + Hydrotherapy Session"}]},{"@type":"WebSite","@id":"https:\/\/neoqi.com\/#website","url":"https:\/\/neoqi.com\/","name":"NEOQI","description":"Experimente lo \u00faltimo en bienestar y relajaci\u00f3n con NeoQi Spa Capsule: Su camino hacia el rejuvenecimiento","publisher":{"@id":"https:\/\/neoqi.com\/#organization"},"potentialAction":[{"@type":"SearchAction","target":{"@type":"EntryPoint","urlTemplate":"https:\/\/neoqi.com\/?s={search_term_string}"},"query-input":{"@type":"PropertyValueSpecification","valueRequired":true,"valueName":"search_term_string"}}],"inLanguage":"es"},{"@type":"Organization","@id":"https:\/\/neoqi.com\/#organization","name":"NEOQI","url":"https:\/\/neoqi.com\/","logo":{"@type":"ImageObject","inLanguage":"es","@id":"https:\/\/neoqi.com\/#\/schema\/logo\/image\/","url":"https:\/\/neoqi.com\/wp-content\/uploads\/2024\/09\/logoneosvg.svg","contentUrl":"https:\/\/neoqi.com\/wp-content\/uploads\/2024\/09\/logoneosvg.svg","width":1,"height":1,"caption":"NEOQI"},"image":{"@id":"https:\/\/neoqi.com\/#\/schema\/logo\/image\/"},"sameAs":["https:\/\/www.facebook.com\/neoqi\/","https:\/\/www.instagram.com\/neoqi_com\/"]}]}},"_links":{"self":[{"href":"https:\/\/neoqi.com\/es\/wp-json\/wp\/v2\/pages\/1991","targetHints":{"allow":["GET"]}}],"collection":[{"href":"https:\/\/neoqi.com\/es\/wp-json\/wp\/v2\/pages"}],"about":[{"href":"https:\/\/neoqi.com\/es\/wp-json\/wp\/v2\/types\/page"}],"author":[{"embeddable":true,"href":"https:\/\/neoqi.com\/es\/wp-json\/wp\/v2\/users\/3"}],"replies":[{"embeddable":true,"href":"https:\/\/neoqi.com\/es\/wp-json\/wp\/v2\/comments?post=1991"}],"version-history":[{"count":1,"href":"https:\/\/neoqi.com\/es\/wp-json\/wp\/v2\/pages\/1991\/revisions"}],"predecessor-version":[{"id":1992,"href":"https:\/\/neoqi.com\/es\/wp-json\/wp\/v2\/pages\/1991\/revisions\/1992"}],"up":[{"embeddable":true,"href":"https:\/\/neoqi.com\/es\/wp-json\/wp\/v2\/pages\/1957"}],"wp:attachment":[{"href":"https:\/\/neoqi.com\/es\/wp-json\/wp\/v2\/media?parent=1991"}],"curies":[{"name":"wp","href":"https:\/\/api.w.org\/{rel}","templated":true}]}}