{"id":1997,"date":"2024-09-06T21:00:28","date_gmt":"2024-09-06T18:00:28","guid":{"rendered":"http:\/\/neoqi.com\/?page_id=1997"},"modified":"2024-09-06T21:00:28","modified_gmt":"2024-09-06T18:00:28","slug":"facials","status":"publish","type":"page","link":"https:\/\/neoqi.com\/es\/how-it-works\/treatment-programs\/facials\/","title":{"rendered":"Tratamientos faciales"},"content":{"rendered":"<p>Mini Facial - 12-20 min* durante el tratamiento corporal en el capullo de energ\u00eda NeoQi<\/p>\n<p>* Se pueden realizar tratamientos faciales cortos sin fase de M\u00e1scara.<\/p>\n<p>Beneficios: cuidado facial que debe combinarse con tratamientos de cuidado corporal, en poco tiempo limpia e hidrata la epidermis, nutre y rejuvenece, crea efecto lifting, tonifica la piel, favorece la regeneraci\u00f3n celular, proporciona efecto antiedad.<\/p>\n<p>Preparaci\u00f3n para el tratamiento:<\/p>\n<p>prepare un cuenco con agua tibia a caliente, a\u00f1ada 1-2 gotas de aceite esencial de aroma relajante;<br \/>\nremojar 2 toallitas en un bol.<\/p>\n<p>Productos necesarios:<\/p>\n<p>Aceite esencial arom\u00e1tico.<br \/>\nDesmaquillante (leche, gel).<br \/>\nPeeling\/exfoliaci\u00f3n.<br \/>\nLoci\u00f3n t\u00f3nica.<br \/>\nM\u00e1scara facial*.<br \/>\nProducto final (crema, loci\u00f3n, leche, aceite).<\/p>\n<p>Antes del tratamiento:<\/p>\n<p>comprobar las necesidades y deseos del cliente;<br \/>\nexplicar el curso del tratamiento;<br \/>\ninformar al cliente sobre las contraindicaciones del tratamiento (v\u00e9ase p\u00e1gina aparte).<\/p>\n<p>La secuencia del tratamiento:<\/p>\n<p>LIMPIEZA - 2-3 minutos:<\/p>\n<p>Aplicar la leche limpiadora con ligeros movimientos circulares sobre el rostro y el cuello;<br \/>\nRetirar con toallas calientes. Repetir 2 veces.<\/p>\n<p>PELAR 3-4 minutos:<\/p>\n<p>Aplicar una fina capa de exfoliante sobre el rostro y el cuello. Exfoliar suavemente con ligeros masajes circulares evitando el contorno de los ojos;<br \/>\nRetirar con toallas calientes, 2 veces. Seque el exceso de agua de la cara con un pa\u00f1uelo de papel;<br \/>\nVierta la loci\u00f3n en un algod\u00f3n y apl\u00edquela sobre el rostro y el cuello.<\/p>\n<p>MASCARILLA 10-12 minutos *:<\/p>\n<p>Aplicar una fina capa de mascarilla sobre cara y cuello. Aplicar discos de algod\u00f3n humedecidos con t\u00f3nico sobre los ojos. Dejar actuar durante 10 minutos;<br \/>\nEn funci\u00f3n de la mascarilla facial, si es posible, realizar un ligero masaje facial;<br \/>\nRetirar con toallas calientes, 2 veces. Seque el exceso de agua de la cara con un pa\u00f1uelo de papel;<br \/>\nVierta la loci\u00f3n en un algod\u00f3n y apl\u00edquela sobre el rostro y el cuello.<\/p>\n<p>FINALIZAR 1-2 minutos:<\/p>\n<p>Aplicar la crema hidratante con ligeros movimientos de masaje sobre el rostro y el cuello.<\/p>\n<p>Se recomienda realizar un tratamiento facial durante cada tratamiento de cuidado corporal.<\/p>\n<p>Recomendamos combinar los tratamientos en NeoQi\u00ae con cosm\u00e9tica marina profesional EST\u00ed.<\/p>","protected":false},"excerpt":{"rendered":"<p>Mini Facial \u2013 12-20 min* during body care treatment in NeoQi\u00ae energy cocoon * Short facial treatments can be carried out without Mask phase. Benefits: face care that should be combined with body care treatments, in a short period of time cleanses and hydrates epidermis, nourishes and rejuvenates, creates effect of lifting, tones skin, promotes [&hellip;]<\/p>\n","protected":false},"author":3,"featured_media":0,"parent":1957,"menu_order":0,"comment_status":"closed","ping_status":"closed","template":"","meta":{"_acf_changed":false,"site-sidebar-layout":"default","site-content-layout":"","ast-site-content-layout":"default","site-content-style":"default","site-sidebar-style":"default","ast-global-header-display":"","ast-banner-title-visibility":"","ast-main-header-display":"","ast-hfb-above-header-display":"","ast-hfb-below-header-display":"","ast-hfb-mobile-header-display":"","site-post-title":"","ast-breadcrumbs-content":"","ast-featured-img":"","footer-sml-layout":"","ast-disable-related-posts":"","theme-transparent-header-meta":"default","adv-header-id-meta":"","stick-header-meta":"","header-above-stick-meta":"","header-main-stick-meta":"","header-below-stick-meta":"","astra-migrate-meta-layouts":"set","ast-page-background-enabled":"default","ast-page-background-meta":{"desktop":{"background-color":"var(--ast-global-color-4)","background-image":"","background-repeat":"repeat","background-position":"center center","background-size":"auto","background-attachment":"scroll","background-type":"","background-media":"","overlay-type":"","overlay-color":"","overlay-opacity":"","overlay-gradient":""},"tablet":{"background-color":"","background-image":"","background-repeat":"repeat","background-position":"center center","background-size":"auto","background-attachment":"scroll","background-type":"","background-media":"","overlay-type":"","overlay-color":"","overlay-opacity":"","overlay-gradient":""},"mobile":{"background-color":"","background-image":"","background-repeat":"repeat","background-position":"center center","background-size":"auto","background-attachment":"scroll","background-type":"","background-media":"","overlay-type":"","overlay-color":"","overlay-opacity":"","overlay-gradient":""}},"ast-content-background-meta":{"desktop":{"background-color":"var(--ast-global-color-5)","background-image":"","background-repeat":"repeat","background-position":"center center","background-size":"auto","background-attachment":"scroll","background-type":"","background-media":"","overlay-type":"","overlay-color":"","overlay-opacity":"","overlay-gradient":""},"tablet":{"background-color":"var(--ast-global-color-5)","background-image":"","background-repeat":"repeat","background-position":"center center","background-size":"auto","background-attachment":"scroll","background-type":"","background-media":"","overlay-type":"","overlay-color":"","overlay-opacity":"","overlay-gradient":""},"mobile":{"background-color":"var(--ast-global-color-5)","background-image":"","background-repeat":"repeat","background-position":"center center","background-size":"auto","background-attachment":"scroll","background-type":"","background-media":"","overlay-type":"","overlay-color":"","overlay-opacity":"","overlay-gradient":""}},"footnotes":""},"class_list":["post-1997","page","type-page","status-publish","hentry"],"acf":[],"yoast_head":"<!-- This site is optimized with the Yoast SEO plugin v27.3 - https:\/\/yoast.com\/product\/yoast-seo-wordpress\/ -->\n<title>Facials - NEOQI<\/title>\n<meta name=\"robots\" content=\"index, follow, max-snippet:-1, max-image-preview:large, max-video-preview:-1\" \/>\n<link rel=\"canonical\" href=\"https:\/\/neoqi.com\/es\/how-it-works\/treatment-programs\/facials\/\" \/>\n<meta property=\"og:locale\" content=\"es_ES\" \/>\n<meta property=\"og:type\" content=\"article\" \/>\n<meta property=\"og:title\" content=\"Facials - NEOQI\" \/>\n<meta property=\"og:description\" content=\"Mini Facial \u2013 12-20 min* during body care treatment in NeoQi\u00ae energy cocoon * Short facial treatments can be carried out without Mask phase. Benefits: face care that should be combined with body care treatments, in a short period of time cleanses and hydrates epidermis, nourishes and rejuvenates, creates effect of lifting, tones skin, promotes [&hellip;]\" \/>\n<meta property=\"og:url\" content=\"https:\/\/neoqi.com\/es\/how-it-works\/treatment-programs\/facials\/\" \/>\n<meta property=\"og:site_name\" content=\"NEOQI\" \/>\n<meta property=\"article:publisher\" content=\"https:\/\/www.facebook.com\/neoqi\/\" \/>\n<meta name=\"twitter:card\" content=\"summary_large_image\" \/>\n<meta name=\"twitter:label1\" content=\"Tiempo de lectura\" \/>\n\t<meta name=\"twitter:data1\" content=\"2 minutos\" \/>\n<script type=\"application\/ld+json\" class=\"yoast-schema-graph\">{\"@context\":\"https:\\\/\\\/schema.org\",\"@graph\":[{\"@type\":\"WebPage\",\"@id\":\"https:\\\/\\\/neoqi.com\\\/how-it-works\\\/treatment-programs\\\/facials\\\/\",\"url\":\"https:\\\/\\\/neoqi.com\\\/how-it-works\\\/treatment-programs\\\/facials\\\/\",\"name\":\"Facials - NEOQI\",\"isPartOf\":{\"@id\":\"https:\\\/\\\/neoqi.com\\\/#website\"},\"datePublished\":\"2024-09-06T18:00:28+00:00\",\"breadcrumb\":{\"@id\":\"https:\\\/\\\/neoqi.com\\\/how-it-works\\\/treatment-programs\\\/facials\\\/#breadcrumb\"},\"inLanguage\":\"es\",\"potentialAction\":[{\"@type\":\"ReadAction\",\"target\":[\"https:\\\/\\\/neoqi.com\\\/how-it-works\\\/treatment-programs\\\/facials\\\/\"]}]},{\"@type\":\"BreadcrumbList\",\"@id\":\"https:\\\/\\\/neoqi.com\\\/how-it-works\\\/treatment-programs\\\/facials\\\/#breadcrumb\",\"itemListElement\":[{\"@type\":\"ListItem\",\"position\":1,\"name\":\"Home\",\"item\":\"https:\\\/\\\/neoqi.com\\\/\"},{\"@type\":\"ListItem\",\"position\":2,\"name\":\"How it Works\",\"item\":\"https:\\\/\\\/neoqi.com\\\/ru\\\/how-it-works\\\/\"},{\"@type\":\"ListItem\",\"position\":3,\"name\":\"Treatment Programs\",\"item\":\"https:\\\/\\\/neoqi.com\\\/how-it-works\\\/treatment-programs\\\/\"},{\"@type\":\"ListItem\",\"position\":4,\"name\":\"Facials\"}]},{\"@type\":\"WebSite\",\"@id\":\"https:\\\/\\\/neoqi.com\\\/#website\",\"url\":\"https:\\\/\\\/neoqi.com\\\/\",\"name\":\"NEOQI\",\"description\":\"Experience Ultimate Wellness and Relaxation with NeoQi Spa Capsule: Your Path to Rejuvenation\",\"publisher\":{\"@id\":\"https:\\\/\\\/neoqi.com\\\/#organization\"},\"potentialAction\":[{\"@type\":\"SearchAction\",\"target\":{\"@type\":\"EntryPoint\",\"urlTemplate\":\"https:\\\/\\\/neoqi.com\\\/?s={search_term_string}\"},\"query-input\":{\"@type\":\"PropertyValueSpecification\",\"valueRequired\":true,\"valueName\":\"search_term_string\"}}],\"inLanguage\":\"es\"},{\"@type\":\"Organization\",\"@id\":\"https:\\\/\\\/neoqi.com\\\/#organization\",\"name\":\"NEOQI\",\"url\":\"https:\\\/\\\/neoqi.com\\\/\",\"logo\":{\"@type\":\"ImageObject\",\"inLanguage\":\"es\",\"@id\":\"https:\\\/\\\/neoqi.com\\\/#\\\/schema\\\/logo\\\/image\\\/\",\"url\":\"https:\\\/\\\/neoqi.com\\\/wp-content\\\/uploads\\\/2024\\\/09\\\/logoneosvg.svg\",\"contentUrl\":\"https:\\\/\\\/neoqi.com\\\/wp-content\\\/uploads\\\/2024\\\/09\\\/logoneosvg.svg\",\"width\":1,\"height\":1,\"caption\":\"NEOQI\"},\"image\":{\"@id\":\"https:\\\/\\\/neoqi.com\\\/#\\\/schema\\\/logo\\\/image\\\/\"},\"sameAs\":[\"https:\\\/\\\/www.facebook.com\\\/neoqi\\\/\",\"https:\\\/\\\/www.instagram.com\\\/neoqi_com\\\/\"]}]}<\/script>\n<!-- \/ Yoast SEO plugin. -->","yoast_head_json":{"title":"Facials - NEOQI","robots":{"index":"index","follow":"follow","max-snippet":"max-snippet:-1","max-image-preview":"max-image-preview:large","max-video-preview":"max-video-preview:-1"},"canonical":"https:\/\/neoqi.com\/es\/how-it-works\/treatment-programs\/facials\/","og_locale":"es_ES","og_type":"article","og_title":"Facials - NEOQI","og_description":"Mini Facial \u2013 12-20 min* during body care treatment in NeoQi\u00ae energy cocoon * Short facial treatments can be carried out without Mask phase. Benefits: face care that should be combined with body care treatments, in a short period of time cleanses and hydrates epidermis, nourishes and rejuvenates, creates effect of lifting, tones skin, promotes [&hellip;]","og_url":"https:\/\/neoqi.com\/es\/how-it-works\/treatment-programs\/facials\/","og_site_name":"NEOQI","article_publisher":"https:\/\/www.facebook.com\/neoqi\/","twitter_card":"summary_large_image","twitter_misc":{"Tiempo de lectura":"2 minutos"},"schema":{"@context":"https:\/\/schema.org","@graph":[{"@type":"WebPage","@id":"https:\/\/neoqi.com\/how-it-works\/treatment-programs\/facials\/","url":"https:\/\/neoqi.com\/how-it-works\/treatment-programs\/facials\/","name":"Facials - NEOQI","isPartOf":{"@id":"https:\/\/neoqi.com\/#website"},"datePublished":"2024-09-06T18:00:28+00:00","breadcrumb":{"@id":"https:\/\/neoqi.com\/how-it-works\/treatment-programs\/facials\/#breadcrumb"},"inLanguage":"es","potentialAction":[{"@type":"ReadAction","target":["https:\/\/neoqi.com\/how-it-works\/treatment-programs\/facials\/"]}]},{"@type":"BreadcrumbList","@id":"https:\/\/neoqi.com\/how-it-works\/treatment-programs\/facials\/#breadcrumb","itemListElement":[{"@type":"ListItem","position":1,"name":"Home","item":"https:\/\/neoqi.com\/"},{"@type":"ListItem","position":2,"name":"How it Works","item":"https:\/\/neoqi.com\/ru\/how-it-works\/"},{"@type":"ListItem","position":3,"name":"Treatment Programs","item":"https:\/\/neoqi.com\/how-it-works\/treatment-programs\/"},{"@type":"ListItem","position":4,"name":"Facials"}]},{"@type":"WebSite","@id":"https:\/\/neoqi.com\/#website","url":"https:\/\/neoqi.com\/","name":"NEOQI","description":"Experimente lo \u00faltimo en bienestar y relajaci\u00f3n con NeoQi Spa Capsule: Su camino hacia el rejuvenecimiento","publisher":{"@id":"https:\/\/neoqi.com\/#organization"},"potentialAction":[{"@type":"SearchAction","target":{"@type":"EntryPoint","urlTemplate":"https:\/\/neoqi.com\/?s={search_term_string}"},"query-input":{"@type":"PropertyValueSpecification","valueRequired":true,"valueName":"search_term_string"}}],"inLanguage":"es"},{"@type":"Organization","@id":"https:\/\/neoqi.com\/#organization","name":"NEOQI","url":"https:\/\/neoqi.com\/","logo":{"@type":"ImageObject","inLanguage":"es","@id":"https:\/\/neoqi.com\/#\/schema\/logo\/image\/","url":"https:\/\/neoqi.com\/wp-content\/uploads\/2024\/09\/logoneosvg.svg","contentUrl":"https:\/\/neoqi.com\/wp-content\/uploads\/2024\/09\/logoneosvg.svg","width":1,"height":1,"caption":"NEOQI"},"image":{"@id":"https:\/\/neoqi.com\/#\/schema\/logo\/image\/"},"sameAs":["https:\/\/www.facebook.com\/neoqi\/","https:\/\/www.instagram.com\/neoqi_com\/"]}]}},"_links":{"self":[{"href":"https:\/\/neoqi.com\/es\/wp-json\/wp\/v2\/pages\/1997","targetHints":{"allow":["GET"]}}],"collection":[{"href":"https:\/\/neoqi.com\/es\/wp-json\/wp\/v2\/pages"}],"about":[{"href":"https:\/\/neoqi.com\/es\/wp-json\/wp\/v2\/types\/page"}],"author":[{"embeddable":true,"href":"https:\/\/neoqi.com\/es\/wp-json\/wp\/v2\/users\/3"}],"replies":[{"embeddable":true,"href":"https:\/\/neoqi.com\/es\/wp-json\/wp\/v2\/comments?post=1997"}],"version-history":[{"count":1,"href":"https:\/\/neoqi.com\/es\/wp-json\/wp\/v2\/pages\/1997\/revisions"}],"predecessor-version":[{"id":1998,"href":"https:\/\/neoqi.com\/es\/wp-json\/wp\/v2\/pages\/1997\/revisions\/1998"}],"up":[{"embeddable":true,"href":"https:\/\/neoqi.com\/es\/wp-json\/wp\/v2\/pages\/1957"}],"wp:attachment":[{"href":"https:\/\/neoqi.com\/es\/wp-json\/wp\/v2\/media?parent=1997"}],"curies":[{"name":"wp","href":"https:\/\/api.w.org\/{rel}","templated":true}]}}