{"id":2007,"date":"2024-09-06T21:20:01","date_gmt":"2024-09-06T18:20:01","guid":{"rendered":"http:\/\/neoqi.com\/?page_id=2007"},"modified":"2024-09-06T21:20:01","modified_gmt":"2024-09-06T18:20:01","slug":"care-and-maintenance","status":"publish","type":"page","link":"https:\/\/neoqi.com\/es\/neoqi-offers\/care-and-maintenance\/","title":{"rendered":"Cuidado y mantenimiento"},"content":{"rendered":"<p>El mantenimiento regular de determinadas piezas es esencial para una larga vida \u00fatil y un funcionamiento sin fallos del equipo. El mantenimiento rutinario que garantiza un funcionamiento seguro incluye la limpieza, la desinfecci\u00f3n y el control visual del estado general del equipo.<\/p>\n<p>El mantenimiento rutinario consiste en limpiar el sistema de agua de la ba\u00f1era y el generador de vapor del capullo.<\/p>\n<p>&nbsp;<\/p>\n<p><strong>NOTA Antes de utilizar el equipo y elaborar el plan de mantenimiento, es necesario evaluar la calidad general y la dureza del agua.<\/strong><\/p>\n<p>&nbsp;<\/p>\n<p>En caso de agua de baja calidad (alto contenido de caliza, hierro, part\u00edculas abrasivas, etc.), es necesario instalar un filtro de agua adecuado. La frecuencia de limpieza del generador de vapor depende directamente de la dureza del agua.<\/p>\n<p><strong>La garant\u00eda quedar\u00e1 anulada si el mantenimiento se realiza de forma no sistem\u00e1tica y s\u00f3lo en caso de necesidad.<\/strong><\/p>\n<p>Procure no rayar la superficie acr\u00edlica con elementos duros (arena, joyas, accesorios, etc.). No deje caer objetos pesados y duros sobre la superficie del aparato.<\/p>\n<p>&nbsp;<\/p>\n<p><strong>Limpieza del sistema de agua<\/strong><\/p>\n<p><strong>\u00a0<\/strong>La limpieza del sistema de agua de la ba\u00f1era (chorros, bombas y tuber\u00edas) debe realizarse seg\u00fan sea necesario, pero como m\u00ednimo cada 50 sesiones.<\/p>\n<p>&nbsp;<\/p>\n<p><strong>Limpieza del generador de vapor<\/strong><\/p>\n<p>Para componer el plan de mantenimiento de la limpieza del generador de vapor, es necesario evaluar la calidad general y la dureza del agua. Recomendamos realizar una prueba Vital Easytest.<\/p>\n<table width=\"582\">\n<tbody>\n<tr>\n<td width=\"125\"><strong>DUREZA TOTAL<\/strong><\/td>\n<td width=\"79\"><strong>ALEM\u00c1N<\/strong><\/td>\n<td width=\"171\"><strong>CARACTER\u00cdSTICAS DEL AGUA<\/strong><\/td>\n<td width=\"206\"><strong>CALENDARIO DE SERVICIO<\/strong><\/td>\n<\/tr>\n<tr>\n<td width=\"125\">&lt; 5TH<\/td>\n<td width=\"79\">&lt;3\u02da dH<\/td>\n<td width=\"171\">Agua muy blanda<\/td>\n<td width=\"206\">Cada 500 horas de trabajo<\/td>\n<\/tr>\n<tr>\n<td width=\"125\">&gt;7 TH<\/td>\n<td width=\"79\">&gt;4\u02da dH<\/td>\n<td width=\"171\">Agua blanda<\/td>\n<td width=\"206\">Cada 150 horas de trabajo<\/td>\n<\/tr>\n<tr>\n<td width=\"125\">&gt;12TH<\/td>\n<td width=\"79\">&gt;7\u02da dH<\/td>\n<td width=\"171\">Agua semidura<\/td>\n<td width=\"206\">Cada 50 horas de trabajo<\/td>\n<\/tr>\n<tr>\n<td width=\"125\">&gt;25TH<\/td>\n<td width=\"79\">&gt;14\u02da dH<\/td>\n<td width=\"171\">Agua dura<\/td>\n<td width=\"206\">Aster cada 15 horas de trabajo<\/td>\n<\/tr>\n<tr>\n<td width=\"125\">&gt;35TH<\/td>\n<td width=\"79\">&gt;21\u02da dH<\/td>\n<td width=\"171\">Agua muy dura<\/td>\n<td width=\"206\">Instalar un filtro de agua<\/td>\n<\/tr>\n<\/tbody>\n<\/table>\n<p>&nbsp;<\/p>","protected":false},"excerpt":{"rendered":"<p>Regular maintenance for certain parts is essential for long life and faultless functioning of the equipment. Routine maintenance ensuring safe operation includes cleaning, disinfection and visual control of general condition of the equipment. Routine maintenance consists of cleaning the water system of the bath and the steam generator of the cocoon. &nbsp; NB! Before using [&hellip;]<\/p>\n","protected":false},"author":3,"featured_media":0,"parent":2001,"menu_order":0,"comment_status":"closed","ping_status":"closed","template":"","meta":{"_acf_changed":false,"site-sidebar-layout":"default","site-content-layout":"","ast-site-content-layout":"default","site-content-style":"default","site-sidebar-style":"default","ast-global-header-display":"","ast-banner-title-visibility":"","ast-main-header-display":"","ast-hfb-above-header-display":"","ast-hfb-below-header-display":"","ast-hfb-mobile-header-display":"","site-post-title":"","ast-breadcrumbs-content":"","ast-featured-img":"","footer-sml-layout":"","ast-disable-related-posts":"","theme-transparent-header-meta":"default","adv-header-id-meta":"","stick-header-meta":"","header-above-stick-meta":"","header-main-stick-meta":"","header-below-stick-meta":"","astra-migrate-meta-layouts":"set","ast-page-background-enabled":"default","ast-page-background-meta":{"desktop":{"background-color":"var(--ast-global-color-4)","background-image":"","background-repeat":"repeat","background-position":"center center","background-size":"auto","background-attachment":"scroll","background-type":"","background-media":"","overlay-type":"","overlay-color":"","overlay-opacity":"","overlay-gradient":""},"tablet":{"background-color":"","background-image":"","background-repeat":"repeat","background-position":"center center","background-size":"auto","background-attachment":"scroll","background-type":"","background-media":"","overlay-type":"","overlay-color":"","overlay-opacity":"","overlay-gradient":""},"mobile":{"background-color":"","background-image":"","background-repeat":"repeat","background-position":"center center","background-size":"auto","background-attachment":"scroll","background-type":"","background-media":"","overlay-type":"","overlay-color":"","overlay-opacity":"","overlay-gradient":""}},"ast-content-background-meta":{"desktop":{"background-color":"var(--ast-global-color-5)","background-image":"","background-repeat":"repeat","background-position":"center center","background-size":"auto","background-attachment":"scroll","background-type":"","background-media":"","overlay-type":"","overlay-color":"","overlay-opacity":"","overlay-gradient":""},"tablet":{"background-color":"var(--ast-global-color-5)","background-image":"","background-repeat":"repeat","background-position":"center center","background-size":"auto","background-attachment":"scroll","background-type":"","background-media":"","overlay-type":"","overlay-color":"","overlay-opacity":"","overlay-gradient":""},"mobile":{"background-color":"var(--ast-global-color-5)","background-image":"","background-repeat":"repeat","background-position":"center center","background-size":"auto","background-attachment":"scroll","background-type":"","background-media":"","overlay-type":"","overlay-color":"","overlay-opacity":"","overlay-gradient":""}},"footnotes":""},"class_list":["post-2007","page","type-page","status-publish","hentry"],"acf":[],"yoast_head":"<!-- This site is optimized with the Yoast SEO plugin v27.4 - https:\/\/yoast.com\/product\/yoast-seo-wordpress\/ -->\n<title>Care and Maintenance - NEOQI<\/title>\n<meta name=\"robots\" content=\"index, follow, max-snippet:-1, max-image-preview:large, max-video-preview:-1\" \/>\n<link rel=\"canonical\" href=\"https:\/\/neoqi.com\/es\/neoqi-offers\/care-and-maintenance\/\" \/>\n<meta property=\"og:locale\" content=\"es_ES\" \/>\n<meta property=\"og:type\" content=\"article\" \/>\n<meta property=\"og:title\" content=\"Care and Maintenance - NEOQI\" \/>\n<meta property=\"og:description\" content=\"Regular maintenance for certain parts is essential for long life and faultless functioning of the equipment. Routine maintenance ensuring safe operation includes cleaning, disinfection and visual control of general condition of the equipment. Routine maintenance consists of cleaning the water system of the bath and the steam generator of the cocoon. &nbsp; NB! Before using [&hellip;]\" \/>\n<meta property=\"og:url\" content=\"https:\/\/neoqi.com\/es\/neoqi-offers\/care-and-maintenance\/\" \/>\n<meta property=\"og:site_name\" content=\"NEOQI\" \/>\n<meta property=\"article:publisher\" content=\"https:\/\/www.facebook.com\/neoqi\/\" \/>\n<meta name=\"twitter:card\" content=\"summary_large_image\" \/>\n<meta name=\"twitter:label1\" content=\"Tiempo de lectura\" \/>\n\t<meta name=\"twitter:data1\" content=\"1 minuto\" \/>\n<script type=\"application\/ld+json\" class=\"yoast-schema-graph\">{\"@context\":\"https:\\\/\\\/schema.org\",\"@graph\":[{\"@type\":\"WebPage\",\"@id\":\"https:\\\/\\\/neoqi.com\\\/de\\\/neoqi-offers\\\/care-and-maintenance\\\/\",\"url\":\"https:\\\/\\\/neoqi.com\\\/de\\\/neoqi-offers\\\/care-and-maintenance\\\/\",\"name\":\"Care and Maintenance - NEOQI\",\"isPartOf\":{\"@id\":\"https:\\\/\\\/neoqi.com\\\/#website\"},\"datePublished\":\"2024-09-06T18:20:01+00:00\",\"breadcrumb\":{\"@id\":\"https:\\\/\\\/neoqi.com\\\/de\\\/neoqi-offers\\\/care-and-maintenance\\\/#breadcrumb\"},\"inLanguage\":\"es\",\"potentialAction\":[{\"@type\":\"ReadAction\",\"target\":[\"https:\\\/\\\/neoqi.com\\\/de\\\/neoqi-offers\\\/care-and-maintenance\\\/\"]}]},{\"@type\":\"BreadcrumbList\",\"@id\":\"https:\\\/\\\/neoqi.com\\\/de\\\/neoqi-offers\\\/care-and-maintenance\\\/#breadcrumb\",\"itemListElement\":[{\"@type\":\"ListItem\",\"position\":1,\"name\":\"Home\",\"item\":\"https:\\\/\\\/neoqi.com\\\/\"},{\"@type\":\"ListItem\",\"position\":2,\"name\":\"Neoqi Offers\",\"item\":\"https:\\\/\\\/neoqi.com\\\/neoqi-offers\\\/\"},{\"@type\":\"ListItem\",\"position\":3,\"name\":\"Care and Maintenance\"}]},{\"@type\":\"WebSite\",\"@id\":\"https:\\\/\\\/neoqi.com\\\/#website\",\"url\":\"https:\\\/\\\/neoqi.com\\\/\",\"name\":\"NEOQI\",\"description\":\"Experience Ultimate Wellness and Relaxation with NeoQi Spa Capsule: Your Path to Rejuvenation\",\"publisher\":{\"@id\":\"https:\\\/\\\/neoqi.com\\\/#organization\"},\"potentialAction\":[{\"@type\":\"SearchAction\",\"target\":{\"@type\":\"EntryPoint\",\"urlTemplate\":\"https:\\\/\\\/neoqi.com\\\/?s={search_term_string}\"},\"query-input\":{\"@type\":\"PropertyValueSpecification\",\"valueRequired\":true,\"valueName\":\"search_term_string\"}}],\"inLanguage\":\"es\"},{\"@type\":\"Organization\",\"@id\":\"https:\\\/\\\/neoqi.com\\\/#organization\",\"name\":\"NEOQI\",\"url\":\"https:\\\/\\\/neoqi.com\\\/\",\"logo\":{\"@type\":\"ImageObject\",\"inLanguage\":\"es\",\"@id\":\"https:\\\/\\\/neoqi.com\\\/#\\\/schema\\\/logo\\\/image\\\/\",\"url\":\"https:\\\/\\\/neoqi.com\\\/wp-content\\\/uploads\\\/2024\\\/09\\\/logoneosvg.svg\",\"contentUrl\":\"https:\\\/\\\/neoqi.com\\\/wp-content\\\/uploads\\\/2024\\\/09\\\/logoneosvg.svg\",\"width\":1,\"height\":1,\"caption\":\"NEOQI\"},\"image\":{\"@id\":\"https:\\\/\\\/neoqi.com\\\/#\\\/schema\\\/logo\\\/image\\\/\"},\"sameAs\":[\"https:\\\/\\\/www.facebook.com\\\/neoqi\\\/\",\"https:\\\/\\\/www.instagram.com\\\/neoqi_com\\\/\"]}]}<\/script>\n<!-- \/ Yoast SEO plugin. -->","yoast_head_json":{"title":"Care and Maintenance - NEOQI","robots":{"index":"index","follow":"follow","max-snippet":"max-snippet:-1","max-image-preview":"max-image-preview:large","max-video-preview":"max-video-preview:-1"},"canonical":"https:\/\/neoqi.com\/es\/neoqi-offers\/care-and-maintenance\/","og_locale":"es_ES","og_type":"article","og_title":"Care and Maintenance - NEOQI","og_description":"Regular maintenance for certain parts is essential for long life and faultless functioning of the equipment. Routine maintenance ensuring safe operation includes cleaning, disinfection and visual control of general condition of the equipment. Routine maintenance consists of cleaning the water system of the bath and the steam generator of the cocoon. &nbsp; NB! Before using [&hellip;]","og_url":"https:\/\/neoqi.com\/es\/neoqi-offers\/care-and-maintenance\/","og_site_name":"NEOQI","article_publisher":"https:\/\/www.facebook.com\/neoqi\/","twitter_card":"summary_large_image","twitter_misc":{"Tiempo de lectura":"1 minuto"},"schema":{"@context":"https:\/\/schema.org","@graph":[{"@type":"WebPage","@id":"https:\/\/neoqi.com\/de\/neoqi-offers\/care-and-maintenance\/","url":"https:\/\/neoqi.com\/de\/neoqi-offers\/care-and-maintenance\/","name":"Care and Maintenance - NEOQI","isPartOf":{"@id":"https:\/\/neoqi.com\/#website"},"datePublished":"2024-09-06T18:20:01+00:00","breadcrumb":{"@id":"https:\/\/neoqi.com\/de\/neoqi-offers\/care-and-maintenance\/#breadcrumb"},"inLanguage":"es","potentialAction":[{"@type":"ReadAction","target":["https:\/\/neoqi.com\/de\/neoqi-offers\/care-and-maintenance\/"]}]},{"@type":"BreadcrumbList","@id":"https:\/\/neoqi.com\/de\/neoqi-offers\/care-and-maintenance\/#breadcrumb","itemListElement":[{"@type":"ListItem","position":1,"name":"Home","item":"https:\/\/neoqi.com\/"},{"@type":"ListItem","position":2,"name":"Neoqi Offers","item":"https:\/\/neoqi.com\/neoqi-offers\/"},{"@type":"ListItem","position":3,"name":"Care and Maintenance"}]},{"@type":"WebSite","@id":"https:\/\/neoqi.com\/#website","url":"https:\/\/neoqi.com\/","name":"NEOQI","description":"Experimente lo \u00faltimo en bienestar y relajaci\u00f3n con NeoQi Spa Capsule: Su camino hacia el rejuvenecimiento","publisher":{"@id":"https:\/\/neoqi.com\/#organization"},"potentialAction":[{"@type":"SearchAction","target":{"@type":"EntryPoint","urlTemplate":"https:\/\/neoqi.com\/?s={search_term_string}"},"query-input":{"@type":"PropertyValueSpecification","valueRequired":true,"valueName":"search_term_string"}}],"inLanguage":"es"},{"@type":"Organization","@id":"https:\/\/neoqi.com\/#organization","name":"NEOQI","url":"https:\/\/neoqi.com\/","logo":{"@type":"ImageObject","inLanguage":"es","@id":"https:\/\/neoqi.com\/#\/schema\/logo\/image\/","url":"https:\/\/neoqi.com\/wp-content\/uploads\/2024\/09\/logoneosvg.svg","contentUrl":"https:\/\/neoqi.com\/wp-content\/uploads\/2024\/09\/logoneosvg.svg","width":1,"height":1,"caption":"NEOQI"},"image":{"@id":"https:\/\/neoqi.com\/#\/schema\/logo\/image\/"},"sameAs":["https:\/\/www.facebook.com\/neoqi\/","https:\/\/www.instagram.com\/neoqi_com\/"]}]}},"_links":{"self":[{"href":"https:\/\/neoqi.com\/es\/wp-json\/wp\/v2\/pages\/2007","targetHints":{"allow":["GET"]}}],"collection":[{"href":"https:\/\/neoqi.com\/es\/wp-json\/wp\/v2\/pages"}],"about":[{"href":"https:\/\/neoqi.com\/es\/wp-json\/wp\/v2\/types\/page"}],"author":[{"embeddable":true,"href":"https:\/\/neoqi.com\/es\/wp-json\/wp\/v2\/users\/3"}],"replies":[{"embeddable":true,"href":"https:\/\/neoqi.com\/es\/wp-json\/wp\/v2\/comments?post=2007"}],"version-history":[{"count":1,"href":"https:\/\/neoqi.com\/es\/wp-json\/wp\/v2\/pages\/2007\/revisions"}],"predecessor-version":[{"id":2008,"href":"https:\/\/neoqi.com\/es\/wp-json\/wp\/v2\/pages\/2007\/revisions\/2008"}],"up":[{"embeddable":true,"href":"https:\/\/neoqi.com\/es\/wp-json\/wp\/v2\/pages\/2001"}],"wp:attachment":[{"href":"https:\/\/neoqi.com\/es\/wp-json\/wp\/v2\/media?parent=2007"}],"curies":[{"name":"wp","href":"https:\/\/api.w.org\/{rel}","templated":true}]}}