{"id":2013,"date":"2024-09-06T21:23:24","date_gmt":"2024-09-06T18:23:24","guid":{"rendered":"http:\/\/neoqi.com\/?page_id=2013"},"modified":"2024-12-04T08:29:27","modified_gmt":"2024-12-04T05:29:27","slug":"history-and-values","status":"publish","type":"page","link":"https:\/\/neoqi.com\/es\/about-us\/history-and-values\/","title":{"rendered":"Historia y valores"},"content":{"rendered":"<p>NeoQi\u00ae AS es una empresa internacional con amplia experiencia en la oferta de equipos de SPA innovadores. Fundada en 2001 en Estonia, NeoQi\u00ae ofrece una variedad de soluciones conceptuales para fisioterapia, medicina est\u00e9tica, bienestar e industria del spa, cosmetolog\u00eda de hardware y dise\u00f1o. NeoQi produce y desarrolla innovadores equipos para el cuidado del cuerpo que permiten a los usuarios disfrutar de diversos tratamientos de spa, por ejemplo, sauna de vapor e infrarrojos, aromaterapia, ducha Vichy, masajes e hidroterapia.<br \/>\nNeoQi\u00ae es un fabricante de equipos innovadores para modernos centros de SPA, hoteles, salones de belleza, instituciones m\u00e9dicas y centros de rehabilitaci\u00f3n, as\u00ed como para uso dom\u00e9stico. La atm\u00f3sfera que se crea en los capullos de energ\u00eda NeoQi\u00ae contribuye a la recuperaci\u00f3n emocional, el rejuvenecimiento y el alivio del estr\u00e9s. Todos los aparatos NeoQi\u00ae son complejos SPA independientes y multifuncionales que nos permiten ofrecer a los clientes el m\u00e1ximo n\u00famero de programas individuales dentro de una \u00fanica sala.<\/p>\n<p>Con a\u00f1os de experiencia y personal cualificado, hemos desarrollado con \u00e9xito 16 sistemas de fisioterapia \u00fanicos, entre los que se pueden encontrar c\u00e1psulas de spa y ba\u00f1eras de hidroterapia. La combinaci\u00f3n de los rituales cl\u00e1sicos de SPA con la funcionalidad del capullo de energ\u00eda le permite realizar los tratamientos de cuidado corporal m\u00e1s deseados y beneficiosos para el rejuvenecimiento, la tonificaci\u00f3n, la rehabilitaci\u00f3n, el adelgazamiento y la relajaci\u00f3n.<\/p>\n<p>Todos los aparatos fabricados se someten a un riguroso control de calidad y a pruebas exhaustivas. Las c\u00e1psulas SPA y las ba\u00f1eras de hidromasaje est\u00e1n fabricadas con materiales duraderos e higi\u00e9nicos de fabricantes europeos.<\/p>\n<p>Gracias a la calidad y seguridad de nuestros productos, en cuya fabricaci\u00f3n se utilizan las soluciones tecnol\u00f3gicas m\u00e1s avanzadas, hemos podido ganarnos la confianza de los clientes m\u00e1s exigentes. La actividad de la empresa no se limita a Estonia. Nuestros productos se utilizan ampliamente en centros m\u00e9dicos, deportivos y est\u00e9ticos de muchos pa\u00edses del mundo.<\/p>\n<p>&nbsp;<\/p>\n<div class=\"ast-oembed-container\"><iframe src=\"https:\/\/www.youtube.com\/embed\/BKOEAYIJF18?feature=oembed\" width=\"1200\" height=\"675\" frameborder=\"0\" allowfullscreen=\"allowfullscreen\" data-mce-fragment=\"1\"><\/iframe><\/div>","protected":false},"excerpt":{"rendered":"<p>NeoQi\u00ae AS is an international company with vast experience in offering innovative SPA equipment. Established in 2001 in Estonia, NeoQi\u00ae offers a variety of conceptual solutions for physical therapy, aesthetic medicine, wellness and spa industry, hardware cosmetology and design. NeoQi is producing and developing innovative body care equipment that allow users to enjoy various spa [&hellip;]<\/p>\n","protected":false},"author":1,"featured_media":0,"parent":2011,"menu_order":0,"comment_status":"closed","ping_status":"closed","template":"","meta":{"_acf_changed":false,"site-sidebar-layout":"default","site-content-layout":"","ast-site-content-layout":"default","site-content-style":"default","site-sidebar-style":"default","ast-global-header-display":"","ast-banner-title-visibility":"","ast-main-header-display":"","ast-hfb-above-header-display":"","ast-hfb-below-header-display":"","ast-hfb-mobile-header-display":"","site-post-title":"","ast-breadcrumbs-content":"","ast-featured-img":"","footer-sml-layout":"","ast-disable-related-posts":"","theme-transparent-header-meta":"default","adv-header-id-meta":"","stick-header-meta":"","header-above-stick-meta":"","header-main-stick-meta":"","header-below-stick-meta":"","astra-migrate-meta-layouts":"set","ast-page-background-enabled":"default","ast-page-background-meta":{"desktop":{"background-color":"var(--ast-global-color-4)","background-image":"","background-repeat":"repeat","background-position":"center center","background-size":"auto","background-attachment":"scroll","background-type":"","background-media":"","overlay-type":"","overlay-color":"","overlay-opacity":"","overlay-gradient":""},"tablet":{"background-color":"","background-image":"","background-repeat":"repeat","background-position":"center center","background-size":"auto","background-attachment":"scroll","background-type":"","background-media":"","overlay-type":"","overlay-color":"","overlay-opacity":"","overlay-gradient":""},"mobile":{"background-color":"","background-image":"","background-repeat":"repeat","background-position":"center center","background-size":"auto","background-attachment":"scroll","background-type":"","background-media":"","overlay-type":"","overlay-color":"","overlay-opacity":"","overlay-gradient":""}},"ast-content-background-meta":{"desktop":{"background-color":"var(--ast-global-color-5)","background-image":"","background-repeat":"repeat","background-position":"center center","background-size":"auto","background-attachment":"scroll","background-type":"","background-media":"","overlay-type":"","overlay-color":"","overlay-opacity":"","overlay-gradient":""},"tablet":{"background-color":"var(--ast-global-color-5)","background-image":"","background-repeat":"repeat","background-position":"center center","background-size":"auto","background-attachment":"scroll","background-type":"","background-media":"","overlay-type":"","overlay-color":"","overlay-opacity":"","overlay-gradient":""},"mobile":{"background-color":"var(--ast-global-color-5)","background-image":"","background-repeat":"repeat","background-position":"center center","background-size":"auto","background-attachment":"scroll","background-type":"","background-media":"","overlay-type":"","overlay-color":"","overlay-opacity":"","overlay-gradient":""}},"footnotes":""},"class_list":["post-2013","page","type-page","status-publish","hentry"],"acf":[],"yoast_head":"<!-- This site is optimized with the Yoast SEO plugin v27.4 - https:\/\/yoast.com\/product\/yoast-seo-wordpress\/ -->\n<title>History and Values - NEOQI<\/title>\n<meta name=\"robots\" content=\"index, follow, max-snippet:-1, max-image-preview:large, max-video-preview:-1\" \/>\n<link rel=\"canonical\" href=\"https:\/\/neoqi.com\/es\/about-us\/history-and-values\/\" \/>\n<meta property=\"og:locale\" content=\"es_ES\" \/>\n<meta property=\"og:type\" content=\"article\" \/>\n<meta property=\"og:title\" content=\"History and Values - NEOQI\" \/>\n<meta property=\"og:description\" content=\"NeoQi\u00ae AS is an international company with vast experience in offering innovative SPA equipment. Established in 2001 in Estonia, NeoQi\u00ae offers a variety of conceptual solutions for physical therapy, aesthetic medicine, wellness and spa industry, hardware cosmetology and design. NeoQi is producing and developing innovative body care equipment that allow users to enjoy various spa [&hellip;]\" \/>\n<meta property=\"og:url\" content=\"https:\/\/neoqi.com\/es\/about-us\/history-and-values\/\" \/>\n<meta property=\"og:site_name\" content=\"NEOQI\" \/>\n<meta property=\"article:publisher\" content=\"https:\/\/www.facebook.com\/neoqi\/\" \/>\n<meta property=\"article:modified_time\" content=\"2024-12-04T05:29:27+00:00\" \/>\n<meta name=\"twitter:card\" content=\"summary_large_image\" \/>\n<meta name=\"twitter:label1\" content=\"Tiempo de lectura\" \/>\n\t<meta name=\"twitter:data1\" content=\"1 minuto\" \/>\n<script type=\"application\/ld+json\" class=\"yoast-schema-graph\">{\"@context\":\"https:\\\/\\\/schema.org\",\"@graph\":[{\"@type\":\"WebPage\",\"@id\":\"https:\\\/\\\/neoqi.com\\\/about-us\\\/history-and-values\\\/\",\"url\":\"https:\\\/\\\/neoqi.com\\\/about-us\\\/history-and-values\\\/\",\"name\":\"History and Values - NEOQI\",\"isPartOf\":{\"@id\":\"https:\\\/\\\/neoqi.com\\\/#website\"},\"datePublished\":\"2024-09-06T18:23:24+00:00\",\"dateModified\":\"2024-12-04T05:29:27+00:00\",\"breadcrumb\":{\"@id\":\"https:\\\/\\\/neoqi.com\\\/about-us\\\/history-and-values\\\/#breadcrumb\"},\"inLanguage\":\"es\",\"potentialAction\":[{\"@type\":\"ReadAction\",\"target\":[\"https:\\\/\\\/neoqi.com\\\/about-us\\\/history-and-values\\\/\"]}]},{\"@type\":\"BreadcrumbList\",\"@id\":\"https:\\\/\\\/neoqi.com\\\/about-us\\\/history-and-values\\\/#breadcrumb\",\"itemListElement\":[{\"@type\":\"ListItem\",\"position\":1,\"name\":\"Home\",\"item\":\"https:\\\/\\\/neoqi.com\\\/\"},{\"@type\":\"ListItem\",\"position\":2,\"name\":\"About Us\",\"item\":\"https:\\\/\\\/neoqi.com\\\/about-us\\\/\"},{\"@type\":\"ListItem\",\"position\":3,\"name\":\"History and Values\"}]},{\"@type\":\"WebSite\",\"@id\":\"https:\\\/\\\/neoqi.com\\\/#website\",\"url\":\"https:\\\/\\\/neoqi.com\\\/\",\"name\":\"NEOQI\",\"description\":\"Experience Ultimate Wellness and Relaxation with NeoQi Spa Capsule: Your Path to Rejuvenation\",\"publisher\":{\"@id\":\"https:\\\/\\\/neoqi.com\\\/#organization\"},\"potentialAction\":[{\"@type\":\"SearchAction\",\"target\":{\"@type\":\"EntryPoint\",\"urlTemplate\":\"https:\\\/\\\/neoqi.com\\\/?s={search_term_string}\"},\"query-input\":{\"@type\":\"PropertyValueSpecification\",\"valueRequired\":true,\"valueName\":\"search_term_string\"}}],\"inLanguage\":\"es\"},{\"@type\":\"Organization\",\"@id\":\"https:\\\/\\\/neoqi.com\\\/#organization\",\"name\":\"NEOQI\",\"url\":\"https:\\\/\\\/neoqi.com\\\/\",\"logo\":{\"@type\":\"ImageObject\",\"inLanguage\":\"es\",\"@id\":\"https:\\\/\\\/neoqi.com\\\/#\\\/schema\\\/logo\\\/image\\\/\",\"url\":\"https:\\\/\\\/neoqi.com\\\/wp-content\\\/uploads\\\/2024\\\/09\\\/logoneosvg.svg\",\"contentUrl\":\"https:\\\/\\\/neoqi.com\\\/wp-content\\\/uploads\\\/2024\\\/09\\\/logoneosvg.svg\",\"width\":1,\"height\":1,\"caption\":\"NEOQI\"},\"image\":{\"@id\":\"https:\\\/\\\/neoqi.com\\\/#\\\/schema\\\/logo\\\/image\\\/\"},\"sameAs\":[\"https:\\\/\\\/www.facebook.com\\\/neoqi\\\/\",\"https:\\\/\\\/www.instagram.com\\\/neoqi_com\\\/\"]}]}<\/script>\n<!-- \/ Yoast SEO plugin. -->","yoast_head_json":{"title":"Historia y valores - NEOQI","robots":{"index":"index","follow":"follow","max-snippet":"max-snippet:-1","max-image-preview":"max-image-preview:large","max-video-preview":"max-video-preview:-1"},"canonical":"https:\/\/neoqi.com\/es\/about-us\/history-and-values\/","og_locale":"es_ES","og_type":"article","og_title":"History and Values - NEOQI","og_description":"NeoQi\u00ae AS is an international company with vast experience in offering innovative SPA equipment. Established in 2001 in Estonia, NeoQi\u00ae offers a variety of conceptual solutions for physical therapy, aesthetic medicine, wellness and spa industry, hardware cosmetology and design. NeoQi is producing and developing innovative body care equipment that allow users to enjoy various spa [&hellip;]","og_url":"https:\/\/neoqi.com\/es\/about-us\/history-and-values\/","og_site_name":"NEOQI","article_publisher":"https:\/\/www.facebook.com\/neoqi\/","article_modified_time":"2024-12-04T05:29:27+00:00","twitter_card":"summary_large_image","twitter_misc":{"Tiempo de lectura":"1 minuto"},"schema":{"@context":"https:\/\/schema.org","@graph":[{"@type":"WebPage","@id":"https:\/\/neoqi.com\/about-us\/history-and-values\/","url":"https:\/\/neoqi.com\/about-us\/history-and-values\/","name":"Historia y valores - NEOQI","isPartOf":{"@id":"https:\/\/neoqi.com\/#website"},"datePublished":"2024-09-06T18:23:24+00:00","dateModified":"2024-12-04T05:29:27+00:00","breadcrumb":{"@id":"https:\/\/neoqi.com\/about-us\/history-and-values\/#breadcrumb"},"inLanguage":"es","potentialAction":[{"@type":"ReadAction","target":["https:\/\/neoqi.com\/about-us\/history-and-values\/"]}]},{"@type":"BreadcrumbList","@id":"https:\/\/neoqi.com\/about-us\/history-and-values\/#breadcrumb","itemListElement":[{"@type":"ListItem","position":1,"name":"Home","item":"https:\/\/neoqi.com\/"},{"@type":"ListItem","position":2,"name":"About Us","item":"https:\/\/neoqi.com\/about-us\/"},{"@type":"ListItem","position":3,"name":"History and Values"}]},{"@type":"WebSite","@id":"https:\/\/neoqi.com\/#website","url":"https:\/\/neoqi.com\/","name":"NEOQI","description":"Experimente lo \u00faltimo en bienestar y relajaci\u00f3n con NeoQi Spa Capsule: Su camino hacia el rejuvenecimiento","publisher":{"@id":"https:\/\/neoqi.com\/#organization"},"potentialAction":[{"@type":"SearchAction","target":{"@type":"EntryPoint","urlTemplate":"https:\/\/neoqi.com\/?s={search_term_string}"},"query-input":{"@type":"PropertyValueSpecification","valueRequired":true,"valueName":"search_term_string"}}],"inLanguage":"es"},{"@type":"Organization","@id":"https:\/\/neoqi.com\/#organization","name":"NEOQI","url":"https:\/\/neoqi.com\/","logo":{"@type":"ImageObject","inLanguage":"es","@id":"https:\/\/neoqi.com\/#\/schema\/logo\/image\/","url":"https:\/\/neoqi.com\/wp-content\/uploads\/2024\/09\/logoneosvg.svg","contentUrl":"https:\/\/neoqi.com\/wp-content\/uploads\/2024\/09\/logoneosvg.svg","width":1,"height":1,"caption":"NEOQI"},"image":{"@id":"https:\/\/neoqi.com\/#\/schema\/logo\/image\/"},"sameAs":["https:\/\/www.facebook.com\/neoqi\/","https:\/\/www.instagram.com\/neoqi_com\/"]}]}},"_links":{"self":[{"href":"https:\/\/neoqi.com\/es\/wp-json\/wp\/v2\/pages\/2013","targetHints":{"allow":["GET"]}}],"collection":[{"href":"https:\/\/neoqi.com\/es\/wp-json\/wp\/v2\/pages"}],"about":[{"href":"https:\/\/neoqi.com\/es\/wp-json\/wp\/v2\/types\/page"}],"author":[{"embeddable":true,"href":"https:\/\/neoqi.com\/es\/wp-json\/wp\/v2\/users\/1"}],"replies":[{"embeddable":true,"href":"https:\/\/neoqi.com\/es\/wp-json\/wp\/v2\/comments?post=2013"}],"version-history":[{"count":2,"href":"https:\/\/neoqi.com\/es\/wp-json\/wp\/v2\/pages\/2013\/revisions"}],"predecessor-version":[{"id":3127,"href":"https:\/\/neoqi.com\/es\/wp-json\/wp\/v2\/pages\/2013\/revisions\/3127"}],"up":[{"embeddable":true,"href":"https:\/\/neoqi.com\/es\/wp-json\/wp\/v2\/pages\/2011"}],"wp:attachment":[{"href":"https:\/\/neoqi.com\/es\/wp-json\/wp\/v2\/media?parent=2013"}],"curies":[{"name":"wp","href":"https:\/\/api.w.org\/{rel}","templated":true}]}}