{"id":2021,"date":"2024-09-06T21:26:15","date_gmt":"2024-09-06T18:26:15","guid":{"rendered":"http:\/\/neoqi.com\/?page_id=2021"},"modified":"2024-11-06T13:20:30","modified_gmt":"2024-11-06T10:20:30","slug":"faq","status":"publish","type":"page","link":"https:\/\/neoqi.com\/es\/contact-us\/faq\/","title":{"rendered":"PREGUNTAS FRECUENTES"},"content":{"rendered":"<p>\u00bfQu\u00e9 es un capullo energ\u00e9tico?<br \/>\nEl capullo de energ\u00eda NeoQi\u00ae es un complejo de spa compacto que le permite disfrutar de diferentes tratamientos termales e hidroterap\u00e9uticos. Gracias a su versatilidad, el capullo de energ\u00eda es un medio indispensable para el cuidado facial y corporal, todo en el espacio de una habitaci\u00f3n.<\/p>\n<p>\u00bfA qui\u00e9n va dirigido el equipo NeoQi\u00ae?<br \/>\nNeoQi\u00ae fabrica equipos para modernos balnearios y centros m\u00e9dicos, hoteles, salones de belleza, sanatorios y balnearios, as\u00ed como para uso dom\u00e9stico. Ofrecemos capullos y ba\u00f1os energ\u00e9ticos tanto para uso profesional como dom\u00e9stico.<\/p>\n<p>\u00bfPara qui\u00e9n est\u00e1n recomendados los tratamientos con equipos NeoQi\u00ae?<br \/>\nLos tratamientos terap\u00e9uticos de los equipos NeoQi\u00ae son adecuados para todo el mundo: hombres y mujeres de todas las edades y niveles de forma f\u00edsica.<\/p>\n<p>\u00bfQu\u00e9 efecto tienen los productos NeoQi\u00ae en el organismo?<br \/>\nLos capullos y ba\u00f1os energ\u00e9ticos NeoQi\u00ae tienen una serie de efectos positivos en el cuerpo humano, que ayudan:<\/p>\n<p>Aliviar el estr\u00e9s, recuperar el equilibrio emocional<br \/>\nAliviar la tensi\u00f3n muscular y nerviosa, reducir el dolor<br \/>\nPrevenir y tratar enfermedades<br \/>\nRegular el metabolismo y controlar el peso<br \/>\nMejora la circulaci\u00f3n sangu\u00ednea y linf\u00e1tica, refuerza el sistema inmunitario<br \/>\nLograr la unidad de alma, cuerpo y mente.<\/p>\n<p>Compras<\/p>\n<p>\u00bfC\u00f3mo puedo adquirir un capullo\/ba\u00f1o energ\u00e9tico?<br \/>\nLos equipos NeoQi est\u00e1n representados en muchos pa\u00edses. Puede rellenar el formulario de solicitud en nuestro sitio web. Nosotros encontraremos el distribuidor m\u00e1s cercano a Usted y haremos que se ponga en contacto con Usted. En caso de que no estemos representados en su regi\u00f3n\/pa\u00eds, gestionaremos su solicitud nosotros mismos.<\/p>\n<p>\u00bfCu\u00e1les son los requisitos de instalaci\u00f3n del equipo?<br \/>\nLa instalaci\u00f3n del equipo NeoQi\u00ae es muy sencilla. En la secci\u00f3n \"C\u00f3mo funciona\" encontrar\u00e1 informaci\u00f3n t\u00e9cnica general. Tambi\u00e9n dispone de instrucciones detalladas sobre las condiciones previas de instalaci\u00f3n para cualquier modelo que pueda interesarle.<\/p>\n<p>\u00bfPuedo encargar la instalaci\u00f3n a la empresa?<br \/>\nPara obtener informaci\u00f3n m\u00e1s detallada, consulte a su representante comercial m\u00e1s cercano<\/p>\n<p>\u00bfCu\u00e1les son las condiciones y el periodo de garant\u00eda de los equipos NeoQi\u00ae?<br \/>\nOfrecemos 1 a\u00f1o de garant\u00eda para todos los productos NeoQi.<\/p>\n<p>Las reclamaciones deben dirigirse al vendedor original del aparato. Deber\u00e1 presentar el n\u00famero de serie del aparato junto con los documentos de compra.<\/p>\n<p>Encontrar\u00e1 informaci\u00f3n m\u00e1s detallada sobre las condiciones de la garant\u00eda en los manuales de usuario y en la secci\u00f3n \"Contactos\".<\/p>\n<p>Utilice<\/p>\n<p>\u00bfC\u00f3mo utilizar los equipos NeoQi\u00ae?<br \/>\nOfrecemos a cada nuevo propietario de un equipo la posibilidad de participar en una formaci\u00f3n de usuario gratuita. Cada dispositivo incluye una gu\u00eda de usuario detallada para su modelo espec\u00edfico.<\/p>\n<p>\u00bfQu\u00e9 incluye la formaci\u00f3n y a qui\u00e9n va dirigida?<br \/>\nLa formaci\u00f3n est\u00e1 dirigida a todos los usuarios nuevos y existentes de equipos NeoQi\u00ae. Despu\u00e9s de la formaci\u00f3n, ser\u00e1 capaz de manejar su aparato con gran facilidad, comprendiendo todas sus funciones, sabiendo exactamente cu\u00e1ndo, durante cu\u00e1nto tiempo y por qu\u00e9 deben utilizarse. Descubrir\u00e1 qu\u00e9 tratamientos son posibles con los productos NeoQi\u00ae, c\u00f3mo y en qu\u00e9 orden realizarlos, y c\u00f3mo combinarlos entre s\u00ed. Recomendamos el uso de cosm\u00e9ticos talasoterap\u00e9uticos EST\u00ed desarrollados espec\u00edficamente para ser utilizados con nuestros productos, con el fin de potenciar los resultados de los tratamientos realizados.<\/p>\n<p>\u00bfQu\u00e9 tratamientos se pueden realizar en los equipos NeoQi\u00ae?<br \/>\nUtilizando s\u00f3lo las funciones b\u00e1sicas de su aparato, seg\u00fan el modelo espec\u00edfico, puede realizar los tratamientos m\u00e1s saludables y beneficiosos para la salud, como: tratamientos cl\u00e1sicos de sauna (sauna de vapor e infrarrojos), ba\u00f1o de hidroterapia, disfrutar de la ducha Vichy, suave masaje vibratorio y cromoterapia. Si a los tratamientos se a\u00f1ade el uso de cosm\u00e9ticos adecuados, se abren posibilidades ilimitadas para la aromaterapia, la balneoterapia con hidromasaje y aeromasaje, diversas envolturas y peelings que pueden combinarse con las sesiones de calor e hidroterapia. Todos los tratamientos corporales mencionados pueden combinarse siempre con tratamientos faciales.<\/p>\n<p>\u00bfSe pueden utilizar cosm\u00e9ticos en los equipos NeoQi\u00ae?<br \/>\nS\u00ed, el uso de cosm\u00e9ticos adecuados le permitir\u00e1 obtener mejores y m\u00e1s r\u00e1pidos resultados de los tratamientos en los equipos NeoQi\u00ae. Para ello, se ha desarrollado una l\u00ednea especial de cosm\u00e9tica marina natural con la marca EST\u00ed, teniendo en cuenta las caracter\u00edsticas de los ba\u00f1os y capullos energ\u00e9ticos NeoQi\u00ae. La cosm\u00e9tica natural francesa de alta calidad se produce sobre la base de la talasoterapia y puede utilizarse, adem\u00e1s del equipo NeoQi\u00ae, en una camilla de masaje normal.<\/p>\n<p>\u00bfExiste alguna contraindicaci\u00f3n para utilizar los equipos NeoQi\u00ae?<br \/>\nLos tratamientos con el equipo NeoQi deben realizarse con precauci\u00f3n. Si sospecha que padece alguna enfermedad, est\u00e1 tomando medicaci\u00f3n o tiene una anamnesis negativa, consulte a su m\u00e9dico antes de utilizar el sistema.<\/p>\n<p>Los tratamientos NeoQi\u00ae est\u00e1n contraindicados para Usted, si tiene:<\/p>\n<p>Un traumatismo grave, una inflamaci\u00f3n<br \/>\nFiebre<br \/>\nInflamaci\u00f3n aguda o enfermedad al\u00e9rgica de la piel, heridas<br \/>\nInsuficiencia cardiovascular, enfermedad del o\u00eddo, hipertensi\u00f3n arterial<br \/>\nTrastornos circulatorios<br \/>\nEdema<br \/>\nGrandes cicatrices<br \/>\nTrastornos de la percepci\u00f3n<br \/>\nTumores malignos<br \/>\nTrastornos de la comunicaci\u00f3n, que impiden la retroalimentaci\u00f3n en caso de que el paciente sienta molestias o dolor.<br \/>\nEmbarazo<\/p>\n<p>NOTA Las contraindicaciones enumeradas no son absolutas. Antes de utilizar el equipo NeoQi\u00ae, consulte a su m\u00e9dico.<\/p>\n<p>Mantenimiento y servicio<\/p>\n<p>\u00bfQu\u00e9 tipo de mantenimiento requiere la ba\u00f1era\/capullo de energ\u00eda? \u00bfCon qu\u00e9 frecuencia debe revisarse el equipo?<br \/>\nLa longevidad y el funcionamiento ininterrumpido de Su aparato est\u00e1n garantizados por su mantenimiento regular, que incluye la limpieza, la desinfecci\u00f3n y el control visual del estado general del aparato despu\u00e9s de cada uso.<\/p>\n<p>El mantenimiento rutinario consiste en limpiar el sistema de agua de la ba\u00f1era y el generador de vapor del capullo. La frecuencia del mantenimiento depende de la calidad del agua que se utilice y de la frecuencia de uso y la carga de trabajo del aparato.<\/p>\n<p>\u00bfC\u00f3mo obtener asistencia t\u00e9cnica?<br \/>\nSi encuentra dificultades t\u00e9cnicas o fallos de funcionamiento al utilizar su dispositivo, o si necesita asistencia t\u00e9cnica, rellene el formulario de solicitud de servicio.<\/p>\n<p>\u00bfC\u00f3mo y d\u00f3nde pueden adquirirse las piezas de recambio?<br \/>\nLas piezas de repuesto ser\u00e1n suministradas por la empresa donde Usted haya adquirido el aparato. Necesitar\u00e1 el n\u00famero de serie y los documentos de compra.<\/p>\n<p>\u00bfCu\u00e1l es el periodo de garant\u00eda de las piezas de recambio?<br \/>\nEl periodo de garant\u00eda de las piezas de repuesto es de 3 meses.<\/p>","protected":false},"excerpt":{"rendered":"<p>What is an energy cocoon? A NeoQi\u00ae energy cocoon is a compact spa-complex, which allows You to enjoy different thermal and hydrotherapeutic treatments. Thanks to its versatility, the energy cocoon is an indispensable means of face and body care, all within the space of one room. For whom is the NeoQi\u00ae equipment meant? NeoQi\u00ae manufactures [&hellip;]<\/p>\n","protected":false},"author":1,"featured_media":2911,"parent":2017,"menu_order":0,"comment_status":"closed","ping_status":"closed","template":"","meta":{"_acf_changed":false,"site-sidebar-layout":"default","site-content-layout":"","ast-site-content-layout":"default","site-content-style":"default","site-sidebar-style":"default","ast-global-header-display":"","ast-banner-title-visibility":"","ast-main-header-display":"","ast-hfb-above-header-display":"","ast-hfb-below-header-display":"","ast-hfb-mobile-header-display":"","site-post-title":"","ast-breadcrumbs-content":"","ast-featured-img":"","footer-sml-layout":"","ast-disable-related-posts":"","theme-transparent-header-meta":"default","adv-header-id-meta":"","stick-header-meta":"","header-above-stick-meta":"","header-main-stick-meta":"","header-below-stick-meta":"","astra-migrate-meta-layouts":"set","ast-page-background-enabled":"default","ast-page-background-meta":{"desktop":{"background-color":"var(--ast-global-color-4)","background-image":"","background-repeat":"repeat","background-position":"center center","background-size":"auto","background-attachment":"scroll","background-type":"","background-media":"","overlay-type":"","overlay-color":"","overlay-opacity":"","overlay-gradient":""},"tablet":{"background-color":"","background-image":"","background-repeat":"repeat","background-position":"center center","background-size":"auto","background-attachment":"scroll","background-type":"","background-media":"","overlay-type":"","overlay-color":"","overlay-opacity":"","overlay-gradient":""},"mobile":{"background-color":"","background-image":"","background-repeat":"repeat","background-position":"center center","background-size":"auto","background-attachment":"scroll","background-type":"","background-media":"","overlay-type":"","overlay-color":"","overlay-opacity":"","overlay-gradient":""}},"ast-content-background-meta":{"desktop":{"background-color":"var(--ast-global-color-5)","background-image":"","background-repeat":"repeat","background-position":"center center","background-size":"auto","background-attachment":"scroll","background-type":"","background-media":"","overlay-type":"","overlay-color":"","overlay-opacity":"","overlay-gradient":""},"tablet":{"background-color":"var(--ast-global-color-5)","background-image":"","background-repeat":"repeat","background-position":"center center","background-size":"auto","background-attachment":"scroll","background-type":"","background-media":"","overlay-type":"","overlay-color":"","overlay-opacity":"","overlay-gradient":""},"mobile":{"background-color":"var(--ast-global-color-5)","background-image":"","background-repeat":"repeat","background-position":"center center","background-size":"auto","background-attachment":"scroll","background-type":"","background-media":"","overlay-type":"","overlay-color":"","overlay-opacity":"","overlay-gradient":""}},"footnotes":""},"class_list":["post-2021","page","type-page","status-publish","has-post-thumbnail","hentry"],"acf":[],"yoast_head":"<!-- This site is optimized with the Yoast SEO plugin v27.3 - https:\/\/yoast.com\/product\/yoast-seo-wordpress\/ -->\n<title>FAQ - NEOQI<\/title>\n<meta name=\"robots\" content=\"index, follow, max-snippet:-1, max-image-preview:large, max-video-preview:-1\" \/>\n<link rel=\"canonical\" href=\"https:\/\/neoqi.com\/es\/contact-us\/faq\/\" \/>\n<meta property=\"og:locale\" content=\"es_ES\" \/>\n<meta property=\"og:type\" content=\"article\" \/>\n<meta property=\"og:title\" content=\"FAQ - NEOQI\" \/>\n<meta property=\"og:description\" content=\"What is an energy cocoon? A NeoQi\u00ae energy cocoon is a compact spa-complex, which allows You to enjoy different thermal and hydrotherapeutic treatments. Thanks to its versatility, the energy cocoon is an indispensable means of face and body care, all within the space of one room. For whom is the NeoQi\u00ae equipment meant? NeoQi\u00ae manufactures [&hellip;]\" \/>\n<meta property=\"og:url\" content=\"https:\/\/neoqi.com\/es\/contact-us\/faq\/\" \/>\n<meta property=\"og:site_name\" content=\"NEOQI\" \/>\n<meta property=\"article:publisher\" content=\"https:\/\/www.facebook.com\/neoqi\/\" \/>\n<meta property=\"article:modified_time\" content=\"2024-11-06T10:20:30+00:00\" \/>\n<meta property=\"og:image\" content=\"https:\/\/neoqi.com\/wp-content\/uploads\/2024\/11\/Flamingo_no_light2.jpg\" \/>\n\t<meta property=\"og:image:width\" content=\"2200\" \/>\n\t<meta property=\"og:image:height\" content=\"852\" \/>\n\t<meta property=\"og:image:type\" content=\"image\/jpeg\" \/>\n<meta name=\"twitter:card\" content=\"summary_large_image\" \/>\n<meta name=\"twitter:label1\" content=\"Tiempo de lectura\" \/>\n\t<meta name=\"twitter:data1\" content=\"5 minutos\" \/>\n<script type=\"application\/ld+json\" class=\"yoast-schema-graph\">{\"@context\":\"https:\\\/\\\/schema.org\",\"@graph\":[{\"@type\":\"WebPage\",\"@id\":\"https:\\\/\\\/neoqi.com\\\/fr\\\/contact-us\\\/faq\\\/\",\"url\":\"https:\\\/\\\/neoqi.com\\\/fr\\\/contact-us\\\/faq\\\/\",\"name\":\"FAQ - NEOQI\",\"isPartOf\":{\"@id\":\"https:\\\/\\\/neoqi.com\\\/#website\"},\"primaryImageOfPage\":{\"@id\":\"https:\\\/\\\/neoqi.com\\\/fr\\\/contact-us\\\/faq\\\/#primaryimage\"},\"image\":{\"@id\":\"https:\\\/\\\/neoqi.com\\\/fr\\\/contact-us\\\/faq\\\/#primaryimage\"},\"thumbnailUrl\":\"https:\\\/\\\/neoqi.com\\\/wp-content\\\/uploads\\\/2024\\\/11\\\/Flamingo_no_light2.jpg\",\"datePublished\":\"2024-09-06T18:26:15+00:00\",\"dateModified\":\"2024-11-06T10:20:30+00:00\",\"breadcrumb\":{\"@id\":\"https:\\\/\\\/neoqi.com\\\/fr\\\/contact-us\\\/faq\\\/#breadcrumb\"},\"inLanguage\":\"es\",\"potentialAction\":[{\"@type\":\"ReadAction\",\"target\":[\"https:\\\/\\\/neoqi.com\\\/fr\\\/contact-us\\\/faq\\\/\"]}]},{\"@type\":\"ImageObject\",\"inLanguage\":\"es\",\"@id\":\"https:\\\/\\\/neoqi.com\\\/fr\\\/contact-us\\\/faq\\\/#primaryimage\",\"url\":\"https:\\\/\\\/neoqi.com\\\/wp-content\\\/uploads\\\/2024\\\/11\\\/Flamingo_no_light2.jpg\",\"contentUrl\":\"https:\\\/\\\/neoqi.com\\\/wp-content\\\/uploads\\\/2024\\\/11\\\/Flamingo_no_light2.jpg\",\"width\":2200,\"height\":852},{\"@type\":\"BreadcrumbList\",\"@id\":\"https:\\\/\\\/neoqi.com\\\/fr\\\/contact-us\\\/faq\\\/#breadcrumb\",\"itemListElement\":[{\"@type\":\"ListItem\",\"position\":1,\"name\":\"Home\",\"item\":\"https:\\\/\\\/neoqi.com\\\/\"},{\"@type\":\"ListItem\",\"position\":2,\"name\":\"Contact Us\",\"item\":\"https:\\\/\\\/neoqi.com\\\/contact-us\\\/\"},{\"@type\":\"ListItem\",\"position\":3,\"name\":\"FAQ\"}]},{\"@type\":\"WebSite\",\"@id\":\"https:\\\/\\\/neoqi.com\\\/#website\",\"url\":\"https:\\\/\\\/neoqi.com\\\/\",\"name\":\"NEOQI\",\"description\":\"Experience Ultimate Wellness and Relaxation with NeoQi Spa Capsule: Your Path to Rejuvenation\",\"publisher\":{\"@id\":\"https:\\\/\\\/neoqi.com\\\/#organization\"},\"potentialAction\":[{\"@type\":\"SearchAction\",\"target\":{\"@type\":\"EntryPoint\",\"urlTemplate\":\"https:\\\/\\\/neoqi.com\\\/?s={search_term_string}\"},\"query-input\":{\"@type\":\"PropertyValueSpecification\",\"valueRequired\":true,\"valueName\":\"search_term_string\"}}],\"inLanguage\":\"es\"},{\"@type\":\"Organization\",\"@id\":\"https:\\\/\\\/neoqi.com\\\/#organization\",\"name\":\"NEOQI\",\"url\":\"https:\\\/\\\/neoqi.com\\\/\",\"logo\":{\"@type\":\"ImageObject\",\"inLanguage\":\"es\",\"@id\":\"https:\\\/\\\/neoqi.com\\\/#\\\/schema\\\/logo\\\/image\\\/\",\"url\":\"https:\\\/\\\/neoqi.com\\\/wp-content\\\/uploads\\\/2024\\\/09\\\/logoneosvg.svg\",\"contentUrl\":\"https:\\\/\\\/neoqi.com\\\/wp-content\\\/uploads\\\/2024\\\/09\\\/logoneosvg.svg\",\"width\":1,\"height\":1,\"caption\":\"NEOQI\"},\"image\":{\"@id\":\"https:\\\/\\\/neoqi.com\\\/#\\\/schema\\\/logo\\\/image\\\/\"},\"sameAs\":[\"https:\\\/\\\/www.facebook.com\\\/neoqi\\\/\",\"https:\\\/\\\/www.instagram.com\\\/neoqi_com\\\/\"]}]}<\/script>\n<!-- \/ Yoast SEO plugin. -->","yoast_head_json":{"title":"FAQ - NEOQI","robots":{"index":"index","follow":"follow","max-snippet":"max-snippet:-1","max-image-preview":"max-image-preview:large","max-video-preview":"max-video-preview:-1"},"canonical":"https:\/\/neoqi.com\/es\/contact-us\/faq\/","og_locale":"es_ES","og_type":"article","og_title":"FAQ - NEOQI","og_description":"What is an energy cocoon? A NeoQi\u00ae energy cocoon is a compact spa-complex, which allows You to enjoy different thermal and hydrotherapeutic treatments. Thanks to its versatility, the energy cocoon is an indispensable means of face and body care, all within the space of one room. For whom is the NeoQi\u00ae equipment meant? NeoQi\u00ae manufactures [&hellip;]","og_url":"https:\/\/neoqi.com\/es\/contact-us\/faq\/","og_site_name":"NEOQI","article_publisher":"https:\/\/www.facebook.com\/neoqi\/","article_modified_time":"2024-11-06T10:20:30+00:00","og_image":[{"width":2200,"height":852,"url":"https:\/\/neoqi.com\/wp-content\/uploads\/2024\/11\/Flamingo_no_light2.jpg","type":"image\/jpeg"}],"twitter_card":"summary_large_image","twitter_misc":{"Tiempo de lectura":"5 minutos"},"schema":{"@context":"https:\/\/schema.org","@graph":[{"@type":"WebPage","@id":"https:\/\/neoqi.com\/fr\/contact-us\/faq\/","url":"https:\/\/neoqi.com\/fr\/contact-us\/faq\/","name":"FAQ - NEOQI","isPartOf":{"@id":"https:\/\/neoqi.com\/#website"},"primaryImageOfPage":{"@id":"https:\/\/neoqi.com\/fr\/contact-us\/faq\/#primaryimage"},"image":{"@id":"https:\/\/neoqi.com\/fr\/contact-us\/faq\/#primaryimage"},"thumbnailUrl":"https:\/\/neoqi.com\/wp-content\/uploads\/2024\/11\/Flamingo_no_light2.jpg","datePublished":"2024-09-06T18:26:15+00:00","dateModified":"2024-11-06T10:20:30+00:00","breadcrumb":{"@id":"https:\/\/neoqi.com\/fr\/contact-us\/faq\/#breadcrumb"},"inLanguage":"es","potentialAction":[{"@type":"ReadAction","target":["https:\/\/neoqi.com\/fr\/contact-us\/faq\/"]}]},{"@type":"ImageObject","inLanguage":"es","@id":"https:\/\/neoqi.com\/fr\/contact-us\/faq\/#primaryimage","url":"https:\/\/neoqi.com\/wp-content\/uploads\/2024\/11\/Flamingo_no_light2.jpg","contentUrl":"https:\/\/neoqi.com\/wp-content\/uploads\/2024\/11\/Flamingo_no_light2.jpg","width":2200,"height":852},{"@type":"BreadcrumbList","@id":"https:\/\/neoqi.com\/fr\/contact-us\/faq\/#breadcrumb","itemListElement":[{"@type":"ListItem","position":1,"name":"Home","item":"https:\/\/neoqi.com\/"},{"@type":"ListItem","position":2,"name":"Contact Us","item":"https:\/\/neoqi.com\/contact-us\/"},{"@type":"ListItem","position":3,"name":"FAQ"}]},{"@type":"WebSite","@id":"https:\/\/neoqi.com\/#website","url":"https:\/\/neoqi.com\/","name":"NEOQI","description":"Experimente lo \u00faltimo en bienestar y relajaci\u00f3n con NeoQi Spa Capsule: Su camino hacia el rejuvenecimiento","publisher":{"@id":"https:\/\/neoqi.com\/#organization"},"potentialAction":[{"@type":"SearchAction","target":{"@type":"EntryPoint","urlTemplate":"https:\/\/neoqi.com\/?s={search_term_string}"},"query-input":{"@type":"PropertyValueSpecification","valueRequired":true,"valueName":"search_term_string"}}],"inLanguage":"es"},{"@type":"Organization","@id":"https:\/\/neoqi.com\/#organization","name":"NEOQI","url":"https:\/\/neoqi.com\/","logo":{"@type":"ImageObject","inLanguage":"es","@id":"https:\/\/neoqi.com\/#\/schema\/logo\/image\/","url":"https:\/\/neoqi.com\/wp-content\/uploads\/2024\/09\/logoneosvg.svg","contentUrl":"https:\/\/neoqi.com\/wp-content\/uploads\/2024\/09\/logoneosvg.svg","width":1,"height":1,"caption":"NEOQI"},"image":{"@id":"https:\/\/neoqi.com\/#\/schema\/logo\/image\/"},"sameAs":["https:\/\/www.facebook.com\/neoqi\/","https:\/\/www.instagram.com\/neoqi_com\/"]}]}},"_links":{"self":[{"href":"https:\/\/neoqi.com\/es\/wp-json\/wp\/v2\/pages\/2021","targetHints":{"allow":["GET"]}}],"collection":[{"href":"https:\/\/neoqi.com\/es\/wp-json\/wp\/v2\/pages"}],"about":[{"href":"https:\/\/neoqi.com\/es\/wp-json\/wp\/v2\/types\/page"}],"author":[{"embeddable":true,"href":"https:\/\/neoqi.com\/es\/wp-json\/wp\/v2\/users\/1"}],"replies":[{"embeddable":true,"href":"https:\/\/neoqi.com\/es\/wp-json\/wp\/v2\/comments?post=2021"}],"version-history":[{"count":1,"href":"https:\/\/neoqi.com\/es\/wp-json\/wp\/v2\/pages\/2021\/revisions"}],"predecessor-version":[{"id":2022,"href":"https:\/\/neoqi.com\/es\/wp-json\/wp\/v2\/pages\/2021\/revisions\/2022"}],"up":[{"embeddable":true,"href":"https:\/\/neoqi.com\/es\/wp-json\/wp\/v2\/pages\/2017"}],"wp:featuredmedia":[{"embeddable":true,"href":"https:\/\/neoqi.com\/es\/wp-json\/wp\/v2\/media\/2911"}],"wp:attachment":[{"href":"https:\/\/neoqi.com\/es\/wp-json\/wp\/v2\/media?parent=2021"}],"curies":[{"name":"wp","href":"https:\/\/api.w.org\/{rel}","templated":true}]}}