{"id":2225,"date":"2024-09-07T00:17:14","date_gmt":"2024-09-06T21:17:14","guid":{"rendered":"http:\/\/neoqi.com\/?page_id=2225"},"modified":"2024-09-07T13:06:41","modified_gmt":"2024-09-07T10:06:41","slug":"about-esti-marine-organic-cosmetics","status":"publish","type":"page","link":"https:\/\/neoqi.com\/es\/cosmetics\/about-esti-marine-organic-cosmetics\/","title":{"rendered":"Acerca de los cosm\u00e9ticos ecol\u00f3gicos marinos ESTi"},"content":{"rendered":"<p>Los productos de EST\u00ed se producen en Francia, en el extremo occidental de Breta\u00f1a - clasificada reserva mundial de la biosfera por la UNESCO, ofrecen una amplia gama de cosm\u00e9ticos marinos y\u00a0<a href=\"http:\/\/neoqi.com\/es\/cosmetics\/spa-treatments-with-esti\/\">tratamientos de spa profesionales con ESTi<\/a>Dise\u00f1ado exclusivamente para ser utilizado con los equipos NeoQi en centros de bienestar, centros de salud, cl\u00ednicas, centros de talasoterapia, SPA-centros y salones de belleza.<\/p>\n<p>Los cosm\u00e9ticos EST\u00ed siguen tecnolog\u00edas \u00fanicas basadas en el uso de recursos marinos en la producci\u00f3n de toda la gama, dise\u00f1ada por profesionales en el campo de la talasoterapia.<\/p>\n<p>El uso de productos talasoterap\u00e9uticos en los equipos NeoQi nos permite obtener resultados v\u00edvidos y a largo plazo.<\/p>\n<p>Filosof\u00eda de la marca - principios fundamentales:<\/p>\n<ol>\n<li>Respetuoso con el medio ambiente<\/li>\n<li>Eficacia<\/li>\n<li>Autenticidad<\/li>\n<li>Tratamientos personalizados<\/li>\n<\/ol>\n<p>Los cosm\u00e9ticos EST\u00ed han combinado el poder del oc\u00e9ano, el valor nutritivo de las algas y el agua de mar:<\/p>\n<ul>\n<li>Talasoterapia<\/li>\n<li>Algoterapia<\/li>\n<li>Balneoterapia<\/li>\n<li>Fangoterapia<\/li>\n<li>Programas SPA<\/li>\n<\/ul>\n<p>La l\u00ednea de productos EST\u00ed incluye programas de tratamiento profesional para la cara y el cuerpo: envolturas de algas, balneoterapia con agua de mar y algas, elementos de barro, tratamientos locales para la correcci\u00f3n de zonas problem\u00e1ticas, tratamientos SPA. Adem\u00e1s, los fabricantes han desarrollado productos especiales para uso dom\u00e9stico que prolongan el efecto de los cuidados profesionales. Se trata de tratamientos innovadores y eficaces, que concentran todo lo mejor del mar y las algas exclusivamente para interactuar armoniosamente con el organismo.<\/p>\n<p>La variedad de productos EST\u00ed le ofrece oportunidades ilimitadas para utilizar su equipo NeoQi\u00ae.<\/p>\n<p>La composici\u00f3n de los ingredientes de\u00a0<strong>cosm\u00e9tica profesional SPA<\/strong>\u00a0<a href=\"http:\/\/neoqi.com\/es\/cosmetics\/for-body\/\">para el cuerpo<\/a>\u00a0y\u00a0<a href=\"http:\/\/neoqi.com\/es\/cosmetics\/for-face\/\">para la cara<\/a>\u00a0incluyen extractos puros e ingredientes activos como minerales, vitaminas y antioxidantes. Su sinergia ayuda a combatir con \u00e9xito el envejecimiento, restablecer el equilibrio mineral, eliminar los productos de desecho y las toxinas del cuerpo, estimular el metabolismo, restaurar la estructura y la juventud de la piel, resistir los efectos adversos de la contaminaci\u00f3n ambiental.<\/p>\n<p>Los cosm\u00e9ticos EST\u00ed no contienen parabenos, perfumes sint\u00e9ticos, colorantes ni conservantes. Adem\u00e1s, muchos productos est\u00e1n certificados por Ecocert Greenlife, lo que confirma el origen y el proceso de los cosm\u00e9ticos ecol\u00f3gicos ecol\u00f3gicos.<\/p>\n<p>&nbsp;<\/p>\n<h2><a name=\"_Toc415651671\"><\/a>Efectos en el organismo<\/h2>\n<h2><\/h2>\n<p>Las nuevas tendencias en tratamientos faciales y corporales de SPA no prev\u00e9n el uso de t\u00e9cnicas agresivas, dando prioridad a la eficacia y la suave influencia de los ingredientes naturales, la seguridad y la comodidad de los tratamientos.<\/p>\n<p>La acci\u00f3n de los cosm\u00e9ticos EST\u00ed no s\u00f3lo est\u00e1 dirigida a la est\u00e9tica, sino tambi\u00e9n a mejorar el bienestar general del organismo, lo que se consigue mediante la activaci\u00f3n de los procesos metab\u00f3licos, la aceleraci\u00f3n de la eliminaci\u00f3n de toxinas, la estimulaci\u00f3n de la circulaci\u00f3n sangu\u00ednea<\/p>\n<p>La mejora del estado interior del cuerpo repercute directamente en nuestro aspecto. Salud y belleza se convierten en sin\u00f3nimos.<\/p>\n<ul>\n<li>Los productos y programas con cosm\u00e9ticos EST\u00ed est\u00e1n dirigidos a:<\/li>\n<li>eliminar las consecuencias y la presencia de fatiga cr\u00f3nica y estr\u00e9s<\/li>\n<li>remineralizaci\u00f3n del organismo<\/li>\n<li>fortalecimiento de las zonas \u00e1tonas del cuerpo<\/li>\n<li>formaci\u00f3n de una silueta armoniosa<\/li>\n<li>p\u00e9rdida de peso y adelgazamiento<\/li>\n<li>desintoxicaci\u00f3n potente<\/li>\n<li>normalizaci\u00f3n del metabolismo<\/li>\n<li>restaurar las formas y el poder<\/li>\n<\/ul>\n<p>Gracias a su consistencia micronizada y a su solubilidad en agua, la gama de productos cosm\u00e9ticos EST\u00ed es muy c\u00f3moda y f\u00e1cil de utilizar en todos los capullos y ba\u00f1os energ\u00e9ticos NeoQi. El suave pero intenso aroma de cada producto tiene un impacto en las c\u00e9lulas receptoras del olor, proporcionando as\u00ed el beneficio adicional de una aromaterapia.<\/p>\n<p>Eficacia, resultados visibles, vivos y a largo plazo, apoyo a cada cliente: estas son las cualidades que hacen de EST\u00ed una de las estrellas m\u00e1s brillantes de la talasoterapia.<\/p>\n<p><strong>\u00a0<\/strong><\/p>\n<h2><a name=\"_Toc415651672\"><\/a>Talasoterapia<\/h2>\n<h2><\/h2>\n<p>Hasta la fecha, Francia, pa\u00eds productor de cosm\u00e9ticos EST\u00ed, sigue siendo el centro de la talasoterapia.\u00a0<em>(del griego \"thalassa\" - mar, \"therapia\" - tratamiento)<\/em><\/p>\n<p>El m\u00e9todo de talasoterapia es el uso terap\u00e9utico del oc\u00e9ano, su clima y productos marinos como algas, algas marinas, barro, cristales de sal marina. Puede utilizarse junto con cualquier otro medio terap\u00e9utico, como el masaje manual cl\u00e1sico o la hidroterapia.<\/p>\n<p>La naturaleza y el clima mar\u00edtimos, la vista panor\u00e1mica del horizonte, el murmullo del mar y el aire salado del mar: todo ello tiene un efecto relajante, equilibrante y saludable sobre la persona, que permite restablecer la armon\u00eda del cuerpo y la mente.<\/p>\n<p>El poder vital del agua de mar era conocido desde tiempos inmemoriales por curar y rejuvenecer a la gente, pero s\u00f3lo en el siglo XIX en Francia se le dio nombre como forma de terapia.<\/p>\n<p>La talasoterapia moderna sigue basando sus tratamientos en una combinaci\u00f3n de agua de mar, algas y calor, junto con procedimientos cient\u00edficos, criterios y tecnolog\u00edas de vanguardia.<\/p>\n<p>Los principales componentes de los efectos talasoterap\u00e9uticos son:<\/p>\n<p>Agua de mar - la fuente de cantidades traza esenciales de yodo, magnesio, calcio, azufre, potasio, hierro, cobre, f\u00f3sforo, zinc, selenio, bromo, manganeso y muchos otros. Est\u00e1 cient\u00edficamente demostrado que la composici\u00f3n mineral del agua de mar es casi id\u00e9ntica a la del plasma sangu\u00edneo humano, y por lo tanto casi 100% de los ingredientes activos contenidos en ella, son absorbidos por el cuerpo humano. Al mismo tiempo, debido al fen\u00f3meno natural del intercambio osm\u00f3tico, el organismo consume precisamente la cantidad de componentes \u00fatiles de origen marino que necesita en cada momento.<\/p>\n<p>Algas marinas - un eslab\u00f3n clave en la talasoterapia, tienen la capacidad de compensar las sustancias bioactivas que faltan en el cuerpo humano. Los cient\u00edficos calculan que en los distintos tratamientos de talasoterapia se utilizan m\u00e1s de 150 oligoelementos minerales. Las algas tambi\u00e9n tienen la capacidad de acumular, durante su crecimiento y actividad vital, diferentes minerales y oligoelementos que intervienen en la s\u00edntesis de enzimas, vitaminas y hormonas, as\u00ed como en el funcionamiento celular. El proceso de extracci\u00f3n y transformaci\u00f3n de las algas se realiza con todas las normas necesarias para preservar sus propiedades \u00fatiles y sustancias activas.<\/p>\n<p>Con la ayuda de la talasoterapia es posible conseguir resultados tanto est\u00e9ticos como terap\u00e9uticos. La talasoterapia puede aliviar a la persona de diversos problemas y enfermedades:<\/p>\n<ul>\n<li>restauraci\u00f3n y rejuvenecimiento de la piel, hidrataci\u00f3n de la piel seca y sensible<\/li>\n<li>mejorar la circulaci\u00f3n sangu\u00ednea local y los procesos metab\u00f3licos del organismo<\/li>\n<li>tratamiento de la celulitis y problemas de sobrepeso (la combinaci\u00f3n de un tratamiento integral con una alimentaci\u00f3n adecuada permite perder hasta 2 kg por semana)<\/li>\n<li>un impacto positivo sobre el sistema nervioso y la gesti\u00f3n del estr\u00e9s<\/li>\n<li>mejora del sistema respiratorio y de la funci\u00f3n de la gl\u00e1ndula tiroides<\/li>\n<li>eliminaci\u00f3n de las toxinas y del exceso de grasa del organismo<\/li>\n<li>tratamiento de reumatismos inflamatorios, artrosis, secuelas de lesiones, alivio de s\u00edndromes dolorosos<\/li>\n<li>aliviar el estado de los pacientes oncol\u00f3gicos<\/li>\n<li>restaurar el cuerpo tras un parto, una lesi\u00f3n o una intervenci\u00f3n quir\u00fargica (incluida la pl\u00e1stica).<\/li>\n<\/ul>\n<p>&nbsp;<\/p>\n<h2><a name=\"_Toc415651673\"><\/a>Ingredientes<\/h2>\n<p>Los ingredientes de los cosm\u00e9ticos, extra\u00eddos de las aguas del Mar de Iroise, son como un elixir milagroso, repleto de elementos esenciales necesarios para una piel sana.<\/p>\n<p>Las algas y el agua de mar, enriquecidas con nutrientes, as\u00ed como la experiencia y las capacidades de la f\u00e1brica para la producci\u00f3n de cosm\u00e9ticos ESTI -l\u00edder en recolecci\u00f3n, transformaci\u00f3n y valorizaci\u00f3n de los recursos marinos- nos permiten ofrecerle una fuente \u00fanica de vitalidad, salud y belleza.<\/p>\n<p>Hay m\u00e1s de 20 especies diferentes de\u00a0<strong>algas<\/strong>\u00a0utilizados en cosm\u00e9tica EST\u00ed.  La composici\u00f3n y el efecto terap\u00e9utico de cada tipo difieren entre s\u00ed y tienen sus propias caracter\u00edsticas \u00fanicas. Los componentes m\u00e1s brillantes de los productos EST\u00ed son las algas pardas Laminaria Digitata y Fucus Vesiculosus, que, gracias a sus potentes propiedades drenantes y lipol\u00edticas son l\u00edderes en todo el tratamiento anticelul\u00edtico. El alga roja Lithotamnium Calcareum previene la p\u00e9rdida de calcio y preserva la estructura \u00f3sea, y el alga Hondrus Crispus, como fuente de \u00e1cido hialur\u00f3nico natural, aporta un marcado efecto de hidrataci\u00f3n. El alga verde Ulva Laktuka es responsable de la s\u00edntesis de col\u00e1geno, manteniendo el tono de los tejidos conectivos. La reina entre las algas marinas - la ex\u00f3tica alga azul Spirulina - campeona en contenido proteico, tiene un potente efecto fortalecedor y lifting inmediato. Las excelentes propiedades estimulantes del sistema inmunol\u00f3gico, de protecci\u00f3n oncol\u00f3gica y antioxidantes de la espirulina eran conocidas y aceptadas por los m\u00e9dicos desde hace mucho tiempo. El m\u00e9todo moderno de procesamiento de las algas en consistencia micronizada, permite que los ingredientes penetren f\u00e1cil y profundamente a trav\u00e9s de la piel durante las envolturas y los ba\u00f1os, dando como resultado no s\u00f3lo efectos locales sino sist\u00e9micos en el cuerpo.<\/p>\n<p>Adem\u00e1s las algas son 100% puras y las naturales\u00a0<strong>aceites esenciales<\/strong>\u00a0que se agrupan en cuatro complejos \u00fanicos con efectos adelgazantes, relajantes, circulatorios y tonificantes. El efecto sin\u00e9rgico y la dispersi\u00f3n de este complejo en el agua garantizan su distribuci\u00f3n uniforme, optimizando as\u00ed la difusi\u00f3n de las mol\u00e9culas activas.<\/p>\n<p>Est\u00e1 demostrado que la composici\u00f3n de\u00a0<strong>agua de mar<\/strong>\u00a0es pr\u00e1cticamente id\u00e9ntica a la del plasma sangu\u00edneo humano, por lo que el cuerpo humano absorbe casi 100% de los principios activos que contiene. Al mismo tiempo,\u00a0<strong>sal marina<\/strong>\u00a0\"incluye\" el fen\u00f3meno del intercambio osm\u00f3tico. Debido a esto, nuestro cuerpo consume el n\u00famero exacto de ingredientes activos, que es necesario en ese mismo momento, basado en el principio de vasos comunicantes.<\/p>\n<p>Tambi\u00e9n hay dos innovadores\u00a0<strong>complejos<\/strong>\u00a0en la composici\u00f3n de los ingredientes de los productos - Thali'source y Oligo`source.<\/p>\n<p>Los cosm\u00e9ticos EST\u00ed no contienen parabenos, perfumes sint\u00e9ticos, colorantes ni conservantes. Adem\u00e1s, muchos productos est\u00e1n certificados por Ecocert Greenlife, lo que confirma el origen y el proceso de los cosm\u00e9ticos ecol\u00f3gicos ecol\u00f3gicos.<\/p>","protected":false},"excerpt":{"rendered":"<p>Products of EST\u00ed are produced in France, at the western tip of Brittany \u2013 classed as a world Biosphere reserve by UNESCO, offer a wide range of marine cosmetics and\u00a0professional spa treatments with ESTi, exclusively designed to be used with NeoQi equipment in wellness centers, health centers, clinics, thalassotherapy centers, SPA-centers and beauty salons. EST\u00ed [&hellip;]<\/p>\n","protected":false},"author":1,"featured_media":0,"parent":2223,"menu_order":0,"comment_status":"closed","ping_status":"closed","template":"","meta":{"_acf_changed":false,"site-sidebar-layout":"default","site-content-layout":"","ast-site-content-layout":"default","site-content-style":"default","site-sidebar-style":"default","ast-global-header-display":"","ast-banner-title-visibility":"","ast-main-header-display":"","ast-hfb-above-header-display":"","ast-hfb-below-header-display":"","ast-hfb-mobile-header-display":"","site-post-title":"","ast-breadcrumbs-content":"","ast-featured-img":"","footer-sml-layout":"","ast-disable-related-posts":"","theme-transparent-header-meta":"default","adv-header-id-meta":"","stick-header-meta":"","header-above-stick-meta":"","header-main-stick-meta":"","header-below-stick-meta":"","astra-migrate-meta-layouts":"set","ast-page-background-enabled":"default","ast-page-background-meta":{"desktop":{"background-color":"var(--ast-global-color-4)","background-image":"","background-repeat":"repeat","background-position":"center center","background-size":"auto","background-attachment":"scroll","background-type":"","background-media":"","overlay-type":"","overlay-color":"","overlay-opacity":"","overlay-gradient":""},"tablet":{"background-color":"","background-image":"","background-repeat":"repeat","background-position":"center center","background-size":"auto","background-attachment":"scroll","background-type":"","background-media":"","overlay-type":"","overlay-color":"","overlay-opacity":"","overlay-gradient":""},"mobile":{"background-color":"","background-image":"","background-repeat":"repeat","background-position":"center center","background-size":"auto","background-attachment":"scroll","background-type":"","background-media":"","overlay-type":"","overlay-color":"","overlay-opacity":"","overlay-gradient":""}},"ast-content-background-meta":{"desktop":{"background-color":"var(--ast-global-color-5)","background-image":"","background-repeat":"repeat","background-position":"center center","background-size":"auto","background-attachment":"scroll","background-type":"","background-media":"","overlay-type":"","overlay-color":"","overlay-opacity":"","overlay-gradient":""},"tablet":{"background-color":"var(--ast-global-color-5)","background-image":"","background-repeat":"repeat","background-position":"center center","background-size":"auto","background-attachment":"scroll","background-type":"","background-media":"","overlay-type":"","overlay-color":"","overlay-opacity":"","overlay-gradient":""},"mobile":{"background-color":"var(--ast-global-color-5)","background-image":"","background-repeat":"repeat","background-position":"center center","background-size":"auto","background-attachment":"scroll","background-type":"","background-media":"","overlay-type":"","overlay-color":"","overlay-opacity":"","overlay-gradient":""}},"footnotes":""},"class_list":["post-2225","page","type-page","status-publish","hentry"],"acf":[],"yoast_head":"<!-- This site is optimized with the Yoast SEO plugin v27.4 - https:\/\/yoast.com\/product\/yoast-seo-wordpress\/ -->\n<title>About ESTi Marine Organic Cosmetics - NEOQI<\/title>\n<meta name=\"robots\" content=\"index, follow, max-snippet:-1, max-image-preview:large, max-video-preview:-1\" \/>\n<link rel=\"canonical\" href=\"https:\/\/neoqi.com\/es\/cosmetics\/about-esti-marine-organic-cosmetics\/\" \/>\n<meta property=\"og:locale\" content=\"es_ES\" \/>\n<meta property=\"og:type\" content=\"article\" \/>\n<meta property=\"og:title\" content=\"About ESTi Marine Organic Cosmetics - NEOQI\" \/>\n<meta property=\"og:description\" content=\"Products of EST\u00ed are produced in France, at the western tip of Brittany \u2013 classed as a world Biosphere reserve by UNESCO, offer a wide range of marine cosmetics and\u00a0professional spa treatments with ESTi, exclusively designed to be used with NeoQi equipment in wellness centers, health centers, clinics, thalassotherapy centers, SPA-centers and beauty salons. EST\u00ed [&hellip;]\" \/>\n<meta property=\"og:url\" content=\"https:\/\/neoqi.com\/es\/cosmetics\/about-esti-marine-organic-cosmetics\/\" \/>\n<meta property=\"og:site_name\" content=\"NEOQI\" \/>\n<meta property=\"article:publisher\" content=\"https:\/\/www.facebook.com\/neoqi\/\" \/>\n<meta property=\"article:modified_time\" content=\"2024-09-07T10:06:41+00:00\" \/>\n<meta name=\"twitter:card\" content=\"summary_large_image\" \/>\n<meta name=\"twitter:label1\" content=\"Tiempo de lectura\" \/>\n\t<meta name=\"twitter:data1\" content=\"7 minutos\" \/>\n<script type=\"application\/ld+json\" class=\"yoast-schema-graph\">{\"@context\":\"https:\\\/\\\/schema.org\",\"@graph\":[{\"@type\":\"WebPage\",\"@id\":\"https:\\\/\\\/neoqi.com\\\/cosmetics\\\/about-esti-marine-organic-cosmetics\\\/\",\"url\":\"https:\\\/\\\/neoqi.com\\\/cosmetics\\\/about-esti-marine-organic-cosmetics\\\/\",\"name\":\"About ESTi Marine Organic Cosmetics - NEOQI\",\"isPartOf\":{\"@id\":\"https:\\\/\\\/neoqi.com\\\/#website\"},\"datePublished\":\"2024-09-06T21:17:14+00:00\",\"dateModified\":\"2024-09-07T10:06:41+00:00\",\"breadcrumb\":{\"@id\":\"https:\\\/\\\/neoqi.com\\\/cosmetics\\\/about-esti-marine-organic-cosmetics\\\/#breadcrumb\"},\"inLanguage\":\"es\",\"potentialAction\":[{\"@type\":\"ReadAction\",\"target\":[\"https:\\\/\\\/neoqi.com\\\/cosmetics\\\/about-esti-marine-organic-cosmetics\\\/\"]}]},{\"@type\":\"BreadcrumbList\",\"@id\":\"https:\\\/\\\/neoqi.com\\\/cosmetics\\\/about-esti-marine-organic-cosmetics\\\/#breadcrumb\",\"itemListElement\":[{\"@type\":\"ListItem\",\"position\":1,\"name\":\"Home\",\"item\":\"https:\\\/\\\/neoqi.com\\\/\"},{\"@type\":\"ListItem\",\"position\":2,\"name\":\"Cosmetics\",\"item\":\"https:\\\/\\\/neoqi.com\\\/cosmetics\\\/\"},{\"@type\":\"ListItem\",\"position\":3,\"name\":\"About ESTi Marine Organic Cosmetics\"}]},{\"@type\":\"WebSite\",\"@id\":\"https:\\\/\\\/neoqi.com\\\/#website\",\"url\":\"https:\\\/\\\/neoqi.com\\\/\",\"name\":\"NEOQI\",\"description\":\"Experience Ultimate Wellness and Relaxation with NeoQi Spa Capsule: Your Path to Rejuvenation\",\"publisher\":{\"@id\":\"https:\\\/\\\/neoqi.com\\\/#organization\"},\"potentialAction\":[{\"@type\":\"SearchAction\",\"target\":{\"@type\":\"EntryPoint\",\"urlTemplate\":\"https:\\\/\\\/neoqi.com\\\/?s={search_term_string}\"},\"query-input\":{\"@type\":\"PropertyValueSpecification\",\"valueRequired\":true,\"valueName\":\"search_term_string\"}}],\"inLanguage\":\"es\"},{\"@type\":\"Organization\",\"@id\":\"https:\\\/\\\/neoqi.com\\\/#organization\",\"name\":\"NEOQI\",\"url\":\"https:\\\/\\\/neoqi.com\\\/\",\"logo\":{\"@type\":\"ImageObject\",\"inLanguage\":\"es\",\"@id\":\"https:\\\/\\\/neoqi.com\\\/#\\\/schema\\\/logo\\\/image\\\/\",\"url\":\"https:\\\/\\\/neoqi.com\\\/wp-content\\\/uploads\\\/2024\\\/09\\\/logoneosvg.svg\",\"contentUrl\":\"https:\\\/\\\/neoqi.com\\\/wp-content\\\/uploads\\\/2024\\\/09\\\/logoneosvg.svg\",\"width\":1,\"height\":1,\"caption\":\"NEOQI\"},\"image\":{\"@id\":\"https:\\\/\\\/neoqi.com\\\/#\\\/schema\\\/logo\\\/image\\\/\"},\"sameAs\":[\"https:\\\/\\\/www.facebook.com\\\/neoqi\\\/\",\"https:\\\/\\\/www.instagram.com\\\/neoqi_com\\\/\"]}]}<\/script>\n<!-- \/ Yoast SEO plugin. -->","yoast_head_json":{"title":"Acerca de los cosm\u00e9ticos ecol\u00f3gicos marinos ESTi - NEOQI","robots":{"index":"index","follow":"follow","max-snippet":"max-snippet:-1","max-image-preview":"max-image-preview:large","max-video-preview":"max-video-preview:-1"},"canonical":"https:\/\/neoqi.com\/es\/cosmetics\/about-esti-marine-organic-cosmetics\/","og_locale":"es_ES","og_type":"article","og_title":"About ESTi Marine Organic Cosmetics - NEOQI","og_description":"Products of EST\u00ed are produced in France, at the western tip of Brittany \u2013 classed as a world Biosphere reserve by UNESCO, offer a wide range of marine cosmetics and\u00a0professional spa treatments with ESTi, exclusively designed to be used with NeoQi equipment in wellness centers, health centers, clinics, thalassotherapy centers, SPA-centers and beauty salons. EST\u00ed [&hellip;]","og_url":"https:\/\/neoqi.com\/es\/cosmetics\/about-esti-marine-organic-cosmetics\/","og_site_name":"NEOQI","article_publisher":"https:\/\/www.facebook.com\/neoqi\/","article_modified_time":"2024-09-07T10:06:41+00:00","twitter_card":"summary_large_image","twitter_misc":{"Tiempo de lectura":"7 minutos"},"schema":{"@context":"https:\/\/schema.org","@graph":[{"@type":"WebPage","@id":"https:\/\/neoqi.com\/cosmetics\/about-esti-marine-organic-cosmetics\/","url":"https:\/\/neoqi.com\/cosmetics\/about-esti-marine-organic-cosmetics\/","name":"Acerca de los cosm\u00e9ticos ecol\u00f3gicos marinos ESTi - NEOQI","isPartOf":{"@id":"https:\/\/neoqi.com\/#website"},"datePublished":"2024-09-06T21:17:14+00:00","dateModified":"2024-09-07T10:06:41+00:00","breadcrumb":{"@id":"https:\/\/neoqi.com\/cosmetics\/about-esti-marine-organic-cosmetics\/#breadcrumb"},"inLanguage":"es","potentialAction":[{"@type":"ReadAction","target":["https:\/\/neoqi.com\/cosmetics\/about-esti-marine-organic-cosmetics\/"]}]},{"@type":"BreadcrumbList","@id":"https:\/\/neoqi.com\/cosmetics\/about-esti-marine-organic-cosmetics\/#breadcrumb","itemListElement":[{"@type":"ListItem","position":1,"name":"Home","item":"https:\/\/neoqi.com\/"},{"@type":"ListItem","position":2,"name":"Cosmetics","item":"https:\/\/neoqi.com\/cosmetics\/"},{"@type":"ListItem","position":3,"name":"About ESTi Marine Organic Cosmetics"}]},{"@type":"WebSite","@id":"https:\/\/neoqi.com\/#website","url":"https:\/\/neoqi.com\/","name":"NEOQI","description":"Experimente lo \u00faltimo en bienestar y relajaci\u00f3n con NeoQi Spa Capsule: Su camino hacia el rejuvenecimiento","publisher":{"@id":"https:\/\/neoqi.com\/#organization"},"potentialAction":[{"@type":"SearchAction","target":{"@type":"EntryPoint","urlTemplate":"https:\/\/neoqi.com\/?s={search_term_string}"},"query-input":{"@type":"PropertyValueSpecification","valueRequired":true,"valueName":"search_term_string"}}],"inLanguage":"es"},{"@type":"Organization","@id":"https:\/\/neoqi.com\/#organization","name":"NEOQI","url":"https:\/\/neoqi.com\/","logo":{"@type":"ImageObject","inLanguage":"es","@id":"https:\/\/neoqi.com\/#\/schema\/logo\/image\/","url":"https:\/\/neoqi.com\/wp-content\/uploads\/2024\/09\/logoneosvg.svg","contentUrl":"https:\/\/neoqi.com\/wp-content\/uploads\/2024\/09\/logoneosvg.svg","width":1,"height":1,"caption":"NEOQI"},"image":{"@id":"https:\/\/neoqi.com\/#\/schema\/logo\/image\/"},"sameAs":["https:\/\/www.facebook.com\/neoqi\/","https:\/\/www.instagram.com\/neoqi_com\/"]}]}},"_links":{"self":[{"href":"https:\/\/neoqi.com\/es\/wp-json\/wp\/v2\/pages\/2225","targetHints":{"allow":["GET"]}}],"collection":[{"href":"https:\/\/neoqi.com\/es\/wp-json\/wp\/v2\/pages"}],"about":[{"href":"https:\/\/neoqi.com\/es\/wp-json\/wp\/v2\/types\/page"}],"author":[{"embeddable":true,"href":"https:\/\/neoqi.com\/es\/wp-json\/wp\/v2\/users\/1"}],"replies":[{"embeddable":true,"href":"https:\/\/neoqi.com\/es\/wp-json\/wp\/v2\/comments?post=2225"}],"version-history":[{"count":1,"href":"https:\/\/neoqi.com\/es\/wp-json\/wp\/v2\/pages\/2225\/revisions"}],"predecessor-version":[{"id":2226,"href":"https:\/\/neoqi.com\/es\/wp-json\/wp\/v2\/pages\/2225\/revisions\/2226"}],"up":[{"embeddable":true,"href":"https:\/\/neoqi.com\/es\/wp-json\/wp\/v2\/pages\/2223"}],"wp:attachment":[{"href":"https:\/\/neoqi.com\/es\/wp-json\/wp\/v2\/media?parent=2225"}],"curies":[{"name":"wp","href":"https:\/\/api.w.org\/{rel}","templated":true}]}}