{"id":2025,"date":"2024-09-07T02:06:07","date_gmt":"2024-09-06T23:06:07","guid":{"rendered":"http:\/\/neoqi.com\/?post_type=product&#038;p=2025"},"modified":"2024-12-03T18:37:36","modified_gmt":"2024-12-03T15:37:36","slug":"flamingo","status":"publish","type":"product","link":"https:\/\/neoqi.com\/es\/producto\/flamingo\/","title":{"rendered":"Flamingo"},"content":{"rendered":"<p><strong>Los principales tratamientos de NeoQi\u00ae Flamingo<\/strong><\/p>\n<p><strong>Tratamiento termal (vapor y\/o sauna de infrarrojos)<\/strong>. La c\u00e1psula SPA Flamingo ofrece la oportunidad de disfrutar de las propiedades curativas de la termoterapia. El vapor y las saunas de infrarrojos afectan al cuerpo con un calor suave, acariciando la piel con niebla caliente y calentando a fondo todo el cuerpo. La sesi\u00f3n de vapor ayuda a conseguir los mejores resultados en el cuidado de la piel, gracias a la penetraci\u00f3n de minerales y vitaminas en las capas superiores de la dermis. El calor infrarrojo activa el proceso de desintoxicaci\u00f3n, alivia el dolor y la tensi\u00f3n muscular. El cuerpo se relaja profundamente bajo la combinaci\u00f3n de temperatura agradable y humedad. La SPA-c\u00e1psula Flamingo utiliza l\u00e1mparas de infrarrojos de nueva generaci\u00f3n - el cliente siente el agradable calor inmediatamente despu\u00e9s de activar la funci\u00f3n.<\/p>\n<p><strong>Ducha Vichy<\/strong>\/ducha de mano para el cuerpo. Para ampliar el espectro de tratamientos posibles, hemos aumentado la capacidad de la ducha Vichy. El capullo est\u00e1 equipado con un interruptor para ajustar la temperatura y la presi\u00f3n de la ducha Vichy. El sistema de ducha especial refresca, tonifica y relaja completamente el cuerpo. En funci\u00f3n del modo seleccionado, puede modelar el contorno corporal, poner en marcha el proceso de rejuvenecimiento, tratar la celulitis y la depresi\u00f3n estacional.<\/p>\n<p><strong>Masaje con aceite<\/strong>. Cualquier tipo de masaje puede realizarse en una c\u00f3moda y ergon\u00f3mica camilla del capullo Flamingo.<\/p>\n<p><strong>Cromoterapia<\/strong>\u00a0- es un medio excelente, especialmente para los residentes de los pa\u00edses del Norte, para librarse de la depresi\u00f3n estacional. El clima riguroso y el tiempo gris y lluvioso se quedan fuera de la c\u00e1psula SPA. Con la cromoterapia uno puede relajarse y dejarse llevar por la imaginaci\u00f3n a pa\u00edses ex\u00f3ticos, luminosos y c\u00e1lidos, donde todo brilla con colores y donde siempre luce el sol que tanto echamos de menos.<\/p>\n<p><strong>Aromaterapia<\/strong>. Aromas frescos y vigorizantes de c\u00edtricos, sabores delicados o aromas calmantes - fuerzas curativas de la naturaleza ayudan a combatir muchas enfermedades del cuerpo y del alma, dando placer, relajaci\u00f3n, paz, as\u00ed como afectando positivamente a la salud en general.<\/p>\n<p><a href=\"https:\/\/neoqi.com\/es\/producto\/energy-cocoons\/flamingo\/#tab-description\">Descripci\u00f3n<\/a><\/p>\n<p>Descripci\u00f3n<br \/>\nSauna de infrarrojos<br \/>\nSauna de vapor<br \/>\nAromaterapia<br \/>\nDucha Vichy<br \/>\nCamilla vibratoria<br \/>\nSistema de luces de colores<br \/>\nEquipo de m\u00fasica (MP3)<br \/>\nVentilador de refrigeraci\u00f3n frontal<br \/>\nDucha de mano<\/p>\n<p>&nbsp;<\/p>","protected":false},"excerpt":{"rendered":"<p>El nombre del capullo energ\u00e9tico Flamingo deriva de su exclusiva construcci\u00f3n de capucha, que permite abrir sus elegantes puertas transparentes por separado, garantizando el m\u00e1ximo confort durante el tratamiento, tanto para el cliente como para el terapeuta. Con las alas abiertas, la c\u00e1psula SPA se asemeja al hermoso y gr\u00e1cil p\u00e1jaro flamenco.<\/p>\n<p>Los programas elegidos individualmente son la clave para obtener resultados v\u00edvidos y una satisfacci\u00f3n completa del tratamiento. La combinaci\u00f3n de los rituales cl\u00e1sicos de SPA con las funciones del capullo nos permite ofrecer a nuestros clientes los programas de tratamiento m\u00e1s populares y eficaces para la p\u00e9rdida de peso, la reducci\u00f3n de la celulitis, la remodelaci\u00f3n del contorno corporal, la relajaci\u00f3n y el rejuvenecimiento.<\/p>\n<p>La c\u00e1psula SPA Flamingo cuenta con una serie de actualizaciones t\u00e9cnicas en los sistemas de cromoterapia, sauna de infrarrojos y ducha Vichy, a trav\u00e9s de las cuales podr\u00e1 ampliar la gama de tratamientos SPA, as\u00ed como maximizar su eficacia. A pesar de su versatilidad, la c\u00e1psula SPA Flamingo es muy f\u00e1cil de usar.<\/p>","protected":false},"featured_media":2026,"comment_status":"open","ping_status":"closed","template":"","meta":{"_acf_changed":false,"site-sidebar-layout":"default","site-content-layout":"","ast-site-content-layout":"default","site-content-style":"default","site-sidebar-style":"default","ast-global-header-display":"","ast-banner-title-visibility":"","ast-main-header-display":"","ast-hfb-above-header-display":"","ast-hfb-below-header-display":"","ast-hfb-mobile-header-display":"","site-post-title":"","ast-breadcrumbs-content":"","ast-featured-img":"","footer-sml-layout":"","ast-disable-related-posts":"","theme-transparent-header-meta":"default","adv-header-id-meta":"","stick-header-meta":"","header-above-stick-meta":"","header-main-stick-meta":"","header-below-stick-meta":"","astra-migrate-meta-layouts":"set","ast-page-background-enabled":"default","ast-page-background-meta":{"desktop":{"background-color":"var(--ast-global-color-4)","background-image":"","background-repeat":"repeat","background-position":"center center","background-size":"auto","background-attachment":"scroll","background-type":"","background-media":"","overlay-type":"","overlay-color":"","overlay-opacity":"","overlay-gradient":""},"tablet":{"background-color":"","background-image":"","background-repeat":"repeat","background-position":"center center","background-size":"auto","background-attachment":"scroll","background-type":"","background-media":"","overlay-type":"","overlay-color":"","overlay-opacity":"","overlay-gradient":""},"mobile":{"background-color":"","background-image":"","background-repeat":"repeat","background-position":"center center","background-size":"auto","background-attachment":"scroll","background-type":"","background-media":"","overlay-type":"","overlay-color":"","overlay-opacity":"","overlay-gradient":""}},"ast-content-background-meta":{"desktop":{"background-color":"var(--ast-global-color-5)","background-image":"","background-repeat":"repeat","background-position":"center center","background-size":"auto","background-attachment":"scroll","background-type":"","background-media":"","overlay-type":"","overlay-color":"","overlay-opacity":"","overlay-gradient":""},"tablet":{"background-color":"var(--ast-global-color-5)","background-image":"","background-repeat":"repeat","background-position":"center center","background-size":"auto","background-attachment":"scroll","background-type":"","background-media":"","overlay-type":"","overlay-color":"","overlay-opacity":"","overlay-gradient":""},"mobile":{"background-color":"var(--ast-global-color-5)","background-image":"","background-repeat":"repeat","background-position":"center center","background-size":"auto","background-attachment":"scroll","background-type":"","background-media":"","overlay-type":"","overlay-color":"","overlay-opacity":"","overlay-gradient":""}}},"product_brand":[],"product_cat":[81,82],"product_tag":[],"class_list":{"0":"post-2025","1":"product","2":"type-product","3":"status-publish","4":"has-post-thumbnail","6":"product_cat-energy-cocoons","7":"product_cat-esthetical","8":"desktop-align-left","9":"tablet-align-left","10":"mobile-align-left","12":"first","13":"instock","14":"shipping-taxable","15":"product-type-simple"},"acf":[],"yoast_head":"<!-- This site is optimized with the Yoast SEO plugin v27.3 - https:\/\/yoast.com\/product\/yoast-seo-wordpress\/ -->\n<title>Flamingo - NEOQI<\/title>\n<meta name=\"robots\" content=\"index, follow, max-snippet:-1, max-image-preview:large, max-video-preview:-1\" \/>\n<link rel=\"canonical\" href=\"https:\/\/neoqi.com\/es\/producto\/flamingo\/\" \/>\n<meta property=\"og:locale\" content=\"es_ES\" \/>\n<meta property=\"og:type\" content=\"article\" \/>\n<meta property=\"og:title\" content=\"Flamingo - NEOQI\" \/>\n<meta property=\"og:description\" content=\"The name of the Flamingo energy cocoon derives from its unique hood construction, which allows to open its elegant clear doors separately, ensuring the maximum comfort during the treatment, both for the client and the therapist. With its wings opened, the SPA-capsule resembles the beautiful and graceful flamingo bird.  Individually chosen programs are key to vivid results and complete satisfaction of the treatment. The combination of classic SPA rituals with the functions of the cocoon enables us to offer our customers the most popular and effective treatment programs for weight loss, cellulite reduction, body contours shaping, relaxation and rejuvenation.  The Flamingo SPA capsule has a number of technical updates in chromotherapy, infrared sauna and Vichy shower systems, through which you can extend the range of SPA treatments, as well as to maximize their effectiveness. Despite its versatility, the SPA-capsule Flamingo is very easy to use.\" \/>\n<meta property=\"og:url\" content=\"https:\/\/neoqi.com\/es\/producto\/flamingo\/\" \/>\n<meta property=\"og:site_name\" content=\"NEOQI\" \/>\n<meta property=\"article:publisher\" content=\"https:\/\/www.facebook.com\/neoqi\/\" \/>\n<meta property=\"article:modified_time\" content=\"2024-12-03T15:37:36+00:00\" \/>\n<meta property=\"og:image\" content=\"https:\/\/neoqi.com\/wp-content\/uploads\/2024\/09\/wellness_neoqi_Flamingo_53.jpg\" \/>\n\t<meta property=\"og:image:width\" content=\"1200\" \/>\n\t<meta property=\"og:image:height\" content=\"800\" \/>\n\t<meta property=\"og:image:type\" content=\"image\/jpeg\" \/>\n<meta name=\"twitter:card\" content=\"summary_large_image\" \/>\n<meta name=\"twitter:label1\" content=\"Tiempo de lectura\" \/>\n\t<meta name=\"twitter:data1\" content=\"2 minutos\" \/>\n<script type=\"application\/ld+json\" class=\"yoast-schema-graph\">{\"@context\":\"https:\\\/\\\/schema.org\",\"@graph\":[{\"@type\":\"WebPage\",\"@id\":\"https:\\\/\\\/neoqi.com\\\/product\\\/flamingo\\\/\",\"url\":\"https:\\\/\\\/neoqi.com\\\/product\\\/flamingo\\\/\",\"name\":\"Flamingo - NEOQI\",\"isPartOf\":{\"@id\":\"https:\\\/\\\/neoqi.com\\\/#website\"},\"primaryImageOfPage\":{\"@id\":\"https:\\\/\\\/neoqi.com\\\/product\\\/flamingo\\\/#primaryimage\"},\"image\":{\"@id\":\"https:\\\/\\\/neoqi.com\\\/product\\\/flamingo\\\/#primaryimage\"},\"thumbnailUrl\":\"https:\\\/\\\/neoqi.com\\\/wp-content\\\/uploads\\\/2024\\\/09\\\/wellness_neoqi_Flamingo_53.jpg\",\"datePublished\":\"2024-09-06T23:06:07+00:00\",\"dateModified\":\"2024-12-03T15:37:36+00:00\",\"breadcrumb\":{\"@id\":\"https:\\\/\\\/neoqi.com\\\/product\\\/flamingo\\\/#breadcrumb\"},\"inLanguage\":\"es\",\"potentialAction\":[{\"@type\":\"ReadAction\",\"target\":[\"https:\\\/\\\/neoqi.com\\\/product\\\/flamingo\\\/\"]}]},{\"@type\":\"ImageObject\",\"inLanguage\":\"es\",\"@id\":\"https:\\\/\\\/neoqi.com\\\/product\\\/flamingo\\\/#primaryimage\",\"url\":\"https:\\\/\\\/neoqi.com\\\/wp-content\\\/uploads\\\/2024\\\/09\\\/wellness_neoqi_Flamingo_53.jpg\",\"contentUrl\":\"https:\\\/\\\/neoqi.com\\\/wp-content\\\/uploads\\\/2024\\\/09\\\/wellness_neoqi_Flamingo_53.jpg\",\"width\":1200,\"height\":800},{\"@type\":\"BreadcrumbList\",\"@id\":\"https:\\\/\\\/neoqi.com\\\/product\\\/flamingo\\\/#breadcrumb\",\"itemListElement\":[{\"@type\":\"ListItem\",\"position\":1,\"name\":\"Home\",\"item\":\"https:\\\/\\\/neoqi.com\\\/\"},{\"@type\":\"ListItem\",\"position\":2,\"name\":\"Catalog\",\"item\":\"https:\\\/\\\/neoqi.com\\\/it\\\/catalog\\\/\"},{\"@type\":\"ListItem\",\"position\":3,\"name\":\"Flamingo\"}]},{\"@type\":\"WebSite\",\"@id\":\"https:\\\/\\\/neoqi.com\\\/#website\",\"url\":\"https:\\\/\\\/neoqi.com\\\/\",\"name\":\"NEOQI\",\"description\":\"Experience Ultimate Wellness and Relaxation with NeoQi Spa Capsule: Your Path to Rejuvenation\",\"publisher\":{\"@id\":\"https:\\\/\\\/neoqi.com\\\/#organization\"},\"potentialAction\":[{\"@type\":\"SearchAction\",\"target\":{\"@type\":\"EntryPoint\",\"urlTemplate\":\"https:\\\/\\\/neoqi.com\\\/?s={search_term_string}\"},\"query-input\":{\"@type\":\"PropertyValueSpecification\",\"valueRequired\":true,\"valueName\":\"search_term_string\"}}],\"inLanguage\":\"es\"},{\"@type\":\"Organization\",\"@id\":\"https:\\\/\\\/neoqi.com\\\/#organization\",\"name\":\"NEOQI\",\"url\":\"https:\\\/\\\/neoqi.com\\\/\",\"logo\":{\"@type\":\"ImageObject\",\"inLanguage\":\"es\",\"@id\":\"https:\\\/\\\/neoqi.com\\\/#\\\/schema\\\/logo\\\/image\\\/\",\"url\":\"https:\\\/\\\/neoqi.com\\\/wp-content\\\/uploads\\\/2024\\\/09\\\/logoneosvg.svg\",\"contentUrl\":\"https:\\\/\\\/neoqi.com\\\/wp-content\\\/uploads\\\/2024\\\/09\\\/logoneosvg.svg\",\"width\":1,\"height\":1,\"caption\":\"NEOQI\"},\"image\":{\"@id\":\"https:\\\/\\\/neoqi.com\\\/#\\\/schema\\\/logo\\\/image\\\/\"},\"sameAs\":[\"https:\\\/\\\/www.facebook.com\\\/neoqi\\\/\",\"https:\\\/\\\/www.instagram.com\\\/neoqi_com\\\/\"]}]}<\/script>\n<!-- \/ Yoast SEO plugin. -->","yoast_head_json":{"title":"Flamingo - NEOQI","robots":{"index":"index","follow":"follow","max-snippet":"max-snippet:-1","max-image-preview":"max-image-preview:large","max-video-preview":"max-video-preview:-1"},"canonical":"https:\/\/neoqi.com\/es\/producto\/flamingo\/","og_locale":"es_ES","og_type":"article","og_title":"Flamingo - NEOQI","og_description":"The name of the Flamingo energy cocoon derives from its unique hood construction, which allows to open its elegant clear doors separately, ensuring the maximum comfort during the treatment, both for the client and the therapist. With its wings opened, the SPA-capsule resembles the beautiful and graceful flamingo bird.  Individually chosen programs are key to vivid results and complete satisfaction of the treatment. The combination of classic SPA rituals with the functions of the cocoon enables us to offer our customers the most popular and effective treatment programs for weight loss, cellulite reduction, body contours shaping, relaxation and rejuvenation.  The Flamingo SPA capsule has a number of technical updates in chromotherapy, infrared sauna and Vichy shower systems, through which you can extend the range of SPA treatments, as well as to maximize their effectiveness. Despite its versatility, the SPA-capsule Flamingo is very easy to use.","og_url":"https:\/\/neoqi.com\/es\/producto\/flamingo\/","og_site_name":"NEOQI","article_publisher":"https:\/\/www.facebook.com\/neoqi\/","article_modified_time":"2024-12-03T15:37:36+00:00","og_image":[{"width":1200,"height":800,"url":"https:\/\/neoqi.com\/wp-content\/uploads\/2024\/09\/wellness_neoqi_Flamingo_53.jpg","type":"image\/jpeg"}],"twitter_card":"summary_large_image","twitter_misc":{"Tiempo de lectura":"2 minutos"},"schema":{"@context":"https:\/\/schema.org","@graph":[{"@type":"WebPage","@id":"https:\/\/neoqi.com\/product\/flamingo\/","url":"https:\/\/neoqi.com\/product\/flamingo\/","name":"Flamingo - NEOQI","isPartOf":{"@id":"https:\/\/neoqi.com\/#website"},"primaryImageOfPage":{"@id":"https:\/\/neoqi.com\/product\/flamingo\/#primaryimage"},"image":{"@id":"https:\/\/neoqi.com\/product\/flamingo\/#primaryimage"},"thumbnailUrl":"https:\/\/neoqi.com\/wp-content\/uploads\/2024\/09\/wellness_neoqi_Flamingo_53.jpg","datePublished":"2024-09-06T23:06:07+00:00","dateModified":"2024-12-03T15:37:36+00:00","breadcrumb":{"@id":"https:\/\/neoqi.com\/product\/flamingo\/#breadcrumb"},"inLanguage":"es","potentialAction":[{"@type":"ReadAction","target":["https:\/\/neoqi.com\/product\/flamingo\/"]}]},{"@type":"ImageObject","inLanguage":"es","@id":"https:\/\/neoqi.com\/product\/flamingo\/#primaryimage","url":"https:\/\/neoqi.com\/wp-content\/uploads\/2024\/09\/wellness_neoqi_Flamingo_53.jpg","contentUrl":"https:\/\/neoqi.com\/wp-content\/uploads\/2024\/09\/wellness_neoqi_Flamingo_53.jpg","width":1200,"height":800},{"@type":"BreadcrumbList","@id":"https:\/\/neoqi.com\/product\/flamingo\/#breadcrumb","itemListElement":[{"@type":"ListItem","position":1,"name":"Home","item":"https:\/\/neoqi.com\/"},{"@type":"ListItem","position":2,"name":"Catalog","item":"https:\/\/neoqi.com\/it\/catalog\/"},{"@type":"ListItem","position":3,"name":"Flamingo"}]},{"@type":"WebSite","@id":"https:\/\/neoqi.com\/#website","url":"https:\/\/neoqi.com\/","name":"NEOQI","description":"Experimente lo \u00faltimo en bienestar y relajaci\u00f3n con NeoQi Spa Capsule: Su camino hacia el rejuvenecimiento","publisher":{"@id":"https:\/\/neoqi.com\/#organization"},"potentialAction":[{"@type":"SearchAction","target":{"@type":"EntryPoint","urlTemplate":"https:\/\/neoqi.com\/?s={search_term_string}"},"query-input":{"@type":"PropertyValueSpecification","valueRequired":true,"valueName":"search_term_string"}}],"inLanguage":"es"},{"@type":"Organization","@id":"https:\/\/neoqi.com\/#organization","name":"NEOQI","url":"https:\/\/neoqi.com\/","logo":{"@type":"ImageObject","inLanguage":"es","@id":"https:\/\/neoqi.com\/#\/schema\/logo\/image\/","url":"https:\/\/neoqi.com\/wp-content\/uploads\/2024\/09\/logoneosvg.svg","contentUrl":"https:\/\/neoqi.com\/wp-content\/uploads\/2024\/09\/logoneosvg.svg","width":1,"height":1,"caption":"NEOQI"},"image":{"@id":"https:\/\/neoqi.com\/#\/schema\/logo\/image\/"},"sameAs":["https:\/\/www.facebook.com\/neoqi\/","https:\/\/www.instagram.com\/neoqi_com\/"]}]}},"_links":{"self":[{"href":"https:\/\/neoqi.com\/es\/wp-json\/wp\/v2\/product\/2025","targetHints":{"allow":["GET"]}}],"collection":[{"href":"https:\/\/neoqi.com\/es\/wp-json\/wp\/v2\/product"}],"about":[{"href":"https:\/\/neoqi.com\/es\/wp-json\/wp\/v2\/types\/product"}],"replies":[{"embeddable":true,"href":"https:\/\/neoqi.com\/es\/wp-json\/wp\/v2\/comments?post=2025"}],"wp:featuredmedia":[{"embeddable":true,"href":"https:\/\/neoqi.com\/es\/wp-json\/wp\/v2\/media\/2026"}],"wp:attachment":[{"href":"https:\/\/neoqi.com\/es\/wp-json\/wp\/v2\/media?parent=2025"}],"wp:term":[{"taxonomy":"product_brand","embeddable":true,"href":"https:\/\/neoqi.com\/es\/wp-json\/wp\/v2\/product_brand?post=2025"},{"taxonomy":"product_cat","embeddable":true,"href":"https:\/\/neoqi.com\/es\/wp-json\/wp\/v2\/product_cat?post=2025"},{"taxonomy":"product_tag","embeddable":true,"href":"https:\/\/neoqi.com\/es\/wp-json\/wp\/v2\/product_tag?post=2025"}],"curies":[{"name":"wp","href":"https:\/\/api.w.org\/{rel}","templated":true}]}}