{"id":2037,"date":"2024-09-06T01:11:17","date_gmt":"2024-09-05T22:11:17","guid":{"rendered":"http:\/\/neoqi.com\/?post_type=product&#038;p=2037"},"modified":"2024-12-03T18:34:03","modified_gmt":"2024-12-03T15:34:03","slug":"mediq","status":"publish","type":"product","link":"https:\/\/neoqi.com\/es\/producto\/mediq\/","title":{"rendered":"Mediq"},"content":{"rendered":"<p><strong>Los principales tratamientos de NeoQi\u00ae Mediq<\/strong><\/p>\n<p><strong>Tratamiento termal (vapor y\/o sauna de infrarrojos).<\/strong> Sauna de vapor. Una suave niebla caliente envuelve ligeramente el cuerpo con humedad, iniciando el proceso de desintoxicaci\u00f3n, mejorando la circulaci\u00f3n sangu\u00ednea y promoviendo la absorci\u00f3n de las vitaminas y minerales m\u00e1s valiosos en las capas superiores de la dermis.<\/p>\n<p><strong>Sauna de infrarrojos.<\/strong> Uno de los m\u00e9todos de termoterapia m\u00e1s eficaces. Las ondas de calor penetran profundamente en el cuerpo, calent\u00e1ndolo en las condiciones m\u00e1s confortables. Los rayos infrarrojos proporcionan relajaci\u00f3n muscular, ayudan a perder peso de forma eficaz y son una gran medida profil\u00e1ctica contra las enfermedades cardiovasculares y de las v\u00edas respiratorias superiores.<br \/>\nDucha Vichy. La ducha curativa Vichy est\u00e1 considerada con raz\u00f3n uno de los mejores tratamientos de hidroterapia. Una lluvia de gotas de agua golpea el cuerpo, proporcionando un masaje a las zonas problem\u00e1ticas, corrigiendo la forma del cuerpo y aliviando la tensi\u00f3n muscular. Seg\u00fan el modo de ducha Vichy elegido, es posible estimular el rejuvenecimiento, curar la celulitis y las depresiones estacionales.<\/p>\n<p><strong>Tratamiento de hidroterapia y masaje de aire en la ba\u00f1era de hidromasaje.<\/strong> Otro m\u00e9todo eficaz para aprovechar las propiedades curativas del agua. Fuertes y r\u00edgidos chorros de agua masajean sin dolor las zonas problem\u00e1ticas, devolviendo a la piel su elasticidad, suavidad y elasticidad. Miles de diminutas burbujas de aire calman la piel, apaciguan el sistema nervioso y alivian el dolor y la tensi\u00f3n muscular.<\/p>\n<p><strong>Peeling corporal completo.<\/strong> Este ritual de spa proporciona nutrici\u00f3n, hidrataci\u00f3n y mejora de la elasticidad de la piel. El uso de diferentes cosm\u00e9ticos abre a los especialistas en terapias posibilidades ilimitadas. Los extractos de mango y papaya transportar\u00e1n al cliente a los ardientes tr\u00f3picos, mientras que una mezcla de especias orientales le sumergir\u00e1 en un misterioso mundo de sue\u00f1os y fantas\u00edas.<\/p>\n<p><strong>Envoltura corporal completa con uso de mascarillas cosm\u00e9ticas.<\/strong> Un tratamiento agradable y eficaz, destinado tanto a revigorizar como a solucionar problemas est\u00e9ticos y complicaciones de salud. Unas pocas envolturas al a\u00f1o ayudar\u00e1n a prevenir la reaparici\u00f3n de la celulitis, manteniendo la piel resistente, brillante y sana.<\/p>\n<p><strong>Masaje con aceite.<\/strong> Uno de los mejores medios de relajaci\u00f3n y mejora de la salud. La cama ergon\u00f3mica y el dise\u00f1o especial de la c\u00e1psula permiten al terapeuta realizar cualquier tipo de masaje con la m\u00e1xima comodidad.<\/p>\n<p><strong>Facial durante el tratamiento corporal.<\/strong> Durante la sesi\u00f3n, el terapeuta puede realizar el tratamiento necesario para la piel del rostro. Complemente la programaci\u00f3n de c\u00e1psulas de spa con tratamientos placenteros y saludables.<\/p>\n<p><strong>Chorro de masaje manual subacu\u00e1tico.<\/strong> El hidromasaje, que utiliza un flujo dirigido de agua, ayuda a mejorar el estado de la piel, las capas musculares superficiales y los \u00f3rganos internos. El tratamiento es a la vez relajante y tonificante. Los programas combinados de la c\u00e1psula spa Harmony Mediq son un complejo fisioterap\u00e9utico integral que permite llevar a cabo un conjunto universal de tratamientos est\u00e9ticos y de mejora de la salud. La amplia gama de funciones permite componer programas individuales \u00fanicos, basados en las necesidades de los clientes.<\/p>\n<p><strong>Resumen:<\/strong><\/p>\n<p>Sauna de infrarrojos<br \/>\nSauna de vapor<br \/>\nAromaterapia<br \/>\nDucha Vichy<br \/>\nCamilla vibratoria<br \/>\nSistema de luces de colores<br \/>\nHidromasaje<br \/>\nMasaje con burbujas de aire<br \/>\nChorro manual para masaje con agua<br \/>\nEquipo de m\u00fasica (MP3)<br \/>\nVentilador de refrigeraci\u00f3n frontal<br \/>\nDucha de mano<br \/>\nSistema de limpieza con ozonizador<br \/>\n6 chorros laterales<br \/>\n8 chorros de masaje para la espalda<br \/>\n2 chorros para los pies<br \/>\n10 chorros de aire inferiores<br \/>\nR\u00e1pido llenado y vaciado de agua<\/p>","protected":false},"excerpt":{"rendered":"<p>Harmony Mediq es una c\u00e1psula multifuncional de spa de lujo. La variedad de programas convierte el capullo energ\u00e9tico en un complejo fisioterap\u00e9utico \u00fanico y vers\u00e1til. La combinaci\u00f3n de las tecnolog\u00edas cl\u00e1sicas de hidrofusi\u00f3n e hidroterapia con los m\u00e9todos de cromoterapia y aromaterapia tiene como objetivo una mejora r\u00e1pida y eficaz de la salud, la revitalizaci\u00f3n y la relajaci\u00f3n de todo el cuerpo.<\/p>\n<p>La c\u00e1psula de spa Harmony Mediq es un enfoque innovador e integral de un estilo de vida saludable. La c\u00e1psula est\u00e1 dise\u00f1ada para tratamientos de p\u00e9rdida de peso, reducci\u00f3n de la celulitis y mejora del tono de la piel, as\u00ed como para la relajaci\u00f3n profunda, la recuperaci\u00f3n de traumas f\u00edsicos y la prevenci\u00f3n de diversas enfermedades. Debido a la versatilidad de las funciones que ofrece, la c\u00e1psula spa Harmony Mediq es adecuada para salones de spa, centros deportivos, m\u00e9dicos y de rehabilitaci\u00f3n.<\/p>\n<p>Un dise\u00f1o bien pensado, una cama ergon\u00f3mica ampliada y alargada permiten al cliente tumbarse c\u00f3modamente dentro de la c\u00e1psula, garantizando el libre acceso del terapeuta a ambos lados del capullo energ\u00e9tico.<\/p>","protected":false},"featured_media":2038,"comment_status":"open","ping_status":"closed","template":"","meta":{"_acf_changed":false,"site-sidebar-layout":"default","site-content-layout":"","ast-site-content-layout":"default","site-content-style":"default","site-sidebar-style":"default","ast-global-header-display":"","ast-banner-title-visibility":"","ast-main-header-display":"","ast-hfb-above-header-display":"","ast-hfb-below-header-display":"","ast-hfb-mobile-header-display":"","site-post-title":"","ast-breadcrumbs-content":"","ast-featured-img":"","footer-sml-layout":"","ast-disable-related-posts":"","theme-transparent-header-meta":"default","adv-header-id-meta":"","stick-header-meta":"","header-above-stick-meta":"","header-main-stick-meta":"","header-below-stick-meta":"","astra-migrate-meta-layouts":"set","ast-page-background-enabled":"default","ast-page-background-meta":{"desktop":{"background-color":"var(--ast-global-color-4)","background-image":"","background-repeat":"repeat","background-position":"center center","background-size":"auto","background-attachment":"scroll","background-type":"","background-media":"","overlay-type":"","overlay-color":"","overlay-opacity":"","overlay-gradient":""},"tablet":{"background-color":"","background-image":"","background-repeat":"repeat","background-position":"center center","background-size":"auto","background-attachment":"scroll","background-type":"","background-media":"","overlay-type":"","overlay-color":"","overlay-opacity":"","overlay-gradient":""},"mobile":{"background-color":"","background-image":"","background-repeat":"repeat","background-position":"center center","background-size":"auto","background-attachment":"scroll","background-type":"","background-media":"","overlay-type":"","overlay-color":"","overlay-opacity":"","overlay-gradient":""}},"ast-content-background-meta":{"desktop":{"background-color":"var(--ast-global-color-5)","background-image":"","background-repeat":"repeat","background-position":"center center","background-size":"auto","background-attachment":"scroll","background-type":"","background-media":"","overlay-type":"","overlay-color":"","overlay-opacity":"","overlay-gradient":""},"tablet":{"background-color":"var(--ast-global-color-5)","background-image":"","background-repeat":"repeat","background-position":"center center","background-size":"auto","background-attachment":"scroll","background-type":"","background-media":"","overlay-type":"","overlay-color":"","overlay-opacity":"","overlay-gradient":""},"mobile":{"background-color":"var(--ast-global-color-5)","background-image":"","background-repeat":"repeat","background-position":"center center","background-size":"auto","background-attachment":"scroll","background-type":"","background-media":"","overlay-type":"","overlay-color":"","overlay-opacity":"","overlay-gradient":""}}},"product_brand":[],"product_cat":[81,85],"product_tag":[],"class_list":{"0":"post-2037","1":"product","2":"type-product","3":"status-publish","4":"has-post-thumbnail","6":"product_cat-energy-cocoons","7":"product_cat-medical","8":"desktop-align-left","9":"tablet-align-left","10":"mobile-align-left","12":"first","13":"instock","14":"shipping-taxable","15":"product-type-simple"},"acf":[],"yoast_head":"<!-- This site is optimized with the Yoast SEO plugin v27.3 - https:\/\/yoast.com\/product\/yoast-seo-wordpress\/ -->\n<title>Mediq - NEOQI<\/title>\n<meta name=\"robots\" content=\"index, follow, max-snippet:-1, max-image-preview:large, max-video-preview:-1\" \/>\n<link rel=\"canonical\" href=\"https:\/\/neoqi.com\/es\/producto\/mediq\/\" \/>\n<meta property=\"og:locale\" content=\"es_ES\" \/>\n<meta property=\"og:type\" content=\"article\" \/>\n<meta property=\"og:title\" content=\"Mediq - NEOQI\" \/>\n<meta property=\"og:description\" content=\"Harmony Mediq is a multifunctional luxury class spa capsule. The variety of programs turns the energy cocoon into a unique and versatile physiotherapeutic complex. The combination of classical hydrofusion and hydrotherapy technologies with chromo- and aromatherapy methods are aimed at a quick and effective health improvement, reinvigoration and full body relaxation.  The Harmony Mediq spa capsule is an innovative and all-inclusive approach to a healthy lifestyle. The capsule is designated for weight loss, cellulite reduction and skin tone enhancement treatments, as well as deep relaxation, physical trauma recovery and various disease prevention. Owing to the versatility of the provided functions, the Harmony Mediq spa capsule is suitable for spa salons, sports, medical and rehabilitation centers.  A thought-out design, an enlarged and elongated ergonomic bed allow the client to lie comfortably within the capsule, ensuring free access of the therapist to both sides of the energy cocoon.\" \/>\n<meta property=\"og:url\" content=\"https:\/\/neoqi.com\/es\/producto\/mediq\/\" \/>\n<meta property=\"og:site_name\" content=\"NEOQI\" \/>\n<meta property=\"article:publisher\" content=\"https:\/\/www.facebook.com\/neoqi\/\" \/>\n<meta property=\"article:modified_time\" content=\"2024-12-03T15:34:03+00:00\" \/>\n<meta property=\"og:image\" content=\"https:\/\/neoqi.com\/wp-content\/uploads\/2024\/09\/wellness_neoqi_Mediq_71.jpg\" \/>\n\t<meta property=\"og:image:width\" content=\"1200\" \/>\n\t<meta property=\"og:image:height\" content=\"800\" \/>\n\t<meta property=\"og:image:type\" content=\"image\/jpeg\" \/>\n<meta name=\"twitter:card\" content=\"summary_large_image\" \/>\n<meta name=\"twitter:label1\" content=\"Tiempo de lectura\" \/>\n\t<meta name=\"twitter:data1\" content=\"2 minutos\" \/>\n<script type=\"application\/ld+json\" class=\"yoast-schema-graph\">{\"@context\":\"https:\\\/\\\/schema.org\",\"@graph\":[{\"@type\":\"WebPage\",\"@id\":\"https:\\\/\\\/neoqi.com\\\/product\\\/mediq\\\/\",\"url\":\"https:\\\/\\\/neoqi.com\\\/product\\\/mediq\\\/\",\"name\":\"Mediq - NEOQI\",\"isPartOf\":{\"@id\":\"https:\\\/\\\/neoqi.com\\\/#website\"},\"primaryImageOfPage\":{\"@id\":\"https:\\\/\\\/neoqi.com\\\/product\\\/mediq\\\/#primaryimage\"},\"image\":{\"@id\":\"https:\\\/\\\/neoqi.com\\\/product\\\/mediq\\\/#primaryimage\"},\"thumbnailUrl\":\"https:\\\/\\\/neoqi.com\\\/wp-content\\\/uploads\\\/2024\\\/09\\\/wellness_neoqi_Mediq_71.jpg\",\"datePublished\":\"2024-09-05T22:11:17+00:00\",\"dateModified\":\"2024-12-03T15:34:03+00:00\",\"breadcrumb\":{\"@id\":\"https:\\\/\\\/neoqi.com\\\/product\\\/mediq\\\/#breadcrumb\"},\"inLanguage\":\"es\",\"potentialAction\":[{\"@type\":\"ReadAction\",\"target\":[\"https:\\\/\\\/neoqi.com\\\/product\\\/mediq\\\/\"]}]},{\"@type\":\"ImageObject\",\"inLanguage\":\"es\",\"@id\":\"https:\\\/\\\/neoqi.com\\\/product\\\/mediq\\\/#primaryimage\",\"url\":\"https:\\\/\\\/neoqi.com\\\/wp-content\\\/uploads\\\/2024\\\/09\\\/wellness_neoqi_Mediq_71.jpg\",\"contentUrl\":\"https:\\\/\\\/neoqi.com\\\/wp-content\\\/uploads\\\/2024\\\/09\\\/wellness_neoqi_Mediq_71.jpg\",\"width\":1200,\"height\":800},{\"@type\":\"BreadcrumbList\",\"@id\":\"https:\\\/\\\/neoqi.com\\\/product\\\/mediq\\\/#breadcrumb\",\"itemListElement\":[{\"@type\":\"ListItem\",\"position\":1,\"name\":\"Home\",\"item\":\"https:\\\/\\\/neoqi.com\\\/\"},{\"@type\":\"ListItem\",\"position\":2,\"name\":\"Catalog\",\"item\":\"https:\\\/\\\/neoqi.com\\\/it\\\/catalog\\\/\"},{\"@type\":\"ListItem\",\"position\":3,\"name\":\"Mediq\"}]},{\"@type\":\"WebSite\",\"@id\":\"https:\\\/\\\/neoqi.com\\\/#website\",\"url\":\"https:\\\/\\\/neoqi.com\\\/\",\"name\":\"NEOQI\",\"description\":\"Experience Ultimate Wellness and Relaxation with NeoQi Spa Capsule: Your Path to Rejuvenation\",\"publisher\":{\"@id\":\"https:\\\/\\\/neoqi.com\\\/#organization\"},\"potentialAction\":[{\"@type\":\"SearchAction\",\"target\":{\"@type\":\"EntryPoint\",\"urlTemplate\":\"https:\\\/\\\/neoqi.com\\\/?s={search_term_string}\"},\"query-input\":{\"@type\":\"PropertyValueSpecification\",\"valueRequired\":true,\"valueName\":\"search_term_string\"}}],\"inLanguage\":\"es\"},{\"@type\":\"Organization\",\"@id\":\"https:\\\/\\\/neoqi.com\\\/#organization\",\"name\":\"NEOQI\",\"url\":\"https:\\\/\\\/neoqi.com\\\/\",\"logo\":{\"@type\":\"ImageObject\",\"inLanguage\":\"es\",\"@id\":\"https:\\\/\\\/neoqi.com\\\/#\\\/schema\\\/logo\\\/image\\\/\",\"url\":\"https:\\\/\\\/neoqi.com\\\/wp-content\\\/uploads\\\/2024\\\/09\\\/logoneosvg.svg\",\"contentUrl\":\"https:\\\/\\\/neoqi.com\\\/wp-content\\\/uploads\\\/2024\\\/09\\\/logoneosvg.svg\",\"width\":1,\"height\":1,\"caption\":\"NEOQI\"},\"image\":{\"@id\":\"https:\\\/\\\/neoqi.com\\\/#\\\/schema\\\/logo\\\/image\\\/\"},\"sameAs\":[\"https:\\\/\\\/www.facebook.com\\\/neoqi\\\/\",\"https:\\\/\\\/www.instagram.com\\\/neoqi_com\\\/\"]}]}<\/script>\n<!-- \/ Yoast SEO plugin. -->","yoast_head_json":{"title":"Mediq - NEOQI","robots":{"index":"index","follow":"follow","max-snippet":"max-snippet:-1","max-image-preview":"max-image-preview:large","max-video-preview":"max-video-preview:-1"},"canonical":"https:\/\/neoqi.com\/es\/producto\/mediq\/","og_locale":"es_ES","og_type":"article","og_title":"Mediq - NEOQI","og_description":"Harmony Mediq is a multifunctional luxury class spa capsule. The variety of programs turns the energy cocoon into a unique and versatile physiotherapeutic complex. The combination of classical hydrofusion and hydrotherapy technologies with chromo- and aromatherapy methods are aimed at a quick and effective health improvement, reinvigoration and full body relaxation.  The Harmony Mediq spa capsule is an innovative and all-inclusive approach to a healthy lifestyle. The capsule is designated for weight loss, cellulite reduction and skin tone enhancement treatments, as well as deep relaxation, physical trauma recovery and various disease prevention. Owing to the versatility of the provided functions, the Harmony Mediq spa capsule is suitable for spa salons, sports, medical and rehabilitation centers.  A thought-out design, an enlarged and elongated ergonomic bed allow the client to lie comfortably within the capsule, ensuring free access of the therapist to both sides of the energy cocoon.","og_url":"https:\/\/neoqi.com\/es\/producto\/mediq\/","og_site_name":"NEOQI","article_publisher":"https:\/\/www.facebook.com\/neoqi\/","article_modified_time":"2024-12-03T15:34:03+00:00","og_image":[{"width":1200,"height":800,"url":"https:\/\/neoqi.com\/wp-content\/uploads\/2024\/09\/wellness_neoqi_Mediq_71.jpg","type":"image\/jpeg"}],"twitter_card":"summary_large_image","twitter_misc":{"Tiempo de lectura":"2 minutos"},"schema":{"@context":"https:\/\/schema.org","@graph":[{"@type":"WebPage","@id":"https:\/\/neoqi.com\/product\/mediq\/","url":"https:\/\/neoqi.com\/product\/mediq\/","name":"Mediq - NEOQI","isPartOf":{"@id":"https:\/\/neoqi.com\/#website"},"primaryImageOfPage":{"@id":"https:\/\/neoqi.com\/product\/mediq\/#primaryimage"},"image":{"@id":"https:\/\/neoqi.com\/product\/mediq\/#primaryimage"},"thumbnailUrl":"https:\/\/neoqi.com\/wp-content\/uploads\/2024\/09\/wellness_neoqi_Mediq_71.jpg","datePublished":"2024-09-05T22:11:17+00:00","dateModified":"2024-12-03T15:34:03+00:00","breadcrumb":{"@id":"https:\/\/neoqi.com\/product\/mediq\/#breadcrumb"},"inLanguage":"es","potentialAction":[{"@type":"ReadAction","target":["https:\/\/neoqi.com\/product\/mediq\/"]}]},{"@type":"ImageObject","inLanguage":"es","@id":"https:\/\/neoqi.com\/product\/mediq\/#primaryimage","url":"https:\/\/neoqi.com\/wp-content\/uploads\/2024\/09\/wellness_neoqi_Mediq_71.jpg","contentUrl":"https:\/\/neoqi.com\/wp-content\/uploads\/2024\/09\/wellness_neoqi_Mediq_71.jpg","width":1200,"height":800},{"@type":"BreadcrumbList","@id":"https:\/\/neoqi.com\/product\/mediq\/#breadcrumb","itemListElement":[{"@type":"ListItem","position":1,"name":"Home","item":"https:\/\/neoqi.com\/"},{"@type":"ListItem","position":2,"name":"Catalog","item":"https:\/\/neoqi.com\/it\/catalog\/"},{"@type":"ListItem","position":3,"name":"Mediq"}]},{"@type":"WebSite","@id":"https:\/\/neoqi.com\/#website","url":"https:\/\/neoqi.com\/","name":"NEOQI","description":"Experimente lo \u00faltimo en bienestar y relajaci\u00f3n con NeoQi Spa Capsule: Su camino hacia el rejuvenecimiento","publisher":{"@id":"https:\/\/neoqi.com\/#organization"},"potentialAction":[{"@type":"SearchAction","target":{"@type":"EntryPoint","urlTemplate":"https:\/\/neoqi.com\/?s={search_term_string}"},"query-input":{"@type":"PropertyValueSpecification","valueRequired":true,"valueName":"search_term_string"}}],"inLanguage":"es"},{"@type":"Organization","@id":"https:\/\/neoqi.com\/#organization","name":"NEOQI","url":"https:\/\/neoqi.com\/","logo":{"@type":"ImageObject","inLanguage":"es","@id":"https:\/\/neoqi.com\/#\/schema\/logo\/image\/","url":"https:\/\/neoqi.com\/wp-content\/uploads\/2024\/09\/logoneosvg.svg","contentUrl":"https:\/\/neoqi.com\/wp-content\/uploads\/2024\/09\/logoneosvg.svg","width":1,"height":1,"caption":"NEOQI"},"image":{"@id":"https:\/\/neoqi.com\/#\/schema\/logo\/image\/"},"sameAs":["https:\/\/www.facebook.com\/neoqi\/","https:\/\/www.instagram.com\/neoqi_com\/"]}]}},"_links":{"self":[{"href":"https:\/\/neoqi.com\/es\/wp-json\/wp\/v2\/product\/2037","targetHints":{"allow":["GET"]}}],"collection":[{"href":"https:\/\/neoqi.com\/es\/wp-json\/wp\/v2\/product"}],"about":[{"href":"https:\/\/neoqi.com\/es\/wp-json\/wp\/v2\/types\/product"}],"replies":[{"embeddable":true,"href":"https:\/\/neoqi.com\/es\/wp-json\/wp\/v2\/comments?post=2037"}],"wp:featuredmedia":[{"embeddable":true,"href":"https:\/\/neoqi.com\/es\/wp-json\/wp\/v2\/media\/2038"}],"wp:attachment":[{"href":"https:\/\/neoqi.com\/es\/wp-json\/wp\/v2\/media?parent=2037"}],"wp:term":[{"taxonomy":"product_brand","embeddable":true,"href":"https:\/\/neoqi.com\/es\/wp-json\/wp\/v2\/product_brand?post=2037"},{"taxonomy":"product_cat","embeddable":true,"href":"https:\/\/neoqi.com\/es\/wp-json\/wp\/v2\/product_cat?post=2037"},{"taxonomy":"product_tag","embeddable":true,"href":"https:\/\/neoqi.com\/es\/wp-json\/wp\/v2\/product_tag?post=2037"}],"curies":[{"name":"wp","href":"https:\/\/api.w.org\/{rel}","templated":true}]}}