{"id":2051,"date":"2024-09-06T03:17:40","date_gmt":"2024-09-06T00:17:40","guid":{"rendered":"http:\/\/neoqi.com\/?post_type=product&#038;p=2051"},"modified":"2024-12-03T18:34:21","modified_gmt":"2024-12-03T15:34:21","slug":"mediq-oxy","status":"publish","type":"product","link":"https:\/\/neoqi.com\/es\/producto\/mediq-oxy\/","title":{"rendered":"Mediq Oxy"},"content":{"rendered":"<p><strong>Los principales tratamientos en NeoQi\u00ae Mediq Oxy<\/strong><\/p>\n<p><strong>Hidrofusi\u00f3n.<\/strong> Una nueva forma de cuidar el cuerpo, basada en la acci\u00f3n simult\u00e1nea del vapor y el calor infrarrojo. Los rayos infrarrojos logran una penetraci\u00f3n m\u00e1s profunda, calentando los tejidos desde el interior, mientras que el vapor envuelve suavemente el cuerpo en una niebla h\u00fameda. Durante la sesi\u00f3n, se produce una importante activaci\u00f3n de la circulaci\u00f3n sangu\u00ednea y del proceso de lip\u00f3lisis, el cuerpo se limpia de toxinas, se alivian los dolores y espasmos musculares. La hidrofusi\u00f3n tambi\u00e9n aumenta el efecto de los compuestos cosm\u00e9ticos utilizados: las sustancias m\u00e1s preciadas y beneficiosas penetran profundamente en la piel, nutri\u00e9ndola, hidrat\u00e1ndola y regener\u00e1ndola.<\/p>\n<p><strong>Tratamiento de hidroterapia con aeromasaje.<\/strong> El masaje subacu\u00e1tico autom\u00e1tico act\u00faa sobre las zonas m\u00e1s problem\u00e1ticas del cuerpo y permite estimular simult\u00e1neamente las zonas reflejas m\u00e1s importantes. El aeromasaje relaja los m\u00fasculos, estimula la circulaci\u00f3n sangu\u00ednea y linf\u00e1tica, corrige los contornos del cuerpo, devolviendo a la piel su elasticidad, suavidad y resistencia, ayuda a deshacerse del estr\u00e9s persistente y del insomnio, as\u00ed como a aliviar el sobreesfuerzo mental.<\/p>\n<p><strong>Ducha vichy\/ducha corporal de mano.<\/strong> La ducha Vichy es un tratamiento hidroterap\u00e9utico para el cuerpo que favorece su adelgazamiento y fortalecimiento. Durante el tratamiento, todo el cuerpo recibe chorros finos de agua que proporcionan un masaje suave e intenso. La alternancia de temperaturas durante la sesi\u00f3n ayuda a tonificar la piel y los tejidos blandos de forma r\u00e1pida y eficaz. La ducha Vichy relaja profundamente el cuerpo, elimina toxinas, limpia la piel y ayuda a superar el estr\u00e9s y el cansancio diarios.<\/p>\n<p>Gracias a la funci\u00f3n de ducha de mano, el especialista en tratamientos puede aclarar los restos de compuestos cosm\u00e9ticos con comodidad dentro de la propia c\u00e1psula, lo que garantiza la completa relajaci\u00f3n e inmovilidad del cliente durante los rituales de spa que se est\u00e9n llevando a cabo.<\/p>\n<p><strong>Tratamientos para la piel y el cuerpo.<\/strong> Ofrezca a sus clientes masajes secos y h\u00famedos, peeling corporal completo, whaps y sesiones de talasoterapia con el uso de algas marinas, sal y fangos. El uso de funciones adicionales, como el vibromasaje, la aromaterapia y la cromoterapia, permite a los pacientes sentir el ambiente sano de los mejores balnearios del mundo, relajarse y recuperar fuerzas, mejorar el estado de la piel y la salud general del cuerpo.<\/p>\n<p>El masaje vibratorio de diferente intensidad activa todos los procesos fisiol\u00f3gicos del organismo, necesarios para el rejuvenecimiento, la normalizaci\u00f3n del funcionamiento del sistema nervioso y el aumento del tono muscular. El vibromasaje se puede utilizar no s\u00f3lo para relajar los m\u00fasculos, sino tambi\u00e9n para el tratamiento de enfermedades del sistema musculoesquel\u00e9tico y del sistema nervioso central, radiculitis, osteocondrosis, as\u00ed como la recuperaci\u00f3n despu\u00e9s de un trauma f\u00edsico.<\/p>\n<p><strong>Descripci\u00f3n<\/strong><\/p>\n<p>Sauna de infrarrojos<br \/>\nSauna de vapor<br \/>\nAromaterapia<br \/>\nDucha Vichy<br \/>\nCamilla vibratoria<br \/>\nSistema de luces de colores<br \/>\nMasaje con burbujas de aire<br \/>\nEquipo de m\u00fasica (MP3)<br \/>\nVentilador de refrigeraci\u00f3n frontal<br \/>\nDucha de mano<br \/>\n10 chorros de aire inferiores<br \/>\nR\u00e1pido llenado y vaciado de agua<\/p>\n<p>&nbsp;<\/p>","protected":false},"excerpt":{"rendered":"<p>La c\u00e1psula de spa Mediq Oxy es un potente complejo hidroterap\u00e9utico y fisioterap\u00e9utico que ofrece un completo espectro de saludables tratamientos de spa. La caracter\u00edstica \u00fanica de este capullo de energ\u00eda es el concentrador de ox\u00edgeno con el que est\u00e1 equipado, que impregna la piel de ox\u00edgeno durante los rituales de spa. Enriquecer el cuerpo con ox\u00edgeno tiene un efecto rejuvenecedor, normaliza la presi\u00f3n sangu\u00ednea, restablece el ritmo del sue\u00f1o y mejora el bienestar general.<\/p>\n<p>Las funciones de la c\u00e1psula de spa permiten llevar a cabo programas eficaces de p\u00e9rdida de peso, correcci\u00f3n de la silueta corporal y reducci\u00f3n de la celulitis. Se consiguen resultados garantizados mediante la realizaci\u00f3n de tratamientos destinados a mejorar el tono y la elasticidad de la piel, la relajaci\u00f3n profunda, la recuperaci\u00f3n r\u00e1pida tras un traumatismo f\u00edsico y la prevenci\u00f3n de distintas enfermedades. El capullo energ\u00e9tico crea un entorno \u00fanico que ayuda a combatir el agotamiento cr\u00f3nico y el estr\u00e9s, situando al paciente en un estado de completa armon\u00eda y felicidad absoluta. Incluso una breve sesi\u00f3n en la c\u00e1psula balnearia Mediq Oxy permite descansar plenamente y reponer fuerzas vitales.<\/p>\n<p>La c\u00e1psula de spa Mediq Oxy se ha dise\u00f1ado espec\u00edficamente para salones de spa, centros m\u00e9dicos, deportivos y de rehabilitaci\u00f3n.<\/p>","protected":false},"featured_media":2052,"comment_status":"open","ping_status":"closed","template":"","meta":{"_acf_changed":false,"site-sidebar-layout":"default","site-content-layout":"","ast-site-content-layout":"default","site-content-style":"default","site-sidebar-style":"default","ast-global-header-display":"","ast-banner-title-visibility":"","ast-main-header-display":"","ast-hfb-above-header-display":"","ast-hfb-below-header-display":"","ast-hfb-mobile-header-display":"","site-post-title":"","ast-breadcrumbs-content":"","ast-featured-img":"","footer-sml-layout":"","ast-disable-related-posts":"","theme-transparent-header-meta":"default","adv-header-id-meta":"","stick-header-meta":"","header-above-stick-meta":"","header-main-stick-meta":"","header-below-stick-meta":"","astra-migrate-meta-layouts":"set","ast-page-background-enabled":"default","ast-page-background-meta":{"desktop":{"background-color":"var(--ast-global-color-4)","background-image":"","background-repeat":"repeat","background-position":"center center","background-size":"auto","background-attachment":"scroll","background-type":"","background-media":"","overlay-type":"","overlay-color":"","overlay-opacity":"","overlay-gradient":""},"tablet":{"background-color":"","background-image":"","background-repeat":"repeat","background-position":"center center","background-size":"auto","background-attachment":"scroll","background-type":"","background-media":"","overlay-type":"","overlay-color":"","overlay-opacity":"","overlay-gradient":""},"mobile":{"background-color":"","background-image":"","background-repeat":"repeat","background-position":"center center","background-size":"auto","background-attachment":"scroll","background-type":"","background-media":"","overlay-type":"","overlay-color":"","overlay-opacity":"","overlay-gradient":""}},"ast-content-background-meta":{"desktop":{"background-color":"var(--ast-global-color-5)","background-image":"","background-repeat":"repeat","background-position":"center center","background-size":"auto","background-attachment":"scroll","background-type":"","background-media":"","overlay-type":"","overlay-color":"","overlay-opacity":"","overlay-gradient":""},"tablet":{"background-color":"var(--ast-global-color-5)","background-image":"","background-repeat":"repeat","background-position":"center center","background-size":"auto","background-attachment":"scroll","background-type":"","background-media":"","overlay-type":"","overlay-color":"","overlay-opacity":"","overlay-gradient":""},"mobile":{"background-color":"var(--ast-global-color-5)","background-image":"","background-repeat":"repeat","background-position":"center center","background-size":"auto","background-attachment":"scroll","background-type":"","background-media":"","overlay-type":"","overlay-color":"","overlay-opacity":"","overlay-gradient":""}}},"product_brand":[],"product_cat":[81,85],"product_tag":[],"class_list":{"0":"post-2051","1":"product","2":"type-product","3":"status-publish","4":"has-post-thumbnail","6":"product_cat-energy-cocoons","7":"product_cat-medical","8":"desktop-align-left","9":"tablet-align-left","10":"mobile-align-left","12":"first","13":"instock","14":"shipping-taxable","15":"product-type-simple"},"acf":[],"yoast_head":"<!-- This site is optimized with the Yoast SEO plugin v27.4 - https:\/\/yoast.com\/product\/yoast-seo-wordpress\/ -->\n<title>Mediq Oxy - NEOQI<\/title>\n<meta name=\"robots\" content=\"index, follow, max-snippet:-1, max-image-preview:large, max-video-preview:-1\" \/>\n<link rel=\"canonical\" href=\"https:\/\/neoqi.com\/es\/producto\/mediq-oxy\/\" \/>\n<meta property=\"og:locale\" content=\"es_ES\" \/>\n<meta property=\"og:type\" content=\"article\" \/>\n<meta property=\"og:title\" content=\"Mediq Oxy - NEOQI\" \/>\n<meta property=\"og:description\" content=\"The Mediq Oxy spa capsule is a powerful hydro- and physiotherapeutic complex that offers a full spectrum of wholesome spa treatments. The unique feature of this energy cocoon is the oxygen concentrator that it is equipped with, which imbues the skin with oxygen during the spa rituals. Enriching the body with oxygen has a rejuvenating effect, normalizes blood pressure, restores sleep rhythm and improve general well-being.  The spa capsule functions allow carrying out effective weight loss, body shape correction and cellulite reduction programs. Guaranteed results are achieved by carrying out treatments that are aimed at skin tone and elasticity enhancing, deep relaxation, quick recovery after physical trauma and different disease prevention. The energy cocoon creates a unique environment that helps battle chronic exhaustion and stress, putting the patient in the state of complete harmony and absolute happiness. Even a short session in the Mediq Oxy spa capsule allows fully resting and replenishing vital forces.  The Mediq Oxy spa capsule was specifically designed for spa salons, medical, sports and rehabilitation centers.\" \/>\n<meta property=\"og:url\" content=\"https:\/\/neoqi.com\/es\/producto\/mediq-oxy\/\" \/>\n<meta property=\"og:site_name\" content=\"NEOQI\" \/>\n<meta property=\"article:publisher\" content=\"https:\/\/www.facebook.com\/neoqi\/\" \/>\n<meta property=\"article:modified_time\" content=\"2024-12-03T15:34:21+00:00\" \/>\n<meta property=\"og:image\" content=\"https:\/\/neoqi.com\/wp-content\/uploads\/2024\/09\/wellness_neoqi_Mediq_71-2.jpg\" \/>\n\t<meta property=\"og:image:width\" content=\"1200\" \/>\n\t<meta property=\"og:image:height\" content=\"800\" \/>\n\t<meta property=\"og:image:type\" content=\"image\/jpeg\" \/>\n<meta name=\"twitter:card\" content=\"summary_large_image\" \/>\n<meta name=\"twitter:label1\" content=\"Tiempo de lectura\" \/>\n\t<meta name=\"twitter:data1\" content=\"2 minutos\" \/>\n<script type=\"application\/ld+json\" class=\"yoast-schema-graph\">{\"@context\":\"https:\\\/\\\/schema.org\",\"@graph\":[{\"@type\":\"WebPage\",\"@id\":\"https:\\\/\\\/neoqi.com\\\/product\\\/mediq-oxy\\\/\",\"url\":\"https:\\\/\\\/neoqi.com\\\/product\\\/mediq-oxy\\\/\",\"name\":\"Mediq Oxy - NEOQI\",\"isPartOf\":{\"@id\":\"https:\\\/\\\/neoqi.com\\\/#website\"},\"primaryImageOfPage\":{\"@id\":\"https:\\\/\\\/neoqi.com\\\/product\\\/mediq-oxy\\\/#primaryimage\"},\"image\":{\"@id\":\"https:\\\/\\\/neoqi.com\\\/product\\\/mediq-oxy\\\/#primaryimage\"},\"thumbnailUrl\":\"https:\\\/\\\/neoqi.com\\\/wp-content\\\/uploads\\\/2024\\\/09\\\/wellness_neoqi_Mediq_71-2.jpg\",\"datePublished\":\"2024-09-06T00:17:40+00:00\",\"dateModified\":\"2024-12-03T15:34:21+00:00\",\"breadcrumb\":{\"@id\":\"https:\\\/\\\/neoqi.com\\\/product\\\/mediq-oxy\\\/#breadcrumb\"},\"inLanguage\":\"es\",\"potentialAction\":[{\"@type\":\"ReadAction\",\"target\":[\"https:\\\/\\\/neoqi.com\\\/product\\\/mediq-oxy\\\/\"]}]},{\"@type\":\"ImageObject\",\"inLanguage\":\"es\",\"@id\":\"https:\\\/\\\/neoqi.com\\\/product\\\/mediq-oxy\\\/#primaryimage\",\"url\":\"https:\\\/\\\/neoqi.com\\\/wp-content\\\/uploads\\\/2024\\\/09\\\/wellness_neoqi_Mediq_71-2.jpg\",\"contentUrl\":\"https:\\\/\\\/neoqi.com\\\/wp-content\\\/uploads\\\/2024\\\/09\\\/wellness_neoqi_Mediq_71-2.jpg\",\"width\":1200,\"height\":800},{\"@type\":\"BreadcrumbList\",\"@id\":\"https:\\\/\\\/neoqi.com\\\/product\\\/mediq-oxy\\\/#breadcrumb\",\"itemListElement\":[{\"@type\":\"ListItem\",\"position\":1,\"name\":\"Home\",\"item\":\"https:\\\/\\\/neoqi.com\\\/\"},{\"@type\":\"ListItem\",\"position\":2,\"name\":\"Catalog\",\"item\":\"https:\\\/\\\/neoqi.com\\\/it\\\/catalog\\\/\"},{\"@type\":\"ListItem\",\"position\":3,\"name\":\"Mediq Oxy\"}]},{\"@type\":\"WebSite\",\"@id\":\"https:\\\/\\\/neoqi.com\\\/#website\",\"url\":\"https:\\\/\\\/neoqi.com\\\/\",\"name\":\"NEOQI\",\"description\":\"Experience Ultimate Wellness and Relaxation with NeoQi Spa Capsule: Your Path to Rejuvenation\",\"publisher\":{\"@id\":\"https:\\\/\\\/neoqi.com\\\/#organization\"},\"potentialAction\":[{\"@type\":\"SearchAction\",\"target\":{\"@type\":\"EntryPoint\",\"urlTemplate\":\"https:\\\/\\\/neoqi.com\\\/?s={search_term_string}\"},\"query-input\":{\"@type\":\"PropertyValueSpecification\",\"valueRequired\":true,\"valueName\":\"search_term_string\"}}],\"inLanguage\":\"es\"},{\"@type\":\"Organization\",\"@id\":\"https:\\\/\\\/neoqi.com\\\/#organization\",\"name\":\"NEOQI\",\"url\":\"https:\\\/\\\/neoqi.com\\\/\",\"logo\":{\"@type\":\"ImageObject\",\"inLanguage\":\"es\",\"@id\":\"https:\\\/\\\/neoqi.com\\\/#\\\/schema\\\/logo\\\/image\\\/\",\"url\":\"https:\\\/\\\/neoqi.com\\\/wp-content\\\/uploads\\\/2024\\\/09\\\/logoneosvg.svg\",\"contentUrl\":\"https:\\\/\\\/neoqi.com\\\/wp-content\\\/uploads\\\/2024\\\/09\\\/logoneosvg.svg\",\"width\":1,\"height\":1,\"caption\":\"NEOQI\"},\"image\":{\"@id\":\"https:\\\/\\\/neoqi.com\\\/#\\\/schema\\\/logo\\\/image\\\/\"},\"sameAs\":[\"https:\\\/\\\/www.facebook.com\\\/neoqi\\\/\",\"https:\\\/\\\/www.instagram.com\\\/neoqi_com\\\/\"]}]}<\/script>\n<!-- \/ Yoast SEO plugin. -->","yoast_head_json":{"title":"Mediq Oxy - NEOQI","robots":{"index":"index","follow":"follow","max-snippet":"max-snippet:-1","max-image-preview":"max-image-preview:large","max-video-preview":"max-video-preview:-1"},"canonical":"https:\/\/neoqi.com\/es\/producto\/mediq-oxy\/","og_locale":"es_ES","og_type":"article","og_title":"Mediq Oxy - NEOQI","og_description":"The Mediq Oxy spa capsule is a powerful hydro- and physiotherapeutic complex that offers a full spectrum of wholesome spa treatments. The unique feature of this energy cocoon is the oxygen concentrator that it is equipped with, which imbues the skin with oxygen during the spa rituals. Enriching the body with oxygen has a rejuvenating effect, normalizes blood pressure, restores sleep rhythm and improve general well-being.  The spa capsule functions allow carrying out effective weight loss, body shape correction and cellulite reduction programs. Guaranteed results are achieved by carrying out treatments that are aimed at skin tone and elasticity enhancing, deep relaxation, quick recovery after physical trauma and different disease prevention. The energy cocoon creates a unique environment that helps battle chronic exhaustion and stress, putting the patient in the state of complete harmony and absolute happiness. Even a short session in the Mediq Oxy spa capsule allows fully resting and replenishing vital forces.  The Mediq Oxy spa capsule was specifically designed for spa salons, medical, sports and rehabilitation centers.","og_url":"https:\/\/neoqi.com\/es\/producto\/mediq-oxy\/","og_site_name":"NEOQI","article_publisher":"https:\/\/www.facebook.com\/neoqi\/","article_modified_time":"2024-12-03T15:34:21+00:00","og_image":[{"width":1200,"height":800,"url":"https:\/\/neoqi.com\/wp-content\/uploads\/2024\/09\/wellness_neoqi_Mediq_71-2.jpg","type":"image\/jpeg"}],"twitter_card":"summary_large_image","twitter_misc":{"Tiempo de lectura":"2 minutos"},"schema":{"@context":"https:\/\/schema.org","@graph":[{"@type":"WebPage","@id":"https:\/\/neoqi.com\/product\/mediq-oxy\/","url":"https:\/\/neoqi.com\/product\/mediq-oxy\/","name":"Mediq Oxy - NEOQI","isPartOf":{"@id":"https:\/\/neoqi.com\/#website"},"primaryImageOfPage":{"@id":"https:\/\/neoqi.com\/product\/mediq-oxy\/#primaryimage"},"image":{"@id":"https:\/\/neoqi.com\/product\/mediq-oxy\/#primaryimage"},"thumbnailUrl":"https:\/\/neoqi.com\/wp-content\/uploads\/2024\/09\/wellness_neoqi_Mediq_71-2.jpg","datePublished":"2024-09-06T00:17:40+00:00","dateModified":"2024-12-03T15:34:21+00:00","breadcrumb":{"@id":"https:\/\/neoqi.com\/product\/mediq-oxy\/#breadcrumb"},"inLanguage":"es","potentialAction":[{"@type":"ReadAction","target":["https:\/\/neoqi.com\/product\/mediq-oxy\/"]}]},{"@type":"ImageObject","inLanguage":"es","@id":"https:\/\/neoqi.com\/product\/mediq-oxy\/#primaryimage","url":"https:\/\/neoqi.com\/wp-content\/uploads\/2024\/09\/wellness_neoqi_Mediq_71-2.jpg","contentUrl":"https:\/\/neoqi.com\/wp-content\/uploads\/2024\/09\/wellness_neoqi_Mediq_71-2.jpg","width":1200,"height":800},{"@type":"BreadcrumbList","@id":"https:\/\/neoqi.com\/product\/mediq-oxy\/#breadcrumb","itemListElement":[{"@type":"ListItem","position":1,"name":"Home","item":"https:\/\/neoqi.com\/"},{"@type":"ListItem","position":2,"name":"Catalog","item":"https:\/\/neoqi.com\/it\/catalog\/"},{"@type":"ListItem","position":3,"name":"Mediq Oxy"}]},{"@type":"WebSite","@id":"https:\/\/neoqi.com\/#website","url":"https:\/\/neoqi.com\/","name":"NEOQI","description":"Experimente lo \u00faltimo en bienestar y relajaci\u00f3n con NeoQi Spa Capsule: Su camino hacia el rejuvenecimiento","publisher":{"@id":"https:\/\/neoqi.com\/#organization"},"potentialAction":[{"@type":"SearchAction","target":{"@type":"EntryPoint","urlTemplate":"https:\/\/neoqi.com\/?s={search_term_string}"},"query-input":{"@type":"PropertyValueSpecification","valueRequired":true,"valueName":"search_term_string"}}],"inLanguage":"es"},{"@type":"Organization","@id":"https:\/\/neoqi.com\/#organization","name":"NEOQI","url":"https:\/\/neoqi.com\/","logo":{"@type":"ImageObject","inLanguage":"es","@id":"https:\/\/neoqi.com\/#\/schema\/logo\/image\/","url":"https:\/\/neoqi.com\/wp-content\/uploads\/2024\/09\/logoneosvg.svg","contentUrl":"https:\/\/neoqi.com\/wp-content\/uploads\/2024\/09\/logoneosvg.svg","width":1,"height":1,"caption":"NEOQI"},"image":{"@id":"https:\/\/neoqi.com\/#\/schema\/logo\/image\/"},"sameAs":["https:\/\/www.facebook.com\/neoqi\/","https:\/\/www.instagram.com\/neoqi_com\/"]}]}},"_links":{"self":[{"href":"https:\/\/neoqi.com\/es\/wp-json\/wp\/v2\/product\/2051","targetHints":{"allow":["GET"]}}],"collection":[{"href":"https:\/\/neoqi.com\/es\/wp-json\/wp\/v2\/product"}],"about":[{"href":"https:\/\/neoqi.com\/es\/wp-json\/wp\/v2\/types\/product"}],"replies":[{"embeddable":true,"href":"https:\/\/neoqi.com\/es\/wp-json\/wp\/v2\/comments?post=2051"}],"wp:featuredmedia":[{"embeddable":true,"href":"https:\/\/neoqi.com\/es\/wp-json\/wp\/v2\/media\/2052"}],"wp:attachment":[{"href":"https:\/\/neoqi.com\/es\/wp-json\/wp\/v2\/media?parent=2051"}],"wp:term":[{"taxonomy":"product_brand","embeddable":true,"href":"https:\/\/neoqi.com\/es\/wp-json\/wp\/v2\/product_brand?post=2051"},{"taxonomy":"product_cat","embeddable":true,"href":"https:\/\/neoqi.com\/es\/wp-json\/wp\/v2\/product_cat?post=2051"},{"taxonomy":"product_tag","embeddable":true,"href":"https:\/\/neoqi.com\/es\/wp-json\/wp\/v2\/product_tag?post=2051"}],"curies":[{"name":"wp","href":"https:\/\/api.w.org\/{rel}","templated":true}]}}