{"id":2065,"date":"2024-09-06T02:24:49","date_gmt":"2024-09-05T23:24:49","guid":{"rendered":"http:\/\/neoqi.com\/?post_type=product&#038;p=2065"},"modified":"2024-12-03T18:34:12","modified_gmt":"2024-12-03T15:34:12","slug":"atlantic","status":"publish","type":"product","link":"https:\/\/neoqi.com\/es\/producto\/atlantic\/","title":{"rendered":"Atlantic"},"content":{"rendered":"<p><strong>Los principales tratamientos de NeoQi\u00ae Atlantic<\/strong><\/p>\n<p><strong>Tratamiento termal (vapor y\/o sauna de infrarrojos).<\/strong> La termoterapia con ayuda del vapor y el calor infrarrojo es la encarnaci\u00f3n de las mejores tradiciones del ba\u00f1o. La sauna de vapor y los rayos infrarrojos s\u00f3lo provocan sensaciones agradables en virtud de un suave impacto en el cuerpo. La piel, los m\u00fasculos y las articulaciones se calientan profundamente, se activa la circulaci\u00f3n sangu\u00ednea y el proceso de divisi\u00f3n del tejido adiposo, seguido de una limpieza profunda de toxinas y sustancias de lastre.<\/p>\n<p><strong>Balneoterapia.<\/strong> Es un m\u00e9todo popular y eficaz para curar y rejuvenecer el cuerpo. El ba\u00f1o se llena de agua caliente con diversos aditivos: algas marinas, sal, barro, aceites esenciales. Adem\u00e1s de tener propiedades preventivas contra varias enfermedades, estos tratamientos tienen un potente efecto de belleza. La balneoterapia se utiliza para adelgazar, aliviar el estr\u00e9s, hidratar y mejorar el tono de la piel.<\/p>\n<p><strong>Ducha vichy\/ducha de mano.<\/strong> La ducha Vichy es un tratamiento corporal con agua, en el que se masajea suavemente el cuerpo con peque\u00f1os chorros de agua. El tratamiento favorece el adelgazamiento y refuerza el sistema inmunitario. La ducha Vichy tiene un efecto relajante m\u00e1ximo en el cuerpo, limpia la piel, elimina toxinas, ayuda a superar el estr\u00e9s y mejora la resistencia general.<br \/>\nExfoliaci\u00f3n del cuerpo. La exfoliaci\u00f3n es una forma de recuperaci\u00f3n y rehabilitaci\u00f3n de la piel sensible, deshidratada, fl\u00e1cida y envejecida. El tratamiento proporciona a la piel un brillo saludable, elimina los signos de fatiga y tensa el cuerpo de forma eficaz. La piel se vuelve suave, aterciopelada y flexible.<\/p>\n<p><strong>Masaje con aceite.<\/strong> Un tratamiento necesario para aliviar tensiones y dolores en los m\u00fasculos, correcci\u00f3n de la figura, as\u00ed como el restablecimiento de la armon\u00eda espiritual. Un conjunto de t\u00e9cnicas especiales en combinaci\u00f3n con una composici\u00f3n de aceites esenciales permite acelerar el metabolismo, restaurar la elasticidad y el tono de la piel, reducir el volumen del cuerpo y prevenir los procesos de almacenamiento de grasa.<br \/>\nEnvoltura corporal completa con el uso de m\u00e1scaras cosm\u00e9ticas. Las envolturas son los rituales SPA m\u00e1s populares y mimosos destinados a enriquecer la piel con vitaminas y minerales beneficiosos, la quema de la grasa corporal, la recuperaci\u00f3n, la nutrici\u00f3n y el rejuvenecimiento de la piel. Tras el tratamiento, la piel se vuelve suave, flexible e incre\u00edblemente tersa.<\/p>\n<p><strong>Descripci\u00f3n<\/strong><\/p>\n<p>Sauna de infrarrojos<br \/>\nSauna de vapor<br \/>\nAromaterapia<br \/>\nDucha Vichy<br \/>\nCamilla vibratoria<br \/>\nSistema de luces de colores<br \/>\nEquipo de m\u00fasica (MP3)<br \/>\nVentilador de refrigeraci\u00f3n frontal<br \/>\nDucha de mano<\/p>","protected":false},"excerpt":{"rendered":"<p>La SPA-c\u00e1psula Atlantic se dise\u00f1\u00f3 teniendo en cuenta todas las ventajas del modelo Mediq, y tiene como objetivo combinar funciones recreativas y est\u00e9ticas. El capullo energ\u00e9tico Atlantic posee una amplia y alargada cama ergon\u00f3mica que garantiza la comodidad del cliente dentro de la c\u00e1psula, proporcionando a los expertos libre acceso a cualquier lado de la unidad.<\/p>\n<p>Atlantic est\u00e1 equipado con todas las funciones necesarias de termo e hidroterapia: sauna de vapor e infrarrojos, as\u00ed como ducha Vichy, que ofrecen la oportunidad de llevar a cabo un complejo de los tratamientos m\u00e1s populares y eficaces en los salones SPA. La cromoterapia y la aromaterapia mejoran a\u00fan m\u00e1s la agradable experiencia dentro del capullo.<\/p>\n<p>Este sistema actualizado fue dise\u00f1ado espec\u00edficamente para lograr los mejores y m\u00e1s visibles resultados de todos los rituales SPA. Al fin y al cabo, una figura perfecta es, ante todo, un cuerpo bien cuidado.<\/p>","protected":false},"featured_media":2066,"comment_status":"open","ping_status":"closed","template":"","meta":{"_acf_changed":false,"site-sidebar-layout":"default","site-content-layout":"","ast-site-content-layout":"default","site-content-style":"default","site-sidebar-style":"default","ast-global-header-display":"","ast-banner-title-visibility":"","ast-main-header-display":"","ast-hfb-above-header-display":"","ast-hfb-below-header-display":"","ast-hfb-mobile-header-display":"","site-post-title":"","ast-breadcrumbs-content":"","ast-featured-img":"","footer-sml-layout":"","ast-disable-related-posts":"","theme-transparent-header-meta":"default","adv-header-id-meta":"","stick-header-meta":"","header-above-stick-meta":"","header-main-stick-meta":"","header-below-stick-meta":"","astra-migrate-meta-layouts":"set","ast-page-background-enabled":"default","ast-page-background-meta":{"desktop":{"background-color":"var(--ast-global-color-4)","background-image":"","background-repeat":"repeat","background-position":"center center","background-size":"auto","background-attachment":"scroll","background-type":"","background-media":"","overlay-type":"","overlay-color":"","overlay-opacity":"","overlay-gradient":""},"tablet":{"background-color":"","background-image":"","background-repeat":"repeat","background-position":"center center","background-size":"auto","background-attachment":"scroll","background-type":"","background-media":"","overlay-type":"","overlay-color":"","overlay-opacity":"","overlay-gradient":""},"mobile":{"background-color":"","background-image":"","background-repeat":"repeat","background-position":"center center","background-size":"auto","background-attachment":"scroll","background-type":"","background-media":"","overlay-type":"","overlay-color":"","overlay-opacity":"","overlay-gradient":""}},"ast-content-background-meta":{"desktop":{"background-color":"var(--ast-global-color-5)","background-image":"","background-repeat":"repeat","background-position":"center center","background-size":"auto","background-attachment":"scroll","background-type":"","background-media":"","overlay-type":"","overlay-color":"","overlay-opacity":"","overlay-gradient":""},"tablet":{"background-color":"var(--ast-global-color-5)","background-image":"","background-repeat":"repeat","background-position":"center center","background-size":"auto","background-attachment":"scroll","background-type":"","background-media":"","overlay-type":"","overlay-color":"","overlay-opacity":"","overlay-gradient":""},"mobile":{"background-color":"var(--ast-global-color-5)","background-image":"","background-repeat":"repeat","background-position":"center center","background-size":"auto","background-attachment":"scroll","background-type":"","background-media":"","overlay-type":"","overlay-color":"","overlay-opacity":"","overlay-gradient":""}}},"product_brand":[],"product_cat":[81,85],"product_tag":[],"class_list":{"0":"post-2065","1":"product","2":"type-product","3":"status-publish","4":"has-post-thumbnail","6":"product_cat-energy-cocoons","7":"product_cat-medical","8":"desktop-align-left","9":"tablet-align-left","10":"mobile-align-left","12":"first","13":"instock","14":"shipping-taxable","15":"product-type-simple"},"acf":[],"yoast_head":"<!-- This site is optimized with the Yoast SEO plugin v27.4 - https:\/\/yoast.com\/product\/yoast-seo-wordpress\/ -->\n<title>Atlantic - NEOQI<\/title>\n<meta name=\"robots\" content=\"index, follow, max-snippet:-1, max-image-preview:large, max-video-preview:-1\" \/>\n<link rel=\"canonical\" href=\"https:\/\/neoqi.com\/es\/producto\/atlantic\/\" \/>\n<meta property=\"og:locale\" content=\"es_ES\" \/>\n<meta property=\"og:type\" content=\"article\" \/>\n<meta property=\"og:title\" content=\"Atlantic - NEOQI\" \/>\n<meta property=\"og:description\" content=\"The SPA-capsule Atlantic was designed with all of the benefits of the Mediq model in mind, and is aimed at combining both recreational and aesthetic functions. The Atlantic energy cocoon possesses a wide and elongated ergonomic bed that ensures the customer\u2019s comfort within the capsule, providing experts free access to any side of the unit.  Atlantic is equipped with all of the necessary functions of thermo- and hydrotherapy: steam and infrared sauna, as well as Vichy shower, which provide an opportunity to carry out a complex of the most popular and effective treatments in SPA salons. Chromo- and aromatherapy further enhance the enjoyable experience within the cocoon.  This updated system was specifically designed to achieve the best and most visible results of all the SPA rituals. After all, a perfect figure is, above all, a body that is properly taken care of.\" \/>\n<meta property=\"og:url\" content=\"https:\/\/neoqi.com\/es\/producto\/atlantic\/\" \/>\n<meta property=\"og:site_name\" content=\"NEOQI\" \/>\n<meta property=\"article:publisher\" content=\"https:\/\/www.facebook.com\/neoqi\/\" \/>\n<meta property=\"article:modified_time\" content=\"2024-12-03T15:34:12+00:00\" \/>\n<meta property=\"og:image\" content=\"https:\/\/neoqi.com\/wp-content\/uploads\/2024\/09\/wellness_neoqi_Mediq_71-4.jpg\" \/>\n\t<meta property=\"og:image:width\" content=\"1200\" \/>\n\t<meta property=\"og:image:height\" content=\"800\" \/>\n\t<meta property=\"og:image:type\" content=\"image\/jpeg\" \/>\n<meta name=\"twitter:card\" content=\"summary_large_image\" \/>\n<meta name=\"twitter:label1\" content=\"Tiempo de lectura\" \/>\n\t<meta name=\"twitter:data1\" content=\"2 minutos\" \/>\n<script type=\"application\/ld+json\" class=\"yoast-schema-graph\">{\"@context\":\"https:\\\/\\\/schema.org\",\"@graph\":[{\"@type\":\"WebPage\",\"@id\":\"https:\\\/\\\/neoqi.com\\\/product\\\/atlantic\\\/\",\"url\":\"https:\\\/\\\/neoqi.com\\\/product\\\/atlantic\\\/\",\"name\":\"Atlantic - NEOQI\",\"isPartOf\":{\"@id\":\"https:\\\/\\\/neoqi.com\\\/#website\"},\"primaryImageOfPage\":{\"@id\":\"https:\\\/\\\/neoqi.com\\\/product\\\/atlantic\\\/#primaryimage\"},\"image\":{\"@id\":\"https:\\\/\\\/neoqi.com\\\/product\\\/atlantic\\\/#primaryimage\"},\"thumbnailUrl\":\"https:\\\/\\\/neoqi.com\\\/wp-content\\\/uploads\\\/2024\\\/09\\\/wellness_neoqi_Mediq_71-4.jpg\",\"datePublished\":\"2024-09-05T23:24:49+00:00\",\"dateModified\":\"2024-12-03T15:34:12+00:00\",\"breadcrumb\":{\"@id\":\"https:\\\/\\\/neoqi.com\\\/product\\\/atlantic\\\/#breadcrumb\"},\"inLanguage\":\"es\",\"potentialAction\":[{\"@type\":\"ReadAction\",\"target\":[\"https:\\\/\\\/neoqi.com\\\/product\\\/atlantic\\\/\"]}]},{\"@type\":\"ImageObject\",\"inLanguage\":\"es\",\"@id\":\"https:\\\/\\\/neoqi.com\\\/product\\\/atlantic\\\/#primaryimage\",\"url\":\"https:\\\/\\\/neoqi.com\\\/wp-content\\\/uploads\\\/2024\\\/09\\\/wellness_neoqi_Mediq_71-4.jpg\",\"contentUrl\":\"https:\\\/\\\/neoqi.com\\\/wp-content\\\/uploads\\\/2024\\\/09\\\/wellness_neoqi_Mediq_71-4.jpg\",\"width\":1200,\"height\":800},{\"@type\":\"BreadcrumbList\",\"@id\":\"https:\\\/\\\/neoqi.com\\\/product\\\/atlantic\\\/#breadcrumb\",\"itemListElement\":[{\"@type\":\"ListItem\",\"position\":1,\"name\":\"Home\",\"item\":\"https:\\\/\\\/neoqi.com\\\/\"},{\"@type\":\"ListItem\",\"position\":2,\"name\":\"Catalog\",\"item\":\"https:\\\/\\\/neoqi.com\\\/it\\\/catalog\\\/\"},{\"@type\":\"ListItem\",\"position\":3,\"name\":\"Atlantic\"}]},{\"@type\":\"WebSite\",\"@id\":\"https:\\\/\\\/neoqi.com\\\/#website\",\"url\":\"https:\\\/\\\/neoqi.com\\\/\",\"name\":\"NEOQI\",\"description\":\"Experience Ultimate Wellness and Relaxation with NeoQi Spa Capsule: Your Path to Rejuvenation\",\"publisher\":{\"@id\":\"https:\\\/\\\/neoqi.com\\\/#organization\"},\"potentialAction\":[{\"@type\":\"SearchAction\",\"target\":{\"@type\":\"EntryPoint\",\"urlTemplate\":\"https:\\\/\\\/neoqi.com\\\/?s={search_term_string}\"},\"query-input\":{\"@type\":\"PropertyValueSpecification\",\"valueRequired\":true,\"valueName\":\"search_term_string\"}}],\"inLanguage\":\"es\"},{\"@type\":\"Organization\",\"@id\":\"https:\\\/\\\/neoqi.com\\\/#organization\",\"name\":\"NEOQI\",\"url\":\"https:\\\/\\\/neoqi.com\\\/\",\"logo\":{\"@type\":\"ImageObject\",\"inLanguage\":\"es\",\"@id\":\"https:\\\/\\\/neoqi.com\\\/#\\\/schema\\\/logo\\\/image\\\/\",\"url\":\"https:\\\/\\\/neoqi.com\\\/wp-content\\\/uploads\\\/2024\\\/09\\\/logoneosvg.svg\",\"contentUrl\":\"https:\\\/\\\/neoqi.com\\\/wp-content\\\/uploads\\\/2024\\\/09\\\/logoneosvg.svg\",\"width\":1,\"height\":1,\"caption\":\"NEOQI\"},\"image\":{\"@id\":\"https:\\\/\\\/neoqi.com\\\/#\\\/schema\\\/logo\\\/image\\\/\"},\"sameAs\":[\"https:\\\/\\\/www.facebook.com\\\/neoqi\\\/\",\"https:\\\/\\\/www.instagram.com\\\/neoqi_com\\\/\"]}]}<\/script>\n<!-- \/ Yoast SEO plugin. -->","yoast_head_json":{"title":"Atl\u00e1ntico - NEOQI","robots":{"index":"index","follow":"follow","max-snippet":"max-snippet:-1","max-image-preview":"max-image-preview:large","max-video-preview":"max-video-preview:-1"},"canonical":"https:\/\/neoqi.com\/es\/producto\/atlantic\/","og_locale":"es_ES","og_type":"article","og_title":"Atlantic - NEOQI","og_description":"The SPA-capsule Atlantic was designed with all of the benefits of the Mediq model in mind, and is aimed at combining both recreational and aesthetic functions. The Atlantic energy cocoon possesses a wide and elongated ergonomic bed that ensures the customer\u2019s comfort within the capsule, providing experts free access to any side of the unit.  Atlantic is equipped with all of the necessary functions of thermo- and hydrotherapy: steam and infrared sauna, as well as Vichy shower, which provide an opportunity to carry out a complex of the most popular and effective treatments in SPA salons. Chromo- and aromatherapy further enhance the enjoyable experience within the cocoon.  This updated system was specifically designed to achieve the best and most visible results of all the SPA rituals. After all, a perfect figure is, above all, a body that is properly taken care of.","og_url":"https:\/\/neoqi.com\/es\/producto\/atlantic\/","og_site_name":"NEOQI","article_publisher":"https:\/\/www.facebook.com\/neoqi\/","article_modified_time":"2024-12-03T15:34:12+00:00","og_image":[{"width":1200,"height":800,"url":"https:\/\/neoqi.com\/wp-content\/uploads\/2024\/09\/wellness_neoqi_Mediq_71-4.jpg","type":"image\/jpeg"}],"twitter_card":"summary_large_image","twitter_misc":{"Tiempo de lectura":"2 minutos"},"schema":{"@context":"https:\/\/schema.org","@graph":[{"@type":"WebPage","@id":"https:\/\/neoqi.com\/product\/atlantic\/","url":"https:\/\/neoqi.com\/product\/atlantic\/","name":"Atl\u00e1ntico - NEOQI","isPartOf":{"@id":"https:\/\/neoqi.com\/#website"},"primaryImageOfPage":{"@id":"https:\/\/neoqi.com\/product\/atlantic\/#primaryimage"},"image":{"@id":"https:\/\/neoqi.com\/product\/atlantic\/#primaryimage"},"thumbnailUrl":"https:\/\/neoqi.com\/wp-content\/uploads\/2024\/09\/wellness_neoqi_Mediq_71-4.jpg","datePublished":"2024-09-05T23:24:49+00:00","dateModified":"2024-12-03T15:34:12+00:00","breadcrumb":{"@id":"https:\/\/neoqi.com\/product\/atlantic\/#breadcrumb"},"inLanguage":"es","potentialAction":[{"@type":"ReadAction","target":["https:\/\/neoqi.com\/product\/atlantic\/"]}]},{"@type":"ImageObject","inLanguage":"es","@id":"https:\/\/neoqi.com\/product\/atlantic\/#primaryimage","url":"https:\/\/neoqi.com\/wp-content\/uploads\/2024\/09\/wellness_neoqi_Mediq_71-4.jpg","contentUrl":"https:\/\/neoqi.com\/wp-content\/uploads\/2024\/09\/wellness_neoqi_Mediq_71-4.jpg","width":1200,"height":800},{"@type":"BreadcrumbList","@id":"https:\/\/neoqi.com\/product\/atlantic\/#breadcrumb","itemListElement":[{"@type":"ListItem","position":1,"name":"Home","item":"https:\/\/neoqi.com\/"},{"@type":"ListItem","position":2,"name":"Catalog","item":"https:\/\/neoqi.com\/it\/catalog\/"},{"@type":"ListItem","position":3,"name":"Atlantic"}]},{"@type":"WebSite","@id":"https:\/\/neoqi.com\/#website","url":"https:\/\/neoqi.com\/","name":"NEOQI","description":"Experimente lo \u00faltimo en bienestar y relajaci\u00f3n con NeoQi Spa Capsule: Su camino hacia el rejuvenecimiento","publisher":{"@id":"https:\/\/neoqi.com\/#organization"},"potentialAction":[{"@type":"SearchAction","target":{"@type":"EntryPoint","urlTemplate":"https:\/\/neoqi.com\/?s={search_term_string}"},"query-input":{"@type":"PropertyValueSpecification","valueRequired":true,"valueName":"search_term_string"}}],"inLanguage":"es"},{"@type":"Organization","@id":"https:\/\/neoqi.com\/#organization","name":"NEOQI","url":"https:\/\/neoqi.com\/","logo":{"@type":"ImageObject","inLanguage":"es","@id":"https:\/\/neoqi.com\/#\/schema\/logo\/image\/","url":"https:\/\/neoqi.com\/wp-content\/uploads\/2024\/09\/logoneosvg.svg","contentUrl":"https:\/\/neoqi.com\/wp-content\/uploads\/2024\/09\/logoneosvg.svg","width":1,"height":1,"caption":"NEOQI"},"image":{"@id":"https:\/\/neoqi.com\/#\/schema\/logo\/image\/"},"sameAs":["https:\/\/www.facebook.com\/neoqi\/","https:\/\/www.instagram.com\/neoqi_com\/"]}]}},"_links":{"self":[{"href":"https:\/\/neoqi.com\/es\/wp-json\/wp\/v2\/product\/2065","targetHints":{"allow":["GET"]}}],"collection":[{"href":"https:\/\/neoqi.com\/es\/wp-json\/wp\/v2\/product"}],"about":[{"href":"https:\/\/neoqi.com\/es\/wp-json\/wp\/v2\/types\/product"}],"replies":[{"embeddable":true,"href":"https:\/\/neoqi.com\/es\/wp-json\/wp\/v2\/comments?post=2065"}],"wp:featuredmedia":[{"embeddable":true,"href":"https:\/\/neoqi.com\/es\/wp-json\/wp\/v2\/media\/2066"}],"wp:attachment":[{"href":"https:\/\/neoqi.com\/es\/wp-json\/wp\/v2\/media?parent=2065"}],"wp:term":[{"taxonomy":"product_brand","embeddable":true,"href":"https:\/\/neoqi.com\/es\/wp-json\/wp\/v2\/product_brand?post=2065"},{"taxonomy":"product_cat","embeddable":true,"href":"https:\/\/neoqi.com\/es\/wp-json\/wp\/v2\/product_cat?post=2065"},{"taxonomy":"product_tag","embeddable":true,"href":"https:\/\/neoqi.com\/es\/wp-json\/wp\/v2\/product_tag?post=2065"}],"curies":[{"name":"wp","href":"https:\/\/api.w.org\/{rel}","templated":true}]}}