{"id":2075,"date":"2024-09-06T04:27:53","date_gmt":"2024-09-06T01:27:53","guid":{"rendered":"http:\/\/neoqi.com\/?post_type=product&#038;p=2075"},"modified":"2025-08-04T16:17:33","modified_gmt":"2025-08-04T13:17:33","slug":"saltarium","status":"publish","type":"product","link":"https:\/\/neoqi.com\/es\/producto\/saltarium\/","title":{"rendered":"Saltarium"},"content":{"rendered":"<div id=\"tab-description\" class=\"woocommerce-Tabs-panel woocommerce-Tabs-panel--description panel entry-content wc-tab\" role=\"tabpanel\" aria-labelledby=\"tab-title-description\">\n<p><strong>NeoQi\u00a0<\/strong><strong>Saltarium<\/strong>\u00a0<strong>Beneficios<\/strong><\/p>\n<ul>\n<li>Prevenci\u00f3n y tratamiento del resfriado com\u00fan, la gripe, las infecciones bacterianas, etc.<\/li>\n<li>Limpia las v\u00edas respiratorias de part\u00edculas contaminantes y humo de tabaco<\/li>\n<li>Reducir las alergias que afectan al o\u00eddo, la nariz, la garganta y los senos paranasales (por ejemplo, la fiebre del heno)<\/li>\n<li>Aliviar trastornos de las v\u00edas respiratorias como asma, enfermedades pulmonares obstructivas cr\u00f3nicas, neumon\u00eda, bronquitis, fibrosis qu\u00edstica; tambi\u00e9n enfermedades otorrinolaringol\u00f3gicas (rinitis, sinusitis, faringitis, laringitis).<\/li>\n<li>Activa la circulaci\u00f3n sangu\u00ednea para mejorar la piel (aplicable con acn\u00e9, neurodermatitis, psoriasis, celulitis)<\/li>\n<li>Lucha contra la fatiga, el estr\u00e9s, la depresi\u00f3n y cualquier otra afecci\u00f3n mental<\/li>\n<li>Contribuir al abandono de la adicci\u00f3n<\/li>\n<li>Fortalecer el sistema inmunitario<\/li>\n<\/ul>\n<p>Los principales tratamientos en NeoQi\u00ae Saltarium<\/p>\n<ul>\n<li>Una de las mejores maneras de mejorar la condici\u00f3n de la psoriasis, ya que activa m\u00faltiples procesos fisiol\u00f3gicos en el cuerpo. Las part\u00edculas de sal con un tama\u00f1o de 1 um a 5 micras son medios ideales para tratar enfermedades de la piel, tendr\u00e1n efectos favorables sobre el pelo y sobre la microcirculaci\u00f3n sangu\u00ednea de la piel, como resultado hace que la piel tenga buen aspecto y se sienta mejor. Las part\u00edculas de sal tambi\u00e9n matar\u00e1n bacterias y hongos y poseen propiedades antiinflamatorias. A medida que avanza el tratamiento, cesa la sensaci\u00f3n de picor en la piel y desaparecen las peque\u00f1as grietas. La haloterapia tambi\u00e9n reduce el estr\u00e9s y refuerza el sistema de defensa (inmunitario) para que la persona no sea presa f\u00e1cil de las enfermedades. La medicaci\u00f3n por lo general s\u00f3lo trae alivio temporal de la psoriasis, pero tiene efectos secundarios da\u00f1inos. La haloterapia en la Sala de Sal en Orlando es un tratamiento libre de drogas que le ofrece no s\u00f3lo un alivio inmediato, sino que tambi\u00e9n le mantendr\u00e1 libre de irritaci\u00f3n de la piel durante un per\u00edodo prolongado de tiempo. Adem\u00e1s, la haloterapia regular hace que una persona se sienta m\u00e1s relajada, mejora la calidad del sue\u00f1o y por lo tanto eleva el estado de \u00e1nimo.<\/li>\n<li>La musicoterapia. Una de las formas m\u00e1s antiguas y naturales de correcci\u00f3n de los estados emocionales. Los componentes r\u00edtmicos de la m\u00fasica ayudan a aumentar la vitalidad, contribuyen al flujo constante de energ\u00eda, alivian el dolor y la tensi\u00f3n nerviosa. Se dice que el descanso con m\u00fasica es m\u00e1s eficaz que sin ella.<\/li>\n<\/ul>\n<div id=\"tab-description\" class=\"woocommerce-Tabs-panel woocommerce-Tabs-panel--description panel entry-content wc-tab\" role=\"tabpanel\" aria-labelledby=\"tab-title-description\">\n<p><span class=\"sisutekst\"><strong>Caracter\u00edsticas:<\/strong><br \/>\n<\/span><\/p>\n<ul>\n<li>Concentraci\u00f3n de sal ajustable<\/li>\n<li>Equipo de m\u00fasica con auriculares (MP3)<\/li>\n<li>Espacio herm\u00e9tico con cierre para una persona<\/li>\n<\/ul>\n<p>Debido a su peque\u00f1o tama\u00f1o y facilidad de uso, la c\u00e1psula cabe en un \u00e1rea peque\u00f1a, convirtiendo el espacio en una sala de terapia de sal. Saltarium no requiere reconstrucci\u00f3n de la habitaci\u00f3n ni instalaci\u00f3n. La c\u00e1psula se conecta a una red el\u00e9ctrica dom\u00e9stica est\u00e1ndar de 230 V.<\/p>\n<p>El tratamiento en Saltarium se recomienda a todo aquel que quiera dar un paso m\u00e1s en el cuidado de su cuerpo. Mientras que la gente tiende a centrarse en los tratamientos dirigidos hacia el atractivo est\u00e9tico, los tratamientos en Saltarium tienen resultados en la apariencia mientras que tienen el impacto curativo y saludable en el organismo humano desde el interior.<\/p>\n<div class=\"ast-oembed-container\" style=\"height: 100%;\"><iframe title=\"Saltarium - salt capsule by NeoQi\" width=\"500\" height=\"281\" src=\"https:\/\/www.youtube.com\/embed\/WR8b3iMbmOg?feature=oembed\" frameborder=\"0\" allow=\"accelerometer; autoplay; clipboard-write; encrypted-media; gyroscope; picture-in-picture; web-share\" referrerpolicy=\"strict-origin-when-cross-origin\" allowfullscreen><\/iframe><\/div>\n<\/div>\n<\/div>","protected":false},"excerpt":{"rendered":"<p>Saltarium es una c\u00e1mara de sal compacta dise\u00f1ada para personas que aprecian la intimidad y la comodidad. Su forma ergon\u00f3mica hace c\u00f3moda la permanencia en su interior en posici\u00f3n sentada, para disfrutar plenamente de las propiedades curativas de la haloterapia. En la c\u00e1psula Saltarium se crea un ambiente especial, libre de al\u00e9rgenos y propicio para una relajaci\u00f3n profunda. Las sesiones en la c\u00e1psula de sal ayudan a recuperarse r\u00e1pidamente despu\u00e9s de un d\u00eda ajetreado, reforzando el sistema inmunitario y limpiando la piel, los bronquios y los pulmones.<\/p>\n<p>Durante una sesi\u00f3n de haloterapia, una persona respira aire saturado de aerosol salino. La haloterapia trata eficazmente los trastornos de las v\u00edas respiratorias, como el asma bronquial, la rinitis y las enfermedades de la piel, y tiene un efecto beneficioso sobre el estado psicol\u00f3gico general.  Las sesiones en la c\u00e1psula de sal Saltarium ayudan a restaurar el sistema respiratorio de quienes han dejado de fumar, fortalecen el sistema inmunol\u00f3gico de todos los miembros de la familia y ayudan a relajarse, a deshacerse de la irritabilidad y a mejorar el sue\u00f1o. Un reproductor MP3 incorporado permite escuchar su m\u00fasica favorita durante el tratamiento. Las composiciones musicales son capaces de curar, activar la funci\u00f3n cerebral, tener efectos analg\u00e9sicos y relajantes.<\/p>","protected":false},"featured_media":2076,"comment_status":"open","ping_status":"closed","template":"","meta":{"_acf_changed":false,"site-sidebar-layout":"default","site-content-layout":"","ast-site-content-layout":"default","site-content-style":"default","site-sidebar-style":"default","ast-global-header-display":"","ast-banner-title-visibility":"","ast-main-header-display":"","ast-hfb-above-header-display":"","ast-hfb-below-header-display":"","ast-hfb-mobile-header-display":"","site-post-title":"","ast-breadcrumbs-content":"","ast-featured-img":"","footer-sml-layout":"","ast-disable-related-posts":"","theme-transparent-header-meta":"default","adv-header-id-meta":"","stick-header-meta":"","header-above-stick-meta":"","header-main-stick-meta":"","header-below-stick-meta":"","astra-migrate-meta-layouts":"set","ast-page-background-enabled":"default","ast-page-background-meta":{"desktop":{"background-color":"var(--ast-global-color-4)","background-image":"","background-repeat":"repeat","background-position":"center center","background-size":"auto","background-attachment":"scroll","background-type":"","background-media":"","overlay-type":"","overlay-color":"","overlay-opacity":"","overlay-gradient":""},"tablet":{"background-color":"","background-image":"","background-repeat":"repeat","background-position":"center center","background-size":"auto","background-attachment":"scroll","background-type":"","background-media":"","overlay-type":"","overlay-color":"","overlay-opacity":"","overlay-gradient":""},"mobile":{"background-color":"","background-image":"","background-repeat":"repeat","background-position":"center center","background-size":"auto","background-attachment":"scroll","background-type":"","background-media":"","overlay-type":"","overlay-color":"","overlay-opacity":"","overlay-gradient":""}},"ast-content-background-meta":{"desktop":{"background-color":"var(--ast-global-color-5)","background-image":"","background-repeat":"repeat","background-position":"center center","background-size":"auto","background-attachment":"scroll","background-type":"","background-media":"","overlay-type":"","overlay-color":"","overlay-opacity":"","overlay-gradient":""},"tablet":{"background-color":"var(--ast-global-color-5)","background-image":"","background-repeat":"repeat","background-position":"center center","background-size":"auto","background-attachment":"scroll","background-type":"","background-media":"","overlay-type":"","overlay-color":"","overlay-opacity":"","overlay-gradient":""},"mobile":{"background-color":"var(--ast-global-color-5)","background-image":"","background-repeat":"repeat","background-position":"center center","background-size":"auto","background-attachment":"scroll","background-type":"","background-media":"","overlay-type":"","overlay-color":"","overlay-opacity":"","overlay-gradient":""}}},"product_brand":[],"product_cat":[81,85],"product_tag":[],"class_list":{"0":"post-2075","1":"product","2":"type-product","3":"status-publish","4":"has-post-thumbnail","6":"product_cat-energy-cocoons","7":"product_cat-medical","8":"desktop-align-left","9":"tablet-align-left","10":"mobile-align-left","12":"first","13":"instock","14":"shipping-taxable","15":"product-type-simple"},"acf":[],"yoast_head":"<!-- This site is optimized with the Yoast SEO plugin v27.3 - https:\/\/yoast.com\/product\/yoast-seo-wordpress\/ -->\n<title>Saltarium - NEOQI<\/title>\n<meta name=\"robots\" content=\"index, follow, max-snippet:-1, max-image-preview:large, max-video-preview:-1\" \/>\n<link rel=\"canonical\" href=\"https:\/\/neoqi.com\/es\/producto\/saltarium\/\" \/>\n<meta property=\"og:locale\" content=\"es_ES\" \/>\n<meta property=\"og:type\" content=\"article\" \/>\n<meta property=\"og:title\" content=\"Saltarium - NEOQI\" \/>\n<meta property=\"og:description\" content=\"Saltarium is a compact salt chamber designed for people who appreciate privacy and comfort. Its ergonomic shape makes it comfortable to stay inside in a sitting position, to fully enjoy the healing properties of halotherapy. In the Saltarium capsule, a special environment is created, free of allergens and conducive to deep relaxation. Sessions in the salt capsule help to quickly recover after a busy day, boosting the immune system and cleansing the skin, bronchi and lungs.  During a halotherapy session, a person breathes air that is saturated with salt aerosol. Halotherapy effectively treats airway disorders, such as bronchial asthma, rhinitis and skin diseases, has a beneficial effect on the overall psychological state.\u00a0 Sessions in the Saltarium salt capsule help to restore the respiratory system of those who have given up smoking, strengthen the immune system of all family members and help to relax, get rid of irritability and improve sleep. A Built-in MP3 player allows listening to your favorite music during the treatment. Musical compositions are able to heal, activate brain function, have analgesic and relaxing effects.\" \/>\n<meta property=\"og:url\" content=\"https:\/\/neoqi.com\/es\/producto\/saltarium\/\" \/>\n<meta property=\"og:site_name\" content=\"NEOQI\" \/>\n<meta property=\"article:publisher\" content=\"https:\/\/www.facebook.com\/neoqi\/\" \/>\n<meta property=\"article:modified_time\" content=\"2025-08-04T13:17:33+00:00\" \/>\n<meta property=\"og:image\" content=\"https:\/\/neoqi.com\/wp-content\/uploads\/2024\/09\/saltarium.png\" \/>\n\t<meta property=\"og:image:width\" content=\"1200\" \/>\n\t<meta property=\"og:image:height\" content=\"800\" \/>\n\t<meta property=\"og:image:type\" content=\"image\/png\" \/>\n<meta name=\"twitter:card\" content=\"summary_large_image\" \/>\n<meta name=\"twitter:label1\" content=\"Tiempo de lectura\" \/>\n\t<meta name=\"twitter:data1\" content=\"3 minutos\" \/>\n<script type=\"application\/ld+json\" class=\"yoast-schema-graph\">{\"@context\":\"https:\\\/\\\/schema.org\",\"@graph\":[{\"@type\":\"WebPage\",\"@id\":\"https:\\\/\\\/neoqi.com\\\/product\\\/saltarium\\\/\",\"url\":\"https:\\\/\\\/neoqi.com\\\/product\\\/saltarium\\\/\",\"name\":\"Saltarium - NEOQI\",\"isPartOf\":{\"@id\":\"https:\\\/\\\/neoqi.com\\\/#website\"},\"primaryImageOfPage\":{\"@id\":\"https:\\\/\\\/neoqi.com\\\/product\\\/saltarium\\\/#primaryimage\"},\"image\":{\"@id\":\"https:\\\/\\\/neoqi.com\\\/product\\\/saltarium\\\/#primaryimage\"},\"thumbnailUrl\":\"https:\\\/\\\/neoqi.com\\\/wp-content\\\/uploads\\\/2024\\\/09\\\/saltarium.png\",\"datePublished\":\"2024-09-06T01:27:53+00:00\",\"dateModified\":\"2025-08-04T13:17:33+00:00\",\"breadcrumb\":{\"@id\":\"https:\\\/\\\/neoqi.com\\\/product\\\/saltarium\\\/#breadcrumb\"},\"inLanguage\":\"es\",\"potentialAction\":[{\"@type\":\"ReadAction\",\"target\":[\"https:\\\/\\\/neoqi.com\\\/product\\\/saltarium\\\/\"]}]},{\"@type\":\"ImageObject\",\"inLanguage\":\"es\",\"@id\":\"https:\\\/\\\/neoqi.com\\\/product\\\/saltarium\\\/#primaryimage\",\"url\":\"https:\\\/\\\/neoqi.com\\\/wp-content\\\/uploads\\\/2024\\\/09\\\/saltarium.png\",\"contentUrl\":\"https:\\\/\\\/neoqi.com\\\/wp-content\\\/uploads\\\/2024\\\/09\\\/saltarium.png\",\"width\":1200,\"height\":800},{\"@type\":\"BreadcrumbList\",\"@id\":\"https:\\\/\\\/neoqi.com\\\/product\\\/saltarium\\\/#breadcrumb\",\"itemListElement\":[{\"@type\":\"ListItem\",\"position\":1,\"name\":\"Home\",\"item\":\"https:\\\/\\\/neoqi.com\\\/\"},{\"@type\":\"ListItem\",\"position\":2,\"name\":\"Catalog\",\"item\":\"https:\\\/\\\/neoqi.com\\\/it\\\/catalog\\\/\"},{\"@type\":\"ListItem\",\"position\":3,\"name\":\"Saltarium\"}]},{\"@type\":\"WebSite\",\"@id\":\"https:\\\/\\\/neoqi.com\\\/#website\",\"url\":\"https:\\\/\\\/neoqi.com\\\/\",\"name\":\"NEOQI\",\"description\":\"Experience Ultimate Wellness and Relaxation with NeoQi Spa Capsule: Your Path to Rejuvenation\",\"publisher\":{\"@id\":\"https:\\\/\\\/neoqi.com\\\/#organization\"},\"potentialAction\":[{\"@type\":\"SearchAction\",\"target\":{\"@type\":\"EntryPoint\",\"urlTemplate\":\"https:\\\/\\\/neoqi.com\\\/?s={search_term_string}\"},\"query-input\":{\"@type\":\"PropertyValueSpecification\",\"valueRequired\":true,\"valueName\":\"search_term_string\"}}],\"inLanguage\":\"es\"},{\"@type\":\"Organization\",\"@id\":\"https:\\\/\\\/neoqi.com\\\/#organization\",\"name\":\"NEOQI\",\"url\":\"https:\\\/\\\/neoqi.com\\\/\",\"logo\":{\"@type\":\"ImageObject\",\"inLanguage\":\"es\",\"@id\":\"https:\\\/\\\/neoqi.com\\\/#\\\/schema\\\/logo\\\/image\\\/\",\"url\":\"https:\\\/\\\/neoqi.com\\\/wp-content\\\/uploads\\\/2024\\\/09\\\/logoneosvg.svg\",\"contentUrl\":\"https:\\\/\\\/neoqi.com\\\/wp-content\\\/uploads\\\/2024\\\/09\\\/logoneosvg.svg\",\"width\":1,\"height\":1,\"caption\":\"NEOQI\"},\"image\":{\"@id\":\"https:\\\/\\\/neoqi.com\\\/#\\\/schema\\\/logo\\\/image\\\/\"},\"sameAs\":[\"https:\\\/\\\/www.facebook.com\\\/neoqi\\\/\",\"https:\\\/\\\/www.instagram.com\\\/neoqi_com\\\/\"]}]}<\/script>\n<!-- \/ Yoast SEO plugin. -->","yoast_head_json":{"title":"Saltarium - NEOQI","robots":{"index":"index","follow":"follow","max-snippet":"max-snippet:-1","max-image-preview":"max-image-preview:large","max-video-preview":"max-video-preview:-1"},"canonical":"https:\/\/neoqi.com\/es\/producto\/saltarium\/","og_locale":"es_ES","og_type":"article","og_title":"Saltarium - NEOQI","og_description":"Saltarium is a compact salt chamber designed for people who appreciate privacy and comfort. Its ergonomic shape makes it comfortable to stay inside in a sitting position, to fully enjoy the healing properties of halotherapy. In the Saltarium capsule, a special environment is created, free of allergens and conducive to deep relaxation. Sessions in the salt capsule help to quickly recover after a busy day, boosting the immune system and cleansing the skin, bronchi and lungs.  During a halotherapy session, a person breathes air that is saturated with salt aerosol. Halotherapy effectively treats airway disorders, such as bronchial asthma, rhinitis and skin diseases, has a beneficial effect on the overall psychological state.\u00a0 Sessions in the Saltarium salt capsule help to restore the respiratory system of those who have given up smoking, strengthen the immune system of all family members and help to relax, get rid of irritability and improve sleep. A Built-in MP3 player allows listening to your favorite music during the treatment. Musical compositions are able to heal, activate brain function, have analgesic and relaxing effects.","og_url":"https:\/\/neoqi.com\/es\/producto\/saltarium\/","og_site_name":"NEOQI","article_publisher":"https:\/\/www.facebook.com\/neoqi\/","article_modified_time":"2025-08-04T13:17:33+00:00","og_image":[{"width":1200,"height":800,"url":"https:\/\/neoqi.com\/wp-content\/uploads\/2024\/09\/saltarium.png","type":"image\/png"}],"twitter_card":"summary_large_image","twitter_misc":{"Tiempo de lectura":"3 minutos"},"schema":{"@context":"https:\/\/schema.org","@graph":[{"@type":"WebPage","@id":"https:\/\/neoqi.com\/product\/saltarium\/","url":"https:\/\/neoqi.com\/product\/saltarium\/","name":"Saltarium - NEOQI","isPartOf":{"@id":"https:\/\/neoqi.com\/#website"},"primaryImageOfPage":{"@id":"https:\/\/neoqi.com\/product\/saltarium\/#primaryimage"},"image":{"@id":"https:\/\/neoqi.com\/product\/saltarium\/#primaryimage"},"thumbnailUrl":"https:\/\/neoqi.com\/wp-content\/uploads\/2024\/09\/saltarium.png","datePublished":"2024-09-06T01:27:53+00:00","dateModified":"2025-08-04T13:17:33+00:00","breadcrumb":{"@id":"https:\/\/neoqi.com\/product\/saltarium\/#breadcrumb"},"inLanguage":"es","potentialAction":[{"@type":"ReadAction","target":["https:\/\/neoqi.com\/product\/saltarium\/"]}]},{"@type":"ImageObject","inLanguage":"es","@id":"https:\/\/neoqi.com\/product\/saltarium\/#primaryimage","url":"https:\/\/neoqi.com\/wp-content\/uploads\/2024\/09\/saltarium.png","contentUrl":"https:\/\/neoqi.com\/wp-content\/uploads\/2024\/09\/saltarium.png","width":1200,"height":800},{"@type":"BreadcrumbList","@id":"https:\/\/neoqi.com\/product\/saltarium\/#breadcrumb","itemListElement":[{"@type":"ListItem","position":1,"name":"Home","item":"https:\/\/neoqi.com\/"},{"@type":"ListItem","position":2,"name":"Catalog","item":"https:\/\/neoqi.com\/it\/catalog\/"},{"@type":"ListItem","position":3,"name":"Saltarium"}]},{"@type":"WebSite","@id":"https:\/\/neoqi.com\/#website","url":"https:\/\/neoqi.com\/","name":"NEOQI","description":"Experimente lo \u00faltimo en bienestar y relajaci\u00f3n con NeoQi Spa Capsule: Su camino hacia el rejuvenecimiento","publisher":{"@id":"https:\/\/neoqi.com\/#organization"},"potentialAction":[{"@type":"SearchAction","target":{"@type":"EntryPoint","urlTemplate":"https:\/\/neoqi.com\/?s={search_term_string}"},"query-input":{"@type":"PropertyValueSpecification","valueRequired":true,"valueName":"search_term_string"}}],"inLanguage":"es"},{"@type":"Organization","@id":"https:\/\/neoqi.com\/#organization","name":"NEOQI","url":"https:\/\/neoqi.com\/","logo":{"@type":"ImageObject","inLanguage":"es","@id":"https:\/\/neoqi.com\/#\/schema\/logo\/image\/","url":"https:\/\/neoqi.com\/wp-content\/uploads\/2024\/09\/logoneosvg.svg","contentUrl":"https:\/\/neoqi.com\/wp-content\/uploads\/2024\/09\/logoneosvg.svg","width":1,"height":1,"caption":"NEOQI"},"image":{"@id":"https:\/\/neoqi.com\/#\/schema\/logo\/image\/"},"sameAs":["https:\/\/www.facebook.com\/neoqi\/","https:\/\/www.instagram.com\/neoqi_com\/"]}]}},"_links":{"self":[{"href":"https:\/\/neoqi.com\/es\/wp-json\/wp\/v2\/product\/2075","targetHints":{"allow":["GET"]}}],"collection":[{"href":"https:\/\/neoqi.com\/es\/wp-json\/wp\/v2\/product"}],"about":[{"href":"https:\/\/neoqi.com\/es\/wp-json\/wp\/v2\/types\/product"}],"replies":[{"embeddable":true,"href":"https:\/\/neoqi.com\/es\/wp-json\/wp\/v2\/comments?post=2075"}],"wp:featuredmedia":[{"embeddable":true,"href":"https:\/\/neoqi.com\/es\/wp-json\/wp\/v2\/media\/2076"}],"wp:attachment":[{"href":"https:\/\/neoqi.com\/es\/wp-json\/wp\/v2\/media?parent=2075"}],"wp:term":[{"taxonomy":"product_brand","embeddable":true,"href":"https:\/\/neoqi.com\/es\/wp-json\/wp\/v2\/product_brand?post=2075"},{"taxonomy":"product_cat","embeddable":true,"href":"https:\/\/neoqi.com\/es\/wp-json\/wp\/v2\/product_cat?post=2075"},{"taxonomy":"product_tag","embeddable":true,"href":"https:\/\/neoqi.com\/es\/wp-json\/wp\/v2\/product_tag?post=2075"}],"curies":[{"name":"wp","href":"https:\/\/api.w.org\/{rel}","templated":true}]}}