{"id":2088,"date":"2024-09-06T05:31:04","date_gmt":"2024-09-06T02:31:04","guid":{"rendered":"http:\/\/neoqi.com\/?post_type=product&#038;p=2088"},"modified":"2024-12-03T18:34:42","modified_gmt":"2024-12-03T15:34:42","slug":"niagara","status":"publish","type":"product","link":"https:\/\/neoqi.com\/es\/producto\/niagara\/","title":{"rendered":"Niagara"},"content":{"rendered":"<div id=\"tab-description\" class=\"woocommerce-Tabs-panel woocommerce-Tabs-panel--description panel entry-content wc-tab\" role=\"tabpanel\" aria-labelledby=\"tab-title-description\">\n<p><strong>Los principales tratamientos en NeoQi\u00ae Niagara<\/strong><\/p>\n<ul>\n<li><strong>Burbuja de aire e hidromasaje<\/strong>\u00a0representan las funciones autom\u00e1ticas de la ba\u00f1era. El agua caliente en combinaci\u00f3n con chorros de agua o burbujas de aire relaja al m\u00e1ximo los m\u00fasculos de la cabeza a los pies. El hidromasaje alivia eficazmente los espasmos musculares, los problemas en la cintura escapular y la zona lumbar, y es una excelente medida preventiva contra muchas otras enfermedades. El masaje acu\u00e1tico es extremadamente eficaz en caso de fragilidad de los vasos sangu\u00edneos, as\u00ed como para el tratamiento y la prevenci\u00f3n de las varices de las piernas, ayuda a combatir la celulitis, fortalece los sistemas inmunol\u00f3gico y cardiovascular, llenando el cuerpo de energ\u00eda. El masaje suave con burbujas de aire relaja las tensiones nerviosas, ayudando a combatir el estr\u00e9s, la irritabilidad, el insomnio y la apat\u00eda.<\/li>\n<li><strong>Masaje manual subacu\u00e1tico<\/strong>\u00a0le permite ofrecer un masaje de tejido profundo m\u00e1s personalizado e indoloro. La manguera de masaje incorporada tiene diferentes boquillas\/cabezales y la presi\u00f3n del agua puede ajustarse seg\u00fan las necesidades y el estado del cliente. La presi\u00f3n aplicada puede observarse en el man\u00f3metro situado en las inmediaciones. La ba\u00f1era Spacious Niagara es perfecta para realizar masajes fisioterap\u00e9uticos.<\/li>\n<li><strong>Cromoterapia<\/strong>\u00a0se basa en el impacto de los colores en el estado psicoemocional de una persona. La curaci\u00f3n con ayuda de la luz y el color es una terapia eficaz que suple la falta de energ\u00eda del cuerpo humano. La cromoterapia act\u00faa r\u00e1pidamente, sumergiendo al cliente en un estado de armon\u00eda y ayud\u00e1ndole a encontrar el bienestar tanto f\u00edsico como emocional. Un tratamiento con luz complementa y potencia perfectamente los resultados de los tratamientos de hidromasaje.<\/li>\n<\/ul>\n<ul class=\"tabs wc-tabs\" role=\"tablist\">\n<li id=\"tab-title-description\" class=\"description_tab active\" role=\"tab\" aria-controls=\"tab-description\"><a href=\"https:\/\/neoqi.com\/es\/producto\/bathtubs\/niagara\/#tab-description\">Descripci\u00f3n<\/a><\/li>\n<\/ul>\n<div id=\"tab-description\" class=\"woocommerce-Tabs-panel woocommerce-Tabs-panel--description panel entry-content wc-tab\" role=\"tabpanel\" aria-labelledby=\"tab-title-description\">\n<div>\n<ul>\n<li>Sistema de masaje con agua de 3 bombas<\/li>\n<li>1 sistema de soplado de aire<\/li>\n<li>8 chorros para los pies<\/li>\n<li>6 chorros laterales<\/li>\n<li>14 chorros de masaje para la espalda<\/li>\n<li>16 toberas de fondo<\/li>\n<li>Hidromasaje<\/li>\n<li>Masaje con burbujas de aire<\/li>\n<li>Chorro manual para masaje subacu\u00e1tico<\/li>\n<li>Ducha de mano<\/li>\n<li>Sistema de luz de color (cromoterapia)<\/li>\n<li>Sistema de limpieza con ozonizador<\/li>\n<li>R\u00e1pido llenado y vaciado de agua<\/li>\n<\/ul>\n<\/div>\n<\/div>\n<\/div>","protected":false},"excerpt":{"rendered":"<p>La ba\u00f1era de hidroterapia Niagara est\u00e1 dise\u00f1ada para la realizaci\u00f3n de masajes fisioterap\u00e9uticos subacu\u00e1ticos. La ba\u00f1era dispone de todas las caracter\u00edsticas necesarias para tratar y prevenir diversos problemas de los sistemas musculoesquel\u00e9tico y cardiovascular. En la ba\u00f1era Ni\u00e1gara se pueden realizar masajes manuales o autom\u00e1ticos con chorros de agua, masajes con burbujas de aire, as\u00ed como balneoterapia cl\u00e1sica acompa\u00f1ada de cromoterapia. Las propiedades curativas del agua dulce, mineral y marina ayudan a hacer frente al estr\u00e9s, dan firmeza y elasticidad a la piel, normalizan el funcionamiento de los \u00f3rganos internos y alivian los dolores musculares.<\/p>\n<p>Niagara es la ba\u00f1era m\u00e1s grande de la producci\u00f3n NeoQi, su forma ergon\u00f3mica y el dise\u00f1o anat\u00f3mico de su interior garantizan el m\u00e1ximo confort para el cliente, tanto en posici\u00f3n sentada como tumbada. La compacidad, la fiabilidad y la facilidad de manejo del aparato proporcionan las condiciones ideales para la hidroterapia.<\/p>","protected":false},"featured_media":2089,"comment_status":"open","ping_status":"closed","template":"","meta":{"_acf_changed":false,"site-sidebar-layout":"default","site-content-layout":"","ast-site-content-layout":"default","site-content-style":"default","site-sidebar-style":"default","ast-global-header-display":"","ast-banner-title-visibility":"","ast-main-header-display":"","ast-hfb-above-header-display":"","ast-hfb-below-header-display":"","ast-hfb-mobile-header-display":"","site-post-title":"","ast-breadcrumbs-content":"","ast-featured-img":"","footer-sml-layout":"","ast-disable-related-posts":"","theme-transparent-header-meta":"default","adv-header-id-meta":"","stick-header-meta":"","header-above-stick-meta":"","header-main-stick-meta":"","header-below-stick-meta":"","astra-migrate-meta-layouts":"set","ast-page-background-enabled":"default","ast-page-background-meta":{"desktop":{"background-color":"var(--ast-global-color-4)","background-image":"","background-repeat":"repeat","background-position":"center center","background-size":"auto","background-attachment":"scroll","background-type":"","background-media":"","overlay-type":"","overlay-color":"","overlay-opacity":"","overlay-gradient":""},"tablet":{"background-color":"","background-image":"","background-repeat":"repeat","background-position":"center center","background-size":"auto","background-attachment":"scroll","background-type":"","background-media":"","overlay-type":"","overlay-color":"","overlay-opacity":"","overlay-gradient":""},"mobile":{"background-color":"","background-image":"","background-repeat":"repeat","background-position":"center center","background-size":"auto","background-attachment":"scroll","background-type":"","background-media":"","overlay-type":"","overlay-color":"","overlay-opacity":"","overlay-gradient":""}},"ast-content-background-meta":{"desktop":{"background-color":"var(--ast-global-color-5)","background-image":"","background-repeat":"repeat","background-position":"center center","background-size":"auto","background-attachment":"scroll","background-type":"","background-media":"","overlay-type":"","overlay-color":"","overlay-opacity":"","overlay-gradient":""},"tablet":{"background-color":"var(--ast-global-color-5)","background-image":"","background-repeat":"repeat","background-position":"center center","background-size":"auto","background-attachment":"scroll","background-type":"","background-media":"","overlay-type":"","overlay-color":"","overlay-opacity":"","overlay-gradient":""},"mobile":{"background-color":"var(--ast-global-color-5)","background-image":"","background-repeat":"repeat","background-position":"center center","background-size":"auto","background-attachment":"scroll","background-type":"","background-media":"","overlay-type":"","overlay-color":"","overlay-opacity":"","overlay-gradient":""}}},"product_brand":[],"product_cat":[81,85],"product_tag":[],"class_list":{"0":"post-2088","1":"product","2":"type-product","3":"status-publish","4":"has-post-thumbnail","6":"product_cat-energy-cocoons","7":"product_cat-medical","8":"desktop-align-left","9":"tablet-align-left","10":"mobile-align-left","12":"first","13":"instock","14":"shipping-taxable","15":"product-type-simple"},"acf":[],"yoast_head":"<!-- This site is optimized with the Yoast SEO plugin v27.5 - https:\/\/yoast.com\/product\/yoast-seo-wordpress\/ -->\n<title>Niagara - NEOQI<\/title>\n<meta name=\"robots\" content=\"index, follow, max-snippet:-1, max-image-preview:large, max-video-preview:-1\" \/>\n<link rel=\"canonical\" href=\"https:\/\/neoqi.com\/es\/producto\/niagara\/\" \/>\n<meta property=\"og:locale\" content=\"es_ES\" \/>\n<meta property=\"og:type\" content=\"article\" \/>\n<meta property=\"og:title\" content=\"Niagara - NEOQI\" \/>\n<meta property=\"og:description\" content=\"The Niagara hydrotherapy bath is designed for preforming physiotherapeutical underwater massage. The bath has all the necessary features for treating and preventing various problems of musculoskeletal and cardiovascular systems. In the Niagara bath, one can carry out manual or automatic massage with water jets, air bubble massage as well as classical balneotherapy accompanied by chromotherapy. The curative properties of fresh, mineral and seawater help to cope with stress, give the skin firmness and elasticity, normalize the function of the internal organs, and relieve muscle aches.  Niagara is the largest baths of NeoQi production, its ergonomic shape and anatomical design on the inside\u00a0\u00a0 ensures the maximum comfort for the customer, both in sitting and lying position. The compactness, reliability and ease of operation of the device provides\/delivers ideal conditions for hydrotherapy.\" \/>\n<meta property=\"og:url\" content=\"https:\/\/neoqi.com\/es\/producto\/niagara\/\" \/>\n<meta property=\"og:site_name\" content=\"NEOQI\" \/>\n<meta property=\"article:publisher\" content=\"https:\/\/www.facebook.com\/neoqi\/\" \/>\n<meta property=\"article:modified_time\" content=\"2024-12-03T15:34:42+00:00\" \/>\n<meta property=\"og:image\" content=\"https:\/\/neoqi.com\/wp-content\/uploads\/2024\/09\/niagara_wellness.png\" \/>\n\t<meta property=\"og:image:width\" content=\"1200\" \/>\n\t<meta property=\"og:image:height\" content=\"800\" \/>\n\t<meta property=\"og:image:type\" content=\"image\/png\" \/>\n<meta name=\"twitter:card\" content=\"summary_large_image\" \/>\n<meta name=\"twitter:label1\" content=\"Tiempo de lectura\" \/>\n\t<meta name=\"twitter:data1\" content=\"1 minuto\" \/>\n<script type=\"application\/ld+json\" class=\"yoast-schema-graph\">{\"@context\":\"https:\\\/\\\/schema.org\",\"@graph\":[{\"@type\":\"WebPage\",\"@id\":\"https:\\\/\\\/neoqi.com\\\/product\\\/niagara\\\/\",\"url\":\"https:\\\/\\\/neoqi.com\\\/product\\\/niagara\\\/\",\"name\":\"Niagara - NEOQI\",\"isPartOf\":{\"@id\":\"https:\\\/\\\/neoqi.com\\\/#website\"},\"primaryImageOfPage\":{\"@id\":\"https:\\\/\\\/neoqi.com\\\/product\\\/niagara\\\/#primaryimage\"},\"image\":{\"@id\":\"https:\\\/\\\/neoqi.com\\\/product\\\/niagara\\\/#primaryimage\"},\"thumbnailUrl\":\"https:\\\/\\\/neoqi.com\\\/wp-content\\\/uploads\\\/2024\\\/09\\\/niagara_wellness.png\",\"datePublished\":\"2024-09-06T02:31:04+00:00\",\"dateModified\":\"2024-12-03T15:34:42+00:00\",\"breadcrumb\":{\"@id\":\"https:\\\/\\\/neoqi.com\\\/product\\\/niagara\\\/#breadcrumb\"},\"inLanguage\":\"es\",\"potentialAction\":[{\"@type\":\"ReadAction\",\"target\":[\"https:\\\/\\\/neoqi.com\\\/product\\\/niagara\\\/\"]}]},{\"@type\":\"ImageObject\",\"inLanguage\":\"es\",\"@id\":\"https:\\\/\\\/neoqi.com\\\/product\\\/niagara\\\/#primaryimage\",\"url\":\"https:\\\/\\\/neoqi.com\\\/wp-content\\\/uploads\\\/2024\\\/09\\\/niagara_wellness.png\",\"contentUrl\":\"https:\\\/\\\/neoqi.com\\\/wp-content\\\/uploads\\\/2024\\\/09\\\/niagara_wellness.png\",\"width\":1200,\"height\":800},{\"@type\":\"BreadcrumbList\",\"@id\":\"https:\\\/\\\/neoqi.com\\\/product\\\/niagara\\\/#breadcrumb\",\"itemListElement\":[{\"@type\":\"ListItem\",\"position\":1,\"name\":\"Home\",\"item\":\"https:\\\/\\\/neoqi.com\\\/\"},{\"@type\":\"ListItem\",\"position\":2,\"name\":\"Catalog\",\"item\":\"https:\\\/\\\/neoqi.com\\\/it\\\/catalog\\\/\"},{\"@type\":\"ListItem\",\"position\":3,\"name\":\"Niagara\"}]},{\"@type\":\"WebSite\",\"@id\":\"https:\\\/\\\/neoqi.com\\\/#website\",\"url\":\"https:\\\/\\\/neoqi.com\\\/\",\"name\":\"NEOQI\",\"description\":\"Experience Ultimate Wellness and Relaxation with NeoQi Spa Capsule: Your Path to Rejuvenation\",\"publisher\":{\"@id\":\"https:\\\/\\\/neoqi.com\\\/#organization\"},\"potentialAction\":[{\"@type\":\"SearchAction\",\"target\":{\"@type\":\"EntryPoint\",\"urlTemplate\":\"https:\\\/\\\/neoqi.com\\\/?s={search_term_string}\"},\"query-input\":{\"@type\":\"PropertyValueSpecification\",\"valueRequired\":true,\"valueName\":\"search_term_string\"}}],\"inLanguage\":\"es\"},{\"@type\":\"Organization\",\"@id\":\"https:\\\/\\\/neoqi.com\\\/#organization\",\"name\":\"NEOQI\",\"url\":\"https:\\\/\\\/neoqi.com\\\/\",\"logo\":{\"@type\":\"ImageObject\",\"inLanguage\":\"es\",\"@id\":\"https:\\\/\\\/neoqi.com\\\/#\\\/schema\\\/logo\\\/image\\\/\",\"url\":\"https:\\\/\\\/neoqi.com\\\/wp-content\\\/uploads\\\/2024\\\/09\\\/logoneosvg.svg\",\"contentUrl\":\"https:\\\/\\\/neoqi.com\\\/wp-content\\\/uploads\\\/2024\\\/09\\\/logoneosvg.svg\",\"width\":1,\"height\":1,\"caption\":\"NEOQI\"},\"image\":{\"@id\":\"https:\\\/\\\/neoqi.com\\\/#\\\/schema\\\/logo\\\/image\\\/\"},\"sameAs\":[\"https:\\\/\\\/www.facebook.com\\\/neoqi\\\/\",\"https:\\\/\\\/www.instagram.com\\\/neoqi_com\\\/\"]}]}<\/script>\n<!-- \/ Yoast SEO plugin. -->","yoast_head_json":{"title":"Ni\u00e1gara - NEOQI","robots":{"index":"index","follow":"follow","max-snippet":"max-snippet:-1","max-image-preview":"max-image-preview:large","max-video-preview":"max-video-preview:-1"},"canonical":"https:\/\/neoqi.com\/es\/producto\/niagara\/","og_locale":"es_ES","og_type":"article","og_title":"Niagara - NEOQI","og_description":"The Niagara hydrotherapy bath is designed for preforming physiotherapeutical underwater massage. The bath has all the necessary features for treating and preventing various problems of musculoskeletal and cardiovascular systems. In the Niagara bath, one can carry out manual or automatic massage with water jets, air bubble massage as well as classical balneotherapy accompanied by chromotherapy. The curative properties of fresh, mineral and seawater help to cope with stress, give the skin firmness and elasticity, normalize the function of the internal organs, and relieve muscle aches.  Niagara is the largest baths of NeoQi production, its ergonomic shape and anatomical design on the inside\u00a0\u00a0 ensures the maximum comfort for the customer, both in sitting and lying position. The compactness, reliability and ease of operation of the device provides\/delivers ideal conditions for hydrotherapy.","og_url":"https:\/\/neoqi.com\/es\/producto\/niagara\/","og_site_name":"NEOQI","article_publisher":"https:\/\/www.facebook.com\/neoqi\/","article_modified_time":"2024-12-03T15:34:42+00:00","og_image":[{"width":1200,"height":800,"url":"https:\/\/neoqi.com\/wp-content\/uploads\/2024\/09\/niagara_wellness.png","type":"image\/png"}],"twitter_card":"summary_large_image","twitter_misc":{"Tiempo de lectura":"1 minuto"},"schema":{"@context":"https:\/\/schema.org","@graph":[{"@type":"WebPage","@id":"https:\/\/neoqi.com\/product\/niagara\/","url":"https:\/\/neoqi.com\/product\/niagara\/","name":"Ni\u00e1gara - NEOQI","isPartOf":{"@id":"https:\/\/neoqi.com\/#website"},"primaryImageOfPage":{"@id":"https:\/\/neoqi.com\/product\/niagara\/#primaryimage"},"image":{"@id":"https:\/\/neoqi.com\/product\/niagara\/#primaryimage"},"thumbnailUrl":"https:\/\/neoqi.com\/wp-content\/uploads\/2024\/09\/niagara_wellness.png","datePublished":"2024-09-06T02:31:04+00:00","dateModified":"2024-12-03T15:34:42+00:00","breadcrumb":{"@id":"https:\/\/neoqi.com\/product\/niagara\/#breadcrumb"},"inLanguage":"es","potentialAction":[{"@type":"ReadAction","target":["https:\/\/neoqi.com\/product\/niagara\/"]}]},{"@type":"ImageObject","inLanguage":"es","@id":"https:\/\/neoqi.com\/product\/niagara\/#primaryimage","url":"https:\/\/neoqi.com\/wp-content\/uploads\/2024\/09\/niagara_wellness.png","contentUrl":"https:\/\/neoqi.com\/wp-content\/uploads\/2024\/09\/niagara_wellness.png","width":1200,"height":800},{"@type":"BreadcrumbList","@id":"https:\/\/neoqi.com\/product\/niagara\/#breadcrumb","itemListElement":[{"@type":"ListItem","position":1,"name":"Home","item":"https:\/\/neoqi.com\/"},{"@type":"ListItem","position":2,"name":"Catalog","item":"https:\/\/neoqi.com\/it\/catalog\/"},{"@type":"ListItem","position":3,"name":"Niagara"}]},{"@type":"WebSite","@id":"https:\/\/neoqi.com\/#website","url":"https:\/\/neoqi.com\/","name":"NEOQI","description":"Experimente lo \u00faltimo en bienestar y relajaci\u00f3n con NeoQi Spa Capsule: Su camino hacia el rejuvenecimiento","publisher":{"@id":"https:\/\/neoqi.com\/#organization"},"potentialAction":[{"@type":"SearchAction","target":{"@type":"EntryPoint","urlTemplate":"https:\/\/neoqi.com\/?s={search_term_string}"},"query-input":{"@type":"PropertyValueSpecification","valueRequired":true,"valueName":"search_term_string"}}],"inLanguage":"es"},{"@type":"Organization","@id":"https:\/\/neoqi.com\/#organization","name":"NEOQI","url":"https:\/\/neoqi.com\/","logo":{"@type":"ImageObject","inLanguage":"es","@id":"https:\/\/neoqi.com\/#\/schema\/logo\/image\/","url":"https:\/\/neoqi.com\/wp-content\/uploads\/2024\/09\/logoneosvg.svg","contentUrl":"https:\/\/neoqi.com\/wp-content\/uploads\/2024\/09\/logoneosvg.svg","width":1,"height":1,"caption":"NEOQI"},"image":{"@id":"https:\/\/neoqi.com\/#\/schema\/logo\/image\/"},"sameAs":["https:\/\/www.facebook.com\/neoqi\/","https:\/\/www.instagram.com\/neoqi_com\/"]}]}},"_links":{"self":[{"href":"https:\/\/neoqi.com\/es\/wp-json\/wp\/v2\/product\/2088","targetHints":{"allow":["GET"]}}],"collection":[{"href":"https:\/\/neoqi.com\/es\/wp-json\/wp\/v2\/product"}],"about":[{"href":"https:\/\/neoqi.com\/es\/wp-json\/wp\/v2\/types\/product"}],"replies":[{"embeddable":true,"href":"https:\/\/neoqi.com\/es\/wp-json\/wp\/v2\/comments?post=2088"}],"wp:featuredmedia":[{"embeddable":true,"href":"https:\/\/neoqi.com\/es\/wp-json\/wp\/v2\/media\/2089"}],"wp:attachment":[{"href":"https:\/\/neoqi.com\/es\/wp-json\/wp\/v2\/media?parent=2088"}],"wp:term":[{"taxonomy":"product_brand","embeddable":true,"href":"https:\/\/neoqi.com\/es\/wp-json\/wp\/v2\/product_brand?post=2088"},{"taxonomy":"product_cat","embeddable":true,"href":"https:\/\/neoqi.com\/es\/wp-json\/wp\/v2\/product_cat?post=2088"},{"taxonomy":"product_tag","embeddable":true,"href":"https:\/\/neoqi.com\/es\/wp-json\/wp\/v2\/product_tag?post=2088"}],"curies":[{"name":"wp","href":"https:\/\/api.w.org\/{rel}","templated":true}]}}