{"id":2132,"date":"2024-09-07T04:53:06","date_gmt":"2024-09-07T01:53:06","guid":{"rendered":"http:\/\/neoqi.com\/?post_type=product&#038;p=2132"},"modified":"2024-12-03T18:38:14","modified_gmt":"2024-12-03T15:38:14","slug":"dream","status":"publish","type":"product","link":"https:\/\/neoqi.com\/es\/producto\/dream\/","title":{"rendered":"Dream"},"content":{"rendered":"<p><strong>Los principales tratamientos de NeoQi\u00ae Dream<\/strong><\/p>\n<p><strong>Tratamiento termal (vapor y\/o sauna de infrarrojos).<\/strong> El calor h\u00famedo alisa las arrugas y rejuvenece la piel, mientras que la sauna de infrarrojos proporciona un calentamiento corporal m\u00e1s profundo, acelerando el metabolismo, mejorando la circulaci\u00f3n sangu\u00ednea y reduciendo el dolor muscular. Con la aplicaci\u00f3n simult\u00e1nea de estos m\u00e9todos de termoterapia, se crea en el interior de la c\u00e1psula un ambiente \u00fanico, comparable a estar en el \u00fatero materno: el cliente se llena de una sensaci\u00f3n de confort, felicidad y armon\u00eda espiritual.<\/p>\n<p><strong>Ducha vichy\/ducha para el cuerpo.<\/strong> La ducha Vichy es necesaria para el masaje general y el alivio del estr\u00e9s. Los chorros de agua caliente proporcionan un masaje agradable e indoloro, reduciendo la aparici\u00f3n de celulitis, aliviando las tensiones musculares, fortaleciendo y restaurando el cuerpo despu\u00e9s de lesiones y estr\u00e9s. Las propiedades beneficiosas de la ducha Vichy son a\u00fan m\u00e1s destacadas cuando se combina con otros tratamientos SPA: envolturas, exfoliantes y masajes.<\/p>\n<p><strong>Exfoliaci\u00f3n del cuerpo<\/strong> - un paso necesario en todos los tratamientos de cuidado corporal, especialmente en los programas de contorno corporal y reducci\u00f3n de la celulitis. La exfoliaci\u00f3n garantiza una limpieza y un rejuvenecimiento profundos, potenciando la lip\u00f3lisis y mejorando la elasticidad de la piel.<\/p>\n<p><strong>Envolturas corporales con el uso de diversos cosm\u00e9ticos.<\/strong> Unas cuantas sesiones anuales de envolturas corporales ayudan a prevenir la reaparici\u00f3n de la celulitis, manteniendo la piel flexible, radiante y sana. Las envolturas son tambi\u00e9n un medio eficaz en la lucha contra el exceso de peso, ayudando a recuperar la forma despu\u00e9s del embarazo y a reducir la hinchaz\u00f3n. Gracias a la ducha Vichy, todas las mascarillas pueden lavarse f\u00e1cilmente directamente en la c\u00e1psula SPA.<\/p>\n<p><strong>Masaje con aceite.<\/strong> El masaje favorece la relajaci\u00f3n y el alivio del estr\u00e9s f\u00edsico y mental. Diversas gamas de masajes ayudan a corregir zonas problem\u00e1ticas, deshacerse de la celulitis muscular y el dolor en el, activar la circulaci\u00f3n sangu\u00ednea y linf\u00e1tica. Tras una sesi\u00f3n de masaje, el cliente experimentar\u00e1 la m\u00e1xima relajaci\u00f3n y tranquilidad, lo que le garantizar\u00e1 un sue\u00f1o saludable y la liberaci\u00f3n de pensamientos perturbadores.<\/p>\n<p><strong>Facial durante el tratamiento de cuidado corporal.<\/strong> Mientras el cuerpo del cliente est\u00e1 bajo el efecto beneficioso de la c\u00e1psula SPA, el terapeuta puede realizar diversas aplicaciones de cuidado facial. Exfoliaci\u00f3n, masaje, mascarilla - proporcionan un cuidado completo del cuerpo y el rostro.<\/p>\n<p><strong>Resumen<\/strong><\/p>\n<p>Sauna de infrarrojos<br \/>\nSauna de vapor<br \/>\nAromaterapia<br \/>\nDucha Vichy<br \/>\nCamilla vibratoria<br \/>\nSistema de luces de colores<br \/>\nEquipo de m\u00fasica (MP3)<br \/>\nVentilador de refrigeraci\u00f3n frontal<br \/>\nDucha de mano<\/p>","protected":false},"excerpt":{"rendered":"<p>La SPA-c\u00e1psula Dream es un dispositivo cuidadosamente dise\u00f1ado, necesario para llevar a cabo los rituales cl\u00e1sicos de SPA. Dream cuenta con las funciones m\u00e1s populares y eficaces para la correcci\u00f3n de la forma del cuerpo, la mejora de la circulaci\u00f3n sangu\u00ednea, la reducci\u00f3n de la celulitis, el alivio del estr\u00e9s y el rejuvenecimiento. Combinado con tecnolog\u00edas avanzadas de rehabilitaci\u00f3n, las opciones antes mencionadas se complementan con un efecto curativo, tiene un impacto beneficioso sobre la salud en general.<\/p>\n<p>El capullo energ\u00e9tico Dream ofrece una oportunidad \u00fanica para alejarse del ajetreo diario, relajarse y olvidarse de todos los problemas. Tras el tratamiento, el cliente experimenta una explosi\u00f3n de energ\u00eda, mejor estado de \u00e1nimo y recuperaci\u00f3n del sue\u00f1o.<\/p>\n<p>Dream cocoon se ha desarrollado espec\u00edficamente para tratamientos corporales en salones de belleza y spas de d\u00eda con espacio limitado.<\/p>","protected":false},"featured_media":2133,"comment_status":"open","ping_status":"closed","template":"","meta":{"_acf_changed":false,"site-sidebar-layout":"default","site-content-layout":"","ast-site-content-layout":"default","site-content-style":"default","site-sidebar-style":"default","ast-global-header-display":"","ast-banner-title-visibility":"","ast-main-header-display":"","ast-hfb-above-header-display":"","ast-hfb-below-header-display":"","ast-hfb-mobile-header-display":"","site-post-title":"","ast-breadcrumbs-content":"","ast-featured-img":"","footer-sml-layout":"","ast-disable-related-posts":"","theme-transparent-header-meta":"default","adv-header-id-meta":"","stick-header-meta":"","header-above-stick-meta":"","header-main-stick-meta":"","header-below-stick-meta":"","astra-migrate-meta-layouts":"set","ast-page-background-enabled":"default","ast-page-background-meta":{"desktop":{"background-color":"var(--ast-global-color-4)","background-image":"","background-repeat":"repeat","background-position":"center center","background-size":"auto","background-attachment":"scroll","background-type":"","background-media":"","overlay-type":"","overlay-color":"","overlay-opacity":"","overlay-gradient":""},"tablet":{"background-color":"","background-image":"","background-repeat":"repeat","background-position":"center center","background-size":"auto","background-attachment":"scroll","background-type":"","background-media":"","overlay-type":"","overlay-color":"","overlay-opacity":"","overlay-gradient":""},"mobile":{"background-color":"","background-image":"","background-repeat":"repeat","background-position":"center center","background-size":"auto","background-attachment":"scroll","background-type":"","background-media":"","overlay-type":"","overlay-color":"","overlay-opacity":"","overlay-gradient":""}},"ast-content-background-meta":{"desktop":{"background-color":"var(--ast-global-color-5)","background-image":"","background-repeat":"repeat","background-position":"center center","background-size":"auto","background-attachment":"scroll","background-type":"","background-media":"","overlay-type":"","overlay-color":"","overlay-opacity":"","overlay-gradient":""},"tablet":{"background-color":"var(--ast-global-color-5)","background-image":"","background-repeat":"repeat","background-position":"center center","background-size":"auto","background-attachment":"scroll","background-type":"","background-media":"","overlay-type":"","overlay-color":"","overlay-opacity":"","overlay-gradient":""},"mobile":{"background-color":"var(--ast-global-color-5)","background-image":"","background-repeat":"repeat","background-position":"center center","background-size":"auto","background-attachment":"scroll","background-type":"","background-media":"","overlay-type":"","overlay-color":"","overlay-opacity":"","overlay-gradient":""}}},"product_brand":[],"product_cat":[81,82],"product_tag":[],"class_list":{"0":"post-2132","1":"product","2":"type-product","3":"status-publish","4":"has-post-thumbnail","6":"product_cat-energy-cocoons","7":"product_cat-esthetical","8":"desktop-align-left","9":"tablet-align-left","10":"mobile-align-left","12":"first","13":"instock","14":"shipping-taxable","15":"product-type-simple"},"acf":[],"yoast_head":"<!-- This site is optimized with the Yoast SEO plugin v27.4 - https:\/\/yoast.com\/product\/yoast-seo-wordpress\/ -->\n<title>Dream - NEOQI<\/title>\n<meta name=\"robots\" content=\"index, follow, max-snippet:-1, max-image-preview:large, max-video-preview:-1\" \/>\n<link rel=\"canonical\" href=\"https:\/\/neoqi.com\/es\/prodotto\/dream\/\" \/>\n<meta property=\"og:locale\" content=\"es_ES\" \/>\n<meta property=\"og:type\" content=\"article\" \/>\n<meta property=\"og:title\" content=\"Dream - NEOQI\" \/>\n<meta property=\"og:description\" content=\"The SPA-capsule Dream is a carefully designed device, necessary for carrying out classical SPA rituals. Dream features the most popular and effective functions for body shape correction, improving blood circulation, cellulite reduction, stress relief and rejuvenation. Combined with advanced rehabilitation technologies, the above-mentioned options are supplemented with a healing effect, has beneficial impact on overall health.  The Dream energy cocoon provides a unique opportunity to get away from daily bustle, relax and forget about all the problems. After the treatment, the customer experience a burst of energy, better mood and sleep recovery.  Dream cocoon was specifically developed for body care treatments in beauty salons and day spas with limited room.\" \/>\n<meta property=\"og:url\" content=\"https:\/\/neoqi.com\/es\/prodotto\/dream\/\" \/>\n<meta property=\"og:site_name\" content=\"NEOQI\" \/>\n<meta property=\"article:publisher\" content=\"https:\/\/www.facebook.com\/neoqi\/\" \/>\n<meta property=\"article:modified_time\" content=\"2024-12-03T15:38:14+00:00\" \/>\n<meta property=\"og:image\" content=\"https:\/\/neoqi.com\/wp-content\/uploads\/2024\/09\/dream.png\" \/>\n\t<meta property=\"og:image:width\" content=\"1200\" \/>\n\t<meta property=\"og:image:height\" content=\"800\" \/>\n\t<meta property=\"og:image:type\" content=\"image\/png\" \/>\n<meta name=\"twitter:card\" content=\"summary_large_image\" \/>\n<meta name=\"twitter:label1\" content=\"Tiempo de lectura\" \/>\n\t<meta name=\"twitter:data1\" content=\"2 minutos\" \/>\n<script type=\"application\/ld+json\" class=\"yoast-schema-graph\">{\"@context\":\"https:\\\/\\\/schema.org\",\"@graph\":[{\"@type\":\"WebPage\",\"@id\":\"https:\\\/\\\/neoqi.com\\\/it\\\/prodotto\\\/dream\\\/\",\"url\":\"https:\\\/\\\/neoqi.com\\\/it\\\/prodotto\\\/dream\\\/\",\"name\":\"Dream - NEOQI\",\"isPartOf\":{\"@id\":\"https:\\\/\\\/neoqi.com\\\/#website\"},\"primaryImageOfPage\":{\"@id\":\"https:\\\/\\\/neoqi.com\\\/it\\\/prodotto\\\/dream\\\/#primaryimage\"},\"image\":{\"@id\":\"https:\\\/\\\/neoqi.com\\\/it\\\/prodotto\\\/dream\\\/#primaryimage\"},\"thumbnailUrl\":\"https:\\\/\\\/neoqi.com\\\/wp-content\\\/uploads\\\/2024\\\/09\\\/dream.png\",\"datePublished\":\"2024-09-07T01:53:06+00:00\",\"dateModified\":\"2024-12-03T15:38:14+00:00\",\"breadcrumb\":{\"@id\":\"https:\\\/\\\/neoqi.com\\\/it\\\/prodotto\\\/dream\\\/#breadcrumb\"},\"inLanguage\":\"es\",\"potentialAction\":[{\"@type\":\"ReadAction\",\"target\":[\"https:\\\/\\\/neoqi.com\\\/it\\\/prodotto\\\/dream\\\/\"]}]},{\"@type\":\"ImageObject\",\"inLanguage\":\"es\",\"@id\":\"https:\\\/\\\/neoqi.com\\\/it\\\/prodotto\\\/dream\\\/#primaryimage\",\"url\":\"https:\\\/\\\/neoqi.com\\\/wp-content\\\/uploads\\\/2024\\\/09\\\/dream.png\",\"contentUrl\":\"https:\\\/\\\/neoqi.com\\\/wp-content\\\/uploads\\\/2024\\\/09\\\/dream.png\",\"width\":1200,\"height\":800},{\"@type\":\"BreadcrumbList\",\"@id\":\"https:\\\/\\\/neoqi.com\\\/it\\\/prodotto\\\/dream\\\/#breadcrumb\",\"itemListElement\":[{\"@type\":\"ListItem\",\"position\":1,\"name\":\"Home\",\"item\":\"https:\\\/\\\/neoqi.com\\\/\"},{\"@type\":\"ListItem\",\"position\":2,\"name\":\"Catalog\",\"item\":\"https:\\\/\\\/neoqi.com\\\/it\\\/catalog\\\/\"},{\"@type\":\"ListItem\",\"position\":3,\"name\":\"Dream\"}]},{\"@type\":\"WebSite\",\"@id\":\"https:\\\/\\\/neoqi.com\\\/#website\",\"url\":\"https:\\\/\\\/neoqi.com\\\/\",\"name\":\"NEOQI\",\"description\":\"Experience Ultimate Wellness and Relaxation with NeoQi Spa Capsule: Your Path to Rejuvenation\",\"publisher\":{\"@id\":\"https:\\\/\\\/neoqi.com\\\/#organization\"},\"potentialAction\":[{\"@type\":\"SearchAction\",\"target\":{\"@type\":\"EntryPoint\",\"urlTemplate\":\"https:\\\/\\\/neoqi.com\\\/?s={search_term_string}\"},\"query-input\":{\"@type\":\"PropertyValueSpecification\",\"valueRequired\":true,\"valueName\":\"search_term_string\"}}],\"inLanguage\":\"es\"},{\"@type\":\"Organization\",\"@id\":\"https:\\\/\\\/neoqi.com\\\/#organization\",\"name\":\"NEOQI\",\"url\":\"https:\\\/\\\/neoqi.com\\\/\",\"logo\":{\"@type\":\"ImageObject\",\"inLanguage\":\"es\",\"@id\":\"https:\\\/\\\/neoqi.com\\\/#\\\/schema\\\/logo\\\/image\\\/\",\"url\":\"https:\\\/\\\/neoqi.com\\\/wp-content\\\/uploads\\\/2024\\\/09\\\/logoneosvg.svg\",\"contentUrl\":\"https:\\\/\\\/neoqi.com\\\/wp-content\\\/uploads\\\/2024\\\/09\\\/logoneosvg.svg\",\"width\":1,\"height\":1,\"caption\":\"NEOQI\"},\"image\":{\"@id\":\"https:\\\/\\\/neoqi.com\\\/#\\\/schema\\\/logo\\\/image\\\/\"},\"sameAs\":[\"https:\\\/\\\/www.facebook.com\\\/neoqi\\\/\",\"https:\\\/\\\/www.instagram.com\\\/neoqi_com\\\/\"]}]}<\/script>\n<!-- \/ Yoast SEO plugin. -->","yoast_head_json":{"title":"Sue\u00f1o - NEOQI","robots":{"index":"index","follow":"follow","max-snippet":"max-snippet:-1","max-image-preview":"max-image-preview:large","max-video-preview":"max-video-preview:-1"},"canonical":"https:\/\/neoqi.com\/es\/prodotto\/dream\/","og_locale":"es_ES","og_type":"article","og_title":"Dream - NEOQI","og_description":"The SPA-capsule Dream is a carefully designed device, necessary for carrying out classical SPA rituals. Dream features the most popular and effective functions for body shape correction, improving blood circulation, cellulite reduction, stress relief and rejuvenation. Combined with advanced rehabilitation technologies, the above-mentioned options are supplemented with a healing effect, has beneficial impact on overall health.  The Dream energy cocoon provides a unique opportunity to get away from daily bustle, relax and forget about all the problems. After the treatment, the customer experience a burst of energy, better mood and sleep recovery.  Dream cocoon was specifically developed for body care treatments in beauty salons and day spas with limited room.","og_url":"https:\/\/neoqi.com\/es\/prodotto\/dream\/","og_site_name":"NEOQI","article_publisher":"https:\/\/www.facebook.com\/neoqi\/","article_modified_time":"2024-12-03T15:38:14+00:00","og_image":[{"width":1200,"height":800,"url":"https:\/\/neoqi.com\/wp-content\/uploads\/2024\/09\/dream.png","type":"image\/png"}],"twitter_card":"summary_large_image","twitter_misc":{"Tiempo de lectura":"2 minutos"},"schema":{"@context":"https:\/\/schema.org","@graph":[{"@type":"WebPage","@id":"https:\/\/neoqi.com\/it\/prodotto\/dream\/","url":"https:\/\/neoqi.com\/it\/prodotto\/dream\/","name":"Sue\u00f1o - NEOQI","isPartOf":{"@id":"https:\/\/neoqi.com\/#website"},"primaryImageOfPage":{"@id":"https:\/\/neoqi.com\/it\/prodotto\/dream\/#primaryimage"},"image":{"@id":"https:\/\/neoqi.com\/it\/prodotto\/dream\/#primaryimage"},"thumbnailUrl":"https:\/\/neoqi.com\/wp-content\/uploads\/2024\/09\/dream.png","datePublished":"2024-09-07T01:53:06+00:00","dateModified":"2024-12-03T15:38:14+00:00","breadcrumb":{"@id":"https:\/\/neoqi.com\/it\/prodotto\/dream\/#breadcrumb"},"inLanguage":"es","potentialAction":[{"@type":"ReadAction","target":["https:\/\/neoqi.com\/it\/prodotto\/dream\/"]}]},{"@type":"ImageObject","inLanguage":"es","@id":"https:\/\/neoqi.com\/it\/prodotto\/dream\/#primaryimage","url":"https:\/\/neoqi.com\/wp-content\/uploads\/2024\/09\/dream.png","contentUrl":"https:\/\/neoqi.com\/wp-content\/uploads\/2024\/09\/dream.png","width":1200,"height":800},{"@type":"BreadcrumbList","@id":"https:\/\/neoqi.com\/it\/prodotto\/dream\/#breadcrumb","itemListElement":[{"@type":"ListItem","position":1,"name":"Home","item":"https:\/\/neoqi.com\/"},{"@type":"ListItem","position":2,"name":"Catalog","item":"https:\/\/neoqi.com\/it\/catalog\/"},{"@type":"ListItem","position":3,"name":"Dream"}]},{"@type":"WebSite","@id":"https:\/\/neoqi.com\/#website","url":"https:\/\/neoqi.com\/","name":"NEOQI","description":"Experimente lo \u00faltimo en bienestar y relajaci\u00f3n con NeoQi Spa Capsule: Su camino hacia el rejuvenecimiento","publisher":{"@id":"https:\/\/neoqi.com\/#organization"},"potentialAction":[{"@type":"SearchAction","target":{"@type":"EntryPoint","urlTemplate":"https:\/\/neoqi.com\/?s={search_term_string}"},"query-input":{"@type":"PropertyValueSpecification","valueRequired":true,"valueName":"search_term_string"}}],"inLanguage":"es"},{"@type":"Organization","@id":"https:\/\/neoqi.com\/#organization","name":"NEOQI","url":"https:\/\/neoqi.com\/","logo":{"@type":"ImageObject","inLanguage":"es","@id":"https:\/\/neoqi.com\/#\/schema\/logo\/image\/","url":"https:\/\/neoqi.com\/wp-content\/uploads\/2024\/09\/logoneosvg.svg","contentUrl":"https:\/\/neoqi.com\/wp-content\/uploads\/2024\/09\/logoneosvg.svg","width":1,"height":1,"caption":"NEOQI"},"image":{"@id":"https:\/\/neoqi.com\/#\/schema\/logo\/image\/"},"sameAs":["https:\/\/www.facebook.com\/neoqi\/","https:\/\/www.instagram.com\/neoqi_com\/"]}]}},"_links":{"self":[{"href":"https:\/\/neoqi.com\/es\/wp-json\/wp\/v2\/product\/2132","targetHints":{"allow":["GET"]}}],"collection":[{"href":"https:\/\/neoqi.com\/es\/wp-json\/wp\/v2\/product"}],"about":[{"href":"https:\/\/neoqi.com\/es\/wp-json\/wp\/v2\/types\/product"}],"replies":[{"embeddable":true,"href":"https:\/\/neoqi.com\/es\/wp-json\/wp\/v2\/comments?post=2132"}],"wp:featuredmedia":[{"embeddable":true,"href":"https:\/\/neoqi.com\/es\/wp-json\/wp\/v2\/media\/2133"}],"wp:attachment":[{"href":"https:\/\/neoqi.com\/es\/wp-json\/wp\/v2\/media?parent=2132"}],"wp:term":[{"taxonomy":"product_brand","embeddable":true,"href":"https:\/\/neoqi.com\/es\/wp-json\/wp\/v2\/product_brand?post=2132"},{"taxonomy":"product_cat","embeddable":true,"href":"https:\/\/neoqi.com\/es\/wp-json\/wp\/v2\/product_cat?post=2132"},{"taxonomy":"product_tag","embeddable":true,"href":"https:\/\/neoqi.com\/es\/wp-json\/wp\/v2\/product_tag?post=2132"}],"curies":[{"name":"wp","href":"https:\/\/api.w.org\/{rel}","templated":true}]}}