{"id":2170,"date":"2024-09-07T05:01:35","date_gmt":"2024-09-07T02:01:35","guid":{"rendered":"http:\/\/neoqi.com\/?post_type=product&#038;p=2170"},"modified":"2024-12-03T18:38:26","modified_gmt":"2024-12-03T15:38:26","slug":"bodybase","status":"publish","type":"product","link":"https:\/\/neoqi.com\/es\/producto\/bodybase\/","title":{"rendered":"Bodybase"},"content":{"rendered":"<p><strong>Los principales tratamientos en NeoQi\u00ae Bodybase:<\/strong><\/p>\n<p>Masaje h\u00famedo. El masaje es una modalidad preventiva, cosm\u00e9tica y terap\u00e9utica eficaz en el cuerpo humano. Este tratamiento es beneficioso para la piel, el tejido muscular, los sistemas nervioso, cardiovascular y respiratorio. El uso de aceites esenciales tiene un efecto positivo adicional no s\u00f3lo en el estado f\u00edsico sino tambi\u00e9n psicoemocional de una persona. Los aromas agradables ayudan al paciente a relajarse r\u00e1pida y profundamente, lo que hace que el masaje sea a\u00fan m\u00e1s productivo y agradable.<\/p>\n<p>Exfoliaci\u00f3n corporal. Este ritual SPA es capaz de despertar y limpiar profundamente la piel, enriqueci\u00e9ndola con ox\u00edgeno, iniciar el proceso de rejuvenecimiento, restaurar la elasticidad y firmeza. Ofrezca a sus clientes una ex\u00f3tica mezcla de frutas tropicales, caf\u00e9 y chocolate negro, ar\u00e1ndanos y sal marina. El peeling es una preparaci\u00f3n perfecta de la piel para los tratamientos SPA posteriores.<br \/>\nEnvolturas t\u00e9rmicas y refrescantes. Las envolturas corporales son los rituales de SPA m\u00e1s populares y agradables, cuyo objetivo es enriquecer la piel con vitaminas y minerales, quemar el tejido adiposo, as\u00ed como recuperar, nutrir y rejuvenecer la piel. Despu\u00e9s del tratamiento, la piel queda suave, firme e incre\u00edblemente tersa.<\/p>\n<p>Talasoterapia. El poder vital del oc\u00e9ano ayuda a vigorizar, restaurar, relajar y rejuvenecer el cuerpo. Los principios de la talasoterapia se basan en el uso de agua de mar, sales marinas, algas y barro. Durante la sesi\u00f3n, el cliente siente la atm\u00f3sfera curativa de los mejores balnearios, deshaci\u00e9ndose del estr\u00e9s, el insomnio, la depresi\u00f3n estacional y la irritabilidad.<\/p>\n<p>La terapia con piedras no s\u00f3lo es un tipo de masaje eficaz y popular, sino una forma de utilizar los poderes vigorizantes de la naturaleza. Las piedras, al nacer de la tierra, tienen la capacidad de absorber la poderosa energ\u00eda de todos los elementos existentes. Las piedras lisas, planas, calientes de color negro y fr\u00edas de color blanco relajan los m\u00fasculos, mejoran el flujo de ox\u00edgeno a los tejidos y \u00f3rganos internos, aceleran el metabolismo y ayudan a encontrar la armon\u00eda interior.<\/p>\n<p><strong>Caracter\u00edsticas:<\/strong><\/p>\n<p>Ducha de mano<br \/>\nSistema de calefacci\u00f3n trasera<br \/>\nEquipo de m\u00fasica (MP3)<\/p>","protected":false},"excerpt":{"rendered":"<p>La camilla de masaje Bodybase est\u00e1 dise\u00f1ada para una gama completa de tratamientos SPA para el cuidado del cuerpo. Ofrezca a sus clientes todo tipo de masajes h\u00famedos, una variedad de peelings, envolturas y sesiones de talasoterapia con algas, sal y barro. La camilla de masaje Bodybase tambi\u00e9n es ideal para la terapia con piedras, un antiguo m\u00e9todo de tratamiento con piedras calientes y fr\u00edas.<\/p>\n<p>La construcci\u00f3n de la camilla est\u00e1 pensada hasta el \u00faltimo detalle. Una cama ergon\u00f3mica con calefacci\u00f3n permite al cliente el m\u00e1ximo confort durante el tratamiento.<\/p>\n<p>La inclinaci\u00f3n de la superficie de trabajo proporciona un drenaje sin obstrucciones del agua y los productos cosm\u00e9ticos en un sistema de drenaje especial que se conecta f\u00e1cilmente al sistema de alcantarillado general. La presencia de una ducha de mano garantiza la relajaci\u00f3n y quietud absolutas del cliente durante los tratamientos SPA en curso. Adem\u00e1s, el reproductor MP3 incorporado contribuye a crear una atm\u00f3sfera ac\u00fastica especial, que permite al cliente sumergirse en un agradable mundo de sue\u00f1os y fantas\u00edas.<\/p>","protected":false},"featured_media":2171,"comment_status":"open","ping_status":"closed","template":"","meta":{"_acf_changed":false,"site-sidebar-layout":"default","site-content-layout":"","ast-site-content-layout":"default","site-content-style":"default","site-sidebar-style":"default","ast-global-header-display":"","ast-banner-title-visibility":"","ast-main-header-display":"","ast-hfb-above-header-display":"","ast-hfb-below-header-display":"","ast-hfb-mobile-header-display":"","site-post-title":"","ast-breadcrumbs-content":"","ast-featured-img":"","footer-sml-layout":"","ast-disable-related-posts":"","theme-transparent-header-meta":"default","adv-header-id-meta":"","stick-header-meta":"","header-above-stick-meta":"","header-main-stick-meta":"","header-below-stick-meta":"","astra-migrate-meta-layouts":"set","ast-page-background-enabled":"default","ast-page-background-meta":{"desktop":{"background-color":"var(--ast-global-color-4)","background-image":"","background-repeat":"repeat","background-position":"center center","background-size":"auto","background-attachment":"scroll","background-type":"","background-media":"","overlay-type":"","overlay-color":"","overlay-opacity":"","overlay-gradient":""},"tablet":{"background-color":"","background-image":"","background-repeat":"repeat","background-position":"center center","background-size":"auto","background-attachment":"scroll","background-type":"","background-media":"","overlay-type":"","overlay-color":"","overlay-opacity":"","overlay-gradient":""},"mobile":{"background-color":"","background-image":"","background-repeat":"repeat","background-position":"center center","background-size":"auto","background-attachment":"scroll","background-type":"","background-media":"","overlay-type":"","overlay-color":"","overlay-opacity":"","overlay-gradient":""}},"ast-content-background-meta":{"desktop":{"background-color":"var(--ast-global-color-5)","background-image":"","background-repeat":"repeat","background-position":"center center","background-size":"auto","background-attachment":"scroll","background-type":"","background-media":"","overlay-type":"","overlay-color":"","overlay-opacity":"","overlay-gradient":""},"tablet":{"background-color":"var(--ast-global-color-5)","background-image":"","background-repeat":"repeat","background-position":"center center","background-size":"auto","background-attachment":"scroll","background-type":"","background-media":"","overlay-type":"","overlay-color":"","overlay-opacity":"","overlay-gradient":""},"mobile":{"background-color":"var(--ast-global-color-5)","background-image":"","background-repeat":"repeat","background-position":"center center","background-size":"auto","background-attachment":"scroll","background-type":"","background-media":"","overlay-type":"","overlay-color":"","overlay-opacity":"","overlay-gradient":""}}},"product_brand":[],"product_cat":[81,82],"product_tag":[],"class_list":{"0":"post-2170","1":"product","2":"type-product","3":"status-publish","4":"has-post-thumbnail","6":"product_cat-energy-cocoons","7":"product_cat-esthetical","8":"desktop-align-left","9":"tablet-align-left","10":"mobile-align-left","12":"first","13":"instock","14":"shipping-taxable","15":"product-type-simple"},"acf":[],"yoast_head":"<!-- This site is optimized with the Yoast SEO plugin v27.3 - https:\/\/yoast.com\/product\/yoast-seo-wordpress\/ -->\n<title>Bodybase - NEOQI<\/title>\n<meta name=\"robots\" content=\"index, follow, max-snippet:-1, max-image-preview:large, max-video-preview:-1\" \/>\n<link rel=\"canonical\" href=\"https:\/\/neoqi.com\/es\/producto\/bodybase\/\" \/>\n<meta property=\"og:locale\" content=\"es_ES\" \/>\n<meta property=\"og:type\" content=\"article\" \/>\n<meta property=\"og:title\" content=\"Bodybase - NEOQI\" \/>\n<meta property=\"og:description\" content=\"The Bodybase massage table is designed for a full range of SPA treatments for body care. Offer your customers all types of wet massages, a variety of peelings, wraps, and thalassotherapy sessions with algae, salt and mud. The Bodybase massage table is also great for stone therapy \u2013 an ancient treatment method with hot and cold stones.  The construction of the table is well thought through until the last detail. An ergonomic bed with heating enables the customer maximum comfort during the treatment.  The slope of the work surface provides unobstructed water and cosmetic products drainage in a special drainage system that is easily connected to the general sewerage system. The presence of a hand shower ensures absolute relaxation and stillness of the customer during ongoing SPA treatments. In addition, the built-in MP3 player helps to create a special acoustic atmosphere, allowing the customer to immerse themselves in a pleasant world of dreams and fantasies.\" \/>\n<meta property=\"og:url\" content=\"https:\/\/neoqi.com\/es\/producto\/bodybase\/\" \/>\n<meta property=\"og:site_name\" content=\"NEOQI\" \/>\n<meta property=\"article:publisher\" content=\"https:\/\/www.facebook.com\/neoqi\/\" \/>\n<meta property=\"article:modified_time\" content=\"2024-12-03T15:38:26+00:00\" \/>\n<meta property=\"og:image\" content=\"https:\/\/neoqi.com\/wp-content\/uploads\/2024\/09\/wellness_neoqi_Mediq_1.png\" \/>\n\t<meta property=\"og:image:width\" content=\"800\" \/>\n\t<meta property=\"og:image:height\" content=\"533\" \/>\n\t<meta property=\"og:image:type\" content=\"image\/png\" \/>\n<meta name=\"twitter:card\" content=\"summary_large_image\" \/>\n<meta name=\"twitter:label1\" content=\"Tiempo de lectura\" \/>\n\t<meta name=\"twitter:data1\" content=\"2 minutos\" \/>\n<script type=\"application\/ld+json\" class=\"yoast-schema-graph\">{\"@context\":\"https:\\\/\\\/schema.org\",\"@graph\":[{\"@type\":\"WebPage\",\"@id\":\"https:\\\/\\\/neoqi.com\\\/product\\\/bodybase\\\/\",\"url\":\"https:\\\/\\\/neoqi.com\\\/product\\\/bodybase\\\/\",\"name\":\"Bodybase - NEOQI\",\"isPartOf\":{\"@id\":\"https:\\\/\\\/neoqi.com\\\/#website\"},\"primaryImageOfPage\":{\"@id\":\"https:\\\/\\\/neoqi.com\\\/product\\\/bodybase\\\/#primaryimage\"},\"image\":{\"@id\":\"https:\\\/\\\/neoqi.com\\\/product\\\/bodybase\\\/#primaryimage\"},\"thumbnailUrl\":\"https:\\\/\\\/neoqi.com\\\/wp-content\\\/uploads\\\/2024\\\/09\\\/wellness_neoqi_Mediq_1.png\",\"datePublished\":\"2024-09-07T02:01:35+00:00\",\"dateModified\":\"2024-12-03T15:38:26+00:00\",\"breadcrumb\":{\"@id\":\"https:\\\/\\\/neoqi.com\\\/product\\\/bodybase\\\/#breadcrumb\"},\"inLanguage\":\"es\",\"potentialAction\":[{\"@type\":\"ReadAction\",\"target\":[\"https:\\\/\\\/neoqi.com\\\/product\\\/bodybase\\\/\"]}]},{\"@type\":\"ImageObject\",\"inLanguage\":\"es\",\"@id\":\"https:\\\/\\\/neoqi.com\\\/product\\\/bodybase\\\/#primaryimage\",\"url\":\"https:\\\/\\\/neoqi.com\\\/wp-content\\\/uploads\\\/2024\\\/09\\\/wellness_neoqi_Mediq_1.png\",\"contentUrl\":\"https:\\\/\\\/neoqi.com\\\/wp-content\\\/uploads\\\/2024\\\/09\\\/wellness_neoqi_Mediq_1.png\",\"width\":800,\"height\":533},{\"@type\":\"BreadcrumbList\",\"@id\":\"https:\\\/\\\/neoqi.com\\\/product\\\/bodybase\\\/#breadcrumb\",\"itemListElement\":[{\"@type\":\"ListItem\",\"position\":1,\"name\":\"Home\",\"item\":\"https:\\\/\\\/neoqi.com\\\/\"},{\"@type\":\"ListItem\",\"position\":2,\"name\":\"Catalog\",\"item\":\"https:\\\/\\\/neoqi.com\\\/it\\\/catalog\\\/\"},{\"@type\":\"ListItem\",\"position\":3,\"name\":\"Bodybase\"}]},{\"@type\":\"WebSite\",\"@id\":\"https:\\\/\\\/neoqi.com\\\/#website\",\"url\":\"https:\\\/\\\/neoqi.com\\\/\",\"name\":\"NEOQI\",\"description\":\"Experience Ultimate Wellness and Relaxation with NeoQi Spa Capsule: Your Path to Rejuvenation\",\"publisher\":{\"@id\":\"https:\\\/\\\/neoqi.com\\\/#organization\"},\"potentialAction\":[{\"@type\":\"SearchAction\",\"target\":{\"@type\":\"EntryPoint\",\"urlTemplate\":\"https:\\\/\\\/neoqi.com\\\/?s={search_term_string}\"},\"query-input\":{\"@type\":\"PropertyValueSpecification\",\"valueRequired\":true,\"valueName\":\"search_term_string\"}}],\"inLanguage\":\"es\"},{\"@type\":\"Organization\",\"@id\":\"https:\\\/\\\/neoqi.com\\\/#organization\",\"name\":\"NEOQI\",\"url\":\"https:\\\/\\\/neoqi.com\\\/\",\"logo\":{\"@type\":\"ImageObject\",\"inLanguage\":\"es\",\"@id\":\"https:\\\/\\\/neoqi.com\\\/#\\\/schema\\\/logo\\\/image\\\/\",\"url\":\"https:\\\/\\\/neoqi.com\\\/wp-content\\\/uploads\\\/2024\\\/09\\\/logoneosvg.svg\",\"contentUrl\":\"https:\\\/\\\/neoqi.com\\\/wp-content\\\/uploads\\\/2024\\\/09\\\/logoneosvg.svg\",\"width\":1,\"height\":1,\"caption\":\"NEOQI\"},\"image\":{\"@id\":\"https:\\\/\\\/neoqi.com\\\/#\\\/schema\\\/logo\\\/image\\\/\"},\"sameAs\":[\"https:\\\/\\\/www.facebook.com\\\/neoqi\\\/\",\"https:\\\/\\\/www.instagram.com\\\/neoqi_com\\\/\"]}]}<\/script>\n<!-- \/ Yoast SEO plugin. -->","yoast_head_json":{"title":"Bodybase - NEOQI","robots":{"index":"index","follow":"follow","max-snippet":"max-snippet:-1","max-image-preview":"max-image-preview:large","max-video-preview":"max-video-preview:-1"},"canonical":"https:\/\/neoqi.com\/es\/producto\/bodybase\/","og_locale":"es_ES","og_type":"article","og_title":"Bodybase - NEOQI","og_description":"The Bodybase massage table is designed for a full range of SPA treatments for body care. Offer your customers all types of wet massages, a variety of peelings, wraps, and thalassotherapy sessions with algae, salt and mud. The Bodybase massage table is also great for stone therapy \u2013 an ancient treatment method with hot and cold stones.  The construction of the table is well thought through until the last detail. An ergonomic bed with heating enables the customer maximum comfort during the treatment.  The slope of the work surface provides unobstructed water and cosmetic products drainage in a special drainage system that is easily connected to the general sewerage system. The presence of a hand shower ensures absolute relaxation and stillness of the customer during ongoing SPA treatments. In addition, the built-in MP3 player helps to create a special acoustic atmosphere, allowing the customer to immerse themselves in a pleasant world of dreams and fantasies.","og_url":"https:\/\/neoqi.com\/es\/producto\/bodybase\/","og_site_name":"NEOQI","article_publisher":"https:\/\/www.facebook.com\/neoqi\/","article_modified_time":"2024-12-03T15:38:26+00:00","og_image":[{"width":800,"height":533,"url":"https:\/\/neoqi.com\/wp-content\/uploads\/2024\/09\/wellness_neoqi_Mediq_1.png","type":"image\/png"}],"twitter_card":"summary_large_image","twitter_misc":{"Tiempo de lectura":"2 minutos"},"schema":{"@context":"https:\/\/schema.org","@graph":[{"@type":"WebPage","@id":"https:\/\/neoqi.com\/product\/bodybase\/","url":"https:\/\/neoqi.com\/product\/bodybase\/","name":"Bodybase - NEOQI","isPartOf":{"@id":"https:\/\/neoqi.com\/#website"},"primaryImageOfPage":{"@id":"https:\/\/neoqi.com\/product\/bodybase\/#primaryimage"},"image":{"@id":"https:\/\/neoqi.com\/product\/bodybase\/#primaryimage"},"thumbnailUrl":"https:\/\/neoqi.com\/wp-content\/uploads\/2024\/09\/wellness_neoqi_Mediq_1.png","datePublished":"2024-09-07T02:01:35+00:00","dateModified":"2024-12-03T15:38:26+00:00","breadcrumb":{"@id":"https:\/\/neoqi.com\/product\/bodybase\/#breadcrumb"},"inLanguage":"es","potentialAction":[{"@type":"ReadAction","target":["https:\/\/neoqi.com\/product\/bodybase\/"]}]},{"@type":"ImageObject","inLanguage":"es","@id":"https:\/\/neoqi.com\/product\/bodybase\/#primaryimage","url":"https:\/\/neoqi.com\/wp-content\/uploads\/2024\/09\/wellness_neoqi_Mediq_1.png","contentUrl":"https:\/\/neoqi.com\/wp-content\/uploads\/2024\/09\/wellness_neoqi_Mediq_1.png","width":800,"height":533},{"@type":"BreadcrumbList","@id":"https:\/\/neoqi.com\/product\/bodybase\/#breadcrumb","itemListElement":[{"@type":"ListItem","position":1,"name":"Home","item":"https:\/\/neoqi.com\/"},{"@type":"ListItem","position":2,"name":"Catalog","item":"https:\/\/neoqi.com\/it\/catalog\/"},{"@type":"ListItem","position":3,"name":"Bodybase"}]},{"@type":"WebSite","@id":"https:\/\/neoqi.com\/#website","url":"https:\/\/neoqi.com\/","name":"NEOQI","description":"Experimente lo \u00faltimo en bienestar y relajaci\u00f3n con NeoQi Spa Capsule: Su camino hacia el rejuvenecimiento","publisher":{"@id":"https:\/\/neoqi.com\/#organization"},"potentialAction":[{"@type":"SearchAction","target":{"@type":"EntryPoint","urlTemplate":"https:\/\/neoqi.com\/?s={search_term_string}"},"query-input":{"@type":"PropertyValueSpecification","valueRequired":true,"valueName":"search_term_string"}}],"inLanguage":"es"},{"@type":"Organization","@id":"https:\/\/neoqi.com\/#organization","name":"NEOQI","url":"https:\/\/neoqi.com\/","logo":{"@type":"ImageObject","inLanguage":"es","@id":"https:\/\/neoqi.com\/#\/schema\/logo\/image\/","url":"https:\/\/neoqi.com\/wp-content\/uploads\/2024\/09\/logoneosvg.svg","contentUrl":"https:\/\/neoqi.com\/wp-content\/uploads\/2024\/09\/logoneosvg.svg","width":1,"height":1,"caption":"NEOQI"},"image":{"@id":"https:\/\/neoqi.com\/#\/schema\/logo\/image\/"},"sameAs":["https:\/\/www.facebook.com\/neoqi\/","https:\/\/www.instagram.com\/neoqi_com\/"]}]}},"_links":{"self":[{"href":"https:\/\/neoqi.com\/es\/wp-json\/wp\/v2\/product\/2170","targetHints":{"allow":["GET"]}}],"collection":[{"href":"https:\/\/neoqi.com\/es\/wp-json\/wp\/v2\/product"}],"about":[{"href":"https:\/\/neoqi.com\/es\/wp-json\/wp\/v2\/types\/product"}],"replies":[{"embeddable":true,"href":"https:\/\/neoqi.com\/es\/wp-json\/wp\/v2\/comments?post=2170"}],"wp:featuredmedia":[{"embeddable":true,"href":"https:\/\/neoqi.com\/es\/wp-json\/wp\/v2\/media\/2171"}],"wp:attachment":[{"href":"https:\/\/neoqi.com\/es\/wp-json\/wp\/v2\/media?parent=2170"}],"wp:term":[{"taxonomy":"product_brand","embeddable":true,"href":"https:\/\/neoqi.com\/es\/wp-json\/wp\/v2\/product_brand?post=2170"},{"taxonomy":"product_cat","embeddable":true,"href":"https:\/\/neoqi.com\/es\/wp-json\/wp\/v2\/product_cat?post=2170"},{"taxonomy":"product_tag","embeddable":true,"href":"https:\/\/neoqi.com\/es\/wp-json\/wp\/v2\/product_tag?post=2170"}],"curies":[{"name":"wp","href":"https:\/\/api.w.org\/{rel}","templated":true}]}}