{"id":2184,"date":"2024-09-07T02:04:55","date_gmt":"2024-09-06T23:04:55","guid":{"rendered":"http:\/\/neoqi.com\/?post_type=product&#038;p=2184"},"modified":"2024-12-04T08:28:00","modified_gmt":"2024-12-04T05:28:00","slug":"balance","status":"publish","type":"product","link":"https:\/\/neoqi.com\/es\/producto\/balance\/","title":{"rendered":"Balance"},"content":{"rendered":"<div id=\"tab-description\" class=\"woocommerce-Tabs-panel woocommerce-Tabs-panel--description panel entry-content wc-tab\" role=\"tabpanel\" aria-labelledby=\"tab-title-description\">\n<p><strong>Los principales tratamientos en NeoQi\u00ae Balance<\/strong><\/p>\n<p><strong>Hidrofusi\u00f3n<\/strong>. Combinaci\u00f3n de vapor y calor infrarrojo, es un m\u00e9todo revolucionario y eficaz de termoterapia. Gracias a la pel\u00edcula de vapor h\u00famedo y al calentamiento profundo de los tejidos, se amplifica el efecto saludable de las envolturas y m\u00e1scaras aplicadas sobre el cuerpo. No s\u00f3lo le proporcionan relajaci\u00f3n, sino tambi\u00e9n la p\u00e9rdida de kilos de m\u00e1s, la eliminaci\u00f3n de la celulitis y un aumento significativo de la elasticidad de la piel. Dentro del capullo energ\u00e9tico se crea un ambiente \u00fanico, comparable a estar en el \u00fatero materno: una sensaci\u00f3n de confort, armon\u00eda espiritual y felicidad.<\/p>\n<p><strong>Hidromasaje<\/strong>. El masaje con agua se realiza a lo largo de las zonas anat\u00f3micas. Chorros de agua fuertes y resistentes masajean las zonas problem\u00e1ticas del cuerpo, eliminando el dolor en m\u00fasculos y articulaciones, corrigiendo la figura y eliminando eficazmente el estr\u00e9s.<\/p>\n<p><strong>Masaje con burbujas de aire<\/strong>. Miles de burbujas de aire, arremolin\u00e1ndose en el agua, envuelven suavemente el cuerpo, creando una sensaci\u00f3n de ligereza e ingravidez. El masaje con burbujas de aire normaliza la tensi\u00f3n arterial, estimula la desintoxicaci\u00f3n y tiene un efecto calmante general.<\/p>\n<p><strong>Aromaterapia<\/strong>. \u00a1Perm\u00edtase sumergirse en un encantador mundo de sabores! Vainilla dulce, canela estimulante, olor a manzanas verdes frescas... Al elegir la composici\u00f3n arom\u00e1tica adecuada potenciar\u00e1 el efecto beneficioso del tratamiento que se est\u00e9 llevando a cabo. La aromaterapia contribuye a la plena relajaci\u00f3n del cuerpo y del alma, actuando a nivel emocional y f\u00edsico.<\/p>\n<p><strong>Musicoterapia<\/strong>. Un reproductor de \u041c\u04203 incorporado le da la oportunidad de escuchar sus composiciones musicales favoritas durante el tratamiento SPA-c\u00e1psula. Las composiciones musicales son capaces de curar, fortalecer la funci\u00f3n cerebral, tienen un analg\u00e9sico y efectos relajantes.<\/p>\n<p><a href=\"https:\/\/neoqi.com\/es\/producto\/energy-cocoons\/balance\/#tab-description\">Descripci\u00f3n<\/a><\/p>\n<div id=\"tab-description\" class=\"woocommerce-Tabs-panel woocommerce-Tabs-panel--description panel entry-content wc-tab\" role=\"tabpanel\" aria-labelledby=\"tab-title-description\">\n<p>Sauna de infrarrojos<br \/>\nSauna de vapor<br \/>\nAromaterapia<br \/>\nSistema de luces de colores<br \/>\nEquipo de m\u00fasica (MP3)<br \/>\nHidromasaje<br \/>\nMasaje con burbujas de aire<br \/>\n6 chorros laterales<br \/>\n6 chorros de masaje para la espalda<br \/>\n2 chorros para los pies<br \/>\n10 chorros de aire inferiores<br \/>\nDucha de mano<\/p>\n<\/div>\n<\/div>","protected":false},"excerpt":{"rendered":"<p>El capullo Balance Energy es una ba\u00f1era de hidromasaje vers\u00e1til y extremadamente compacta, complementada con funciones de sauna. Peque\u00f1a y funcional como un completo complejo SPA, est\u00e1 dise\u00f1ada para su instalaci\u00f3n en un rinc\u00f3n del cuarto de ba\u00f1o.<\/p>\n<p>SPA-c\u00e1psula es un dispositivo \u00fanico con el que puede obtener placer de visitar saunas de vapor e infrarrojos, disfrutar de hidromasaje y masaje de burbujas de aire, adem\u00e1s de experimentar los efectos beneficiosos de la luz y aromaterapia. Balance tiene una poderosa influencia antiestr\u00e9s y curativa. Combinando varias funciones y creando diferentes programas, podr\u00e1 deshacerse f\u00e1cilmente del exceso de peso, de los s\u00edndromes de dolor en m\u00fasculos y articulaciones, as\u00ed como comprender la armon\u00eda espiritual y f\u00edsica de su cuerpo.<\/p>\n<p>Utilizando el capullo de energ\u00eda Balance, podr\u00e1 disfrutar de la variedad de rituales de SPA en la intimidad de su hogar.<\/p>","protected":false},"featured_media":2185,"comment_status":"open","ping_status":"closed","template":"","meta":{"_acf_changed":false,"site-sidebar-layout":"default","site-content-layout":"","ast-site-content-layout":"default","site-content-style":"default","site-sidebar-style":"default","ast-global-header-display":"","ast-banner-title-visibility":"","ast-main-header-display":"","ast-hfb-above-header-display":"","ast-hfb-below-header-display":"","ast-hfb-mobile-header-display":"","site-post-title":"","ast-breadcrumbs-content":"","ast-featured-img":"","footer-sml-layout":"","ast-disable-related-posts":"","theme-transparent-header-meta":"default","adv-header-id-meta":"","stick-header-meta":"","header-above-stick-meta":"","header-main-stick-meta":"","header-below-stick-meta":"","astra-migrate-meta-layouts":"set","ast-page-background-enabled":"default","ast-page-background-meta":{"desktop":{"background-color":"var(--ast-global-color-4)","background-image":"","background-repeat":"repeat","background-position":"center center","background-size":"auto","background-attachment":"scroll","background-type":"","background-media":"","overlay-type":"","overlay-color":"","overlay-opacity":"","overlay-gradient":""},"tablet":{"background-color":"","background-image":"","background-repeat":"repeat","background-position":"center center","background-size":"auto","background-attachment":"scroll","background-type":"","background-media":"","overlay-type":"","overlay-color":"","overlay-opacity":"","overlay-gradient":""},"mobile":{"background-color":"","background-image":"","background-repeat":"repeat","background-position":"center center","background-size":"auto","background-attachment":"scroll","background-type":"","background-media":"","overlay-type":"","overlay-color":"","overlay-opacity":"","overlay-gradient":""}},"ast-content-background-meta":{"desktop":{"background-color":"var(--ast-global-color-5)","background-image":"","background-repeat":"repeat","background-position":"center center","background-size":"auto","background-attachment":"scroll","background-type":"","background-media":"","overlay-type":"","overlay-color":"","overlay-opacity":"","overlay-gradient":""},"tablet":{"background-color":"var(--ast-global-color-5)","background-image":"","background-repeat":"repeat","background-position":"center center","background-size":"auto","background-attachment":"scroll","background-type":"","background-media":"","overlay-type":"","overlay-color":"","overlay-opacity":"","overlay-gradient":""},"mobile":{"background-color":"var(--ast-global-color-5)","background-image":"","background-repeat":"repeat","background-position":"center center","background-size":"auto","background-attachment":"scroll","background-type":"","background-media":"","overlay-type":"","overlay-color":"","overlay-opacity":"","overlay-gradient":""}}},"product_brand":[],"product_cat":[81,87],"product_tag":[],"class_list":{"0":"post-2184","1":"product","2":"type-product","3":"status-publish","4":"has-post-thumbnail","6":"product_cat-energy-cocoons","7":"product_cat-home-spa","8":"desktop-align-left","9":"tablet-align-left","10":"mobile-align-left","12":"first","13":"instock","14":"shipping-taxable","15":"product-type-simple"},"acf":[],"yoast_head":"<!-- This site is optimized with the Yoast SEO plugin v27.5 - https:\/\/yoast.com\/product\/yoast-seo-wordpress\/ -->\n<title>Balance - NEOQI<\/title>\n<meta name=\"robots\" content=\"index, follow, max-snippet:-1, max-image-preview:large, max-video-preview:-1\" \/>\n<link rel=\"canonical\" href=\"https:\/\/neoqi.com\/es\/produkt\/balance\/\" \/>\n<meta property=\"og:locale\" content=\"es_ES\" \/>\n<meta property=\"og:type\" content=\"article\" \/>\n<meta property=\"og:title\" content=\"Balance - NEOQI\" \/>\n<meta property=\"og:description\" content=\"The Balance Energy cocoon is a versatile and extremely compact whirlpool bath, complemented with sauna functions. Small and functional as a full SPA complex, it is designed for installation in a corner of the bathroom.  SPA-capsule is a unique device with which you can get pleasure from visiting steam and infrared saunas, enjoy hydro- and air bubble massage, in addition to experiencing the beneficial effects of light- and aromatherapy. Balance has a powerful anti-stress and healing influence. By combining various functions and creating different programs, you can easily get rid of excess weight, pain syndromes in muscles and joints, as well as understand the spiritual and physical harmony of your body.  By using the Balance energy cocoon, you can enjoy the variety of SPA rituals in the privacy of your own home.\" \/>\n<meta property=\"og:url\" content=\"https:\/\/neoqi.com\/es\/produkt\/balance\/\" \/>\n<meta property=\"og:site_name\" content=\"NEOQI\" \/>\n<meta property=\"article:publisher\" content=\"https:\/\/www.facebook.com\/neoqi\/\" \/>\n<meta property=\"article:modified_time\" content=\"2024-12-04T05:28:00+00:00\" \/>\n<meta property=\"og:image\" content=\"https:\/\/neoqi.com\/wp-content\/uploads\/2024\/09\/balance.png\" \/>\n\t<meta property=\"og:image:width\" content=\"1200\" \/>\n\t<meta property=\"og:image:height\" content=\"800\" \/>\n\t<meta property=\"og:image:type\" content=\"image\/png\" \/>\n<meta name=\"twitter:card\" content=\"summary_large_image\" \/>\n<meta name=\"twitter:label1\" content=\"Tiempo de lectura\" \/>\n\t<meta name=\"twitter:data1\" content=\"1 minuto\" \/>\n<script type=\"application\/ld+json\" class=\"yoast-schema-graph\">{\"@context\":\"https:\\\/\\\/schema.org\",\"@graph\":[{\"@type\":\"WebPage\",\"@id\":\"https:\\\/\\\/neoqi.com\\\/de\\\/produkt\\\/balance\\\/\",\"url\":\"https:\\\/\\\/neoqi.com\\\/de\\\/produkt\\\/balance\\\/\",\"name\":\"Balance - NEOQI\",\"isPartOf\":{\"@id\":\"https:\\\/\\\/neoqi.com\\\/#website\"},\"primaryImageOfPage\":{\"@id\":\"https:\\\/\\\/neoqi.com\\\/de\\\/produkt\\\/balance\\\/#primaryimage\"},\"image\":{\"@id\":\"https:\\\/\\\/neoqi.com\\\/de\\\/produkt\\\/balance\\\/#primaryimage\"},\"thumbnailUrl\":\"https:\\\/\\\/neoqi.com\\\/wp-content\\\/uploads\\\/2024\\\/09\\\/balance.png\",\"datePublished\":\"2024-09-06T23:04:55+00:00\",\"dateModified\":\"2024-12-04T05:28:00+00:00\",\"breadcrumb\":{\"@id\":\"https:\\\/\\\/neoqi.com\\\/de\\\/produkt\\\/balance\\\/#breadcrumb\"},\"inLanguage\":\"es\",\"potentialAction\":[{\"@type\":\"ReadAction\",\"target\":[\"https:\\\/\\\/neoqi.com\\\/de\\\/produkt\\\/balance\\\/\"]}]},{\"@type\":\"ImageObject\",\"inLanguage\":\"es\",\"@id\":\"https:\\\/\\\/neoqi.com\\\/de\\\/produkt\\\/balance\\\/#primaryimage\",\"url\":\"https:\\\/\\\/neoqi.com\\\/wp-content\\\/uploads\\\/2024\\\/09\\\/balance.png\",\"contentUrl\":\"https:\\\/\\\/neoqi.com\\\/wp-content\\\/uploads\\\/2024\\\/09\\\/balance.png\",\"width\":1200,\"height\":800},{\"@type\":\"BreadcrumbList\",\"@id\":\"https:\\\/\\\/neoqi.com\\\/de\\\/produkt\\\/balance\\\/#breadcrumb\",\"itemListElement\":[{\"@type\":\"ListItem\",\"position\":1,\"name\":\"Home\",\"item\":\"https:\\\/\\\/neoqi.com\\\/\"},{\"@type\":\"ListItem\",\"position\":2,\"name\":\"Catalog\",\"item\":\"https:\\\/\\\/neoqi.com\\\/it\\\/catalog\\\/\"},{\"@type\":\"ListItem\",\"position\":3,\"name\":\"Balance\"}]},{\"@type\":\"WebSite\",\"@id\":\"https:\\\/\\\/neoqi.com\\\/#website\",\"url\":\"https:\\\/\\\/neoqi.com\\\/\",\"name\":\"NEOQI\",\"description\":\"Experience Ultimate Wellness and Relaxation with NeoQi Spa Capsule: Your Path to Rejuvenation\",\"publisher\":{\"@id\":\"https:\\\/\\\/neoqi.com\\\/#organization\"},\"potentialAction\":[{\"@type\":\"SearchAction\",\"target\":{\"@type\":\"EntryPoint\",\"urlTemplate\":\"https:\\\/\\\/neoqi.com\\\/?s={search_term_string}\"},\"query-input\":{\"@type\":\"PropertyValueSpecification\",\"valueRequired\":true,\"valueName\":\"search_term_string\"}}],\"inLanguage\":\"es\"},{\"@type\":\"Organization\",\"@id\":\"https:\\\/\\\/neoqi.com\\\/#organization\",\"name\":\"NEOQI\",\"url\":\"https:\\\/\\\/neoqi.com\\\/\",\"logo\":{\"@type\":\"ImageObject\",\"inLanguage\":\"es\",\"@id\":\"https:\\\/\\\/neoqi.com\\\/#\\\/schema\\\/logo\\\/image\\\/\",\"url\":\"https:\\\/\\\/neoqi.com\\\/wp-content\\\/uploads\\\/2024\\\/09\\\/logoneosvg.svg\",\"contentUrl\":\"https:\\\/\\\/neoqi.com\\\/wp-content\\\/uploads\\\/2024\\\/09\\\/logoneosvg.svg\",\"width\":1,\"height\":1,\"caption\":\"NEOQI\"},\"image\":{\"@id\":\"https:\\\/\\\/neoqi.com\\\/#\\\/schema\\\/logo\\\/image\\\/\"},\"sameAs\":[\"https:\\\/\\\/www.facebook.com\\\/neoqi\\\/\",\"https:\\\/\\\/www.instagram.com\\\/neoqi_com\\\/\"]}]}<\/script>\n<!-- \/ Yoast SEO plugin. -->","yoast_head_json":{"title":"Balance - NEOQI","robots":{"index":"index","follow":"follow","max-snippet":"max-snippet:-1","max-image-preview":"max-image-preview:large","max-video-preview":"max-video-preview:-1"},"canonical":"https:\/\/neoqi.com\/es\/produkt\/balance\/","og_locale":"es_ES","og_type":"article","og_title":"Balance - NEOQI","og_description":"The Balance Energy cocoon is a versatile and extremely compact whirlpool bath, complemented with sauna functions. Small and functional as a full SPA complex, it is designed for installation in a corner of the bathroom.  SPA-capsule is a unique device with which you can get pleasure from visiting steam and infrared saunas, enjoy hydro- and air bubble massage, in addition to experiencing the beneficial effects of light- and aromatherapy. Balance has a powerful anti-stress and healing influence. By combining various functions and creating different programs, you can easily get rid of excess weight, pain syndromes in muscles and joints, as well as understand the spiritual and physical harmony of your body.  By using the Balance energy cocoon, you can enjoy the variety of SPA rituals in the privacy of your own home.","og_url":"https:\/\/neoqi.com\/es\/produkt\/balance\/","og_site_name":"NEOQI","article_publisher":"https:\/\/www.facebook.com\/neoqi\/","article_modified_time":"2024-12-04T05:28:00+00:00","og_image":[{"width":1200,"height":800,"url":"https:\/\/neoqi.com\/wp-content\/uploads\/2024\/09\/balance.png","type":"image\/png"}],"twitter_card":"summary_large_image","twitter_misc":{"Tiempo de lectura":"1 minuto"},"schema":{"@context":"https:\/\/schema.org","@graph":[{"@type":"WebPage","@id":"https:\/\/neoqi.com\/de\/produkt\/balance\/","url":"https:\/\/neoqi.com\/de\/produkt\/balance\/","name":"Balance - NEOQI","isPartOf":{"@id":"https:\/\/neoqi.com\/#website"},"primaryImageOfPage":{"@id":"https:\/\/neoqi.com\/de\/produkt\/balance\/#primaryimage"},"image":{"@id":"https:\/\/neoqi.com\/de\/produkt\/balance\/#primaryimage"},"thumbnailUrl":"https:\/\/neoqi.com\/wp-content\/uploads\/2024\/09\/balance.png","datePublished":"2024-09-06T23:04:55+00:00","dateModified":"2024-12-04T05:28:00+00:00","breadcrumb":{"@id":"https:\/\/neoqi.com\/de\/produkt\/balance\/#breadcrumb"},"inLanguage":"es","potentialAction":[{"@type":"ReadAction","target":["https:\/\/neoqi.com\/de\/produkt\/balance\/"]}]},{"@type":"ImageObject","inLanguage":"es","@id":"https:\/\/neoqi.com\/de\/produkt\/balance\/#primaryimage","url":"https:\/\/neoqi.com\/wp-content\/uploads\/2024\/09\/balance.png","contentUrl":"https:\/\/neoqi.com\/wp-content\/uploads\/2024\/09\/balance.png","width":1200,"height":800},{"@type":"BreadcrumbList","@id":"https:\/\/neoqi.com\/de\/produkt\/balance\/#breadcrumb","itemListElement":[{"@type":"ListItem","position":1,"name":"Home","item":"https:\/\/neoqi.com\/"},{"@type":"ListItem","position":2,"name":"Catalog","item":"https:\/\/neoqi.com\/it\/catalog\/"},{"@type":"ListItem","position":3,"name":"Balance"}]},{"@type":"WebSite","@id":"https:\/\/neoqi.com\/#website","url":"https:\/\/neoqi.com\/","name":"NEOQI","description":"Experimente lo \u00faltimo en bienestar y relajaci\u00f3n con NeoQi Spa Capsule: Su camino hacia el rejuvenecimiento","publisher":{"@id":"https:\/\/neoqi.com\/#organization"},"potentialAction":[{"@type":"SearchAction","target":{"@type":"EntryPoint","urlTemplate":"https:\/\/neoqi.com\/?s={search_term_string}"},"query-input":{"@type":"PropertyValueSpecification","valueRequired":true,"valueName":"search_term_string"}}],"inLanguage":"es"},{"@type":"Organization","@id":"https:\/\/neoqi.com\/#organization","name":"NEOQI","url":"https:\/\/neoqi.com\/","logo":{"@type":"ImageObject","inLanguage":"es","@id":"https:\/\/neoqi.com\/#\/schema\/logo\/image\/","url":"https:\/\/neoqi.com\/wp-content\/uploads\/2024\/09\/logoneosvg.svg","contentUrl":"https:\/\/neoqi.com\/wp-content\/uploads\/2024\/09\/logoneosvg.svg","width":1,"height":1,"caption":"NEOQI"},"image":{"@id":"https:\/\/neoqi.com\/#\/schema\/logo\/image\/"},"sameAs":["https:\/\/www.facebook.com\/neoqi\/","https:\/\/www.instagram.com\/neoqi_com\/"]}]}},"_links":{"self":[{"href":"https:\/\/neoqi.com\/es\/wp-json\/wp\/v2\/product\/2184","targetHints":{"allow":["GET"]}}],"collection":[{"href":"https:\/\/neoqi.com\/es\/wp-json\/wp\/v2\/product"}],"about":[{"href":"https:\/\/neoqi.com\/es\/wp-json\/wp\/v2\/types\/product"}],"replies":[{"embeddable":true,"href":"https:\/\/neoqi.com\/es\/wp-json\/wp\/v2\/comments?post=2184"}],"wp:featuredmedia":[{"embeddable":true,"href":"https:\/\/neoqi.com\/es\/wp-json\/wp\/v2\/media\/2185"}],"wp:attachment":[{"href":"https:\/\/neoqi.com\/es\/wp-json\/wp\/v2\/media?parent=2184"}],"wp:term":[{"taxonomy":"product_brand","embeddable":true,"href":"https:\/\/neoqi.com\/es\/wp-json\/wp\/v2\/product_brand?post=2184"},{"taxonomy":"product_cat","embeddable":true,"href":"https:\/\/neoqi.com\/es\/wp-json\/wp\/v2\/product_cat?post=2184"},{"taxonomy":"product_tag","embeddable":true,"href":"https:\/\/neoqi.com\/es\/wp-json\/wp\/v2\/product_tag?post=2184"}],"curies":[{"name":"wp","href":"https:\/\/api.w.org\/{rel}","templated":true}]}}