{"id":2197,"date":"2024-09-07T01:11:40","date_gmt":"2024-09-06T22:11:40","guid":{"rendered":"http:\/\/neoqi.com\/?post_type=product&#038;p=2197"},"modified":"2024-12-04T08:27:54","modified_gmt":"2024-12-04T05:27:54","slug":"elegance","status":"publish","type":"product","link":"https:\/\/neoqi.com\/es\/producto\/elegance\/","title":{"rendered":"Elegance"},"content":{"rendered":"<p><strong>Los principales tratamientos de NeoQi\u00ae Elegance<\/strong><\/p>\n<div id=\"tab-description\" class=\"woocommerce-Tabs-panel woocommerce-Tabs-panel--description panel entry-content wc-tab\" role=\"tabpanel\" aria-labelledby=\"tab-title-description\">\n<p><strong>Sauna de vapor<\/strong>. Una suave bruma c\u00e1lida envuelve ligeramente el cuerpo con humedad, potenciando el proceso de relajaci\u00f3n tanto del cuerpo como de la mente. Perm\u00edtase un momento de relajaci\u00f3n y una oportunidad de escapar del estr\u00e9s diario, para afrontar el d\u00eda siguiente con un bagaje de nuevas fuerzas, energ\u00eda y buen humor. La sauna de vapor aumenta varias veces la eficacia de las mascarillas y envolturas. Gracias a la SPA-c\u00e1psula Elegance medios m\u00e1s eficaces para la p\u00e9rdida de peso y la reducci\u00f3n de la celulitis es ahora posible en casa.<\/p>\n<p><strong>Sauna de infrarrojos<\/strong>\u00a0es relajaci\u00f3n, tonificaci\u00f3n y adelgazamiento. IR alivia eficazmente el dolor en los m\u00fasculos y las articulaciones, eleva el tono general de energ\u00eda, reduce la apariencia de la celulitis, ayuda a relajarse profundamente y perder peso.<\/p>\n<p><strong>Hidrofusi\u00f3n<\/strong>. Una combinaci\u00f3n de vapor y calor infrarrojo - un m\u00e9todo revolucionario de termoterapia. Dentro del capullo de energ\u00eda, se crea un ambiente \u00fanico, comparable a estar en el \u00fatero - abrumarse con una sensaci\u00f3n de confort, armon\u00eda espiritual y la felicidad.<\/p>\n<p><strong>Tratamiento de hidroterapia<\/strong>\u00a0en el ba\u00f1o con hidromasaje y masaje de burbujas de aire. Las propiedades terap\u00e9uticas del agua, junto con el masaje indoloro de las zonas problem\u00e1ticas, relajan los m\u00fasculos y devuelven a la piel su elasticidad, suavidad y firmeza. Cientos de peque\u00f1as burbujas de aire acarician la piel, calman el sistema nervioso, eliminan el estr\u00e9s cr\u00f3nico y eliminan las tensiones mentales. El masaje con burbujas de aire es tambi\u00e9n un medio eficaz para combatir el insomnio: tras unas pocas sesiones sentir\u00e1 que su sue\u00f1o se recupera y normaliza.<\/p>\n<p><strong>Aromaterapia<\/strong>\u00a0tiene un efecto beneficioso sobre el estado emocional y posee propiedades \u00fanicas de relajaci\u00f3n, ayudando a aliviar completamente cualquier estr\u00e9s. Con la ayuda de la aromaterapia, se puede hacer frente al insomnio, la depresi\u00f3n e incluso reducir el apetito excesivo.<\/p>\n<p><strong>Cromoterapia<\/strong>\u00a0o tonificaci\u00f3n a trav\u00e9s de la luz. Al afectar positivamente al sistema nervioso, tiene un efecto especialmente potente en combinaci\u00f3n con el hidromasaje. Los tratamientos de cromoterapia potencian la relajaci\u00f3n definitiva antes de acostarse o energizan el cuerpo antes de empezar el d\u00eda.<\/p>\n<p><a href=\"https:\/\/neoqi.com\/es\/producto\/energy-cocoons\/elegance\/#tab-description\">Descripci\u00f3n<\/a><\/p>\n<p>Sauna de infrarrojos<br \/>\nSauna de vapor<br \/>\nAromaterapia<br \/>\nSistema de luces de colores<br \/>\nEquipo de m\u00fasica (MP3)<br \/>\nHidromasaje<br \/>\nMasaje con burbujas de aire<br \/>\n6 chorros laterales<br \/>\n6 chorros de masaje para la espalda<br \/>\n2 chorros para los pies<br \/>\n10 chorros de aire inferiores<br \/>\nDucha de mano<\/p>\n<\/div>","protected":false},"excerpt":{"rendered":"<p>El capullo energ\u00e9tico Elegance es una soluci\u00f3n innovadora para el cuarto de ba\u00f1o. Gracias a SPA-c\u00e1psula Elegance puede disfrutar de relajantes y vigorizantes rituales SPA en su casa.<\/p>\n<p>El capullo est\u00e1 dotado de las mejores funciones de termoterapia e hidroterapia para recuperar la potencia y la energ\u00eda despu\u00e9s de un largo d\u00eda, disminuir los niveles de estr\u00e9s y reforzar el sistema inmunitario. La c\u00e1psula tiene un efecto beneficioso sobre los \u00f3rganos sensoriales: o\u00eddo, vista, olfato y tacto. La combinaci\u00f3n de sauna de infrarrojos secos y vapor h\u00famedo, hidroterapia, aromaterapia y cromoterapia tiene un efecto asombroso sobre la salud, ya que mejora la circulaci\u00f3n sangu\u00ednea y las funciones de los \u00f3rganos internos, ralentiza los procesos de envejecimiento, normaliza el funcionamiento del sistema nervioso y deja la piel suave y firme.<\/p>\n<p>Con el capullo SPA Elegance, podr\u00e1 mejorar su estado de bienestar disfrutando de diversos tratamientos SPA en la intimidad de su hogar.<\/p>\n<p>* La Elegance recibi\u00f3 un premio ADEX de la revista Design Journal en 2007. El Premio a la Excelencia en el Dise\u00f1o lo concede anualmente la revista Design Journal por el dise\u00f1o superior de productos de mobiliario comercializados para el sector de la arquitectura y el dise\u00f1o. El premio ADEX es uno de los galardones al dise\u00f1o m\u00e1s codiciados del sector.<\/p>","protected":false},"featured_media":2198,"comment_status":"open","ping_status":"closed","template":"","meta":{"_acf_changed":false,"site-sidebar-layout":"default","site-content-layout":"","ast-site-content-layout":"default","site-content-style":"default","site-sidebar-style":"default","ast-global-header-display":"","ast-banner-title-visibility":"","ast-main-header-display":"","ast-hfb-above-header-display":"","ast-hfb-below-header-display":"","ast-hfb-mobile-header-display":"","site-post-title":"","ast-breadcrumbs-content":"","ast-featured-img":"","footer-sml-layout":"","ast-disable-related-posts":"","theme-transparent-header-meta":"default","adv-header-id-meta":"","stick-header-meta":"","header-above-stick-meta":"","header-main-stick-meta":"","header-below-stick-meta":"","astra-migrate-meta-layouts":"set","ast-page-background-enabled":"default","ast-page-background-meta":{"desktop":{"background-color":"var(--ast-global-color-4)","background-image":"","background-repeat":"repeat","background-position":"center center","background-size":"auto","background-attachment":"scroll","background-type":"","background-media":"","overlay-type":"","overlay-color":"","overlay-opacity":"","overlay-gradient":""},"tablet":{"background-color":"","background-image":"","background-repeat":"repeat","background-position":"center center","background-size":"auto","background-attachment":"scroll","background-type":"","background-media":"","overlay-type":"","overlay-color":"","overlay-opacity":"","overlay-gradient":""},"mobile":{"background-color":"","background-image":"","background-repeat":"repeat","background-position":"center center","background-size":"auto","background-attachment":"scroll","background-type":"","background-media":"","overlay-type":"","overlay-color":"","overlay-opacity":"","overlay-gradient":""}},"ast-content-background-meta":{"desktop":{"background-color":"var(--ast-global-color-5)","background-image":"","background-repeat":"repeat","background-position":"center center","background-size":"auto","background-attachment":"scroll","background-type":"","background-media":"","overlay-type":"","overlay-color":"","overlay-opacity":"","overlay-gradient":""},"tablet":{"background-color":"var(--ast-global-color-5)","background-image":"","background-repeat":"repeat","background-position":"center center","background-size":"auto","background-attachment":"scroll","background-type":"","background-media":"","overlay-type":"","overlay-color":"","overlay-opacity":"","overlay-gradient":""},"mobile":{"background-color":"var(--ast-global-color-5)","background-image":"","background-repeat":"repeat","background-position":"center center","background-size":"auto","background-attachment":"scroll","background-type":"","background-media":"","overlay-type":"","overlay-color":"","overlay-opacity":"","overlay-gradient":""}}},"product_brand":[],"product_cat":[81,87],"product_tag":[],"class_list":{"0":"post-2197","1":"product","2":"type-product","3":"status-publish","4":"has-post-thumbnail","6":"product_cat-energy-cocoons","7":"product_cat-home-spa","8":"desktop-align-left","9":"tablet-align-left","10":"mobile-align-left","12":"first","13":"instock","14":"shipping-taxable","15":"product-type-simple"},"acf":[],"yoast_head":"<!-- This site is optimized with the Yoast SEO plugin v27.4 - https:\/\/yoast.com\/product\/yoast-seo-wordpress\/ -->\n<title>Elegance - NEOQI<\/title>\n<meta name=\"robots\" content=\"index, follow, max-snippet:-1, max-image-preview:large, max-video-preview:-1\" \/>\n<link rel=\"canonical\" href=\"https:\/\/neoqi.com\/es\/producto\/elegance\/\" \/>\n<meta property=\"og:locale\" content=\"es_ES\" \/>\n<meta property=\"og:type\" content=\"article\" \/>\n<meta property=\"og:title\" content=\"Elegance - NEOQI\" \/>\n<meta property=\"og:description\" content=\"The Elegance Energy cocoon is an innovative solution for the bathroom. Thanks to SPA-capsule Elegance you can enjoy relaxing and invigorating SPA-rituals at your home.  The cocoon is equipped with the best thermo- and hydrotherapy functions in order to restore power and energy after a long day, decrease stress levels and strengthen the immune system. The capsule has a beneficial effect on the sensory organs: hearing, sight, smell and touch. The combination of dry infrared and humid steam sauna, hydro-, aroma- and chromotherapy and has an astonishing heath impact, improving blood circulation and internal organs functions, slowing aging processes, normalizing the functioning of the nervous system, making the skin smooth and firm.  With the Elegance SPA cocoon, you can improve the state of your wellbeing by enjoying a variety of SPA treatments in the privacy of your own home.  * The Elegance received an ADEX Award from the Design Journal magazine in 2007. The Award for Design Excellence is given annually by the Design Journal magazine for superior product design of furnishings marketed to the architectural and design trade. The ADEX award is one of the most coveted design awards in the industry.\" \/>\n<meta property=\"og:url\" content=\"https:\/\/neoqi.com\/es\/producto\/elegance\/\" \/>\n<meta property=\"og:site_name\" content=\"NEOQI\" \/>\n<meta property=\"article:publisher\" content=\"https:\/\/www.facebook.com\/neoqi\/\" \/>\n<meta property=\"article:modified_time\" content=\"2024-12-04T05:27:54+00:00\" \/>\n<meta property=\"og:image\" content=\"https:\/\/neoqi.com\/wp-content\/uploads\/2024\/09\/elegance.png\" \/>\n\t<meta property=\"og:image:width\" content=\"1200\" \/>\n\t<meta property=\"og:image:height\" content=\"800\" \/>\n\t<meta property=\"og:image:type\" content=\"image\/png\" \/>\n<meta name=\"twitter:card\" content=\"summary_large_image\" \/>\n<meta name=\"twitter:label1\" content=\"Tiempo de lectura\" \/>\n\t<meta name=\"twitter:data1\" content=\"2 minutos\" \/>\n<script type=\"application\/ld+json\" class=\"yoast-schema-graph\">{\"@context\":\"https:\\\/\\\/schema.org\",\"@graph\":[{\"@type\":\"WebPage\",\"@id\":\"https:\\\/\\\/neoqi.com\\\/product\\\/elegance\\\/\",\"url\":\"https:\\\/\\\/neoqi.com\\\/product\\\/elegance\\\/\",\"name\":\"Elegance - NEOQI\",\"isPartOf\":{\"@id\":\"https:\\\/\\\/neoqi.com\\\/#website\"},\"primaryImageOfPage\":{\"@id\":\"https:\\\/\\\/neoqi.com\\\/product\\\/elegance\\\/#primaryimage\"},\"image\":{\"@id\":\"https:\\\/\\\/neoqi.com\\\/product\\\/elegance\\\/#primaryimage\"},\"thumbnailUrl\":\"https:\\\/\\\/neoqi.com\\\/wp-content\\\/uploads\\\/2024\\\/09\\\/elegance.png\",\"datePublished\":\"2024-09-06T22:11:40+00:00\",\"dateModified\":\"2024-12-04T05:27:54+00:00\",\"breadcrumb\":{\"@id\":\"https:\\\/\\\/neoqi.com\\\/product\\\/elegance\\\/#breadcrumb\"},\"inLanguage\":\"es\",\"potentialAction\":[{\"@type\":\"ReadAction\",\"target\":[\"https:\\\/\\\/neoqi.com\\\/product\\\/elegance\\\/\"]}]},{\"@type\":\"ImageObject\",\"inLanguage\":\"es\",\"@id\":\"https:\\\/\\\/neoqi.com\\\/product\\\/elegance\\\/#primaryimage\",\"url\":\"https:\\\/\\\/neoqi.com\\\/wp-content\\\/uploads\\\/2024\\\/09\\\/elegance.png\",\"contentUrl\":\"https:\\\/\\\/neoqi.com\\\/wp-content\\\/uploads\\\/2024\\\/09\\\/elegance.png\",\"width\":1200,\"height\":800},{\"@type\":\"BreadcrumbList\",\"@id\":\"https:\\\/\\\/neoqi.com\\\/product\\\/elegance\\\/#breadcrumb\",\"itemListElement\":[{\"@type\":\"ListItem\",\"position\":1,\"name\":\"Home\",\"item\":\"https:\\\/\\\/neoqi.com\\\/\"},{\"@type\":\"ListItem\",\"position\":2,\"name\":\"Catalog\",\"item\":\"https:\\\/\\\/neoqi.com\\\/it\\\/catalog\\\/\"},{\"@type\":\"ListItem\",\"position\":3,\"name\":\"Elegance\"}]},{\"@type\":\"WebSite\",\"@id\":\"https:\\\/\\\/neoqi.com\\\/#website\",\"url\":\"https:\\\/\\\/neoqi.com\\\/\",\"name\":\"NEOQI\",\"description\":\"Experience Ultimate Wellness and Relaxation with NeoQi Spa Capsule: Your Path to Rejuvenation\",\"publisher\":{\"@id\":\"https:\\\/\\\/neoqi.com\\\/#organization\"},\"potentialAction\":[{\"@type\":\"SearchAction\",\"target\":{\"@type\":\"EntryPoint\",\"urlTemplate\":\"https:\\\/\\\/neoqi.com\\\/?s={search_term_string}\"},\"query-input\":{\"@type\":\"PropertyValueSpecification\",\"valueRequired\":true,\"valueName\":\"search_term_string\"}}],\"inLanguage\":\"es\"},{\"@type\":\"Organization\",\"@id\":\"https:\\\/\\\/neoqi.com\\\/#organization\",\"name\":\"NEOQI\",\"url\":\"https:\\\/\\\/neoqi.com\\\/\",\"logo\":{\"@type\":\"ImageObject\",\"inLanguage\":\"es\",\"@id\":\"https:\\\/\\\/neoqi.com\\\/#\\\/schema\\\/logo\\\/image\\\/\",\"url\":\"https:\\\/\\\/neoqi.com\\\/wp-content\\\/uploads\\\/2024\\\/09\\\/logoneosvg.svg\",\"contentUrl\":\"https:\\\/\\\/neoqi.com\\\/wp-content\\\/uploads\\\/2024\\\/09\\\/logoneosvg.svg\",\"width\":1,\"height\":1,\"caption\":\"NEOQI\"},\"image\":{\"@id\":\"https:\\\/\\\/neoqi.com\\\/#\\\/schema\\\/logo\\\/image\\\/\"},\"sameAs\":[\"https:\\\/\\\/www.facebook.com\\\/neoqi\\\/\",\"https:\\\/\\\/www.instagram.com\\\/neoqi_com\\\/\"]}]}<\/script>\n<!-- \/ Yoast SEO plugin. -->","yoast_head_json":{"title":"Elegance - NEOQI","robots":{"index":"index","follow":"follow","max-snippet":"max-snippet:-1","max-image-preview":"max-image-preview:large","max-video-preview":"max-video-preview:-1"},"canonical":"https:\/\/neoqi.com\/es\/producto\/elegance\/","og_locale":"es_ES","og_type":"article","og_title":"Elegance - NEOQI","og_description":"The Elegance Energy cocoon is an innovative solution for the bathroom. Thanks to SPA-capsule Elegance you can enjoy relaxing and invigorating SPA-rituals at your home.  The cocoon is equipped with the best thermo- and hydrotherapy functions in order to restore power and energy after a long day, decrease stress levels and strengthen the immune system. The capsule has a beneficial effect on the sensory organs: hearing, sight, smell and touch. The combination of dry infrared and humid steam sauna, hydro-, aroma- and chromotherapy and has an astonishing heath impact, improving blood circulation and internal organs functions, slowing aging processes, normalizing the functioning of the nervous system, making the skin smooth and firm.  With the Elegance SPA cocoon, you can improve the state of your wellbeing by enjoying a variety of SPA treatments in the privacy of your own home.  * The Elegance received an ADEX Award from the Design Journal magazine in 2007. The Award for Design Excellence is given annually by the Design Journal magazine for superior product design of furnishings marketed to the architectural and design trade. The ADEX award is one of the most coveted design awards in the industry.","og_url":"https:\/\/neoqi.com\/es\/producto\/elegance\/","og_site_name":"NEOQI","article_publisher":"https:\/\/www.facebook.com\/neoqi\/","article_modified_time":"2024-12-04T05:27:54+00:00","og_image":[{"width":1200,"height":800,"url":"https:\/\/neoqi.com\/wp-content\/uploads\/2024\/09\/elegance.png","type":"image\/png"}],"twitter_card":"summary_large_image","twitter_misc":{"Tiempo de lectura":"2 minutos"},"schema":{"@context":"https:\/\/schema.org","@graph":[{"@type":"WebPage","@id":"https:\/\/neoqi.com\/product\/elegance\/","url":"https:\/\/neoqi.com\/product\/elegance\/","name":"Elegance - NEOQI","isPartOf":{"@id":"https:\/\/neoqi.com\/#website"},"primaryImageOfPage":{"@id":"https:\/\/neoqi.com\/product\/elegance\/#primaryimage"},"image":{"@id":"https:\/\/neoqi.com\/product\/elegance\/#primaryimage"},"thumbnailUrl":"https:\/\/neoqi.com\/wp-content\/uploads\/2024\/09\/elegance.png","datePublished":"2024-09-06T22:11:40+00:00","dateModified":"2024-12-04T05:27:54+00:00","breadcrumb":{"@id":"https:\/\/neoqi.com\/product\/elegance\/#breadcrumb"},"inLanguage":"es","potentialAction":[{"@type":"ReadAction","target":["https:\/\/neoqi.com\/product\/elegance\/"]}]},{"@type":"ImageObject","inLanguage":"es","@id":"https:\/\/neoqi.com\/product\/elegance\/#primaryimage","url":"https:\/\/neoqi.com\/wp-content\/uploads\/2024\/09\/elegance.png","contentUrl":"https:\/\/neoqi.com\/wp-content\/uploads\/2024\/09\/elegance.png","width":1200,"height":800},{"@type":"BreadcrumbList","@id":"https:\/\/neoqi.com\/product\/elegance\/#breadcrumb","itemListElement":[{"@type":"ListItem","position":1,"name":"Home","item":"https:\/\/neoqi.com\/"},{"@type":"ListItem","position":2,"name":"Catalog","item":"https:\/\/neoqi.com\/it\/catalog\/"},{"@type":"ListItem","position":3,"name":"Elegance"}]},{"@type":"WebSite","@id":"https:\/\/neoqi.com\/#website","url":"https:\/\/neoqi.com\/","name":"NEOQI","description":"Experimente lo \u00faltimo en bienestar y relajaci\u00f3n con NeoQi Spa Capsule: Su camino hacia el rejuvenecimiento","publisher":{"@id":"https:\/\/neoqi.com\/#organization"},"potentialAction":[{"@type":"SearchAction","target":{"@type":"EntryPoint","urlTemplate":"https:\/\/neoqi.com\/?s={search_term_string}"},"query-input":{"@type":"PropertyValueSpecification","valueRequired":true,"valueName":"search_term_string"}}],"inLanguage":"es"},{"@type":"Organization","@id":"https:\/\/neoqi.com\/#organization","name":"NEOQI","url":"https:\/\/neoqi.com\/","logo":{"@type":"ImageObject","inLanguage":"es","@id":"https:\/\/neoqi.com\/#\/schema\/logo\/image\/","url":"https:\/\/neoqi.com\/wp-content\/uploads\/2024\/09\/logoneosvg.svg","contentUrl":"https:\/\/neoqi.com\/wp-content\/uploads\/2024\/09\/logoneosvg.svg","width":1,"height":1,"caption":"NEOQI"},"image":{"@id":"https:\/\/neoqi.com\/#\/schema\/logo\/image\/"},"sameAs":["https:\/\/www.facebook.com\/neoqi\/","https:\/\/www.instagram.com\/neoqi_com\/"]}]}},"_links":{"self":[{"href":"https:\/\/neoqi.com\/es\/wp-json\/wp\/v2\/product\/2197","targetHints":{"allow":["GET"]}}],"collection":[{"href":"https:\/\/neoqi.com\/es\/wp-json\/wp\/v2\/product"}],"about":[{"href":"https:\/\/neoqi.com\/es\/wp-json\/wp\/v2\/types\/product"}],"replies":[{"embeddable":true,"href":"https:\/\/neoqi.com\/es\/wp-json\/wp\/v2\/comments?post=2197"}],"wp:featuredmedia":[{"embeddable":true,"href":"https:\/\/neoqi.com\/es\/wp-json\/wp\/v2\/media\/2198"}],"wp:attachment":[{"href":"https:\/\/neoqi.com\/es\/wp-json\/wp\/v2\/media?parent=2197"}],"wp:term":[{"taxonomy":"product_brand","embeddable":true,"href":"https:\/\/neoqi.com\/es\/wp-json\/wp\/v2\/product_brand?post=2197"},{"taxonomy":"product_cat","embeddable":true,"href":"https:\/\/neoqi.com\/es\/wp-json\/wp\/v2\/product_cat?post=2197"},{"taxonomy":"product_tag","embeddable":true,"href":"https:\/\/neoqi.com\/es\/wp-json\/wp\/v2\/product_tag?post=2197"}],"curies":[{"name":"wp","href":"https:\/\/api.w.org\/{rel}","templated":true}]}}