{"id":2210,"date":"2024-09-07T03:14:05","date_gmt":"2024-09-07T00:14:05","guid":{"rendered":"http:\/\/neoqi.com\/?post_type=product&#038;p=2210"},"modified":"2024-12-04T08:28:05","modified_gmt":"2024-12-04T05:28:05","slug":"elebath","status":"publish","type":"product","link":"https:\/\/neoqi.com\/es\/producto\/elebath\/","title":{"rendered":"Elebath"},"content":{"rendered":"<h3>Los principales tratamientos en NeoQi\u00ae Elebath<\/h3>\n<p>Hidromasaje y masaje con burbujas de aire. El masaje acu\u00e1tico se realiza a lo largo de las zonas anat\u00f3micas y m\u00e1s problem\u00e1ticas. Los fuertes y resistentes chorros de agua masajean el cuerpo y los \u00f3rganos internos, aliviando el dolor de m\u00fasculos y articulaciones, corrigiendo los contornos de la figura y eliminando eficazmente el estr\u00e9s. Al mismo tiempo, miles de burbujas de aire en el agua envuelven suavemente el cuerpo y lo relajan, creando una sensaci\u00f3n de ligereza e ingravidez. El masaje con burbujas de aire normaliza la presi\u00f3n sangu\u00ednea, estimula la desintoxicaci\u00f3n y tiene un efecto calmante general.<br \/>\nLa balneoterapia ayuda a resolver muchos problemas relacionados con la salud. El poder curativo del agua con minerales, vitaminas, gases y sustancias org\u00e1nicas a\u00f1adidos tiene efectos beneficiosos sobre la piel, el sistema musculoesquel\u00e9tico, el sistema nervioso cardiovascular y central, los \u00f3rganos digestivos y el metabolismo.<br \/>\nCromoterapia. Los colores tienen un impacto beneficioso en el estado psicof\u00edsico general de una persona. Utiliza las propiedades de cada color para restablecer los patrones de sue\u00f1o y las funciones de los \u00f3rganos internos, eliminar los dolores de cabeza y normalizar el apetito, aliviar la ansiedad y la depresi\u00f3n.<\/p>\n<h3>Hidromasaje<\/h3>\n<p>Masaje con burbujas de aire<br \/>\n6 chorros laterales<br \/>\n6 chorros de masaje para la espalda<br \/>\n2 chorros para los pies<br \/>\n12 chorros de aire inferiores<br \/>\nTerapia con luz de color (cromoterapia)<br \/>\nDucha de mano<\/p>","protected":false},"excerpt":{"rendered":"<p>Elebath es la ba\u00f1era de hidromasaje m\u00e1s peque\u00f1a de todos los productos NeoQi. Elebath ofrece tratamientos de hidromasaje y masaje con burbujas de aire, complementados con sesiones de cromoterapia y balneoterapia.  Con una combinaci\u00f3n de programas a medida, se pueden tratar enfermedades musculoesquel\u00e9ticas y del sistema cardiovascular, aliviar dolores y espasmos musculares, disminuir los s\u00edntomas del estr\u00e9s, la fatiga, la depresi\u00f3n y reducir eficazmente el peso. Adem\u00e1s, puede ayudar a recuperar la elasticidad de la piel en las zonas m\u00e1s problem\u00e1ticas: muslos, abdomen y nalgas.<\/p>\n<p>El elegante dise\u00f1o y un conjunto de funciones necesarias para los tratamientos SPA convierten a esta perfecta ba\u00f1era de hidroterapia en el complejo para un sal\u00f3n de belleza m\u00e1s peque\u00f1o, un centro de masajes y bienestar o para uso dom\u00e9stico. Elebath - compacta como ba\u00f1era, funcional como complejo SPA.<\/p>","protected":false},"featured_media":2211,"comment_status":"open","ping_status":"closed","template":"","meta":{"_acf_changed":false,"site-sidebar-layout":"default","site-content-layout":"","ast-site-content-layout":"default","site-content-style":"default","site-sidebar-style":"default","ast-global-header-display":"","ast-banner-title-visibility":"","ast-main-header-display":"","ast-hfb-above-header-display":"","ast-hfb-below-header-display":"","ast-hfb-mobile-header-display":"","site-post-title":"","ast-breadcrumbs-content":"","ast-featured-img":"","footer-sml-layout":"","ast-disable-related-posts":"","theme-transparent-header-meta":"default","adv-header-id-meta":"","stick-header-meta":"","header-above-stick-meta":"","header-main-stick-meta":"","header-below-stick-meta":"","astra-migrate-meta-layouts":"set","ast-page-background-enabled":"default","ast-page-background-meta":{"desktop":{"background-color":"var(--ast-global-color-4)","background-image":"","background-repeat":"repeat","background-position":"center center","background-size":"auto","background-attachment":"scroll","background-type":"","background-media":"","overlay-type":"","overlay-color":"","overlay-opacity":"","overlay-gradient":""},"tablet":{"background-color":"","background-image":"","background-repeat":"repeat","background-position":"center center","background-size":"auto","background-attachment":"scroll","background-type":"","background-media":"","overlay-type":"","overlay-color":"","overlay-opacity":"","overlay-gradient":""},"mobile":{"background-color":"","background-image":"","background-repeat":"repeat","background-position":"center center","background-size":"auto","background-attachment":"scroll","background-type":"","background-media":"","overlay-type":"","overlay-color":"","overlay-opacity":"","overlay-gradient":""}},"ast-content-background-meta":{"desktop":{"background-color":"var(--ast-global-color-5)","background-image":"","background-repeat":"repeat","background-position":"center center","background-size":"auto","background-attachment":"scroll","background-type":"","background-media":"","overlay-type":"","overlay-color":"","overlay-opacity":"","overlay-gradient":""},"tablet":{"background-color":"var(--ast-global-color-5)","background-image":"","background-repeat":"repeat","background-position":"center center","background-size":"auto","background-attachment":"scroll","background-type":"","background-media":"","overlay-type":"","overlay-color":"","overlay-opacity":"","overlay-gradient":""},"mobile":{"background-color":"var(--ast-global-color-5)","background-image":"","background-repeat":"repeat","background-position":"center center","background-size":"auto","background-attachment":"scroll","background-type":"","background-media":"","overlay-type":"","overlay-color":"","overlay-opacity":"","overlay-gradient":""}}},"product_brand":[],"product_cat":[81,87],"product_tag":[],"class_list":{"0":"post-2210","1":"product","2":"type-product","3":"status-publish","4":"has-post-thumbnail","6":"product_cat-energy-cocoons","7":"product_cat-home-spa","8":"desktop-align-left","9":"tablet-align-left","10":"mobile-align-left","12":"first","13":"instock","14":"shipping-taxable","15":"product-type-simple"},"acf":[],"yoast_head":"<!-- This site is optimized with the Yoast SEO plugin v27.4 - https:\/\/yoast.com\/product\/yoast-seo-wordpress\/ -->\n<title>Elebath - NEOQI<\/title>\n<meta name=\"robots\" content=\"index, follow, max-snippet:-1, max-image-preview:large, max-video-preview:-1\" \/>\n<link rel=\"canonical\" href=\"https:\/\/neoqi.com\/es\/producto\/elebath\/\" \/>\n<meta property=\"og:locale\" content=\"es_ES\" \/>\n<meta property=\"og:type\" content=\"article\" \/>\n<meta property=\"og:title\" content=\"Elebath - NEOQI\" \/>\n<meta property=\"og:description\" content=\"Elebath is the smallest hydromassage bath of all NeoQi products. Elebath offers treatments of hydro and air bubble massage, complemented by chromo- and balneotherapy sessions. \u00a0With a combination of tailor-made programs, one can treat musculoskeletal and cardiovascular system diseases, relieve muscle pain and spasm, decrease stress symptoms, fatigue, depression and effectively reduce weight. In addition to that, it can help restore skin elasticity in the most problem areas \u2013 thighs, abdomen, and buttocks.  The Elegant design and a set of necessary functions for SPA treatments turn this perfect hydrotherapy bath into the complex for a smaller beauty salon, massage and wellness center, or home use. Elebath \u2013 compact as a bathtub, functional as a SPA complex.\" \/>\n<meta property=\"og:url\" content=\"https:\/\/neoqi.com\/es\/producto\/elebath\/\" \/>\n<meta property=\"og:site_name\" content=\"NEOQI\" \/>\n<meta property=\"article:publisher\" content=\"https:\/\/www.facebook.com\/neoqi\/\" \/>\n<meta property=\"article:modified_time\" content=\"2024-12-04T05:28:05+00:00\" \/>\n<meta property=\"og:image\" content=\"https:\/\/neoqi.com\/wp-content\/uploads\/2024\/09\/elebath.png\" \/>\n\t<meta property=\"og:image:width\" content=\"1200\" \/>\n\t<meta property=\"og:image:height\" content=\"800\" \/>\n\t<meta property=\"og:image:type\" content=\"image\/png\" \/>\n<meta name=\"twitter:card\" content=\"summary_large_image\" \/>\n<meta name=\"twitter:label1\" content=\"Tiempo de lectura\" \/>\n\t<meta name=\"twitter:data1\" content=\"2 minutos\" \/>\n<script type=\"application\/ld+json\" class=\"yoast-schema-graph\">{\"@context\":\"https:\\\/\\\/schema.org\",\"@graph\":[{\"@type\":\"WebPage\",\"@id\":\"https:\\\/\\\/neoqi.com\\\/product\\\/elebath\\\/\",\"url\":\"https:\\\/\\\/neoqi.com\\\/product\\\/elebath\\\/\",\"name\":\"Elebath - NEOQI\",\"isPartOf\":{\"@id\":\"https:\\\/\\\/neoqi.com\\\/#website\"},\"primaryImageOfPage\":{\"@id\":\"https:\\\/\\\/neoqi.com\\\/product\\\/elebath\\\/#primaryimage\"},\"image\":{\"@id\":\"https:\\\/\\\/neoqi.com\\\/product\\\/elebath\\\/#primaryimage\"},\"thumbnailUrl\":\"https:\\\/\\\/neoqi.com\\\/wp-content\\\/uploads\\\/2024\\\/09\\\/elebath.png\",\"datePublished\":\"2024-09-07T00:14:05+00:00\",\"dateModified\":\"2024-12-04T05:28:05+00:00\",\"breadcrumb\":{\"@id\":\"https:\\\/\\\/neoqi.com\\\/product\\\/elebath\\\/#breadcrumb\"},\"inLanguage\":\"es\",\"potentialAction\":[{\"@type\":\"ReadAction\",\"target\":[\"https:\\\/\\\/neoqi.com\\\/product\\\/elebath\\\/\"]}]},{\"@type\":\"ImageObject\",\"inLanguage\":\"es\",\"@id\":\"https:\\\/\\\/neoqi.com\\\/product\\\/elebath\\\/#primaryimage\",\"url\":\"https:\\\/\\\/neoqi.com\\\/wp-content\\\/uploads\\\/2024\\\/09\\\/elebath.png\",\"contentUrl\":\"https:\\\/\\\/neoqi.com\\\/wp-content\\\/uploads\\\/2024\\\/09\\\/elebath.png\",\"width\":1200,\"height\":800},{\"@type\":\"BreadcrumbList\",\"@id\":\"https:\\\/\\\/neoqi.com\\\/product\\\/elebath\\\/#breadcrumb\",\"itemListElement\":[{\"@type\":\"ListItem\",\"position\":1,\"name\":\"Home\",\"item\":\"https:\\\/\\\/neoqi.com\\\/\"},{\"@type\":\"ListItem\",\"position\":2,\"name\":\"Catalog\",\"item\":\"https:\\\/\\\/neoqi.com\\\/it\\\/catalog\\\/\"},{\"@type\":\"ListItem\",\"position\":3,\"name\":\"Elebath\"}]},{\"@type\":\"WebSite\",\"@id\":\"https:\\\/\\\/neoqi.com\\\/#website\",\"url\":\"https:\\\/\\\/neoqi.com\\\/\",\"name\":\"NEOQI\",\"description\":\"Experience Ultimate Wellness and Relaxation with NeoQi Spa Capsule: Your Path to Rejuvenation\",\"publisher\":{\"@id\":\"https:\\\/\\\/neoqi.com\\\/#organization\"},\"potentialAction\":[{\"@type\":\"SearchAction\",\"target\":{\"@type\":\"EntryPoint\",\"urlTemplate\":\"https:\\\/\\\/neoqi.com\\\/?s={search_term_string}\"},\"query-input\":{\"@type\":\"PropertyValueSpecification\",\"valueRequired\":true,\"valueName\":\"search_term_string\"}}],\"inLanguage\":\"es\"},{\"@type\":\"Organization\",\"@id\":\"https:\\\/\\\/neoqi.com\\\/#organization\",\"name\":\"NEOQI\",\"url\":\"https:\\\/\\\/neoqi.com\\\/\",\"logo\":{\"@type\":\"ImageObject\",\"inLanguage\":\"es\",\"@id\":\"https:\\\/\\\/neoqi.com\\\/#\\\/schema\\\/logo\\\/image\\\/\",\"url\":\"https:\\\/\\\/neoqi.com\\\/wp-content\\\/uploads\\\/2024\\\/09\\\/logoneosvg.svg\",\"contentUrl\":\"https:\\\/\\\/neoqi.com\\\/wp-content\\\/uploads\\\/2024\\\/09\\\/logoneosvg.svg\",\"width\":1,\"height\":1,\"caption\":\"NEOQI\"},\"image\":{\"@id\":\"https:\\\/\\\/neoqi.com\\\/#\\\/schema\\\/logo\\\/image\\\/\"},\"sameAs\":[\"https:\\\/\\\/www.facebook.com\\\/neoqi\\\/\",\"https:\\\/\\\/www.instagram.com\\\/neoqi_com\\\/\"]}]}<\/script>\n<!-- \/ Yoast SEO plugin. -->","yoast_head_json":{"title":"Elebath - NEOQI","robots":{"index":"index","follow":"follow","max-snippet":"max-snippet:-1","max-image-preview":"max-image-preview:large","max-video-preview":"max-video-preview:-1"},"canonical":"https:\/\/neoqi.com\/es\/producto\/elebath\/","og_locale":"es_ES","og_type":"article","og_title":"Elebath - NEOQI","og_description":"Elebath is the smallest hydromassage bath of all NeoQi products. Elebath offers treatments of hydro and air bubble massage, complemented by chromo- and balneotherapy sessions. \u00a0With a combination of tailor-made programs, one can treat musculoskeletal and cardiovascular system diseases, relieve muscle pain and spasm, decrease stress symptoms, fatigue, depression and effectively reduce weight. In addition to that, it can help restore skin elasticity in the most problem areas \u2013 thighs, abdomen, and buttocks.  The Elegant design and a set of necessary functions for SPA treatments turn this perfect hydrotherapy bath into the complex for a smaller beauty salon, massage and wellness center, or home use. Elebath \u2013 compact as a bathtub, functional as a SPA complex.","og_url":"https:\/\/neoqi.com\/es\/producto\/elebath\/","og_site_name":"NEOQI","article_publisher":"https:\/\/www.facebook.com\/neoqi\/","article_modified_time":"2024-12-04T05:28:05+00:00","og_image":[{"width":1200,"height":800,"url":"https:\/\/neoqi.com\/wp-content\/uploads\/2024\/09\/elebath.png","type":"image\/png"}],"twitter_card":"summary_large_image","twitter_misc":{"Tiempo de lectura":"2 minutos"},"schema":{"@context":"https:\/\/schema.org","@graph":[{"@type":"WebPage","@id":"https:\/\/neoqi.com\/product\/elebath\/","url":"https:\/\/neoqi.com\/product\/elebath\/","name":"Elebath - NEOQI","isPartOf":{"@id":"https:\/\/neoqi.com\/#website"},"primaryImageOfPage":{"@id":"https:\/\/neoqi.com\/product\/elebath\/#primaryimage"},"image":{"@id":"https:\/\/neoqi.com\/product\/elebath\/#primaryimage"},"thumbnailUrl":"https:\/\/neoqi.com\/wp-content\/uploads\/2024\/09\/elebath.png","datePublished":"2024-09-07T00:14:05+00:00","dateModified":"2024-12-04T05:28:05+00:00","breadcrumb":{"@id":"https:\/\/neoqi.com\/product\/elebath\/#breadcrumb"},"inLanguage":"es","potentialAction":[{"@type":"ReadAction","target":["https:\/\/neoqi.com\/product\/elebath\/"]}]},{"@type":"ImageObject","inLanguage":"es","@id":"https:\/\/neoqi.com\/product\/elebath\/#primaryimage","url":"https:\/\/neoqi.com\/wp-content\/uploads\/2024\/09\/elebath.png","contentUrl":"https:\/\/neoqi.com\/wp-content\/uploads\/2024\/09\/elebath.png","width":1200,"height":800},{"@type":"BreadcrumbList","@id":"https:\/\/neoqi.com\/product\/elebath\/#breadcrumb","itemListElement":[{"@type":"ListItem","position":1,"name":"Home","item":"https:\/\/neoqi.com\/"},{"@type":"ListItem","position":2,"name":"Catalog","item":"https:\/\/neoqi.com\/it\/catalog\/"},{"@type":"ListItem","position":3,"name":"Elebath"}]},{"@type":"WebSite","@id":"https:\/\/neoqi.com\/#website","url":"https:\/\/neoqi.com\/","name":"NEOQI","description":"Experimente lo \u00faltimo en bienestar y relajaci\u00f3n con NeoQi Spa Capsule: Su camino hacia el rejuvenecimiento","publisher":{"@id":"https:\/\/neoqi.com\/#organization"},"potentialAction":[{"@type":"SearchAction","target":{"@type":"EntryPoint","urlTemplate":"https:\/\/neoqi.com\/?s={search_term_string}"},"query-input":{"@type":"PropertyValueSpecification","valueRequired":true,"valueName":"search_term_string"}}],"inLanguage":"es"},{"@type":"Organization","@id":"https:\/\/neoqi.com\/#organization","name":"NEOQI","url":"https:\/\/neoqi.com\/","logo":{"@type":"ImageObject","inLanguage":"es","@id":"https:\/\/neoqi.com\/#\/schema\/logo\/image\/","url":"https:\/\/neoqi.com\/wp-content\/uploads\/2024\/09\/logoneosvg.svg","contentUrl":"https:\/\/neoqi.com\/wp-content\/uploads\/2024\/09\/logoneosvg.svg","width":1,"height":1,"caption":"NEOQI"},"image":{"@id":"https:\/\/neoqi.com\/#\/schema\/logo\/image\/"},"sameAs":["https:\/\/www.facebook.com\/neoqi\/","https:\/\/www.instagram.com\/neoqi_com\/"]}]}},"_links":{"self":[{"href":"https:\/\/neoqi.com\/es\/wp-json\/wp\/v2\/product\/2210","targetHints":{"allow":["GET"]}}],"collection":[{"href":"https:\/\/neoqi.com\/es\/wp-json\/wp\/v2\/product"}],"about":[{"href":"https:\/\/neoqi.com\/es\/wp-json\/wp\/v2\/types\/product"}],"replies":[{"embeddable":true,"href":"https:\/\/neoqi.com\/es\/wp-json\/wp\/v2\/comments?post=2210"}],"wp:featuredmedia":[{"embeddable":true,"href":"https:\/\/neoqi.com\/es\/wp-json\/wp\/v2\/media\/2211"}],"wp:attachment":[{"href":"https:\/\/neoqi.com\/es\/wp-json\/wp\/v2\/media?parent=2210"}],"wp:term":[{"taxonomy":"product_brand","embeddable":true,"href":"https:\/\/neoqi.com\/es\/wp-json\/wp\/v2\/product_brand?post=2210"},{"taxonomy":"product_cat","embeddable":true,"href":"https:\/\/neoqi.com\/es\/wp-json\/wp\/v2\/product_cat?post=2210"},{"taxonomy":"product_tag","embeddable":true,"href":"https:\/\/neoqi.com\/es\/wp-json\/wp\/v2\/product_tag?post=2210"}],"curies":[{"name":"wp","href":"https:\/\/api.w.org\/{rel}","templated":true}]}}