{"id":1963,"date":"2024-09-06T20:36:28","date_gmt":"2024-09-06T17:36:28","guid":{"rendered":"http:\/\/neoqi.com\/?page_id=1963"},"modified":"2024-09-06T20:36:28","modified_gmt":"2024-09-06T17:36:28","slug":"technical-data","status":"publish","type":"page","link":"https:\/\/neoqi.com\/et\/how-it-works\/technical-data\/","title":{"rendered":"Tehnilised andmed"},"content":{"rendered":"<p><strong>Tuba<\/strong><\/p>\n<p>NeoQi seadmed on m\u00f5eldud kasutamiseks sisetingimustes ja neid ei tohi transportida ega ladustada alla 0 kraadi C. Seadmeid tuleb kasutada niiskuskindlas ruumis, soovitatav on ventilatsioon, kuna t\u00f6\u00f6re\u017eiimil tekitab masin niiskust.<\/p>\n<p>Soovitatav on, et p\u00f5randal oleks \u00fcldine \u00e4ravool.<\/p>\n<p>Uksed peavad olema v\u00e4hemalt 80 cm laiad.<\/p>\n<p>NeoQi\u00ae -seadmeid ei tohi kasutada, kui \u00f5hk sisaldab S\u00dc\u00dcNDUVAT ANAL\u00dc\u00dcSTEETILIST SEOST \u00d5HUGA v\u00f5i HAPSIGAANI V\u00d5I NITROOTS\u00dc\u00dcDIGA.<\/p>\n<p><strong>V\u00f5imsus<\/strong><\/p>\n<p>NeoQi\u00ae -seadmete elektripaigaldusi peavad teostama kvalifitseeritud spetsialistid v\u00f5i NeoQi\u00ae ASi ametlik esindaja.<\/p>\n<p>NeoQi seadmed kasutavad 3 x 2,5 mm\u00b2 vasest ristl\u00f5ikega toitejuhet. Toitejuhe tuleb \u00fchendada niiskuskindlasse \u00fchenduskarbi, mis asub seadme raamil.<\/p>\n<p>Maksimaalne energiatarve on s\u00f5ltuvalt mudelist erinev, ulatudes 0,3 kW kuni 4,6 kW.<\/p>\n<p>Kaitseseadme voolutugevus seadme ette ei tohiks olla v\u00e4iksem kui 20A.<\/p>\n<p>Paikselt paigaldatud seadmete peamise v\u00e4lise toiteahela kaitsme nimiv\u00e4\u00e4rtus: kaitsel\u00fclitid 20A.<\/p>\n<p><strong>Vesi<\/strong><\/p>\n<p>NeoQi\u00ae Harmony seadmete sooja ja k\u00fclma vee sisselaske- ja \u00e4ravoolu\u00fchenduste paigaldamist peab teostama kvalifitseeritud spetsialist v\u00f5i NeoQi\u00ae ASi ametlik esindaja.<\/p>\n<p>Vajalik on kaks survevoolikut - \u00fcks kuuma ja teine k\u00fclma vee jaoks. S\u00f5ltuvalt mudelist peavad otsad olema kas \u00bd v\u00f5i 3\u20444 keermega. Voolikute pikkus s\u00f5ltub vee sisselaskeava kaugusest.<\/p>\n<p>NeoQi seadmed kasutavad \u00d8 32 v\u00f5i 50 mm \u00fchendusi p\u00f5randal oleva drenaa\u017ei ja vee \u00e4ravooluvooliku jaoks, s\u00f5ltuvalt paigaldatavast mudelist. Drenaa\u017eivooliku pikkus s\u00f5ltub kaugusest drenaa\u017eiavast maapinnal.<\/p>\n<p>Seadmete n\u00f5uetekohaseks toimimiseks tuleks kasutada ainult puhast kraanivett. Kui kraanivesi sisaldab suure hulga abrasiivseid aineid v\u00f5i roostet, on soovitatav paigaldada veefilter.<a name=\"_Toc243812516\"><\/a><a name=\"_Toc55370922\"><\/a><a name=\"_Toc35756076\"><\/a>.<\/p>\n<p>Minimaalne vajalik veetase h\u00fcdroteraapia vanni toimimiseks peaks olema ~ 1 cm k\u00f5rgemal seljajugadest.<\/p>\n<p>Maksimaalne lubatud koormus vibreerimisalusele on 175 kg.<\/p>","protected":false},"excerpt":{"rendered":"<p>Room NeoQi equipment is designed for use in indoor conditions and cannot be transported or stored below 0 degrees C. The equipment should be used in a moisture proof room, ventilation is recommended, as in the working regime, the machine creates humidity. It is recommended to have a general drain on the floor. Doors must [&hellip;]<\/p>\n","protected":false},"author":3,"featured_media":0,"parent":1953,"menu_order":0,"comment_status":"closed","ping_status":"closed","template":"","meta":{"_acf_changed":false,"site-sidebar-layout":"default","site-content-layout":"","ast-site-content-layout":"default","site-content-style":"default","site-sidebar-style":"default","ast-global-header-display":"","ast-banner-title-visibility":"","ast-main-header-display":"","ast-hfb-above-header-display":"","ast-hfb-below-header-display":"","ast-hfb-mobile-header-display":"","site-post-title":"","ast-breadcrumbs-content":"","ast-featured-img":"","footer-sml-layout":"","ast-disable-related-posts":"","theme-transparent-header-meta":"default","adv-header-id-meta":"","stick-header-meta":"","header-above-stick-meta":"","header-main-stick-meta":"","header-below-stick-meta":"","astra-migrate-meta-layouts":"set","ast-page-background-enabled":"default","ast-page-background-meta":{"desktop":{"background-color":"var(--ast-global-color-4)","background-image":"","background-repeat":"repeat","background-position":"center center","background-size":"auto","background-attachment":"scroll","background-type":"","background-media":"","overlay-type":"","overlay-color":"","overlay-opacity":"","overlay-gradient":""},"tablet":{"background-color":"","background-image":"","background-repeat":"repeat","background-position":"center center","background-size":"auto","background-attachment":"scroll","background-type":"","background-media":"","overlay-type":"","overlay-color":"","overlay-opacity":"","overlay-gradient":""},"mobile":{"background-color":"","background-image":"","background-repeat":"repeat","background-position":"center center","background-size":"auto","background-attachment":"scroll","background-type":"","background-media":"","overlay-type":"","overlay-color":"","overlay-opacity":"","overlay-gradient":""}},"ast-content-background-meta":{"desktop":{"background-color":"var(--ast-global-color-5)","background-image":"","background-repeat":"repeat","background-position":"center center","background-size":"auto","background-attachment":"scroll","background-type":"","background-media":"","overlay-type":"","overlay-color":"","overlay-opacity":"","overlay-gradient":""},"tablet":{"background-color":"var(--ast-global-color-5)","background-image":"","background-repeat":"repeat","background-position":"center center","background-size":"auto","background-attachment":"scroll","background-type":"","background-media":"","overlay-type":"","overlay-color":"","overlay-opacity":"","overlay-gradient":""},"mobile":{"background-color":"var(--ast-global-color-5)","background-image":"","background-repeat":"repeat","background-position":"center center","background-size":"auto","background-attachment":"scroll","background-type":"","background-media":"","overlay-type":"","overlay-color":"","overlay-opacity":"","overlay-gradient":""}},"footnotes":""},"class_list":["post-1963","page","type-page","status-publish","hentry"],"acf":[],"yoast_head":"<!-- This site is optimized with the Yoast SEO plugin v27.4 - https:\/\/yoast.com\/product\/yoast-seo-wordpress\/ -->\n<title>Technical data - NEOQI<\/title>\n<meta name=\"robots\" content=\"index, follow, max-snippet:-1, max-image-preview:large, max-video-preview:-1\" \/>\n<link rel=\"canonical\" href=\"https:\/\/neoqi.com\/et\/how-it-works\/technical-data\/\" \/>\n<meta property=\"og:locale\" content=\"et_EE\" \/>\n<meta property=\"og:type\" content=\"article\" \/>\n<meta property=\"og:title\" content=\"Technical data - NEOQI\" \/>\n<meta property=\"og:description\" content=\"Room NeoQi equipment is designed for use in indoor conditions and cannot be transported or stored below 0 degrees C. The equipment should be used in a moisture proof room, ventilation is recommended, as in the working regime, the machine creates humidity. It is recommended to have a general drain on the floor. Doors must [&hellip;]\" \/>\n<meta property=\"og:url\" content=\"https:\/\/neoqi.com\/et\/how-it-works\/technical-data\/\" \/>\n<meta property=\"og:site_name\" content=\"NEOQI\" \/>\n<meta property=\"article:publisher\" content=\"https:\/\/www.facebook.com\/neoqi\/\" \/>\n<meta name=\"twitter:card\" content=\"summary_large_image\" \/>\n<meta name=\"twitter:label1\" content=\"Est. reading time\" \/>\n\t<meta name=\"twitter:data1\" content=\"2 minutit\" \/>\n<script type=\"application\/ld+json\" class=\"yoast-schema-graph\">{\"@context\":\"https:\\\/\\\/schema.org\",\"@graph\":[{\"@type\":\"WebPage\",\"@id\":\"https:\\\/\\\/neoqi.com\\\/how-it-works\\\/technical-data\\\/\",\"url\":\"https:\\\/\\\/neoqi.com\\\/how-it-works\\\/technical-data\\\/\",\"name\":\"Technical data - NEOQI\",\"isPartOf\":{\"@id\":\"https:\\\/\\\/neoqi.com\\\/#website\"},\"datePublished\":\"2024-09-06T17:36:28+00:00\",\"breadcrumb\":{\"@id\":\"https:\\\/\\\/neoqi.com\\\/how-it-works\\\/technical-data\\\/#breadcrumb\"},\"inLanguage\":\"et\",\"potentialAction\":[{\"@type\":\"ReadAction\",\"target\":[\"https:\\\/\\\/neoqi.com\\\/how-it-works\\\/technical-data\\\/\"]}]},{\"@type\":\"BreadcrumbList\",\"@id\":\"https:\\\/\\\/neoqi.com\\\/how-it-works\\\/technical-data\\\/#breadcrumb\",\"itemListElement\":[{\"@type\":\"ListItem\",\"position\":1,\"name\":\"Home\",\"item\":\"https:\\\/\\\/neoqi.com\\\/\"},{\"@type\":\"ListItem\",\"position\":2,\"name\":\"How it Works\",\"item\":\"https:\\\/\\\/neoqi.com\\\/ru\\\/how-it-works\\\/\"},{\"@type\":\"ListItem\",\"position\":3,\"name\":\"Technical data\"}]},{\"@type\":\"WebSite\",\"@id\":\"https:\\\/\\\/neoqi.com\\\/#website\",\"url\":\"https:\\\/\\\/neoqi.com\\\/\",\"name\":\"NEOQI\",\"description\":\"Experience Ultimate Wellness and Relaxation with NeoQi Spa Capsule: Your Path to Rejuvenation\",\"publisher\":{\"@id\":\"https:\\\/\\\/neoqi.com\\\/#organization\"},\"potentialAction\":[{\"@type\":\"SearchAction\",\"target\":{\"@type\":\"EntryPoint\",\"urlTemplate\":\"https:\\\/\\\/neoqi.com\\\/?s={search_term_string}\"},\"query-input\":{\"@type\":\"PropertyValueSpecification\",\"valueRequired\":true,\"valueName\":\"search_term_string\"}}],\"inLanguage\":\"et\"},{\"@type\":\"Organization\",\"@id\":\"https:\\\/\\\/neoqi.com\\\/#organization\",\"name\":\"NEOQI\",\"url\":\"https:\\\/\\\/neoqi.com\\\/\",\"logo\":{\"@type\":\"ImageObject\",\"inLanguage\":\"et\",\"@id\":\"https:\\\/\\\/neoqi.com\\\/#\\\/schema\\\/logo\\\/image\\\/\",\"url\":\"https:\\\/\\\/neoqi.com\\\/wp-content\\\/uploads\\\/2024\\\/09\\\/logoneosvg.svg\",\"contentUrl\":\"https:\\\/\\\/neoqi.com\\\/wp-content\\\/uploads\\\/2024\\\/09\\\/logoneosvg.svg\",\"width\":1,\"height\":1,\"caption\":\"NEOQI\"},\"image\":{\"@id\":\"https:\\\/\\\/neoqi.com\\\/#\\\/schema\\\/logo\\\/image\\\/\"},\"sameAs\":[\"https:\\\/\\\/www.facebook.com\\\/neoqi\\\/\",\"https:\\\/\\\/www.instagram.com\\\/neoqi_com\\\/\"]}]}<\/script>\n<!-- \/ Yoast SEO plugin. -->","yoast_head_json":{"title":"Technical data - NEOQI","robots":{"index":"index","follow":"follow","max-snippet":"max-snippet:-1","max-image-preview":"max-image-preview:large","max-video-preview":"max-video-preview:-1"},"canonical":"https:\/\/neoqi.com\/et\/how-it-works\/technical-data\/","og_locale":"et_EE","og_type":"article","og_title":"Technical data - NEOQI","og_description":"Room NeoQi equipment is designed for use in indoor conditions and cannot be transported or stored below 0 degrees C. The equipment should be used in a moisture proof room, ventilation is recommended, as in the working regime, the machine creates humidity. It is recommended to have a general drain on the floor. Doors must [&hellip;]","og_url":"https:\/\/neoqi.com\/et\/how-it-works\/technical-data\/","og_site_name":"NEOQI","article_publisher":"https:\/\/www.facebook.com\/neoqi\/","twitter_card":"summary_large_image","twitter_misc":{"Est. reading time":"2 minutit"},"schema":{"@context":"https:\/\/schema.org","@graph":[{"@type":"WebPage","@id":"https:\/\/neoqi.com\/how-it-works\/technical-data\/","url":"https:\/\/neoqi.com\/how-it-works\/technical-data\/","name":"Technical data - NEOQI","isPartOf":{"@id":"https:\/\/neoqi.com\/#website"},"datePublished":"2024-09-06T17:36:28+00:00","breadcrumb":{"@id":"https:\/\/neoqi.com\/how-it-works\/technical-data\/#breadcrumb"},"inLanguage":"et","potentialAction":[{"@type":"ReadAction","target":["https:\/\/neoqi.com\/how-it-works\/technical-data\/"]}]},{"@type":"BreadcrumbList","@id":"https:\/\/neoqi.com\/how-it-works\/technical-data\/#breadcrumb","itemListElement":[{"@type":"ListItem","position":1,"name":"Home","item":"https:\/\/neoqi.com\/"},{"@type":"ListItem","position":2,"name":"How it Works","item":"https:\/\/neoqi.com\/ru\/how-it-works\/"},{"@type":"ListItem","position":3,"name":"Technical data"}]},{"@type":"WebSite","@id":"https:\/\/neoqi.com\/#website","url":"https:\/\/neoqi.com\/","name":"NEOQI","description":"Kogege \u00fclimat heaolu ja l\u00f5\u00f5gastust NeoQi Spa kapsliga: Teie tee noorendamiseni","publisher":{"@id":"https:\/\/neoqi.com\/#organization"},"potentialAction":[{"@type":"SearchAction","target":{"@type":"EntryPoint","urlTemplate":"https:\/\/neoqi.com\/?s={search_term_string}"},"query-input":{"@type":"PropertyValueSpecification","valueRequired":true,"valueName":"search_term_string"}}],"inLanguage":"et"},{"@type":"Organization","@id":"https:\/\/neoqi.com\/#organization","name":"NEOQI","url":"https:\/\/neoqi.com\/","logo":{"@type":"ImageObject","inLanguage":"et","@id":"https:\/\/neoqi.com\/#\/schema\/logo\/image\/","url":"https:\/\/neoqi.com\/wp-content\/uploads\/2024\/09\/logoneosvg.svg","contentUrl":"https:\/\/neoqi.com\/wp-content\/uploads\/2024\/09\/logoneosvg.svg","width":1,"height":1,"caption":"NEOQI"},"image":{"@id":"https:\/\/neoqi.com\/#\/schema\/logo\/image\/"},"sameAs":["https:\/\/www.facebook.com\/neoqi\/","https:\/\/www.instagram.com\/neoqi_com\/"]}]}},"_links":{"self":[{"href":"https:\/\/neoqi.com\/et\/wp-json\/wp\/v2\/pages\/1963","targetHints":{"allow":["GET"]}}],"collection":[{"href":"https:\/\/neoqi.com\/et\/wp-json\/wp\/v2\/pages"}],"about":[{"href":"https:\/\/neoqi.com\/et\/wp-json\/wp\/v2\/types\/page"}],"author":[{"embeddable":true,"href":"https:\/\/neoqi.com\/et\/wp-json\/wp\/v2\/users\/3"}],"replies":[{"embeddable":true,"href":"https:\/\/neoqi.com\/et\/wp-json\/wp\/v2\/comments?post=1963"}],"version-history":[{"count":1,"href":"https:\/\/neoqi.com\/et\/wp-json\/wp\/v2\/pages\/1963\/revisions"}],"predecessor-version":[{"id":1964,"href":"https:\/\/neoqi.com\/et\/wp-json\/wp\/v2\/pages\/1963\/revisions\/1964"}],"up":[{"embeddable":true,"href":"https:\/\/neoqi.com\/et\/wp-json\/wp\/v2\/pages\/1953"}],"wp:attachment":[{"href":"https:\/\/neoqi.com\/et\/wp-json\/wp\/v2\/media?parent=1963"}],"curies":[{"name":"wp","href":"https:\/\/api.w.org\/{rel}","templated":true}]}}