{"id":1965,"date":"2024-09-06T20:38:58","date_gmt":"2024-09-06T17:38:58","guid":{"rendered":"http:\/\/neoqi.com\/?page_id=1965"},"modified":"2024-09-07T13:06:41","modified_gmt":"2024-09-07T10:06:41","slug":"functions","status":"publish","type":"page","link":"https:\/\/neoqi.com\/et\/how-it-works\/functions\/","title":{"rendered":"Funktsioonid"},"content":{"rendered":"<table width=\"804\">\n<tbody>\n<tr>\n<td width=\"113\"><img decoding=\"async\" class=\"wp-image-1352  aligncenter\" src=\"http:\/\/neoqi.com\/wp-content\/uploads\/2015\/03\/Steam.png\" alt=\"Steam\" width=\"65\" height=\"78\" \/><\/td>\n<td width=\"690\"><strong>Aur\u00a0<\/strong>Tagab t\u00f5husa detoksifikatsiooni (j\u00e4\u00e4tmetekke, toksiliste ja ballastainete eritumine kehast), suurendab biokeemilisi protsesse kudedes, eemaldab lisandeid ja samal ajal soodustab naha tekstuuri, elastsust ja toonust, suurendab vastuv\u00f5tlikkust remineraliseerivatele ravimeetoditele ja aktiivsete toodete m\u00f5jule. Loe l\u00e4hemalt\u00a0<a href=\"http:\/\/neoqi.com\/et\/how-it-works\/functions\/steam-sauna\/\">aurusaun<\/a>.<\/td>\n<\/tr>\n<tr>\n<td width=\"113\"><img decoding=\"async\" class=\"wp-image-1350 aligncenter\" src=\"http:\/\/neoqi.com\/wp-content\/uploads\/2015\/03\/Infrared.png\" alt=\"Infrared\" width=\"65\" height=\"77\" \/><\/td>\n<td width=\"690\"><strong>Infrapuna\u00a0<\/strong>Kudede (nahaalune rasvkude, lihased, liigesed, k\u00f5\u00f5lused) t\u00f5husam ja s\u00fcgavam soojendus, mis p\u00f5hjustab keha mahu v\u00e4henemist, artroosi\/artriidi\/m\u00fcosiidi ja nihestuste ravi; treenib s\u00fcdame-veresoonkonna s\u00fcsteemi, suurendab keha \u00fcldist toonust, kiirendab regeneratsiooni ja noorendamist, tugevdab immuuns\u00fcsteemi. Loe l\u00e4hemalt\u00a0<a href=\"http:\/\/neoqi.com\/et\/how-it-works\/functions\/infrared-sauna\/\">infrapunasaun<\/a>.<\/td>\n<\/tr>\n<tr>\n<td width=\"113\"><img decoding=\"async\" class=\"wp-image-1354 aligncenter\" src=\"http:\/\/neoqi.com\/wp-content\/uploads\/2015\/03\/Vichy-Shower.png\" alt=\"Vichy Shower\" width=\"66\" height=\"73\" \/><\/td>\n<td width=\"690\"><strong>Vichy du\u0161\u0161\u00a0<\/strong>Tekitab pritsme-taolist tugevat vihma, pakkudes massaa\u017ei v\u00e4ljaspool veekeskkonda. Teie kehale langevad veepiisad panevad teid algul valvetama ja seej\u00e4rel l\u00f5\u00f5gastuma. Loe l\u00e4hemalt\u00a0<a href=\"http:\/\/neoqi.com\/et\/how-it-works\/functions\/vichy-shower\/\">Vichy du\u0161\u0161<\/a>.<\/td>\n<\/tr>\n<tr>\n<td width=\"113\"><img loading=\"lazy\" decoding=\"async\" class=\"wp-image-1353 aligncenter\" src=\"http:\/\/neoqi.com\/wp-content\/uploads\/2015\/03\/Vibromassage.png\" alt=\"Vibromassage\" width=\"65\" height=\"70\" \/><\/td>\n<td width=\"690\"><strong>Vibreeriv voodi\u00a0<\/strong>Kiirendab kudede taastumist, aitab k\u00f5rvaldada toksiine, avaldab positiivset m\u00f5ju neuromuskulaarsele s\u00fcsteemile, parandab lihaste j\u00f5udlust ja nende kudede redoksprotsessid, aitab leevendada stressi, pingeid, valu, stagnatsioonide k\u00f5rvaldamist. Loe l\u00e4hemalt\u00a0<a href=\"http:\/\/neoqi.com\/et\/how-it-works\/functions\/vibromassage\/\">vibreeriv ravilaud<\/a>.<\/td>\n<\/tr>\n<tr>\n<td width=\"113\"><a href=\"http:\/\/neoqi.com\/wp-content\/uploads\/2015\/03\/HYDROMASSAGE.jpg\"><img loading=\"lazy\" decoding=\"async\" class=\"wp-image-1433 aligncenter\" src=\"http:\/\/neoqi.com\/wp-content\/uploads\/2015\/03\/HYDROMASSAGE.jpg\" alt=\"HYDROMASSAGE\" width=\"89\" height=\"87\" \/><\/a><\/td>\n<td width=\"690\"><strong>Vee (h\u00fcdromassaa\u017e)\u00a0<\/strong>Tagab kohese l\u00f5\u00f5gastava m\u00f5ju t\u00e4nu erineva r\u00f5huga soojade veevoogude toimele; suurendab vere- ja l\u00fcmfiringlust, stimuleerib ainevahetust ja biokeemilisi protsesse organites ja kudedes. Terapeutiline kasu tuleneb sooja vee l\u00f5\u00f5gastavast toimest, mida rakendatakse lihastele erineva j\u00f5uga. Loe l\u00e4hemalt<a href=\"http:\/\/neoqi.com\/et\/how-it-works\/functions\/hydromassage\/\">\u00a0h\u00fcdromassaa\u017e<\/a>.<\/td>\n<\/tr>\n<tr>\n<td width=\"113\"><img loading=\"lazy\" decoding=\"async\" class=\"wp-image-1432 aligncenter\" src=\"http:\/\/neoqi.com\/wp-content\/uploads\/2015\/03\/Bottom-Air.png\" alt=\"Bottom Air\" width=\"65\" height=\"78\" \/><\/td>\n<td width=\"690\"><strong>\u00d5humullide massaa\u017e\u00a0<\/strong>Ideaalne stressihormoonide suurenenud vabanemise v\u00e4hendamiseks, luues ps\u00fchholoogilise ja f\u00fc\u00fcsilise mugavuse elemendi; v\u00e4hendab erineva iseloomuga ebameeldivate ja valusate tunnete tugevust, leevendab luude ja liigeste stressi, leevendab unetust. Loe l\u00e4hemalt\u00a0<a href=\"http:\/\/neoqi.com\/et\/how-it-works\/functions\/air-bubble-massage\/\">\u00f5humullide massaa\u017e<\/a>.<\/td>\n<\/tr>\n<tr>\n<td width=\"113\"><img loading=\"lazy\" decoding=\"async\" class=\"wp-image-1434 aligncenter\" src=\"http:\/\/neoqi.com\/wp-content\/uploads\/2015\/03\/Chromotherapy.png\" alt=\"Chromotherapy\" width=\"79\" height=\"73\" \/><\/td>\n<td width=\"690\"><strong>LED valgus\u00a0<\/strong>Esindab valguse aktiivset energiat, millel on tohutu m\u00f5ju meie vaimule ja hingele - aktiveerib f\u00fcsioloogilisi protsesse, mis reguleerivad igap\u00e4evast bior\u00fctmi, parandab immuunsust, on t\u00f5hus v\u00e4simuse, depressiooni, uneh\u00e4irete, neurooside ja v\u00e4simuse raviks. Loe l\u00e4hemalt\u00a0<a href=\"http:\/\/neoqi.com\/et\/how-it-works\/functions\/chromotherapy\/\">kromoteraapia<\/a>.<\/td>\n<\/tr>\n<tr>\n<td width=\"113\"><img loading=\"lazy\" decoding=\"async\" class=\"wp-image-1351 aligncenter\" src=\"http:\/\/neoqi.com\/wp-content\/uploads\/2015\/03\/Musictherapy.png\" alt=\"Musictherapy\" width=\"64\" height=\"71\" \/><\/td>\n<td width=\"690\"><strong>Muusikateraapia\u00a0<\/strong>\u00dcks vanimaid ja loomulikke emotsionaalsete seisundite korrigeerimise vorme. Muusika r\u00fctmilised komponendid aitavad suurendada eluj\u00f5udu, aitavad kaasa pidevale energiavoolule, leevendavad valu ja n\u00e4rvipingeid. \u00d6eldakse, et puhkamine koos muusikaga on t\u00f5husam kui ilma muusikata. Loe l\u00e4hemalt\u00a0<a href=\"http:\/\/neoqi.com\/et\/how-it-works\/functions\/music-therapy\/\">muusikateraapia<\/a>.\u00a0<em>\u00a0<\/em><em>\u00a0<\/em><em>\u00a0<\/em><\/td>\n<\/tr>\n<\/tbody>\n<\/table>","protected":false},"excerpt":{"rendered":"<p>Steam\u00a0Ensures an effective detox (excretion of waste products, toxicants and ballast substances from the body), increases biochemical processes in tissues, removes impurities and at the same time promotes skin texture, elasticity and tone, increases receptiveness to remineralizing therapies and the effects of active products. Read more about\u00a0steam sauna. Infrared\u00a0More efficient and deeper heating of tissues [&hellip;]<\/p>\n","protected":false},"author":1,"featured_media":0,"parent":1953,"menu_order":0,"comment_status":"closed","ping_status":"closed","template":"","meta":{"_acf_changed":false,"site-sidebar-layout":"default","site-content-layout":"","ast-site-content-layout":"default","site-content-style":"default","site-sidebar-style":"default","ast-global-header-display":"","ast-banner-title-visibility":"","ast-main-header-display":"","ast-hfb-above-header-display":"","ast-hfb-below-header-display":"","ast-hfb-mobile-header-display":"","site-post-title":"","ast-breadcrumbs-content":"","ast-featured-img":"","footer-sml-layout":"","ast-disable-related-posts":"","theme-transparent-header-meta":"default","adv-header-id-meta":"","stick-header-meta":"","header-above-stick-meta":"","header-main-stick-meta":"","header-below-stick-meta":"","astra-migrate-meta-layouts":"set","ast-page-background-enabled":"default","ast-page-background-meta":{"desktop":{"background-color":"var(--ast-global-color-4)","background-image":"","background-repeat":"repeat","background-position":"center center","background-size":"auto","background-attachment":"scroll","background-type":"","background-media":"","overlay-type":"","overlay-color":"","overlay-opacity":"","overlay-gradient":""},"tablet":{"background-color":"","background-image":"","background-repeat":"repeat","background-position":"center center","background-size":"auto","background-attachment":"scroll","background-type":"","background-media":"","overlay-type":"","overlay-color":"","overlay-opacity":"","overlay-gradient":""},"mobile":{"background-color":"","background-image":"","background-repeat":"repeat","background-position":"center center","background-size":"auto","background-attachment":"scroll","background-type":"","background-media":"","overlay-type":"","overlay-color":"","overlay-opacity":"","overlay-gradient":""}},"ast-content-background-meta":{"desktop":{"background-color":"var(--ast-global-color-5)","background-image":"","background-repeat":"repeat","background-position":"center center","background-size":"auto","background-attachment":"scroll","background-type":"","background-media":"","overlay-type":"","overlay-color":"","overlay-opacity":"","overlay-gradient":""},"tablet":{"background-color":"var(--ast-global-color-5)","background-image":"","background-repeat":"repeat","background-position":"center center","background-size":"auto","background-attachment":"scroll","background-type":"","background-media":"","overlay-type":"","overlay-color":"","overlay-opacity":"","overlay-gradient":""},"mobile":{"background-color":"var(--ast-global-color-5)","background-image":"","background-repeat":"repeat","background-position":"center center","background-size":"auto","background-attachment":"scroll","background-type":"","background-media":"","overlay-type":"","overlay-color":"","overlay-opacity":"","overlay-gradient":""}},"footnotes":""},"class_list":["post-1965","page","type-page","status-publish","hentry"],"acf":[],"yoast_head":"<!-- This site is optimized with the Yoast SEO plugin v27.4 - https:\/\/yoast.com\/product\/yoast-seo-wordpress\/ -->\n<title>Functions - NEOQI<\/title>\n<meta name=\"robots\" content=\"index, follow, max-snippet:-1, max-image-preview:large, max-video-preview:-1\" \/>\n<link rel=\"canonical\" href=\"https:\/\/neoqi.com\/et\/how-it-works\/functions\/\" \/>\n<meta property=\"og:locale\" content=\"et_EE\" \/>\n<meta property=\"og:type\" content=\"article\" \/>\n<meta property=\"og:title\" content=\"Functions - NEOQI\" \/>\n<meta property=\"og:description\" content=\"Steam\u00a0Ensures an effective detox (excretion of waste products, toxicants and ballast substances from the body), increases biochemical processes in tissues, removes impurities and at the same time promotes skin texture, elasticity and tone, increases receptiveness to remineralizing therapies and the effects of active products. Read more about\u00a0steam sauna. Infrared\u00a0More efficient and deeper heating of tissues [&hellip;]\" \/>\n<meta property=\"og:url\" content=\"https:\/\/neoqi.com\/et\/how-it-works\/functions\/\" \/>\n<meta property=\"og:site_name\" content=\"NEOQI\" \/>\n<meta property=\"article:publisher\" content=\"https:\/\/www.facebook.com\/neoqi\/\" \/>\n<meta property=\"article:modified_time\" content=\"2024-09-07T10:06:41+00:00\" \/>\n<meta property=\"og:image\" content=\"http:\/\/neoqi.com\/wp-content\/uploads\/2015\/03\/Steam.png\" \/>\n<meta name=\"twitter:card\" content=\"summary_large_image\" \/>\n<meta name=\"twitter:label1\" content=\"Est. reading time\" \/>\n\t<meta name=\"twitter:data1\" content=\"2 minutit\" \/>\n<script type=\"application\/ld+json\" class=\"yoast-schema-graph\">{\"@context\":\"https:\\\/\\\/schema.org\",\"@graph\":[{\"@type\":\"WebPage\",\"@id\":\"https:\\\/\\\/neoqi.com\\\/ru\\\/how-it-works\\\/functions\\\/\",\"url\":\"https:\\\/\\\/neoqi.com\\\/ru\\\/how-it-works\\\/functions\\\/\",\"name\":\"Functions - NEOQI\",\"isPartOf\":{\"@id\":\"https:\\\/\\\/neoqi.com\\\/#website\"},\"primaryImageOfPage\":{\"@id\":\"https:\\\/\\\/neoqi.com\\\/ru\\\/how-it-works\\\/functions\\\/#primaryimage\"},\"image\":{\"@id\":\"https:\\\/\\\/neoqi.com\\\/ru\\\/how-it-works\\\/functions\\\/#primaryimage\"},\"thumbnailUrl\":\"http:\\\/\\\/neoqi.com\\\/wp-content\\\/uploads\\\/2015\\\/03\\\/Steam.png\",\"datePublished\":\"2024-09-06T17:38:58+00:00\",\"dateModified\":\"2024-09-07T10:06:41+00:00\",\"breadcrumb\":{\"@id\":\"https:\\\/\\\/neoqi.com\\\/ru\\\/how-it-works\\\/functions\\\/#breadcrumb\"},\"inLanguage\":\"et\",\"potentialAction\":[{\"@type\":\"ReadAction\",\"target\":[\"https:\\\/\\\/neoqi.com\\\/ru\\\/how-it-works\\\/functions\\\/\"]}]},{\"@type\":\"ImageObject\",\"inLanguage\":\"et\",\"@id\":\"https:\\\/\\\/neoqi.com\\\/ru\\\/how-it-works\\\/functions\\\/#primaryimage\",\"url\":\"http:\\\/\\\/neoqi.com\\\/wp-content\\\/uploads\\\/2015\\\/03\\\/Steam.png\",\"contentUrl\":\"http:\\\/\\\/neoqi.com\\\/wp-content\\\/uploads\\\/2015\\\/03\\\/Steam.png\"},{\"@type\":\"BreadcrumbList\",\"@id\":\"https:\\\/\\\/neoqi.com\\\/ru\\\/how-it-works\\\/functions\\\/#breadcrumb\",\"itemListElement\":[{\"@type\":\"ListItem\",\"position\":1,\"name\":\"Home\",\"item\":\"https:\\\/\\\/neoqi.com\\\/\"},{\"@type\":\"ListItem\",\"position\":2,\"name\":\"How it Works\",\"item\":\"https:\\\/\\\/neoqi.com\\\/ru\\\/how-it-works\\\/\"},{\"@type\":\"ListItem\",\"position\":3,\"name\":\"Functions\"}]},{\"@type\":\"WebSite\",\"@id\":\"https:\\\/\\\/neoqi.com\\\/#website\",\"url\":\"https:\\\/\\\/neoqi.com\\\/\",\"name\":\"NEOQI\",\"description\":\"Experience Ultimate Wellness and Relaxation with NeoQi Spa Capsule: Your Path to Rejuvenation\",\"publisher\":{\"@id\":\"https:\\\/\\\/neoqi.com\\\/#organization\"},\"potentialAction\":[{\"@type\":\"SearchAction\",\"target\":{\"@type\":\"EntryPoint\",\"urlTemplate\":\"https:\\\/\\\/neoqi.com\\\/?s={search_term_string}\"},\"query-input\":{\"@type\":\"PropertyValueSpecification\",\"valueRequired\":true,\"valueName\":\"search_term_string\"}}],\"inLanguage\":\"et\"},{\"@type\":\"Organization\",\"@id\":\"https:\\\/\\\/neoqi.com\\\/#organization\",\"name\":\"NEOQI\",\"url\":\"https:\\\/\\\/neoqi.com\\\/\",\"logo\":{\"@type\":\"ImageObject\",\"inLanguage\":\"et\",\"@id\":\"https:\\\/\\\/neoqi.com\\\/#\\\/schema\\\/logo\\\/image\\\/\",\"url\":\"https:\\\/\\\/neoqi.com\\\/wp-content\\\/uploads\\\/2024\\\/09\\\/logoneosvg.svg\",\"contentUrl\":\"https:\\\/\\\/neoqi.com\\\/wp-content\\\/uploads\\\/2024\\\/09\\\/logoneosvg.svg\",\"width\":1,\"height\":1,\"caption\":\"NEOQI\"},\"image\":{\"@id\":\"https:\\\/\\\/neoqi.com\\\/#\\\/schema\\\/logo\\\/image\\\/\"},\"sameAs\":[\"https:\\\/\\\/www.facebook.com\\\/neoqi\\\/\",\"https:\\\/\\\/www.instagram.com\\\/neoqi_com\\\/\"]}]}<\/script>\n<!-- \/ Yoast SEO plugin. -->","yoast_head_json":{"title":"Functions - NEOQI","robots":{"index":"index","follow":"follow","max-snippet":"max-snippet:-1","max-image-preview":"max-image-preview:large","max-video-preview":"max-video-preview:-1"},"canonical":"https:\/\/neoqi.com\/et\/how-it-works\/functions\/","og_locale":"et_EE","og_type":"article","og_title":"Functions - NEOQI","og_description":"Steam\u00a0Ensures an effective detox (excretion of waste products, toxicants and ballast substances from the body), increases biochemical processes in tissues, removes impurities and at the same time promotes skin texture, elasticity and tone, increases receptiveness to remineralizing therapies and the effects of active products. Read more about\u00a0steam sauna. Infrared\u00a0More efficient and deeper heating of tissues [&hellip;]","og_url":"https:\/\/neoqi.com\/et\/how-it-works\/functions\/","og_site_name":"NEOQI","article_publisher":"https:\/\/www.facebook.com\/neoqi\/","article_modified_time":"2024-09-07T10:06:41+00:00","og_image":[{"url":"http:\/\/neoqi.com\/wp-content\/uploads\/2015\/03\/Steam.png","type":"","width":"","height":""}],"twitter_card":"summary_large_image","twitter_misc":{"Est. reading time":"2 minutit"},"schema":{"@context":"https:\/\/schema.org","@graph":[{"@type":"WebPage","@id":"https:\/\/neoqi.com\/ru\/how-it-works\/functions\/","url":"https:\/\/neoqi.com\/ru\/how-it-works\/functions\/","name":"Functions - NEOQI","isPartOf":{"@id":"https:\/\/neoqi.com\/#website"},"primaryImageOfPage":{"@id":"https:\/\/neoqi.com\/ru\/how-it-works\/functions\/#primaryimage"},"image":{"@id":"https:\/\/neoqi.com\/ru\/how-it-works\/functions\/#primaryimage"},"thumbnailUrl":"http:\/\/neoqi.com\/wp-content\/uploads\/2015\/03\/Steam.png","datePublished":"2024-09-06T17:38:58+00:00","dateModified":"2024-09-07T10:06:41+00:00","breadcrumb":{"@id":"https:\/\/neoqi.com\/ru\/how-it-works\/functions\/#breadcrumb"},"inLanguage":"et","potentialAction":[{"@type":"ReadAction","target":["https:\/\/neoqi.com\/ru\/how-it-works\/functions\/"]}]},{"@type":"ImageObject","inLanguage":"et","@id":"https:\/\/neoqi.com\/ru\/how-it-works\/functions\/#primaryimage","url":"http:\/\/neoqi.com\/wp-content\/uploads\/2015\/03\/Steam.png","contentUrl":"http:\/\/neoqi.com\/wp-content\/uploads\/2015\/03\/Steam.png"},{"@type":"BreadcrumbList","@id":"https:\/\/neoqi.com\/ru\/how-it-works\/functions\/#breadcrumb","itemListElement":[{"@type":"ListItem","position":1,"name":"Home","item":"https:\/\/neoqi.com\/"},{"@type":"ListItem","position":2,"name":"How it Works","item":"https:\/\/neoqi.com\/ru\/how-it-works\/"},{"@type":"ListItem","position":3,"name":"Functions"}]},{"@type":"WebSite","@id":"https:\/\/neoqi.com\/#website","url":"https:\/\/neoqi.com\/","name":"NEOQI","description":"Kogege \u00fclimat heaolu ja l\u00f5\u00f5gastust NeoQi Spa kapsliga: Teie tee noorendamiseni","publisher":{"@id":"https:\/\/neoqi.com\/#organization"},"potentialAction":[{"@type":"SearchAction","target":{"@type":"EntryPoint","urlTemplate":"https:\/\/neoqi.com\/?s={search_term_string}"},"query-input":{"@type":"PropertyValueSpecification","valueRequired":true,"valueName":"search_term_string"}}],"inLanguage":"et"},{"@type":"Organization","@id":"https:\/\/neoqi.com\/#organization","name":"NEOQI","url":"https:\/\/neoqi.com\/","logo":{"@type":"ImageObject","inLanguage":"et","@id":"https:\/\/neoqi.com\/#\/schema\/logo\/image\/","url":"https:\/\/neoqi.com\/wp-content\/uploads\/2024\/09\/logoneosvg.svg","contentUrl":"https:\/\/neoqi.com\/wp-content\/uploads\/2024\/09\/logoneosvg.svg","width":1,"height":1,"caption":"NEOQI"},"image":{"@id":"https:\/\/neoqi.com\/#\/schema\/logo\/image\/"},"sameAs":["https:\/\/www.facebook.com\/neoqi\/","https:\/\/www.instagram.com\/neoqi_com\/"]}]}},"_links":{"self":[{"href":"https:\/\/neoqi.com\/et\/wp-json\/wp\/v2\/pages\/1965","targetHints":{"allow":["GET"]}}],"collection":[{"href":"https:\/\/neoqi.com\/et\/wp-json\/wp\/v2\/pages"}],"about":[{"href":"https:\/\/neoqi.com\/et\/wp-json\/wp\/v2\/types\/page"}],"author":[{"embeddable":true,"href":"https:\/\/neoqi.com\/et\/wp-json\/wp\/v2\/users\/1"}],"replies":[{"embeddable":true,"href":"https:\/\/neoqi.com\/et\/wp-json\/wp\/v2\/comments?post=1965"}],"version-history":[{"count":1,"href":"https:\/\/neoqi.com\/et\/wp-json\/wp\/v2\/pages\/1965\/revisions"}],"predecessor-version":[{"id":1966,"href":"https:\/\/neoqi.com\/et\/wp-json\/wp\/v2\/pages\/1965\/revisions\/1966"}],"up":[{"embeddable":true,"href":"https:\/\/neoqi.com\/et\/wp-json\/wp\/v2\/pages\/1953"}],"wp:attachment":[{"href":"https:\/\/neoqi.com\/et\/wp-json\/wp\/v2\/media?parent=1965"}],"curies":[{"name":"wp","href":"https:\/\/api.w.org\/{rel}","templated":true}]}}