{"id":1979,"date":"2024-09-06T20:52:37","date_gmt":"2024-09-06T17:52:37","guid":{"rendered":"http:\/\/neoqi.com\/?page_id=1979"},"modified":"2024-09-06T20:52:37","modified_gmt":"2024-09-06T17:52:37","slug":"infrared-sauna","status":"publish","type":"page","link":"https:\/\/neoqi.com\/et\/how-it-works\/functions\/infrared-sauna\/","title":{"rendered":"Infrapunasaun"},"content":{"rendered":"<p>Infrapunakiirgus (IR) t\u00e4histab energiat elektromagnetilise kiirgusspektri piirkonnas, mille lainepikkus on pikem kui n\u00e4htaval valgusel, kuid l\u00fchem kui raadiolainetel. Inimese silmale n\u00e4htamatu infrapunakiirguse soojusenergia on v\u00e4ga tugev ja tungib kudedesse 3-7 sentimeetri s\u00fcgavusele. Infrapunakiirguse neeldumisest tulenev temperatuuri t\u00f5us koes p\u00f5hjustab kohaliku (h\u00fcpertermia, suurenenud veresoonte l\u00e4bilaskvus) ja \u00fcldise iseloomuga reaktsioone (ainevahetuse intensiivistumine, termoregulatsioon jne).<\/p>\n<p>Kaasaegsed biotehnoloogilised uuringud on n\u00e4idanud, et infrapunakiirgusel on \u00fclimalt suur t\u00e4htsus k\u00f5igi eluvormide arengus Maal, mist\u00f5ttu seda nimetatakse biogeneetilisteks kiirteks v\u00f5i eluradadadeks.<\/p>\n<p>Infrapunakiirgusel on valuvaigistav toime, see kiirendab gripipatsientide paranemisprotsessi ja v\u00f5ib toimida k\u00fclmetushaiguste ennetusmeetmena. Infrapunakiirgusel on terapeutiline toime luu- ja lihaskonna haiguste ravimisel (p\u00f5letikuvastane ja valuvaigistav toime lihastele, liigestele, sidemetele ja k\u00f5\u00f5lustele), see annab s\u00fcgava, ohutu ja sooja revitaliseerimise k\u00f5ikidele organitele ja kudedele, parandab ainevahetust ja stimuleerib sisesekretsioonin\u00e4\u00e4rmeid, soodustab paranemist ja aitab v\u00f5idelda \u00fclekaalulisuse vastu.<\/p>","protected":false},"excerpt":{"rendered":"<p>Infrared radiation (IR) refers to energy in the region of the electromagnetic radiation spectrum at wavelengths longer than those of visible light, but shorter than those of radio waves. Invisible to the human eye, infrared radiation has a very strong thermal energy that penetrates the tissues to a depth of 3-7 centimeters. An increase in [&hellip;]<\/p>\n","protected":false},"author":3,"featured_media":0,"parent":1965,"menu_order":0,"comment_status":"closed","ping_status":"closed","template":"","meta":{"_acf_changed":false,"site-sidebar-layout":"default","site-content-layout":"","ast-site-content-layout":"default","site-content-style":"default","site-sidebar-style":"default","ast-global-header-display":"","ast-banner-title-visibility":"","ast-main-header-display":"","ast-hfb-above-header-display":"","ast-hfb-below-header-display":"","ast-hfb-mobile-header-display":"","site-post-title":"","ast-breadcrumbs-content":"","ast-featured-img":"","footer-sml-layout":"","ast-disable-related-posts":"","theme-transparent-header-meta":"default","adv-header-id-meta":"","stick-header-meta":"","header-above-stick-meta":"","header-main-stick-meta":"","header-below-stick-meta":"","astra-migrate-meta-layouts":"set","ast-page-background-enabled":"default","ast-page-background-meta":{"desktop":{"background-color":"var(--ast-global-color-4)","background-image":"","background-repeat":"repeat","background-position":"center center","background-size":"auto","background-attachment":"scroll","background-type":"","background-media":"","overlay-type":"","overlay-color":"","overlay-opacity":"","overlay-gradient":""},"tablet":{"background-color":"","background-image":"","background-repeat":"repeat","background-position":"center center","background-size":"auto","background-attachment":"scroll","background-type":"","background-media":"","overlay-type":"","overlay-color":"","overlay-opacity":"","overlay-gradient":""},"mobile":{"background-color":"","background-image":"","background-repeat":"repeat","background-position":"center center","background-size":"auto","background-attachment":"scroll","background-type":"","background-media":"","overlay-type":"","overlay-color":"","overlay-opacity":"","overlay-gradient":""}},"ast-content-background-meta":{"desktop":{"background-color":"var(--ast-global-color-5)","background-image":"","background-repeat":"repeat","background-position":"center center","background-size":"auto","background-attachment":"scroll","background-type":"","background-media":"","overlay-type":"","overlay-color":"","overlay-opacity":"","overlay-gradient":""},"tablet":{"background-color":"var(--ast-global-color-5)","background-image":"","background-repeat":"repeat","background-position":"center center","background-size":"auto","background-attachment":"scroll","background-type":"","background-media":"","overlay-type":"","overlay-color":"","overlay-opacity":"","overlay-gradient":""},"mobile":{"background-color":"var(--ast-global-color-5)","background-image":"","background-repeat":"repeat","background-position":"center center","background-size":"auto","background-attachment":"scroll","background-type":"","background-media":"","overlay-type":"","overlay-color":"","overlay-opacity":"","overlay-gradient":""}},"footnotes":""},"class_list":["post-1979","page","type-page","status-publish","hentry"],"acf":[],"yoast_head":"<!-- This site is optimized with the Yoast SEO plugin v27.4 - https:\/\/yoast.com\/product\/yoast-seo-wordpress\/ -->\n<title>Infrared Sauna - NEOQI<\/title>\n<meta name=\"robots\" content=\"index, follow, max-snippet:-1, max-image-preview:large, max-video-preview:-1\" \/>\n<link rel=\"canonical\" href=\"https:\/\/neoqi.com\/et\/how-it-works\/functions\/infrared-sauna\/\" \/>\n<meta property=\"og:locale\" content=\"et_EE\" \/>\n<meta property=\"og:type\" content=\"article\" \/>\n<meta property=\"og:title\" content=\"Infrared Sauna - NEOQI\" \/>\n<meta property=\"og:description\" content=\"Infrared radiation (IR) refers to energy in the region of the electromagnetic radiation spectrum at wavelengths longer than those of visible light, but shorter than those of radio waves. Invisible to the human eye, infrared radiation has a very strong thermal energy that penetrates the tissues to a depth of 3-7 centimeters. An increase in [&hellip;]\" \/>\n<meta property=\"og:url\" content=\"https:\/\/neoqi.com\/et\/how-it-works\/functions\/infrared-sauna\/\" \/>\n<meta property=\"og:site_name\" content=\"NEOQI\" \/>\n<meta property=\"article:publisher\" content=\"https:\/\/www.facebook.com\/neoqi\/\" \/>\n<meta name=\"twitter:card\" content=\"summary_large_image\" \/>\n<meta name=\"twitter:label1\" content=\"Est. reading time\" \/>\n\t<meta name=\"twitter:data1\" content=\"1 minut\" \/>\n<script type=\"application\/ld+json\" class=\"yoast-schema-graph\">{\"@context\":\"https:\\\/\\\/schema.org\",\"@graph\":[{\"@type\":\"WebPage\",\"@id\":\"https:\\\/\\\/neoqi.com\\\/how-it-works\\\/functions\\\/infrared-sauna\\\/\",\"url\":\"https:\\\/\\\/neoqi.com\\\/how-it-works\\\/functions\\\/infrared-sauna\\\/\",\"name\":\"Infrared Sauna - NEOQI\",\"isPartOf\":{\"@id\":\"https:\\\/\\\/neoqi.com\\\/#website\"},\"datePublished\":\"2024-09-06T17:52:37+00:00\",\"breadcrumb\":{\"@id\":\"https:\\\/\\\/neoqi.com\\\/how-it-works\\\/functions\\\/infrared-sauna\\\/#breadcrumb\"},\"inLanguage\":\"et\",\"potentialAction\":[{\"@type\":\"ReadAction\",\"target\":[\"https:\\\/\\\/neoqi.com\\\/how-it-works\\\/functions\\\/infrared-sauna\\\/\"]}]},{\"@type\":\"BreadcrumbList\",\"@id\":\"https:\\\/\\\/neoqi.com\\\/how-it-works\\\/functions\\\/infrared-sauna\\\/#breadcrumb\",\"itemListElement\":[{\"@type\":\"ListItem\",\"position\":1,\"name\":\"Home\",\"item\":\"https:\\\/\\\/neoqi.com\\\/\"},{\"@type\":\"ListItem\",\"position\":2,\"name\":\"How it Works\",\"item\":\"https:\\\/\\\/neoqi.com\\\/ru\\\/how-it-works\\\/\"},{\"@type\":\"ListItem\",\"position\":3,\"name\":\"Functions\",\"item\":\"https:\\\/\\\/neoqi.com\\\/ru\\\/how-it-works\\\/functions\\\/\"},{\"@type\":\"ListItem\",\"position\":4,\"name\":\"Infrared Sauna\"}]},{\"@type\":\"WebSite\",\"@id\":\"https:\\\/\\\/neoqi.com\\\/#website\",\"url\":\"https:\\\/\\\/neoqi.com\\\/\",\"name\":\"NEOQI\",\"description\":\"Experience Ultimate Wellness and Relaxation with NeoQi Spa Capsule: Your Path to Rejuvenation\",\"publisher\":{\"@id\":\"https:\\\/\\\/neoqi.com\\\/#organization\"},\"potentialAction\":[{\"@type\":\"SearchAction\",\"target\":{\"@type\":\"EntryPoint\",\"urlTemplate\":\"https:\\\/\\\/neoqi.com\\\/?s={search_term_string}\"},\"query-input\":{\"@type\":\"PropertyValueSpecification\",\"valueRequired\":true,\"valueName\":\"search_term_string\"}}],\"inLanguage\":\"et\"},{\"@type\":\"Organization\",\"@id\":\"https:\\\/\\\/neoqi.com\\\/#organization\",\"name\":\"NEOQI\",\"url\":\"https:\\\/\\\/neoqi.com\\\/\",\"logo\":{\"@type\":\"ImageObject\",\"inLanguage\":\"et\",\"@id\":\"https:\\\/\\\/neoqi.com\\\/#\\\/schema\\\/logo\\\/image\\\/\",\"url\":\"https:\\\/\\\/neoqi.com\\\/wp-content\\\/uploads\\\/2024\\\/09\\\/logoneosvg.svg\",\"contentUrl\":\"https:\\\/\\\/neoqi.com\\\/wp-content\\\/uploads\\\/2024\\\/09\\\/logoneosvg.svg\",\"width\":1,\"height\":1,\"caption\":\"NEOQI\"},\"image\":{\"@id\":\"https:\\\/\\\/neoqi.com\\\/#\\\/schema\\\/logo\\\/image\\\/\"},\"sameAs\":[\"https:\\\/\\\/www.facebook.com\\\/neoqi\\\/\",\"https:\\\/\\\/www.instagram.com\\\/neoqi_com\\\/\"]}]}<\/script>\n<!-- \/ Yoast SEO plugin. -->","yoast_head_json":{"title":"Infrared Sauna - NEOQI","robots":{"index":"index","follow":"follow","max-snippet":"max-snippet:-1","max-image-preview":"max-image-preview:large","max-video-preview":"max-video-preview:-1"},"canonical":"https:\/\/neoqi.com\/et\/how-it-works\/functions\/infrared-sauna\/","og_locale":"et_EE","og_type":"article","og_title":"Infrared Sauna - NEOQI","og_description":"Infrared radiation (IR) refers to energy in the region of the electromagnetic radiation spectrum at wavelengths longer than those of visible light, but shorter than those of radio waves. Invisible to the human eye, infrared radiation has a very strong thermal energy that penetrates the tissues to a depth of 3-7 centimeters. An increase in [&hellip;]","og_url":"https:\/\/neoqi.com\/et\/how-it-works\/functions\/infrared-sauna\/","og_site_name":"NEOQI","article_publisher":"https:\/\/www.facebook.com\/neoqi\/","twitter_card":"summary_large_image","twitter_misc":{"Est. reading time":"1 minut"},"schema":{"@context":"https:\/\/schema.org","@graph":[{"@type":"WebPage","@id":"https:\/\/neoqi.com\/how-it-works\/functions\/infrared-sauna\/","url":"https:\/\/neoqi.com\/how-it-works\/functions\/infrared-sauna\/","name":"Infrared Sauna - NEOQI","isPartOf":{"@id":"https:\/\/neoqi.com\/#website"},"datePublished":"2024-09-06T17:52:37+00:00","breadcrumb":{"@id":"https:\/\/neoqi.com\/how-it-works\/functions\/infrared-sauna\/#breadcrumb"},"inLanguage":"et","potentialAction":[{"@type":"ReadAction","target":["https:\/\/neoqi.com\/how-it-works\/functions\/infrared-sauna\/"]}]},{"@type":"BreadcrumbList","@id":"https:\/\/neoqi.com\/how-it-works\/functions\/infrared-sauna\/#breadcrumb","itemListElement":[{"@type":"ListItem","position":1,"name":"Home","item":"https:\/\/neoqi.com\/"},{"@type":"ListItem","position":2,"name":"How it Works","item":"https:\/\/neoqi.com\/ru\/how-it-works\/"},{"@type":"ListItem","position":3,"name":"Functions","item":"https:\/\/neoqi.com\/ru\/how-it-works\/functions\/"},{"@type":"ListItem","position":4,"name":"Infrared Sauna"}]},{"@type":"WebSite","@id":"https:\/\/neoqi.com\/#website","url":"https:\/\/neoqi.com\/","name":"NEOQI","description":"Kogege \u00fclimat heaolu ja l\u00f5\u00f5gastust NeoQi Spa kapsliga: Teie tee noorendamiseni","publisher":{"@id":"https:\/\/neoqi.com\/#organization"},"potentialAction":[{"@type":"SearchAction","target":{"@type":"EntryPoint","urlTemplate":"https:\/\/neoqi.com\/?s={search_term_string}"},"query-input":{"@type":"PropertyValueSpecification","valueRequired":true,"valueName":"search_term_string"}}],"inLanguage":"et"},{"@type":"Organization","@id":"https:\/\/neoqi.com\/#organization","name":"NEOQI","url":"https:\/\/neoqi.com\/","logo":{"@type":"ImageObject","inLanguage":"et","@id":"https:\/\/neoqi.com\/#\/schema\/logo\/image\/","url":"https:\/\/neoqi.com\/wp-content\/uploads\/2024\/09\/logoneosvg.svg","contentUrl":"https:\/\/neoqi.com\/wp-content\/uploads\/2024\/09\/logoneosvg.svg","width":1,"height":1,"caption":"NEOQI"},"image":{"@id":"https:\/\/neoqi.com\/#\/schema\/logo\/image\/"},"sameAs":["https:\/\/www.facebook.com\/neoqi\/","https:\/\/www.instagram.com\/neoqi_com\/"]}]}},"_links":{"self":[{"href":"https:\/\/neoqi.com\/et\/wp-json\/wp\/v2\/pages\/1979","targetHints":{"allow":["GET"]}}],"collection":[{"href":"https:\/\/neoqi.com\/et\/wp-json\/wp\/v2\/pages"}],"about":[{"href":"https:\/\/neoqi.com\/et\/wp-json\/wp\/v2\/types\/page"}],"author":[{"embeddable":true,"href":"https:\/\/neoqi.com\/et\/wp-json\/wp\/v2\/users\/3"}],"replies":[{"embeddable":true,"href":"https:\/\/neoqi.com\/et\/wp-json\/wp\/v2\/comments?post=1979"}],"version-history":[{"count":1,"href":"https:\/\/neoqi.com\/et\/wp-json\/wp\/v2\/pages\/1979\/revisions"}],"predecessor-version":[{"id":1980,"href":"https:\/\/neoqi.com\/et\/wp-json\/wp\/v2\/pages\/1979\/revisions\/1980"}],"up":[{"embeddable":true,"href":"https:\/\/neoqi.com\/et\/wp-json\/wp\/v2\/pages\/1965"}],"wp:attachment":[{"href":"https:\/\/neoqi.com\/et\/wp-json\/wp\/v2\/media?parent=1979"}],"curies":[{"name":"wp","href":"https:\/\/api.w.org\/{rel}","templated":true}]}}