{"id":1981,"date":"2024-09-06T20:52:59","date_gmt":"2024-09-06T17:52:59","guid":{"rendered":"http:\/\/neoqi.com\/?page_id=1981"},"modified":"2024-09-07T13:06:41","modified_gmt":"2024-09-07T10:06:41","slug":"aromatherapy","status":"publish","type":"page","link":"https:\/\/neoqi.com\/et\/how-it-works\/functions\/aromatherapy\/","title":{"rendered":"Aroomiteraapia"},"content":{"rendered":"<p>Aroomiteraapia soodustab keha tervendamist ja heaolu parandamist 100% taimedest ja ravimtaimedest saadud puhaste ja looduslike eeterlike \u00f5lide kasutamise abil.<\/p>\n<p>Aroomiteraapia m\u00f5jutab keha kahel viisil:<\/p>\n<p>l\u00f5hnataju kaudu (aroomide sissehingamine \u00e4ratab aju h\u00fcpotalamuse retseptoripiirkondi, mis kontrollivad inimese emotsionaalset sf\u00e4\u00e4ri);<br \/>\npenetratsiooni kaudu (aroomi\u00f5lide aktiivsed komponendid sisenevad p\u00e4rast transdermaalse barj\u00e4\u00e4ri l\u00e4bimist vereringesse ja avaldavad immuuns\u00fcsteemi stimuleerivat m\u00f5ju).<br \/>\nEeterlike \u00f5lide spetsiifiliste koostiste kasutamine v\u00f5ib v\u00e4hendada s\u00f6\u00f6giisu, leevendada stressi ja v\u00e4simuse s\u00fcmptomeid, parandada naha seisundit (suurendada selle toonust ja elastsust, leevendada aknest tulenevat p\u00f5letikku, stimuleerida oma struktuursete valkude tootmist jne).<\/p>\n<p>Eeterlikud \u00f5lid valatakse aroomidosaatorisse ja aktiveeruvad, kui aurusauna funktsioon on sisse l\u00fclitatud, \u00fcmbritsedes keha l\u00f5hnava aurupilvega.<\/p>","protected":false},"excerpt":{"rendered":"<p>Aromatherapy promotes the healing of the body and the improvement of the wellbeing through the use of 100% pure and natural essential oils derived from plants and herbs. Aromatherapy affects the body in two ways: through the sense of smell (inhaling aromas, arouses the brain receptor areas of the hypothalamus, which control the emotional sphere [&hellip;]<\/p>\n","protected":false},"author":1,"featured_media":0,"parent":1965,"menu_order":0,"comment_status":"closed","ping_status":"closed","template":"","meta":{"_acf_changed":false,"site-sidebar-layout":"default","site-content-layout":"","ast-site-content-layout":"default","site-content-style":"default","site-sidebar-style":"default","ast-global-header-display":"","ast-banner-title-visibility":"","ast-main-header-display":"","ast-hfb-above-header-display":"","ast-hfb-below-header-display":"","ast-hfb-mobile-header-display":"","site-post-title":"","ast-breadcrumbs-content":"","ast-featured-img":"","footer-sml-layout":"","ast-disable-related-posts":"","theme-transparent-header-meta":"default","adv-header-id-meta":"","stick-header-meta":"","header-above-stick-meta":"","header-main-stick-meta":"","header-below-stick-meta":"","astra-migrate-meta-layouts":"set","ast-page-background-enabled":"default","ast-page-background-meta":{"desktop":{"background-color":"var(--ast-global-color-4)","background-image":"","background-repeat":"repeat","background-position":"center center","background-size":"auto","background-attachment":"scroll","background-type":"","background-media":"","overlay-type":"","overlay-color":"","overlay-opacity":"","overlay-gradient":""},"tablet":{"background-color":"","background-image":"","background-repeat":"repeat","background-position":"center center","background-size":"auto","background-attachment":"scroll","background-type":"","background-media":"","overlay-type":"","overlay-color":"","overlay-opacity":"","overlay-gradient":""},"mobile":{"background-color":"","background-image":"","background-repeat":"repeat","background-position":"center center","background-size":"auto","background-attachment":"scroll","background-type":"","background-media":"","overlay-type":"","overlay-color":"","overlay-opacity":"","overlay-gradient":""}},"ast-content-background-meta":{"desktop":{"background-color":"var(--ast-global-color-5)","background-image":"","background-repeat":"repeat","background-position":"center center","background-size":"auto","background-attachment":"scroll","background-type":"","background-media":"","overlay-type":"","overlay-color":"","overlay-opacity":"","overlay-gradient":""},"tablet":{"background-color":"var(--ast-global-color-5)","background-image":"","background-repeat":"repeat","background-position":"center center","background-size":"auto","background-attachment":"scroll","background-type":"","background-media":"","overlay-type":"","overlay-color":"","overlay-opacity":"","overlay-gradient":""},"mobile":{"background-color":"var(--ast-global-color-5)","background-image":"","background-repeat":"repeat","background-position":"center center","background-size":"auto","background-attachment":"scroll","background-type":"","background-media":"","overlay-type":"","overlay-color":"","overlay-opacity":"","overlay-gradient":""}},"footnotes":""},"class_list":["post-1981","page","type-page","status-publish","hentry"],"acf":[],"yoast_head":"<!-- This site is optimized with the Yoast SEO plugin v27.4 - https:\/\/yoast.com\/product\/yoast-seo-wordpress\/ -->\n<title>Aromatherapy - NEOQI<\/title>\n<meta name=\"robots\" content=\"index, follow, max-snippet:-1, max-image-preview:large, max-video-preview:-1\" \/>\n<link rel=\"canonical\" href=\"https:\/\/neoqi.com\/et\/how-it-works\/functions\/aromatherapy\/\" \/>\n<meta property=\"og:locale\" content=\"et_EE\" \/>\n<meta property=\"og:type\" content=\"article\" \/>\n<meta property=\"og:title\" content=\"Aromatherapy - NEOQI\" \/>\n<meta property=\"og:description\" content=\"Aromatherapy promotes the healing of the body and the improvement of the wellbeing through the use of 100% pure and natural essential oils derived from plants and herbs. Aromatherapy affects the body in two ways: through the sense of smell (inhaling aromas, arouses the brain receptor areas of the hypothalamus, which control the emotional sphere [&hellip;]\" \/>\n<meta property=\"og:url\" content=\"https:\/\/neoqi.com\/et\/how-it-works\/functions\/aromatherapy\/\" \/>\n<meta property=\"og:site_name\" content=\"NEOQI\" \/>\n<meta property=\"article:publisher\" content=\"https:\/\/www.facebook.com\/neoqi\/\" \/>\n<meta property=\"article:modified_time\" content=\"2024-09-07T10:06:41+00:00\" \/>\n<meta name=\"twitter:card\" content=\"summary_large_image\" \/>\n<meta name=\"twitter:label1\" content=\"Est. reading time\" \/>\n\t<meta name=\"twitter:data1\" content=\"1 minut\" \/>\n<script type=\"application\/ld+json\" class=\"yoast-schema-graph\">{\"@context\":\"https:\\\/\\\/schema.org\",\"@graph\":[{\"@type\":\"WebPage\",\"@id\":\"https:\\\/\\\/neoqi.com\\\/pl\\\/how-it-works\\\/functions\\\/aromatherapy\\\/\",\"url\":\"https:\\\/\\\/neoqi.com\\\/pl\\\/how-it-works\\\/functions\\\/aromatherapy\\\/\",\"name\":\"Aromatherapy - NEOQI\",\"isPartOf\":{\"@id\":\"https:\\\/\\\/neoqi.com\\\/#website\"},\"datePublished\":\"2024-09-06T17:52:59+00:00\",\"dateModified\":\"2024-09-07T10:06:41+00:00\",\"breadcrumb\":{\"@id\":\"https:\\\/\\\/neoqi.com\\\/pl\\\/how-it-works\\\/functions\\\/aromatherapy\\\/#breadcrumb\"},\"inLanguage\":\"et\",\"potentialAction\":[{\"@type\":\"ReadAction\",\"target\":[\"https:\\\/\\\/neoqi.com\\\/pl\\\/how-it-works\\\/functions\\\/aromatherapy\\\/\"]}]},{\"@type\":\"BreadcrumbList\",\"@id\":\"https:\\\/\\\/neoqi.com\\\/pl\\\/how-it-works\\\/functions\\\/aromatherapy\\\/#breadcrumb\",\"itemListElement\":[{\"@type\":\"ListItem\",\"position\":1,\"name\":\"Home\",\"item\":\"https:\\\/\\\/neoqi.com\\\/\"},{\"@type\":\"ListItem\",\"position\":2,\"name\":\"How it Works\",\"item\":\"https:\\\/\\\/neoqi.com\\\/ru\\\/how-it-works\\\/\"},{\"@type\":\"ListItem\",\"position\":3,\"name\":\"Functions\",\"item\":\"https:\\\/\\\/neoqi.com\\\/ru\\\/how-it-works\\\/functions\\\/\"},{\"@type\":\"ListItem\",\"position\":4,\"name\":\"Aromatherapy\"}]},{\"@type\":\"WebSite\",\"@id\":\"https:\\\/\\\/neoqi.com\\\/#website\",\"url\":\"https:\\\/\\\/neoqi.com\\\/\",\"name\":\"NEOQI\",\"description\":\"Experience Ultimate Wellness and Relaxation with NeoQi Spa Capsule: Your Path to Rejuvenation\",\"publisher\":{\"@id\":\"https:\\\/\\\/neoqi.com\\\/#organization\"},\"potentialAction\":[{\"@type\":\"SearchAction\",\"target\":{\"@type\":\"EntryPoint\",\"urlTemplate\":\"https:\\\/\\\/neoqi.com\\\/?s={search_term_string}\"},\"query-input\":{\"@type\":\"PropertyValueSpecification\",\"valueRequired\":true,\"valueName\":\"search_term_string\"}}],\"inLanguage\":\"et\"},{\"@type\":\"Organization\",\"@id\":\"https:\\\/\\\/neoqi.com\\\/#organization\",\"name\":\"NEOQI\",\"url\":\"https:\\\/\\\/neoqi.com\\\/\",\"logo\":{\"@type\":\"ImageObject\",\"inLanguage\":\"et\",\"@id\":\"https:\\\/\\\/neoqi.com\\\/#\\\/schema\\\/logo\\\/image\\\/\",\"url\":\"https:\\\/\\\/neoqi.com\\\/wp-content\\\/uploads\\\/2024\\\/09\\\/logoneosvg.svg\",\"contentUrl\":\"https:\\\/\\\/neoqi.com\\\/wp-content\\\/uploads\\\/2024\\\/09\\\/logoneosvg.svg\",\"width\":1,\"height\":1,\"caption\":\"NEOQI\"},\"image\":{\"@id\":\"https:\\\/\\\/neoqi.com\\\/#\\\/schema\\\/logo\\\/image\\\/\"},\"sameAs\":[\"https:\\\/\\\/www.facebook.com\\\/neoqi\\\/\",\"https:\\\/\\\/www.instagram.com\\\/neoqi_com\\\/\"]}]}<\/script>\n<!-- \/ Yoast SEO plugin. -->","yoast_head_json":{"title":"Aromatherapy - NEOQI","robots":{"index":"index","follow":"follow","max-snippet":"max-snippet:-1","max-image-preview":"max-image-preview:large","max-video-preview":"max-video-preview:-1"},"canonical":"https:\/\/neoqi.com\/et\/how-it-works\/functions\/aromatherapy\/","og_locale":"et_EE","og_type":"article","og_title":"Aromatherapy - NEOQI","og_description":"Aromatherapy promotes the healing of the body and the improvement of the wellbeing through the use of 100% pure and natural essential oils derived from plants and herbs. Aromatherapy affects the body in two ways: through the sense of smell (inhaling aromas, arouses the brain receptor areas of the hypothalamus, which control the emotional sphere [&hellip;]","og_url":"https:\/\/neoqi.com\/et\/how-it-works\/functions\/aromatherapy\/","og_site_name":"NEOQI","article_publisher":"https:\/\/www.facebook.com\/neoqi\/","article_modified_time":"2024-09-07T10:06:41+00:00","twitter_card":"summary_large_image","twitter_misc":{"Est. reading time":"1 minut"},"schema":{"@context":"https:\/\/schema.org","@graph":[{"@type":"WebPage","@id":"https:\/\/neoqi.com\/pl\/how-it-works\/functions\/aromatherapy\/","url":"https:\/\/neoqi.com\/pl\/how-it-works\/functions\/aromatherapy\/","name":"Aromatherapy - NEOQI","isPartOf":{"@id":"https:\/\/neoqi.com\/#website"},"datePublished":"2024-09-06T17:52:59+00:00","dateModified":"2024-09-07T10:06:41+00:00","breadcrumb":{"@id":"https:\/\/neoqi.com\/pl\/how-it-works\/functions\/aromatherapy\/#breadcrumb"},"inLanguage":"et","potentialAction":[{"@type":"ReadAction","target":["https:\/\/neoqi.com\/pl\/how-it-works\/functions\/aromatherapy\/"]}]},{"@type":"BreadcrumbList","@id":"https:\/\/neoqi.com\/pl\/how-it-works\/functions\/aromatherapy\/#breadcrumb","itemListElement":[{"@type":"ListItem","position":1,"name":"Home","item":"https:\/\/neoqi.com\/"},{"@type":"ListItem","position":2,"name":"How it Works","item":"https:\/\/neoqi.com\/ru\/how-it-works\/"},{"@type":"ListItem","position":3,"name":"Functions","item":"https:\/\/neoqi.com\/ru\/how-it-works\/functions\/"},{"@type":"ListItem","position":4,"name":"Aromatherapy"}]},{"@type":"WebSite","@id":"https:\/\/neoqi.com\/#website","url":"https:\/\/neoqi.com\/","name":"NEOQI","description":"Kogege \u00fclimat heaolu ja l\u00f5\u00f5gastust NeoQi Spa kapsliga: Teie tee noorendamiseni","publisher":{"@id":"https:\/\/neoqi.com\/#organization"},"potentialAction":[{"@type":"SearchAction","target":{"@type":"EntryPoint","urlTemplate":"https:\/\/neoqi.com\/?s={search_term_string}"},"query-input":{"@type":"PropertyValueSpecification","valueRequired":true,"valueName":"search_term_string"}}],"inLanguage":"et"},{"@type":"Organization","@id":"https:\/\/neoqi.com\/#organization","name":"NEOQI","url":"https:\/\/neoqi.com\/","logo":{"@type":"ImageObject","inLanguage":"et","@id":"https:\/\/neoqi.com\/#\/schema\/logo\/image\/","url":"https:\/\/neoqi.com\/wp-content\/uploads\/2024\/09\/logoneosvg.svg","contentUrl":"https:\/\/neoqi.com\/wp-content\/uploads\/2024\/09\/logoneosvg.svg","width":1,"height":1,"caption":"NEOQI"},"image":{"@id":"https:\/\/neoqi.com\/#\/schema\/logo\/image\/"},"sameAs":["https:\/\/www.facebook.com\/neoqi\/","https:\/\/www.instagram.com\/neoqi_com\/"]}]}},"_links":{"self":[{"href":"https:\/\/neoqi.com\/et\/wp-json\/wp\/v2\/pages\/1981","targetHints":{"allow":["GET"]}}],"collection":[{"href":"https:\/\/neoqi.com\/et\/wp-json\/wp\/v2\/pages"}],"about":[{"href":"https:\/\/neoqi.com\/et\/wp-json\/wp\/v2\/types\/page"}],"author":[{"embeddable":true,"href":"https:\/\/neoqi.com\/et\/wp-json\/wp\/v2\/users\/1"}],"replies":[{"embeddable":true,"href":"https:\/\/neoqi.com\/et\/wp-json\/wp\/v2\/comments?post=1981"}],"version-history":[{"count":1,"href":"https:\/\/neoqi.com\/et\/wp-json\/wp\/v2\/pages\/1981\/revisions"}],"predecessor-version":[{"id":1982,"href":"https:\/\/neoqi.com\/et\/wp-json\/wp\/v2\/pages\/1981\/revisions\/1982"}],"up":[{"embeddable":true,"href":"https:\/\/neoqi.com\/et\/wp-json\/wp\/v2\/pages\/1965"}],"wp:attachment":[{"href":"https:\/\/neoqi.com\/et\/wp-json\/wp\/v2\/media?parent=1981"}],"curies":[{"name":"wp","href":"https:\/\/api.w.org\/{rel}","templated":true}]}}